{"id":17441,"date":"2022-03-11T23:50:17","date_gmt":"2022-03-11T21:50:17","guid":{"rendered":"https:\/\/sachviet.eu\/shop\/vietnamese-with-ease-1-hoc-tieng-viet-de-dang-khuyen-mai-giam-gia-dac-biet-4-cuon-dau-tien\/"},"modified":"2022-12-19T18:30:48","modified_gmt":"2022-12-19T16:30:48","slug":"vietnamese-with-ease-1-hoc-tieng-viet-de-dang-khuyen-mai-giam-gia-dac-biet-4-cuon-dau-tien","status":"publish","type":"product","link":"https:\/\/sachviet.eu\/en\/shop\/vietnamese-with-ease-1-hoc-tieng-viet-de-dang-khuyen-mai-giam-gia-dac-biet-4-cuon-dau-tien\/","title":{"rendered":"Vietnamese with Ease 1 &#8211; H\u1ecdc Ti\u1ebfng Vi\u1ec7t d\u1ec5 d\u00e0ng &#8211; Khuy\u1ebfn m\u1ea1i gi\u1ea3m gi\u00e1 \u0111\u1eb7c bi\u1ec7t 4 cu\u1ed1n \u0111\u1ea7u ti\u00ean"},"content":{"rendered":"<p>&#8220;Vietnamese with Ease 1&#8221; (H\u1ecdc ti\u1ebfng Vi\u1ec7t d\u1ec5 d\u00e0ng) do Nh\u00e0 xu\u1ea5t b\u1ea3n \u0110\u1ea1i h\u1ecdc Qu\u1ed1c gia H\u00e0 N\u1ed9i \u1ea5n h\u00e0nh. Cu\u1ed1n s\u00e1ch \u0111\u01b0\u1ee3c bi\u00ean so\u1ea1n d\u00e0nh cho ng\u01b0\u1eddi m\u1edbi b\u1eaft \u0111\u1ea7u h\u1ecdc ti\u1ebfng Vi\u1ec7t, v\u1edbi tinh th\u1ea7n \u0111\u1ec1 cao t\u00ednh thi\u1ebft th\u1ef1c c\u1ee7a m\u1ee5c \u0111\u00edch giao ti\u1ebfp, t\u1eadp trung ch\u1ee7 y\u1ebfu v\u00e0o k\u0129 n\u0103ng nghe n\u00f3i, qua \u0111\u00f3 gi\u00fap ng\u01b0\u1eddi h\u1ecdc ti\u1ebfng Vi\u1ec7t c\u00f3 th\u1ec3 nhanh ch\u00f3ng ph\u00e1t tri\u1ec3n ph\u1ea3n x\u1ea1 giao ti\u1ebfp h\u00e0ng ng\u00e0y v\u00e0 d\u1ec5 d\u00e0ng ho\u00e0 nh\u1eadp v\u1edbi m\u00f4i tr\u01b0\u1eddng n\u00f3i ti\u1ebfng Vi\u1ec7t.<br \/>\n&#8211; C\u1ea5u tr\u00fac s\u00e1ch:<br \/>\nCu\u1ed1n s\u00e1ch \u0111\u01b0\u1ee3c thi\u1ebft k\u1ebf theo c\u1ea5u tr\u00fac r\u00f5 r\u00e0ng, h\u00ecnh \u1ea3nh sinh \u0111\u1ed9ng, gi\u1ea3i th\u00edch ng\u1eafn g\u1ecdn \u0111\u01a1n gi\u1ea3n, gi\u1ea3m thi\u1ec3u vi\u1ec7c s\u1eed d\u1ee5ng ng\u00f4n ng\u1eef th\u1ee9 hai trong qu\u00e1 tr\u00ecnh h\u1ecdc ti\u1ebfng Vi\u1ec7t. M\u1ed7i b\u00e0i h\u1ecdc \u0111\u01b0\u1ee3c chia th\u00e0nh c\u00e1c ph\u1ea7n nh\u01b0 sau:<br \/>\nT\u1eeb v\u1ef1ng<br \/>\nH\u1ed9i tho\u1ea1i v\u00e0 Ng\u1eef ph\u00e1p<br \/>\nB\u00e0i \u0111\u1ecdc<br \/>\nB\u00e0i vi\u1ebft<br \/>\nLuy\u1ec7n ph\u00e1t \u00e2m<br \/>\nY\u1ebfu t\u1ed1 v\u0103n ho\u00e1 (T\u1eeb l\u00f3ng; Tr\u00f2 ch\u01a1i; B\u00e0i h\u00e1t)<br \/>\nT\u1ef1 \u0111\u00e1nh gi\u00e1<br \/>\nTrong \u0111\u00f3, ph\u1ea7n t\u1eeb v\u1ef1ng \u0111\u01b0\u1ee3c gi\u1ea3i th\u00edch ho\u00e0n to\u00e0n b\u1eb1ng h\u00ecnh \u1ea3nh c\u00f9ng v\u1edbi c\u00e1c b\u00e0i th\u1ef1c h\u00e0nh gi\u00fap ng\u01b0\u1eddi h\u1ecdc n\u1eafm ch\u1eafc c\u00e1c t\u1eeb v\u1ef1ng theo ch\u1ee7 \u0111\u1ec1.<br \/>\nB\u1eb1ng c\u00e1ch hi\u1ec3u c\u00e1c t\u00ecnh hu\u1ed1ng h\u1ed9i tho\u1ea1i th\u1ef1c t\u1ebf, vi\u1ec7c h\u1ecdc ng\u1eef ph\u00e1p trong ng\u1eef c\u1ea3nh tr\u1edf n\u00ean th\u00fa v\u1ecb v\u00e0 d\u1ec5 d\u00e0ng h\u01a1n. Ng\u01b0\u1eddi h\u1ecdc c\u0169ng c\u00f3 th\u1ec3 luy\u1ec7n t\u1eadp c\u00e1c c\u1ea5u tr\u00fac ng\u1eef ph\u00e1p th\u00f4ng qua vi\u1ec7c t\u1ea1o c\u00e1c h\u1ed9i tho\u1ea1i ng\u1eafn s\u1eed d\u1ee5ng h\u00ecnh \u1ea3nh c\u1ee7a t\u1eeb v\u1ef1ng \u0111\u01b0\u1ee3c h\u1ecdc tr\u01b0\u1edbc \u0111\u00f3.<br \/>\nPh\u1ea7n b\u00e0i \u0111\u1ecdc gi\u00fap ng\u01b0\u1eddi h\u1ecdc l\u00e0m quen v\u1edbi c\u00e1ch h\u00e0nh v\u0103n c\u1ee7a ng\u01b0\u1eddi Vi\u1ec7t, c\u00e1ch s\u1eed d\u1ee5ng t\u1eeb v\u00e0 c\u1ea5u tr\u00fac ti\u1ebfng Vi\u1ec7t trong c\u00e1c \u0111o\u1ea1n v\u0103n ho\u00e0n ch\u1ec9nh.<br \/>\nTh\u00eam v\u00e0o \u0111\u00f3, vi\u1ec7c th\u1ef1c h\u00e0nh vi\u1ebft c\u0169ng gi\u00fap ng\u01b0\u1eddi h\u1ecdc trau d\u1ed3i k\u0129 n\u0103ng vi\u1ebft ti\u1ebfng Vi\u1ec7t theo ch\u1ee7 \u0111\u1ec1, v\u1eadn d\u1ee5ng c\u00e1c t\u1eeb v\u1ef1ng v\u00e0 c\u1ea5u tr\u00fac ng\u1eef ph\u00e1p \u0111\u00e3 \u0111\u01b0\u1ee3c h\u1ecdc.<br \/>\nPh\u1ea7n luy\u1ec7n ph\u00e1t \u00e2m gi\u00fap ng\u01b0\u1eddi h\u1ecdc c\u1ea3i thi\u1ec7n kh\u1ea3 n\u0103ng ph\u00e1t \u00e2m, ph\u00e2n bi\u1ec7t c\u00e1c \u00e2m t\u01b0\u01a1ng \u0111\u1ed1i gi\u1ed1ng nhau trong ti\u1ebfng Vi\u1ec7t.<br \/>\nB\u00ean c\u1ea1nh \u0111\u00f3, c\u00e1c y\u1ebfu t\u1ed1 v\u0103n ho\u00e1, c\u00e1c th\u00e0nh ng\u1eef th\u00f4ng d\u1ee5ng, c\u00e1c tr\u00f2 ch\u01a1i v\u00e0 b\u00e0i h\u00e1t ti\u1ebfng Vi\u1ec7t c\u0169ng l\u00e0m cho c\u00e1c b\u00e0i h\u1ecdc tr\u1edf n\u00ean th\u00fa v\u1ecb h\u01a1n. Ng\u01b0\u1eddi h\u1ecdc c\u0169ng c\u00f3 th\u1ec3 th\u1ea3o lu\u1eadn, so s\u00e1nh c\u00e1c \u0111\u1eb7c \u0111i\u1ec3m v\u0103n ho\u00e1 c\u1ee7a ng\u01b0\u1eddi Vi\u1ec7t v\u1edbi c\u00e1c n\u1ec1n v\u0103n ho\u00e1 kh\u00e1c tr\u00ean th\u1ebf gi\u1edbi.<\/p>\n","protected":false},"excerpt":{"rendered":"<p>&#8220;Vietnamese with Ease 1&#8221; (H\u1ecdc ti\u1ebfng Vi\u1ec7t d\u1ec5 d\u00e0ng) do Nh\u00e0 xu\u1ea5t b\u1ea3n \u0110\u1ea1i h\u1ecdc Qu\u1ed1c gia H\u00e0 N\u1ed9i \u1ea5n h\u00e0nh. Cu\u1ed1n s\u00e1ch \u0111\u01b0\u1ee3c bi\u00ean so\u1ea1n d\u00e0nh cho ng\u01b0\u1eddi m\u1edbi b\u1eaft \u0111\u1ea7u h\u1ecdc ti\u1ebfng Vi\u1ec7t, v\u1edbi tinh th\u1ea7n \u0111\u1ec1 cao t\u00ednh thi\u1ebft th\u1ef1c c\u1ee7a m\u1ee5c \u0111\u00edch giao ti\u1ebfp, t\u1eadp trung ch\u1ee7 y\u1ebfu v\u00e0o k\u0129 n\u0103ng nghe n\u00f3i, qua \u0111\u00f3 gi\u00fap ng\u01b0\u1eddi h\u1ecdc ti\u1ebfng Vi\u1ec7t c\u00f3 th\u1ec3 nhanh ch\u00f3ng ph\u00e1t tri\u1ec3n ph\u1ea3n x\u1ea1 giao ti\u1ebfp h\u00e0ng ng\u00e0y v\u00e0 d\u1ec5 d\u00e0ng ho\u00e0 nh\u1eadp v\u1edbi m\u00f4i tr\u01b0\u1eddng n\u00f3i ti\u1ebfng Vi\u1ec7t.<br \/>\n&#8211; C\u1ea5u tr\u00fac s\u00e1ch:<br \/>\nCu\u1ed1n s\u00e1ch \u0111\u01b0\u1ee3c thi\u1ebft k\u1ebf theo c\u1ea5u tr\u00fac r\u00f5 r\u00e0ng, h\u00ecnh \u1ea3nh sinh \u0111\u1ed9ng, gi\u1ea3i th\u00edch ng\u1eafn g\u1ecdn \u0111\u01a1n gi\u1ea3n, gi\u1ea3m thi\u1ec3u vi\u1ec7c s\u1eed d\u1ee5ng ng\u00f4n ng\u1eef th\u1ee9 hai trong qu\u00e1 tr\u00ecnh h\u1ecdc ti\u1ebfng Vi\u1ec7t. M\u1ed7i b\u00e0i h\u1ecdc \u0111\u01b0\u1ee3c chia th\u00e0nh c\u00e1c ph\u1ea7n nh\u01b0 sau:<br \/>\nT\u1eeb v\u1ef1ng<br \/>\nH\u1ed9i tho\u1ea1i v\u00e0 Ng\u1eef ph\u00e1p<br \/>\nB\u00e0i \u0111\u1ecdc<br \/>\nB\u00e0i vi\u1ebft<br \/>\nLuy\u1ec7n ph\u00e1t \u00e2m<br \/>\nY\u1ebfu t\u1ed1 v\u0103n ho\u00e1 (T\u1eeb l\u00f3ng; Tr\u00f2 ch\u01a1i; B\u00e0i h\u00e1t)<br \/>\nT\u1ef1 \u0111\u00e1nh gi\u00e1<br \/>\nTrong \u0111\u00f3, ph\u1ea7n t\u1eeb v\u1ef1ng \u0111\u01b0\u1ee3c gi\u1ea3i th\u00edch ho\u00e0n to\u00e0n b\u1eb1ng h\u00ecnh \u1ea3nh c\u00f9ng v\u1edbi c\u00e1c b\u00e0i th\u1ef1c h\u00e0nh gi\u00fap ng\u01b0\u1eddi h\u1ecdc n\u1eafm ch\u1eafc c\u00e1c t\u1eeb v\u1ef1ng theo ch\u1ee7 \u0111\u1ec1.<br \/>\nB\u1eb1ng c\u00e1ch hi\u1ec3u c\u00e1c t\u00ecnh hu\u1ed1ng h\u1ed9i tho\u1ea1i th\u1ef1c t\u1ebf, vi\u1ec7c h\u1ecdc ng\u1eef ph\u00e1p trong ng\u1eef c\u1ea3nh tr\u1edf n\u00ean th\u00fa v\u1ecb v\u00e0 d\u1ec5 d\u00e0ng h\u01a1n. Ng\u01b0\u1eddi h\u1ecdc c\u0169ng c\u00f3 th\u1ec3 luy\u1ec7n t\u1eadp c\u00e1c c\u1ea5u tr\u00fac ng\u1eef ph\u00e1p th\u00f4ng qua vi\u1ec7c t\u1ea1o c\u00e1c h\u1ed9i tho\u1ea1i ng\u1eafn s\u1eed d\u1ee5ng h\u00ecnh \u1ea3nh c\u1ee7a t\u1eeb v\u1ef1ng \u0111\u01b0\u1ee3c h\u1ecdc tr\u01b0\u1edbc \u0111\u00f3.<br \/>\nPh\u1ea7n b\u00e0i \u0111\u1ecdc gi\u00fap ng\u01b0\u1eddi h\u1ecdc l\u00e0m quen v\u1edbi c\u00e1ch h\u00e0nh v\u0103n c\u1ee7a ng\u01b0\u1eddi Vi\u1ec7t, c\u00e1ch s\u1eed d\u1ee5ng t\u1eeb v\u00e0 c\u1ea5u tr\u00fac ti\u1ebfng Vi\u1ec7t trong c\u00e1c \u0111o\u1ea1n v\u0103n ho\u00e0n ch\u1ec9nh.<br \/>\nTh\u00eam v\u00e0o \u0111\u00f3, vi\u1ec7c th\u1ef1c h\u00e0nh vi\u1ebft c\u0169ng gi\u00fap ng\u01b0\u1eddi h\u1ecdc trau d\u1ed3i k\u0129 n\u0103ng vi\u1ebft ti\u1ebfng Vi\u1ec7t theo ch\u1ee7 \u0111\u1ec1, v\u1eadn d\u1ee5ng c\u00e1c t\u1eeb v\u1ef1ng v\u00e0 c\u1ea5u tr\u00fac ng\u1eef ph\u00e1p \u0111\u00e3 \u0111\u01b0\u1ee3c h\u1ecdc.<br \/>\nPh\u1ea7n luy\u1ec7n ph\u00e1t \u00e2m gi\u00fap ng\u01b0\u1eddi h\u1ecdc c\u1ea3i thi\u1ec7n kh\u1ea3 n\u0103ng ph\u00e1t \u00e2m, ph\u00e2n bi\u1ec7t c\u00e1c \u00e2m t\u01b0\u01a1ng \u0111\u1ed1i gi\u1ed1ng nhau trong ti\u1ebfng Vi\u1ec7t.<br \/>\nB\u00ean c\u1ea1nh \u0111\u00f3, c\u00e1c y\u1ebfu t\u1ed1 v\u0103n ho\u00e1, c\u00e1c th\u00e0nh ng\u1eef th\u00f4ng d\u1ee5ng, c\u00e1c tr\u00f2 ch\u01a1i v\u00e0 b\u00e0i h\u00e1t ti\u1ebfng Vi\u1ec7t c\u0169ng l\u00e0m cho c\u00e1c b\u00e0i h\u1ecdc tr\u1edf n\u00ean th\u00fa v\u1ecb h\u01a1n. Ng\u01b0\u1eddi h\u1ecdc c\u0169ng c\u00f3 th\u1ec3 th\u1ea3o lu\u1eadn, so s\u00e1nh c\u00e1c \u0111\u1eb7c \u0111i\u1ec3m v\u0103n ho\u00e1 c\u1ee7a ng\u01b0\u1eddi Vi\u1ec7t v\u1edbi c\u00e1c n\u1ec1n v\u0103n ho\u00e1 kh\u00e1c tr\u00ean th\u1ebf gi\u1edbi.<\/p>\n","protected":false},"featured_media":17454,"template":"","meta":{"_acf_changed":false},"product_brand":[],"product_cat":[20,18],"product_tag":[81],"class_list":{"0":"post-17441","1":"product","2":"type-product","3":"status-publish","4":"has-post-thumbnail","6":"product_cat-be-vua-hoc-vua-choi","7":"product_cat-kinh-te","8":"product_tag-sach-gia-uu-dai","10":"first","11":"outofstock","12":"sale","13":"featured","14":"taxable","15":"shipping-taxable","16":"purchasable","17":"product-type-simple"},"supplier_id":null,"supplier_sku":"","barcode":null,"atum_controlled":true,"out_stock_date":"2022-05-30 15:44:28","out_stock_threshold":null,"inheritable":false,"inbound_stock":0,"stock_on_hold":0,"sold_today":0,"sales_last_days":0,"reserved_stock":0,"customer_returns":0,"warehouse_damage":0,"lost_in_post":0,"other_logs":0,"out_stock_days":1339,"lost_sales":0,"has_location":false,"update_date":"2026-01-28T23:11:00","atum_locations":[],"atum_stock_status":"outofstock","restock_status":false,"low_stock_amount":"","sales_update_date":"2026-01-28T23:11:00","calc_backorders":null,"acf":{"publisher":{"ID":17440,"post_author":"1","post_date":"2022-03-11 23:50:16","post_date_gmt":"2022-03-11 21:50:16","post_content":"","post_title":"\u0110\u1ea1i H\u1ecdc Qu\u1ed1c Gia H\u00e0 N\u1ed9i","post_excerpt":"","post_status":"publish","comment_status":"closed","ping_status":"closed","post_password":"","post_name":"dai-hoc-quoc-gia-ha-noi","to_ping":"","pinged":"","post_modified":"2022-03-11 23:50:16","post_modified_gmt":"2022-03-11 21:50:16","post_content_filtered":"","post_parent":0,"guid":"https:\/\/sachviet.eu\/nha-phat-hanh\/dai-hoc-quoc-gia-ha-noi\/","menu_order":0,"post_type":"publisher","post_mime_type":"","comment_count":"0","filter":"raw"}},"_links":{"self":[{"href":"https:\/\/sachviet.eu\/en\/wp-json\/wp\/v2\/product\/17441","targetHints":{"allow":["GET"]}}],"collection":[{"href":"https:\/\/sachviet.eu\/en\/wp-json\/wp\/v2\/product"}],"about":[{"href":"https:\/\/sachviet.eu\/en\/wp-json\/wp\/v2\/types\/product"}],"wp:featuredmedia":[{"embeddable":true,"href":"https:\/\/sachviet.eu\/en\/wp-json\/wp\/v2\/media\/17454"}],"wp:attachment":[{"href":"https:\/\/sachviet.eu\/en\/wp-json\/wp\/v2\/media?parent=17441"}],"wp:term":[{"taxonomy":"product_brand","embeddable":true,"href":"https:\/\/sachviet.eu\/en\/wp-json\/wp\/v2\/product_brand?post=17441"},{"taxonomy":"product_cat","embeddable":true,"href":"https:\/\/sachviet.eu\/en\/wp-json\/wp\/v2\/product_cat?post=17441"},{"taxonomy":"product_tag","embeddable":true,"href":"https:\/\/sachviet.eu\/en\/wp-json\/wp\/v2\/product_tag?post=17441"}],"curies":[{"name":"wp","href":"https:\/\/api.w.org\/{rel}","templated":true}]}}