{"id":17436,"date":"2022-03-11T23:50:05","date_gmt":"2022-03-11T21:50:05","guid":{"rendered":"https:\/\/sachviet.eu\/shop\/quach-lam-kieu-gia-tron-bo-2-tap-tang-an-ban-dac-biet-va-moc-khoa-chibi-hinh-su-trinh-tham-dam-my\/"},"modified":"2022-03-12T13:07:03","modified_gmt":"2022-03-12T11:07:03","slug":"quach-lam-kieu-gia-tron-bo-2-tap-tang-an-ban-dac-biet-va-moc-khoa-chibi-hinh-su-trinh-tham-dam-my","status":"publish","type":"product","link":"https:\/\/sachviet.eu\/en\/shop\/quach-lam-kieu-gia-tron-bo-2-tap-tang-an-ban-dac-biet-va-moc-khoa-chibi-hinh-su-trinh-tham-dam-my\/","title":{"rendered":"Qu\u00e1ch L\u00e2m Ki\u1ec1u Gia tr\u1ecdn b\u1ed9 2 t\u1eadp &#8211; T\u1eb7ng \u1ea4n b\u1ea3n \u0111\u1eb7c bi\u1ec7t v\u00e0 M\u00f3c kh\u00f3a chibi &#8211; H\u00ecnh s\u1ef1 trinh th\u00e1m \u0111am m\u1ef9"},"content":{"rendered":"<p>Phi\u00ean b\u1ea3n: T\u1eb7ng \u1ea4n b\u1ea3n \u0111\u1eb7c bi\u1ec7t Qu\u00e1ch L\u00e2m &#8211; Ki\u1ec1u Gia &#8220;\u0110\u01b0\u1eddng l\u00ean \u0110\u1ec9nh&#8221; v\u00e0 m\u00f3c kh\u00f3a chibi nh\u00e2n v\u1eadt Qu\u00e1ch L\u00e2m, Ki\u1ec1u Gia<br \/>\n\u0110\u01a1n v\u1ecb ph\u00e1t h\u00e0nh: Waka<br \/>\nNh\u00e0 xu\u1ea5t b\u1ea3n: NXB D\u00e2n Tr\u00ed<br \/>\nT\u00e1c gi\u1ea3: C\u00f4ng Phu Bao T\u1eed<br \/>\nT\u00ecnh tr\u1ea1ng xu\u1ea5t b\u1ea3n: Tr\u1ecdn b\u1ed9 2\/2 t\u1eadp<br \/>\nS\u1ed1 trang 2 t\u1eadp: 1.176 trang<br \/>\nNg\u00e0y ph\u00e1t h\u00e0nh: 11\/2021<\/p>\n<p>Ch\u1ec9 v\u00ec m\u1ed9t l\u1ea7n s\u01a1 su\u1ea5t m\u00e0 Ki\u1ec1u Gia b\u1ecb c\u1ea3nh s\u00e1t \u0111\u1eb7c nhi\u1ec7m ph\u00f2ng ch\u1ed1ng &#8220;ch\u1ea5t c\u1ea5m&#8221; b\u1eaft gi\u1eef. Trong ho\u00e0n c\u1ea3nh b\u1ea5t \u0111\u1eafc d\u0129, Ki\u1ec1u Gia \u0111\u1ed3ng \u00fd tr\u1edf th\u00e0nh ng\u01b0\u1eddi cung c\u1ea5p th\u00f4ng tin cho Qu\u00e1ch L\u00e2m &#8211; \u0110\u1ed9i tr\u01b0\u1edfng \u0111\u1ed9i \u0111\u1eb7c nhi\u1ec7m. T\u1eeb m\u1ed9t k\u1ebb ch\u1ec9 mu\u1ed1n l\u1ea5y c\u00f4ng chu\u1ed9c t\u1ed9i, x\u1ea5u xa, hay c\u00e0u nh\u00e0u, th\u1eadm ch\u00ed t\u1eebng tuy\u00ean b\u1ed1: &#8220;T\u00f4i c\u00f3 th\u1ec3 ch\u1ebft ch\u1ee9 nh\u1ea5t \u0111\u1ecbnh kh\u00f4ng th\u1ec3 ng\u1ed3i t\u00f9&#8221; m\u00e0 sau bao nhi\u00eau bi\u1ebfn c\u1ed1 trong m\u1ed7i l\u1ea7n l\u0103n l\u1ed9n trong \u0111\u00e1m giang h\u1ed3 \u0111\u1ec3 l\u1ea5y tin, th\u00ec Ki\u1ec1u Gia \u0111\u00e3 nh\u1eadn ra, l\u1ef1c l\u01b0\u1ee3ng c\u1ea3nh s\u00e1t l\u00e0 m\u1ed9t l\u1ef1c l\u01b0\u1ee3ng \u0111\u00e1ng &#8220;t\u00edn nhi\u1ec7m&#8221;. D\u1ea7n d\u1ea7n, c\u1eeda ti\u1ec7m m\u1ef3 c\u0169 k\u0129, n\u01a1i Ki\u1ec1u Gia v\u00e0 Qu\u00e1ch L\u00e2m lu\u00f4n h\u1eb9n g\u1eb7p nhau \u0111\u1ec3 l\u1ea5y tin, tr\u1edf th\u00e0nh \u0111\u1ecba \u0111i\u1ec3m y\u00eau th\u00edch c\u1ee7a h\u1eafn.<\/p>\n<p>Sau nhi\u1ec1u l\u1ea7n l\u00e0m nhi\u1ec1u v\u1ee5, c\u00f9ng nhau v\u00e0o sinh ra t\u1eed, Ki\u1ec1u Gia lu\u00f4n \u0111\u01b0\u1ee3c Qu\u00e1ch L\u00e2m lo l\u1eafng, gi\u1ea3i c\u1ee9u v\u00e0 che ch\u1edf. \u0110\u1ebfn l\u00fac n\u00e0y, Ki\u1ec1u Gia \u0111\u00e3 ho\u00e0n to\u00e0n ch\u1eafc ch\u1eafn v\u1ec1 t\u00ecnh c\u1ea3m c\u1ee7a m\u00ecnh: &#8220;T\u00f4i c\u00f3 th\u1ec3 ng\u1ed3i t\u00f9, nh\u01b0ng anh th\u00ec kh\u00f4ng \u0111\u01b0\u1ee3c ph\u00e9p ch\u1ebft.&#8221;. Hai ng\u01b0\u1eddi v\u1ed1n d\u0129 l\u00e0 hai \u0111\u01b0\u1eddng th\u1eb3ng song song, cu\u1ed1i c\u00f9ng l\u1ea1i tr\u1edf th\u00e0nh ng\u01b0\u1eddi quan tr\u1ecdng trong l\u00f2ng c\u1ee7a \u0111\u1ed1i ph\u01b0\u01a1ng, t\u00ecnh c\u1ea3m sau nhi\u1ec1u th\u0103ng tr\u1ea7m tr\u1edf n\u00ean g\u1eafn b\u00f3, s\u1eb5n s\u00e0ng s\u1ed1ng ch\u1ebft v\u00ec nhau.<\/p>\n<p>Waka tr\u00e2n tr\u1ecdng gi\u1edbi thi\u1ec7u t\u1edbi b\u1ea1n \u0111\u1ecdc tr\u1ecdn b\u1ed9 2 t\u1eadp Qu\u00e1ch L\u00e2m Ki\u1ec1u Gia c\u1ee7a t\u00e1c gi\u1ea3 C\u00f4ng Phu Bao T\u1eed!<\/p>\n<p>\u0110\u1eb7c bi\u1ec7t, \u0111\u1ed9c gi\u1ea3 s\u1ebd \u0111\u01b0\u1ee3c b\u1ed9 \u01b0u \u0111\u00e3i \u0111\u1ed9c quy\u1ec1n g\u1ed3m \u1ea4n b\u1ea3n &#8220;Qu\u00e1ch L\u00e2m Ki\u1ec1u Gia &#8211; \u0110\u01b0\u1eddng l\u00ean \u0110\u1ec9nh&#8221; v\u00e0 m\u00f3c kh\u00f3a h\u00ecnh nh\u00e2n v\u1eadt chibi! \u01afu \u0111\u00e3i \u01b0u ti\u00ean ng\u01b0\u1eddi \u0111\u1eb7t tr\u01b0\u1edbc v\u00e0 c\u00f3 th\u1ec3 h\u1ebft m\u00e0 kh\u00f4ng c\u1ea7n th\u00f4ng b\u00e1o!<\/p>\n","protected":false},"excerpt":{"rendered":"<p>Phi\u00ean b\u1ea3n: T\u1eb7ng \u1ea4n b\u1ea3n \u0111\u1eb7c bi\u1ec7t Qu\u00e1ch L\u00e2m &#8211; Ki\u1ec1u Gia &#8220;\u0110\u01b0\u1eddng l\u00ean \u0110\u1ec9nh&#8221; v\u00e0 m\u00f3c kh\u00f3a chibi nh\u00e2n v\u1eadt Qu\u00e1ch L\u00e2m, Ki\u1ec1u Gia<br \/>\n\u0110\u01a1n v\u1ecb ph\u00e1t h\u00e0nh: Waka<br \/>\nNh\u00e0 xu\u1ea5t b\u1ea3n: NXB D\u00e2n Tr\u00ed<br \/>\nT\u00e1c gi\u1ea3: C\u00f4ng Phu Bao T\u1eed<br \/>\nT\u00ecnh tr\u1ea1ng xu\u1ea5t b\u1ea3n: Tr\u1ecdn b\u1ed9 2\/2 t\u1eadp<br \/>\nS\u1ed1 trang 2 t\u1eadp: 1.176 trang<br \/>\nNg\u00e0y ph\u00e1t h\u00e0nh: 11\/2021<\/p>\n<p>Ch\u1ec9 v\u00ec m\u1ed9t l\u1ea7n s\u01a1 su\u1ea5t m\u00e0 Ki\u1ec1u Gia b\u1ecb c\u1ea3nh s\u00e1t \u0111\u1eb7c nhi\u1ec7m ph\u00f2ng ch\u1ed1ng &#8220;ch\u1ea5t c\u1ea5m&#8221; b\u1eaft gi\u1eef. Trong ho\u00e0n c\u1ea3nh b\u1ea5t \u0111\u1eafc d\u0129, Ki\u1ec1u Gia \u0111\u1ed3ng \u00fd tr\u1edf th\u00e0nh ng\u01b0\u1eddi cung c\u1ea5p th\u00f4ng tin cho Qu\u00e1ch L\u00e2m &#8211; \u0110\u1ed9i tr\u01b0\u1edfng \u0111\u1ed9i \u0111\u1eb7c nhi\u1ec7m. T\u1eeb m\u1ed9t k\u1ebb ch\u1ec9 mu\u1ed1n l\u1ea5y c\u00f4ng chu\u1ed9c t\u1ed9i, x\u1ea5u xa, hay c\u00e0u nh\u00e0u, th\u1eadm ch\u00ed t\u1eebng tuy\u00ean b\u1ed1: &#8220;T\u00f4i c\u00f3 th\u1ec3 ch\u1ebft ch\u1ee9 nh\u1ea5t \u0111\u1ecbnh kh\u00f4ng th\u1ec3 ng\u1ed3i t\u00f9&#8221; m\u00e0 sau bao nhi\u00eau bi\u1ebfn c\u1ed1 trong m\u1ed7i l\u1ea7n l\u0103n l\u1ed9n trong \u0111\u00e1m giang h\u1ed3 \u0111\u1ec3 l\u1ea5y tin, th\u00ec Ki\u1ec1u Gia \u0111\u00e3 nh\u1eadn ra, l\u1ef1c l\u01b0\u1ee3ng c\u1ea3nh s\u00e1t l\u00e0 m\u1ed9t l\u1ef1c l\u01b0\u1ee3ng \u0111\u00e1ng &#8220;t\u00edn nhi\u1ec7m&#8221;. D\u1ea7n d\u1ea7n, c\u1eeda ti\u1ec7m m\u1ef3 c\u0169 k\u0129, n\u01a1i Ki\u1ec1u Gia v\u00e0 Qu\u00e1ch L\u00e2m lu\u00f4n h\u1eb9n g\u1eb7p nhau \u0111\u1ec3 l\u1ea5y tin, tr\u1edf th\u00e0nh \u0111\u1ecba \u0111i\u1ec3m y\u00eau th\u00edch c\u1ee7a h\u1eafn.<\/p>\n<p>Sau nhi\u1ec1u l\u1ea7n l\u00e0m nhi\u1ec1u v\u1ee5, c\u00f9ng nhau v\u00e0o sinh ra t\u1eed, Ki\u1ec1u Gia lu\u00f4n \u0111\u01b0\u1ee3c Qu\u00e1ch L\u00e2m lo l\u1eafng, gi\u1ea3i c\u1ee9u v\u00e0 che ch\u1edf. \u0110\u1ebfn l\u00fac n\u00e0y, Ki\u1ec1u Gia \u0111\u00e3 ho\u00e0n to\u00e0n ch\u1eafc ch\u1eafn v\u1ec1 t\u00ecnh c\u1ea3m c\u1ee7a m\u00ecnh: &#8220;T\u00f4i c\u00f3 th\u1ec3 ng\u1ed3i t\u00f9, nh\u01b0ng anh th\u00ec kh\u00f4ng \u0111\u01b0\u1ee3c ph\u00e9p ch\u1ebft.&#8221;. Hai ng\u01b0\u1eddi v\u1ed1n d\u0129 l\u00e0 hai \u0111\u01b0\u1eddng th\u1eb3ng song song, cu\u1ed1i c\u00f9ng l\u1ea1i tr\u1edf th\u00e0nh ng\u01b0\u1eddi quan tr\u1ecdng trong l\u00f2ng c\u1ee7a \u0111\u1ed1i ph\u01b0\u01a1ng, t\u00ecnh c\u1ea3m sau nhi\u1ec1u th\u0103ng tr\u1ea7m tr\u1edf n\u00ean g\u1eafn b\u00f3, s\u1eb5n s\u00e0ng s\u1ed1ng ch\u1ebft v\u00ec nhau.<\/p>\n<p>Waka tr\u00e2n tr\u1ecdng gi\u1edbi thi\u1ec7u t\u1edbi b\u1ea1n \u0111\u1ecdc tr\u1ecdn b\u1ed9 2 t\u1eadp Qu\u00e1ch L\u00e2m Ki\u1ec1u Gia c\u1ee7a t\u00e1c gi\u1ea3 C\u00f4ng Phu Bao T\u1eed!<\/p>\n<p>\u0110\u1eb7c bi\u1ec7t, \u0111\u1ed9c gi\u1ea3 s\u1ebd \u0111\u01b0\u1ee3c b\u1ed9 \u01b0u \u0111\u00e3i \u0111\u1ed9c quy\u1ec1n g\u1ed3m \u1ea4n b\u1ea3n &#8220;Qu\u00e1ch L\u00e2m Ki\u1ec1u Gia &#8211; \u0110\u01b0\u1eddng l\u00ean \u0110\u1ec9nh&#8221; v\u00e0 m\u00f3c kh\u00f3a h\u00ecnh nh\u00e2n v\u1eadt chibi! \u01afu \u0111\u00e3i \u01b0u ti\u00ean ng\u01b0\u1eddi \u0111\u1eb7t tr\u01b0\u1edbc v\u00e0 c\u00f3 th\u1ec3 h\u1ebft m\u00e0 kh\u00f4ng c\u1ea7n th\u00f4ng b\u00e1o!<\/p>\n","protected":false},"featured_media":17435,"template":"","meta":{"_acf_changed":false},"product_brand":[],"product_cat":[73,15],"product_tag":[],"class_list":{"0":"post-17436","1":"product","2":"type-product","3":"status-publish","4":"has-post-thumbnail","6":"product_cat-dam-my-ngon-tinh","7":"product_cat-sach-danh-cho-nguoi-lon","9":"first","10":"outofstock","11":"taxable","12":"shipping-taxable","13":"purchasable","14":"product-type-simple"},"supplier_id":null,"supplier_sku":"","barcode":null,"atum_controlled":true,"out_stock_date":"2022-03-12 09:07:03","out_stock_threshold":null,"inheritable":false,"inbound_stock":0,"stock_on_hold":0,"sold_today":0,"sales_last_days":0,"reserved_stock":0,"customer_returns":0,"warehouse_damage":0,"lost_in_post":0,"other_logs":0,"out_stock_days":1418,"lost_sales":0,"has_location":false,"update_date":"2026-01-28T23:10:59","atum_locations":[],"atum_stock_status":"outofstock","restock_status":false,"low_stock_amount":"","sales_update_date":"2026-01-28T23:10:59","calc_backorders":null,"acf":{"publisher":{"ID":17434,"post_author":"1","post_date":"2022-03-11 23:49:58","post_date_gmt":"2022-03-11 21:49:58","post_content":"","post_title":"Waka","post_excerpt":"","post_status":"publish","comment_status":"closed","ping_status":"closed","post_password":"","post_name":"waka","to_ping":"","pinged":"","post_modified":"2022-03-11 23:49:58","post_modified_gmt":"2022-03-11 21:49:58","post_content_filtered":"","post_parent":0,"guid":"https:\/\/sachviet.eu\/nha-phat-hanh\/waka\/","menu_order":0,"post_type":"publisher","post_mime_type":"","comment_count":"0","filter":"raw"}},"_links":{"self":[{"href":"https:\/\/sachviet.eu\/en\/wp-json\/wp\/v2\/product\/17436","targetHints":{"allow":["GET"]}}],"collection":[{"href":"https:\/\/sachviet.eu\/en\/wp-json\/wp\/v2\/product"}],"about":[{"href":"https:\/\/sachviet.eu\/en\/wp-json\/wp\/v2\/types\/product"}],"wp:featuredmedia":[{"embeddable":true,"href":"https:\/\/sachviet.eu\/en\/wp-json\/wp\/v2\/media\/17435"}],"wp:attachment":[{"href":"https:\/\/sachviet.eu\/en\/wp-json\/wp\/v2\/media?parent=17436"}],"wp:term":[{"taxonomy":"product_brand","embeddable":true,"href":"https:\/\/sachviet.eu\/en\/wp-json\/wp\/v2\/product_brand?post=17436"},{"taxonomy":"product_cat","embeddable":true,"href":"https:\/\/sachviet.eu\/en\/wp-json\/wp\/v2\/product_cat?post=17436"},{"taxonomy":"product_tag","embeddable":true,"href":"https:\/\/sachviet.eu\/en\/wp-json\/wp\/v2\/product_tag?post=17436"}],"curies":[{"name":"wp","href":"https:\/\/api.w.org\/{rel}","templated":true}]}}