{"id":17433,"date":"2022-03-11T23:49:56","date_gmt":"2022-03-11T21:49:56","guid":{"rendered":"https:\/\/sachviet.eu\/shop\/hoc-tarot-cho-nguoi-moi\/"},"modified":"2022-03-12T10:32:33","modified_gmt":"2022-03-12T08:32:33","slug":"hoc-tarot-cho-nguoi-moi","status":"publish","type":"product","link":"https:\/\/sachviet.eu\/en\/shop\/hoc-tarot-cho-nguoi-moi\/","title":{"rendered":"H\u1ecdc Tarot Cho Ng\u01b0\u1eddi M\u1edbi"},"content":{"rendered":"<p>S\u00e1ch H\u1ecdc Tarot Cho Ng\u01b0\u1eddi M\u1edbi \u2013 Cu\u1ed1n s\u00e1ch ch\u1ea5t l\u01b0\u1ee3ng g\u1ea7n 800 trang d\u00e0nh cho b\u1ea5t c\u1ee9 ai mu\u1ed1n t\u00ecm hi\u1ec3u v\u00e0 t\u1ef1 h\u1ecdc v\u1ec1 c\u00e1ch s\u1eed d\u1ee5ng b\u00e0i Tarot!<\/p>\n<p>L\u00e0 t\u1ef1a s\u00e1ch th\u1ee9 n\u0103m thu\u1ed9c Mystic House Book Series, \u201cH\u1ecdc Tarot Cho Ng\u01b0\u1eddi M\u1edbi\u201d k\u1ebft h\u1ee3p hai \u1ea5n ph\u1ea9m: cu\u1ed1n s\u00e1ch The Big Book of Tarot k\u1ebft h\u1ee3p kinh nghi\u1ec7m 30 n\u0103m nghi\u00ean c\u1ee9u, s\u1eed d\u1ee5ng v\u00e0 d\u1ea1y h\u1ecdc v\u1ec1 tarot c\u1ee7a t\u00e1c gi\u1ea3 Joan Bunning, v\u00e0 cu\u1ed1n s\u00e1ch pdf v\u1ec1 \u00fd ngh\u0129a 78 l\u00e1 b\u00e0i theo h\u1ec7 th\u1ed1ng Rider Waite Smith n\u1ed5i ti\u1ebfng tr\u00ean internet: Tarot Interpretation \u2013 Psychic Revelation c\u1ee7a t\u00e1c gi\u1ea3 Deborah Hancock. B\u1ea1n mu\u1ed1n t\u00ecm hi\u1ec3u \u00fd ngh\u0129a 78 l\u00e1 b\u00e0i theo t\u1eebng kh\u00eda c\u1ea1nh c\u1ee5 th\u1ec3: t\u00ecnh y\u00eau, t\u00e0i ch\u00ednh, s\u1ee9c kh\u1ecfe, t\u00e2m linh? B\u1ea1n mu\u1ed1n c\u00f3 m\u1ed9t g\u00f3c nh\u00ecn r\u00f5 r\u00e0ng v\u1ec1 d\u00f2ng ch\u1ea3y n\u0103ng l\u01b0\u1ee3ng c\u1ee7a c\u00e1c l\u00e1 b\u00e0i v\u00e0 c\u00e1ch m\u00e0 c\u00e1c l\u00e1 b\u00e0i t\u01b0\u01a1ng t\u00e1c v\u1edbi b\u1ea1n trong ho\u00e0n c\u1ea3nh c\u1ee5 th\u1ec3? \u0110\u00e2y l\u00e0 cu\u1ed1n s\u00e1ch d\u00e0nh cho b\u1ea1n! Kh\u00f4ng qu\u00e1 h\u00e0n l\u00e2m, kh\u00f4ng lan man m\u00e0 c\u1ef1c k\u1ef3 d\u1ec5 hi\u1ec3u v\u00e0 g\u1ea7n g\u0169i.<\/p>\n<p>Tham kh\u1ea3o s\u00e1ch Tarot 78 \u0110\u1ed9 Minh Tri\u1ebft (s\u00e1ch gi\u1ea3i th\u00edch \u00fd ngh\u0129a chi ti\u1ebft 78 l\u00e1 b\u00e0i), Gi\u1ea3i M\u00e3 B\u1ed9 Ho\u00e0ng Gia Tarot (s\u00e1ch chuy\u00ean s\u00e2u v\u1ec1 16 l\u00e1 b\u00e0i Ho\u00e0ng gia \u2013 Court card), v\u00e0 21 C\u00e1ch Gi\u1ea3i Ngh\u0129a L\u00e1 B\u00e0i Tarot (s\u00e1ch tr\u00ecnh b\u00e0y nh\u1eefng ph\u01b0\u01a1ng th\u1ee9c gi\u1ea3i ngh\u0129a b\u00e0i hi\u1ec7u qu\u1ea3). Ch\u1ecdn mua combo t\u1eeb 02 s\u00e1ch b\u1ea5t k\u1ef3 tr\u1edf l\u00ean, ho\u1eb7c mua s\u00e1ch k\u00e8m b\u1ed9 b\u00e0i b\u1ea5t k\u1ef3 \u0111\u1ec3 \u0111\u01b0\u1ee3c gi\u1ea3m 50.000\u0111\/cu\u1ed1n.<\/p>\n<p>Tham kh\u1ea3o Kho\u00e1 H\u1ecdc Tarot D\u00e0nh Cho Ng\u01b0\u1eddi M\u1edbi.<\/p>\n","protected":false},"excerpt":{"rendered":"<p>S\u00e1ch H\u1ecdc Tarot Cho Ng\u01b0\u1eddi M\u1edbi \u2013 Cu\u1ed1n s\u00e1ch ch\u1ea5t l\u01b0\u1ee3ng g\u1ea7n 800 trang d\u00e0nh cho b\u1ea5t c\u1ee9 ai mu\u1ed1n t\u00ecm hi\u1ec3u v\u00e0 t\u1ef1 h\u1ecdc v\u1ec1 c\u00e1ch s\u1eed d\u1ee5ng b\u00e0i Tarot!<\/p>\n<p>L\u00e0 t\u1ef1a s\u00e1ch th\u1ee9 n\u0103m thu\u1ed9c Mystic House Book Series, \u201cH\u1ecdc Tarot Cho Ng\u01b0\u1eddi M\u1edbi\u201d k\u1ebft h\u1ee3p hai \u1ea5n ph\u1ea9m: cu\u1ed1n s\u00e1ch The Big Book of Tarot k\u1ebft h\u1ee3p kinh nghi\u1ec7m 30 n\u0103m nghi\u00ean c\u1ee9u, s\u1eed d\u1ee5ng v\u00e0 d\u1ea1y h\u1ecdc v\u1ec1 tarot c\u1ee7a t\u00e1c gi\u1ea3 Joan Bunning, v\u00e0 cu\u1ed1n s\u00e1ch pdf v\u1ec1 \u00fd ngh\u0129a 78 l\u00e1 b\u00e0i theo h\u1ec7 th\u1ed1ng Rider Waite Smith n\u1ed5i ti\u1ebfng tr\u00ean internet: Tarot Interpretation \u2013 Psychic Revelation c\u1ee7a t\u00e1c gi\u1ea3 Deborah Hancock. B\u1ea1n mu\u1ed1n t\u00ecm hi\u1ec3u \u00fd ngh\u0129a 78 l\u00e1 b\u00e0i theo t\u1eebng kh\u00eda c\u1ea1nh c\u1ee5 th\u1ec3: t\u00ecnh y\u00eau, t\u00e0i ch\u00ednh, s\u1ee9c kh\u1ecfe, t\u00e2m linh? B\u1ea1n mu\u1ed1n c\u00f3 m\u1ed9t g\u00f3c nh\u00ecn r\u00f5 r\u00e0ng v\u1ec1 d\u00f2ng ch\u1ea3y n\u0103ng l\u01b0\u1ee3ng c\u1ee7a c\u00e1c l\u00e1 b\u00e0i v\u00e0 c\u00e1ch m\u00e0 c\u00e1c l\u00e1 b\u00e0i t\u01b0\u01a1ng t\u00e1c v\u1edbi b\u1ea1n trong ho\u00e0n c\u1ea3nh c\u1ee5 th\u1ec3? \u0110\u00e2y l\u00e0 cu\u1ed1n s\u00e1ch d\u00e0nh cho b\u1ea1n! Kh\u00f4ng qu\u00e1 h\u00e0n l\u00e2m, kh\u00f4ng lan man m\u00e0 c\u1ef1c k\u1ef3 d\u1ec5 hi\u1ec3u v\u00e0 g\u1ea7n g\u0169i.<\/p>\n<p>Tham kh\u1ea3o s\u00e1ch Tarot 78 \u0110\u1ed9 Minh Tri\u1ebft (s\u00e1ch gi\u1ea3i th\u00edch \u00fd ngh\u0129a chi ti\u1ebft 78 l\u00e1 b\u00e0i), Gi\u1ea3i M\u00e3 B\u1ed9 Ho\u00e0ng Gia Tarot (s\u00e1ch chuy\u00ean s\u00e2u v\u1ec1 16 l\u00e1 b\u00e0i Ho\u00e0ng gia \u2013 Court card), v\u00e0 21 C\u00e1ch Gi\u1ea3i Ngh\u0129a L\u00e1 B\u00e0i Tarot (s\u00e1ch tr\u00ecnh b\u00e0y nh\u1eefng ph\u01b0\u01a1ng th\u1ee9c gi\u1ea3i ngh\u0129a b\u00e0i hi\u1ec7u qu\u1ea3). Ch\u1ecdn mua combo t\u1eeb 02 s\u00e1ch b\u1ea5t k\u1ef3 tr\u1edf l\u00ean, ho\u1eb7c mua s\u00e1ch k\u00e8m b\u1ed9 b\u00e0i b\u1ea5t k\u1ef3 \u0111\u1ec3 \u0111\u01b0\u1ee3c gi\u1ea3m 50.000\u0111\/cu\u1ed1n.<\/p>\n<p>Tham kh\u1ea3o Kho\u00e1 H\u1ecdc Tarot D\u00e0nh Cho Ng\u01b0\u1eddi M\u1edbi.<\/p>\n","protected":false},"featured_media":17431,"template":"","meta":{"_acf_changed":false},"product_brand":[],"product_cat":[18,15,76],"product_tag":[],"class_list":{"0":"post-17433","1":"product","2":"type-product","3":"status-publish","4":"has-post-thumbnail","6":"product_cat-kinh-te","7":"product_cat-sach-danh-cho-nguoi-lon","8":"product_cat-ton-giao-tam-linh","10":"first","11":"outofstock","12":"taxable","13":"shipping-taxable","14":"purchasable","15":"product-type-simple"},"supplier_id":null,"supplier_sku":"","barcode":null,"atum_controlled":true,"out_stock_date":"2022-03-12 06:32:33","out_stock_threshold":null,"inheritable":false,"inbound_stock":0,"stock_on_hold":0,"sold_today":0,"sales_last_days":0,"reserved_stock":0,"customer_returns":0,"warehouse_damage":0,"lost_in_post":0,"other_logs":0,"out_stock_days":1418,"lost_sales":0,"has_location":false,"update_date":"2026-01-28T23:10:59","atum_locations":[],"atum_stock_status":"outofstock","restock_status":false,"low_stock_amount":"","sales_update_date":"2026-01-28T23:10:59","calc_backorders":null,"acf":{"publisher":{"ID":17430,"post_author":"1","post_date":"2022-03-11 23:49:53","post_date_gmt":"2022-03-11 21:49:53","post_content":"","post_title":"H\u1ed3ng \u0110\u1ee9c","post_excerpt":"","post_status":"publish","comment_status":"closed","ping_status":"closed","post_password":"","post_name":"hong-duc","to_ping":"","pinged":"","post_modified":"2022-03-11 23:49:53","post_modified_gmt":"2022-03-11 21:49:53","post_content_filtered":"","post_parent":0,"guid":"https:\/\/sachviet.eu\/nha-phat-hanh\/hong-duc\/","menu_order":0,"post_type":"publisher","post_mime_type":"","comment_count":"0","filter":"raw"}},"_links":{"self":[{"href":"https:\/\/sachviet.eu\/en\/wp-json\/wp\/v2\/product\/17433","targetHints":{"allow":["GET"]}}],"collection":[{"href":"https:\/\/sachviet.eu\/en\/wp-json\/wp\/v2\/product"}],"about":[{"href":"https:\/\/sachviet.eu\/en\/wp-json\/wp\/v2\/types\/product"}],"wp:featuredmedia":[{"embeddable":true,"href":"https:\/\/sachviet.eu\/en\/wp-json\/wp\/v2\/media\/17431"}],"wp:attachment":[{"href":"https:\/\/sachviet.eu\/en\/wp-json\/wp\/v2\/media?parent=17433"}],"wp:term":[{"taxonomy":"product_brand","embeddable":true,"href":"https:\/\/sachviet.eu\/en\/wp-json\/wp\/v2\/product_brand?post=17433"},{"taxonomy":"product_cat","embeddable":true,"href":"https:\/\/sachviet.eu\/en\/wp-json\/wp\/v2\/product_cat?post=17433"},{"taxonomy":"product_tag","embeddable":true,"href":"https:\/\/sachviet.eu\/en\/wp-json\/wp\/v2\/product_tag?post=17433"}],"curies":[{"name":"wp","href":"https:\/\/api.w.org\/{rel}","templated":true}]}}