{"id":17427,"date":"2022-03-11T23:49:45","date_gmt":"2022-03-11T21:49:45","guid":{"rendered":"https:\/\/sachviet.eu\/shop\/combo-se-ra-sao-neu-thieu-bo-6-cuon\/"},"modified":"2023-05-20T18:11:21","modified_gmt":"2023-05-20T15:11:21","slug":"combo-se-ra-sao-neu-thieu-bo-6-cuon","status":"publish","type":"product","link":"https:\/\/sachviet.eu\/en\/shop\/combo-se-ra-sao-neu-thieu-bo-6-cuon\/","title":{"rendered":"Combo S\u1ebd Ra Sao N\u1ebfu Thi\u1ebfu (B\u1ed9 6 Cu\u1ed1n)"},"content":{"rendered":"<p>Combo S\u1ebd Ra Sao N\u1ebfu Thi\u1ebfu (B\u1ed9 6 Cu\u1ed1n)<\/p>\n<p>B\u1ea1n s\u1ebd &#8220;gi\u1ea3i quy\u1ebft n\u1ed7i bu\u1ed3n&#8221; th\u1ebf n\u00e0o n\u1ebfu kh\u00f4ng c\u00f3 nh\u00e0 v\u1ec7 sinh? B\u1ea1n s\u1ebd \u0111i \u0111\u00e2u? L\u00e0m th\u1ebf n\u00e0o \u0111\u1ec3 gi\u1eef g\u00ecn cho b\u1ea3n th\u00e2n v\u00e0 ng\u00f4i nh\u00e0 c\u1ee7a m\u00ecnh lu\u00f4n s\u1ea1ch s\u1ebd?<\/p>\n<p>Quy\u1ec3n s\u00e1ch n\u00e0y n\u00f3i v\u1ec1 nh\u1eefng c\u00e2u chuy\u1ec7n th\u00fa v\u1ecb xung quanh m\u1ed9t tuy\u1ec7t t\u00e1c c\u00f4ng ngh\u1ec7 kh\u00f4ng th\u1ec3 thi\u1ebfu \u0111\u01b0\u1ee3c trong nh\u00e0 b\u1ea1n: nh\u00e0 v\u1ec7 sinh.<\/p>\n<p>C\u00f9ng t\u00ecm hi\u1ec3u l\u00ed do t\u1ea1i sao nh\u00e0 v\u1ec7 sinh l\u1ea1i quan tr\u1ecdng \u0111\u1ebfn v\u1eady, n\u00f3 \u0111\u01b0\u1ee3c c\u1ea3i ti\u1ebfn nh\u01b0 th\u1ebf n\u00e0o qua nhi\u1ec1u n\u0103m v\u00e0 n\u00f3 s\u1ebd ph\u00e1t tri\u1ec3n ra sao trong t\u01b0\u01a1ng lai?<\/p>\n<p>L\u00fac n\u00e0o ch\u00fang ta c\u0169ng mang \u0111i\u1ec7n tho\u1ea1i di \u0111\u1ed9ng b\u00ean m\u00ecnh, \u0111\u1ec3 gi\u1eef li\u00ean l\u1ea1c v\u1edbi b\u1ea1n b\u00e8, \u0111\u1ec3 ch\u01a1i game ho\u1eb7c truy c\u1eadp internet.<\/p>\n<p>\u0110i\u1ec7n tho\u1ea1i di \u0111\u1ed9ng c\u00e0ng ng\u00e0y c\u00e0ng nh\u1ecf g\u1ecdn h\u01a1n, r\u1ebb h\u01a1n v\u00e0 nhi\u1ec1u t\u00ednh n\u0103ng h\u01a1n, th\u1eadt kh\u00f3 m\u00e0 h\u00ecnh dung n\u1ed5i cu\u1ed9c s\u1ed1ng s\u1ebd ra sao n\u1ebfu thi\u1ebfu n\u00f3.<\/p>\n<p>Nh\u01b0ng ch\u1ec9 m\u1edbi 30 n\u0103m tr\u01b0\u1edbc th\u00f4i, \u0111i\u1ec7n tho\u1ea1i di \u0111\u1ed9ng c\u00f2n ch\u01b0a ra \u0111\u1eddi. V\u1eady con ng\u01b0\u1eddi tr\u00ean Tr\u00e1i \u0110\u1ea5t \u0111\u00e3 xoay s\u1edf ra sao?<\/p>\n<p>Th\u1ee7 ph\u1ea1m \u0111\u1eb1ng sau s\u1ef1 l\u00e2y lan c\u1ee7a nhi\u1ec1u c\u0103n b\u1ec7nh nguy hi\u1ec3m ch\u00ednh l\u00e0 vi khu\u1ea9n. \u0110\u00f3 l\u00e0 nh\u1eefng sinh v\u1eadt r\u1ea5t nh\u1ecf x\u00e2m nh\u1eadp v\u00e0 sinh s\u00f4i n\u1ea3y n\u1edf trong c\u01a1 th\u1ec3 ch\u00fang ta.<\/p>\n<p>Thu\u1ed1c kh\u00e1ng sinh c\u00f3 kh\u1ea3 n\u0103ng di\u1ec7t vi khu\u1ea9n. Nh\u1edd c\u00f3 thu\u1ed1c kh\u00e1ng sinh, ng\u01b0\u1eddi ta c\u00f3 th\u1ec3 \u0111\u00e1nh b\u1eadt nh\u1eefng c\u0103n b\u1ec7nh v\u1ed1n \u0111\u01b0\u1ee3c coi l\u00e0 v\u00f4 ph\u01b0\u01a1ng c\u1ee9u ch\u1eefa.<\/p>\n<p>Cu\u1ed1n s\u00e1ch n\u00e0y thu\u1eadt l\u1ea1i h\u00e0nh tr\u00ecnh kh\u00e1m ph\u00e1 thu\u1ed1c kh\u00e1ng sinh v\u00e0 nh\u1eefng chuy\u1ec3n bi\u1ebfn m\u1edbi trong qu\u00e1 tr\u00ecnh \u0111i\u1ec1u tr\u1ecb b\u1ec7nh.<\/p>\n<p>Th\u1ee7 ph\u1ea1m \u0111\u1eb1ng sau s\u1ef1 l\u00e2y lan c\u1ee7a nhi\u1ec1u c\u0103n b\u1ec7nh nguy hi\u1ec3m ch\u00ednh l\u00e0 vi khu\u1ea9n. \u0110\u00f3 l\u00e0 nh\u1eefng sinh v\u1eadt r\u1ea5t nh\u1ecf x\u00e2m nh\u1eadp v\u00e0 sinh s\u00f4i n\u1ea3y n\u1edf trong c\u01a1 th\u1ec3 ch\u00fang ta.<\/p>\n<p>Thu\u1ed1c kh\u00e1ng sinh c\u00f3 kh\u1ea3 n\u0103ng di\u1ec7t vi khu\u1ea9n. Nh\u1edd c\u00f3 thu\u1ed1c kh\u00e1ng sinh, ng\u01b0\u1eddi ta c\u00f3 th\u1ec3 \u0111\u00e1nh b\u1eadt nh\u1eefng c\u0103n b\u1ec7nh v\u1ed1n \u0111\u01b0\u1ee3c coi l\u00e0 v\u00f4 ph\u01b0\u01a1ng c\u1ee9u ch\u1eefa.<\/p>\n<p>Cu\u1ed1n s\u00e1ch n\u00e0y thu\u1eadt l\u1ea1i h\u00e0nh tr\u00ecnh kh\u00e1m ph\u00e1 thu\u1ed1c kh\u00e1ng sinh v\u00e0 nh\u1eefng chuy\u1ec3n bi\u1ebfn m\u1edbi trong qu\u00e1 tr\u00ecnh \u0111i\u1ec1u tr\u1ecb b\u1ec7nh.<\/p>\n<p>H\u00e3y t\u01b0\u1edfng t\u01b0\u1ee3ng n\u1ebfu th\u1ebf gi\u1edbi kh\u00f4ng c\u00f3 s\u00e1ch.<\/p>\n<p>Ngo\u00e0i l\u1eddi k\u1ec3 c\u1ee7a d\u00e2n du l\u1ecbch, b\u1ea1n kh\u00f4ng c\u00f3 th\u00f4ng tin g\u00ec v\u1ec1 th\u1ebf gi\u1edbi b\u00ean ngo\u00e0i. B\u1ea1n s\u1ebd kh\u00f4ng bi\u1ebft g\u00ec v\u1ec1 chuy\u1ec7n qu\u00e1 kh\u1ee9 tr\u1eeb nh\u1eefng g\u00ec m\u1ecdi ng\u01b0\u1eddi c\u00f3 th\u1ec3 ghi nh\u1edb.<\/p>\n<p>S\u00e1ch l\u00e0 m\u1ed9t c\u00f4ng c\u1ee5 l\u01b0u tr\u1eef d\u1eef li\u1ec7u tuy\u1ec7t v\u1eddi, nh\u01b0ng th\u01b0\u1eddng kh\u00f4ng \u0111\u01b0\u1ee3c coi tr\u1ecdng.<\/p>\n<p>H\u00e3y kh\u00e1m ph\u00e1 s\u1ef1 ph\u00e1t tri\u1ec3n c\u1ee7a s\u00e1ch qua nhi\u1ec1u th\u1ebf k\u1ec9 c\u0169ng nh\u01b0 c\u00f4ng cu\u1ed9c \u0111\u1ed5i m\u1edbi s\u00e1ch cho t\u01b0\u01a1ng lai nh\u00e9.<\/p>\n<p>Ch\u00fang ta kh\u00f4ng th\u1ec3 s\u1ed1ng \u0111\u01b0\u1ee3c n\u1ebfu thi\u1ebfu n\u01b0\u1edbc. N\u01b0\u1edbc chi\u1ebfm g\u1ea7n 2\/3 tr\u1ecdng l\u01b0\u1ee3ng c\u01a1 th\u1ec3 ta. N\u01b0\u1edbc gi\u00fap ta v\u1ec7 sinh s\u1ea1ch s\u1ebd, nu\u00f4i d\u01b0\u1ee1ng c\u01a1 th\u1ec3 v\u00e0 lo\u1ea1i b\u1ecf ch\u1ea5t th\u1ea3i.<\/p>\n<p>Nh\u01b0ng n\u01b0\u1edbc c\u0169ng c\u00f3 th\u1ec3 l\u00e0m l\u00e2y truy\u1ec1n m\u1ea7m b\u1ec7nh v\u00e0 c\u00e1c ch\u1ea5t \u0111\u1ed9c.<\/p>\n<p>M\u1ed9t trong nh\u1eefng th\u00e1ch th\u1ee9c l\u1edbn nh\u1ea5t c\u1ee7a c\u00e1c nh\u00e0 khoa h\u1ecdc v\u00e0 c\u00e1c ch\u00ednh ph\u1ee7 ng\u00e0y nay l\u00e0 \u0111\u1ea3m b\u1ea3o cho t\u1ea5t c\u1ea3 m\u1ecdi ng\u01b0\u1eddi \u0111\u1ec1u \u0111\u01b0\u1ee3c s\u1eed d\u1ee5ng ngu\u1ed3n n\u01b0\u1edbc s\u1ea1ch s\u1ebd v\u00e0 an to\u00e0n.<\/p>\n","protected":false},"excerpt":{"rendered":"<p>Combo S\u1ebd Ra Sao N\u1ebfu Thi\u1ebfu (B\u1ed9 6 Cu\u1ed1n)<\/p>\n<p>B\u1ea1n s\u1ebd &#8220;gi\u1ea3i quy\u1ebft n\u1ed7i bu\u1ed3n&#8221; th\u1ebf n\u00e0o n\u1ebfu kh\u00f4ng c\u00f3 nh\u00e0 v\u1ec7 sinh? B\u1ea1n s\u1ebd \u0111i \u0111\u00e2u? L\u00e0m th\u1ebf n\u00e0o \u0111\u1ec3 gi\u1eef g\u00ecn cho b\u1ea3n th\u00e2n v\u00e0 ng\u00f4i nh\u00e0 c\u1ee7a m\u00ecnh lu\u00f4n s\u1ea1ch s\u1ebd?<\/p>\n<p>Quy\u1ec3n s\u00e1ch n\u00e0y n\u00f3i v\u1ec1 nh\u1eefng c\u00e2u chuy\u1ec7n th\u00fa v\u1ecb xung quanh m\u1ed9t tuy\u1ec7t t\u00e1c c\u00f4ng ngh\u1ec7 kh\u00f4ng th\u1ec3 thi\u1ebfu \u0111\u01b0\u1ee3c trong nh\u00e0 b\u1ea1n: nh\u00e0 v\u1ec7 sinh.<\/p>\n<p>C\u00f9ng t\u00ecm hi\u1ec3u l\u00ed do t\u1ea1i sao nh\u00e0 v\u1ec7 sinh l\u1ea1i quan tr\u1ecdng \u0111\u1ebfn v\u1eady, n\u00f3 \u0111\u01b0\u1ee3c c\u1ea3i ti\u1ebfn nh\u01b0 th\u1ebf n\u00e0o qua nhi\u1ec1u n\u0103m v\u00e0 n\u00f3 s\u1ebd ph\u00e1t tri\u1ec3n ra sao trong t\u01b0\u01a1ng lai?<\/p>\n<p>L\u00fac n\u00e0o ch\u00fang ta c\u0169ng mang \u0111i\u1ec7n tho\u1ea1i di \u0111\u1ed9ng b\u00ean m\u00ecnh, \u0111\u1ec3 gi\u1eef li\u00ean l\u1ea1c v\u1edbi b\u1ea1n b\u00e8, \u0111\u1ec3 ch\u01a1i game ho\u1eb7c truy c\u1eadp internet.<\/p>\n<p>\u0110i\u1ec7n tho\u1ea1i di \u0111\u1ed9ng c\u00e0ng ng\u00e0y c\u00e0ng nh\u1ecf g\u1ecdn h\u01a1n, r\u1ebb h\u01a1n v\u00e0 nhi\u1ec1u t\u00ednh n\u0103ng h\u01a1n, th\u1eadt kh\u00f3 m\u00e0 h\u00ecnh dung n\u1ed5i cu\u1ed9c s\u1ed1ng s\u1ebd ra sao n\u1ebfu thi\u1ebfu n\u00f3.<\/p>\n<p>Nh\u01b0ng ch\u1ec9 m\u1edbi 30 n\u0103m tr\u01b0\u1edbc th\u00f4i, \u0111i\u1ec7n tho\u1ea1i di \u0111\u1ed9ng c\u00f2n ch\u01b0a ra \u0111\u1eddi. V\u1eady con ng\u01b0\u1eddi tr\u00ean Tr\u00e1i \u0110\u1ea5t \u0111\u00e3 xoay s\u1edf ra sao?<\/p>\n<p>Th\u1ee7 ph\u1ea1m \u0111\u1eb1ng sau s\u1ef1 l\u00e2y lan c\u1ee7a nhi\u1ec1u c\u0103n b\u1ec7nh nguy hi\u1ec3m ch\u00ednh l\u00e0 vi khu\u1ea9n. \u0110\u00f3 l\u00e0 nh\u1eefng sinh v\u1eadt r\u1ea5t nh\u1ecf x\u00e2m nh\u1eadp v\u00e0 sinh s\u00f4i n\u1ea3y n\u1edf trong c\u01a1 th\u1ec3 ch\u00fang ta.<\/p>\n<p>Thu\u1ed1c kh\u00e1ng sinh c\u00f3 kh\u1ea3 n\u0103ng di\u1ec7t vi khu\u1ea9n. Nh\u1edd c\u00f3 thu\u1ed1c kh\u00e1ng sinh, ng\u01b0\u1eddi ta c\u00f3 th\u1ec3 \u0111\u00e1nh b\u1eadt nh\u1eefng c\u0103n b\u1ec7nh v\u1ed1n \u0111\u01b0\u1ee3c coi l\u00e0 v\u00f4 ph\u01b0\u01a1ng c\u1ee9u ch\u1eefa.<\/p>\n<p>Cu\u1ed1n s\u00e1ch n\u00e0y thu\u1eadt l\u1ea1i h\u00e0nh tr\u00ecnh kh\u00e1m ph\u00e1 thu\u1ed1c kh\u00e1ng sinh v\u00e0 nh\u1eefng chuy\u1ec3n bi\u1ebfn m\u1edbi trong qu\u00e1 tr\u00ecnh \u0111i\u1ec1u tr\u1ecb b\u1ec7nh.<\/p>\n<p>Th\u1ee7 ph\u1ea1m \u0111\u1eb1ng sau s\u1ef1 l\u00e2y lan c\u1ee7a nhi\u1ec1u c\u0103n b\u1ec7nh nguy hi\u1ec3m ch\u00ednh l\u00e0 vi khu\u1ea9n. \u0110\u00f3 l\u00e0 nh\u1eefng sinh v\u1eadt r\u1ea5t nh\u1ecf x\u00e2m nh\u1eadp v\u00e0 sinh s\u00f4i n\u1ea3y n\u1edf trong c\u01a1 th\u1ec3 ch\u00fang ta.<\/p>\n<p>Thu\u1ed1c kh\u00e1ng sinh c\u00f3 kh\u1ea3 n\u0103ng di\u1ec7t vi khu\u1ea9n. Nh\u1edd c\u00f3 thu\u1ed1c kh\u00e1ng sinh, ng\u01b0\u1eddi ta c\u00f3 th\u1ec3 \u0111\u00e1nh b\u1eadt nh\u1eefng c\u0103n b\u1ec7nh v\u1ed1n \u0111\u01b0\u1ee3c coi l\u00e0 v\u00f4 ph\u01b0\u01a1ng c\u1ee9u ch\u1eefa.<\/p>\n<p>Cu\u1ed1n s\u00e1ch n\u00e0y thu\u1eadt l\u1ea1i h\u00e0nh tr\u00ecnh kh\u00e1m ph\u00e1 thu\u1ed1c kh\u00e1ng sinh v\u00e0 nh\u1eefng chuy\u1ec3n bi\u1ebfn m\u1edbi trong qu\u00e1 tr\u00ecnh \u0111i\u1ec1u tr\u1ecb b\u1ec7nh.<\/p>\n<p>H\u00e3y t\u01b0\u1edfng t\u01b0\u1ee3ng n\u1ebfu th\u1ebf gi\u1edbi kh\u00f4ng c\u00f3 s\u00e1ch.<\/p>\n<p>Ngo\u00e0i l\u1eddi k\u1ec3 c\u1ee7a d\u00e2n du l\u1ecbch, b\u1ea1n kh\u00f4ng c\u00f3 th\u00f4ng tin g\u00ec v\u1ec1 th\u1ebf gi\u1edbi b\u00ean ngo\u00e0i. B\u1ea1n s\u1ebd kh\u00f4ng bi\u1ebft g\u00ec v\u1ec1 chuy\u1ec7n qu\u00e1 kh\u1ee9 tr\u1eeb nh\u1eefng g\u00ec m\u1ecdi ng\u01b0\u1eddi c\u00f3 th\u1ec3 ghi nh\u1edb.<\/p>\n<p>S\u00e1ch l\u00e0 m\u1ed9t c\u00f4ng c\u1ee5 l\u01b0u tr\u1eef d\u1eef li\u1ec7u tuy\u1ec7t v\u1eddi, nh\u01b0ng th\u01b0\u1eddng kh\u00f4ng \u0111\u01b0\u1ee3c coi tr\u1ecdng.<\/p>\n<p>H\u00e3y kh\u00e1m ph\u00e1 s\u1ef1 ph\u00e1t tri\u1ec3n c\u1ee7a s\u00e1ch qua nhi\u1ec1u th\u1ebf k\u1ec9 c\u0169ng nh\u01b0 c\u00f4ng cu\u1ed9c \u0111\u1ed5i m\u1edbi s\u00e1ch cho t\u01b0\u01a1ng lai nh\u00e9.<\/p>\n<p>Ch\u00fang ta kh\u00f4ng th\u1ec3 s\u1ed1ng \u0111\u01b0\u1ee3c n\u1ebfu thi\u1ebfu n\u01b0\u1edbc. N\u01b0\u1edbc chi\u1ebfm g\u1ea7n 2\/3 tr\u1ecdng l\u01b0\u1ee3ng c\u01a1 th\u1ec3 ta. N\u01b0\u1edbc gi\u00fap ta v\u1ec7 sinh s\u1ea1ch s\u1ebd, nu\u00f4i d\u01b0\u1ee1ng c\u01a1 th\u1ec3 v\u00e0 lo\u1ea1i b\u1ecf ch\u1ea5t th\u1ea3i.<\/p>\n<p>Nh\u01b0ng n\u01b0\u1edbc c\u0169ng c\u00f3 th\u1ec3 l\u00e0m l\u00e2y truy\u1ec1n m\u1ea7m b\u1ec7nh v\u00e0 c\u00e1c ch\u1ea5t \u0111\u1ed9c.<\/p>\n<p>M\u1ed9t trong nh\u1eefng th\u00e1ch th\u1ee9c l\u1edbn nh\u1ea5t c\u1ee7a c\u00e1c nh\u00e0 khoa h\u1ecdc v\u00e0 c\u00e1c ch\u00ednh ph\u1ee7 ng\u00e0y nay l\u00e0 \u0111\u1ea3m b\u1ea3o cho t\u1ea5t c\u1ea3 m\u1ecdi ng\u01b0\u1eddi \u0111\u1ec1u \u0111\u01b0\u1ee3c s\u1eed d\u1ee5ng ngu\u1ed3n n\u01b0\u1edbc s\u1ea1ch s\u1ebd v\u00e0 an to\u00e0n.<\/p>\n","protected":false},"featured_media":17426,"template":"","meta":{"_acf_changed":false},"product_brand":[],"product_cat":[25,17,26],"product_tag":[],"class_list":{"0":"post-17427","1":"product","2":"type-product","3":"status-publish","4":"has-post-thumbnail","6":"product_cat-nhi-dong-6-tuoi-12-tuoi","7":"product_cat-sach-danh-cho-cac-be","8":"product_cat-thieu-nien-11-tuoi-18-tuoi","10":"first","11":"outofstock","12":"taxable","13":"shipping-taxable","14":"purchasable","15":"product-type-simple"},"supplier_id":null,"supplier_sku":"","barcode":null,"atum_controlled":true,"out_stock_date":"2023-05-20 15:11:21","out_stock_threshold":null,"inheritable":false,"inbound_stock":0,"stock_on_hold":0,"sold_today":0,"sales_last_days":0,"reserved_stock":0,"customer_returns":0,"warehouse_damage":0,"lost_in_post":0,"other_logs":0,"out_stock_days":984,"lost_sales":2528,"has_location":false,"update_date":"2026-01-28T23:10:59","atum_locations":[],"atum_stock_status":"outofstock","restock_status":false,"low_stock_amount":"","sales_update_date":"2026-01-28T23:10:59","calc_backorders":null,"acf":{"publisher":{"ID":1454,"post_author":"1","post_date":"2021-02-17 01:11:34","post_date_gmt":"2021-02-16 23:11:34","post_content":"<!-- wp:flatsome\/uxbuilder -->\n<h1 style=\"text-align: center;\"><strong>Kim \u0110\u1ed3ng<\/strong><\/h1>\n[row]\n\n[col span=\"3\" span__sm=\"12\"]\n\n[ux_image id=\"1534\" image_size=\"medium\"]\n\n\n[\/col]\n[col span=\"9\" span__sm=\"12\"]\n\n<p>Nh\u00e0 xu\u1ea5t b\u1ea3n Kim \u0110\u1ed3ng tr\u1ef1c thu\u1ed9c Trung \u01b0\u01a1ng \u0110o\u00e0n TNCS H\u1ed3 Ch\u00ed Minh l\u00e0 Nh\u00e0 xu\u1ea5t b\u1ea3n t\u1ed5ng h\u1ee3p c\u00f3 ch\u1ee9c n\u0103ng xu\u1ea5t b\u1ea3n s\u00e1ch v\u00e0 v\u0103n h\u00f3a ph\u1ea9m ph\u1ee5c v\u1ee5 thi\u1ebfu nhi v\u00e0 c\u00e1c b\u1eadc ph\u1ee5 huynh trong c\u1ea3 n\u01b0\u1edbc, qu\u1ea3ng b\u00e1 v\u00e0 gi\u1edbi thi\u1ec7u v\u0103n h\u00f3a Vi\u1ec7t Nam ra th\u1ebf gi\u1edbi.<br \/>Nh\u00e0 xu\u1ea5t b\u1ea3n c\u00f3 nhi\u1ec7m v\u1ee5 t\u1ed5 ch\u1ee9c b\u1ea3n th\u1ea3o, bi\u00ean so\u1ea1n, bi\u00ean d\u1ecbch, xu\u1ea5t b\u1ea3n v\u00e0 ph\u00e1t h\u00e0nh c\u00e1c xu\u1ea5t b\u1ea3n ph\u1ea9m c\u00f3 n\u1ed9i dung: gi\u00e1o d\u1ee5c truy\u1ec1n th\u1ed1ng d\u00e2n t\u1ed9c, gi\u00e1o d\u1ee5c v\u1ec1 tri th\u1ee9c, ki\u1ebfn th\u1ee9c\u2026 tr\u00ean c\u00e1c l\u0129nh v\u1ef1c v\u0103n h\u1ecdc, ngh\u1ec7 thu\u1eadt, khoa h\u1ecdc k\u1ef9 thu\u1eadt nh\u1eb1m cung c\u1ea5p cho c\u00e1c em thi\u1ebfu nhi c\u0169ng nh\u01b0 c\u00e1c b\u1eadc ph\u1ee5 huynh c\u00e1c ki\u1ebfn th\u1ee9c c\u1ea7n thi\u1ebft trong cu\u1ed9c s\u1ed1ng, nh\u1eefng tinh hoa c\u1ee7a tri th\u1ee9c nh\u00e2n lo\u1ea1i nh\u1eb1m g\u00f3p ph\u1ea7n gi\u00e1o d\u1ee5c v\u00e0 h\u00ecnh th\u00e0nh nh\u00e2n c\u00e1ch th\u1ebf h\u1ec7 tr\u1ebb.<br \/>\u0110\u1ed1i t\u01b0\u1ee3ng ph\u1ee5c v\u1ee5 c\u1ee7a Nh\u00e0 xu\u1ea5t b\u1ea3n l\u00e0 c\u00e1c em t\u1eeb tu\u1ed5i nh\u00e0 tr\u1ebb m\u1eabu gi\u00e1o (1 \u0111\u1ebfn 5 tu\u1ed5i), nhi \u0111\u1ed3ng (6 \u0111\u1ebfn 9 tu\u1ed5i), thi\u1ebfu ni\u00ean (10 \u0111\u1ebfn 15 tu\u1ed5i) \u0111\u1ebfn c\u00e1c em tu\u1ed5i m\u1edbi l\u1edbn (16 \u0111\u1ebfn 18 tu\u1ed5i) v\u00e0 c\u00e1c b\u1eadc ph\u1ee5 huynh.<\/p>\n\n[\/col]\n\n[\/row]\n\n<!-- \/wp:flatsome\/uxbuilder -->","post_title":"Kim \u0110\u1ed3ng","post_excerpt":"","post_status":"publish","comment_status":"closed","ping_status":"closed","post_password":"","post_name":"kim-dong","to_ping":"","pinged":"","post_modified":"2021-02-17 01:31:56","post_modified_gmt":"2021-02-16 23:31:56","post_content_filtered":"","post_parent":0,"guid":"https:\/\/sachviet.eu\/nha-phat-hanh\/kim-dong\/","menu_order":0,"post_type":"publisher","post_mime_type":"","comment_count":"0","filter":"raw"}},"_links":{"self":[{"href":"https:\/\/sachviet.eu\/en\/wp-json\/wp\/v2\/product\/17427","targetHints":{"allow":["GET"]}}],"collection":[{"href":"https:\/\/sachviet.eu\/en\/wp-json\/wp\/v2\/product"}],"about":[{"href":"https:\/\/sachviet.eu\/en\/wp-json\/wp\/v2\/types\/product"}],"wp:featuredmedia":[{"embeddable":true,"href":"https:\/\/sachviet.eu\/en\/wp-json\/wp\/v2\/media\/17426"}],"wp:attachment":[{"href":"https:\/\/sachviet.eu\/en\/wp-json\/wp\/v2\/media?parent=17427"}],"wp:term":[{"taxonomy":"product_brand","embeddable":true,"href":"https:\/\/sachviet.eu\/en\/wp-json\/wp\/v2\/product_brand?post=17427"},{"taxonomy":"product_cat","embeddable":true,"href":"https:\/\/sachviet.eu\/en\/wp-json\/wp\/v2\/product_cat?post=17427"},{"taxonomy":"product_tag","embeddable":true,"href":"https:\/\/sachviet.eu\/en\/wp-json\/wp\/v2\/product_tag?post=17427"}],"curies":[{"name":"wp","href":"https:\/\/api.w.org\/{rel}","templated":true}]}}