{"id":17425,"date":"2022-03-11T23:49:40","date_gmt":"2022-03-11T21:49:40","guid":{"rendered":"https:\/\/sachviet.eu\/shop\/de-thau-hieu-con-hon-bo-3-cuon\/"},"modified":"2023-03-24T12:00:43","modified_gmt":"2023-03-24T10:00:43","slug":"de-thau-hieu-con-hon-bo-3-cuon","status":"publish","type":"product","link":"https:\/\/sachviet.eu\/en\/shop\/de-thau-hieu-con-hon-bo-3-cuon\/","title":{"rendered":"\u0110\u1ec3 Th\u1ea5u Hi\u1ec3u Con H\u01a1n &#8211; B\u1ed9 3 cu\u1ed1n"},"content":{"rendered":"<p>\u0110\u1ec3 Th\u1ea5u Hi\u1ec3u Con H\u01a1n &#8211; B\u1ed9 3 cu\u1ed1n<\/p>\n<p>Trong cu\u1ed1n s\u00e1ch n\u00e0y, hai nh\u00e0 t\u00e2m l\u00ed h\u1ecdc tr\u1ebb em \u0111\u00e3 \u0111\u01b0a ra nh\u1eefng t\u00ecnh hu\u1ed1ng v\u00e0 c\u00e2u h\u1ecfi xoay quanh v\u1ea5n \u0111\u1ec1 b\u1ea3n s\u1eafc v\u00e0 s\u1ef1 \u0111a d\u1ea1ng, mang \u0111\u1ebfn c\u01a1 h\u1ed9i tuy\u1ec7t v\u1eddi \u0111\u1ec3 cha m\u1eb9 th\u1ea3o lu\u1eadn c\u00f9ng tr\u1ebb v\u1ec1 nh\u1eefng ch\u1ee7 \u0111\u1ec1 m\u00e0 tr\u1ebb quan t\u00e2m. Cu\u1ed1i s\u00e1ch c\u00f3 l\u1eddi gi\u1edbi thi\u1ec7u v\u00e0 ph\u1ea7n tham kh\u1ea3o \u0111\u1ea7y \u0111\u1ee7 nh\u1eb1m h\u1ed7 tr\u1ee3 v\u00e0 \u0111\u01b0a ra l\u1eddi khuy\u00ean gi\u00fap cha m\u1eb9 v\u00e0 nh\u1eefng ng\u01b0\u1eddi ch\u0103m s\u00f3c tr\u00f2 chuy\u1ec7n \u0111\u00fang c\u00e1ch c\u00f9ng tr\u1ebb.<\/p>\n<p>C\u00f9ng kh\u00e1m ph\u00e1 12 v\u1ea5n \u0111\u1ec1 l\u1edbn d\u00e0nh cho c\u00e1c b\u1ea1n nh\u1ecf trong cu\u1ed1n s\u00e1ch b\u1ed5 \u00edch k\u00e8m minh ho\u1ea1 d\u1ec5 th\u01b0\u01a1ng n\u00e0y nh\u00e9 !<\/p>\n<p>\u0110\u1ec3 Th\u1ea5u Hi\u1ec3u Con H\u01a1n : V\u00ec Sao Con Ph\u1ea3i \u0102n Rau?<br \/>\n\u0110\u1ec3 Th\u1ea5u Hi\u1ec3u Con H\u01a1n : V\u00ec Sao M\u00e0u Da M\u1ecdi Ng\u01b0\u1eddi L\u1ea1i Kh\u00e1c Nhau<br \/>\n\u0110\u1ec3 Th\u1ea5u Hi\u1ec3u Con H\u01a1n: V\u00ec Sao C\u1ea3 Nh\u00e0 M\u00ecnh Kh\u00f4ng S\u1ed1ng C\u00f9ng Nhau N\u1eefa?<\/p>\n","protected":false},"excerpt":{"rendered":"<p>\u0110\u1ec3 Th\u1ea5u Hi\u1ec3u Con H\u01a1n &#8211; B\u1ed9 3 cu\u1ed1n<\/p>\n<p>Trong cu\u1ed1n s\u00e1ch n\u00e0y, hai nh\u00e0 t\u00e2m l\u00ed h\u1ecdc tr\u1ebb em \u0111\u00e3 \u0111\u01b0a ra nh\u1eefng t\u00ecnh hu\u1ed1ng v\u00e0 c\u00e2u h\u1ecfi xoay quanh v\u1ea5n \u0111\u1ec1 b\u1ea3n s\u1eafc v\u00e0 s\u1ef1 \u0111a d\u1ea1ng, mang \u0111\u1ebfn c\u01a1 h\u1ed9i tuy\u1ec7t v\u1eddi \u0111\u1ec3 cha m\u1eb9 th\u1ea3o lu\u1eadn c\u00f9ng tr\u1ebb v\u1ec1 nh\u1eefng ch\u1ee7 \u0111\u1ec1 m\u00e0 tr\u1ebb quan t\u00e2m. Cu\u1ed1i s\u00e1ch c\u00f3 l\u1eddi gi\u1edbi thi\u1ec7u v\u00e0 ph\u1ea7n tham kh\u1ea3o \u0111\u1ea7y \u0111\u1ee7 nh\u1eb1m h\u1ed7 tr\u1ee3 v\u00e0 \u0111\u01b0a ra l\u1eddi khuy\u00ean gi\u00fap cha m\u1eb9 v\u00e0 nh\u1eefng ng\u01b0\u1eddi ch\u0103m s\u00f3c tr\u00f2 chuy\u1ec7n \u0111\u00fang c\u00e1ch c\u00f9ng tr\u1ebb.<\/p>\n<p>C\u00f9ng kh\u00e1m ph\u00e1 12 v\u1ea5n \u0111\u1ec1 l\u1edbn d\u00e0nh cho c\u00e1c b\u1ea1n nh\u1ecf trong cu\u1ed1n s\u00e1ch b\u1ed5 \u00edch k\u00e8m minh ho\u1ea1 d\u1ec5 th\u01b0\u01a1ng n\u00e0y nh\u00e9 !<\/p>\n<p>\u0110\u1ec3 Th\u1ea5u Hi\u1ec3u Con H\u01a1n : V\u00ec Sao Con Ph\u1ea3i \u0102n Rau?<br \/>\n\u0110\u1ec3 Th\u1ea5u Hi\u1ec3u Con H\u01a1n : V\u00ec Sao M\u00e0u Da M\u1ecdi Ng\u01b0\u1eddi L\u1ea1i Kh\u00e1c Nhau<br \/>\n\u0110\u1ec3 Th\u1ea5u Hi\u1ec3u Con H\u01a1n: V\u00ec Sao C\u1ea3 Nh\u00e0 M\u00ecnh Kh\u00f4ng S\u1ed1ng C\u00f9ng Nhau N\u1eefa?<\/p>\n","protected":false},"featured_media":17422,"template":"","meta":{"_acf_changed":false},"product_brand":[],"product_cat":[25,17],"product_tag":[],"class_list":{"0":"post-17425","1":"product","2":"type-product","3":"status-publish","4":"has-post-thumbnail","6":"product_cat-nhi-dong-6-tuoi-12-tuoi","7":"product_cat-sach-danh-cho-cac-be","9":"first","10":"outofstock","11":"taxable","12":"shipping-taxable","13":"purchasable","14":"product-type-simple"},"supplier_id":null,"supplier_sku":"","barcode":null,"atum_controlled":true,"out_stock_date":"2023-03-24 10:00:43","out_stock_threshold":null,"inheritable":false,"inbound_stock":0,"stock_on_hold":0,"sold_today":0,"sales_last_days":0,"reserved_stock":0,"customer_returns":0,"warehouse_damage":0,"lost_in_post":0,"other_logs":0,"out_stock_days":1041,"lost_sales":0,"has_location":false,"update_date":"2026-01-28T23:10:59","atum_locations":[],"atum_stock_status":"outofstock","restock_status":false,"low_stock_amount":"","sales_update_date":"2026-01-28T23:10:59","calc_backorders":null,"acf":{"publisher":{"ID":1454,"post_author":"1","post_date":"2021-02-17 01:11:34","post_date_gmt":"2021-02-16 23:11:34","post_content":"<!-- wp:flatsome\/uxbuilder -->\n<h1 style=\"text-align: center;\"><strong>Kim \u0110\u1ed3ng<\/strong><\/h1>\n[row]\n\n[col span=\"3\" span__sm=\"12\"]\n\n[ux_image id=\"1534\" image_size=\"medium\"]\n\n\n[\/col]\n[col span=\"9\" span__sm=\"12\"]\n\n<p>Nh\u00e0 xu\u1ea5t b\u1ea3n Kim \u0110\u1ed3ng tr\u1ef1c thu\u1ed9c Trung \u01b0\u01a1ng \u0110o\u00e0n TNCS H\u1ed3 Ch\u00ed Minh l\u00e0 Nh\u00e0 xu\u1ea5t b\u1ea3n t\u1ed5ng h\u1ee3p c\u00f3 ch\u1ee9c n\u0103ng xu\u1ea5t b\u1ea3n s\u00e1ch v\u00e0 v\u0103n h\u00f3a ph\u1ea9m ph\u1ee5c v\u1ee5 thi\u1ebfu nhi v\u00e0 c\u00e1c b\u1eadc ph\u1ee5 huynh trong c\u1ea3 n\u01b0\u1edbc, qu\u1ea3ng b\u00e1 v\u00e0 gi\u1edbi thi\u1ec7u v\u0103n h\u00f3a Vi\u1ec7t Nam ra th\u1ebf gi\u1edbi.<br \/>Nh\u00e0 xu\u1ea5t b\u1ea3n c\u00f3 nhi\u1ec7m v\u1ee5 t\u1ed5 ch\u1ee9c b\u1ea3n th\u1ea3o, bi\u00ean so\u1ea1n, bi\u00ean d\u1ecbch, xu\u1ea5t b\u1ea3n v\u00e0 ph\u00e1t h\u00e0nh c\u00e1c xu\u1ea5t b\u1ea3n ph\u1ea9m c\u00f3 n\u1ed9i dung: gi\u00e1o d\u1ee5c truy\u1ec1n th\u1ed1ng d\u00e2n t\u1ed9c, gi\u00e1o d\u1ee5c v\u1ec1 tri th\u1ee9c, ki\u1ebfn th\u1ee9c\u2026 tr\u00ean c\u00e1c l\u0129nh v\u1ef1c v\u0103n h\u1ecdc, ngh\u1ec7 thu\u1eadt, khoa h\u1ecdc k\u1ef9 thu\u1eadt nh\u1eb1m cung c\u1ea5p cho c\u00e1c em thi\u1ebfu nhi c\u0169ng nh\u01b0 c\u00e1c b\u1eadc ph\u1ee5 huynh c\u00e1c ki\u1ebfn th\u1ee9c c\u1ea7n thi\u1ebft trong cu\u1ed9c s\u1ed1ng, nh\u1eefng tinh hoa c\u1ee7a tri th\u1ee9c nh\u00e2n lo\u1ea1i nh\u1eb1m g\u00f3p ph\u1ea7n gi\u00e1o d\u1ee5c v\u00e0 h\u00ecnh th\u00e0nh nh\u00e2n c\u00e1ch th\u1ebf h\u1ec7 tr\u1ebb.<br \/>\u0110\u1ed1i t\u01b0\u1ee3ng ph\u1ee5c v\u1ee5 c\u1ee7a Nh\u00e0 xu\u1ea5t b\u1ea3n l\u00e0 c\u00e1c em t\u1eeb tu\u1ed5i nh\u00e0 tr\u1ebb m\u1eabu gi\u00e1o (1 \u0111\u1ebfn 5 tu\u1ed5i), nhi \u0111\u1ed3ng (6 \u0111\u1ebfn 9 tu\u1ed5i), thi\u1ebfu ni\u00ean (10 \u0111\u1ebfn 15 tu\u1ed5i) \u0111\u1ebfn c\u00e1c em tu\u1ed5i m\u1edbi l\u1edbn (16 \u0111\u1ebfn 18 tu\u1ed5i) v\u00e0 c\u00e1c b\u1eadc ph\u1ee5 huynh.<\/p>\n\n[\/col]\n\n[\/row]\n\n<!-- \/wp:flatsome\/uxbuilder -->","post_title":"Kim \u0110\u1ed3ng","post_excerpt":"","post_status":"publish","comment_status":"closed","ping_status":"closed","post_password":"","post_name":"kim-dong","to_ping":"","pinged":"","post_modified":"2021-02-17 01:31:56","post_modified_gmt":"2021-02-16 23:31:56","post_content_filtered":"","post_parent":0,"guid":"https:\/\/sachviet.eu\/nha-phat-hanh\/kim-dong\/","menu_order":0,"post_type":"publisher","post_mime_type":"","comment_count":"0","filter":"raw"}},"_links":{"self":[{"href":"https:\/\/sachviet.eu\/en\/wp-json\/wp\/v2\/product\/17425","targetHints":{"allow":["GET"]}}],"collection":[{"href":"https:\/\/sachviet.eu\/en\/wp-json\/wp\/v2\/product"}],"about":[{"href":"https:\/\/sachviet.eu\/en\/wp-json\/wp\/v2\/types\/product"}],"wp:featuredmedia":[{"embeddable":true,"href":"https:\/\/sachviet.eu\/en\/wp-json\/wp\/v2\/media\/17422"}],"wp:attachment":[{"href":"https:\/\/sachviet.eu\/en\/wp-json\/wp\/v2\/media?parent=17425"}],"wp:term":[{"taxonomy":"product_brand","embeddable":true,"href":"https:\/\/sachviet.eu\/en\/wp-json\/wp\/v2\/product_brand?post=17425"},{"taxonomy":"product_cat","embeddable":true,"href":"https:\/\/sachviet.eu\/en\/wp-json\/wp\/v2\/product_cat?post=17425"},{"taxonomy":"product_tag","embeddable":true,"href":"https:\/\/sachviet.eu\/en\/wp-json\/wp\/v2\/product_tag?post=17425"}],"curies":[{"name":"wp","href":"https:\/\/api.w.org\/{rel}","templated":true}]}}