{"id":17409,"date":"2022-03-11T23:49:12","date_gmt":"2022-03-11T21:49:12","guid":{"rendered":"https:\/\/sachviet.eu\/shop\/cuoc-song-tuoi-dep-bo-8-cuon\/"},"modified":"2022-05-04T17:12:29","modified_gmt":"2022-05-04T14:12:29","slug":"cuoc-song-tuoi-dep-bo-8-cuon","status":"publish","type":"product","link":"https:\/\/sachviet.eu\/en\/shop\/cuoc-song-tuoi-dep-bo-8-cuon\/","title":{"rendered":"Cu\u1ed9c s\u1ed1ng t\u01b0\u01a1i \u0111\u1eb9p &#8211; B\u1ed9 8 cu\u1ed1n"},"content":{"rendered":"<p>Quan t\u00e2m \u0111\u00fang c\u00e1ch ch\u00ednh l\u00e0 quan s\u00e1t xem ng\u01b0\u1eddi kh\u00e1c c\u1ea7n g\u00ec, r\u1ed3i ch\u0103m s\u00f3c v\u00e0 gi\u00fap \u0111\u1ee1 b\u1eb1ng h\u00e0nh \u0111\u1ed9ng c\u1ee5 th\u1ec3. Ngay c\u1ea3 lo\u00e0i v\u1eadt, c\u00e2y c\u1ed1i, c\u0169ng r\u1ea5t c\u1ea7n s\u1ef1 quan t\u00e2m c\u1ee7a ch\u00fang ta. B\u1ea1n \u0111\u00e3 th\u1ec3 hi\u1ec7n s\u1ef1 quan t\u00e2m t\u1edbi nh\u1eefng ng\u01b0\u1eddi th\u00e2n thi\u1ebft v\u00e0 th\u1ebf gi\u1edbi xung quanh b\u1eb1ng nh\u1eefng h\u00e0nh \u0111\u1ed9ng n\u00e0o?<br \/>\nS\u1ee9c ng\u01b0\u1eddi c\u00f3 h\u1ea1n, m\u1ed7i ng\u01b0\u1eddi ch\u1ec9 l\u00e0m \u0111\u01b0\u1ee3c ph\u1ea7n vi\u1ec7c nh\u1ecf, nh\u01b0ng nhi\u1ec1u ng\u01b0\u1eddi h\u1ee3p s\u1ee9c s\u1ebd l\u00e0m n\u00ean vi\u1ec7c l\u1edbn. B\u1ea1n \u0111\u00e3 bao gi\u1edd th\u00e0nh c\u00f4ng nh\u1edd v\u00e0o vi\u1ec7c h\u1ee3p t\u00e1c v\u1edbi b\u1ea1n b\u00e8 m\u00ecnh ch\u01b0a?<br \/>\n\u0110\u1ed3ng c\u1ea3m v\u00e0 bi\u1ebft s\u1ebb chia l\u00e0 s\u1eb5n l\u00f2ng san s\u1ebb th\u1ee9 m\u00ecnh c\u00f3 v\u1edbi ng\u01b0\u1eddi kh\u00e1c. Ng\u01b0\u1eddi bi\u1ebft \u0111\u1ed3ng c\u1ea3m v\u00e0 s\u1ebb chia r\u1ea5t quan t\u00e2m v\u00e0 tr\u00e2n tr\u1ecdng m\u1ecdi ng\u01b0\u1eddi quanh m\u00ecnh. Li\u1ec7u b\u1ea1n c\u00f3 ph\u1ea3i l\u00e0 b\u1ea1n nh\u1ecf bi\u1ebft quan t\u00e2m \u0111\u1ebfn ng\u01b0\u1eddi kh\u00e1c kh\u00f4ng?<br \/>\nC\u00f3 l\u00f2ng bi\u1ebft \u01a1n l\u00e0 hi\u1ec3u v\u00e0 tr\u00e2n tr\u1ecdng nh\u1eefng vi\u1ec7c ng\u01b0\u1eddi kh\u00e1c l\u00e0m cho m\u00ecnh. T\u1eeb \u0111\u00f3, b\u1ea1n s\u1eb5n l\u00f2ng b\u00e1o \u0111\u00e1p v\u00e0 c\u1ea3m t\u1ea1 h\u1ecd t\u1eeb t\u1eadn \u0111\u00e1y l\u00f2ng. H\u00e3y th\u1eed nh\u00ecn xung quanh xem b\u1ea1n \u0111ang c\u00f3 nh\u1eefng g\u00ec, v\u00e0 b\u1ea1n mu\u1ed1n c\u1ea3m \u01a1n ai v\u00ec nh\u1eefng \u0111i\u1ec1u \u1ea5y?<br \/>\nT\u00f4n tr\u1ecdng ng\u01b0\u1eddi kh\u00e1c l\u00e0 \u0111\u1eb7t m\u00ecnh v\u00e0o v\u1ecb tr\u00ed ng\u01b0\u1eddi ta \u0111\u1ec3 suy x\u00e9t, t\u00f4n tr\u1ecdng \u01b0u \u0111i\u1ec3m c\u1ee7a ng\u01b0\u1eddi kh\u00e1c; t\u00f4n tr\u1ecdng thi\u00ean nhi\u00ean l\u00e0 \u0111\u1ed1i \u0111\u00e3i ch\u00e2n th\u00e0nh v\u1edbi v\u1ea1n v\u1eadt, y\u00eau th\u01b0\u01a1ng M\u1eb9 thi\u00ean nhi\u00ean. Ng\u01b0\u1eddi d\u00e2n th\u00f4n L\u00e1 Phong t\u00f4n tr\u1ecdng mu\u00f4n lo\u00e0i, t\u00f4n tr\u1ecdng M\u1eb9 thi\u00ean nhi\u00ean v\u00e0 nh\u1eadn l\u1ea1i ph\u1ea7n th\u01b0\u1edfng x\u1ee9ng \u0111\u00e1ng.<br \/>\nKi\u00ean tr\u00ec l\u00e0 c\u1ed1 g\u1eafng \u0111\u1ebfn c\u00f9ng \u0111\u1ec3 ho\u00e0n th\u00e0nh vi\u1ec7c m\u00ecnh mu\u1ed1n l\u00e0m, g\u1eb7p kh\u00f3 kh\u0103n c\u0169ng kh\u00f4ng b\u1ecf cu\u1ed9c. \u0110\u00e2y l\u00e0 m\u1ed9t \u0111\u1ee9c t\u00ednh r\u1ea5t quan tr\u1ecdng \u0111\u1ec3 th\u00e0nh c\u00f4ng \u0111\u1ea5y!<br \/>\nD\u0169ng c\u1ea3m v\u1edbi ch\u00ednh m\u00ecnh l\u00e0 v\u01b0\u1ee3t qua n\u1ed7i s\u1ee3 h\u00e3i v\u00e0 lo l\u1eafng trong l\u00f2ng \u0111\u1ec3 c\u1ea3i thi\u1ec7n nh\u1eefng \u0111i\u1ec3m ch\u01b0a t\u1ed1t c\u1ee7a m\u00ecnh. T\u1ef1 tin l\u00e0 khi \u0111\u1ed1i m\u1eb7t v\u1edbi ngh\u1ecbch c\u1ea3nh d\u00e1m thay \u0111\u1ed5i g\u00f3c nh\u00ecn, gi\u1ea3i quy\u1ebft d\u1ea7n t\u1eebng b\u01b0\u1edbc.<br \/>\nC\u00f9ng t\u00ecm \u0111\u1ecdc b\u1ed9 s\u00e1ch tranh truy\u1ec7n m\u00e0u d\u00e0nh cho l\u1ee9a tu\u1ed5i nhi \u0111\u1ed3ng Cu\u1ed9c S\u1ed1ng T\u01b0\u01a1i \u0110\u1eb9p (tr\u1ecdn b\u1ed9 8 cu\u1ed1n):<br \/>\nCu\u1ed9c S\u1ed1ng T\u01b0\u01a1i \u0110\u1eb9p &#8211; H\u1ecdc C\u00e1ch D\u0169ng C\u1ea3m: Ch\u00fang Ta L\u00e0m \u0110\u01b0\u1ee3c M\u00e0!<br \/>\nCu\u1ed9c S\u1ed1ng T\u01b0\u01a1i \u0110\u1eb9p &#8211; H\u1ecdc C\u00e1ch S\u1ed1ng Tr\u00e1ch Nhi\u1ec7m: Chuy\u1ebfn \u0110i Cu\u1ed1i C\u00f9ng C\u1ee7a Milu<br \/>\nCu\u1ed9c S\u1ed1ng T\u01b0\u01a1i \u0110\u1eb9p &#8211; H\u1ecdc C\u00e1ch Ki\u00ean Tr\u00ec: G\u1ea5u B\u00f4ng Xinh X\u1eafn<br \/>\nCu\u1ed9c S\u1ed1ng T\u01b0\u01a1i \u0110\u1eb9p &#8211; H\u1ecdc C\u00e1ch T\u00f4n Tr\u1ecdng: Mong \u01af\u1edbc C\u1ee7a Ng\u01b0\u1eddi N\u00f4ng D\u00e2n<br \/>\nCu\u1ed9c S\u1ed1ng T\u01b0\u01a1i \u0110\u1eb9p &#8211; H\u1ecdc C\u00e1ch C\u1ea3m \u01a0n: B\u00e1c Tr\u00e2u Gi\u00e0 Chuy\u1ec3n Nh\u00e0<br \/>\nCu\u1ed9c S\u1ed1ng T\u01b0\u01a1i \u0110\u1eb9p &#8211; H\u1ecdc C\u00e1ch Chia S\u1ebb: B\u1eefa Ti\u1ec7c Trong R\u1eebng<br \/>\nCu\u1ed9c S\u1ed1ng T\u01b0\u01a1i \u0110\u1eb9p &#8211; H\u1ecdc C\u00e1ch H\u1ee3p T\u00e1c: C\u00e2y K\u1ec9 Ni\u1ec7m<br \/>\nCu\u1ed9c S\u1ed1ng T\u01b0\u01a1i \u0110\u1eb9p &#8211; H\u1ecdc C\u00e1ch Quan T\u00e2m: Ch\u00fang M\u00ecnh C\u1ea3m \u01a0n B\u1ea1n<\/p>\n","protected":false},"excerpt":{"rendered":"<p>Quan t\u00e2m \u0111\u00fang c\u00e1ch ch\u00ednh l\u00e0 quan s\u00e1t xem ng\u01b0\u1eddi kh\u00e1c c\u1ea7n g\u00ec, r\u1ed3i ch\u0103m s\u00f3c v\u00e0 gi\u00fap \u0111\u1ee1 b\u1eb1ng h\u00e0nh \u0111\u1ed9ng c\u1ee5 th\u1ec3. Ngay c\u1ea3 lo\u00e0i v\u1eadt, c\u00e2y c\u1ed1i, c\u0169ng r\u1ea5t c\u1ea7n s\u1ef1 quan t\u00e2m c\u1ee7a ch\u00fang ta. B\u1ea1n \u0111\u00e3 th\u1ec3 hi\u1ec7n s\u1ef1 quan t\u00e2m t\u1edbi nh\u1eefng ng\u01b0\u1eddi th\u00e2n thi\u1ebft v\u00e0 th\u1ebf gi\u1edbi xung quanh b\u1eb1ng nh\u1eefng h\u00e0nh \u0111\u1ed9ng n\u00e0o?<br \/>\nS\u1ee9c ng\u01b0\u1eddi c\u00f3 h\u1ea1n, m\u1ed7i ng\u01b0\u1eddi ch\u1ec9 l\u00e0m \u0111\u01b0\u1ee3c ph\u1ea7n vi\u1ec7c nh\u1ecf, nh\u01b0ng nhi\u1ec1u ng\u01b0\u1eddi h\u1ee3p s\u1ee9c s\u1ebd l\u00e0m n\u00ean vi\u1ec7c l\u1edbn. B\u1ea1n \u0111\u00e3 bao gi\u1edd th\u00e0nh c\u00f4ng nh\u1edd v\u00e0o vi\u1ec7c h\u1ee3p t\u00e1c v\u1edbi b\u1ea1n b\u00e8 m\u00ecnh ch\u01b0a?<br \/>\n\u0110\u1ed3ng c\u1ea3m v\u00e0 bi\u1ebft s\u1ebb chia l\u00e0 s\u1eb5n l\u00f2ng san s\u1ebb th\u1ee9 m\u00ecnh c\u00f3 v\u1edbi ng\u01b0\u1eddi kh\u00e1c. Ng\u01b0\u1eddi bi\u1ebft \u0111\u1ed3ng c\u1ea3m v\u00e0 s\u1ebb chia r\u1ea5t quan t\u00e2m v\u00e0 tr\u00e2n tr\u1ecdng m\u1ecdi ng\u01b0\u1eddi quanh m\u00ecnh. Li\u1ec7u b\u1ea1n c\u00f3 ph\u1ea3i l\u00e0 b\u1ea1n nh\u1ecf bi\u1ebft quan t\u00e2m \u0111\u1ebfn ng\u01b0\u1eddi kh\u00e1c kh\u00f4ng?<br \/>\nC\u00f3 l\u00f2ng bi\u1ebft \u01a1n l\u00e0 hi\u1ec3u v\u00e0 tr\u00e2n tr\u1ecdng nh\u1eefng vi\u1ec7c ng\u01b0\u1eddi kh\u00e1c l\u00e0m cho m\u00ecnh. T\u1eeb \u0111\u00f3, b\u1ea1n s\u1eb5n l\u00f2ng b\u00e1o \u0111\u00e1p v\u00e0 c\u1ea3m t\u1ea1 h\u1ecd t\u1eeb t\u1eadn \u0111\u00e1y l\u00f2ng. H\u00e3y th\u1eed nh\u00ecn xung quanh xem b\u1ea1n \u0111ang c\u00f3 nh\u1eefng g\u00ec, v\u00e0 b\u1ea1n mu\u1ed1n c\u1ea3m \u01a1n ai v\u00ec nh\u1eefng \u0111i\u1ec1u \u1ea5y?<br \/>\nT\u00f4n tr\u1ecdng ng\u01b0\u1eddi kh\u00e1c l\u00e0 \u0111\u1eb7t m\u00ecnh v\u00e0o v\u1ecb tr\u00ed ng\u01b0\u1eddi ta \u0111\u1ec3 suy x\u00e9t, t\u00f4n tr\u1ecdng \u01b0u \u0111i\u1ec3m c\u1ee7a ng\u01b0\u1eddi kh\u00e1c; t\u00f4n tr\u1ecdng thi\u00ean nhi\u00ean l\u00e0 \u0111\u1ed1i \u0111\u00e3i ch\u00e2n th\u00e0nh v\u1edbi v\u1ea1n v\u1eadt, y\u00eau th\u01b0\u01a1ng M\u1eb9 thi\u00ean nhi\u00ean. Ng\u01b0\u1eddi d\u00e2n th\u00f4n L\u00e1 Phong t\u00f4n tr\u1ecdng mu\u00f4n lo\u00e0i, t\u00f4n tr\u1ecdng M\u1eb9 thi\u00ean nhi\u00ean v\u00e0 nh\u1eadn l\u1ea1i ph\u1ea7n th\u01b0\u1edfng x\u1ee9ng \u0111\u00e1ng.<br \/>\nKi\u00ean tr\u00ec l\u00e0 c\u1ed1 g\u1eafng \u0111\u1ebfn c\u00f9ng \u0111\u1ec3 ho\u00e0n th\u00e0nh vi\u1ec7c m\u00ecnh mu\u1ed1n l\u00e0m, g\u1eb7p kh\u00f3 kh\u0103n c\u0169ng kh\u00f4ng b\u1ecf cu\u1ed9c. \u0110\u00e2y l\u00e0 m\u1ed9t \u0111\u1ee9c t\u00ednh r\u1ea5t quan tr\u1ecdng \u0111\u1ec3 th\u00e0nh c\u00f4ng \u0111\u1ea5y!<br \/>\nD\u0169ng c\u1ea3m v\u1edbi ch\u00ednh m\u00ecnh l\u00e0 v\u01b0\u1ee3t qua n\u1ed7i s\u1ee3 h\u00e3i v\u00e0 lo l\u1eafng trong l\u00f2ng \u0111\u1ec3 c\u1ea3i thi\u1ec7n nh\u1eefng \u0111i\u1ec3m ch\u01b0a t\u1ed1t c\u1ee7a m\u00ecnh. T\u1ef1 tin l\u00e0 khi \u0111\u1ed1i m\u1eb7t v\u1edbi ngh\u1ecbch c\u1ea3nh d\u00e1m thay \u0111\u1ed5i g\u00f3c nh\u00ecn, gi\u1ea3i quy\u1ebft d\u1ea7n t\u1eebng b\u01b0\u1edbc.<br \/>\nC\u00f9ng t\u00ecm \u0111\u1ecdc b\u1ed9 s\u00e1ch tranh truy\u1ec7n m\u00e0u d\u00e0nh cho l\u1ee9a tu\u1ed5i nhi \u0111\u1ed3ng Cu\u1ed9c S\u1ed1ng T\u01b0\u01a1i \u0110\u1eb9p (tr\u1ecdn b\u1ed9 8 cu\u1ed1n):<br \/>\nCu\u1ed9c S\u1ed1ng T\u01b0\u01a1i \u0110\u1eb9p &#8211; H\u1ecdc C\u00e1ch D\u0169ng C\u1ea3m: Ch\u00fang Ta L\u00e0m \u0110\u01b0\u1ee3c M\u00e0!<br \/>\nCu\u1ed9c S\u1ed1ng T\u01b0\u01a1i \u0110\u1eb9p &#8211; H\u1ecdc C\u00e1ch S\u1ed1ng Tr\u00e1ch Nhi\u1ec7m: Chuy\u1ebfn \u0110i Cu\u1ed1i C\u00f9ng C\u1ee7a Milu<br \/>\nCu\u1ed9c S\u1ed1ng T\u01b0\u01a1i \u0110\u1eb9p &#8211; H\u1ecdc C\u00e1ch Ki\u00ean Tr\u00ec: G\u1ea5u B\u00f4ng Xinh X\u1eafn<br \/>\nCu\u1ed9c S\u1ed1ng T\u01b0\u01a1i \u0110\u1eb9p &#8211; H\u1ecdc C\u00e1ch T\u00f4n Tr\u1ecdng: Mong \u01af\u1edbc C\u1ee7a Ng\u01b0\u1eddi N\u00f4ng D\u00e2n<br \/>\nCu\u1ed9c S\u1ed1ng T\u01b0\u01a1i \u0110\u1eb9p &#8211; H\u1ecdc C\u00e1ch C\u1ea3m \u01a0n: B\u00e1c Tr\u00e2u Gi\u00e0 Chuy\u1ec3n Nh\u00e0<br \/>\nCu\u1ed9c S\u1ed1ng T\u01b0\u01a1i \u0110\u1eb9p &#8211; H\u1ecdc C\u00e1ch Chia S\u1ebb: B\u1eefa Ti\u1ec7c Trong R\u1eebng<br \/>\nCu\u1ed9c S\u1ed1ng T\u01b0\u01a1i \u0110\u1eb9p &#8211; H\u1ecdc C\u00e1ch H\u1ee3p T\u00e1c: C\u00e2y K\u1ec9 Ni\u1ec7m<br \/>\nCu\u1ed9c S\u1ed1ng T\u01b0\u01a1i \u0110\u1eb9p &#8211; H\u1ecdc C\u00e1ch Quan T\u00e2m: Ch\u00fang M\u00ecnh C\u1ea3m \u01a0n B\u1ea1n<\/p>\n","protected":false},"featured_media":17408,"template":"","meta":{"_acf_changed":false},"product_brand":[],"product_cat":[25,17,26],"product_tag":[],"class_list":{"0":"post-17409","1":"product","2":"type-product","3":"status-publish","4":"has-post-thumbnail","6":"product_cat-nhi-dong-6-tuoi-12-tuoi","7":"product_cat-sach-danh-cho-cac-be","8":"product_cat-thieu-nien-11-tuoi-18-tuoi","10":"first","11":"outofstock","12":"taxable","13":"shipping-taxable","14":"purchasable","15":"product-type-simple"},"supplier_id":null,"supplier_sku":"","barcode":null,"atum_controlled":true,"out_stock_date":"2022-05-04 11:12:29","out_stock_threshold":null,"inheritable":false,"inbound_stock":0,"stock_on_hold":0,"sold_today":0,"sales_last_days":0,"reserved_stock":0,"customer_returns":0,"warehouse_damage":0,"lost_in_post":0,"other_logs":0,"out_stock_days":1365,"lost_sales":0,"has_location":false,"update_date":"2026-01-28T23:10:59","atum_locations":[],"atum_stock_status":"outofstock","restock_status":false,"low_stock_amount":"","sales_update_date":"2026-01-28T23:10:59","calc_backorders":null,"acf":{"publisher":{"ID":1454,"post_author":"1","post_date":"2021-02-17 01:11:34","post_date_gmt":"2021-02-16 23:11:34","post_content":"<!-- wp:flatsome\/uxbuilder -->\n<h1 style=\"text-align: center;\"><strong>Kim \u0110\u1ed3ng<\/strong><\/h1>\n[row]\n\n[col span=\"3\" span__sm=\"12\"]\n\n[ux_image id=\"1534\" image_size=\"medium\"]\n\n\n[\/col]\n[col span=\"9\" span__sm=\"12\"]\n\n<p>Nh\u00e0 xu\u1ea5t b\u1ea3n Kim \u0110\u1ed3ng tr\u1ef1c thu\u1ed9c Trung \u01b0\u01a1ng \u0110o\u00e0n TNCS H\u1ed3 Ch\u00ed Minh l\u00e0 Nh\u00e0 xu\u1ea5t b\u1ea3n t\u1ed5ng h\u1ee3p c\u00f3 ch\u1ee9c n\u0103ng xu\u1ea5t b\u1ea3n s\u00e1ch v\u00e0 v\u0103n h\u00f3a ph\u1ea9m ph\u1ee5c v\u1ee5 thi\u1ebfu nhi v\u00e0 c\u00e1c b\u1eadc ph\u1ee5 huynh trong c\u1ea3 n\u01b0\u1edbc, qu\u1ea3ng b\u00e1 v\u00e0 gi\u1edbi thi\u1ec7u v\u0103n h\u00f3a Vi\u1ec7t Nam ra th\u1ebf gi\u1edbi.<br \/>Nh\u00e0 xu\u1ea5t b\u1ea3n c\u00f3 nhi\u1ec7m v\u1ee5 t\u1ed5 ch\u1ee9c b\u1ea3n th\u1ea3o, bi\u00ean so\u1ea1n, bi\u00ean d\u1ecbch, xu\u1ea5t b\u1ea3n v\u00e0 ph\u00e1t h\u00e0nh c\u00e1c xu\u1ea5t b\u1ea3n ph\u1ea9m c\u00f3 n\u1ed9i dung: gi\u00e1o d\u1ee5c truy\u1ec1n th\u1ed1ng d\u00e2n t\u1ed9c, gi\u00e1o d\u1ee5c v\u1ec1 tri th\u1ee9c, ki\u1ebfn th\u1ee9c\u2026 tr\u00ean c\u00e1c l\u0129nh v\u1ef1c v\u0103n h\u1ecdc, ngh\u1ec7 thu\u1eadt, khoa h\u1ecdc k\u1ef9 thu\u1eadt nh\u1eb1m cung c\u1ea5p cho c\u00e1c em thi\u1ebfu nhi c\u0169ng nh\u01b0 c\u00e1c b\u1eadc ph\u1ee5 huynh c\u00e1c ki\u1ebfn th\u1ee9c c\u1ea7n thi\u1ebft trong cu\u1ed9c s\u1ed1ng, nh\u1eefng tinh hoa c\u1ee7a tri th\u1ee9c nh\u00e2n lo\u1ea1i nh\u1eb1m g\u00f3p ph\u1ea7n gi\u00e1o d\u1ee5c v\u00e0 h\u00ecnh th\u00e0nh nh\u00e2n c\u00e1ch th\u1ebf h\u1ec7 tr\u1ebb.<br \/>\u0110\u1ed1i t\u01b0\u1ee3ng ph\u1ee5c v\u1ee5 c\u1ee7a Nh\u00e0 xu\u1ea5t b\u1ea3n l\u00e0 c\u00e1c em t\u1eeb tu\u1ed5i nh\u00e0 tr\u1ebb m\u1eabu gi\u00e1o (1 \u0111\u1ebfn 5 tu\u1ed5i), nhi \u0111\u1ed3ng (6 \u0111\u1ebfn 9 tu\u1ed5i), thi\u1ebfu ni\u00ean (10 \u0111\u1ebfn 15 tu\u1ed5i) \u0111\u1ebfn c\u00e1c em tu\u1ed5i m\u1edbi l\u1edbn (16 \u0111\u1ebfn 18 tu\u1ed5i) v\u00e0 c\u00e1c b\u1eadc ph\u1ee5 huynh.<\/p>\n\n[\/col]\n\n[\/row]\n\n<!-- \/wp:flatsome\/uxbuilder -->","post_title":"Kim \u0110\u1ed3ng","post_excerpt":"","post_status":"publish","comment_status":"closed","ping_status":"closed","post_password":"","post_name":"kim-dong","to_ping":"","pinged":"","post_modified":"2021-02-17 01:31:56","post_modified_gmt":"2021-02-16 23:31:56","post_content_filtered":"","post_parent":0,"guid":"https:\/\/sachviet.eu\/nha-phat-hanh\/kim-dong\/","menu_order":0,"post_type":"publisher","post_mime_type":"","comment_count":"0","filter":"raw"}},"_links":{"self":[{"href":"https:\/\/sachviet.eu\/en\/wp-json\/wp\/v2\/product\/17409","targetHints":{"allow":["GET"]}}],"collection":[{"href":"https:\/\/sachviet.eu\/en\/wp-json\/wp\/v2\/product"}],"about":[{"href":"https:\/\/sachviet.eu\/en\/wp-json\/wp\/v2\/types\/product"}],"wp:featuredmedia":[{"embeddable":true,"href":"https:\/\/sachviet.eu\/en\/wp-json\/wp\/v2\/media\/17408"}],"wp:attachment":[{"href":"https:\/\/sachviet.eu\/en\/wp-json\/wp\/v2\/media?parent=17409"}],"wp:term":[{"taxonomy":"product_brand","embeddable":true,"href":"https:\/\/sachviet.eu\/en\/wp-json\/wp\/v2\/product_brand?post=17409"},{"taxonomy":"product_cat","embeddable":true,"href":"https:\/\/sachviet.eu\/en\/wp-json\/wp\/v2\/product_cat?post=17409"},{"taxonomy":"product_tag","embeddable":true,"href":"https:\/\/sachviet.eu\/en\/wp-json\/wp\/v2\/product_tag?post=17409"}],"curies":[{"name":"wp","href":"https:\/\/api.w.org\/{rel}","templated":true}]}}