{"id":17402,"date":"2022-03-11T23:48:53","date_gmt":"2022-03-11T21:48:53","guid":{"rendered":"https:\/\/sachviet.eu\/shop\/xu-so-banh-mi-may-song-ngu-anh-viet-bo-9-cuon\/"},"modified":"2022-04-20T23:27:49","modified_gmt":"2022-04-20T20:27:49","slug":"xu-so-banh-mi-may-song-ngu-anh-viet-bo-9-cuon","status":"publish","type":"product","link":"https:\/\/sachviet.eu\/en\/shop\/xu-so-banh-mi-may-song-ngu-anh-viet-bo-9-cuon\/","title":{"rendered":"X\u1ee9 S\u1edf B\u00e1nh M\u00ec M\u00e2y &#8211; Song ng\u1eef Anh\u2013Vi\u1ec7t &#8211; B\u1ed9 9 cu\u1ed1n"},"content":{"rendered":"<p>Combo 9 cu\u1ed1n g\u1ed3m c\u00e1c T\u1ef1a sau :<\/p>\n<p>X\u1ee9 S\u1edf B\u00e1nh M\u00ec M\u00e2y: The Day The Laundry Blew Away &#8211; Qu\u1ea7n \u00c1o Bay M\u1ea5t R\u1ed3i! \u2013 Song ng\u1eef Anh\u2013Vi\u1ec7t (T\u00e1i B\u1ea3n 2020)<br \/>\nX\u1ee9 S\u1edf B\u00e1nh M\u00ec M\u00e2y: I Want To Be A Star! &#8211; T\u1edb Mu\u1ed1n Tr\u1edf Th\u00e0nh Ng\u00f4i Sao! &#8211; Song ng\u1eef Anh \u2013 Vi\u1ec7t (T\u00e1i B\u1ea3n 2020)<br \/>\nX\u1ee9 S\u1edf B\u00e1nh M\u00ec M\u00e2y: Cloud Bread &#8211; B\u00e1nh M\u00ec M\u00e2y &#8211; Song ng\u1eef Anh\u2013Vi\u1ec7t (T\u00e1i B\u1ea3n 2020)<br \/>\nX\u1ee9 S\u1edf B\u00e1nh M\u00ec M\u00e2y: The Old Phone &#8211; Chi\u1ebfc \u0110i\u1ec7n Tho\u1ea1i C\u0169 &#8211; Song ng\u1eef Anh\u2013Vi\u1ec7t (T\u00e1i B\u1ea3n 2020)<br \/>\nX\u1ee9 S\u1edf B\u00e1nh M\u00ec M\u00e2y: Feeding The Fish &#8211; Cho C\u00e1 \u0102n &#8211; Song ng\u1eef Anh\u2013Vi\u1ec7t (T\u00e1i B\u1ea3n 2020)<br \/>\nX\u1ee9 S\u1edf B\u00e1nh M\u00ec M\u00e2y: The Flea Market &#8211; Ch\u1ee3 \u0110\u1ed3 C\u0169 &#8211; Song ng\u1eef Anh\u2013Vi\u1ec7t (T\u00e1i B\u1ea3n 2020)<br \/>\nX\u1ee9 S\u1edf B\u00e1nh M\u00ec M\u00e2y: The New Baby &#8211; Em B\u00e9 M\u1edbi &#8211; Song ng\u1eef Anh\u2013Vi\u1ec7t (T\u00e1i B\u1ea3n 2020)<br \/>\nX\u1ee9 S\u1edf B\u00e1nh M\u00ec M\u00e2y: Flowers For A Tiger &#8211; Hoa T\u1eb7ng \u00d4ng H\u1ed5 &#8211; Song ng\u1eef Anh \u2013 Vi\u1ec7t &#8211; Song ng\u1eef Anh\u2013Vi\u1ec7t (T\u00e1i B\u1ea3n 2020)<br \/>\nX\u1ee9 S\u1edf B\u00e1nh M\u00ec M\u00e2y: The Christmas Present &#8211; M\u00f3n Qu\u00e0 Gi\u00e1ng Sinh &#8211; Song ng\u1eef Anh\u2013Vi\u1ec7t (T\u00e1i B\u1ea3n 2020)<br \/>\n1\/Qu\u1ea7n \u00e1o bay m\u1ea5t r\u1ed3i!<\/p>\n<p>Nhi\u1ec1u m\u00f3n qu\u1ea7n \u00e1o m\u1eb9 gi\u1eb7t \u0111\u00e3 bi\u1ebfn m\u1ea5t sau khi \u0111\u01b0\u1ee3c ph\u01a1i l\u00ean d\u00e2y. Hongshi quy\u1ebft \u0111\u1ecbnh ph\u1ea3i b\u1eafc gh\u1ebf ng\u1ed3i canh chi\u1ebfc \u00e1o kho\u00e1c c\u1ee7a b\u1ed1v\u00e0 ph\u00e1t hi\u1ec7n ra \u201cth\u1ee7 ph\u1ea1m\u201d cu\u1ed1n qu\u1ea7n \u00e1o \u0111i ch\u00ednh l\u00e0 gi\u00f3. Hai ch\u1ecb em \u0111\u00e3 \u0103n b\u00e1nh m\u00ec m\u00e2y \u0111\u1ec3 c\u00f9ng \u0111i truy t\u00ecm nh\u1eefng m\u00f3n \u0111\u1ed3 b\u1ecb m\u1ea5<br \/>\nCh\u00fang m\u00ecnh h\u00e3y c\u00f9ng kh\u00e1m ph\u00e1 x\u1ee9 s\u1edf b\u00e1nh m\u00ec m\u00e2y v\u1edbi Hongbi v\u00e0 Hongshi nh\u00e9!<\/p>\n<p>2\/ T\u1edb mu\u1ed1n tr\u1edf th\u00e0nh ng\u00f4i sao!<\/p>\n<p>L\u1edbp m\u1eabu gi\u00e1o c\u1ee7a Hongshi t\u1ed5 ch\u1ee9c di\u1ec5n k\u1ecbch. Nh\u01b0ng Hongshi l\u1ea1i ch\u1ec9 \u0111\u01b0\u1ee3c ph\u00e2n ch\u00fa b\u01b0\u1edbm, r\u00f5 ch\u00e1n! Nh\u01b0ng c\u1ea3 nh\u00e0 \u0111\u1ec1u h\u1ebft s\u1ee9c \u0111\u1ed9ng vi\u00ean c\u1eadu b\u00e9. Ch\u1ecb Hongbi c\u00f2n m\u00e1ch Hongshi m\u1ed9t m\u1eb9o \u0111\u1ec3 tr\u1edf th\u00e0nh m\u1ed9t ch\u00fa b\u01b0\u1edbm th\u1eadt o\u00e1ch: \u0103n b\u00e1nh m\u00ec m\u00e2y. Li\u1ec7u Hongshi c\u00f3 tr\u1edf th\u00e0nh ng\u00f4i sao c\u1ee7a v\u1edf k\u1ecbch?<br \/>\nCh\u00fang m\u00ecnh h\u00e3y c\u00f9ng kh\u00e1m ph\u00e1 x\u1ee9 s\u1edf b\u00e1nh m\u00ec m\u00e2y v\u1edbi Hongbi v\u00e0 Hongshi nh\u00e9!<\/p>\n<p>3\/ B\u00e1nh m\u00ec m\u00e2y<\/p>\n<p>M\u1ed9t bu\u1ed5i s\u00e1ng, c\u00f4 b\u00e9 m\u00e8o Hongbi th\u1ee9c d\u1eady v\u00e0 th\u1ea5y tr\u1eddi \u0111ang m\u01b0a. C\u00f4 b\u00e9 c\u00f9ng em trai Hongshi ra ngo\u00e0i ng\u1eafm m\u01b0a th\u00ec ph\u00e1t hi\u1ec7n ra m\u1ed9t \u0111\u00e1m m\u00e2y xinh x\u1eafn m\u1eafc tr\u00ean c\u00e2y. Hai ch\u1ecb em mang m\u00e2y v\u00e0o cho m\u1eb9 d\u00f9ng l\u00e0m b\u00e1nh m\u00ec. V\u00ec b\u00e1nh l\u00e0m b\u1eb1ng m\u00e2y n\u00ean r\u1ea5t nh\u1eb9, ai \u0103n v\u00e0o c\u00f3 th\u1ec3 bay l\u01a1 l\u1eedng nh\u01b0 m\u00e2y. T\u1eeb \u0111\u00f3, r\u1ea5t nhi\u1ec1u chuy\u1ec7n th\u00fa v\u1ecb \u0111\u00e3 x\u1ea3y ra v\u1edbi hai ch\u1ecb em Hongbi v\u00e0 H<\/p>\n<p>Ch\u00fang m\u00ecnh h\u00e3y c\u00f9ng kh\u00e1m ph\u00e1 x\u1ee9 s\u1edf b\u00e1nh m\u00ec m\u00e2y v\u1edbi Hongbi v\u00e0 Hongshi nh\u00e9!<\/p>\n<p>4\/ Chi\u1ebfc \u0111i\u1ec7n tho\u1ea1i c\u0169<\/p>\n<p>H\u00f4m nay, Hongbi v\u00e0 Hongshi \u0111\u01b0\u1ee3c \u00f4ng n\u1ed9i t\u1eb7ng hai m\u00f3n \u0111\u1ed3 ch\u01a1i h\u1ed3i b\u00e9 c\u1ee7a b\u1ed1: M\u1ed9t chi\u1ebfc \u0111i\u1ec7n tho\u1ea1i c\u0169 v\u00e0 m\u1ed9t chi\u1ebfc m\u0169 b\u1ea3o hi\u1ec3m. Hai ch\u1ecb em th\u00edch l\u1eafm, \u0110\u1ed9i c\u1ee9u h\u1ed9 Hongshi \u0111\u00e3 s\u1eb5n s\u00e0ng nh\u1eadn nhi\u1ec7m v\u1ee5! Th\u1eadt b\u1ea5t ng\u1edd, v\u00ec ngay \u0111\u00eam h\u00f4m \u1ea5y, chi\u1ebfc \u0111i\u1ec7n tho\u1ea1i \u0111\u00e3 \u0111\u1ed5 chu\u00f4<br \/>\nCh\u00fang m\u00ecnh h\u00e3y c\u00f9ng kh\u00e1m ph\u00e1 x\u1ee9 s\u1edf b\u00e1nh m\u00ec m\u00e2y v\u1edbi Hongbi v\u00e0 Hongshi nh\u00e9!<\/p>\n<p>5\/ Cho c\u00e1 \u0103n<\/p>\n<p>M\u1ed9t h\u00f4m, c\u1ea3 gia \u0111\u00ecnh Hongshi c\u00f9ng \u0111i ch\u01a1i c\u00f4ng vi\u00ean. Ch\u1ecb Hongbi th\u1ed5i k\u00e8n \u0111\u1ea7u ng\u1ed7ng r\u1ea5t hay, khi\u1ebfn \u0111\u00e0n c\u00e1 d\u01b0\u1edbi h\u1ed3 c\u0169ng n\u1ed5i l\u00ean nghe ng\u00f3ng. Hai ch\u1ecb em b\u00e8n l\u1ea5y b\u00e1nh m\u00ec cho c\u00e1 \u0103n, nh\u01b0ng l\u1ea1i l\u1ea5y nh\u1ea7m b\u00e1nh m\u00ec m\u00e2y. Th\u00f4i ch\u1ebft, \u0111\u00e0n c\u00e1 r\u1eddi h\u1ed3 bay \u0111i \u0111\u00e2u m\u1ea5t r\u1ed3i, ph\u1ea3i l\u00e0m sao b\u00e2y gi\u1edd?<br \/>\nCh\u00fang m\u00ecnh h\u00e3y c\u00f9ng kh\u00e1m ph\u00e1 x\u1ee9 s\u1edf b\u00e1nh m\u00ec m\u00e2y v\u1edbi Hongbi v\u00e0 Hongshi nh\u00e9!<\/p>\n<p>6\/ Ch\u1ee3 \u0111\u1ed3 c\u0169<\/p>\n<p>L\u1edbp Hongbi t\u1ed5 ch\u1ee9c m\u1ed9t phi\u00ean ch\u1ee3 \u0111\u1ed3 c\u0169. C\u00f3 b\u1ea1n b\u00e1n s\u00e1ch, c\u00f3 b\u1ea1nb\u00e1n bi ve, c\u00f2n Hongbi l\u1ea1i b\u00e1n \u201c\u0111\u1eb7c s\u1ea3n\u201d b\u00e1nh m\u00ec nh\u00e0 l\u00e0m. C\u00f3 \u0111i\u1ec1u, h\u00e0ng \u0111\u00e3 b\u00e0y ra r\u1ed3i, m\u00e0 v\u1eabn ch\u01b0a th\u1ea5y kh\u00e1ch h\u00e0ng n\u00e0o \u0111\u1ebfn<\/p>\n<p>Ch\u00fang m\u00ecnh h\u00e3y c\u00f9ng kh\u00e1m ph\u00e1 x\u1ee9 s\u1edf b\u00e1nh m\u00ec m\u00e2y v\u1edbi Hongbi v\u00e0 Hongshi nh\u00e9!<\/p>\n<p>7\/ Em b\u00e9 m\u1edbi<\/p>\n<p>Trong nh\u00e0 Hongshi m\u1edbi xu\u1ea5t hi\u1ec7n m\u1ed9t em b\u00e9, b\u00e9 h\u01a1n c\u1ea3 Hongshi. C\u1ea3 b\u1ed1, m\u1eb9 l\u1eabn ch\u1ecb Hongbi \u0111\u1ec1u v\u00e2y quanh em b\u00e9, ch\u1eb3ng ai th\u00e8m \u0111\u1ec3 \u00fd \u0111\u1ebfn Hongshi c\u1ea3. Hongshi th\u1ea5y gh\u00e9t \u201cc\u00e1i \u0111\u1ee9a em b\u00e9\u201d kia qu\u00e1, ph\u1ea3i l\u00e0m sao \u0111\u00e2y?<\/p>\n<p>Ch\u00fang m\u00ecnh h\u00e3y c\u00f9ng kh\u00e1m ph\u00e1 x\u1ee9 s\u1edf b\u00e1nh m\u00ec m\u00e2y v\u1edbi Hongbi v\u00e0 Hongshi nh\u00e9!<\/p>\n<p>8\/ Hoa t\u1eb7ng \u00d4ng H\u1ed5<\/p>\n<p>H\u00f4m nay l\u00e0 Ng\u00e0y T\u1eb7ng Hoa. Tr\u1ebb con s\u1ebd \u0111i t\u1eb7ng hoa ng\u01b0\u1eddi l\u1edbn, v\u00e0 \u0111\u01b0\u1ee3c ng\u01b0\u1eddi l\u1edbn t\u1eb7ng l\u1ea1i b\u00e1nh quy. Hai ch\u1ecb em Hongbi v\u00e0 Hongshi c\u0169ng \u0111i t\u1eb7ng hoa cho kh\u1eafp c\u00e1c c\u00f4 d\u00ec ch\u00fa b\u00e1c trong khu ph\u1ed1. Ch\u1ec9 c\u00f3 m\u1ed9t ng\u01b0\u1eddi kh\u00f4ng \u0111\u01b0\u1ee3c nh\u1eadn hoa, \u0111\u00f3 l\u00e0 \u00d4ng H\u1ed5. V\u00ec hai ch\u1ecb em nghe n\u00f3i \u00d4ng H\u1ed5 r\u1ea5t chi l\u00e0 \u0111\u00e1ng s\u1ee3. C\u00f3 th\u1eadt th\u1ebf kh\u00f4ng nh\u1ec9?<br \/>\nCh\u00fang m\u00ecnh h\u00e3y c\u00f9ng kh\u00e1m ph\u00e1 x\u1ee9 s\u1edf b\u00e1nh m\u00ec m\u00e2y v\u1edbi Hongbi v\u00e0 Hongshi nh\u00e9!<\/p>\n<p>9\/ M\u00f3n qu\u00e0 Gi\u00e1ng Sinh<\/p>\n<p>\u0110\u00eam nay l\u00e0 \u0111\u00eam Gi\u00e1ng Sinh. Hongbi v\u00e0 Hongshi kh\u00f4ng th\u1ec3 ng\u1ee7 \u0111\u01b0\u1ee3c v\u00ec h\u1ed3i h\u1ed9p. Kh\u00f4ng ng\u1edd nh\u1edd v\u1eady m\u00e0 hai ch\u1ecb em \u0111\u01b0\u1ee3c g\u1eb7p \u00d4ng gi\u00e0 N\u00f4-en ngay trong nh\u00e0 m\u00ecnh. Tuy\u1ec7t qu\u00e1, h\u1ecd s\u1ebd n\u00f3i g\u00ec v\u1edbi \u00d4ng gi\u00e0 N\u00f4-en nh\u1ec9?<\/p>\n<p>Ch\u00fang m\u00ecnh h\u00e3y c\u00f9ng kh\u00e1m ph\u00e1 x\u1ee9 s\u1edf b\u00e1nh m\u00ec m\u00e2y v\u1edbi Hongbi v\u00e0 Hongshi nh\u00e9!<\/p>\n","protected":false},"excerpt":{"rendered":"<p>Combo 9 cu\u1ed1n g\u1ed3m c\u00e1c T\u1ef1a sau :<\/p>\n<p>X\u1ee9 S\u1edf B\u00e1nh M\u00ec M\u00e2y: The Day The Laundry Blew Away &#8211; Qu\u1ea7n \u00c1o Bay M\u1ea5t R\u1ed3i! \u2013 Song ng\u1eef Anh\u2013Vi\u1ec7t (T\u00e1i B\u1ea3n 2020)<br \/>\nX\u1ee9 S\u1edf B\u00e1nh M\u00ec M\u00e2y: I Want To Be A Star! &#8211; T\u1edb Mu\u1ed1n Tr\u1edf Th\u00e0nh Ng\u00f4i Sao! &#8211; Song ng\u1eef Anh \u2013 Vi\u1ec7t (T\u00e1i B\u1ea3n 2020)<br \/>\nX\u1ee9 S\u1edf B\u00e1nh M\u00ec M\u00e2y: Cloud Bread &#8211; B\u00e1nh M\u00ec M\u00e2y &#8211; Song ng\u1eef Anh\u2013Vi\u1ec7t (T\u00e1i B\u1ea3n 2020)<br \/>\nX\u1ee9 S\u1edf B\u00e1nh M\u00ec M\u00e2y: The Old Phone &#8211; Chi\u1ebfc \u0110i\u1ec7n Tho\u1ea1i C\u0169 &#8211; Song ng\u1eef Anh\u2013Vi\u1ec7t (T\u00e1i B\u1ea3n 2020)<br \/>\nX\u1ee9 S\u1edf B\u00e1nh M\u00ec M\u00e2y: Feeding The Fish &#8211; Cho C\u00e1 \u0102n &#8211; Song ng\u1eef Anh\u2013Vi\u1ec7t (T\u00e1i B\u1ea3n 2020)<br \/>\nX\u1ee9 S\u1edf B\u00e1nh M\u00ec M\u00e2y: The Flea Market &#8211; Ch\u1ee3 \u0110\u1ed3 C\u0169 &#8211; Song ng\u1eef Anh\u2013Vi\u1ec7t (T\u00e1i B\u1ea3n 2020)<br \/>\nX\u1ee9 S\u1edf B\u00e1nh M\u00ec M\u00e2y: The New Baby &#8211; Em B\u00e9 M\u1edbi &#8211; Song ng\u1eef Anh\u2013Vi\u1ec7t (T\u00e1i B\u1ea3n 2020)<br \/>\nX\u1ee9 S\u1edf B\u00e1nh M\u00ec M\u00e2y: Flowers For A Tiger &#8211; Hoa T\u1eb7ng \u00d4ng H\u1ed5 &#8211; Song ng\u1eef Anh \u2013 Vi\u1ec7t &#8211; Song ng\u1eef Anh\u2013Vi\u1ec7t (T\u00e1i B\u1ea3n 2020)<br \/>\nX\u1ee9 S\u1edf B\u00e1nh M\u00ec M\u00e2y: The Christmas Present &#8211; M\u00f3n Qu\u00e0 Gi\u00e1ng Sinh &#8211; Song ng\u1eef Anh\u2013Vi\u1ec7t (T\u00e1i B\u1ea3n 2020)<\/p>\n","protected":false},"featured_media":17401,"template":"","meta":{"_acf_changed":false},"product_brand":[],"product_cat":[25,17,39,26],"product_tag":[],"class_list":{"0":"post-17402","1":"product","2":"type-product","3":"status-publish","4":"has-post-thumbnail","6":"product_cat-nhi-dong-6-tuoi-12-tuoi","7":"product_cat-sach-danh-cho-cac-be","8":"product_cat-sach-song-ngu-anh-viet","9":"product_cat-thieu-nien-11-tuoi-18-tuoi","11":"first","12":"instock","13":"taxable","14":"shipping-taxable","15":"purchasable","16":"product-type-simple"},"supplier_id":null,"supplier_sku":"","barcode":null,"atum_controlled":true,"out_stock_date":null,"out_stock_threshold":null,"inheritable":false,"inbound_stock":0,"stock_on_hold":0,"sold_today":0,"sales_last_days":0,"reserved_stock":0,"customer_returns":0,"warehouse_damage":0,"lost_in_post":0,"other_logs":0,"out_stock_days":0,"lost_sales":0,"has_location":false,"update_date":"2026-01-28T23:10:59","atum_locations":[],"atum_stock_status":"instock","restock_status":false,"low_stock_amount":"","sales_update_date":"2026-01-28T23:10:59","calc_backorders":null,"acf":{"publisher":{"ID":1454,"post_author":"1","post_date":"2021-02-17 01:11:34","post_date_gmt":"2021-02-16 23:11:34","post_content":"<!-- wp:flatsome\/uxbuilder -->\n<h1 style=\"text-align: center;\"><strong>Kim \u0110\u1ed3ng<\/strong><\/h1>\n[row]\n\n[col span=\"3\" span__sm=\"12\"]\n\n[ux_image id=\"1534\" image_size=\"medium\"]\n\n\n[\/col]\n[col span=\"9\" span__sm=\"12\"]\n\n<p>Nh\u00e0 xu\u1ea5t b\u1ea3n Kim \u0110\u1ed3ng tr\u1ef1c thu\u1ed9c Trung \u01b0\u01a1ng \u0110o\u00e0n TNCS H\u1ed3 Ch\u00ed Minh l\u00e0 Nh\u00e0 xu\u1ea5t b\u1ea3n t\u1ed5ng h\u1ee3p c\u00f3 ch\u1ee9c n\u0103ng xu\u1ea5t b\u1ea3n s\u00e1ch v\u00e0 v\u0103n h\u00f3a ph\u1ea9m ph\u1ee5c v\u1ee5 thi\u1ebfu nhi v\u00e0 c\u00e1c b\u1eadc ph\u1ee5 huynh trong c\u1ea3 n\u01b0\u1edbc, qu\u1ea3ng b\u00e1 v\u00e0 gi\u1edbi thi\u1ec7u v\u0103n h\u00f3a Vi\u1ec7t Nam ra th\u1ebf gi\u1edbi.<br \/>Nh\u00e0 xu\u1ea5t b\u1ea3n c\u00f3 nhi\u1ec7m v\u1ee5 t\u1ed5 ch\u1ee9c b\u1ea3n th\u1ea3o, bi\u00ean so\u1ea1n, bi\u00ean d\u1ecbch, xu\u1ea5t b\u1ea3n v\u00e0 ph\u00e1t h\u00e0nh c\u00e1c xu\u1ea5t b\u1ea3n ph\u1ea9m c\u00f3 n\u1ed9i dung: gi\u00e1o d\u1ee5c truy\u1ec1n th\u1ed1ng d\u00e2n t\u1ed9c, gi\u00e1o d\u1ee5c v\u1ec1 tri th\u1ee9c, ki\u1ebfn th\u1ee9c\u2026 tr\u00ean c\u00e1c l\u0129nh v\u1ef1c v\u0103n h\u1ecdc, ngh\u1ec7 thu\u1eadt, khoa h\u1ecdc k\u1ef9 thu\u1eadt nh\u1eb1m cung c\u1ea5p cho c\u00e1c em thi\u1ebfu nhi c\u0169ng nh\u01b0 c\u00e1c b\u1eadc ph\u1ee5 huynh c\u00e1c ki\u1ebfn th\u1ee9c c\u1ea7n thi\u1ebft trong cu\u1ed9c s\u1ed1ng, nh\u1eefng tinh hoa c\u1ee7a tri th\u1ee9c nh\u00e2n lo\u1ea1i nh\u1eb1m g\u00f3p ph\u1ea7n gi\u00e1o d\u1ee5c v\u00e0 h\u00ecnh th\u00e0nh nh\u00e2n c\u00e1ch th\u1ebf h\u1ec7 tr\u1ebb.<br \/>\u0110\u1ed1i t\u01b0\u1ee3ng ph\u1ee5c v\u1ee5 c\u1ee7a Nh\u00e0 xu\u1ea5t b\u1ea3n l\u00e0 c\u00e1c em t\u1eeb tu\u1ed5i nh\u00e0 tr\u1ebb m\u1eabu gi\u00e1o (1 \u0111\u1ebfn 5 tu\u1ed5i), nhi \u0111\u1ed3ng (6 \u0111\u1ebfn 9 tu\u1ed5i), thi\u1ebfu ni\u00ean (10 \u0111\u1ebfn 15 tu\u1ed5i) \u0111\u1ebfn c\u00e1c em tu\u1ed5i m\u1edbi l\u1edbn (16 \u0111\u1ebfn 18 tu\u1ed5i) v\u00e0 c\u00e1c b\u1eadc ph\u1ee5 huynh.<\/p>\n\n[\/col]\n\n[\/row]\n\n<!-- \/wp:flatsome\/uxbuilder -->","post_title":"Kim \u0110\u1ed3ng","post_excerpt":"","post_status":"publish","comment_status":"closed","ping_status":"closed","post_password":"","post_name":"kim-dong","to_ping":"","pinged":"","post_modified":"2021-02-17 01:31:56","post_modified_gmt":"2021-02-16 23:31:56","post_content_filtered":"","post_parent":0,"guid":"https:\/\/sachviet.eu\/nha-phat-hanh\/kim-dong\/","menu_order":0,"post_type":"publisher","post_mime_type":"","comment_count":"0","filter":"raw"}},"_links":{"self":[{"href":"https:\/\/sachviet.eu\/en\/wp-json\/wp\/v2\/product\/17402","targetHints":{"allow":["GET"]}}],"collection":[{"href":"https:\/\/sachviet.eu\/en\/wp-json\/wp\/v2\/product"}],"about":[{"href":"https:\/\/sachviet.eu\/en\/wp-json\/wp\/v2\/types\/product"}],"wp:featuredmedia":[{"embeddable":true,"href":"https:\/\/sachviet.eu\/en\/wp-json\/wp\/v2\/media\/17401"}],"wp:attachment":[{"href":"https:\/\/sachviet.eu\/en\/wp-json\/wp\/v2\/media?parent=17402"}],"wp:term":[{"taxonomy":"product_brand","embeddable":true,"href":"https:\/\/sachviet.eu\/en\/wp-json\/wp\/v2\/product_brand?post=17402"},{"taxonomy":"product_cat","embeddable":true,"href":"https:\/\/sachviet.eu\/en\/wp-json\/wp\/v2\/product_cat?post=17402"},{"taxonomy":"product_tag","embeddable":true,"href":"https:\/\/sachviet.eu\/en\/wp-json\/wp\/v2\/product_tag?post=17402"}],"curies":[{"name":"wp","href":"https:\/\/api.w.org\/{rel}","templated":true}]}}