{"id":17398,"date":"2022-03-11T23:48:43","date_gmt":"2022-03-11T21:48:43","guid":{"rendered":"https:\/\/sachviet.eu\/shop\/tham-tu-lung-danh-conan-tap-99\/"},"modified":"2022-08-16T13:20:41","modified_gmt":"2022-08-16T10:20:41","slug":"tham-tu-lung-danh-conan-tap-99","status":"publish","type":"product","link":"https:\/\/sachviet.eu\/en\/shop\/tham-tu-lung-danh-conan-tap-99\/","title":{"rendered":"Th\u00e1m T\u1eed L\u1eebng Danh Conan \u2013 T\u1eadp 99"},"content":{"rendered":"<p>Chuy\u1ec7n g\u00ec \u0111\u00e3 x\u1ea3y ra tr\u00ean c\u1ea7u Vauxhall \u1edf London\u2026? B\u00ed \u1ea9n bao tr\u00f9m hai m\u1eb9 con Mary v\u00e0 Masumi Sera s\u1ebd \u0111\u01b0\u1ee3c l\u00e0m s\u00e1ng t\u1ecf trong ch\u01b0\u01a1ng ph\u00e1 gi\u1ea3i v\u1ee5 \u00e1n \u0111\u1ea7u \u0111\u1ed9c t\u1ea1i b\u1eefa ti\u1ec7c c\u1ee7a ng\u01b0\u1eddi m\u1eabu!<br \/>\nT\u00ecm \u0111\u1ebfn n\u01a1i Kazami \u0111ang l\u00e2m n\u1ea1n, Toru Amuro t\u00ecnh c\u1edd g\u1eb7p Conan v\u00e0 nh\u00f3m th\u00e1m t\u1eed nh\u00ed r\u1ed3i b\u01b0\u1edbc v\u00e0o v\u1ee5 \u00e1n giam c\u1ea7m \u1edf trang tr\u1ea1i ch\u0103n nu\u00f4i! T\u1ea1i \u0111\u00e2y, anh c\u0169ng ch\u1ea1m tr\u00e1n Rumi Wakasa &#8211; ng\u01b0\u1eddi \u0111\u00e3 d\u1eabn b\u1ecdn tr\u1ebb t\u1edbi\u2026!?<\/p>\n<p>Gosho AOYAMA: \u201cCh\u00e0o c\u00e1c b\u1ea1n, t\u00f4i l\u00e0 Aoyama! Chuy\u1ec7n n\u00e0y x\u1ea3y ra c\u0169ng kh\u00e1 l\u00e2u r\u1ed3i\u2026 L\u1ea7n \u0111\u00f3, t\u00f4i c\u00f9ng c\u00e1c bi\u00ean t\u1eadp vi\u00ean \u0111\u1ebfn th\u0103m nh\u00e0 h\u1ecda s\u0129 Tetsuya Chiba! T\u00f4i r\u1ea5t mu\u1ed1n \u0111\u01b0\u1ee3c t\u1eadn m\u1eaft nh\u00ecn ng\u1eafm c\u0103n ph\u00f2ng l\u00e0m vi\u1ec7c huy\u1ec1n tho\u1ea1i tr\u00ean g\u00e1c m\u00e1i!! \u0110\u00f3 l\u00e0 c\u0103n ph\u00f2ng c\u00f3 c\u1ea5u tr\u00fac nh\u1ecf g\u1ecdn v\u00e0 hi\u1ec7u qu\u1ea3, c\u1ee9 ng\u1ed3i y\u00ean tr\u00ean gh\u1ebf c\u0169ng c\u00f3 th\u1ec3 d\u1ec5 d\u00e0ng v\u1edbi tay t\u1edbi b\u1ea5t c\u1ee9 th\u1ee9 g\u00ec, kh\u00f4ng ch\u1ec9 \u0111\u1ed3 ngh\u1ec1 v\u1ebd manga m\u00e0 c\u1ea3 t\u00e0i li\u1ec7u, thu\u1ed1c men n\u1eefa. T\u00f4i ra v\u1ec1 m\u00e0 trong l\u00f2ng kh\u00f4ng kh\u1ecfi ghen t\u1ecb v\u1edbi h\u1ecda s\u0129, nh\u01b0ng ngh\u0129 l\u1ea1i th\u00ec quanh gh\u1ebf ng\u1ed3i c\u1ee7a t\u00f4i \u1edf ph\u00f2ng l\u00e0m vi\u1ec7c c\u0169ng \u0111\u00e2u kh\u00e1c g\u00ec. C\u1ea3m gi\u00e1c th\u00e2n thu\u1ed9c \u1ea5y khi\u1ebfn t\u00f4i c\u1ee9 t\u1ee7m t\u1ec9m c\u01b0\u1eddi (Ha ha).\u201d<br \/>\nMi\u00eau Mi\u00eau: Thi\u1ebfu n\u1eef nh\u1ecf b\u00e9 nh\u01b0ng c\u00f3 th\u1ec3 \u0111\u01b0a ra l\u1eddi gi\u1ea3i cho nh\u1eefng b\u00ed \u1ea9n k\u00ec qu\u00e1i b\u1eb1ng v\u1ed1n ki\u1ebfn th\u1ee9c uy\u00ean b\u00e1c c\u1ee7a m\u00ecnh\u2026 L\u1ea7n n\u00e0y, t\u00f4i mu\u1ed1n gi\u1edbi thi\u1ec7u v\u1edbi c\u00e1c b\u1ea1n m\u1ed9t nh\u00e2n v\u1eadt khi\u1ebfn ng\u01b0\u1eddi ta kh\u00f4ng th\u1ec3 \u201ctr\u00f4ng m\u1eb7t m\u00e0 b\u1eaft h\u00ecnh dong\u201d nh\u01b0 th\u1ebf &#8211; n\u1eef th\u00e1m t\u1eed t\u00e0i ba Mi\u00eau Mi\u00eau! V\u1edbi v\u1ebb ngo\u00e0i g\u1ea7y g\u00f2 v\u00e0 nh\u1ecf nh\u1eafn, Mi\u00eau Mi\u00eau tr\u00f4ng tr\u1ebb con h\u01a1n nhi\u1ec1u so v\u1edbi \u0111\u1ed9 tu\u1ed5i 17. C\u00f4 c\u00f3 nh\u1eefng hi\u1ec3u bi\u1ebft \u0111\u00e1ng kinh ng\u1ea1c v\u1ec1 D\u01b0\u1ee3c h\u1ecdc nh\u1edd ti\u1ebfp thu t\u1eeb ngh\u0129a ph\u1ee5 l\u00e0 lang y, v\u00e0 nh\u1edd l\u00f2ng ham m\u00ea t\u00ecm hi\u1ec3u \u0111\u1ebfn \u0111\u1ed9 d\u00f9ng ch\u00ednh c\u01a1 th\u1ec3 m\u00ecnh \u0111\u1ec3 th\u1ef1c nghi\u1ec7m ch\u1ea5t \u0111\u1ed9c. B\u1ecb \u0111\u01b0a v\u00e0o h\u1eadu cung, n\u01a1i c\u00e1c phi t\u1ea7n c\u1ee7a Ho\u00e0ng \u0111\u1ebf sinh s\u1ed1ng, c\u00f4 \u0111\u00e3 \u0111\u1ecbnh s\u1ed1ng cu\u1ed9c \u0111\u1eddi th\u1ea7m l\u1eb7ng c\u1ee7a m\u1ed9t n\u00f4 t\u00ec song v\u1eabn kh\u00f4ng th\u1ec3 k\u00ecm n\u00e9n \u0111\u01b0\u1ee3c l\u00f2ng hi\u1ebfu k\u00ec v\u1ed1n c\u00f3. T\u1eeb m\u1ed9t chuy\u1ec7n t\u00ecnh c\u1edd, c\u00f4 tr\u1edf th\u00e0nh ng\u01b0\u1eddi n\u1ebfm th\u1ee9c \u0103n th\u1eed \u0111\u1ed9c cho s\u1ee7ng phi c\u1ee7a Ho\u00e0ng \u0111\u1ebf, r\u1ed3i c\u00f9ng Nh\u00e2m Th\u1ecb &#8211; vi\u00ean th\u00e1i gi\u00e1m c\u00f3 dung m\u1ea1o \u0111\u1eb9p \u0111\u1ebd v\u00e0 th\u00e2n ph\u1eadn b\u00ed \u1ea9n &#8211; b\u01b0\u1edbc v\u00e0o nh\u1eefng v\u1ee5 \u00e1n h\u00f3c b\u00faa li\u00ean t\u1ee5c x\u1ea3y ra n\u01a1i h\u1eadu cung\u2026 \u00c0, nghe n\u00f3i b\u1ea3n tankobon ti\u1ec3u thuy\u1ebft c\u1ee7a t\u00e1c gi\u1ea3 Natsu Hyuga \u0111\u00e3 \u0111\u01b0\u1ee3c gi\u1edbi thi\u1ec7u tr\u00ean t\u1ea1p ch\u00ed chuy\u00ean m\u00f4n c\u1ee7a m\u1ed9t h\u1ed9i h\u1ecdc thu\u1eadt v\u1ec1 D\u01b0\u1ee3c h\u1ecdc. Hi v\u1ecdng Conan c\u0169ng s\u1ebd xu\u1ea5t hi\u1ec7n tr\u00ean t\u1ea1p ch\u00ed chuy\u00ean m\u00f4n c\u1ee7a m\u1ed9t h\u1ed9i h\u1ecdc thu\u1eadt n\u00e0o \u0111\u00f3 v\u1ec1 Th\u00e1m t\u1eed h\u1ecdc\u2026 M\u00e0 c\u00f3 h\u1ed9i n\u00e0o nh\u01b0 th\u1ebf kh\u00f4ng ta\u2026 (Ha ha)\u201d (Khuy\u00ean \u0111\u1ecdc\u2026 \u201cT\u1eadp 1 (Truy\u1ec7n h\u1eadu cung)\u201d)<\/p>\n","protected":false},"excerpt":{"rendered":"<p>Chuy\u1ec7n g\u00ec \u0111\u00e3 x\u1ea3y ra tr\u00ean c\u1ea7u Vauxhall \u1edf London\u2026? B\u00ed \u1ea9n bao tr\u00f9m hai m\u1eb9 con Mary v\u00e0 Masumi Sera s\u1ebd \u0111\u01b0\u1ee3c l\u00e0m s\u00e1ng t\u1ecf trong ch\u01b0\u01a1ng ph\u00e1 gi\u1ea3i v\u1ee5 \u00e1n \u0111\u1ea7u \u0111\u1ed9c t\u1ea1i b\u1eefa ti\u1ec7c c\u1ee7a ng\u01b0\u1eddi m\u1eabu!<br \/>\nT\u00ecm \u0111\u1ebfn n\u01a1i Kazami \u0111ang l\u00e2m n\u1ea1n, Toru Amuro t\u00ecnh c\u1edd g\u1eb7p Conan v\u00e0 nh\u00f3m th\u00e1m t\u1eed nh\u00ed r\u1ed3i b\u01b0\u1edbc v\u00e0o v\u1ee5 \u00e1n giam c\u1ea7m \u1edf trang tr\u1ea1i ch\u0103n nu\u00f4i! T\u1ea1i \u0111\u00e2y, anh c\u0169ng ch\u1ea1m tr\u00e1n Rumi Wakasa &#8211; ng\u01b0\u1eddi \u0111\u00e3 d\u1eabn b\u1ecdn tr\u1ebb t\u1edbi\u2026!?<\/p>\n<p>Gosho AOYAMA: \u201cCh\u00e0o c\u00e1c b\u1ea1n, t\u00f4i l\u00e0 Aoyama! Chuy\u1ec7n n\u00e0y x\u1ea3y ra c\u0169ng kh\u00e1 l\u00e2u r\u1ed3i\u2026 L\u1ea7n \u0111\u00f3, t\u00f4i c\u00f9ng c\u00e1c bi\u00ean t\u1eadp vi\u00ean \u0111\u1ebfn th\u0103m nh\u00e0 h\u1ecda s\u0129 Tetsuya Chiba! T\u00f4i r\u1ea5t mu\u1ed1n \u0111\u01b0\u1ee3c t\u1eadn m\u1eaft nh\u00ecn ng\u1eafm c\u0103n ph\u00f2ng l\u00e0m vi\u1ec7c huy\u1ec1n tho\u1ea1i tr\u00ean g\u00e1c m\u00e1i!! \u0110\u00f3 l\u00e0 c\u0103n ph\u00f2ng c\u00f3 c\u1ea5u tr\u00fac nh\u1ecf g\u1ecdn v\u00e0 hi\u1ec7u qu\u1ea3, c\u1ee9 ng\u1ed3i y\u00ean tr\u00ean gh\u1ebf c\u0169ng c\u00f3 th\u1ec3 d\u1ec5 d\u00e0ng v\u1edbi tay t\u1edbi b\u1ea5t c\u1ee9 th\u1ee9 g\u00ec, kh\u00f4ng ch\u1ec9 \u0111\u1ed3 ngh\u1ec1 v\u1ebd manga m\u00e0 c\u1ea3 t\u00e0i li\u1ec7u, thu\u1ed1c men n\u1eefa. T\u00f4i ra v\u1ec1 m\u00e0 trong l\u00f2ng kh\u00f4ng kh\u1ecfi ghen t\u1ecb v\u1edbi h\u1ecda s\u0129, nh\u01b0ng ngh\u0129 l\u1ea1i th\u00ec quanh gh\u1ebf ng\u1ed3i c\u1ee7a t\u00f4i \u1edf ph\u00f2ng l\u00e0m vi\u1ec7c c\u0169ng \u0111\u00e2u kh\u00e1c g\u00ec. C\u1ea3m gi\u00e1c th\u00e2n thu\u1ed9c \u1ea5y khi\u1ebfn t\u00f4i c\u1ee9 t\u1ee7m t\u1ec9m c\u01b0\u1eddi (Ha ha).\u201d<br \/>\nMi\u00eau Mi\u00eau: Thi\u1ebfu n\u1eef nh\u1ecf b\u00e9 nh\u01b0ng c\u00f3 th\u1ec3 \u0111\u01b0a ra l\u1eddi gi\u1ea3i cho nh\u1eefng b\u00ed \u1ea9n k\u00ec qu\u00e1i b\u1eb1ng v\u1ed1n ki\u1ebfn th\u1ee9c uy\u00ean b\u00e1c c\u1ee7a m\u00ecnh\u2026 L\u1ea7n n\u00e0y, t\u00f4i mu\u1ed1n gi\u1edbi thi\u1ec7u v\u1edbi c\u00e1c b\u1ea1n m\u1ed9t nh\u00e2n v\u1eadt khi\u1ebfn ng\u01b0\u1eddi ta kh\u00f4ng th\u1ec3 \u201ctr\u00f4ng m\u1eb7t m\u00e0 b\u1eaft h\u00ecnh dong\u201d nh\u01b0 th\u1ebf &#8211; n\u1eef th\u00e1m t\u1eed t\u00e0i ba Mi\u00eau Mi\u00eau! V\u1edbi v\u1ebb ngo\u00e0i g\u1ea7y g\u00f2 v\u00e0 nh\u1ecf nh\u1eafn, Mi\u00eau Mi\u00eau tr\u00f4ng tr\u1ebb con h\u01a1n nhi\u1ec1u so v\u1edbi \u0111\u1ed9 tu\u1ed5i 17. C\u00f4 c\u00f3 nh\u1eefng hi\u1ec3u bi\u1ebft \u0111\u00e1ng kinh ng\u1ea1c v\u1ec1 D\u01b0\u1ee3c h\u1ecdc nh\u1edd ti\u1ebfp thu t\u1eeb ngh\u0129a ph\u1ee5 l\u00e0 lang y, v\u00e0 nh\u1edd l\u00f2ng ham m\u00ea t\u00ecm hi\u1ec3u \u0111\u1ebfn \u0111\u1ed9 d\u00f9ng ch\u00ednh c\u01a1 th\u1ec3 m\u00ecnh \u0111\u1ec3 th\u1ef1c nghi\u1ec7m ch\u1ea5t \u0111\u1ed9c. B\u1ecb \u0111\u01b0a v\u00e0o h\u1eadu cung, n\u01a1i c\u00e1c phi t\u1ea7n c\u1ee7a Ho\u00e0ng \u0111\u1ebf sinh s\u1ed1ng, c\u00f4 \u0111\u00e3 \u0111\u1ecbnh s\u1ed1ng cu\u1ed9c \u0111\u1eddi th\u1ea7m l\u1eb7ng c\u1ee7a m\u1ed9t n\u00f4 t\u00ec song v\u1eabn kh\u00f4ng th\u1ec3 k\u00ecm n\u00e9n \u0111\u01b0\u1ee3c l\u00f2ng hi\u1ebfu k\u00ec v\u1ed1n c\u00f3. T\u1eeb m\u1ed9t chuy\u1ec7n t\u00ecnh c\u1edd, c\u00f4 tr\u1edf th\u00e0nh ng\u01b0\u1eddi n\u1ebfm th\u1ee9c \u0103n th\u1eed \u0111\u1ed9c cho s\u1ee7ng phi c\u1ee7a Ho\u00e0ng \u0111\u1ebf, r\u1ed3i c\u00f9ng Nh\u00e2m Th\u1ecb &#8211; vi\u00ean th\u00e1i gi\u00e1m c\u00f3 dung m\u1ea1o \u0111\u1eb9p \u0111\u1ebd v\u00e0 th\u00e2n ph\u1eadn b\u00ed \u1ea9n &#8211; b\u01b0\u1edbc v\u00e0o nh\u1eefng v\u1ee5 \u00e1n h\u00f3c b\u00faa li\u00ean t\u1ee5c x\u1ea3y ra n\u01a1i h\u1eadu cung\u2026 \u00c0, nghe n\u00f3i b\u1ea3n tankobon ti\u1ec3u thuy\u1ebft c\u1ee7a t\u00e1c gi\u1ea3 Natsu Hyuga \u0111\u00e3 \u0111\u01b0\u1ee3c gi\u1edbi thi\u1ec7u tr\u00ean t\u1ea1p ch\u00ed chuy\u00ean m\u00f4n c\u1ee7a m\u1ed9t h\u1ed9i h\u1ecdc thu\u1eadt v\u1ec1 D\u01b0\u1ee3c h\u1ecdc. Hi v\u1ecdng Conan c\u0169ng s\u1ebd xu\u1ea5t hi\u1ec7n tr\u00ean t\u1ea1p ch\u00ed chuy\u00ean m\u00f4n c\u1ee7a m\u1ed9t h\u1ed9i h\u1ecdc thu\u1eadt n\u00e0o \u0111\u00f3 v\u1ec1 Th\u00e1m t\u1eed h\u1ecdc\u2026 M\u00e0 c\u00f3 h\u1ed9i n\u00e0o nh\u01b0 th\u1ebf kh\u00f4ng ta\u2026 (Ha ha)\u201d (Khuy\u00ean \u0111\u1ecdc\u2026 \u201cT\u1eadp 1 (Truy\u1ec7n h\u1eadu cung)\u201d)<\/p>\n","protected":false},"featured_media":17397,"template":"","meta":{"_acf_changed":false},"product_brand":[],"product_cat":[29],"product_tag":[],"class_list":{"0":"post-17398","1":"product","2":"type-product","3":"status-publish","4":"has-post-thumbnail","6":"product_cat-manga-comics","8":"first","9":"outofstock","10":"taxable","11":"shipping-taxable","12":"purchasable","13":"product-type-simple"},"supplier_id":null,"supplier_sku":"","barcode":null,"atum_controlled":true,"out_stock_date":"2022-08-16 07:20:41","out_stock_threshold":null,"inheritable":false,"inbound_stock":0,"stock_on_hold":0,"sold_today":0,"sales_last_days":0,"reserved_stock":0,"customer_returns":0,"warehouse_damage":0,"lost_in_post":0,"other_logs":0,"out_stock_days":1261,"lost_sales":0,"has_location":false,"update_date":"2026-01-28T23:10:59","atum_locations":[],"atum_stock_status":"outofstock","restock_status":false,"low_stock_amount":"","sales_update_date":"2026-01-28T23:10:59","calc_backorders":null,"acf":{"publisher":{"ID":1454,"post_author":"1","post_date":"2021-02-17 01:11:34","post_date_gmt":"2021-02-16 23:11:34","post_content":"<!-- wp:flatsome\/uxbuilder -->\n<h1 style=\"text-align: center;\"><strong>Kim \u0110\u1ed3ng<\/strong><\/h1>\n[row]\n\n[col span=\"3\" span__sm=\"12\"]\n\n[ux_image id=\"1534\" image_size=\"medium\"]\n\n\n[\/col]\n[col span=\"9\" span__sm=\"12\"]\n\n<p>Nh\u00e0 xu\u1ea5t b\u1ea3n Kim \u0110\u1ed3ng tr\u1ef1c thu\u1ed9c Trung \u01b0\u01a1ng \u0110o\u00e0n TNCS H\u1ed3 Ch\u00ed Minh l\u00e0 Nh\u00e0 xu\u1ea5t b\u1ea3n t\u1ed5ng h\u1ee3p c\u00f3 ch\u1ee9c n\u0103ng xu\u1ea5t b\u1ea3n s\u00e1ch v\u00e0 v\u0103n h\u00f3a ph\u1ea9m ph\u1ee5c v\u1ee5 thi\u1ebfu nhi v\u00e0 c\u00e1c b\u1eadc ph\u1ee5 huynh trong c\u1ea3 n\u01b0\u1edbc, qu\u1ea3ng b\u00e1 v\u00e0 gi\u1edbi thi\u1ec7u v\u0103n h\u00f3a Vi\u1ec7t Nam ra th\u1ebf gi\u1edbi.<br \/>Nh\u00e0 xu\u1ea5t b\u1ea3n c\u00f3 nhi\u1ec7m v\u1ee5 t\u1ed5 ch\u1ee9c b\u1ea3n th\u1ea3o, bi\u00ean so\u1ea1n, bi\u00ean d\u1ecbch, xu\u1ea5t b\u1ea3n v\u00e0 ph\u00e1t h\u00e0nh c\u00e1c xu\u1ea5t b\u1ea3n ph\u1ea9m c\u00f3 n\u1ed9i dung: gi\u00e1o d\u1ee5c truy\u1ec1n th\u1ed1ng d\u00e2n t\u1ed9c, gi\u00e1o d\u1ee5c v\u1ec1 tri th\u1ee9c, ki\u1ebfn th\u1ee9c\u2026 tr\u00ean c\u00e1c l\u0129nh v\u1ef1c v\u0103n h\u1ecdc, ngh\u1ec7 thu\u1eadt, khoa h\u1ecdc k\u1ef9 thu\u1eadt nh\u1eb1m cung c\u1ea5p cho c\u00e1c em thi\u1ebfu nhi c\u0169ng nh\u01b0 c\u00e1c b\u1eadc ph\u1ee5 huynh c\u00e1c ki\u1ebfn th\u1ee9c c\u1ea7n thi\u1ebft trong cu\u1ed9c s\u1ed1ng, nh\u1eefng tinh hoa c\u1ee7a tri th\u1ee9c nh\u00e2n lo\u1ea1i nh\u1eb1m g\u00f3p ph\u1ea7n gi\u00e1o d\u1ee5c v\u00e0 h\u00ecnh th\u00e0nh nh\u00e2n c\u00e1ch th\u1ebf h\u1ec7 tr\u1ebb.<br \/>\u0110\u1ed1i t\u01b0\u1ee3ng ph\u1ee5c v\u1ee5 c\u1ee7a Nh\u00e0 xu\u1ea5t b\u1ea3n l\u00e0 c\u00e1c em t\u1eeb tu\u1ed5i nh\u00e0 tr\u1ebb m\u1eabu gi\u00e1o (1 \u0111\u1ebfn 5 tu\u1ed5i), nhi \u0111\u1ed3ng (6 \u0111\u1ebfn 9 tu\u1ed5i), thi\u1ebfu ni\u00ean (10 \u0111\u1ebfn 15 tu\u1ed5i) \u0111\u1ebfn c\u00e1c em tu\u1ed5i m\u1edbi l\u1edbn (16 \u0111\u1ebfn 18 tu\u1ed5i) v\u00e0 c\u00e1c b\u1eadc ph\u1ee5 huynh.<\/p>\n\n[\/col]\n\n[\/row]\n\n<!-- \/wp:flatsome\/uxbuilder -->","post_title":"Kim \u0110\u1ed3ng","post_excerpt":"","post_status":"publish","comment_status":"closed","ping_status":"closed","post_password":"","post_name":"kim-dong","to_ping":"","pinged":"","post_modified":"2021-02-17 01:31:56","post_modified_gmt":"2021-02-16 23:31:56","post_content_filtered":"","post_parent":0,"guid":"https:\/\/sachviet.eu\/nha-phat-hanh\/kim-dong\/","menu_order":0,"post_type":"publisher","post_mime_type":"","comment_count":"0","filter":"raw"}},"_links":{"self":[{"href":"https:\/\/sachviet.eu\/en\/wp-json\/wp\/v2\/product\/17398","targetHints":{"allow":["GET"]}}],"collection":[{"href":"https:\/\/sachviet.eu\/en\/wp-json\/wp\/v2\/product"}],"about":[{"href":"https:\/\/sachviet.eu\/en\/wp-json\/wp\/v2\/types\/product"}],"wp:featuredmedia":[{"embeddable":true,"href":"https:\/\/sachviet.eu\/en\/wp-json\/wp\/v2\/media\/17397"}],"wp:attachment":[{"href":"https:\/\/sachviet.eu\/en\/wp-json\/wp\/v2\/media?parent=17398"}],"wp:term":[{"taxonomy":"product_brand","embeddable":true,"href":"https:\/\/sachviet.eu\/en\/wp-json\/wp\/v2\/product_brand?post=17398"},{"taxonomy":"product_cat","embeddable":true,"href":"https:\/\/sachviet.eu\/en\/wp-json\/wp\/v2\/product_cat?post=17398"},{"taxonomy":"product_tag","embeddable":true,"href":"https:\/\/sachviet.eu\/en\/wp-json\/wp\/v2\/product_tag?post=17398"}],"curies":[{"name":"wp","href":"https:\/\/api.w.org\/{rel}","templated":true}]}}