{"id":1734,"date":"2021-02-17T01:52:03","date_gmt":"2021-02-16T23:52:03","guid":{"rendered":"https:\/\/sachviet.eu\/shop\/de-tu-tin-hon-set-3-quyen\/"},"modified":"2021-06-12T20:51:44","modified_gmt":"2021-06-12T17:51:44","slug":"de-tu-tin-hon-set-3-quyen","status":"publish","type":"product","link":"https:\/\/sachviet.eu\/en\/shop\/de-tu-tin-hon-set-3-quyen\/","title":{"rendered":"\u0110\u1ec3 T\u1ef1 Tin H\u01a1n &#8211; set 3 quy\u1ec3n"},"content":{"rendered":"<p>Combo \u0110\u1ec3 T\u1ef1 Tin H\u01a1n:<\/p>\n<p>1. \u0110\u1ec3 T\u1ef1 Tin H\u01a1n: L\u1eddi Ch\u00e0o C\u1ee7a T\u1edb <\/p>\n<p>2. \u0110\u1ec3 T\u1ef1 Tin H\u01a1n: T\u1edb Y\u00eau Ch\u00ednh M\u00ecnh <\/p>\n<p>3. \u0110\u1ec3 T\u1ef1 Tin H\u01a1n: T\u1edb Y\u00eau M\u1ecdi Ng\u01b0\u1eddi<\/p>\n  <div class=\"banner-grid-wrapper\">\n  <div id=\"banner-grid-322844797\" class=\"banner-grid row row-grid row-small\" data-packery-options=\"\">\n                      \n<div class=\"col grid-col large-7 grid-col-1\" ><div class=\"col-inner\">\n\t<div class=\"img has-hover x md-x lg-x y md-y lg-y\" id=\"image_1467188175\">\n\t\t\t\t\t\t\t\t<div class=\"img-inner dark\" >\n\t\t\t<img loading=\"lazy\" decoding=\"async\" width=\"600\" height=\"600\" src=\"https:\/\/sachviet.eu\/wp-content\/uploads\/2021\/02\/150947914_2859081087707758_1618379741009730234_n.jpg\" class=\"attachment-large size-large\" alt=\"\" srcset=\"https:\/\/sachviet.eu\/wp-content\/uploads\/2021\/02\/150947914_2859081087707758_1618379741009730234_n.jpg 600w, https:\/\/sachviet.eu\/wp-content\/uploads\/2021\/02\/150947914_2859081087707758_1618379741009730234_n-300x300.jpg 300w, https:\/\/sachviet.eu\/wp-content\/uploads\/2021\/02\/150947914_2859081087707758_1618379741009730234_n-150x150.jpg 150w, https:\/\/sachviet.eu\/wp-content\/uploads\/2021\/02\/150947914_2859081087707758_1618379741009730234_n-100x100.jpg 100w\" sizes=\"auto, (max-width: 600px) 100vw, 600px\" \/>\t\t\t\t\t\t\n\t\t\t\t\t<\/div>\n\t\t\t\t\t\t\t\t\n<style>\n#image_1467188175 {\n  width: 100%;\n}\n<\/style>\n\t<\/div>\n\t\n<\/div><\/div>\n<div class=\"col grid-col large-5 grid-col-1-2\" ><div class=\"col-inner\">\n\t<div class=\"img has-hover x md-x lg-x y md-y lg-y\" id=\"image_228771557\">\n\t\t\t\t\t\t\t\t<div class=\"img-inner dark\" >\n\t\t\t<img loading=\"lazy\" decoding=\"async\" width=\"960\" height=\"720\" src=\"https:\/\/sachviet.eu\/wp-content\/uploads\/2021\/02\/5-c2a98b99-66db-4d74-bc55-d72db7775df5.jpg\" class=\"attachment-large size-large\" alt=\"\" srcset=\"https:\/\/sachviet.eu\/wp-content\/uploads\/2021\/02\/5-c2a98b99-66db-4d74-bc55-d72db7775df5.jpg 960w, https:\/\/sachviet.eu\/wp-content\/uploads\/2021\/02\/5-c2a98b99-66db-4d74-bc55-d72db7775df5-300x225.jpg 300w, https:\/\/sachviet.eu\/wp-content\/uploads\/2021\/02\/5-c2a98b99-66db-4d74-bc55-d72db7775df5-768x576.jpg 768w, https:\/\/sachviet.eu\/wp-content\/uploads\/2021\/02\/5-c2a98b99-66db-4d74-bc55-d72db7775df5-600x450.jpg 600w\" sizes=\"auto, (max-width: 960px) 100vw, 960px\" \/>\t\t\t\t\t\t\n\t\t\t\t\t<\/div>\n\t\t\t\t\t\t\t\t\n<style>\n#image_228771557 {\n  width: 100%;\n}\n<\/style>\n\t<\/div>\n\t\n<\/div><\/div>\n<div class=\"col grid-col large-5 grid-col-1-2\" ><div class=\"col-inner\">\n\t<div class=\"img has-hover x md-x lg-x y md-y lg-y\" id=\"image_391095423\">\n\t\t\t\t\t\t\t\t<div class=\"img-inner dark\" >\n\t\t\t<img loading=\"lazy\" decoding=\"async\" width=\"450\" height=\"600\" src=\"https:\/\/sachviet.eu\/wp-content\/uploads\/2021\/02\/de-tu-tin-hon.jpg\" class=\"attachment-large size-large\" alt=\"\" srcset=\"https:\/\/sachviet.eu\/wp-content\/uploads\/2021\/02\/de-tu-tin-hon.jpg 450w, https:\/\/sachviet.eu\/wp-content\/uploads\/2021\/02\/de-tu-tin-hon-225x300.jpg 225w\" sizes=\"auto, (max-width: 450px) 100vw, 450px\" \/>\t\t\t\t\t\t\n\t\t\t\t\t<\/div>\n\t\t\t\t\t\t\t\t\n<style>\n#image_391095423 {\n  width: 100%;\n}\n<\/style>\n\t<\/div>\n\t\n<\/div><\/div>\n            <\/div>\n    <style>\n    #banner-grid-322844797 .grid-col-1{height: 600px}\n    #banner-grid-322844797 .grid-col-1-2{height: 300px}\n    #banner-grid-322844797 .grid-col-1-3{height:200px}\n    #banner-grid-322844797 .grid-col-2-3{height: 400px}\n    #banner-grid-322844797 .grid-col-1-4{height: 150px}\n    #banner-grid-322844797 .grid-col-3-4{height: 450px}\n\n\n    \n    \n\n  <\/style>\n    <\/div>\n  \n","protected":false},"excerpt":{"rendered":"<p>&#8220;S\u00e1ch g\u00ec m\u00e0 \u0111\u1eb9p qu\u00e1 quy \u0111\u1ecbnh th\u1ebf n\u00e0y! Tranh minh ho\u1ea1 c\u01b0ng mu\u1ed1n x\u1ec9u lu\u00f4n \u1ea5y. T\u1edb t\u1eebng h\u1ecdc v\u1ec1 v\u1ebd minh ho\u1ea1 cho s\u00e1ch thi\u1ebfu nhi \u0111\u00e2m ra t\u1edb l\u00fac n\u00e0o c\u0169ng b\u1ecb cu\u1ed1n h\u00fat b\u1edfi nh\u1eefng cu\u1ed1n s\u00e1ch \u0111\u1eb9p m\u1eaft. M\u00e0u s\u1eafc trong s\u00e1ng, n\u00e9t v\u1ebd \u0111\u01a1n gi\u1ea3n cho tr\u1ebb em ti\u1ebfp c\u1eadn nh\u1eb9 nh\u00e0ng l\u00e0 nh\u1eefng g\u00ec khi\u1ebfn t\u1edb th\u1ef1c s\u1ef1 quan t\u00e2m.<br \/>\nR\u1ed3i \u0111\u1ebfn n\u1ed9i dung, t\u1edb c\u1ef1c k\u1ef3 th\u00edch s\u00e1ch c\u00f3 c\u00e2u ch\u1eef ng\u1eafn g\u1ecdn, r\u1ea5t d\u1ec5 cho b\u00e9 t\u1eadp \u0111\u1ecdc, ph\u00f9 h\u1ee3p v\u1edbi nh\u1eefng b\u00e9 t\u1eeb 0-6 tu\u1ed5i. Ngo\u00e0i ra \u0111\u00e2y l\u00e0 b\u1ed9 s\u00e1ch n\u00f3i v\u1ec1 t\u00ecnh c\u1ea3m ng\u1ecdt ng\u00e0o d\u1ec5 th\u01b0\u01a1ng c\u1ee7a em b\u00e9 v\u1edbi ch\u00ednh em, v\u1edbi nh\u1eefng ng\u01b0\u1eddi xung quanh, v\u1edbi \u0111\u1ed3 v\u1eadt xung quanh, v\u1edbi t\u1ea5t c\u1ea3 th\u1ebf gi\u1edbi nh\u1ecf b\u00e9 c\u1ee7a em. M\u1ed9t t\u00ecnh c\u1ea3m trong s\u00e1ng, thu\u1ea7n khi\u1ebft nh\u01b0 thi\u00ean th\u1ea7n.&#8221; &#8211; B\u00f4ng<\/p>\n","protected":false},"featured_media":1718,"template":"","meta":{"_acf_changed":false},"product_brand":[],"product_cat":[24,25,17],"product_tag":[],"class_list":{"0":"post-1734","1":"product","2":"type-product","3":"status-publish","4":"has-post-thumbnail","6":"product_cat-nha-tre-mau-giao-0-tuoi-6-tuoi","7":"product_cat-nhi-dong-6-tuoi-12-tuoi","8":"product_cat-sach-danh-cho-cac-be","10":"first","11":"outofstock","12":"taxable","13":"shipping-taxable","14":"purchasable","15":"product-type-simple"},"supplier_id":null,"supplier_sku":"","barcode":null,"atum_controlled":true,"out_stock_date":"2021-06-12 17:51:44","out_stock_threshold":null,"inheritable":false,"inbound_stock":0,"stock_on_hold":0,"sold_today":0,"sales_last_days":0,"reserved_stock":0,"customer_returns":0,"warehouse_damage":0,"lost_in_post":0,"other_logs":0,"out_stock_days":1691,"lost_sales":0,"has_location":false,"update_date":"2026-01-28T23:10:30","atum_locations":[],"atum_stock_status":"outofstock","restock_status":false,"low_stock_amount":"","sales_update_date":"2026-01-28T23:10:30","calc_backorders":null,"acf":{"publisher":{"ID":1454,"post_author":"1","post_date":"2021-02-17 01:11:34","post_date_gmt":"2021-02-16 23:11:34","post_content":"<!-- wp:flatsome\/uxbuilder -->\n<h1 style=\"text-align: center;\"><strong>Kim \u0110\u1ed3ng<\/strong><\/h1>\n[row]\n\n[col span=\"3\" span__sm=\"12\"]\n\n[ux_image id=\"1534\" image_size=\"medium\"]\n\n\n[\/col]\n[col span=\"9\" span__sm=\"12\"]\n\n<p>Nh\u00e0 xu\u1ea5t b\u1ea3n Kim \u0110\u1ed3ng tr\u1ef1c thu\u1ed9c Trung \u01b0\u01a1ng \u0110o\u00e0n TNCS H\u1ed3 Ch\u00ed Minh l\u00e0 Nh\u00e0 xu\u1ea5t b\u1ea3n t\u1ed5ng h\u1ee3p c\u00f3 ch\u1ee9c n\u0103ng xu\u1ea5t b\u1ea3n s\u00e1ch v\u00e0 v\u0103n h\u00f3a ph\u1ea9m ph\u1ee5c v\u1ee5 thi\u1ebfu nhi v\u00e0 c\u00e1c b\u1eadc ph\u1ee5 huynh trong c\u1ea3 n\u01b0\u1edbc, qu\u1ea3ng b\u00e1 v\u00e0 gi\u1edbi thi\u1ec7u v\u0103n h\u00f3a Vi\u1ec7t Nam ra th\u1ebf gi\u1edbi.<br \/>Nh\u00e0 xu\u1ea5t b\u1ea3n c\u00f3 nhi\u1ec7m v\u1ee5 t\u1ed5 ch\u1ee9c b\u1ea3n th\u1ea3o, bi\u00ean so\u1ea1n, bi\u00ean d\u1ecbch, xu\u1ea5t b\u1ea3n v\u00e0 ph\u00e1t h\u00e0nh c\u00e1c xu\u1ea5t b\u1ea3n ph\u1ea9m c\u00f3 n\u1ed9i dung: gi\u00e1o d\u1ee5c truy\u1ec1n th\u1ed1ng d\u00e2n t\u1ed9c, gi\u00e1o d\u1ee5c v\u1ec1 tri th\u1ee9c, ki\u1ebfn th\u1ee9c\u2026 tr\u00ean c\u00e1c l\u0129nh v\u1ef1c v\u0103n h\u1ecdc, ngh\u1ec7 thu\u1eadt, khoa h\u1ecdc k\u1ef9 thu\u1eadt nh\u1eb1m cung c\u1ea5p cho c\u00e1c em thi\u1ebfu nhi c\u0169ng nh\u01b0 c\u00e1c b\u1eadc ph\u1ee5 huynh c\u00e1c ki\u1ebfn th\u1ee9c c\u1ea7n thi\u1ebft trong cu\u1ed9c s\u1ed1ng, nh\u1eefng tinh hoa c\u1ee7a tri th\u1ee9c nh\u00e2n lo\u1ea1i nh\u1eb1m g\u00f3p ph\u1ea7n gi\u00e1o d\u1ee5c v\u00e0 h\u00ecnh th\u00e0nh nh\u00e2n c\u00e1ch th\u1ebf h\u1ec7 tr\u1ebb.<br \/>\u0110\u1ed1i t\u01b0\u1ee3ng ph\u1ee5c v\u1ee5 c\u1ee7a Nh\u00e0 xu\u1ea5t b\u1ea3n l\u00e0 c\u00e1c em t\u1eeb tu\u1ed5i nh\u00e0 tr\u1ebb m\u1eabu gi\u00e1o (1 \u0111\u1ebfn 5 tu\u1ed5i), nhi \u0111\u1ed3ng (6 \u0111\u1ebfn 9 tu\u1ed5i), thi\u1ebfu ni\u00ean (10 \u0111\u1ebfn 15 tu\u1ed5i) \u0111\u1ebfn c\u00e1c em tu\u1ed5i m\u1edbi l\u1edbn (16 \u0111\u1ebfn 18 tu\u1ed5i) v\u00e0 c\u00e1c b\u1eadc ph\u1ee5 huynh.<\/p>\n\n[\/col]\n\n[\/row]\n\n<!-- \/wp:flatsome\/uxbuilder -->","post_title":"Kim \u0110\u1ed3ng","post_excerpt":"","post_status":"publish","comment_status":"closed","ping_status":"closed","post_password":"","post_name":"kim-dong","to_ping":"","pinged":"","post_modified":"2021-02-17 01:31:56","post_modified_gmt":"2021-02-16 23:31:56","post_content_filtered":"","post_parent":0,"guid":"https:\/\/sachviet.eu\/nha-phat-hanh\/kim-dong\/","menu_order":0,"post_type":"publisher","post_mime_type":"","comment_count":"0","filter":"raw"}},"_links":{"self":[{"href":"https:\/\/sachviet.eu\/en\/wp-json\/wp\/v2\/product\/1734","targetHints":{"allow":["GET"]}}],"collection":[{"href":"https:\/\/sachviet.eu\/en\/wp-json\/wp\/v2\/product"}],"about":[{"href":"https:\/\/sachviet.eu\/en\/wp-json\/wp\/v2\/types\/product"}],"wp:featuredmedia":[{"embeddable":true,"href":"https:\/\/sachviet.eu\/en\/wp-json\/wp\/v2\/media\/1718"}],"wp:attachment":[{"href":"https:\/\/sachviet.eu\/en\/wp-json\/wp\/v2\/media?parent=1734"}],"wp:term":[{"taxonomy":"product_brand","embeddable":true,"href":"https:\/\/sachviet.eu\/en\/wp-json\/wp\/v2\/product_brand?post=1734"},{"taxonomy":"product_cat","embeddable":true,"href":"https:\/\/sachviet.eu\/en\/wp-json\/wp\/v2\/product_cat?post=1734"},{"taxonomy":"product_tag","embeddable":true,"href":"https:\/\/sachviet.eu\/en\/wp-json\/wp\/v2\/product_tag?post=1734"}],"curies":[{"name":"wp","href":"https:\/\/api.w.org\/{rel}","templated":true}]}}