{"id":1717,"date":"2021-02-17T01:51:46","date_gmt":"2021-02-16T23:51:46","guid":{"rendered":"https:\/\/sachviet.eu\/shop\/vua-nham-mat-vua-mo-cua-so\/"},"modified":"2021-05-18T00:45:08","modified_gmt":"2021-05-17T21:45:08","slug":"vua-nham-mat-vua-mo-cua-so","status":"publish","type":"product","link":"https:\/\/sachviet.eu\/en\/shop\/vua-nham-mat-vua-mo-cua-so\/","title":{"rendered":"V\u1eeba Nh\u1eafm M\u1eaft V\u1eeba M\u1edf C\u1eeda S\u1ed5"},"content":{"rendered":"<p>C\u1eadu b\u00e9 s\u1ebd ch\u1ec9 cho ch\u00fang ta nhi\u1ec1u \u0111i\u1ec1u b\u00ed m\u1eadt th\u00fa v\u1ecb, t\u1eeb nh\u1eefng b\u00e0i h\u1ecdc v\u00e0 nh\u1eefng suy ngh\u0129 \u201c\u00f4ng c\u1ee5 non\u201d trong c\u00e1i \u0111\u1ea7u m\u01b0\u1eddi tu\u1ed5i c\u1ee7a c\u1eadu.<\/p>\n<p>C\u00e1i n\u00f4i nu\u00f4i d\u01b0\u1ee1ng c\u1eadu b\u00e9 l\u00e0 l\u00e0ng qu\u00ea b\u00ecnh d\u1ecb, l\u00e0 b\u1ed1 m\u1eb9 gi\u00e0u l\u00f2ng nh\u00e2n \u00e1i, tinh t\u1ebf trong c\u1ea3m nh\u1eadn v\u00e0 s\u1ebb chia, l\u00e0 nh\u1eefng ng\u01b0\u1eddi l\u00e1ng gi\u1ec1ng n\u1ed3ng h\u1eadu, ngh\u0129a kh\u00ed . C\u1eadu c\u0169ng c\u00f3 r\u1ea5t nhi\u1ec1u b\u1ea1n. H\u01a1n h\u1ebft, c\u1eadu c\u00f3 c\u1ea3 khu v\u01b0\u1eddn nh\u00e0 r\u1ea5t r\u1ed9ng, n\u01a1i m\u00e0 b\u1ed1 \u0111\u00e3 d\u1ea1y c\u1eadu \u0111i\u1ec1u tuy\u1ec7t v\u1eddi nh\u1ea5t, b\u1ed1 d\u1eabn c\u1eadu ra v\u01b0\u1eddn b\u1ea3o c\u1eadu nh\u1eafm m\u1eaft, r\u1ed3i h\u01b0\u1edbng d\u1eabn c\u1eadu ch\u1ea1m v\u00e0o t\u1eebng b\u00f4ng hoa v\u00e0 \u0111o\u00e1n t\u00ean, l\u00fac \u0111\u1ea7u c\u1eadu to\u00e0n \u0111o\u00e1n sai, b\u1ed1 n\u00f3i kh\u00f4ng sao c\u1ea3, d\u1ea7n d\u1ea7n con s\u1ebd \u0111o\u00e1n \u0111\u00fang, m\u00e0 th\u1eadt v\u1eady, t\u1eebng ng\u00e0y r\u1ed3i t\u1eebng ng\u00e0y, c\u1eadu \u0111\u00e3 \u0111o\u00e1n \u0111\u00fang t\u00ean t\u1eebng b\u00f4ng hoa trong v\u01b0\u1eddn, r\u1ed3i b\u1ed1 l\u1ea1i b\u00e0y c\u1eadu t\u1eadp \u0111o\u00e1n kho\u1ea3ng c\u00e1ch \u0111\u1ebfn b\u00f4ng hoa, c\u1eadu th\u00edch ch\u00ed m\u1ed7i khi \u0111o\u00e1n \u0111\u00fang, c\u1eadu \u0111o\u00e1n ch\u00ednh x\u00e1c kho\u1ea3ng c\u00e1ch \u0111\u1ebfn n\u1ed7i ch\u00fa H\u00f9ng h\u00e0ng x\u00f3m ph\u1ea3i th\u1ed1t l\u00ean \u201cTh\u1eadt kh\u00f4ng th\u1ec3 tin n\u1ed5i, ch\u00e1u c\u00f3 con m\u1eaft th\u1ea7n\u201d, c\u0169ng nh\u1edd \u201ccon m\u1eaft th\u1ea7n\u201d n\u00e0y m\u00e0 c\u1eadu \u0111\u00e3 c\u1ee9u \u0111\u01b0\u1ee3c b\u1ea1n T\u00ed kh\u1ecfi ch\u1ebft \u0111u\u1ed1i. V\u00e0 T\u00ed \u0111\u00e3 th\u00e0nh b\u1ea1n th\u00e2n nh\u1ea5t c\u1ee7a c\u1eadu. \u201cCon m\u1eaft th\u1ea7n\u201d \u0111\u00e3 th\u00e0nh \u0111i\u1ec1u b\u00ed m\u1eadt c\u1ee7a hai b\u1ed1 con. C\u00f2n khu v\u01b0\u1eddn tr\u1edf th\u00e0nh \u0111i\u1ec1u b\u00ed m\u1eadt c\u1ee7a c\u1eadu. \u201cT\u00f4i \u0111i nh\u1eb9 ra v\u01b0\u1eddn. T\u00f4i hi\u1ec3u, khu v\u01b0\u1eddn l\u00e0 m\u00f3n qu\u00e0 b\u1ea5t t\u1eadn c\u1ee7a t\u00f4i. M\u1ed7i b\u00f4ng hoa l\u00e0 m\u1ed9t m\u00f3n qu\u00e0 nh\u1ecf, m\u1ed9t v\u01b0\u1eddn hoa l\u00e0 m\u1ed9t m\u00f3n qu\u00e0 l\u1edbn, t\u00f4i nh\u1eafm m\u1eaft ch\u1ea1m tay r\u1ed3i g\u1ecdi t\u00ean t\u1eebng m\u00f3n qu\u00e0. T\u00f4i ch\u1ea1m ph\u1ea3i b\u1ed1. T\u00f4i la l\u00ean: \u201cA! M\u00f3n qu\u00e0 c\u1ee7a tui \u0111\u00e2y r\u1ed3i. \u00d4i! C\u00e1i m\u00f3n qu\u00e0 n\u00e0y b\u1ef1 qu\u00e1!\u201d.<\/p>\n<p>B\u1ed1 l\u1ea1i ngh\u0129 ra tr\u00f2 ch\u01a1i kh\u00e1c, b\u00e0y cho c\u1eadu \u0111o\u00e1n hoa b\u1eb1ng c\u1ea3m nh\u1eadn t\u1eeb m\u0169i, cho \u0111\u1ebfn khi c\u1eadu nh\u1eadn di\u1ec7n \u0111\u01b0\u1ee3c t\u1ea5t c\u1ea3 m\u00f9i h\u01b0\u01a1ng c\u1ee7a c\u00e1c lo\u1ea1i hoa trong v\u01b0\u1eddn, l\u1ea7n n\u00e0y \u201ccon m\u1eaft th\u1ea7n\u201d n\u1eb1m ngay m\u0169i c\u1eadu. C\u1ee9 th\u1ebf, t\u1eeb khu v\u01b0\u1eddn nh\u00e0, c\u1eadu h\u1ecdc c\u00e1ch c\u1ea3m nh\u1eadn cu\u1ed9c s\u1ed1ng quanh m\u00ecnh, m\u1ed9t khu v\u01b0\u1eddn r\u1ed9ng l\u1edbn h\u01a1n, b\u00ed m\u1eadt h\u01a1n, h\u01b0\u01a1ng s\u1eafc c\u0169ng \u0111a d\u1ea1ng h\u01a1n, c\u00f3 vui, c\u00f3 bu\u1ed3n, c\u00f3 h\u1ea1nh ph\u00fac, c\u00f3 kh\u1ed5 \u0111au, c\u00f3 t\u1ef1 h\u00e0o nh\u01b0ng c\u0169ng c\u00f3 l\u1ed7i l\u1ea7m v\u00e0 \u00e2n h\u1eadn, c\u00f3 sinh ly t\u1eed bi\u1ec7t, c\u00f3 chia s\u1ebb v\u00e0 y\u00eau th\u01b0\u01a1ng\u2026<\/p>\n<p>C\u1eadu c\u0169ng h\u1ecdc \u0111\u01b0\u1ee3c c\u00e1ch v\u01b0\u1ee3t qua t\u1ef1 ti, bi\u1ebfn khi\u1ebfm khuy\u1ebft c\u1ee7a b\u1ea3n th\u00e2n th\u00e0nh \u0111i\u1ec1u b\u00ed m\u1eadt kh\u00e1c bi\u1ec7t c\u1ee7a ri\u00eang m\u00ecnh, \u0111\u1ec3 t\u1eeb c\u1ea3m gi\u00e1c x\u1ea5u h\u1ed5 v\u00ec c\u00e1i r\u0103ng kh\u1ec3nh \u0111\u00e1ng gh\u00e9t, c\u1eadu \u0111\u00e3 c\u00f3 th\u1ec3 ng\u00e0y ng\u00e0y t\u1ef1 tin m\u1ec9m c\u01b0\u1eddi khoe r\u0103ng.<br \/>\nC\u00f2n v\u1edbi nh\u1eefng khi\u1ebfm khuy\u1ebft c\u1ee7a ng\u01b0\u1eddi kh\u00e1c, c\u1eadu l\u1ea1i bi\u1ebfn n\u00f3 th\u00e0nh s\u1ef1 \u0111\u1ed3ng c\u1ea3m. C\u1eadu t\u00ecnh nguy\u1ec7n cho \u00f4ng T\u01b0 c\u1ea3 b\u00e0n tay c\u1ee7a m\u00ecnh sau khi nghe \u00f4ng k\u1ec3 t\u1ea1i sao \u00f4ng b\u1ecb m\u1ea5t c\u1ea3 tay ch\u00e2n trong m\u1ed9t tr\u1eadn ph\u00e1o k\u00edch, \u00f4ng T\u01b0 h\u1ecfi nh\u01b0ng \u201cl\u00e0m sao \u00f4ng l\u1ea5y \u0111\u01b0\u1ee3c\u201d, c\u1eadu h\u1ed3n nhi\u00ean n\u00f3i \u201cD\u1ec5 l\u1eafm. Th\u1ec9nh tho\u1ea3ng con ch\u1ea1y sang \u0111\u00e2y. \u00d4ng ch\u1ec9 vi\u1ec7c k\u00eau l\u00ean: b\u00e0n tay \u01a1i l\u1ea5y cho tui c\u00e1i b\u00e1nh. Th\u1ebf l\u00e0 b\u00e0n tay s\u1ebd ch\u1ea1y l\u1ea5y cho \u00f4ng ngay\u201d. \u00d4ng c\u01b0\u1eddi kh\u00e0 kh\u00e0: \u201c\u00d4i hay qu\u00e1! Th\u1eadt l\u00e0 h\u1ea5p d\u1eabn, v\u1eady m\u00e0 \u00f4ng kh\u00f4ng ngh\u0129 ra \u0111\u01b0\u1ee3c. \u0110\u1ec3 \u00f4ng l\u00e0m th\u1eed nh\u00e9! \u00d4ng h\u1eafng gi\u1ecdng r\u1ed3i s\u00f4i n\u1ed5i n\u00f3i- B\u00e0n tay \u01a1i!\u201d \u201c\u01a0i! C\u00f3 tui \u0111\u00e2y!- T\u00f4i n\u00f3i to- Tui l\u00e0 b\u00e0n tay! B\u00e0n tay xin tu\u00e2n l\u1ec7nh ho\u00e0ng th\u01b0\u1ee3ng!\u201d.<\/p>\n<p>C\u1eadu c\u0169ng bi\u1ec3u l\u1ed9 s\u1ef1 c\u1ea3m th\u00f4ng v\u00e0 chia s\u1ebb khi \u0111\u1ebfn ng\u1ed3i b\u00ean c\u00f4 H\u1ed3ng v\u00e0 n\u00f3i: \u201cCh\u1eebng n\u00e0o c\u00f4 kh\u1ecfi b\u1ec7nh, c\u00f4 \u0111an cho con chi\u1ebfc n\u00f3n len nh\u00e9. Con th\u00edch chi\u1ebfc n\u00f3n c\u00f3 nhi\u1ec1u tua v\u00e0 c\u00e1i m\u0169i d\u00e0i d\u00e0i.\u201d C\u00f4 g\u1eadt \u0111\u1ea7u, c\u1eadu n\u00f3i ti\u1ebfp: \u201cC\u00f4 c\u00f3 th\u00edch \u0103n b\u1eafp rang kh\u00f4ng?\u201d C\u00f4 l\u1eafc \u0111\u1ea7u nh\u01b0ng m\u1ec9m c\u01b0\u1eddi v\u1edbi c\u1eadu, n\u1ee5 c\u01b0\u1eddi \u0111\u1ea7u ti\u00ean t\u1eeb l\u00fac c\u00f4 \u0111\u00e1nh m\u1ea5t em b\u00e9. T\u1ed1i \u0111\u00f3 c\u1eadu n\u00f3i v\u1edbi m\u1eb9: \u201cM\u1eb9 \u01a1i, h\u1ed3i chi\u1ec1u c\u00f4 H\u1ed3ng c\u01b0\u1eddi v\u1edbi con, c\u00f4 c\u00f2n h\u1ee9a \u0111an cho con m\u1ed9t c\u00e1i n\u00f3n len, m\u1eb9 c\u00f3 tin c\u00f4 H\u1ed3ng s\u1ebd h\u1ebft bu\u1ed3n khi ng\u1ed3i \u0111an n\u00f3n kh\u00f4ng?\u201d M\u1eb9 tr\u1ea3 l\u1eddi \u201cM\u1eb9 tin\u201d, b\u1edfi m\u1eb9 bi\u1ebft c\u1eadu v\u1eabn nh\u1edb l\u1eddi m\u1eb9 n\u00f3i \u201ckhi m\u1ed9t ai \u0111\u00f3 bu\u1ed3n, h\u1ecd c\u1ea7n r\u1ea5t nhi\u1ec1u ng\u01b0\u1eddi \u0111\u1ec3 chia s\u1ebb. N\u1ed7i bu\u1ed3n ch\u1ec9 v\u01a1i \u0111i b\u1eb1ng t\u00ecnh th\u01b0\u01a1ng ch\u1ee9 kh\u00f4ng c\u00f3 m\u1ed9t ph\u01b0\u01a1ng thu\u1ed1c n\u00e0o h\u1ebft. Khi chia s\u1ebb m\u1ed9t n\u1ed7i bu\u1ed3n, ch\u00fang ta s\u1ebd kh\u00f4ng bu\u1ed3n h\u01a1n, nh\u01b0ng ng\u01b0\u1eddi kh\u00e1c s\u1ebd vui h\u01a1n\u2026H\u1ecd c\u1ea7n nh\u1eefng khu\u00f4n m\u1eb7t h\u01a1n l\u00e0 nh\u1eefng vi\u00ean thu\u1ed1c. H\u1ecd c\u1ea7n nh\u1eefng b\u00e0n tay, nh\u1eefng t\u00f4 ch\u00e1o, nh\u1eefng qu\u1ea3 \u1ed5i h\u00e1i \u0111\u1ec3 \u0111\u1ea7u gi\u01b0\u1eddng. H\u1ecd c\u1ea7n m\u1ed7i bu\u1ed5i t\u1ed1i gh\u00e9 l\u1ea1i ng\u1ed3i v\u1edbi h\u1ecd trong im l\u1eb7ng. H\u1ecd c\u1ea7n ch\u00fang ta d\u1eabn h\u1ecd l\u00ean \u0111\u1ed3i cu\u1ed1c m\u1ed9t m\u1ea3nh v\u01b0\u1eddn, v\u00e0 th\u1ec9nh tho\u1ea3ng h\u1ecfi h\u1ecd c\u00f3 th\u00edch \u0103n b\u1eafp rang kh\u00f4ng\u2026\u201d<\/p>\n<p>V\u1eabn l\u00e0 tr\u1ebb con n\u00ean c\u1eadu v\u1eabn th\u01b0\u1eddng h\u00e1o th\u1eafng, \u0111\u00f4i l\u00fac l\u1ea1i hay ganh t\u1ecb, th\u1ec9nh tho\u1ea3ng ph\u1ea1m l\u1ed7i nh\u01b0ng ng\u1ea1i ng\u00f9ng l\u00fang t\u00fang nh\u1eadn l\u1ed7i. Nh\u01b0 khi quan t\u00e2m \u0111\u1ec3 \u00fd \u0111\u1ebfn hai \u00f4ng ch\u00e1u l\u00e3o m\u00f9 \u0103n xin lang thang tr\u00fa ch\u00e2n \u1edf s\u1ea1p ch\u1ee3, c\u1eadu mu\u1ed1n t\u1eb7ng cho b\u1ea1n m\u1ed9t con d\u1ebf b\u1eaft \u1edf v\u01b0\u1eddn nh\u00e0 m\u00e0 kh\u00f4ng d\u00e1m, khi \u0111\u00e3 t\u1eb7ng r\u1ed3i l\u1ea1i n\u1ed5i gi\u1eadn v\u1edbi b\u1ea1n v\u00ec m\u1ed9t l\u00fd do kh\u00f4ng \u0111\u00e2u v\u00e0 x\u00fac ph\u1ea1m b\u1ea1n\u2026.\u0111\u1ec3 l\u00fac nh\u1eadn ra l\u1ed7i c\u1ee7a m\u00ecnh mu\u1ed1n \u0111\u1ebfn xin l\u1ed7i th\u00ec hai \u00f4ng ch\u00e1u l\u00e3o \u0103n xin \u0111\u00e3 \u0111i xa. L\u00fac \u0111\u00f3 c\u1eadu \u0111\u00e3 hi\u1ec3u h\u01a1n l\u1eddi c\u1ee7a b\u1ed1 \u201cKhi nh\u00ecn theo b\u00f3ng m\u1ed9t ng\u01b0\u1eddi m\u00e0 ta kh\u00f4ng th\u1ec3 qu\u00ean \u0111\u01b0\u1ee3c, ch\u00fang ta s\u1ebd th\u1ea5y \u201cn\u1ed7i nh\u1edb\u201d c\u1ee7a m\u00ecnh\u201d. C\u1eadu s\u1ebd nh\u1edb m\u00e3i ng\u01b0\u1eddi b\u1ea1n ch\u01b0a t\u1eebng bi\u1ebft t\u00ean \u1ea5y, c\u00f9ng n\u1ed7i \u00e2n h\u1eadn v\u1ec1 m\u1ed9t l\u1eddi xin l\u1ed7i ch\u01b0a k\u1ecbp n\u00f3i.<br \/>\nM\u1edf \u0111\u1ea7u s\u00e1ch l\u00e0 s\u1ef1 s\u1ed1ng c\u1ee7a b\u1ea3n th\u00e2n, k\u1ebft th\u00fac s\u00e1ch l\u1ea1i l\u00e0 c\u00e1i ch\u1ebft h\u1ee5t c\u1ee7a c\u1eadu b\u1ea1n r\u1ea5t th\u00e2n, ch\u1eafc h\u1eb3n t\u00e1c gi\u1ea3 \u0111\u00e3 mu\u1ed1n nh\u00e2n v\u1eadt ch\u00ednh c\u1ee7a m\u00ecnh n\u1ebfm tr\u1ea3i \u0111\u1ee7 m\u1ecdi cung b\u1eadc c\u1ea3m x\u00fac c\u1ee7a m\u1ed9t c\u1eadu ch\u00e0ng m\u01b0\u1eddi tu\u1ed5i r\u1ea5t h\u1ed3n nhi\u00ean, gi\u00e0u t\u00ecnh c\u1ea3m l\u1ea1i hay suy t\u01b0\u1edfng v\u00e0 tri\u1ebft l\u00fd.<\/p>\n<p>V\u1edbi t\u00f4i, \u201cv\u1eeba nh\u1eafm m\u1eaft, v\u1eeba m\u1edf c\u1eeda s\u1ed5\u201d th\u1eadt s\u1ef1 l\u00e0 m\u1ed9t b\u1ee9c tranh \u0111\u1ed3ng qu\u00ea dung d\u1ecb, trong tr\u1ebbo, s\u1ed1ng \u0111\u1ed9ng, \u0111\u1ea7y ch\u1ea5t th\u01a1, l\u1ea1i ch\u1ee9a \u0111\u1ef1ng nhi\u1ec1u \u00fd ngh\u0129a s\u00e2u s\u1eafc. T\u00e1c gi\u1ea3 Nguy\u1ec5n Ng\u1ecdc Thu\u1ea7n \u0111\u00e3 mang l\u1ea1i cho tu\u1ed5i th\u01a1 m\u1ed9t m\u00f3n qu\u00e0 qu\u00fd b\u00e1u, v\u00e0 cho c\u1ea3 nh\u1eefng ng\u01b0\u1eddi \u0111\u00e3 b\u01b0\u1edbc qua tu\u1ed5i th\u01a1 m\u1ed9t kho\u1ea3ng v\u01b0\u1eddn suy ng\u1eabm: h\u00e3y nh\u1eafm m\u1eaft v\u00e0 m\u1edf l\u00f2ng -m\u1edf c\u00e1nh c\u1eeda c\u1ee7a ch\u00ednh m\u00ecnh- h\u00e3y nh\u00ecn cu\u1ed9c s\u1ed1ng b\u1eb1ng t\u1ea5t c\u1ea3 c\u00e1c gi\u00e1c quan \u0111\u1ec3 c\u1ea3m nh\u1eadn, \u0111\u1ec3 th\u1ea5u hi\u1ec3u, \u0111\u1ec3 y\u00eau th\u01b0\u01a1ng, \u0111\u1ec3 quan t\u00e2m v\u00e0 \u0111\u1ec3 nh\u1edb.<\/p>\n  <div class=\"banner-grid-wrapper\">\n  <div id=\"banner-grid-709841967\" class=\"banner-grid row row-grid row-small\" data-packery-options=\"\">\n                      \n<div class=\"col grid-col large-6 grid-col-1\" ><div class=\"col-inner\">\n\t<div class=\"img has-hover x md-x lg-x y md-y lg-y\" id=\"image_838109587\">\n\t\t\t\t\t\t\t\t<div class=\"img-inner dark\" >\n\t\t\t<img loading=\"lazy\" decoding=\"async\" width=\"843\" height=\"632\" src=\"https:\/\/sachviet.eu\/wp-content\/uploads\/2021\/02\/vE1BBABa-nhE1BAAFm-mE1BAAFt-vE1BBABa-mE1BB9F-cE1BBADa-sE1BB95.jpg\" class=\"attachment-large size-large\" alt=\"\" srcset=\"https:\/\/sachviet.eu\/wp-content\/uploads\/2021\/02\/vE1BBABa-nhE1BAAFm-mE1BAAFt-vE1BBABa-mE1BB9F-cE1BBADa-sE1BB95.jpg 843w, https:\/\/sachviet.eu\/wp-content\/uploads\/2021\/02\/vE1BBABa-nhE1BAAFm-mE1BAAFt-vE1BBABa-mE1BB9F-cE1BBADa-sE1BB95-300x225.jpg 300w, https:\/\/sachviet.eu\/wp-content\/uploads\/2021\/02\/vE1BBABa-nhE1BAAFm-mE1BAAFt-vE1BBABa-mE1BB9F-cE1BBADa-sE1BB95-768x576.jpg 768w, https:\/\/sachviet.eu\/wp-content\/uploads\/2021\/02\/vE1BBABa-nhE1BAAFm-mE1BAAFt-vE1BBABa-mE1BB9F-cE1BBADa-sE1BB95-600x450.jpg 600w\" sizes=\"auto, (max-width: 843px) 100vw, 843px\" \/>\t\t\t\t\t\t\n\t\t\t\t\t<\/div>\n\t\t\t\t\t\t\t\t\n<style>\n#image_838109587 {\n  width: 100%;\n}\n<\/style>\n\t<\/div>\n\t\n<\/div><\/div>\n<div class=\"col grid-col large-6 grid-col-1\" ><div class=\"col-inner\">\n\t<div class=\"img has-hover x md-x lg-x y md-y lg-y\" id=\"image_996114954\">\n\t\t\t\t\t\t\t\t<div class=\"img-inner dark\" >\n\t\t\t<img loading=\"lazy\" decoding=\"async\" width=\"700\" height=\"700\" src=\"https:\/\/sachviet.eu\/wp-content\/uploads\/2021\/02\/vua-nham-mat-vua-mo-cua-so.jpg\" class=\"attachment-large size-large\" alt=\"\" srcset=\"https:\/\/sachviet.eu\/wp-content\/uploads\/2021\/02\/vua-nham-mat-vua-mo-cua-so.jpg 700w, https:\/\/sachviet.eu\/wp-content\/uploads\/2021\/02\/vua-nham-mat-vua-mo-cua-so-300x300.jpg 300w, https:\/\/sachviet.eu\/wp-content\/uploads\/2021\/02\/vua-nham-mat-vua-mo-cua-so-150x150.jpg 150w, https:\/\/sachviet.eu\/wp-content\/uploads\/2021\/02\/vua-nham-mat-vua-mo-cua-so-600x600.jpg 600w, https:\/\/sachviet.eu\/wp-content\/uploads\/2021\/02\/vua-nham-mat-vua-mo-cua-so-100x100.jpg 100w\" sizes=\"auto, (max-width: 700px) 100vw, 700px\" \/>\t\t\t\t\t\t\n\t\t\t\t\t<\/div>\n\t\t\t\t\t\t\t\t\n<style>\n#image_996114954 {\n  width: 100%;\n}\n<\/style>\n\t<\/div>\n\t\n<\/div><\/div>\n            <\/div>\n    <style>\n    #banner-grid-709841967 .grid-col-1{height: 600px}\n    #banner-grid-709841967 .grid-col-1-2{height: 300px}\n    #banner-grid-709841967 .grid-col-1-3{height:200px}\n    #banner-grid-709841967 .grid-col-2-3{height: 400px}\n    #banner-grid-709841967 .grid-col-1-4{height: 150px}\n    #banner-grid-709841967 .grid-col-3-4{height: 450px}\n\n\n    \n    \n\n  <\/style>\n    <\/div>\n  \n","protected":false},"excerpt":{"rendered":"<p>C\u1ea3 t\u1eadp truy\u1ec7n V\u1eeba nh\u1eafm m\u1eaft v\u1eeba m\u1edf c\u1eeda s\u1ed5 l\u00e0 t\u1ef1 s\u1ef1 c\u1ee7a m\u1ed9t c\u1eadu b\u00e9 m\u01b0\u1eddi tu\u1ed5i, s\u1ed1ng \u1edf n\u00f4ng th\u00f4n, v\u00e0 kh\u00f4ng h\u1ec1 c\u00f3 b\u1ea5t k\u1ef3 d\u1ea5u ch\u00e2n n\u00e0o c\u1ee7a ng\u01b0\u1eddi kh\u1ed5ng l\u1ed3 internet gh\u00e9 ngang. \u0110i\u1ec1u h\u1ea5p d\u1eabn r\u1ea5t ri\u00eang c\u1ee7a truy\u1ec7n l\u00e0 nh\u1eefng c\u00e2u tho\u1ea1i ng\u00f4 ngh\u00ea trong s\u00e1ng, l\u1ea1i r\u1ea5t d\u00ed d\u1ecfm v\u00e0 \u1ea5m \u00e1p.<br \/>\n\u0110i\u1ec1u th\u00fa v\u1ecb \u0111\u1ea7u ti\u00ean c\u1eadu b\u00e9 \u0111\u00e3 ch\u1ec9 cho t\u00f4i \u2013 \u201cm\u1ed9t \u0111\u1ee9a tr\u1ebb ra \u0111\u1eddi l\u00e0 m\u1ed9t s\u1ef1 may m\u1eafn, ng\u00e0y t\u00f4i ra \u0111\u1eddi l\u00e0 ng\u00e0y t\u00f4i may m\u1eafn c\u00f3 th\u00eam b\u1ea1n m\u1edbi..Ch\u1eb3ng h\u1ea1n, t\u00f4i l\u00e0m sao c\u00f3 th\u1ec3 quen th\u1eb1ng T\u00ed v\u00e0 ch\u1ecdn n\u00f3 l\u00e0m b\u1ea1n th\u00e2n n\u1ebfu t\u00f4i kh\u00f4ng ra \u0111\u1eddi?\u201d. C\u1ea3 c\u00e1i vi\u1ec7c \u0111\u01b0\u1ee3c b\u00e0 m\u1ee5 v\u1ed7 v\u1ed7 v\u00e0o m\u00f4ng \u0111\u1ec3 ph\u00e1t ra ti\u1ebfng kh\u00f3c \u0111\u1ea7u ti\u00ean c\u0169ng l\u00e0 m\u1ed9t \u0111i\u1ec1u th\u00fa v\u1ecb. \u201cNh\u01b0ng t\u00f4i mu\u1ed1n n\u00f3i v\u1edbi b\u1ea1n m\u1ed9t \u0111i\u1ec1u, ch\u00fang ta ph\u1ea3i b\u00ed m\u1eadt. Chuy\u1ec7n \u0111\u00f3 ph\u1ea3i ri\u00eang t\u01b0. Khi b\u1ea1n gi\u1eef b\u00ed m\u1eadt v\u1ec1 m\u00ecnh hay ai \u0111\u00f3, b\u1ea1n s\u1ebd kh\u00f4ng bao gi\u1edd qu\u00ean. Nh\u1eefng chuy\u1ec7n n\u00f3i ra r\u1ed3i b\u1ea1n s\u1ebd qu\u00ean m\u1ea5t. T\u00f4i d\u00e1m ch\u1eafc nh\u01b0 v\u1eady. V\u00e0 c\u00f2n m\u1ed9t \u0111i\u1ec1u n\u1eefa, b\u1ea1n ph\u1ea3i t\u0103ng s\u1ed1 l\u1ea7n b\u00e0 m\u1ee5 \u0111\u00e1nh l\u00ean, b\u1edfi v\u00ec nh\u01b0 b\u1ed1 t\u00f4i n\u00f3i, ch\u00fang ta kh\u00f4ng c\u00f3 bao gi\u1edd c\u00f3 c\u01a1 h\u1ed9i \u0111\u01b0\u1ee3c b\u00e0 m\u1ee5 \u0111\u00e1nh l\u1ea7n th\u1ee9 hai. Ch\u00fang ta ch\u1ec9 \u0111\u01b0\u1ee3c kh\u00f3c m\u1ed9t l\u1ea7n khi ch\u00e0o \u0111\u1eddi, m\u1ed9t c\u00e1i kh\u00f3c d\u1ec5 th\u01b0\u01a1ng nh\u1ea5t.\u201d C\u0169ng nh\u01b0 c\u00e1i t\u00ean b\u1ed1 m\u1eb9 \u0111\u1eb7t cho, \u201cc\u00e1i ti\u1ebfng \u0111\u1eb9p \u0111\u1ebd nh\u1ea5t m\u00e0 ng\u01b0\u1eddi ta s\u1ebd g\u1ecdi trong su\u1ed1t cu\u1ed9c \u0111\u1eddi \u0111\u1ee9a tr\u1ebb\u201d. \u0110\u00f3 l\u00e0 m\u1ed9t b\u00ed m\u1eadt m\u00e0 b\u1ed1 m\u1eb9 d\u00e0nh ri\u00eang cho m\u00ecnh v\u1edbi t\u1ea5t c\u1ea3 t\u00ecnh c\u1ea3m \u01b0u \u00e1i.<\/p>\n","protected":false},"featured_media":1703,"template":"","meta":{"_acf_changed":false},"product_brand":[],"product_cat":[15,45],"product_tag":[],"class_list":{"0":"post-1717","1":"product","2":"type-product","3":"status-publish","4":"has-post-thumbnail","6":"product_cat-sach-danh-cho-nguoi-lon","7":"product_cat-tieu-thuyet","9":"first","10":"outofstock","11":"taxable","12":"shipping-taxable","13":"purchasable","14":"product-type-simple"},"supplier_id":null,"supplier_sku":"","barcode":null,"atum_controlled":true,"out_stock_date":"2021-04-20 21:15:34","out_stock_threshold":null,"inheritable":false,"inbound_stock":0,"stock_on_hold":0,"sold_today":0,"sales_last_days":0,"reserved_stock":0,"customer_returns":0,"warehouse_damage":0,"lost_in_post":0,"other_logs":0,"out_stock_days":1744,"lost_sales":0,"has_location":false,"update_date":"2026-01-28T23:10:30","atum_locations":[],"atum_stock_status":"outofstock","restock_status":false,"low_stock_amount":"","sales_update_date":"2026-01-28T23:10:30","calc_backorders":null,"acf":{"publisher":{"ID":1517,"post_author":"1","post_date":"2021-02-17 01:14:41","post_date_gmt":"2021-02-16 23:14:41","post_content":"","post_title":"NXB Tr\u1ebb","post_excerpt":"","post_status":"publish","comment_status":"closed","ping_status":"closed","post_password":"","post_name":"nxb-tre","to_ping":"","pinged":"","post_modified":"2021-02-17 01:14:41","post_modified_gmt":"2021-02-16 23:14:41","post_content_filtered":"","post_parent":0,"guid":"https:\/\/sachviet.eu\/nha-phat-hanh\/nxb-tre\/","menu_order":0,"post_type":"publisher","post_mime_type":"","comment_count":"0","filter":"raw"}},"_links":{"self":[{"href":"https:\/\/sachviet.eu\/en\/wp-json\/wp\/v2\/product\/1717","targetHints":{"allow":["GET"]}}],"collection":[{"href":"https:\/\/sachviet.eu\/en\/wp-json\/wp\/v2\/product"}],"about":[{"href":"https:\/\/sachviet.eu\/en\/wp-json\/wp\/v2\/types\/product"}],"wp:featuredmedia":[{"embeddable":true,"href":"https:\/\/sachviet.eu\/en\/wp-json\/wp\/v2\/media\/1703"}],"wp:attachment":[{"href":"https:\/\/sachviet.eu\/en\/wp-json\/wp\/v2\/media?parent=1717"}],"wp:term":[{"taxonomy":"product_brand","embeddable":true,"href":"https:\/\/sachviet.eu\/en\/wp-json\/wp\/v2\/product_brand?post=1717"},{"taxonomy":"product_cat","embeddable":true,"href":"https:\/\/sachviet.eu\/en\/wp-json\/wp\/v2\/product_cat?post=1717"},{"taxonomy":"product_tag","embeddable":true,"href":"https:\/\/sachviet.eu\/en\/wp-json\/wp\/v2\/product_tag?post=1717"}],"curies":[{"name":"wp","href":"https:\/\/api.w.org\/{rel}","templated":true}]}}