{"id":17161,"date":"2022-02-08T20:34:29","date_gmt":"2022-02-08T18:34:29","guid":{"rendered":"https:\/\/sachviet.eu\/shop\/combo-3-cuon-vun-dap-tam-hon-vong-tron-su-song\/"},"modified":"2022-02-13T10:25:48","modified_gmt":"2022-02-13T08:25:48","slug":"combo-3-cuon-vun-dap-tam-hon-vong-tron-su-song","status":"publish","type":"product","link":"https:\/\/sachviet.eu\/en\/shop\/combo-3-cuon-vun-dap-tam-hon-vong-tron-su-song\/","title":{"rendered":"Combo 3 Cu\u1ed1n: Vun \u0110\u1eafp T\u00e2m H\u1ed3n &#8211; V\u00f2ng Tr\u00f2n S\u1ef1 S\u1ed1ng"},"content":{"rendered":"<p>B\u1ed9 s\u00e1ch V\u00f2ng tr\u00f2n s\u1ef1 s\u1ed1ng g\u1ed3m ba t\u1eadp v\u1edbi ba \u00fd ngh\u0129a ch\u00ednh: Kh\u1edfi ngu\u1ed3n s\u1ef1 s\u1ed1ng, ph\u00e1t tri\u1ec3n b\u1ea3n th\u00e2n, quay v\u1ec1 ngu\u1ed3n c\u1ed9i. Nh\u1eefng c\u00e2u chuy\u1ec7n nh\u1ecf d\u1ec5 th\u01b0\u01a1ng s\u1ebd mang \u0111\u1ebfn cho b\u1ea1n \u0111\u1ecdc nh\u1ecf tu\u1ed5i kh\u00e1i ni\u1ec7m \u0111\u1ea7u ti\u00ean v\u1ec1 ba giai \u0111o\u1ea1n quan tr\u1ecdng c\u1ee7a m\u1ed9t cu\u1ed9c \u0111\u1eddi. M\u1ed7i giai \u0111o\u1ea1n \u1ea5y \u0111\u1ec1u c\u00f3 \u00fd ngh\u0129a v\u00e0 s\u1ee9 m\u1ec7nh ri\u00eang, c\u00f3 nh\u1eefng th\u1eed th\u00e1ch ch\u00f4ng gai m\u00e0 m\u1ed7i ch\u00fang ta \u0111\u1ec1u ph\u1ea3i v\u01b0\u1ee3t qua \u0111\u1ec3 c\u00f3 th\u1ec3 s\u1ed1ng tr\u1ecdn v\u1eb9n.<\/p>\n<p>Ch\u1ea5m \u0111en ch\u00ednh l\u00e0 cu\u1ed9c h\u00e0nh tr\u00ecnh \u0111\u1ea7u ti\u00ean, n\u01a1i kh\u1edfi ngu\u1ed3n c\u1ee7a s\u1ef1 s\u1ed1ng. M\u1ed9t c\u00e2u chuy\u1ec7n \u0111\u1eb9p, \u0111\u1ea7y t\u00ednh nh\u00e2n v\u0103n, cho th\u1ea5y s\u1ef1 s\u1ed1ng cao \u0111\u1eb9p c\u00f3 th\u1ec3 b\u1eaft \u0111\u1ea7u t\u1eeb nh\u1eefng \u0111i\u1ec1u v\u00f4 c\u00f9ng nh\u1ecf b\u00e9, t\u00ecnh c\u1edd, tr\u1ea3i qua bao th\u0103ng tr\u1ea7m nh\u01b0ng nh\u1edd t\u00ecnh y\u00eau th\u01b0\u01a1ng th\u00ec ch\u1eafc ch\u1eafn s\u1ebd n\u1ea3y m\u1ea7m. V\u1eady th\u00ec l\u00e0m th\u1ebf n\u00e0o m\u00e0 m\u1ed9t ch\u1ea5m \u0111en l\u1ea1i c\u00f3 th\u1ec3 bung m\u00ecnh tr\u1edf th\u00e0nh m\u1ed9t sinh m\u1ec7nh \u0111\u1eb9p \u0111\u1ebd, m\u1eddi b\u1ea1n c\u00f9ng \u0111\u1ecdc s\u00e1ch nh\u00e9!<\/p>\n<p>Ng\u1ee5 ng\u00f4n lo\u00e0i h\u1ed9p ch\u00ednh l\u00e0 giai \u0111o\u1ea1n c\u1ee7a tu\u1ed5i tr\u1ebb r\u1ef1c r\u1ee1. M\u1ed7i con ng\u01b0\u1eddi b\u1eaft \u0111\u1ea7u r\u1eddi kh\u1ecfi gia \u0111\u00ecnh, c\u00f3 khi tr\u00e0n \u0111\u1ea7y m\u00ea say, c\u00f3 khi b\u01a1 v\u01a1 l\u1ea1c l\u1ed1i. Nh\u01b0ng sau c\u00f9ng, nhi\u1ec7t huy\u1ebft v\u00e0 s\u1ef1 c\u1ed1 g\u1eafng s\u1ebd gi\u00fap ch\u00fang ta t\u00ecm th\u1ea5y \u00fd ngh\u0129a th\u1ef1c s\u1ef1 c\u1ee7a cu\u1ed9c \u0111\u1eddi m\u00ecnh.<br \/>\nTr\u1edf v\u1ec1 l\u00e0 cu\u1ed9c h\u00e0nh tr\u00ecnh cu\u1ed1i c\u00f9ng c\u1ee7a s\u1ef1 s\u1ed1ng. Giai \u0111o\u1ea1n n\u00e0y mang nh\u1eefng \u00fd ngh\u0129a r\u1ea5t cao \u0111\u1eb9p v\u00e0 c\u1ea3 c\u00e1c s\u1ee9 m\u1ec7nh m\u00e0 m\u1ed7i ch\u00fang ta c\u1ea7n ph\u1ea3i ho\u00e0n th\u00e0nh. \u0110\u00e2y l\u00e0 l\u00fac con ng\u01b0\u1eddi t\u00ecm v\u1ec1 l\u1ea1i c\u1ed9i ngu\u1ed3n, h\u1ea1nh ph\u00fac qu\u00e2y qu\u1ea7n trong t\u00ecnh y\u00eau th\u01b0\u01a1ng, c\u1ea3m nh\u1eadn \u0111\u01b0\u1ee3c s\u1ef1 tr\u1ecdn v\u1eb9n c\u1ee7a cu\u1ed9c h\u00e0nh tr\u00ecnh d\u00e0i \u0111\u00e3 b\u01b0\u1edbc qua.<\/p>\n<p>Combo Vun \u0110\u1eafp T\u00e2m H\u1ed3n &#8211; V\u00f2ng Tr\u00f2n S\u1ef1 S\u1ed1ng g\u1ed3m 3 cu\u1ed1n:<\/p>\n<p>Vun \u0110\u1eafp T\u00e2m H\u1ed3n &#8211; V\u00f2ng Tr\u00f2n S\u1ef1 S\u1ed1ng: Ch\u1ea5m \u0110en &#8211; S\u1ef1 S\u1ed1ng B\u1eaft \u0110\u1ea7u<br \/>\nVun \u0110\u1eafp T\u00e2m H\u1ed3n &#8211; V\u00f2ng Tr\u00f2n S\u1ef1 S\u1ed1ng: Ng\u1ee5 Ng\u00f4n Lo\u00e0i H\u1ed9p &#8211; Tri\u1ec3n N\u1edf B\u1ea3n Th\u00e2n<br \/>\nVun \u0110\u1eafp T\u00e2m H\u1ed3n &#8211; V\u00f2ng Tr\u00f2n S\u1ef1 S\u1ed1ng: Tr\u1edf V\u1ec1 &#8211; Quay V\u1ec1 Ngu\u1ed3n C\u1ed9i<\/p>\n","protected":false},"excerpt":{"rendered":"<p>B\u1ed9 s\u00e1ch V\u00f2ng tr\u00f2n s\u1ef1 s\u1ed1ng g\u1ed3m ba t\u1eadp v\u1edbi ba \u00fd ngh\u0129a ch\u00ednh: Kh\u1edfi ngu\u1ed3n s\u1ef1 s\u1ed1ng, ph\u00e1t tri\u1ec3n b\u1ea3n th\u00e2n, quay v\u1ec1 ngu\u1ed3n c\u1ed9i. Nh\u1eefng c\u00e2u chuy\u1ec7n nh\u1ecf d\u1ec5 th\u01b0\u01a1ng s\u1ebd mang \u0111\u1ebfn cho b\u1ea1n \u0111\u1ecdc nh\u1ecf tu\u1ed5i kh\u00e1i ni\u1ec7m \u0111\u1ea7u ti\u00ean v\u1ec1 ba giai \u0111o\u1ea1n quan tr\u1ecdng c\u1ee7a m\u1ed9t cu\u1ed9c \u0111\u1eddi. M\u1ed7i giai \u0111o\u1ea1n \u1ea5y \u0111\u1ec1u c\u00f3 \u00fd ngh\u0129a v\u00e0 s\u1ee9 m\u1ec7nh ri\u00eang, c\u00f3 nh\u1eefng th\u1eed th\u00e1ch ch\u00f4ng gai m\u00e0 m\u1ed7i ch\u00fang ta \u0111\u1ec1u ph\u1ea3i v\u01b0\u1ee3t qua \u0111\u1ec3 c\u00f3 th\u1ec3 s\u1ed1ng tr\u1ecdn v\u1eb9n.<\/p>\n<p>Ch\u1ea5m \u0111en ch\u00ednh l\u00e0 cu\u1ed9c h\u00e0nh tr\u00ecnh \u0111\u1ea7u ti\u00ean, n\u01a1i kh\u1edfi ngu\u1ed3n c\u1ee7a s\u1ef1 s\u1ed1ng. M\u1ed9t c\u00e2u chuy\u1ec7n \u0111\u1eb9p, \u0111\u1ea7y t\u00ednh nh\u00e2n v\u0103n, cho th\u1ea5y s\u1ef1 s\u1ed1ng cao \u0111\u1eb9p c\u00f3 th\u1ec3 b\u1eaft \u0111\u1ea7u t\u1eeb nh\u1eefng \u0111i\u1ec1u v\u00f4 c\u00f9ng nh\u1ecf b\u00e9, t\u00ecnh c\u1edd, tr\u1ea3i qua bao th\u0103ng tr\u1ea7m nh\u01b0ng nh\u1edd t\u00ecnh y\u00eau th\u01b0\u01a1ng th\u00ec ch\u1eafc ch\u1eafn s\u1ebd n\u1ea3y m\u1ea7m. V\u1eady th\u00ec l\u00e0m th\u1ebf n\u00e0o m\u00e0 m\u1ed9t ch\u1ea5m \u0111en l\u1ea1i c\u00f3 th\u1ec3 bung m\u00ecnh tr\u1edf th\u00e0nh m\u1ed9t sinh m\u1ec7nh \u0111\u1eb9p \u0111\u1ebd, m\u1eddi b\u1ea1n c\u00f9ng \u0111\u1ecdc s\u00e1ch nh\u00e9!<\/p>\n<p>Ng\u1ee5 ng\u00f4n lo\u00e0i h\u1ed9p ch\u00ednh l\u00e0 giai \u0111o\u1ea1n c\u1ee7a tu\u1ed5i tr\u1ebb r\u1ef1c r\u1ee1. M\u1ed7i con ng\u01b0\u1eddi b\u1eaft \u0111\u1ea7u r\u1eddi kh\u1ecfi gia \u0111\u00ecnh, c\u00f3 khi tr\u00e0n \u0111\u1ea7y m\u00ea say, c\u00f3 khi b\u01a1 v\u01a1 l\u1ea1c l\u1ed1i. Nh\u01b0ng sau c\u00f9ng, nhi\u1ec7t huy\u1ebft v\u00e0 s\u1ef1 c\u1ed1 g\u1eafng s\u1ebd gi\u00fap ch\u00fang ta t\u00ecm th\u1ea5y \u00fd ngh\u0129a th\u1ef1c s\u1ef1 c\u1ee7a cu\u1ed9c \u0111\u1eddi m\u00ecnh.<br \/>\nTr\u1edf v\u1ec1 l\u00e0 cu\u1ed9c h\u00e0nh tr\u00ecnh cu\u1ed1i c\u00f9ng c\u1ee7a s\u1ef1 s\u1ed1ng. Giai \u0111o\u1ea1n n\u00e0y mang nh\u1eefng \u00fd ngh\u0129a r\u1ea5t cao \u0111\u1eb9p v\u00e0 c\u1ea3 c\u00e1c s\u1ee9 m\u1ec7nh m\u00e0 m\u1ed7i ch\u00fang ta c\u1ea7n ph\u1ea3i ho\u00e0n th\u00e0nh. \u0110\u00e2y l\u00e0 l\u00fac con ng\u01b0\u1eddi t\u00ecm v\u1ec1 l\u1ea1i c\u1ed9i ngu\u1ed3n, h\u1ea1nh ph\u00fac qu\u00e2y qu\u1ea7n trong t\u00ecnh y\u00eau th\u01b0\u01a1ng, c\u1ea3m nh\u1eadn \u0111\u01b0\u1ee3c s\u1ef1 tr\u1ecdn v\u1eb9n c\u1ee7a cu\u1ed9c h\u00e0nh tr\u00ecnh d\u00e0i \u0111\u00e3 b\u01b0\u1edbc qua.<\/p>\n<p>Combo Vun \u0110\u1eafp T\u00e2m H\u1ed3n &#8211; V\u00f2ng Tr\u00f2n S\u1ef1 S\u1ed1ng g\u1ed3m 3 cu\u1ed1n:<\/p>\n<p>Vun \u0110\u1eafp T\u00e2m H\u1ed3n &#8211; V\u00f2ng Tr\u00f2n S\u1ef1 S\u1ed1ng: Ch\u1ea5m \u0110en &#8211; S\u1ef1 S\u1ed1ng B\u1eaft \u0110\u1ea7u<br \/>\nVun \u0110\u1eafp T\u00e2m H\u1ed3n &#8211; V\u00f2ng Tr\u00f2n S\u1ef1 S\u1ed1ng: Ng\u1ee5 Ng\u00f4n Lo\u00e0i H\u1ed9p &#8211; Tri\u1ec3n N\u1edf B\u1ea3n Th\u00e2n<br \/>\nVun \u0110\u1eafp T\u00e2m H\u1ed3n &#8211; V\u00f2ng Tr\u00f2n S\u1ef1 S\u1ed1ng: Tr\u1edf V\u1ec1 &#8211; Quay V\u1ec1 Ngu\u1ed3n C\u1ed9i<\/p>\n","protected":false},"featured_media":17160,"template":"","meta":{"_acf_changed":false},"product_brand":[],"product_cat":[24,25,17],"product_tag":[],"class_list":{"0":"post-17161","1":"product","2":"type-product","3":"status-publish","4":"has-post-thumbnail","6":"product_cat-nha-tre-mau-giao-0-tuoi-6-tuoi","7":"product_cat-nhi-dong-6-tuoi-12-tuoi","8":"product_cat-sach-danh-cho-cac-be","10":"first","11":"outofstock","12":"taxable","13":"shipping-taxable","14":"purchasable","15":"product-type-simple"},"supplier_id":null,"supplier_sku":"","barcode":null,"atum_controlled":true,"out_stock_date":"2022-02-13 06:25:48","out_stock_threshold":null,"inheritable":false,"inbound_stock":0,"stock_on_hold":0,"sold_today":0,"sales_last_days":0,"reserved_stock":0,"customer_returns":0,"warehouse_damage":0,"lost_in_post":0,"other_logs":0,"out_stock_days":1445,"lost_sales":0,"has_location":false,"update_date":"2026-01-28T23:10:59","atum_locations":[],"atum_stock_status":"outofstock","restock_status":false,"low_stock_amount":"","sales_update_date":"2026-01-28T23:10:59","calc_backorders":null,"acf":{"publisher":{"ID":1454,"post_author":"1","post_date":"2021-02-17 01:11:34","post_date_gmt":"2021-02-16 23:11:34","post_content":"<!-- wp:flatsome\/uxbuilder -->\n<h1 style=\"text-align: center;\"><strong>Kim \u0110\u1ed3ng<\/strong><\/h1>\n[row]\n\n[col span=\"3\" span__sm=\"12\"]\n\n[ux_image id=\"1534\" image_size=\"medium\"]\n\n\n[\/col]\n[col span=\"9\" span__sm=\"12\"]\n\n<p>Nh\u00e0 xu\u1ea5t b\u1ea3n Kim \u0110\u1ed3ng tr\u1ef1c thu\u1ed9c Trung \u01b0\u01a1ng \u0110o\u00e0n TNCS H\u1ed3 Ch\u00ed Minh l\u00e0 Nh\u00e0 xu\u1ea5t b\u1ea3n t\u1ed5ng h\u1ee3p c\u00f3 ch\u1ee9c n\u0103ng xu\u1ea5t b\u1ea3n s\u00e1ch v\u00e0 v\u0103n h\u00f3a ph\u1ea9m ph\u1ee5c v\u1ee5 thi\u1ebfu nhi v\u00e0 c\u00e1c b\u1eadc ph\u1ee5 huynh trong c\u1ea3 n\u01b0\u1edbc, qu\u1ea3ng b\u00e1 v\u00e0 gi\u1edbi thi\u1ec7u v\u0103n h\u00f3a Vi\u1ec7t Nam ra th\u1ebf gi\u1edbi.<br \/>Nh\u00e0 xu\u1ea5t b\u1ea3n c\u00f3 nhi\u1ec7m v\u1ee5 t\u1ed5 ch\u1ee9c b\u1ea3n th\u1ea3o, bi\u00ean so\u1ea1n, bi\u00ean d\u1ecbch, xu\u1ea5t b\u1ea3n v\u00e0 ph\u00e1t h\u00e0nh c\u00e1c xu\u1ea5t b\u1ea3n ph\u1ea9m c\u00f3 n\u1ed9i dung: gi\u00e1o d\u1ee5c truy\u1ec1n th\u1ed1ng d\u00e2n t\u1ed9c, gi\u00e1o d\u1ee5c v\u1ec1 tri th\u1ee9c, ki\u1ebfn th\u1ee9c\u2026 tr\u00ean c\u00e1c l\u0129nh v\u1ef1c v\u0103n h\u1ecdc, ngh\u1ec7 thu\u1eadt, khoa h\u1ecdc k\u1ef9 thu\u1eadt nh\u1eb1m cung c\u1ea5p cho c\u00e1c em thi\u1ebfu nhi c\u0169ng nh\u01b0 c\u00e1c b\u1eadc ph\u1ee5 huynh c\u00e1c ki\u1ebfn th\u1ee9c c\u1ea7n thi\u1ebft trong cu\u1ed9c s\u1ed1ng, nh\u1eefng tinh hoa c\u1ee7a tri th\u1ee9c nh\u00e2n lo\u1ea1i nh\u1eb1m g\u00f3p ph\u1ea7n gi\u00e1o d\u1ee5c v\u00e0 h\u00ecnh th\u00e0nh nh\u00e2n c\u00e1ch th\u1ebf h\u1ec7 tr\u1ebb.<br \/>\u0110\u1ed1i t\u01b0\u1ee3ng ph\u1ee5c v\u1ee5 c\u1ee7a Nh\u00e0 xu\u1ea5t b\u1ea3n l\u00e0 c\u00e1c em t\u1eeb tu\u1ed5i nh\u00e0 tr\u1ebb m\u1eabu gi\u00e1o (1 \u0111\u1ebfn 5 tu\u1ed5i), nhi \u0111\u1ed3ng (6 \u0111\u1ebfn 9 tu\u1ed5i), thi\u1ebfu ni\u00ean (10 \u0111\u1ebfn 15 tu\u1ed5i) \u0111\u1ebfn c\u00e1c em tu\u1ed5i m\u1edbi l\u1edbn (16 \u0111\u1ebfn 18 tu\u1ed5i) v\u00e0 c\u00e1c b\u1eadc ph\u1ee5 huynh.<\/p>\n\n[\/col]\n\n[\/row]\n\n<!-- \/wp:flatsome\/uxbuilder -->","post_title":"Kim \u0110\u1ed3ng","post_excerpt":"","post_status":"publish","comment_status":"closed","ping_status":"closed","post_password":"","post_name":"kim-dong","to_ping":"","pinged":"","post_modified":"2021-02-17 01:31:56","post_modified_gmt":"2021-02-16 23:31:56","post_content_filtered":"","post_parent":0,"guid":"https:\/\/sachviet.eu\/nha-phat-hanh\/kim-dong\/","menu_order":0,"post_type":"publisher","post_mime_type":"","comment_count":"0","filter":"raw"}},"_links":{"self":[{"href":"https:\/\/sachviet.eu\/en\/wp-json\/wp\/v2\/product\/17161","targetHints":{"allow":["GET"]}}],"collection":[{"href":"https:\/\/sachviet.eu\/en\/wp-json\/wp\/v2\/product"}],"about":[{"href":"https:\/\/sachviet.eu\/en\/wp-json\/wp\/v2\/types\/product"}],"wp:featuredmedia":[{"embeddable":true,"href":"https:\/\/sachviet.eu\/en\/wp-json\/wp\/v2\/media\/17160"}],"wp:attachment":[{"href":"https:\/\/sachviet.eu\/en\/wp-json\/wp\/v2\/media?parent=17161"}],"wp:term":[{"taxonomy":"product_brand","embeddable":true,"href":"https:\/\/sachviet.eu\/en\/wp-json\/wp\/v2\/product_brand?post=17161"},{"taxonomy":"product_cat","embeddable":true,"href":"https:\/\/sachviet.eu\/en\/wp-json\/wp\/v2\/product_cat?post=17161"},{"taxonomy":"product_tag","embeddable":true,"href":"https:\/\/sachviet.eu\/en\/wp-json\/wp\/v2\/product_tag?post=17161"}],"curies":[{"name":"wp","href":"https:\/\/api.w.org\/{rel}","templated":true}]}}