{"id":17159,"date":"2022-02-08T20:34:23","date_gmt":"2022-02-08T18:34:23","guid":{"rendered":"https:\/\/sachviet.eu\/shop\/bo-truyen-tranh-co-oai-oi-tron-bo-15-cuon\/"},"modified":"2023-04-13T17:49:37","modified_gmt":"2023-04-13T14:49:37","slug":"bo-truyen-tranh-co-oai-oi-tron-bo-15-cuon","status":"publish","type":"product","link":"https:\/\/sachviet.eu\/en\/shop\/bo-truyen-tranh-co-oai-oi-tron-bo-15-cuon\/","title":{"rendered":"B\u1ed9 truy\u1ec7n tranh C\u1ed5 Oai \u01a1i! &#8211; Tr\u1ecdn b\u1ed9 15 Cu\u1ed1n"},"content":{"rendered":"<p>B\u1ed9 truy\u1ec7n C\u1ed5 Oai l\u00e0 b\u1ed9 truy\u1ec7n tranh gi\u00e1o d\u1ee5c y khoa d\u00e0nh cho tr\u1ebb nh\u1ecf, \u0111\u1eb7c bi\u1ec7t l\u00e0 c\u00e1c b\u00e9 \u1edf \u0111\u1ed9 tu\u1ed5i t\u1eeb 2-8 tu\u1ed5i. \u0110\u00e2y l\u00e0 nh\u1eefng t\u1eadp truy\u1ec7n tranh \u0111\u01a1n gi\u1ea3n vui t\u01b0\u01a1i t\u00ecnh c\u1ea3m, gi\u00fap con nh\u1eadn bi\u1ebft v\u00e0 c\u00f3 \u0111\u01b0\u1ee3c nh\u1eefng ki\u1ebfn th\u1ee9c c\u01a1 b\u1ea3n th\u1eadt s\u1ef1 c\u1ea7n thi\u1ebft cho vi\u1ec7c ph\u00f2ng ng\u1eeba b\u1ec7nh, ph\u00f2ng ng\u1eeba tai n\u1ea1n, v\u00e0 nh\u1eefng h\u00e0nh vi ch\u0103m s\u00f3c s\u1ee9c kho\u1ebb \u0111\u00fang \u0111\u1eafn c\u1ea7n thi\u1ebft cho c\u00e1 nh\u00e2n con v\u00e0 cho x\u00e3 h\u1ed9i!<\/p>\n<p>Hy v\u1ecdng C\u1ed5 Oai s\u1ebd \u0111\u1ed3ng h\u00e0nh v\u1edbi c\u00e1c gia \u0111\u00ecnh, tr\u1edf th\u00e0nh m\u1ed9t ng\u01b0\u1eddi b\u1ea1n \u0111\u1ed9ng vi\u00ean v\u00e0 l\u00e0m g\u01b0\u01a1ng khuy\u1ebfn kh\u00edch c\u00e1c th\u00f3i quen s\u1ee9c kho\u1ebb t\u1ed1t cho con tr\u1ebb, c\u0169ng nh\u01b0 tr\u1edf th\u00e0nh c\u1ea7u n\u1ed1i y\u00eau th\u01b0\u01a1ng t\u00edch c\u1ef1c gi\u1eefa con tr\u1ebb v\u00e0 ba m\u1eb9, \u00f4ng b\u00e0, th\u1ea7y c\u00f4,\u1eefng ng\u01b0\u1eddi th\u01b0\u01a1ng y\u00eau v\u00e0 nu\u00f4i d\u01b0\u1ee1ng, ch\u0103m s\u00f3c c\u00e1c con tr\u1ef1c ti\u1ebfp!<\/p>\n<p>M\u1ed9t m\u00f3n qu\u00e0 y\u00eau th\u01b0\u01a1ng, cute h\u1ebft n\u1ea5c t\u1eeb Bs Huy\u00ean Th\u1ea3o \u0111\u01b0\u1ee3c v\u1ebd b\u1edfi c\u00e1c ho\u1ea1 s\u1ef9 c\u1ee7a CMC parenting hub! Hy v\u1ecdng s\u1ebd \u0111\u1ebfn nh\u00e0 c\u00e1c b\u1ea1n th\u1eadt th\u01b0\u1eddng xuy\u00ean, th\u1eadt h\u1eefu \u00edch, th\u1eadt th\u1ef1c t\u1ebf, \u0111\u1ec3 b\u1ea1n v\u00e0 con th\u1ea5y h\u1eefu \u00edch v\u00e0 g\u1eafn k\u1ebft v\u1edbi nhau!<\/p>\n","protected":false},"excerpt":{"rendered":"<p>B\u1ed9 truy\u1ec7n C\u1ed5 Oai l\u00e0 b\u1ed9 truy\u1ec7n tranh gi\u00e1o d\u1ee5c y khoa d\u00e0nh cho tr\u1ebb nh\u1ecf, \u0111\u1eb7c bi\u1ec7t l\u00e0 c\u00e1c b\u00e9 \u1edf \u0111\u1ed9 tu\u1ed5i t\u1eeb 2-8 tu\u1ed5i. \u0110\u00e2y l\u00e0 nh\u1eefng t\u1eadp truy\u1ec7n tranh \u0111\u01a1n gi\u1ea3n vui t\u01b0\u01a1i t\u00ecnh c\u1ea3m, gi\u00fap con nh\u1eadn bi\u1ebft v\u00e0 c\u00f3 \u0111\u01b0\u1ee3c nh\u1eefng ki\u1ebfn th\u1ee9c c\u01a1 b\u1ea3n th\u1eadt s\u1ef1 c\u1ea7n thi\u1ebft cho vi\u1ec7c ph\u00f2ng ng\u1eeba b\u1ec7nh, ph\u00f2ng ng\u1eeba tai n\u1ea1n, v\u00e0 nh\u1eefng h\u00e0nh vi ch\u0103m s\u00f3c s\u1ee9c kho\u1ebb \u0111\u00fang \u0111\u1eafn c\u1ea7n thi\u1ebft cho c\u00e1 nh\u00e2n con v\u00e0 cho x\u00e3 h\u1ed9i!<\/p>\n<p>Hy v\u1ecdng C\u1ed5 Oai s\u1ebd \u0111\u1ed3ng h\u00e0nh v\u1edbi c\u00e1c gia \u0111\u00ecnh, tr\u1edf th\u00e0nh m\u1ed9t ng\u01b0\u1eddi b\u1ea1n \u0111\u1ed9ng vi\u00ean v\u00e0 l\u00e0m g\u01b0\u01a1ng khuy\u1ebfn kh\u00edch c\u00e1c th\u00f3i quen s\u1ee9c kho\u1ebb t\u1ed1t cho con tr\u1ebb, c\u0169ng nh\u01b0 tr\u1edf th\u00e0nh c\u1ea7u n\u1ed1i y\u00eau th\u01b0\u01a1ng t\u00edch c\u1ef1c gi\u1eefa con tr\u1ebb v\u00e0 ba m\u1eb9, \u00f4ng b\u00e0, th\u1ea7y c\u00f4,\u1eefng ng\u01b0\u1eddi th\u01b0\u01a1ng y\u00eau v\u00e0 nu\u00f4i d\u01b0\u1ee1ng, ch\u0103m s\u00f3c c\u00e1c con tr\u1ef1c ti\u1ebfp!<\/p>\n<p>M\u1ed9t m\u00f3n qu\u00e0 y\u00eau th\u01b0\u01a1ng, cute h\u1ebft n\u1ea5c t\u1eeb Bs Huy\u00ean Th\u1ea3o \u0111\u01b0\u1ee3c v\u1ebd b\u1edfi c\u00e1c ho\u1ea1 s\u1ef9 c\u1ee7a CMC parenting hub! Hy v\u1ecdng s\u1ebd \u0111\u1ebfn nh\u00e0 c\u00e1c b\u1ea1n th\u1eadt th\u01b0\u1eddng xuy\u00ean, th\u1eadt h\u1eefu \u00edch, th\u1eadt th\u1ef1c t\u1ebf, \u0111\u1ec3 b\u1ea1n v\u00e0 con th\u1ea5y h\u1eefu \u00edch v\u00e0 g\u1eafn k\u1ebft v\u1edbi nhau!<\/p>\n","protected":false},"featured_media":17155,"template":"","meta":{"_acf_changed":false},"product_brand":[],"product_cat":[24,25,17],"product_tag":[],"class_list":{"0":"post-17159","1":"product","2":"type-product","3":"status-publish","4":"has-post-thumbnail","6":"product_cat-nha-tre-mau-giao-0-tuoi-6-tuoi","7":"product_cat-nhi-dong-6-tuoi-12-tuoi","8":"product_cat-sach-danh-cho-cac-be","10":"first","11":"outofstock","12":"taxable","13":"shipping-taxable","14":"purchasable","15":"product-type-simple"},"supplier_id":null,"supplier_sku":"","barcode":null,"atum_controlled":true,"out_stock_date":"2023-04-13 14:49:37","out_stock_threshold":null,"inheritable":false,"inbound_stock":0,"stock_on_hold":0,"sold_today":0,"sales_last_days":0,"reserved_stock":0,"customer_returns":0,"warehouse_damage":0,"lost_in_post":0,"other_logs":0,"out_stock_days":1021,"lost_sales":0,"has_location":false,"update_date":"2026-01-28T23:10:59","atum_locations":[],"atum_stock_status":"outofstock","restock_status":false,"low_stock_amount":"","sales_update_date":"2026-01-28T23:10:59","calc_backorders":null,"acf":{"publisher":{"ID":17154,"post_author":"1","post_date":"2022-02-08 20:34:11","post_date_gmt":"2022-02-08 18:34:11","post_content":"","post_title":"Happy Baby","post_excerpt":"","post_status":"publish","comment_status":"closed","ping_status":"closed","post_password":"","post_name":"happy-baby","to_ping":"","pinged":"","post_modified":"2022-02-08 20:34:11","post_modified_gmt":"2022-02-08 18:34:11","post_content_filtered":"","post_parent":0,"guid":"https:\/\/sachviet.eu\/nha-phat-hanh\/happy-baby\/","menu_order":0,"post_type":"publisher","post_mime_type":"","comment_count":"0","filter":"raw"}},"_links":{"self":[{"href":"https:\/\/sachviet.eu\/en\/wp-json\/wp\/v2\/product\/17159","targetHints":{"allow":["GET"]}}],"collection":[{"href":"https:\/\/sachviet.eu\/en\/wp-json\/wp\/v2\/product"}],"about":[{"href":"https:\/\/sachviet.eu\/en\/wp-json\/wp\/v2\/types\/product"}],"wp:featuredmedia":[{"embeddable":true,"href":"https:\/\/sachviet.eu\/en\/wp-json\/wp\/v2\/media\/17155"}],"wp:attachment":[{"href":"https:\/\/sachviet.eu\/en\/wp-json\/wp\/v2\/media?parent=17159"}],"wp:term":[{"taxonomy":"product_brand","embeddable":true,"href":"https:\/\/sachviet.eu\/en\/wp-json\/wp\/v2\/product_brand?post=17159"},{"taxonomy":"product_cat","embeddable":true,"href":"https:\/\/sachviet.eu\/en\/wp-json\/wp\/v2\/product_cat?post=17159"},{"taxonomy":"product_tag","embeddable":true,"href":"https:\/\/sachviet.eu\/en\/wp-json\/wp\/v2\/product_tag?post=17159"}],"curies":[{"name":"wp","href":"https:\/\/api.w.org\/{rel}","templated":true}]}}