{"id":17144,"date":"2022-02-08T20:33:30","date_gmt":"2022-02-08T18:33:30","guid":{"rendered":"https:\/\/sachviet.eu\/shop\/montessori-phuong-phap-giao-duc-toan-dien-cho-tre-0-6-tuoi\/"},"modified":"2022-02-21T15:40:08","modified_gmt":"2022-02-21T13:40:08","slug":"montessori-phuong-phap-giao-duc-toan-dien-cho-tre-0-6-tuoi","status":"publish","type":"product","link":"https:\/\/sachviet.eu\/en\/shop\/montessori-phuong-phap-giao-duc-toan-dien-cho-tre-0-6-tuoi\/","title":{"rendered":"Montessori \u2013 Ph\u01b0\u01a1ng Ph\u00e1p Gi\u00e1o D\u1ee5c To\u00e0n Di\u1ec7n Cho Tr\u1ebb 0-6 Tu\u1ed5i"},"content":{"rendered":"<p>\u201cM\u1ed7i \u0111\u1ee9a tr\u1ebb \u0111\u1ec1u mang h\u1ea1t gi\u1ed1ng thi\u00ean t\u00e0i \u2013 \u0111\u1eebng \u0111\u1ec3 tu\u1ed5i th\u01a1 c\u1ee7a con tr\u00f4i qua v\u00f4 \u00edch.\u201d<\/p>\n<p>B\u1ea1n c\u00f3 bi\u1ebft 0-6 tu\u1ed5i l\u00e0 giai \u0111o\u1ea1n quan tr\u1ecdng nh\u1ea5t trong qu\u00e1 tr\u00ecnh ph\u1ea3i tri\u1ec3n tr\u00ed n\u00e3o c\u1ee7a tr\u1ebb?<br \/>\nB\u1ea1n c\u00f3 bi\u1ebft m\u1ed7i \u0111\u1ee9a tr\u1ebb sinh ra \u0111\u1ec1u ti\u1ec1m \u1ea9n 9 lo\u1ea1i h\u00ecnh th\u00f4ng minh?<br \/>\nB\u1ea1n c\u00f3 bi\u1ebft th\u1eddi k\u1ef3 nh\u1ea1y c\u1ea3m l\u00e0 giai \u0111o\u1ea1n v\u00e0ng \u0111\u1ec3 k\u00edch ho\u1ea1t t\u00e0i n\u0103ng c\u1ee7a tr\u1ebb?<br \/>\nB\u1ea1n c\u00f3 bi\u1ebft \u201ctr\u1ea1ng th\u00e1i d\u00f2ng ch\u1ea3y\u201d v\u00f4 c\u00f9ng quan tr\u1ecdng g\u00f3p ph\u1ea7n nu\u00f4i d\u01b0\u1ee1ng t\u00e0i n\u0103ng?<br \/>\n\u201cMontessori \u2013 Ph\u01b0\u01a1ng ph\u00e1p gi\u00e1o d\u1ee5c to\u00e0n di\u1ec7n cho tr\u1ebb 0-6 tu\u1ed5i\u201d s\u1ebd l\u00e0 l\u1eddi gi\u1ea3i \u0111\u00e1p cho b\u1ea1n nh\u1eefng b\u0103n kho\u0103n, tr\u0103n tr\u1edf l\u00e0m th\u1ebf n\u00e0o \u0111\u1ec3 nu\u00f4i d\u01b0\u1ee1ng to\u00e0n di\u1ec7n 9 lo\u1ea1i h\u00ecnh th\u00f4ng minh cho con. Cu\u1ed1n s\u00e1ch l\u00e0 t\u00e2m huy\u1ebft v\u00e0 kinh nghi\u1ec7m c\u1ee7a t\u00e1c gi\u1ea3 sau 26 n\u0103m trong ngh\u1ec1 nu\u00f4i d\u1ea1y tr\u1ebb, k\u1ebft h\u1ee3p c\u00f9ng v\u1edbi ph\u01b0\u01a1ng ph\u00e1p Montessori v\u00e0 thuy\u1ebft \u0111a tr\u00ed tu\u1ec7 c\u1ee7a Ti\u1ebfn s\u0129 Howard Gardner (\u0110H Harvard).<\/p>\n<p>Cu\u1ed1n s\u00e1ch g\u1ed3m 8 ch\u01b0\u01a1ng, 4 ch\u01b0\u01a1ng \u0111\u1ea7u gi\u1edbi thi\u1ec7u v\u1ec1 \u0111\u1eb7c \u0111i\u1ec3m ph\u00e1t tri\u1ec3n c\u1ee7a tr\u1ebb giai \u0111o\u1ea1n 0 \u2013 6 tu\u1ed5i, gi\u1edbi thi\u1ec7u v\u1ec1 9 lo\u1ea1i h\u00ecnh th\u00f4ng minh v\u00e0 c\u00e1c th\u1eddi k\u00ec nh\u1ea1y c\u1ea3m t\u01b0\u01a1ng \u1ee9ng \u0111\u1ec3 k\u00edch ho\u1ea1t m\u1ed7i h\u00ecnh th\u00f4ng minh trong s\u1ed1 \u0111\u00f3. 4 ch\u01b0\u01a1ng sau s\u1ebd gi\u1edbi thi\u1ec7u \u0111\u1ebfn \u0111\u1ed9c gi\u1ea3 39 ho\u1ea1t \u0111\u1ed9ng th\u00fa v\u1ecb \u0111\u1ec3 k\u00edch ho\u1ea1t ti\u1ec1m n\u0103ng c\u1ee7a con m\u00e0 cha m\u1eb9 c\u00f3 th\u1ec3 \u00e1p d\u1ee5ng ngay t\u1ea1i nh\u00e0. \u1ee8ng v\u1edbi m\u1ed7i ho\u1ea1t \u0111\u1ed9ng t\u00e1c gi\u1ea3 \u0111\u1ec1u ghi ch\u00fa r\u00f5 th\u1eddi gian n\u00ean th\u1ef1c hi\u1ec7n \u0111\u1ec3 \u0111\u1ea1t hi\u1ec7u qu\u1ea3 cao nh\u1ea5t.<\/p>\n<p>Cu\u1ed1n s\u00e1ch kh\u00f4ng ch\u1ec9 cung c\u1ea5p cho b\u1ea1n m\u1ed9t c\u00e1i nh\u00ecn to\u00e0n di\u1ec7n v\u1ec1 s\u1ef1 ph\u00e1t tri\u1ec3n c\u1ee7a tr\u1ebb trong giai \u0111o\u1ea1n 0 \u2013 6 tu\u1ed5i m\u00e0 c\u00f2n cung c\u1ea5p cho b\u1ea1n nh\u1eefng \u00fd t\u01b0\u1edfng \u0111\u1ec3 qu\u00e1 tr\u00ecnh nu\u00f4i d\u1ea1y con tr\u1edf n\u00ean th\u1eadt nh\u1eb9 nh\u00e0ng v\u00e0 hi\u1ec7u qu\u1ea3.<\/p>\n","protected":false},"excerpt":{"rendered":"<p>\u201cM\u1ed7i \u0111\u1ee9a tr\u1ebb \u0111\u1ec1u mang h\u1ea1t gi\u1ed1ng thi\u00ean t\u00e0i \u2013 \u0111\u1eebng \u0111\u1ec3 tu\u1ed5i th\u01a1 c\u1ee7a con tr\u00f4i qua v\u00f4 \u00edch.\u201d<\/p>\n<p>B\u1ea1n c\u00f3 bi\u1ebft 0-6 tu\u1ed5i l\u00e0 giai \u0111o\u1ea1n quan tr\u1ecdng nh\u1ea5t trong qu\u00e1 tr\u00ecnh ph\u1ea3i tri\u1ec3n tr\u00ed n\u00e3o c\u1ee7a tr\u1ebb?<br \/>\nB\u1ea1n c\u00f3 bi\u1ebft m\u1ed7i \u0111\u1ee9a tr\u1ebb sinh ra \u0111\u1ec1u ti\u1ec1m \u1ea9n 9 lo\u1ea1i h\u00ecnh th\u00f4ng minh?<br \/>\nB\u1ea1n c\u00f3 bi\u1ebft th\u1eddi k\u1ef3 nh\u1ea1y c\u1ea3m l\u00e0 giai \u0111o\u1ea1n v\u00e0ng \u0111\u1ec3 k\u00edch ho\u1ea1t t\u00e0i n\u0103ng c\u1ee7a tr\u1ebb?<br \/>\nB\u1ea1n c\u00f3 bi\u1ebft \u201ctr\u1ea1ng th\u00e1i d\u00f2ng ch\u1ea3y\u201d v\u00f4 c\u00f9ng quan tr\u1ecdng g\u00f3p ph\u1ea7n nu\u00f4i d\u01b0\u1ee1ng t\u00e0i n\u0103ng?<br \/>\n\u201cMontessori \u2013 Ph\u01b0\u01a1ng ph\u00e1p gi\u00e1o d\u1ee5c to\u00e0n di\u1ec7n cho tr\u1ebb 0-6 tu\u1ed5i\u201d s\u1ebd l\u00e0 l\u1eddi gi\u1ea3i \u0111\u00e1p cho b\u1ea1n nh\u1eefng b\u0103n kho\u0103n, tr\u0103n tr\u1edf l\u00e0m th\u1ebf n\u00e0o \u0111\u1ec3 nu\u00f4i d\u01b0\u1ee1ng to\u00e0n di\u1ec7n 9 lo\u1ea1i h\u00ecnh th\u00f4ng minh cho con. Cu\u1ed1n s\u00e1ch l\u00e0 t\u00e2m huy\u1ebft v\u00e0 kinh nghi\u1ec7m c\u1ee7a t\u00e1c gi\u1ea3 sau 26 n\u0103m trong ngh\u1ec1 nu\u00f4i d\u1ea1y tr\u1ebb, k\u1ebft h\u1ee3p c\u00f9ng v\u1edbi ph\u01b0\u01a1ng ph\u00e1p Montessori v\u00e0 thuy\u1ebft \u0111a tr\u00ed tu\u1ec7 c\u1ee7a Ti\u1ebfn s\u0129 Howard Gardner (\u0110H Harvard).<\/p>\n<p>Cu\u1ed1n s\u00e1ch g\u1ed3m 8 ch\u01b0\u01a1ng, 4 ch\u01b0\u01a1ng \u0111\u1ea7u gi\u1edbi thi\u1ec7u v\u1ec1 \u0111\u1eb7c \u0111i\u1ec3m ph\u00e1t tri\u1ec3n c\u1ee7a tr\u1ebb giai \u0111o\u1ea1n 0 \u2013 6 tu\u1ed5i, gi\u1edbi thi\u1ec7u v\u1ec1 9 lo\u1ea1i h\u00ecnh th\u00f4ng minh v\u00e0 c\u00e1c th\u1eddi k\u00ec nh\u1ea1y c\u1ea3m t\u01b0\u01a1ng \u1ee9ng \u0111\u1ec3 k\u00edch ho\u1ea1t m\u1ed7i h\u00ecnh th\u00f4ng minh trong s\u1ed1 \u0111\u00f3. 4 ch\u01b0\u01a1ng sau s\u1ebd gi\u1edbi thi\u1ec7u \u0111\u1ebfn \u0111\u1ed9c gi\u1ea3 39 ho\u1ea1t \u0111\u1ed9ng th\u00fa v\u1ecb \u0111\u1ec3 k\u00edch ho\u1ea1t ti\u1ec1m n\u0103ng c\u1ee7a con m\u00e0 cha m\u1eb9 c\u00f3 th\u1ec3 \u00e1p d\u1ee5ng ngay t\u1ea1i nh\u00e0. \u1ee8ng v\u1edbi m\u1ed7i ho\u1ea1t \u0111\u1ed9ng t\u00e1c gi\u1ea3 \u0111\u1ec1u ghi ch\u00fa r\u00f5 th\u1eddi gian n\u00ean th\u1ef1c hi\u1ec7n \u0111\u1ec3 \u0111\u1ea1t hi\u1ec7u qu\u1ea3 cao nh\u1ea5t.<\/p>\n<p>Cu\u1ed1n s\u00e1ch kh\u00f4ng ch\u1ec9 cung c\u1ea5p cho b\u1ea1n m\u1ed9t c\u00e1i nh\u00ecn to\u00e0n di\u1ec7n v\u1ec1 s\u1ef1 ph\u00e1t tri\u1ec3n c\u1ee7a tr\u1ebb trong giai \u0111o\u1ea1n 0 \u2013 6 tu\u1ed5i m\u00e0 c\u00f2n cung c\u1ea5p cho b\u1ea1n nh\u1eefng \u00fd t\u01b0\u1edfng \u0111\u1ec3 qu\u00e1 tr\u00ecnh nu\u00f4i d\u1ea1y con tr\u1edf n\u00ean th\u1eadt nh\u1eb9 nh\u00e0ng v\u00e0 hi\u1ec7u qu\u1ea3.<\/p>\n","protected":false},"featured_media":17143,"template":"","meta":{"_acf_changed":false},"product_brand":[],"product_cat":[19],"product_tag":[],"class_list":{"0":"post-17144","1":"product","2":"type-product","3":"status-publish","4":"has-post-thumbnail","6":"product_cat-nuoi-day-con","8":"first","9":"outofstock","10":"taxable","11":"shipping-taxable","12":"purchasable","13":"product-type-simple"},"supplier_id":null,"supplier_sku":"","barcode":null,"atum_controlled":true,"out_stock_date":"2022-02-21 11:40:08","out_stock_threshold":null,"inheritable":false,"inbound_stock":0,"stock_on_hold":0,"sold_today":0,"sales_last_days":0,"reserved_stock":0,"customer_returns":0,"warehouse_damage":0,"lost_in_post":0,"other_logs":0,"out_stock_days":1437,"lost_sales":2050,"has_location":false,"update_date":"2026-01-28T23:10:59","atum_locations":[],"atum_stock_status":"outofstock","restock_status":false,"low_stock_amount":"","sales_update_date":"2026-01-28T23:10:59","calc_backorders":null,"acf":{"publisher":{"ID":4030,"post_author":"1","post_date":"2021-03-02 03:51:27","post_date_gmt":"2021-03-02 01:51:27","post_content":"","post_title":"1980 Books","post_excerpt":"","post_status":"publish","comment_status":"closed","ping_status":"closed","post_password":"","post_name":"1980-books","to_ping":"","pinged":"","post_modified":"2021-03-02 03:51:27","post_modified_gmt":"2021-03-02 01:51:27","post_content_filtered":"","post_parent":0,"guid":"https:\/\/sachviet.eu\/nha-phat-hanh\/1980-books\/","menu_order":0,"post_type":"publisher","post_mime_type":"","comment_count":"0","filter":"raw"}},"_links":{"self":[{"href":"https:\/\/sachviet.eu\/en\/wp-json\/wp\/v2\/product\/17144","targetHints":{"allow":["GET"]}}],"collection":[{"href":"https:\/\/sachviet.eu\/en\/wp-json\/wp\/v2\/product"}],"about":[{"href":"https:\/\/sachviet.eu\/en\/wp-json\/wp\/v2\/types\/product"}],"wp:featuredmedia":[{"embeddable":true,"href":"https:\/\/sachviet.eu\/en\/wp-json\/wp\/v2\/media\/17143"}],"wp:attachment":[{"href":"https:\/\/sachviet.eu\/en\/wp-json\/wp\/v2\/media?parent=17144"}],"wp:term":[{"taxonomy":"product_brand","embeddable":true,"href":"https:\/\/sachviet.eu\/en\/wp-json\/wp\/v2\/product_brand?post=17144"},{"taxonomy":"product_cat","embeddable":true,"href":"https:\/\/sachviet.eu\/en\/wp-json\/wp\/v2\/product_cat?post=17144"},{"taxonomy":"product_tag","embeddable":true,"href":"https:\/\/sachviet.eu\/en\/wp-json\/wp\/v2\/product_tag?post=17144"}],"curies":[{"name":"wp","href":"https:\/\/api.w.org\/{rel}","templated":true}]}}