{"id":17142,"date":"2022-02-08T20:33:24","date_gmt":"2022-02-08T18:33:24","guid":{"rendered":"https:\/\/sachviet.eu\/shop\/nuoi-day-be-gai-tu-0-den-6-tuoi\/"},"modified":"2023-05-15T16:01:34","modified_gmt":"2023-05-15T13:01:34","slug":"nuoi-day-be-gai-tu-0-den-6-tuoi","status":"publish","type":"product","link":"https:\/\/sachviet.eu\/en\/shop\/nuoi-day-be-gai-tu-0-den-6-tuoi\/","title":{"rendered":"Nu\u00f4i D\u1ea1y B\u00e9 G\u00e1i T\u1eeb 0 \u0110\u1ebfn 6 Tu\u1ed5i"},"content":{"rendered":"<p>T\u00e1c gi\u1ea3 c\u1ee7a cu\u1ed1n s\u00e1ch Nu\u00f4i d\u1ea1y b\u00e9 g\u00e1i t\u1eeb 0 \u2013 6 tu\u1ed5i l\u00e0 ng\u01b0\u1eddi \u0111\u00e3 c\u00f3 20 n\u0103m nghi\u00ean c\u1ee9u v\u1ec1 s\u1ef1 tr\u01b0\u1edfng th\u00e0nh c\u1ee7a tr\u1ebb em, quan s\u00e1t 12.000 tr\u1ebb \u1edf nhi\u1ec1u \u0111\u1ed9 tu\u1ed5i kh\u00e1c nhau, t\u1eeb em b\u00e9 s\u01a1 sinh cho \u0111\u1ebfn sinh vi\u00ean \u0111\u1ea1i h\u1ecdc. T\u1eeb kinh nghi\u1ec7m th\u1ef1c ti\u1ec5n v\u00e0 nghi\u00ean c\u1ee9u t\u00e1c gi\u1ea3 \u0111\u00e3 \u0111\u00fac k\u1ebft \u0111\u01b0\u1ee3c nh\u1eefng \u0111i\u1ec1u quan tr\u1ecdng \u0111\u1ed1i v\u1edbi s\u1ef1 ph\u00e1t tri\u1ec3n c\u1ee7a tr\u1ebb r\u1eb1ng:<\/p>\n<p>Ngay t\u1eeb khi sinh ra, gi\u1eefa b\u00e9 trai v\u00e0 b\u00e9 g\u00e1i \u0111\u00e3 c\u00f3 nh\u1eefng \u0111\u1eb7c tr\u01b0ng kh\u00e1c nhau c\u1ea3 v\u1ec1 n\u00e3o b\u1ed9 c\u0169ng nh\u01b0 h\u1ec7 th\u1ea7n kinh v\u1eadn \u0111\u1ed9ng. Do v\u1eady c\u00e1ch gi\u00e1o d\u1ee5c c\u0169ng s\u1ebd kh\u00e1c nhau. N\u1ebfu n\u1eafm \u0111\u01b0\u1ee3c \u0111i\u1ec3m m\u1ea5u ch\u1ed1t trong c\u00e1ch nu\u00f4i d\u1ea1y cho t\u1eebng b\u00e9 th\u00ec b\u1ed1 m\u1eb9 c\u00f3 th\u1ec3 ph\u00e1t tri\u1ec3n n\u0103ng l\u1ef1c c\u1ee7a tr\u1ebb m\u1ed9t c\u00e1ch to\u00e0n di\u1ec7n.<\/p>\n<p>V\u1edbi b\u00e9 g\u00e1i<\/p>\n<p>L\u00e0 ng\u01b0\u1eddi c\u00f3 kh\u1ea3 n\u0103ng c\u1ea3m th\u1ee5 v\u00e0 \u0111\u1ed3ng c\u1ea3m t\u1ed1t.<\/p>\n<p>S\u1edf h\u1eefu kh\u1ea3 n\u0103ng \u0111\u1ed3ng c\u1ea3m t\u1ed1t n\u00ean c\u00e1c b\u00e9 g\u00e1i lu\u00f4n c\u01b0 x\u1eed h\u00f2a nh\u00e3 v\u00e0 th\u00e2n thi\u1ec7n. B\u00e9 bi\u1ebft \u0111i s\u1edbm nh\u01b0ng gi\u1eef th\u0103ng b\u1eb1ng kh\u00f4ng t\u1ed1t v\u00e0 d\u1ec5 t\u00e9 ng\u00e3. \u0110i\u1ec1u n\u00e0y l\u00e0 do s\u1ef1 ph\u00e1t tri\u1ec3n c\u1ee7a h\u1ec7 th\u1ea7n kinh v\u1eadn \u0111\u1ed9ng to\u00e0n th\u00e2n Nh\u01b0ng b\u00e9 l\u1ea1i gi\u1ecfi trong nh\u1eefng tr\u00f2 ch\u01a1i \u0111\u00f2i h\u1ecfi t\u00ednh ki\u00ean nh\u1eabn nh\u01b0 g\u1ea5p gi\u1ea5y hay v\u1ebd tranh. \u0110\u00f4i khi b\u00e9 ph\u1ea3n kh\u00e1ng: \u201cKh\u00f4ng, kh\u00f4ng\u201d l\u00e0 do t\u00ednh k\u1ef7 lu\u1eadt ch\u01b0a \u0111\u01b0\u1ee3c ho\u00e0n thi\u1ec7n.<\/p>\n<p>B\u00e9 g\u00e1i hay th\u1ec3 hi\u1ec7n s\u1ef1 vui m\u1eebng khi \u0111\u01b0\u1ee3c c\u00f9ng ch\u01a1i h\u00f2a thu\u1eadn v\u1edbi b\u1ea1n, l\u00fac c\u1ea3 hai c\u00f9ng chia s\u1ebb cho nhau. B\u00e9 coi tr\u1ecdng qu\u00e1 tr\u00ecnh th\u1ef1c hi\u1ec7n h\u01a1n l\u00e0 k\u1ebft qu\u1ea3. H\u01a1n n\u1eefa, v\u1edbi b\u00e9 g\u00e1i vi\u1ec7c \u0111\u01b0\u1ee3c m\u1eb9 \u00f4m \u1ea5p, c\u01b0ng n\u1ef1ng l\u00e0 m\u1ed9t \u0111i\u1ec1u th\u1eadt tuy\u1ec7t v\u1eddi.<\/p>\n<p>\u0110i\u1ec1u quan tr\u1ecdng \u0111\u1ed1i v\u1edbi b\u00e9 g\u00e1i \u0111\u00f3 l\u00e0 \u0111\u01b0\u1ee3c y\u00eau th\u01b0\u01a1ng, th\u1ea5u hi\u1ec3u, s\u1ebb chia v\u00e0 giao ti\u1ebfp.<\/p>\n<p>V\u00ec mu\u1ed1n \u0111\u01b0\u1ee3c giao ti\u1ebfp n\u00ean kh\u1ea3 n\u0103ng ng\u00f4n ng\u1eef c\u1ee7a b\u00e9 g\u00e1i ph\u00e1t tri\u1ec3n nhanh. B\u00e9 d\u00f9ng t\u1eeb kh\u00e9o l\u00e9o, r\u00edu r\u00edt k\u1ec3 cho b\u1ed1 m\u1eb9 nghe nh\u1eefng chuy\u1ec7n m\u00ecnh g\u1eb7p trong ng\u00e0y h\u00f4m nay hay chuy\u1ec7n b\u1ea1n b\u00e8.<\/p>\n<p>B\u1ed1 m\u1eb9 th\u01b0\u1eddng c\u00f3 c\u1ea3m gi\u00e1c nh\u01b0 b\u00e9 g\u00e1i ph\u00e1t tri\u1ec3n s\u1edbm, tr\u01b0\u1edfng th\u00e0nh m\u1ed9t c\u00e1ch thu\u1eadn l\u1ee3i h\u01a1n so v\u1edbi b\u00e9 trai. Nh\u01b0ng \u0111i\u1ec1u \u0111\u00f3 kh\u00f4ng \u0111\u1ed3ng ngh\u0129a l\u00e0 ta c\u00f3 th\u1ec3 y\u00ean t\u00e2m v\u1edbi s\u1ef1 tr\u01b0\u1edfng th\u00e0nh s\u1edbm c\u1ee7a b\u00e9. T\u00e2m l\u00fd c\u1ee7a b\u00e9 g\u00e1i ph\u1ee9c t\u1ea1p h\u01a1n so v\u1edbi b\u00e9 trai. Nh\u00ecn b\u00e9 c\u00f3 v\u1ebb ra d\u00e1ng \u201cng\u01b0\u1eddi l\u1edbn\u201d bi\u1ebft v\u00e2ng l\u1eddi nh\u01b0ng th\u1ef1c ra th\u00ec nh\u00f5ng nh\u1ebdo, v\u00ed d\u1ee5 b\u00e9 n\u00f3i: \u201cKh\u00f4ng th\u00edch \u0111\u00e2u!\u201d nh\u01b0ng trong l\u00f2ng th\u00ec ng\u01b0\u1ee3c l\u1ea1i, v\u00ec v\u1eady vi\u1ec7c n\u1eafm b\u1eaft \u0111\u01b0\u1ee3c suy ngh\u0129, t\u00ecnh c\u1ea3m th\u1ef1c s\u1ef1 c\u1ee7a c\u00e1c b\u00e9 g\u00e1i l\u00e0 r\u1ea5t quan tr\u1ecdng.<\/p>\n<p>Nu\u00f4i d\u1ea1y b\u00e9 g\u00e1i t\u1eeb 0 \u2013 6 tu\u1ed5i s\u1ebd ch\u1ec9 ra cho b\u1ed1 m\u1eb9 7 b\u01b0\u1edbc quan tr\u1ecdng trong s\u1ef1 tr\u01b0\u1edfng th\u00e0nh c\u1ee7a c\u00e1c b\u00e9:<\/p>\n<p>B\u01b0\u1edbc 0 (0 tu\u1ed5i): K\u00edch th\u00edch n\u0103m gi\u00e1c quan \u2192 Nu\u00f4i d\u01b0\u1ee1ng c\u1ea3m nh\u1eadn<\/p>\n<p>B\u01b0\u1edbc 1 (1 tu\u1ed5i): Chia s\u1ebb ni\u1ec1m vui \u201cYeah! Con l\u00e0m \u0111\u01b0\u1ee3c r\u1ed3i\u201d \u2192 Nu\u00f4i d\u01b0\u1ee1ng t\u00ednh t\u1ef1 ch\u1ee7<\/p>\n<p>B\u01b0\u1edbc 2 (2 tu\u1ed5i): T\u00f4n tr\u1ecdng th\u1ebf gi\u1edbi quan c\u1ee7a tr\u1ebb \u2192 Nu\u00f4i d\u01b0\u1ee1ng kh\u1ea3 n\u0103ng t\u01b0\u1edfng t\u01b0\u1ee3ng<\/p>\n<p>B\u01b0\u1edbc 3 (3 tu\u1ed5i): Tin t\u01b0\u1edfng, c\u00f4ng nh\u1eadn \u00fd ki\u1ebfn c\u1ee7a tr\u1ebb \u2192 Nu\u00f4i d\u01b0\u1ee1ng t\u00ednh kh\u00f4ng \u1ef7 l\u1ea1i<\/p>\n<p>B\u01b0\u1edbc 4 (4 tu\u1ed5i): Cho tr\u1ebb c\u01a1 h\u1ed9i t\u1ef1 m\u00ecnh suy ngh\u0129 \u2192 Nu\u00f4i d\u01b0\u1ee1ng kh\u1ea3 n\u0103ng gi\u1ea3i quy\u1ebft v\u1ea5n \u0111\u1ec1<\/p>\n<p>B\u01b0\u1edbc 5 (5 tu\u1ed5i): \u0110\u1ec3 tr\u1ebb tr\u1ea3i nghi\u1ec7m vi\u1ec7c gi\u00fap \u0111\u1ee1 v\u00e0 \u0111\u01b0\u1ee3c gi\u00fap \u0111\u1ee1 \u2192 Nu\u00f4i d\u01b0\u1ee1ng kh\u1ea3 n\u0103ng t\u1ef1 b\u00e0y t\u1ecf \u00fd ki\u1ebfn c\u00e1 nh\u00e2n m\u1ed9t c\u00e1ch r\u00f5 r\u00e0ng<\/p>\n<p>B\u01b0\u1edbc 6 (6 tu\u1ed5i): \u0110\u1ec3 tr\u1ebb c\u1ea3m nh\u1eadn \u0111\u1ea7y \u0111\u1ee7 t\u00ecnh th\u01b0\u01a1ng y\u00eau \u2192 Nu\u00f4i d\u01b0\u1ee1ng c\u1ea3m gi\u00e1c kh\u1eb3ng \u0111\u1ecbnh b\u1ea3n th\u00e2n<\/p>\n","protected":false},"excerpt":{"rendered":"<p>T\u00e1c gi\u1ea3 c\u1ee7a cu\u1ed1n s\u00e1ch Nu\u00f4i d\u1ea1y b\u00e9 g\u00e1i t\u1eeb 0 \u2013 6 tu\u1ed5i l\u00e0 ng\u01b0\u1eddi \u0111\u00e3 c\u00f3 20 n\u0103m nghi\u00ean c\u1ee9u v\u1ec1 s\u1ef1 tr\u01b0\u1edfng th\u00e0nh c\u1ee7a tr\u1ebb em, quan s\u00e1t 12.000 tr\u1ebb \u1edf nhi\u1ec1u \u0111\u1ed9 tu\u1ed5i kh\u00e1c nhau, t\u1eeb em b\u00e9 s\u01a1 sinh cho \u0111\u1ebfn sinh vi\u00ean \u0111\u1ea1i h\u1ecdc. T\u1eeb kinh nghi\u1ec7m th\u1ef1c ti\u1ec5n v\u00e0 nghi\u00ean c\u1ee9u t\u00e1c gi\u1ea3 \u0111\u00e3 \u0111\u00fac k\u1ebft \u0111\u01b0\u1ee3c nh\u1eefng \u0111i\u1ec1u quan tr\u1ecdng \u0111\u1ed1i v\u1edbi s\u1ef1 ph\u00e1t tri\u1ec3n c\u1ee7a tr\u1ebb r\u1eb1ng:<\/p>\n<p>Ngay t\u1eeb khi sinh ra, gi\u1eefa b\u00e9 trai v\u00e0 b\u00e9 g\u00e1i \u0111\u00e3 c\u00f3 nh\u1eefng \u0111\u1eb7c tr\u01b0ng kh\u00e1c nhau c\u1ea3 v\u1ec1 n\u00e3o b\u1ed9 c\u0169ng nh\u01b0 h\u1ec7 th\u1ea7n kinh v\u1eadn \u0111\u1ed9ng. Do v\u1eady c\u00e1ch gi\u00e1o d\u1ee5c c\u0169ng s\u1ebd kh\u00e1c nhau. N\u1ebfu n\u1eafm \u0111\u01b0\u1ee3c \u0111i\u1ec3m m\u1ea5u ch\u1ed1t trong c\u00e1ch nu\u00f4i d\u1ea1y cho t\u1eebng b\u00e9 th\u00ec b\u1ed1 m\u1eb9 c\u00f3 th\u1ec3 ph\u00e1t tri\u1ec3n n\u0103ng l\u1ef1c c\u1ee7a tr\u1ebb m\u1ed9t c\u00e1ch to\u00e0n di\u1ec7n.<\/p>\n<p>V\u1edbi b\u00e9 g\u00e1i<\/p>\n<p>L\u00e0 ng\u01b0\u1eddi c\u00f3 kh\u1ea3 n\u0103ng c\u1ea3m th\u1ee5 v\u00e0 \u0111\u1ed3ng c\u1ea3m t\u1ed1t.<\/p>\n<p>S\u1edf h\u1eefu kh\u1ea3 n\u0103ng \u0111\u1ed3ng c\u1ea3m t\u1ed1t n\u00ean c\u00e1c b\u00e9 g\u00e1i lu\u00f4n c\u01b0 x\u1eed h\u00f2a nh\u00e3 v\u00e0 th\u00e2n thi\u1ec7n. B\u00e9 bi\u1ebft \u0111i s\u1edbm nh\u01b0ng gi\u1eef th\u0103ng b\u1eb1ng kh\u00f4ng t\u1ed1t v\u00e0 d\u1ec5 t\u00e9 ng\u00e3. \u0110i\u1ec1u n\u00e0y l\u00e0 do s\u1ef1 ph\u00e1t tri\u1ec3n c\u1ee7a h\u1ec7 th\u1ea7n kinh v\u1eadn \u0111\u1ed9ng to\u00e0n th\u00e2n Nh\u01b0ng b\u00e9 l\u1ea1i gi\u1ecfi trong nh\u1eefng tr\u00f2 ch\u01a1i \u0111\u00f2i h\u1ecfi t\u00ednh ki\u00ean nh\u1eabn nh\u01b0 g\u1ea5p gi\u1ea5y hay v\u1ebd tranh. \u0110\u00f4i khi b\u00e9 ph\u1ea3n kh\u00e1ng: \u201cKh\u00f4ng, kh\u00f4ng\u201d l\u00e0 do t\u00ednh k\u1ef7 lu\u1eadt ch\u01b0a \u0111\u01b0\u1ee3c ho\u00e0n thi\u1ec7n.<\/p>\n<p>B\u00e9 g\u00e1i hay th\u1ec3 hi\u1ec7n s\u1ef1 vui m\u1eebng khi \u0111\u01b0\u1ee3c c\u00f9ng ch\u01a1i h\u00f2a thu\u1eadn v\u1edbi b\u1ea1n, l\u00fac c\u1ea3 hai c\u00f9ng chia s\u1ebb cho nhau. B\u00e9 coi tr\u1ecdng qu\u00e1 tr\u00ecnh th\u1ef1c hi\u1ec7n h\u01a1n l\u00e0 k\u1ebft qu\u1ea3. H\u01a1n n\u1eefa, v\u1edbi b\u00e9 g\u00e1i vi\u1ec7c \u0111\u01b0\u1ee3c m\u1eb9 \u00f4m \u1ea5p, c\u01b0ng n\u1ef1ng l\u00e0 m\u1ed9t \u0111i\u1ec1u th\u1eadt tuy\u1ec7t v\u1eddi.<\/p>\n<p>\u0110i\u1ec1u quan tr\u1ecdng \u0111\u1ed1i v\u1edbi b\u00e9 g\u00e1i \u0111\u00f3 l\u00e0 \u0111\u01b0\u1ee3c y\u00eau th\u01b0\u01a1ng, th\u1ea5u hi\u1ec3u, s\u1ebb chia v\u00e0 giao ti\u1ebfp.<\/p>\n<p>V\u00ec mu\u1ed1n \u0111\u01b0\u1ee3c giao ti\u1ebfp n\u00ean kh\u1ea3 n\u0103ng ng\u00f4n ng\u1eef c\u1ee7a b\u00e9 g\u00e1i ph\u00e1t tri\u1ec3n nhanh. B\u00e9 d\u00f9ng t\u1eeb kh\u00e9o l\u00e9o, r\u00edu r\u00edt k\u1ec3 cho b\u1ed1 m\u1eb9 nghe nh\u1eefng chuy\u1ec7n m\u00ecnh g\u1eb7p trong ng\u00e0y h\u00f4m nay hay chuy\u1ec7n b\u1ea1n b\u00e8.<\/p>\n<p>B\u1ed1 m\u1eb9 th\u01b0\u1eddng c\u00f3 c\u1ea3m gi\u00e1c nh\u01b0 b\u00e9 g\u00e1i ph\u00e1t tri\u1ec3n s\u1edbm, tr\u01b0\u1edfng th\u00e0nh m\u1ed9t c\u00e1ch thu\u1eadn l\u1ee3i h\u01a1n so v\u1edbi b\u00e9 trai. Nh\u01b0ng \u0111i\u1ec1u \u0111\u00f3 kh\u00f4ng \u0111\u1ed3ng ngh\u0129a l\u00e0 ta c\u00f3 th\u1ec3 y\u00ean t\u00e2m v\u1edbi s\u1ef1 tr\u01b0\u1edfng th\u00e0nh s\u1edbm c\u1ee7a b\u00e9. T\u00e2m l\u00fd c\u1ee7a b\u00e9 g\u00e1i ph\u1ee9c t\u1ea1p h\u01a1n so v\u1edbi b\u00e9 trai. Nh\u00ecn b\u00e9 c\u00f3 v\u1ebb ra d\u00e1ng \u201cng\u01b0\u1eddi l\u1edbn\u201d bi\u1ebft v\u00e2ng l\u1eddi nh\u01b0ng th\u1ef1c ra th\u00ec nh\u00f5ng nh\u1ebdo, v\u00ed d\u1ee5 b\u00e9 n\u00f3i: \u201cKh\u00f4ng th\u00edch \u0111\u00e2u!\u201d nh\u01b0ng trong l\u00f2ng th\u00ec ng\u01b0\u1ee3c l\u1ea1i, v\u00ec v\u1eady vi\u1ec7c n\u1eafm b\u1eaft \u0111\u01b0\u1ee3c suy ngh\u0129, t\u00ecnh c\u1ea3m th\u1ef1c s\u1ef1 c\u1ee7a c\u00e1c b\u00e9 g\u00e1i l\u00e0 r\u1ea5t quan tr\u1ecdng.<\/p>\n<p>Nu\u00f4i d\u1ea1y b\u00e9 g\u00e1i t\u1eeb 0 \u2013 6 tu\u1ed5i s\u1ebd ch\u1ec9 ra cho b\u1ed1 m\u1eb9 7 b\u01b0\u1edbc quan tr\u1ecdng trong s\u1ef1 tr\u01b0\u1edfng th\u00e0nh c\u1ee7a c\u00e1c b\u00e9:<\/p>\n<p>B\u01b0\u1edbc 0 (0 tu\u1ed5i): K\u00edch th\u00edch n\u0103m gi\u00e1c quan \u2192 Nu\u00f4i d\u01b0\u1ee1ng c\u1ea3m nh\u1eadn<\/p>\n<p>B\u01b0\u1edbc 1 (1 tu\u1ed5i): Chia s\u1ebb ni\u1ec1m vui \u201cYeah! Con l\u00e0m \u0111\u01b0\u1ee3c r\u1ed3i\u201d \u2192 Nu\u00f4i d\u01b0\u1ee1ng t\u00ednh t\u1ef1 ch\u1ee7<\/p>\n<p>B\u01b0\u1edbc 2 (2 tu\u1ed5i): T\u00f4n tr\u1ecdng th\u1ebf gi\u1edbi quan c\u1ee7a tr\u1ebb \u2192 Nu\u00f4i d\u01b0\u1ee1ng kh\u1ea3 n\u0103ng t\u01b0\u1edfng t\u01b0\u1ee3ng<\/p>\n<p>B\u01b0\u1edbc 3 (3 tu\u1ed5i): Tin t\u01b0\u1edfng, c\u00f4ng nh\u1eadn \u00fd ki\u1ebfn c\u1ee7a tr\u1ebb \u2192 Nu\u00f4i d\u01b0\u1ee1ng t\u00ednh kh\u00f4ng \u1ef7 l\u1ea1i<\/p>\n<p>B\u01b0\u1edbc 4 (4 tu\u1ed5i): Cho tr\u1ebb c\u01a1 h\u1ed9i t\u1ef1 m\u00ecnh suy ngh\u0129 \u2192 Nu\u00f4i d\u01b0\u1ee1ng kh\u1ea3 n\u0103ng gi\u1ea3i quy\u1ebft v\u1ea5n \u0111\u1ec1<\/p>\n<p>B\u01b0\u1edbc 5 (5 tu\u1ed5i): \u0110\u1ec3 tr\u1ebb tr\u1ea3i nghi\u1ec7m vi\u1ec7c gi\u00fap \u0111\u1ee1 v\u00e0 \u0111\u01b0\u1ee3c gi\u00fap \u0111\u1ee1 \u2192 Nu\u00f4i d\u01b0\u1ee1ng kh\u1ea3 n\u0103ng t\u1ef1 b\u00e0y t\u1ecf \u00fd ki\u1ebfn c\u00e1 nh\u00e2n m\u1ed9t c\u00e1ch r\u00f5 r\u00e0ng<\/p>\n<p>B\u01b0\u1edbc 6 (6 tu\u1ed5i): \u0110\u1ec3 tr\u1ebb c\u1ea3m nh\u1eadn \u0111\u1ea7y \u0111\u1ee7 t\u00ecnh th\u01b0\u01a1ng y\u00eau \u2192 Nu\u00f4i d\u01b0\u1ee1ng c\u1ea3m gi\u00e1c kh\u1eb3ng \u0111\u1ecbnh b\u1ea3n th\u00e2n<\/p>\n","protected":false},"featured_media":17141,"template":"","meta":{"_acf_changed":false},"product_brand":[],"product_cat":[19],"product_tag":[],"class_list":{"0":"post-17142","1":"product","2":"type-product","3":"status-publish","4":"has-post-thumbnail","6":"product_cat-nuoi-day-con","8":"first","9":"outofstock","10":"taxable","11":"shipping-taxable","12":"purchasable","13":"product-type-simple"},"supplier_id":null,"supplier_sku":"","barcode":null,"atum_controlled":true,"out_stock_date":"2023-05-15 13:01:34","out_stock_threshold":null,"inheritable":false,"inbound_stock":0,"stock_on_hold":0,"sold_today":0,"sales_last_days":0,"reserved_stock":0,"customer_returns":0,"warehouse_damage":0,"lost_in_post":0,"other_logs":0,"out_stock_days":989,"lost_sales":0,"has_location":false,"update_date":"2026-01-28T23:10:59","atum_locations":[],"atum_stock_status":"outofstock","restock_status":false,"low_stock_amount":"","sales_update_date":"2026-01-28T23:10:59","calc_backorders":null,"acf":{"publisher":{"ID":1474,"post_author":"1","post_date":"2021-02-17 01:12:51","post_date_gmt":"2021-02-16 23:12:51","post_content":"","post_title":"Th\u00e1i H\u00e0","post_excerpt":"","post_status":"publish","comment_status":"closed","ping_status":"closed","post_password":"","post_name":"thai-ha","to_ping":"","pinged":"","post_modified":"2021-02-17 01:12:51","post_modified_gmt":"2021-02-16 23:12:51","post_content_filtered":"","post_parent":0,"guid":"https:\/\/sachviet.eu\/nha-phat-hanh\/thai-ha\/","menu_order":0,"post_type":"publisher","post_mime_type":"","comment_count":"0","filter":"raw"}},"_links":{"self":[{"href":"https:\/\/sachviet.eu\/en\/wp-json\/wp\/v2\/product\/17142","targetHints":{"allow":["GET"]}}],"collection":[{"href":"https:\/\/sachviet.eu\/en\/wp-json\/wp\/v2\/product"}],"about":[{"href":"https:\/\/sachviet.eu\/en\/wp-json\/wp\/v2\/types\/product"}],"wp:featuredmedia":[{"embeddable":true,"href":"https:\/\/sachviet.eu\/en\/wp-json\/wp\/v2\/media\/17141"}],"wp:attachment":[{"href":"https:\/\/sachviet.eu\/en\/wp-json\/wp\/v2\/media?parent=17142"}],"wp:term":[{"taxonomy":"product_brand","embeddable":true,"href":"https:\/\/sachviet.eu\/en\/wp-json\/wp\/v2\/product_brand?post=17142"},{"taxonomy":"product_cat","embeddable":true,"href":"https:\/\/sachviet.eu\/en\/wp-json\/wp\/v2\/product_cat?post=17142"},{"taxonomy":"product_tag","embeddable":true,"href":"https:\/\/sachviet.eu\/en\/wp-json\/wp\/v2\/product_tag?post=17142"}],"curies":[{"name":"wp","href":"https:\/\/api.w.org\/{rel}","templated":true}]}}