{"id":17137,"date":"2022-02-08T20:33:11","date_gmt":"2022-02-08T18:33:11","guid":{"rendered":"https:\/\/sachviet.eu\/shop\/phuong-phap-day-con-thanh-tai-cua-nguoi-do-thai-tai-ban\/"},"modified":"2022-05-04T14:52:47","modified_gmt":"2022-05-04T11:52:47","slug":"phuong-phap-day-con-thanh-tai-cua-nguoi-do-thai-tai-ban","status":"publish","type":"product","link":"https:\/\/sachviet.eu\/en\/shop\/phuong-phap-day-con-thanh-tai-cua-nguoi-do-thai-tai-ban\/","title":{"rendered":"Ph\u01b0\u01a1ng Ph\u00e1p D\u1ea1y Con Th\u00e0nh T\u00e0i C\u1ee7a Ng\u01b0\u1eddi Do Th\u00e1i (T\u00e1i B\u1ea3n)"},"content":{"rendered":"<p>C\u00f9ng v\u1edbi s\u1ef1 ti\u1ebfn b\u1ed9 c\u1ee7a x\u00e3 h\u1ed9i, con ng\u01b0\u1eddi ng\u00e0y c\u00e0ng coi tr\u1ecdng gi\u00e1o d\u1ee5c h\u01a1n. \u0110\u1ed1i  \u1edbi \u0111\u1ee9a tr\u1ebb \u0111ang trong qu\u00e1 tr\u00ecnh ph\u00e1t tri\u1ec3n m\u00e0 n\u00f3i, con \u0111\u01b0\u1eddng t\u01b0\u01a1ng lai c\u1ee7a n\u00f3 ra sao, m\u1ed9t ph\u1ea7n r\u1ea5t l\u1edbn n\u1eb1m trong tay cha m\u1eb9. C\u00f3 c\u00e2u n\u00f3i: \u201cN\u1ebfu n\u00f3i v\u1eadn m\u1ec7nh c\u1ee7a qu\u1ed1c gia n\u1eb1m trong tay c\u00e1c nh\u00e0 ch\u00ednh tr\u1ecb th\u00ec kh\u00f4ng b\u1eb1ng n\u00f3i r\u1eb1ng v\u1eadn m\u1ec7nh qu\u1ed1c gia n\u1eb1m trong tay c\u00e1c b\u1eadc cha m\u1eb9, c\u00e1nh tay \u0111\u01b0a n\u00f4i c\u0169ng s\u1ebd \u0111\u01b0a t\u1edbi t\u01b0\u01a1ng lai c\u1ee7a nh\u00e2n lo\u1ea1i\u201d. Gia \u0111\u00ecnh l\u00e0 tr\u01b0\u1eddng h\u1ecdc \u0111\u1ea7u ti\u00ean c\u1ee7a tr\u1ebb, cha m\u1eb9 l\u00e0 ng\u01b0\u1eddi th\u1ea7y \u0111\u1ea7u ti\u00ean c\u1ee7a con c\u00e1i. C\u00e1ch gi\u00e1o d\u1ee5c s\u1ebd \u1ea3nh h\u01b0\u1edfng t\u1edbi c\u1ea3 m\u1ed9t \u0111\u1eddi \u0111\u1ee9a tr\u1ebb. Kinh nghi\u1ec7m th\u00e0nh c\u00f4ng trong gi\u00e1o d\u1ee5c gia \u0111\u00ecnh c\u1ee7a ng\u01b0\u1eddi Do Th\u00e1i r\u1ea5t \u0111\u00e1ng \u0111\u1ec3 m\u1ecdi ng\u01b0\u1eddi c\u00f9ng tham kh\u1ea3o, h\u1ecdc t\u1eadp v\u00e0 l\u00e0m theo.       <\/p>\n<p>Cu\u1ed1n s\u00e1ch kinh \u0111i\u1ec3n v\u1ec1 d\u1ea1y con v\u1edbi c\u00e1c v\u00ed d\u1ee5 th\u1ef1c ti\u1ec5n, sinh \u0111\u1ed9ng, th\u1ea5m nhu\u1ea7n tri\u1ebft \u00fd s\u00e2u s\u1eafc v\u00e0 th\u1ef1c t\u1ebf c\u1ee7a ng\u01b0\u1eddi Do Th\u00e1i \u0111\u00e3 t\u1eadp h\u1ee3p nh\u1eefng tinh t\u00fay tr\u00ed hu\u1ec7 c\u1ee7a ng\u01b0\u1eddi Do Th\u00e1i trong vi\u1ec7c gi\u00e1o d\u1ee5c, b\u1ed3i d\u01b0\u1ee1ng tr\u1ebb nh\u1ecf tr\u00ean c\u00e1c ph\u01b0\u01a1ng di\u1ec7n, \u0111\u01b0\u1ee3c c\u00e1c b\u1eadc cha m\u1eb9 kh\u1eafp n\u01a1i tr\u00ean th\u1ebf gi\u1edbi \u0111\u00f3n nh\u1eadn v\u00e0 h\u1ecdc t\u1eadp. Ch\u00fang t\u00f4i xin ch\u1ecdn ra nh\u1eefng m\u1ea9u chuy\u1ec7n \u0111\u1eb7c s\u1eafc nh\u1ea5t, ph\u00f9 h\u1ee3p nh\u1ea5t \u0111\u1ec3 b\u1ea1n \u0111\u1ecdc c\u00f9ng tham kh\u1ea3o!<\/p>\n","protected":false},"excerpt":{"rendered":"<p>C\u00f9ng v\u1edbi s\u1ef1 ti\u1ebfn b\u1ed9 c\u1ee7a x\u00e3 h\u1ed9i, con ng\u01b0\u1eddi ng\u00e0y c\u00e0ng coi tr\u1ecdng gi\u00e1o d\u1ee5c h\u01a1n. \u0110\u1ed1i  \u1edbi \u0111\u1ee9a tr\u1ebb \u0111ang trong qu\u00e1 tr\u00ecnh ph\u00e1t tri\u1ec3n m\u00e0 n\u00f3i, con \u0111\u01b0\u1eddng t\u01b0\u01a1ng lai c\u1ee7a n\u00f3 ra sao, m\u1ed9t ph\u1ea7n r\u1ea5t l\u1edbn n\u1eb1m trong tay cha m\u1eb9. C\u00f3 c\u00e2u n\u00f3i: \u201cN\u1ebfu n\u00f3i v\u1eadn m\u1ec7nh c\u1ee7a qu\u1ed1c gia n\u1eb1m trong tay c\u00e1c nh\u00e0 ch\u00ednh tr\u1ecb th\u00ec kh\u00f4ng b\u1eb1ng n\u00f3i r\u1eb1ng v\u1eadn m\u1ec7nh qu\u1ed1c gia n\u1eb1m trong tay c\u00e1c b\u1eadc cha m\u1eb9, c\u00e1nh tay \u0111\u01b0a n\u00f4i c\u0169ng s\u1ebd \u0111\u01b0a t\u1edbi t\u01b0\u01a1ng lai c\u1ee7a nh\u00e2n lo\u1ea1i\u201d. Gia \u0111\u00ecnh l\u00e0 tr\u01b0\u1eddng h\u1ecdc \u0111\u1ea7u ti\u00ean c\u1ee7a tr\u1ebb, cha m\u1eb9 l\u00e0 ng\u01b0\u1eddi th\u1ea7y \u0111\u1ea7u ti\u00ean c\u1ee7a con c\u00e1i. C\u00e1ch gi\u00e1o d\u1ee5c s\u1ebd \u1ea3nh h\u01b0\u1edfng t\u1edbi c\u1ea3 m\u1ed9t \u0111\u1eddi \u0111\u1ee9a tr\u1ebb. Kinh nghi\u1ec7m th\u00e0nh c\u00f4ng trong gi\u00e1o d\u1ee5c gia \u0111\u00ecnh c\u1ee7a ng\u01b0\u1eddi Do Th\u00e1i r\u1ea5t \u0111\u00e1ng \u0111\u1ec3 m\u1ecdi ng\u01b0\u1eddi c\u00f9ng tham kh\u1ea3o, h\u1ecdc t\u1eadp v\u00e0 l\u00e0m theo.       <\/p>\n<p>Cu\u1ed1n s\u00e1ch kinh \u0111i\u1ec3n v\u1ec1 d\u1ea1y con v\u1edbi c\u00e1c v\u00ed d\u1ee5 th\u1ef1c ti\u1ec5n, sinh \u0111\u1ed9ng, th\u1ea5m nhu\u1ea7n tri\u1ebft \u00fd s\u00e2u s\u1eafc v\u00e0 th\u1ef1c t\u1ebf c\u1ee7a ng\u01b0\u1eddi Do Th\u00e1i \u0111\u00e3 t\u1eadp h\u1ee3p nh\u1eefng tinh t\u00fay tr\u00ed hu\u1ec7 c\u1ee7a ng\u01b0\u1eddi Do Th\u00e1i trong vi\u1ec7c gi\u00e1o d\u1ee5c, b\u1ed3i d\u01b0\u1ee1ng tr\u1ebb nh\u1ecf tr\u00ean c\u00e1c ph\u01b0\u01a1ng di\u1ec7n, \u0111\u01b0\u1ee3c c\u00e1c b\u1eadc cha m\u1eb9 kh\u1eafp n\u01a1i tr\u00ean th\u1ebf gi\u1edbi \u0111\u00f3n nh\u1eadn v\u00e0 h\u1ecdc t\u1eadp. Ch\u00fang t\u00f4i xin ch\u1ecdn ra nh\u1eefng m\u1ea9u chuy\u1ec7n \u0111\u1eb7c s\u1eafc nh\u1ea5t, ph\u00f9 h\u1ee3p nh\u1ea5t \u0111\u1ec3 b\u1ea1n \u0111\u1ecdc c\u00f9ng tham kh\u1ea3o!<\/p>\n","protected":false},"featured_media":17136,"template":"","meta":{"_acf_changed":false},"product_brand":[],"product_cat":[19],"product_tag":[],"class_list":{"0":"post-17137","1":"product","2":"type-product","3":"status-publish","4":"has-post-thumbnail","6":"product_cat-nuoi-day-con","8":"first","9":"outofstock","10":"taxable","11":"shipping-taxable","12":"purchasable","13":"product-type-simple"},"supplier_id":null,"supplier_sku":"","barcode":null,"atum_controlled":true,"out_stock_date":"2022-05-04 08:52:47","out_stock_threshold":null,"inheritable":false,"inbound_stock":0,"stock_on_hold":0,"sold_today":0,"sales_last_days":0,"reserved_stock":0,"customer_returns":0,"warehouse_damage":0,"lost_in_post":0,"other_logs":0,"out_stock_days":1365,"lost_sales":0,"has_location":false,"update_date":"2026-01-28T23:10:59","atum_locations":[],"atum_stock_status":"outofstock","restock_status":false,"low_stock_amount":"","sales_update_date":"2026-01-28T23:10:59","calc_backorders":null,"acf":{"publisher":{"ID":6321,"post_author":"1","post_date":"2021-03-15 01:33:55","post_date_gmt":"2021-03-14 23:33:55","post_content":"","post_title":"Minh Th\u1eafng","post_excerpt":"","post_status":"publish","comment_status":"closed","ping_status":"closed","post_password":"","post_name":"minh-thang","to_ping":"","pinged":"","post_modified":"2021-03-15 01:33:55","post_modified_gmt":"2021-03-14 23:33:55","post_content_filtered":"","post_parent":0,"guid":"https:\/\/sachviet.eu\/blog\/nha-phat-hanh\/minh-thang\/","menu_order":0,"post_type":"publisher","post_mime_type":"","comment_count":"0","filter":"raw"}},"_links":{"self":[{"href":"https:\/\/sachviet.eu\/en\/wp-json\/wp\/v2\/product\/17137","targetHints":{"allow":["GET"]}}],"collection":[{"href":"https:\/\/sachviet.eu\/en\/wp-json\/wp\/v2\/product"}],"about":[{"href":"https:\/\/sachviet.eu\/en\/wp-json\/wp\/v2\/types\/product"}],"wp:featuredmedia":[{"embeddable":true,"href":"https:\/\/sachviet.eu\/en\/wp-json\/wp\/v2\/media\/17136"}],"wp:attachment":[{"href":"https:\/\/sachviet.eu\/en\/wp-json\/wp\/v2\/media?parent=17137"}],"wp:term":[{"taxonomy":"product_brand","embeddable":true,"href":"https:\/\/sachviet.eu\/en\/wp-json\/wp\/v2\/product_brand?post=17137"},{"taxonomy":"product_cat","embeddable":true,"href":"https:\/\/sachviet.eu\/en\/wp-json\/wp\/v2\/product_cat?post=17137"},{"taxonomy":"product_tag","embeddable":true,"href":"https:\/\/sachviet.eu\/en\/wp-json\/wp\/v2\/product_tag?post=17137"}],"curies":[{"name":"wp","href":"https:\/\/api.w.org\/{rel}","templated":true}]}}