{"id":17135,"date":"2022-02-08T20:32:47","date_gmt":"2022-02-08T18:32:47","guid":{"rendered":"https:\/\/sachviet.eu\/shop\/combo-3-cuon-mien-trung-thuc-kien-tich\/"},"modified":"2022-05-21T18:36:52","modified_gmt":"2022-05-21T15:36:52","slug":"combo-3-cuon-mien-trung-thuc-kien-tich","status":"publish","type":"product","link":"https:\/\/sachviet.eu\/en\/shop\/combo-3-cuon-mien-trung-thuc-kien-tich\/","title":{"rendered":"Combo 3 Cu\u1ed1n: Mi\u1ec1n Trung &#8211; Th\u1ef1c, Ki\u1ebfn, T\u00edch"},"content":{"rendered":"<p>MI\u1ec0N TRUNG l\u00e0 d\u1ef1 \u00e1n minh h\u1ecda c\u00e1c n\u00e9t v\u0103n h\u00f3a \u0111\u1eb7c tr\u01b0ng t\u1ea1i 15 t\u1ec9nh v\u00e0 th\u00e0nh ph\u1ed1 \u1edf mi\u1ec1n Trung, \u0111\u01b0\u1ee3c th\u1ef1c hi\u1ec7n b\u1edfi nh\u1eefng ng\u01b0\u1eddi tr\u1ebb.<\/p>\n<p>MI\u1ec0N TRUNG g\u1ed3m 3 cu\u1ed1n: Th\u1ef1c &#8211; v\u1ec1 \u1ea9m th\u1ef1c, Ki\u1ebfn &#8211; v\u1ec1 ki\u1ebfn tr\u00fac, v\u00e0 T\u00edch &#8211; v\u1ec1 t\u00edch c\u1ed5.<\/p>\n<p>B\u1ed9 s\u00e1ch MI\u1ec0N TRUNG l\u00e0 c\u1ea9m nang nh\u1ecf d\u00e0nh cho nh\u1eefng ai c\u00f3 ni\u1ec1m \u0111am m\u00ea v\u1edbi \u1ea9m th\u1ef1c, ki\u1ebfn tr\u00fac, t\u00edch c\u1ed5 v\u00e0 c\u00f3 t\u00ecnh c\u1ea3m \u0111\u1eb7c bi\u1ec7t d\u00e0nh cho d\u1ea3i \u0111\u1ea5t mi\u1ec1n Trung. S\u00e1ch in m\u00e0u to\u00e0n b\u1ed9. \u0110\u00e2y l\u00e0 m\u1ed9t \u1ea5n ph\u1ea9m c\u1ee7a WINGS BOOKS &#8211; Th\u01b0\u01a1ng hi\u1ec7u s\u00e1ch tr\u1ebb c\u1ee7a NXB Kim \u0110\u1ed3ng.<\/p>\n","protected":false},"excerpt":{"rendered":"<p>MI\u1ec0N TRUNG l\u00e0 d\u1ef1 \u00e1n minh h\u1ecda c\u00e1c n\u00e9t v\u0103n h\u00f3a \u0111\u1eb7c tr\u01b0ng t\u1ea1i 15 t\u1ec9nh v\u00e0 th\u00e0nh ph\u1ed1 \u1edf mi\u1ec1n Trung, \u0111\u01b0\u1ee3c th\u1ef1c hi\u1ec7n b\u1edfi nh\u1eefng ng\u01b0\u1eddi tr\u1ebb.<\/p>\n<p>MI\u1ec0N TRUNG g\u1ed3m 3 cu\u1ed1n: Th\u1ef1c &#8211; v\u1ec1 \u1ea9m th\u1ef1c, Ki\u1ebfn &#8211; v\u1ec1 ki\u1ebfn tr\u00fac, v\u00e0 T\u00edch &#8211; v\u1ec1 t\u00edch c\u1ed5.<\/p>\n<p>B\u1ed9 s\u00e1ch MI\u1ec0N TRUNG l\u00e0 c\u1ea9m nang nh\u1ecf d\u00e0nh cho nh\u1eefng ai c\u00f3 ni\u1ec1m \u0111am m\u00ea v\u1edbi \u1ea9m th\u1ef1c, ki\u1ebfn tr\u00fac, t\u00edch c\u1ed5 v\u00e0 c\u00f3 t\u00ecnh c\u1ea3m \u0111\u1eb7c bi\u1ec7t d\u00e0nh cho d\u1ea3i \u0111\u1ea5t mi\u1ec1n Trung. S\u00e1ch in m\u00e0u to\u00e0n b\u1ed9. \u0110\u00e2y l\u00e0 m\u1ed9t \u1ea5n ph\u1ea9m c\u1ee7a WINGS BOOKS &#8211; Th\u01b0\u01a1ng hi\u1ec7u s\u00e1ch tr\u1ebb c\u1ee7a NXB Kim \u0110\u1ed3ng.<\/p>\n","protected":false},"featured_media":17132,"template":"","meta":{"_acf_changed":false},"product_brand":[],"product_cat":[15,47],"product_tag":[],"class_list":{"0":"post-17135","1":"product","2":"type-product","3":"status-publish","4":"has-post-thumbnail","6":"product_cat-sach-danh-cho-nguoi-lon","7":"product_cat-truyen-ngan-tan-van","9":"first","10":"outofstock","11":"taxable","12":"shipping-taxable","13":"purchasable","14":"product-type-simple"},"supplier_id":null,"supplier_sku":"","barcode":null,"atum_controlled":true,"out_stock_date":"2022-05-21 12:36:52","out_stock_threshold":null,"inheritable":false,"inbound_stock":0,"stock_on_hold":0,"sold_today":0,"sales_last_days":0,"reserved_stock":0,"customer_returns":0,"warehouse_damage":0,"lost_in_post":0,"other_logs":0,"out_stock_days":1348,"lost_sales":0,"has_location":false,"update_date":"2026-01-28T23:10:59","atum_locations":[],"atum_stock_status":"outofstock","restock_status":false,"low_stock_amount":"","sales_update_date":"2026-01-28T23:10:59","calc_backorders":null,"acf":{"publisher":{"ID":1454,"post_author":"1","post_date":"2021-02-17 01:11:34","post_date_gmt":"2021-02-16 23:11:34","post_content":"<!-- wp:flatsome\/uxbuilder -->\n<h1 style=\"text-align: center;\"><strong>Kim \u0110\u1ed3ng<\/strong><\/h1>\n[row]\n\n[col span=\"3\" span__sm=\"12\"]\n\n[ux_image id=\"1534\" image_size=\"medium\"]\n\n\n[\/col]\n[col span=\"9\" span__sm=\"12\"]\n\n<p>Nh\u00e0 xu\u1ea5t b\u1ea3n Kim \u0110\u1ed3ng tr\u1ef1c thu\u1ed9c Trung \u01b0\u01a1ng \u0110o\u00e0n TNCS H\u1ed3 Ch\u00ed Minh l\u00e0 Nh\u00e0 xu\u1ea5t b\u1ea3n t\u1ed5ng h\u1ee3p c\u00f3 ch\u1ee9c n\u0103ng xu\u1ea5t b\u1ea3n s\u00e1ch v\u00e0 v\u0103n h\u00f3a ph\u1ea9m ph\u1ee5c v\u1ee5 thi\u1ebfu nhi v\u00e0 c\u00e1c b\u1eadc ph\u1ee5 huynh trong c\u1ea3 n\u01b0\u1edbc, qu\u1ea3ng b\u00e1 v\u00e0 gi\u1edbi thi\u1ec7u v\u0103n h\u00f3a Vi\u1ec7t Nam ra th\u1ebf gi\u1edbi.<br \/>Nh\u00e0 xu\u1ea5t b\u1ea3n c\u00f3 nhi\u1ec7m v\u1ee5 t\u1ed5 ch\u1ee9c b\u1ea3n th\u1ea3o, bi\u00ean so\u1ea1n, bi\u00ean d\u1ecbch, xu\u1ea5t b\u1ea3n v\u00e0 ph\u00e1t h\u00e0nh c\u00e1c xu\u1ea5t b\u1ea3n ph\u1ea9m c\u00f3 n\u1ed9i dung: gi\u00e1o d\u1ee5c truy\u1ec1n th\u1ed1ng d\u00e2n t\u1ed9c, gi\u00e1o d\u1ee5c v\u1ec1 tri th\u1ee9c, ki\u1ebfn th\u1ee9c\u2026 tr\u00ean c\u00e1c l\u0129nh v\u1ef1c v\u0103n h\u1ecdc, ngh\u1ec7 thu\u1eadt, khoa h\u1ecdc k\u1ef9 thu\u1eadt nh\u1eb1m cung c\u1ea5p cho c\u00e1c em thi\u1ebfu nhi c\u0169ng nh\u01b0 c\u00e1c b\u1eadc ph\u1ee5 huynh c\u00e1c ki\u1ebfn th\u1ee9c c\u1ea7n thi\u1ebft trong cu\u1ed9c s\u1ed1ng, nh\u1eefng tinh hoa c\u1ee7a tri th\u1ee9c nh\u00e2n lo\u1ea1i nh\u1eb1m g\u00f3p ph\u1ea7n gi\u00e1o d\u1ee5c v\u00e0 h\u00ecnh th\u00e0nh nh\u00e2n c\u00e1ch th\u1ebf h\u1ec7 tr\u1ebb.<br \/>\u0110\u1ed1i t\u01b0\u1ee3ng ph\u1ee5c v\u1ee5 c\u1ee7a Nh\u00e0 xu\u1ea5t b\u1ea3n l\u00e0 c\u00e1c em t\u1eeb tu\u1ed5i nh\u00e0 tr\u1ebb m\u1eabu gi\u00e1o (1 \u0111\u1ebfn 5 tu\u1ed5i), nhi \u0111\u1ed3ng (6 \u0111\u1ebfn 9 tu\u1ed5i), thi\u1ebfu ni\u00ean (10 \u0111\u1ebfn 15 tu\u1ed5i) \u0111\u1ebfn c\u00e1c em tu\u1ed5i m\u1edbi l\u1edbn (16 \u0111\u1ebfn 18 tu\u1ed5i) v\u00e0 c\u00e1c b\u1eadc ph\u1ee5 huynh.<\/p>\n\n[\/col]\n\n[\/row]\n\n<!-- \/wp:flatsome\/uxbuilder -->","post_title":"Kim \u0110\u1ed3ng","post_excerpt":"","post_status":"publish","comment_status":"closed","ping_status":"closed","post_password":"","post_name":"kim-dong","to_ping":"","pinged":"","post_modified":"2021-02-17 01:31:56","post_modified_gmt":"2021-02-16 23:31:56","post_content_filtered":"","post_parent":0,"guid":"https:\/\/sachviet.eu\/nha-phat-hanh\/kim-dong\/","menu_order":0,"post_type":"publisher","post_mime_type":"","comment_count":"0","filter":"raw"}},"_links":{"self":[{"href":"https:\/\/sachviet.eu\/en\/wp-json\/wp\/v2\/product\/17135","targetHints":{"allow":["GET"]}}],"collection":[{"href":"https:\/\/sachviet.eu\/en\/wp-json\/wp\/v2\/product"}],"about":[{"href":"https:\/\/sachviet.eu\/en\/wp-json\/wp\/v2\/types\/product"}],"wp:featuredmedia":[{"embeddable":true,"href":"https:\/\/sachviet.eu\/en\/wp-json\/wp\/v2\/media\/17132"}],"wp:attachment":[{"href":"https:\/\/sachviet.eu\/en\/wp-json\/wp\/v2\/media?parent=17135"}],"wp:term":[{"taxonomy":"product_brand","embeddable":true,"href":"https:\/\/sachviet.eu\/en\/wp-json\/wp\/v2\/product_brand?post=17135"},{"taxonomy":"product_cat","embeddable":true,"href":"https:\/\/sachviet.eu\/en\/wp-json\/wp\/v2\/product_cat?post=17135"},{"taxonomy":"product_tag","embeddable":true,"href":"https:\/\/sachviet.eu\/en\/wp-json\/wp\/v2\/product_tag?post=17135"}],"curies":[{"name":"wp","href":"https:\/\/api.w.org\/{rel}","templated":true}]}}