{"id":17127,"date":"2022-02-08T20:31:32","date_gmt":"2022-02-08T18:31:32","guid":{"rendered":"https:\/\/sachviet.eu\/shop\/combo-6-cuon-be-hoi-me\/"},"modified":"2024-08-10T11:47:40","modified_gmt":"2024-08-10T08:47:40","slug":"combo-6-cuon-be-hoi-me","status":"publish","type":"product","link":"https:\/\/sachviet.eu\/en\/shop\/combo-6-cuon-be-hoi-me\/","title":{"rendered":"Combo 6 Cu\u1ed1n: B\u00e9 H\u1ecfi M\u1eb9"},"content":{"rendered":"<p>H\u1eb3n c\u00e1c b\u1eadc cha m\u1eb9 th\u00f4ng th\u00e1i \u0111\u1ec1u bi\u1ebft r\u1eb1ng, nh\u1eefng c\u00e2u h\u1ecfi ng\u1ed9 ngh\u0129nh c\u1ee7a em b\u00e9 nh\u00e0 m\u00ecnh tuy non n\u1edbt nh\u01b0ng \u1ea9n sau \u0111\u00f3 l\u00e0 c\u1ea3 m\u1ed9t qu\u00e1 tr\u00ecnh t\u01b0 duy c\u1ee7a con: m\u1eaft quan s\u00e1t, tai l\u1eafng nghe, \u00f3c so s\u00e1nh, k\u1ebft n\u1ed1i c\u00e1c d\u1eef ki\u1ec7n l\u1ea1i th\u00e0nh nh\u00f3m, s\u1eed d\u1ee5ng ng\u00f4n ng\u1eef \u0111\u1ec3 bi\u1ec3u \u0111\u1ea1t th\u00e0nh c\u00e2u h\u1ecfi\u2026 Nh\u01b0 v\u1eady, vi\u1ec7c b\u00e9 h\u1ecfi l\u00e0 d\u1ea5u hi\u1ec7u t\u1ed1t cho s\u1ef1 ph\u00e1t tri\u1ec3n tr\u00ed n\u00e3o c\u1ee7a b\u00e9, gi\u00fap b\u00e9 h\u00ecnh th\u00e0nh th\u00f3i quen t\u01b0 duy, s\u00e1ng t\u1ea1o t\u00edch c\u1ef1c.<\/p>\n<p>\u0110\u00f4i khi, b\u00e9 \u0111\u1eb7t c\u00e2u h\u1ecfi kh\u00f4ng ph\u1ea3i l\u00e0 c\u1ea7n \u0111\u01b0\u1ee3c tr\u1ea3 l\u1eddi, m\u00e0 \u0111\u01a1n gi\u1ea3n n\u00f3 l\u00e0 m\u1ed9t h\u00ecnh th\u1ee9c t\u00ecm ki\u1ebfm s\u1ef1 ch\u00fa \u00fd, quan t\u00e2m. V\u00ec th\u1ebf, cha m\u1eb9 h\u00e3y tr\u1ea3 l\u1eddi tr\u1ebb b\u1eb1ng t\u1ea5t c\u1ea3 s\u1ef1 y\u00eau th\u01b0\u01a1ng nh\u00e9!<\/p>\n<p>6 cu\u1ed1n s\u00e1ch trong b\u1ed9 B\u00c9 H\u1eceI M\u1eb8 l\u00e0 nh\u1eefng c\u00e2u h\u1ecfi d\u1ec5 th\u01b0\u01a1ng c\u1ee7a b\u00e9 v\u00e0 c\u00e2u tr\u1ea3 l\u1eddi \u1ea5m \u00e1p c\u1ee7a m\u1eb9. S\u1ebd th\u1eadt th\u00fa v\u1ecb khi m\u1eb9 c\u00f9ng b\u00e9 kh\u00e1m ph\u00e1 nh\u1eefng \u0111i\u1ec1u ng\u1ecdt ng\u00e0o y\u00eau th\u01b0\u01a1ng qua nh\u1eefng trang s\u00e1ch n\u00e0y!<\/p>\n<p>C\u00f9ng t\u00ecm \u0111\u1ecdc b\u1ed9 s\u00e1ch B\u00c9 H\u1eceI M\u1eb8 (6 cu\u1ed1n):<\/p>\n<p>B\u00e9 H\u1ecfi M\u1eb9: M\u1eb9 \u01a0i, T\u1ebft M\u00e0u G\u00ec?<br \/>\nB\u00e9 H\u1ecfi M\u1eb9: M\u1eb9 \u01a0i, Nh\u00e0 L\u00e0 G\u00ec?<br \/>\nB\u00e9 H\u1ecfi M\u1eb9: Ti\u1ebfng G\u00ec L\u00e0 Hay Nh\u1ea5t?<br \/>\nB\u00e9 H\u1ecfi M\u1eb9: M\u00f9i G\u00ec L\u00e0 Th\u01a1m Nh\u1ea5t?<br \/>\nB\u00e9 H\u1ecfi M\u1eb9: \u0110i\u1ec1u G\u00ec M\u1ec1m Nh\u1ea5t \u0110\u1eddi?<br \/>\nB\u00e9 H\u1ecfi M\u1eb9: C\u00e1i G\u00ec L\u00e0 S\u00e1ng Nh\u1ea5t?<\/p>\n","protected":false},"excerpt":{"rendered":"<p>H\u1eb3n c\u00e1c b\u1eadc cha m\u1eb9 th\u00f4ng th\u00e1i \u0111\u1ec1u bi\u1ebft r\u1eb1ng, nh\u1eefng c\u00e2u h\u1ecfi ng\u1ed9 ngh\u0129nh c\u1ee7a em b\u00e9 nh\u00e0 m\u00ecnh tuy non n\u1edbt nh\u01b0ng \u1ea9n sau \u0111\u00f3 l\u00e0 c\u1ea3 m\u1ed9t qu\u00e1 tr\u00ecnh t\u01b0 duy c\u1ee7a con: m\u1eaft quan s\u00e1t, tai l\u1eafng nghe, \u00f3c so s\u00e1nh, k\u1ebft n\u1ed1i c\u00e1c d\u1eef ki\u1ec7n l\u1ea1i th\u00e0nh nh\u00f3m, s\u1eed d\u1ee5ng ng\u00f4n ng\u1eef \u0111\u1ec3 bi\u1ec3u \u0111\u1ea1t th\u00e0nh c\u00e2u h\u1ecfi\u2026 Nh\u01b0 v\u1eady, vi\u1ec7c b\u00e9 h\u1ecfi l\u00e0 d\u1ea5u hi\u1ec7u t\u1ed1t cho s\u1ef1 ph\u00e1t tri\u1ec3n tr\u00ed n\u00e3o c\u1ee7a b\u00e9, gi\u00fap b\u00e9 h\u00ecnh th\u00e0nh th\u00f3i quen t\u01b0 duy, s\u00e1ng t\u1ea1o t\u00edch c\u1ef1c.<\/p>\n<p>\u0110\u00f4i khi, b\u00e9 \u0111\u1eb7t c\u00e2u h\u1ecfi kh\u00f4ng ph\u1ea3i l\u00e0 c\u1ea7n \u0111\u01b0\u1ee3c tr\u1ea3 l\u1eddi, m\u00e0 \u0111\u01a1n gi\u1ea3n n\u00f3 l\u00e0 m\u1ed9t h\u00ecnh th\u1ee9c t\u00ecm ki\u1ebfm s\u1ef1 ch\u00fa \u00fd, quan t\u00e2m. V\u00ec th\u1ebf, cha m\u1eb9 h\u00e3y tr\u1ea3 l\u1eddi tr\u1ebb b\u1eb1ng t\u1ea5t c\u1ea3 s\u1ef1 y\u00eau th\u01b0\u01a1ng nh\u00e9!<\/p>\n<p>6 cu\u1ed1n s\u00e1ch trong b\u1ed9 B\u00c9 H\u1eceI M\u1eb8 l\u00e0 nh\u1eefng c\u00e2u h\u1ecfi d\u1ec5 th\u01b0\u01a1ng c\u1ee7a b\u00e9 v\u00e0 c\u00e2u tr\u1ea3 l\u1eddi \u1ea5m \u00e1p c\u1ee7a m\u1eb9. S\u1ebd th\u1eadt th\u00fa v\u1ecb khi m\u1eb9 c\u00f9ng b\u00e9 kh\u00e1m ph\u00e1 nh\u1eefng \u0111i\u1ec1u ng\u1ecdt ng\u00e0o y\u00eau th\u01b0\u01a1ng qua nh\u1eefng trang s\u00e1ch n\u00e0y!<\/p>\n<p>C\u00f9ng t\u00ecm \u0111\u1ecdc b\u1ed9 s\u00e1ch B\u00c9 H\u1eceI M\u1eb8 (6 cu\u1ed1n):<\/p>\n<p>B\u00e9 H\u1ecfi M\u1eb9: M\u1eb9 \u01a0i, T\u1ebft M\u00e0u G\u00ec?<br \/>\nB\u00e9 H\u1ecfi M\u1eb9: M\u1eb9 \u01a0i, Nh\u00e0 L\u00e0 G\u00ec?<br \/>\nB\u00e9 H\u1ecfi M\u1eb9: Ti\u1ebfng G\u00ec L\u00e0 Hay Nh\u1ea5t?<br \/>\nB\u00e9 H\u1ecfi M\u1eb9: M\u00f9i G\u00ec L\u00e0 Th\u01a1m Nh\u1ea5t?<br \/>\nB\u00e9 H\u1ecfi M\u1eb9: \u0110i\u1ec1u G\u00ec M\u1ec1m Nh\u1ea5t \u0110\u1eddi?<br \/>\nB\u00e9 H\u1ecfi M\u1eb9: C\u00e1i G\u00ec L\u00e0 S\u00e1ng Nh\u1ea5t?<\/p>\n","protected":false},"featured_media":17126,"template":"","meta":{"_acf_changed":false},"product_brand":[],"product_cat":[24,25,17],"product_tag":[],"class_list":{"0":"post-17127","1":"product","2":"type-product","3":"status-publish","4":"has-post-thumbnail","6":"product_cat-nha-tre-mau-giao-0-tuoi-6-tuoi","7":"product_cat-nhi-dong-6-tuoi-12-tuoi","8":"product_cat-sach-danh-cho-cac-be","10":"first","11":"outofstock","12":"featured","13":"taxable","14":"shipping-taxable","15":"purchasable","16":"product-type-simple"},"supplier_id":null,"supplier_sku":"","barcode":null,"atum_controlled":true,"out_stock_date":"2024-08-10 08:47:40","out_stock_threshold":null,"inheritable":false,"inbound_stock":0,"stock_on_hold":0,"sold_today":0,"sales_last_days":0,"reserved_stock":0,"customer_returns":0,"warehouse_damage":0,"lost_in_post":0,"other_logs":0,"out_stock_days":536,"lost_sales":0,"has_location":false,"update_date":"2026-01-28T23:11:19","atum_locations":[],"atum_stock_status":"outofstock","restock_status":false,"low_stock_amount":"","sales_update_date":"2026-01-28T23:11:19","calc_backorders":null,"acf":{"publisher":{"ID":1454,"post_author":"1","post_date":"2021-02-17 01:11:34","post_date_gmt":"2021-02-16 23:11:34","post_content":"<!-- wp:flatsome\/uxbuilder -->\n<h1 style=\"text-align: center;\"><strong>Kim \u0110\u1ed3ng<\/strong><\/h1>\n[row]\n\n[col span=\"3\" span__sm=\"12\"]\n\n[ux_image id=\"1534\" image_size=\"medium\"]\n\n\n[\/col]\n[col span=\"9\" span__sm=\"12\"]\n\n<p>Nh\u00e0 xu\u1ea5t b\u1ea3n Kim \u0110\u1ed3ng tr\u1ef1c thu\u1ed9c Trung \u01b0\u01a1ng \u0110o\u00e0n TNCS H\u1ed3 Ch\u00ed Minh l\u00e0 Nh\u00e0 xu\u1ea5t b\u1ea3n t\u1ed5ng h\u1ee3p c\u00f3 ch\u1ee9c n\u0103ng xu\u1ea5t b\u1ea3n s\u00e1ch v\u00e0 v\u0103n h\u00f3a ph\u1ea9m ph\u1ee5c v\u1ee5 thi\u1ebfu nhi v\u00e0 c\u00e1c b\u1eadc ph\u1ee5 huynh trong c\u1ea3 n\u01b0\u1edbc, qu\u1ea3ng b\u00e1 v\u00e0 gi\u1edbi thi\u1ec7u v\u0103n h\u00f3a Vi\u1ec7t Nam ra th\u1ebf gi\u1edbi.<br \/>Nh\u00e0 xu\u1ea5t b\u1ea3n c\u00f3 nhi\u1ec7m v\u1ee5 t\u1ed5 ch\u1ee9c b\u1ea3n th\u1ea3o, bi\u00ean so\u1ea1n, bi\u00ean d\u1ecbch, xu\u1ea5t b\u1ea3n v\u00e0 ph\u00e1t h\u00e0nh c\u00e1c xu\u1ea5t b\u1ea3n ph\u1ea9m c\u00f3 n\u1ed9i dung: gi\u00e1o d\u1ee5c truy\u1ec1n th\u1ed1ng d\u00e2n t\u1ed9c, gi\u00e1o d\u1ee5c v\u1ec1 tri th\u1ee9c, ki\u1ebfn th\u1ee9c\u2026 tr\u00ean c\u00e1c l\u0129nh v\u1ef1c v\u0103n h\u1ecdc, ngh\u1ec7 thu\u1eadt, khoa h\u1ecdc k\u1ef9 thu\u1eadt nh\u1eb1m cung c\u1ea5p cho c\u00e1c em thi\u1ebfu nhi c\u0169ng nh\u01b0 c\u00e1c b\u1eadc ph\u1ee5 huynh c\u00e1c ki\u1ebfn th\u1ee9c c\u1ea7n thi\u1ebft trong cu\u1ed9c s\u1ed1ng, nh\u1eefng tinh hoa c\u1ee7a tri th\u1ee9c nh\u00e2n lo\u1ea1i nh\u1eb1m g\u00f3p ph\u1ea7n gi\u00e1o d\u1ee5c v\u00e0 h\u00ecnh th\u00e0nh nh\u00e2n c\u00e1ch th\u1ebf h\u1ec7 tr\u1ebb.<br \/>\u0110\u1ed1i t\u01b0\u1ee3ng ph\u1ee5c v\u1ee5 c\u1ee7a Nh\u00e0 xu\u1ea5t b\u1ea3n l\u00e0 c\u00e1c em t\u1eeb tu\u1ed5i nh\u00e0 tr\u1ebb m\u1eabu gi\u00e1o (1 \u0111\u1ebfn 5 tu\u1ed5i), nhi \u0111\u1ed3ng (6 \u0111\u1ebfn 9 tu\u1ed5i), thi\u1ebfu ni\u00ean (10 \u0111\u1ebfn 15 tu\u1ed5i) \u0111\u1ebfn c\u00e1c em tu\u1ed5i m\u1edbi l\u1edbn (16 \u0111\u1ebfn 18 tu\u1ed5i) v\u00e0 c\u00e1c b\u1eadc ph\u1ee5 huynh.<\/p>\n\n[\/col]\n\n[\/row]\n\n<!-- \/wp:flatsome\/uxbuilder -->","post_title":"Kim \u0110\u1ed3ng","post_excerpt":"","post_status":"publish","comment_status":"closed","ping_status":"closed","post_password":"","post_name":"kim-dong","to_ping":"","pinged":"","post_modified":"2021-02-17 01:31:56","post_modified_gmt":"2021-02-16 23:31:56","post_content_filtered":"","post_parent":0,"guid":"https:\/\/sachviet.eu\/nha-phat-hanh\/kim-dong\/","menu_order":0,"post_type":"publisher","post_mime_type":"","comment_count":"0","filter":"raw"}},"_links":{"self":[{"href":"https:\/\/sachviet.eu\/en\/wp-json\/wp\/v2\/product\/17127","targetHints":{"allow":["GET"]}}],"collection":[{"href":"https:\/\/sachviet.eu\/en\/wp-json\/wp\/v2\/product"}],"about":[{"href":"https:\/\/sachviet.eu\/en\/wp-json\/wp\/v2\/types\/product"}],"wp:featuredmedia":[{"embeddable":true,"href":"https:\/\/sachviet.eu\/en\/wp-json\/wp\/v2\/media\/17126"}],"wp:attachment":[{"href":"https:\/\/sachviet.eu\/en\/wp-json\/wp\/v2\/media?parent=17127"}],"wp:term":[{"taxonomy":"product_brand","embeddable":true,"href":"https:\/\/sachviet.eu\/en\/wp-json\/wp\/v2\/product_brand?post=17127"},{"taxonomy":"product_cat","embeddable":true,"href":"https:\/\/sachviet.eu\/en\/wp-json\/wp\/v2\/product_cat?post=17127"},{"taxonomy":"product_tag","embeddable":true,"href":"https:\/\/sachviet.eu\/en\/wp-json\/wp\/v2\/product_tag?post=17127"}],"curies":[{"name":"wp","href":"https:\/\/api.w.org\/{rel}","templated":true}]}}