{"id":17125,"date":"2022-02-08T20:30:54","date_gmt":"2022-02-08T18:30:54","guid":{"rendered":"https:\/\/sachviet.eu\/shop\/cha-me-nhat-day-con-lang-nghe-hon-la-la-mang\/"},"modified":"2022-05-28T11:52:22","modified_gmt":"2022-05-28T08:52:22","slug":"cha-me-nhat-day-con-lang-nghe-hon-la-la-mang","status":"publish","type":"product","link":"https:\/\/sachviet.eu\/en\/shop\/cha-me-nhat-day-con-lang-nghe-hon-la-la-mang\/","title":{"rendered":"Cha M\u1eb9 Nh\u1eadt D\u1ea1y Con L\u1eafng Nghe H\u01a1n L\u00e0 La M\u1eafng"},"content":{"rendered":"<p>H\u00e3y l\u00e0 m\u1ed9t ng\u01b0\u1eddi m\u1eb9 H\u1ea1nh ph\u00fac<\/p>\n<p>&#8230; h\u01a1n l\u00e0 m\u1ed9t ng\u01b0\u1eddi m\u1eb9 T\u1ed1t hay m\u1ed9t ng\u01b0\u1eddi m\u1eb9 &#8220;\u0110a n\u0103ng&#8221;!<\/p>\n<p>Trong th\u1eddi \u0111\u1ea1i ng\u00e0y nay, nhi\u1ec1u b\u1eadc m\u1eb9 \u0111ang b\u1ecb tr\u00f3i bu\u1ed9c gi\u1eefa nh\u1eefng quan \u0111i\u1ec3m v\u1ec1 &#8220;t\u1ed1t &#8211; x\u1ea5u&#8221;, &#8220;\u0111\u00fang &#8211; sai&#8221;; h\u1ecd c\u0169ng b\u1ecb b\u1ed1i r\u1ed1i tr\u01b0\u1edbc v\u00f4 v\u00e0n nh\u1eefng l\u1eddi khuy\u00ean b\u1ea3o t\u1eeb qu\u00e1 nhi\u1ec1u ngu\u1ed3n &#8220;h\u00e3y c\u00f9ng l\u00e0m theo c\u00e1ch n\u00e0y&#8230;&#8221;; &#8220;ph\u1ea3i d\u1ea1y con theo c\u00e1ch n\u00e0y m\u1edbi \u0111\u00fang&#8230;&#8221;. Hi\u1ec7n t\u1ea1i, l\u00e0 ng\u01b0\u1eddi b\u1ea3o h\u1ed9 cho nh\u1eefng b\u00e0 m\u1eb9 \u0111ang c\u1ea3m th\u1ea5y m\u00ecnh qu\u00e1 s\u1ee9c trong vi\u1ec7c nu\u00f4i d\u1ea1y con v\u00e0 gi\u00fap h\u1ecd c\u1ea3m th\u1ea5y nh\u1eb9 nh\u00e0ng tho\u1ea3i m\u00e1i h\u01a1n, t\u00f4i th\u1ef1c s\u1ef1 ngh\u0129 r\u1eb1ng, vi\u1ec7c nu\u00f4i d\u1ea1y con kh\u00f4ng c\u1ea7n thi\u1ebft ph\u1ea3i chu\u1ea9n x\u00e1c \u0111\u1ebfn t\u1eebng milimet nh\u01b0 th\u1ebf.<\/p>\n<p>B\u1ea1n h\u00e3y nu\u00f4i d\u1ea1y con theo c\u00e1ch b\u00ecnh th\u01b0\u1eddng nh\u1ea5t, \u0111\u1ec3 tr\u1ebb l\u1edbn l\u00ean theo c\u00e1ch b\u00ecnh th\u01b0\u1eddng nh\u1ea5t, th\u1ebf l\u00e0 \u0111\u01b0\u1ee3c. Ch\u1ec9 c\u1ea7n th\u1ea3 l\u1ecfng m\u1ed9t ch\u00fat th\u00f4i th\u00ec t\u00e2m tr\u1ea1ng c\u1ee7a ng\u01b0\u1eddi m\u1eb9 s\u1ebd tho\u1ea3i m\u00e1i h\u01a1n r\u1ea5t nhi\u1ec1u. \u0110i\u1ec1u quan tr\u1ecdng nh\u1ea5t kh\u00f4ng ph\u1ea3i l\u00e0 \u0111\u00fang hay sai, m\u00e0 l\u00e0 b\u1ea3n th\u00e2n b\u1ea1n mu\u1ed1n l\u00e0m nh\u01b0 th\u1ebf n\u00e0o. V\u00ec th\u1ebf, h\u00e3y l\u1eafng nghe con b\u1ea1n, v\u00e0 h\u00e3y l\u1eafng nghe ch\u00ednh m\u00ecnh&#8230;&#8221;<\/p>\n<p>Cu\u1ed1n s\u00e1ch Cha M\u1eb9 Nh\u1eadt D\u1ea1y Con L\u1eafng Nghe H\u01a1n L\u00e0 La M\u1eafng n\u00e0y \u0111\u01b0\u1ee3c t\u00e1c gi\u1ea3 Mika Wakuda t\u1ed5ng h\u1ee3p t\u1eeb nh\u1eefng bu\u1ed5i n\u00f3i chuy\u1ec7n, nh\u1eefng kinh nghi\u1ec7m, nh\u1eefng nghi\u00ean c\u1ee9u v\u00e0 c\u1ea3 nh\u1eefng tr\u0103n tr\u1edf c\u1ee7a h\u00e0ng ng\u00e0n ng\u01b0\u1eddi m\u1eb9 \u0111\u00e3 t\u1edbi tham d\u1ef1 c\u00e1c bu\u1ed5i n\u00f3i chuy\u1ec7n, t\u01b0 v\u1ea5n c\u00f9ng b\u00e0.<\/p>\n<p>S\u00e1ch g\u1ed3m 3 ch\u01b0\u01a1ng c\u00f3 k\u00e8m nh\u1eefng tranh minh h\u1ecda c\u00e1c t\u00ecnh hu\u1ed1ng c\u1ee5 th\u1ec3 s\u1ebd gi\u00fap c\u00e1c b\u1eadc cha m\u1eb9 d\u1ec5 d\u00e0ng k\u1ebft n\u1ed1i, t\u01b0\u01a1ng t\u00e1c v\u1edbi con m\u00ecnh h\u01a1n.<\/p>\n","protected":false},"excerpt":{"rendered":"<p>H\u00e3y l\u00e0 m\u1ed9t ng\u01b0\u1eddi m\u1eb9 H\u1ea1nh ph\u00fac<\/p>\n<p>&#8230; h\u01a1n l\u00e0 m\u1ed9t ng\u01b0\u1eddi m\u1eb9 T\u1ed1t hay m\u1ed9t ng\u01b0\u1eddi m\u1eb9 &#8220;\u0110a n\u0103ng&#8221;!<\/p>\n<p>Trong th\u1eddi \u0111\u1ea1i ng\u00e0y nay, nhi\u1ec1u b\u1eadc m\u1eb9 \u0111ang b\u1ecb tr\u00f3i bu\u1ed9c gi\u1eefa nh\u1eefng quan \u0111i\u1ec3m v\u1ec1 &#8220;t\u1ed1t &#8211; x\u1ea5u&#8221;, &#8220;\u0111\u00fang &#8211; sai&#8221;; h\u1ecd c\u0169ng b\u1ecb b\u1ed1i r\u1ed1i tr\u01b0\u1edbc v\u00f4 v\u00e0n nh\u1eefng l\u1eddi khuy\u00ean b\u1ea3o t\u1eeb qu\u00e1 nhi\u1ec1u ngu\u1ed3n &#8220;h\u00e3y c\u00f9ng l\u00e0m theo c\u00e1ch n\u00e0y&#8230;&#8221;; &#8220;ph\u1ea3i d\u1ea1y con theo c\u00e1ch n\u00e0y m\u1edbi \u0111\u00fang&#8230;&#8221;. Hi\u1ec7n t\u1ea1i, l\u00e0 ng\u01b0\u1eddi b\u1ea3o h\u1ed9 cho nh\u1eefng b\u00e0 m\u1eb9 \u0111ang c\u1ea3m th\u1ea5y m\u00ecnh qu\u00e1 s\u1ee9c trong vi\u1ec7c nu\u00f4i d\u1ea1y con v\u00e0 gi\u00fap h\u1ecd c\u1ea3m th\u1ea5y nh\u1eb9 nh\u00e0ng tho\u1ea3i m\u00e1i h\u01a1n, t\u00f4i th\u1ef1c s\u1ef1 ngh\u0129 r\u1eb1ng, vi\u1ec7c nu\u00f4i d\u1ea1y con kh\u00f4ng c\u1ea7n thi\u1ebft ph\u1ea3i chu\u1ea9n x\u00e1c \u0111\u1ebfn t\u1eebng milimet nh\u01b0 th\u1ebf.<\/p>\n<p>B\u1ea1n h\u00e3y nu\u00f4i d\u1ea1y con theo c\u00e1ch b\u00ecnh th\u01b0\u1eddng nh\u1ea5t, \u0111\u1ec3 tr\u1ebb l\u1edbn l\u00ean theo c\u00e1ch b\u00ecnh th\u01b0\u1eddng nh\u1ea5t, th\u1ebf l\u00e0 \u0111\u01b0\u1ee3c. Ch\u1ec9 c\u1ea7n th\u1ea3 l\u1ecfng m\u1ed9t ch\u00fat th\u00f4i th\u00ec t\u00e2m tr\u1ea1ng c\u1ee7a ng\u01b0\u1eddi m\u1eb9 s\u1ebd tho\u1ea3i m\u00e1i h\u01a1n r\u1ea5t nhi\u1ec1u. \u0110i\u1ec1u quan tr\u1ecdng nh\u1ea5t kh\u00f4ng ph\u1ea3i l\u00e0 \u0111\u00fang hay sai, m\u00e0 l\u00e0 b\u1ea3n th\u00e2n b\u1ea1n mu\u1ed1n l\u00e0m nh\u01b0 th\u1ebf n\u00e0o. V\u00ec th\u1ebf, h\u00e3y l\u1eafng nghe con b\u1ea1n, v\u00e0 h\u00e3y l\u1eafng nghe ch\u00ednh m\u00ecnh&#8230;&#8221;<\/p>\n<p>Cu\u1ed1n s\u00e1ch Cha M\u1eb9 Nh\u1eadt D\u1ea1y Con L\u1eafng Nghe H\u01a1n L\u00e0 La M\u1eafng n\u00e0y \u0111\u01b0\u1ee3c t\u00e1c gi\u1ea3 Mika Wakuda t\u1ed5ng h\u1ee3p t\u1eeb nh\u1eefng bu\u1ed5i n\u00f3i chuy\u1ec7n, nh\u1eefng kinh nghi\u1ec7m, nh\u1eefng nghi\u00ean c\u1ee9u v\u00e0 c\u1ea3 nh\u1eefng tr\u0103n tr\u1edf c\u1ee7a h\u00e0ng ng\u00e0n ng\u01b0\u1eddi m\u1eb9 \u0111\u00e3 t\u1edbi tham d\u1ef1 c\u00e1c bu\u1ed5i n\u00f3i chuy\u1ec7n, t\u01b0 v\u1ea5n c\u00f9ng b\u00e0.<\/p>\n<p>S\u00e1ch g\u1ed3m 3 ch\u01b0\u01a1ng c\u00f3 k\u00e8m nh\u1eefng tranh minh h\u1ecda c\u00e1c t\u00ecnh hu\u1ed1ng c\u1ee5 th\u1ec3 s\u1ebd gi\u00fap c\u00e1c b\u1eadc cha m\u1eb9 d\u1ec5 d\u00e0ng k\u1ebft n\u1ed1i, t\u01b0\u01a1ng t\u00e1c v\u1edbi con m\u00ecnh h\u01a1n.<\/p>\n","protected":false},"featured_media":17124,"template":"","meta":{"_acf_changed":false},"product_brand":[],"product_cat":[19],"product_tag":[],"class_list":{"0":"post-17125","1":"product","2":"type-product","3":"status-publish","4":"has-post-thumbnail","6":"product_cat-nuoi-day-con","8":"first","9":"outofstock","10":"taxable","11":"shipping-taxable","12":"purchasable","13":"product-type-simple"},"supplier_id":null,"supplier_sku":"","barcode":null,"atum_controlled":true,"out_stock_date":"2022-05-28 05:52:22","out_stock_threshold":null,"inheritable":false,"inbound_stock":0,"stock_on_hold":0,"sold_today":0,"sales_last_days":0,"reserved_stock":0,"customer_returns":0,"warehouse_damage":0,"lost_in_post":0,"other_logs":0,"out_stock_days":1341,"lost_sales":0,"has_location":false,"update_date":"2026-01-28T23:10:59","atum_locations":[],"atum_stock_status":"outofstock","restock_status":false,"low_stock_amount":"","sales_update_date":"2026-01-28T23:10:59","calc_backorders":null,"acf":{"publisher":{"ID":1453,"post_author":"1","post_date":"2021-02-17 01:11:32","post_date_gmt":"2021-02-16 23:11:32","post_content":"<!-- wp:flatsome\/uxbuilder -->\n<h1 style=\"text-align: center;\"><strong>Qu\u1ea3ng V\u0103n<\/strong><\/h1>\n[row]\n\n[col span=\"6\" span__sm=\"12\"]\n\n[ux_image id=\"1552\" image_size=\"medium\"]\n\n\n[\/col]\n[col span=\"6\" span__sm=\"12\"]\n\n<p><strong>Quangvanbooks<\/strong><br \/>Qu\u1ea3ng V\u0103n l\u00e0 t\u1ed5 h\u1ee3p xu\u1ea5t b\u1ea3n, gi\u00e1o d\u1ee5c v\u00e0 nh\u01b0\u1ee3ng quy\u1ec1n h\u00e0ng \u0111\u1ea7u trong ng\u00e0nh c\u00f4ng nghi\u1ec7p s\u00e1ng t\u1ea1o v\u1edbi c\u00e1c th\u01b0\u01a1ng hi\u1ec7u nh\u00e1nh:<\/p>\n<p>Quangvanbooks - Th\u01b0\u01a1ng hi\u1ec7u s\u00e1ch v\u0103n h\u00f3a gi\u00e1o d\u1ee5c v\u00e0 v\u0103n h\u00f3a gi\u1ea3i tr\u00ed<br \/>Ehomebooks - Th\u01b0\u01a1ng hi\u1ec7u s\u00e1ch gi\u00e1o d\u1ee5c gia \u0111\u00ecnh<br \/>Sakurabooks - Th\u01b0\u01a1ng hi\u1ec7u s\u00e1ch Nh\u1eadt B\u1ea3n<br \/>IPERbooks - Th\u01b0\u01a1ng hi\u1ec7u s\u00e1ch gi\u00e1o d\u1ee5c nh\u00e0 tr\u01b0\u1eddng<br \/>IPER - Vi\u1ec7n nghi\u00ean c\u1ee9u xu\u1ea5t b\u1ea3n v\u00e0 gi\u00e1o d\u1ee5c IPER<\/p>\n<p><strong>T\u1ea7m nh\u00ecn<\/strong><br \/>Tr\u1edf th\u00e0nh th\u01b0\u01a1ng hi\u1ec7u s\u00e1ch v\u0103n h\u00f3a gi\u00e1o d\u1ee5c v\u00e0 v\u0103n h\u00f3a gi\u1ea3i tr\u00ed t\u1ed1t nh\u1ea5t v\u00e0 \u0111a d\u1ea1ng nh\u1ea5t Vi\u1ec7t Nam.<\/p>\n<p><br \/><strong>S\u1ee9 m\u1ec7nh<\/strong><br \/>Mang \u0111\u1ebfn nh\u1eefng cu\u1ed1n s\u00e1ch v\u0103n h\u00f3a gi\u00e1o d\u1ee5c v\u00e0 v\u0103n h\u00f3a gi\u1ea3i tr\u00ed \u0111\u1ebfn v\u1edbi \u0111\u1ed9c gi\u1ea3 Vi\u1ec7t Nam v\u00e0 th\u1ebf gi\u1edbi nh\u1eb1m gi\u00fap \u0111\u1ed9c gi\u1ea3 ph\u00e1t tri\u1ec3n b\u1ea3n th\u00e2n, gi\u00e1o d\u1ee5c, gi\u1ea3i tr\u00ed v\u00e0 khai s\u00e1ng nh\u1eb1m x\u00e2y d\u1ef1ng x\u00e3 h\u1ed9i th\u1ecbnh v\u01b0\u1ee3ng, h\u1ea1nh ph\u00fac.<\/p>\n<p><strong>Gi\u00e1 tr\u1ecb c\u1ed1t l\u00f5i<\/strong><\/p>\n<p>S\u00e1ng t\u1ea1o - Linh ho\u1ea1t - H\u1ee3p t\u00e1c - Ch\u00ednh tr\u1ef1c - Nhi\u1ec7t huy\u1ebft - C\u00e2n b\u1eb1ng - H\u1ea1nh ph\u00fac<\/p>\n\n[\/col]\n\n[\/row]\n\n<!-- \/wp:flatsome\/uxbuilder -->","post_title":"Qu\u1ea3ng V\u0103n","post_excerpt":"","post_status":"publish","comment_status":"closed","ping_status":"closed","post_password":"","post_name":"quang-van","to_ping":"","pinged":"","post_modified":"2021-02-17 01:26:44","post_modified_gmt":"2021-02-16 23:26:44","post_content_filtered":"","post_parent":0,"guid":"https:\/\/sachviet.eu\/nha-phat-hanh\/quang-van\/","menu_order":0,"post_type":"publisher","post_mime_type":"","comment_count":"0","filter":"raw"}},"_links":{"self":[{"href":"https:\/\/sachviet.eu\/en\/wp-json\/wp\/v2\/product\/17125","targetHints":{"allow":["GET"]}}],"collection":[{"href":"https:\/\/sachviet.eu\/en\/wp-json\/wp\/v2\/product"}],"about":[{"href":"https:\/\/sachviet.eu\/en\/wp-json\/wp\/v2\/types\/product"}],"wp:featuredmedia":[{"embeddable":true,"href":"https:\/\/sachviet.eu\/en\/wp-json\/wp\/v2\/media\/17124"}],"wp:attachment":[{"href":"https:\/\/sachviet.eu\/en\/wp-json\/wp\/v2\/media?parent=17125"}],"wp:term":[{"taxonomy":"product_brand","embeddable":true,"href":"https:\/\/sachviet.eu\/en\/wp-json\/wp\/v2\/product_brand?post=17125"},{"taxonomy":"product_cat","embeddable":true,"href":"https:\/\/sachviet.eu\/en\/wp-json\/wp\/v2\/product_cat?post=17125"},{"taxonomy":"product_tag","embeddable":true,"href":"https:\/\/sachviet.eu\/en\/wp-json\/wp\/v2\/product_tag?post=17125"}],"curies":[{"name":"wp","href":"https:\/\/api.w.org\/{rel}","templated":true}]}}