{"id":17121,"date":"2022-02-08T20:30:21","date_gmt":"2022-02-08T18:30:21","guid":{"rendered":"https:\/\/sachviet.eu\/shop\/combo-6-cuon-tu-buoc-chan-chap-chung\/"},"modified":"2022-05-19T15:11:38","modified_gmt":"2022-05-19T12:11:38","slug":"combo-6-cuon-tu-buoc-chan-chap-chung","status":"publish","type":"product","link":"https:\/\/sachviet.eu\/en\/shop\/combo-6-cuon-tu-buoc-chan-chap-chung\/","title":{"rendered":"Combo 6 Cu\u1ed1n: T\u1eeb B\u01b0\u1edbc Ch\u00e2n Ch\u1eadp Ch\u1eefng"},"content":{"rendered":"<p>M\u00f4 T\u1ea3 S\u1ea3n Ph\u1ea9m<br \/>\nM\u1ed7i em b\u00e9 \u0111\u1ec1u c\u00f3 nh\u1eefng l\u1ea7n \u0111\u1ea7u \u0111\u00e1ng nh\u1edb, l\u1ea7n \u0111\u1ea7u g\u00e2y ra m\u1ed9t chuy\u1ec7n k\u00ec qu\u1eb7c, l\u1ea7n \u0111\u1ea7u \u0111i l\u1ea1c, l\u1ea7n \u0111\u1ea7u c\u00e1u nh\u1eb7ng x\u1ecb, l\u1ea7n \u0111\u1ea7u b\u1ecb b\u1eaft n\u1ea1t, l\u1ea7n \u0111\u1ea7u t\u1ef1 \u0111\u1ed1i m\u1eb7t v\u1edbi n\u1ed7i s\u1ee3 h\u00e3i, l\u1ea7n \u0111\u1ea7u l\u00e0m vi\u1ec7c nh\u00e0\u2026 v\u00e0 nhi\u1ec1u l\u1ea7n \u0111\u1ea7u kh\u00e1c. Ng\u1eafm nh\u00ecn nh\u1eefng b\u01b0\u1edbc ch\u00e2n con ch\u1eadp ch\u1eefng, c\u1ea3m nh\u1eadn nh\u1eefng l\u1ea7n \u0111\u1ea7u \u0111\u00e1ng nh\u1edb c\u1ee7a con, h\u1ed7 tr\u1ee3 con tr\u00ean \u0111\u01b0\u1eddng \u0111\u1eddi kh\u00f4n l\u1edbn\u2026 \u0111\u00f3 ch\u00ednh l\u00e0 ni\u1ec1m h\u1ea1nh ph\u00fac v\u00f4 b\u1edd c\u1ee7a ng\u01b0\u1eddi l\u00e0m cha l\u00e0m m\u1eb9, ph\u1ea3i kh\u00f4ng?<\/p>\n<p>M\u1ed7i em b\u00e9 \u0111\u1ec1u c\u00f3 nh\u1eefng n\u1ed7i s\u1ee3 th\u1ea7m k\u00edn. C\u00f3 th\u1ec3 l\u00e0 s\u1ee3 gi\u00e1n, s\u1ee3 kh\u00e1m b\u1ec7nh, s\u1ee3 b\u1ecb ti\u00eam, s\u1ee3 b\u1ed1 m\u1eb9 v\u1eafng nh\u00e0\u2026 D\u00f5i theo di\u1ec5n bi\u1ebfn n\u1ed9i t\u00e2m c\u1ee7a con l\u00e0 m\u1ed9t qu\u00e1 tr\u00ecnh c\u00f3 th\u1ec3 l\u00e2u d\u00e0i nh\u01b0ng r\u1ea5t x\u1ee9ng \u0111\u00e1ng \u0111\u1ec3 b\u1ed1 m\u1eb9 \u201c\u0111\u1ea7u t\u01b0\u201d th\u1eddi gian v\u00e0 y\u00eau th\u01b0\u01a1ng. Gi\u1ea3i quy\u1ebft cho con th\u00ec nhanh, \u0111\u1ec3 con t\u1ef1 h\u1ecdc c\u00e1ch gi\u1ea3i quy\u1ebft v\u1ea5n \u0111\u1ec1 c\u00f3 th\u1ec3 l\u00e2u h\u01a1n, nh\u01b0ng con s\u1ebd bi\u1ebft v\u1eefng v\u00e0ng t\u1ef1 \u0111\u1ee9ng tr\u00ean \u0111\u00f4i ch\u00e2n c\u1ee7a m\u00ecnh.<\/p>\n","protected":false},"excerpt":{"rendered":"<p>M\u00f4 T\u1ea3 S\u1ea3n Ph\u1ea9m<br \/>\nM\u1ed7i em b\u00e9 \u0111\u1ec1u c\u00f3 nh\u1eefng l\u1ea7n \u0111\u1ea7u \u0111\u00e1ng nh\u1edb, l\u1ea7n \u0111\u1ea7u g\u00e2y ra m\u1ed9t chuy\u1ec7n k\u00ec qu\u1eb7c, l\u1ea7n \u0111\u1ea7u \u0111i l\u1ea1c, l\u1ea7n \u0111\u1ea7u c\u00e1u nh\u1eb7ng x\u1ecb, l\u1ea7n \u0111\u1ea7u b\u1ecb b\u1eaft n\u1ea1t, l\u1ea7n \u0111\u1ea7u t\u1ef1 \u0111\u1ed1i m\u1eb7t v\u1edbi n\u1ed7i s\u1ee3 h\u00e3i, l\u1ea7n \u0111\u1ea7u l\u00e0m vi\u1ec7c nh\u00e0\u2026 v\u00e0 nhi\u1ec1u l\u1ea7n \u0111\u1ea7u kh\u00e1c. Ng\u1eafm nh\u00ecn nh\u1eefng b\u01b0\u1edbc ch\u00e2n con ch\u1eadp ch\u1eefng, c\u1ea3m nh\u1eadn nh\u1eefng l\u1ea7n \u0111\u1ea7u \u0111\u00e1ng nh\u1edb c\u1ee7a con, h\u1ed7 tr\u1ee3 con tr\u00ean \u0111\u01b0\u1eddng \u0111\u1eddi kh\u00f4n l\u1edbn\u2026 \u0111\u00f3 ch\u00ednh l\u00e0 ni\u1ec1m h\u1ea1nh ph\u00fac v\u00f4 b\u1edd c\u1ee7a ng\u01b0\u1eddi l\u00e0m cha l\u00e0m m\u1eb9, ph\u1ea3i kh\u00f4ng?<\/p>\n<p>M\u1ed7i em b\u00e9 \u0111\u1ec1u c\u00f3 nh\u1eefng n\u1ed7i s\u1ee3 th\u1ea7m k\u00edn. C\u00f3 th\u1ec3 l\u00e0 s\u1ee3 gi\u00e1n, s\u1ee3 kh\u00e1m b\u1ec7nh, s\u1ee3 b\u1ecb ti\u00eam, s\u1ee3 b\u1ed1 m\u1eb9 v\u1eafng nh\u00e0\u2026 D\u00f5i theo di\u1ec5n bi\u1ebfn n\u1ed9i t\u00e2m c\u1ee7a con l\u00e0 m\u1ed9t qu\u00e1 tr\u00ecnh c\u00f3 th\u1ec3 l\u00e2u d\u00e0i nh\u01b0ng r\u1ea5t x\u1ee9ng \u0111\u00e1ng \u0111\u1ec3 b\u1ed1 m\u1eb9 \u201c\u0111\u1ea7u t\u01b0\u201d th\u1eddi gian v\u00e0 y\u00eau th\u01b0\u01a1ng. Gi\u1ea3i quy\u1ebft cho con th\u00ec nhanh, \u0111\u1ec3 con t\u1ef1 h\u1ecdc c\u00e1ch gi\u1ea3i quy\u1ebft v\u1ea5n \u0111\u1ec1 c\u00f3 th\u1ec3 l\u00e2u h\u01a1n, nh\u01b0ng con s\u1ebd bi\u1ebft v\u1eefng v\u00e0ng t\u1ef1 \u0111\u1ee9ng tr\u00ean \u0111\u00f4i ch\u00e2n c\u1ee7a m\u00ecnh.<\/p>\n","protected":false},"featured_media":17120,"template":"","meta":{"_acf_changed":false},"product_brand":[],"product_cat":[24,25,17],"product_tag":[],"class_list":{"0":"post-17121","1":"product","2":"type-product","3":"status-publish","4":"has-post-thumbnail","6":"product_cat-nha-tre-mau-giao-0-tuoi-6-tuoi","7":"product_cat-nhi-dong-6-tuoi-12-tuoi","8":"product_cat-sach-danh-cho-cac-be","10":"first","11":"outofstock","12":"taxable","13":"shipping-taxable","14":"purchasable","15":"product-type-simple"},"supplier_id":null,"supplier_sku":"","barcode":null,"atum_controlled":true,"out_stock_date":"2022-05-19 09:11:38","out_stock_threshold":null,"inheritable":false,"inbound_stock":0,"stock_on_hold":0,"sold_today":0,"sales_last_days":0,"reserved_stock":0,"customer_returns":0,"warehouse_damage":0,"lost_in_post":0,"other_logs":0,"out_stock_days":1350,"lost_sales":0,"has_location":false,"update_date":"2026-01-28T23:10:59","atum_locations":[],"atum_stock_status":"outofstock","restock_status":false,"low_stock_amount":"","sales_update_date":"2026-01-28T23:10:59","calc_backorders":null,"acf":{"publisher":{"ID":1454,"post_author":"1","post_date":"2021-02-17 01:11:34","post_date_gmt":"2021-02-16 23:11:34","post_content":"<!-- wp:flatsome\/uxbuilder -->\n<h1 style=\"text-align: center;\"><strong>Kim \u0110\u1ed3ng<\/strong><\/h1>\n[row]\n\n[col span=\"3\" span__sm=\"12\"]\n\n[ux_image id=\"1534\" image_size=\"medium\"]\n\n\n[\/col]\n[col span=\"9\" span__sm=\"12\"]\n\n<p>Nh\u00e0 xu\u1ea5t b\u1ea3n Kim \u0110\u1ed3ng tr\u1ef1c thu\u1ed9c Trung \u01b0\u01a1ng \u0110o\u00e0n TNCS H\u1ed3 Ch\u00ed Minh l\u00e0 Nh\u00e0 xu\u1ea5t b\u1ea3n t\u1ed5ng h\u1ee3p c\u00f3 ch\u1ee9c n\u0103ng xu\u1ea5t b\u1ea3n s\u00e1ch v\u00e0 v\u0103n h\u00f3a ph\u1ea9m ph\u1ee5c v\u1ee5 thi\u1ebfu nhi v\u00e0 c\u00e1c b\u1eadc ph\u1ee5 huynh trong c\u1ea3 n\u01b0\u1edbc, qu\u1ea3ng b\u00e1 v\u00e0 gi\u1edbi thi\u1ec7u v\u0103n h\u00f3a Vi\u1ec7t Nam ra th\u1ebf gi\u1edbi.<br \/>Nh\u00e0 xu\u1ea5t b\u1ea3n c\u00f3 nhi\u1ec7m v\u1ee5 t\u1ed5 ch\u1ee9c b\u1ea3n th\u1ea3o, bi\u00ean so\u1ea1n, bi\u00ean d\u1ecbch, xu\u1ea5t b\u1ea3n v\u00e0 ph\u00e1t h\u00e0nh c\u00e1c xu\u1ea5t b\u1ea3n ph\u1ea9m c\u00f3 n\u1ed9i dung: gi\u00e1o d\u1ee5c truy\u1ec1n th\u1ed1ng d\u00e2n t\u1ed9c, gi\u00e1o d\u1ee5c v\u1ec1 tri th\u1ee9c, ki\u1ebfn th\u1ee9c\u2026 tr\u00ean c\u00e1c l\u0129nh v\u1ef1c v\u0103n h\u1ecdc, ngh\u1ec7 thu\u1eadt, khoa h\u1ecdc k\u1ef9 thu\u1eadt nh\u1eb1m cung c\u1ea5p cho c\u00e1c em thi\u1ebfu nhi c\u0169ng nh\u01b0 c\u00e1c b\u1eadc ph\u1ee5 huynh c\u00e1c ki\u1ebfn th\u1ee9c c\u1ea7n thi\u1ebft trong cu\u1ed9c s\u1ed1ng, nh\u1eefng tinh hoa c\u1ee7a tri th\u1ee9c nh\u00e2n lo\u1ea1i nh\u1eb1m g\u00f3p ph\u1ea7n gi\u00e1o d\u1ee5c v\u00e0 h\u00ecnh th\u00e0nh nh\u00e2n c\u00e1ch th\u1ebf h\u1ec7 tr\u1ebb.<br \/>\u0110\u1ed1i t\u01b0\u1ee3ng ph\u1ee5c v\u1ee5 c\u1ee7a Nh\u00e0 xu\u1ea5t b\u1ea3n l\u00e0 c\u00e1c em t\u1eeb tu\u1ed5i nh\u00e0 tr\u1ebb m\u1eabu gi\u00e1o (1 \u0111\u1ebfn 5 tu\u1ed5i), nhi \u0111\u1ed3ng (6 \u0111\u1ebfn 9 tu\u1ed5i), thi\u1ebfu ni\u00ean (10 \u0111\u1ebfn 15 tu\u1ed5i) \u0111\u1ebfn c\u00e1c em tu\u1ed5i m\u1edbi l\u1edbn (16 \u0111\u1ebfn 18 tu\u1ed5i) v\u00e0 c\u00e1c b\u1eadc ph\u1ee5 huynh.<\/p>\n\n[\/col]\n\n[\/row]\n\n<!-- \/wp:flatsome\/uxbuilder -->","post_title":"Kim \u0110\u1ed3ng","post_excerpt":"","post_status":"publish","comment_status":"closed","ping_status":"closed","post_password":"","post_name":"kim-dong","to_ping":"","pinged":"","post_modified":"2021-02-17 01:31:56","post_modified_gmt":"2021-02-16 23:31:56","post_content_filtered":"","post_parent":0,"guid":"https:\/\/sachviet.eu\/nha-phat-hanh\/kim-dong\/","menu_order":0,"post_type":"publisher","post_mime_type":"","comment_count":"0","filter":"raw"}},"_links":{"self":[{"href":"https:\/\/sachviet.eu\/en\/wp-json\/wp\/v2\/product\/17121","targetHints":{"allow":["GET"]}}],"collection":[{"href":"https:\/\/sachviet.eu\/en\/wp-json\/wp\/v2\/product"}],"about":[{"href":"https:\/\/sachviet.eu\/en\/wp-json\/wp\/v2\/types\/product"}],"wp:featuredmedia":[{"embeddable":true,"href":"https:\/\/sachviet.eu\/en\/wp-json\/wp\/v2\/media\/17120"}],"wp:attachment":[{"href":"https:\/\/sachviet.eu\/en\/wp-json\/wp\/v2\/media?parent=17121"}],"wp:term":[{"taxonomy":"product_brand","embeddable":true,"href":"https:\/\/sachviet.eu\/en\/wp-json\/wp\/v2\/product_brand?post=17121"},{"taxonomy":"product_cat","embeddable":true,"href":"https:\/\/sachviet.eu\/en\/wp-json\/wp\/v2\/product_cat?post=17121"},{"taxonomy":"product_tag","embeddable":true,"href":"https:\/\/sachviet.eu\/en\/wp-json\/wp\/v2\/product_tag?post=17121"}],"curies":[{"name":"wp","href":"https:\/\/api.w.org\/{rel}","templated":true}]}}