{"id":17114,"date":"2022-02-08T20:29:50","date_gmt":"2022-02-08T18:29:50","guid":{"rendered":"https:\/\/sachviet.eu\/shop\/tu-duy-toi-uu-first-things-first-bia-cung\/"},"modified":"2022-02-08T22:27:13","modified_gmt":"2022-02-08T20:27:13","slug":"tu-duy-toi-uu-first-things-first-bia-cung","status":"publish","type":"product","link":"https:\/\/sachviet.eu\/en\/shop\/tu-duy-toi-uu-first-things-first-bia-cung\/","title":{"rendered":"T\u01b0 Duy T\u1ed1i \u01afu &#8211; First Things First (B\u00eca C\u1ee9ng)"},"content":{"rendered":"<p>Ph\u01b0\u01a1ng ph\u00e1p qu\u1ea3n tr\u1ecb th\u1eddi gian \u01b0u vi\u1ec7t t\u1eeb Stephen R. Covey<\/p>\n<p>C\u00f3 qu\u00e1 nhi\u1ec1u vi\u1ec7c ph\u1ea3i l\u00e0m! T\u00f4i c\u1ea7n c\u00f3 th\u00eam nhi\u1ec1u th\u1eddi gian! T\u00f4i kh\u00f4ng c\u00f3 th\u1eddi gian cho ri\u00eang m\u00ecnh\u2026 N\u1ebfu l\u00e0m vi\u1ec7c ch\u0103m ch\u1ec9 h\u01a1n, t\u00e0i t\u00ecnh h\u01a1n, nhanh nh\u1eb9n h\u01a1n m\u00e0 v\u1eabn kh\u00f4ng c\u00f3 k\u1ebft qu\u1ea3, ta ph\u1ea3i l\u00e0m c\u00e1ch n\u00e0o?<\/p>\n<p>L\u00e0m sao \u0111\u1ec3 c\u00f3 \u0111\u1ee7 th\u1eddi gian cho \u201c\u0111i\u1ec1u quan tr\u1ecdng nh\u1ea5t\u201d, nh\u1eefng \u201c\u01b0u ti\u00ean s\u1ed1 m\u1ed9t\u201d c\u00f3 vai tr\u00f2 quy\u1ebft \u0111\u1ecbnh v\u1edbi ch\u1ea5t l\u01b0\u1ee3ng cu\u1ed9c s\u1ed1ng? <\/p>\n<p>\u201cT\u01b0 duy t\u1ed1i \u01b0u\u201d (t\u1ef1a g\u1ed1c: First Things First) \u0111\u01b0\u1ee3c vi\u1ebft b\u1edfi b\u1eadc th\u1ea7y Stephen R. Covey (t\u00e1c gi\u1ea3 c\u1ee7a cu\u1ed1n s\u00e1ch self-help kinh \u0111i\u1ec3n \u201cThe 7 Habits of Highly Effective People\u201d). T\u00e1c ph\u1ea9m \u0111em \u0111\u1ebfn m\u1ed9t ph\u01b0\u01a1ng ph\u00e1p qu\u1ea3n tr\u1ecb th\u1eddi gian ho\u00e0n to\u00e0n kh\u00e1c, \u01b0u vi\u1ec7t h\u01a1n ph\u01b0\u01a1ng ph\u00e1p truy\u1ec1n th\u1ed1ng, v\u1ed1n d\u0129 ch\u1ec9 lu\u00f4n th\u00fac gi\u1ee5c con ng\u01b0\u1eddi ph\u1ea3i l\u00e0m vi\u1ec7c nhanh h\u01a1n v\u00e0 hi\u1ec7u su\u1ea5t h\u01a1n. <\/p>\n<p>Ph\u01b0\u01a1ng ph\u00e1p qu\u1ea3n tr\u1ecb th\u1eddi gian \u01b0u vi\u1ec7t c\u1ee7a Stephen R. Covey d\u1ef1a tr\u00ean n\u1ec1n t\u1ea3ng \u201cla b\u00e0n n\u1ed9i t\u00e2m\u201d, ch\u00fa tr\u1ecdng vi\u1ec7c x\u00e1c \u0111\u1ecbnh \u0111\u00fang \u0111\u00edch \u0111\u1ebfn, v\u00e0o nh\u1eefng m\u1ee5c ti\u00eau quan tr\u1ecdng nh\u1ea5t v\u1edbi ch\u00ednh b\u1ea1n, thay v\u00ec ch\u1ec9 ch\u0103m ch\u0103m \u201c\u0111i nhanh h\u01a1n\u201d. <\/p>\n<p>\u201cM\u1ed9t cu\u1ed9c s\u1ed1ng c\u00f3 \u00fd ngh\u0129a kh\u00f4ng ph\u1ea3i l\u00e0 v\u1ea5n \u0111\u1ec1 t\u1ed1c \u0111\u1ed9 nhanh hay ch\u1eadm ho\u1eb7c hi\u1ec7u su\u1ea5t cao hay th\u1ea5p. V\u1ea5n \u0111\u1ec1 l\u00e0 b\u1ea1n \u0111ang l\u00e0m g\u00ec v\u00e0 v\u00ec sao b\u1ea1n l\u00e0m \u0111i\u1ec1u \u0111\u00f3, ch\u1ee9 kh\u00f4ng ph\u1ea3i b\u1ea1n l\u00e0m nhanh t\u1edbi m\u1ee9c n\u00e0o\u201d, t\u00e1c gi\u1ea3 vi\u1ebft. <\/p>\n<p>Trong \u201cT\u01b0 duy t\u1ed1i \u01b0u\u201d, Stephen R. Covey ch\u1ec9 c\u00e1ch nh\u1eadn di\u1ec7n \u201cnh\u1eefng \u0111i\u1ec1u quan tr\u1ecdng nh\u1ea5t\u201d &#8211; t\u1ee9c nh\u1eefng nhu c\u1ea7u c\u01a1 b\u1ea3n c\u1ee7a con ng\u01b0\u1eddi v\u00e0 nh\u1eefng n\u0103ng l\u1ef1c c\u1ea7n thi\u1ebft \u0111\u1ec3 s\u1ed1ng, y\u00eau th\u01b0\u01a1ng, h\u1ecdc h\u1ecfi v\u00e0 \u0111\u1ec3 l\u1ea1i m\u1ed9t di s\u1ea3n cho th\u1ebf h\u1ec7 sau.<\/p>\n<p>T\u1eeb \u0111\u00f3, t\u00e1c gi\u1ea3 h\u01b0\u1edbng d\u1eabn b\u1ea1n \u0111\u1ecdc c\u00e1ch s\u1eed d\u1ee5ng \u201cla b\u00e0n n\u1ed9i t\u00e2m\u201d \u0111\u1ec3 \u0111i\u1ec1u ch\u1ec9nh th\u1eddi gian th\u01b0\u1eddng ng\u00e0y ph\u00f9 h\u1ee3p v\u1edbi h\u01b0\u1edbng la b\u00e0n, chuy\u1ec3n tr\u1ecdng t\u00e2m t\u1eeb \u201ct\u00ednh kh\u1ea9n c\u1ea5p\u201d sang \u201ct\u1ea7m quan tr\u1ecdng\u201d, t\u1eeb \u0111\u00f3 gi\u00fap b\u1ea1n \u0111\u1ea1t \u0111\u01b0\u1ee3c \u0111i\u1ec1u quan tr\u1ecdng v\u00e0 n\u00e2ng cao ch\u1ea5t l\u01b0\u1ee3ng cu\u1ed9c s\u1ed1ng. <\/p>\n<p>\u201cB\u1ea1n s\u1ebd nh\u00ecn th\u1eddi gian m\u1ed9t c\u00e1ch kh\u00e1c. B\u1ea1n s\u1ebd nh\u00ecn b\u1ea3n th\u00e2n m\u00ecnh kh\u00e1c tr\u01b0\u1edbc. Ch\u00fang t\u00f4i tin r\u1eb1ng cu\u1ed1n s\u00e1ch n\u00e0y s\u1ebd gi\u00fap b\u1ea1n c\u00f3 t\u1ef1 t\u0103ng ti\u1ebfn v\u01b0\u1ee3t tr\u1ed9i trong vi\u1ec7c t\u1ea1o ra cu\u1ed9c s\u1ed1ng c\u00f3 ch\u1ea5t l\u01b0\u1ee3ng cho b\u1ea3n th\u00e2n v\u00e0 nh\u1eefng ng\u01b0\u1eddi xung quanh\u201d, Stephen R. Covey ghi.<\/p>\n<p>\u201cT\u01b0 duy t\u1ed1i \u01b0u\u201d gi\u00fap b\u1ea1n tho\u00e1t kh\u1ecfi s\u1ef1 r\u00e0ng bu\u1ed9c c\u1ee7a chi\u1ebfc \u0111\u1ed3ng h\u1ed3 th\u1eddi gian h\u1ea1n h\u1eb9p th\u01b0\u1eddng ng\u00e0y v\u00e0 kh\u00e1m ph\u00e1 ra chi\u1ebfc la b\u00e0n c\u1ee7a ch\u00ednh m\u00ecnh, \u0111i\u1ec1u s\u1ebd gi\u00fap b\u1ea1n s\u1ed1ng, y\u00eau th\u01b0\u01a1ng, h\u1ecdc t\u1eadp v\u00e0 \u0111\u1ec3 l\u1ea1i m\u1ed9t di s\u1ea3n l\u1edbn v\u00e0 l\u00e2u b\u1ec1n v\u1edbi ni\u1ec1m vui b\u1ea5t t\u1eadn. <\/p>\n<p>NG\u01af\u1edcI N\u1ed4I TI\u1ebeNG N\u00d3I G\u00cc V\u1ec0 CU\u1ed0N S\u00c1CH?<\/p>\n<p>\u201cV\u1edbi s\u1ef1 s\u00e2u s\u1eafc v\u00e0 l\u00f4i cu\u1ed1n, \u2018T\u01b0 duy t\u1ed1i \u01b0u\u2019 chi\u1ebfu \u00e1nh s\u00e1ng ch\u00f3i l\u1ecdi v\u00e0o t\u00ecnh c\u1ea3nh m\u1edd m\u1ecbt c\u1ee7a c\u00e1c k\u1ef9 thu\u1eadt qu\u1ea3n tr\u1ecb th\u1eddi gian\u201d, Scott DeGarmo, T\u1ed5ng bi\u00ean t\u1eadp t\u1ea1p ch\u00ed Success.<\/p>\n<p>\u201cH\u00e3y \u0111\u1ecdc cu\u1ed1n s\u00e1ch n\u00e0y \u0111\u1ec3 nung n\u1ea5u ng\u1ecdn l\u1eeda s\u1ed1ng c\u00f3 \u00fd ngh\u0129a c\u1ee7a b\u1ea1n\u201d, t\u00e1c gi\u1ea3, di\u1ec5n gi\u1ea3 Anthony Robbins.<\/p>\n<p> \u201cN\u1ebfu b\u1ea1n \u01b0a th\u00edch \u20187 Th\u00f3i quen hi\u1ec7u qu\u1ea3\u2019, b\u1ea1n c\u0169ng s\u1ebd th\u00edch quy\u1ec3n \u2018T\u01b0 duy t\u1ed1i \u01b0u\u2019\u201d, Nolan D. Archibald (Ch\u1ee7 t\u1ecbch Black &amp; Decker).<\/p>\n","protected":false},"excerpt":{"rendered":"<p>Ph\u01b0\u01a1ng ph\u00e1p qu\u1ea3n tr\u1ecb th\u1eddi gian \u01b0u vi\u1ec7t t\u1eeb Stephen R. Covey<\/p>\n<p>C\u00f3 qu\u00e1 nhi\u1ec1u vi\u1ec7c ph\u1ea3i l\u00e0m! T\u00f4i c\u1ea7n c\u00f3 th\u00eam nhi\u1ec1u th\u1eddi gian! T\u00f4i kh\u00f4ng c\u00f3 th\u1eddi gian cho ri\u00eang m\u00ecnh\u2026 N\u1ebfu l\u00e0m vi\u1ec7c ch\u0103m ch\u1ec9 h\u01a1n, t\u00e0i t\u00ecnh h\u01a1n, nhanh nh\u1eb9n h\u01a1n m\u00e0 v\u1eabn kh\u00f4ng c\u00f3 k\u1ebft qu\u1ea3, ta ph\u1ea3i l\u00e0m c\u00e1ch n\u00e0o?<\/p>\n<p>L\u00e0m sao \u0111\u1ec3 c\u00f3 \u0111\u1ee7 th\u1eddi gian cho \u201c\u0111i\u1ec1u quan tr\u1ecdng nh\u1ea5t\u201d, nh\u1eefng \u201c\u01b0u ti\u00ean s\u1ed1 m\u1ed9t\u201d c\u00f3 vai tr\u00f2 quy\u1ebft \u0111\u1ecbnh v\u1edbi ch\u1ea5t l\u01b0\u1ee3ng cu\u1ed9c s\u1ed1ng? <\/p>\n<p>\u201cT\u01b0 duy t\u1ed1i \u01b0u\u201d (t\u1ef1a g\u1ed1c: First Things First) \u0111\u01b0\u1ee3c vi\u1ebft b\u1edfi b\u1eadc th\u1ea7y Stephen R. Covey (t\u00e1c gi\u1ea3 c\u1ee7a cu\u1ed1n s\u00e1ch self-help kinh \u0111i\u1ec3n \u201cThe 7 Habits of Highly Effective People\u201d). T\u00e1c ph\u1ea9m \u0111em \u0111\u1ebfn m\u1ed9t ph\u01b0\u01a1ng ph\u00e1p qu\u1ea3n tr\u1ecb th\u1eddi gian ho\u00e0n to\u00e0n kh\u00e1c, \u01b0u vi\u1ec7t h\u01a1n ph\u01b0\u01a1ng ph\u00e1p truy\u1ec1n th\u1ed1ng, v\u1ed1n d\u0129 ch\u1ec9 lu\u00f4n th\u00fac gi\u1ee5c con ng\u01b0\u1eddi ph\u1ea3i l\u00e0m vi\u1ec7c nhanh h\u01a1n v\u00e0 hi\u1ec7u su\u1ea5t h\u01a1n. <\/p>\n<p>Ph\u01b0\u01a1ng ph\u00e1p qu\u1ea3n tr\u1ecb th\u1eddi gian \u01b0u vi\u1ec7t c\u1ee7a Stephen R. Covey d\u1ef1a tr\u00ean n\u1ec1n t\u1ea3ng \u201cla b\u00e0n n\u1ed9i t\u00e2m\u201d, ch\u00fa tr\u1ecdng vi\u1ec7c x\u00e1c \u0111\u1ecbnh \u0111\u00fang \u0111\u00edch \u0111\u1ebfn, v\u00e0o nh\u1eefng m\u1ee5c ti\u00eau quan tr\u1ecdng nh\u1ea5t v\u1edbi ch\u00ednh b\u1ea1n, thay v\u00ec ch\u1ec9 ch\u0103m ch\u0103m \u201c\u0111i nhanh h\u01a1n\u201d. <\/p>\n<p>\u201cM\u1ed9t cu\u1ed9c s\u1ed1ng c\u00f3 \u00fd ngh\u0129a kh\u00f4ng ph\u1ea3i l\u00e0 v\u1ea5n \u0111\u1ec1 t\u1ed1c \u0111\u1ed9 nhanh hay ch\u1eadm ho\u1eb7c hi\u1ec7u su\u1ea5t cao hay th\u1ea5p. V\u1ea5n \u0111\u1ec1 l\u00e0 b\u1ea1n \u0111ang l\u00e0m g\u00ec v\u00e0 v\u00ec sao b\u1ea1n l\u00e0m \u0111i\u1ec1u \u0111\u00f3, ch\u1ee9 kh\u00f4ng ph\u1ea3i b\u1ea1n l\u00e0m nhanh t\u1edbi m\u1ee9c n\u00e0o\u201d, t\u00e1c gi\u1ea3 vi\u1ebft. <\/p>\n<p>Trong \u201cT\u01b0 duy t\u1ed1i \u01b0u\u201d, Stephen R. Covey ch\u1ec9 c\u00e1ch nh\u1eadn di\u1ec7n \u201cnh\u1eefng \u0111i\u1ec1u quan tr\u1ecdng nh\u1ea5t\u201d &#8211; t\u1ee9c nh\u1eefng nhu c\u1ea7u c\u01a1 b\u1ea3n c\u1ee7a con ng\u01b0\u1eddi v\u00e0 nh\u1eefng n\u0103ng l\u1ef1c c\u1ea7n thi\u1ebft \u0111\u1ec3 s\u1ed1ng, y\u00eau th\u01b0\u01a1ng, h\u1ecdc h\u1ecfi v\u00e0 \u0111\u1ec3 l\u1ea1i m\u1ed9t di s\u1ea3n cho th\u1ebf h\u1ec7 sau.<\/p>\n<p>T\u1eeb \u0111\u00f3, t\u00e1c gi\u1ea3 h\u01b0\u1edbng d\u1eabn b\u1ea1n \u0111\u1ecdc c\u00e1ch s\u1eed d\u1ee5ng \u201cla b\u00e0n n\u1ed9i t\u00e2m\u201d \u0111\u1ec3 \u0111i\u1ec1u ch\u1ec9nh th\u1eddi gian th\u01b0\u1eddng ng\u00e0y ph\u00f9 h\u1ee3p v\u1edbi h\u01b0\u1edbng la b\u00e0n, chuy\u1ec3n tr\u1ecdng t\u00e2m t\u1eeb \u201ct\u00ednh kh\u1ea9n c\u1ea5p\u201d sang \u201ct\u1ea7m quan tr\u1ecdng\u201d, t\u1eeb \u0111\u00f3 gi\u00fap b\u1ea1n \u0111\u1ea1t \u0111\u01b0\u1ee3c \u0111i\u1ec1u quan tr\u1ecdng v\u00e0 n\u00e2ng cao ch\u1ea5t l\u01b0\u1ee3ng cu\u1ed9c s\u1ed1ng. <\/p>\n<p>\u201cB\u1ea1n s\u1ebd nh\u00ecn th\u1eddi gian m\u1ed9t c\u00e1ch kh\u00e1c. B\u1ea1n s\u1ebd nh\u00ecn b\u1ea3n th\u00e2n m\u00ecnh kh\u00e1c tr\u01b0\u1edbc. Ch\u00fang t\u00f4i tin r\u1eb1ng cu\u1ed1n s\u00e1ch n\u00e0y s\u1ebd gi\u00fap b\u1ea1n c\u00f3 t\u1ef1 t\u0103ng ti\u1ebfn v\u01b0\u1ee3t tr\u1ed9i trong vi\u1ec7c t\u1ea1o ra cu\u1ed9c s\u1ed1ng c\u00f3 ch\u1ea5t l\u01b0\u1ee3ng cho b\u1ea3n th\u00e2n v\u00e0 nh\u1eefng ng\u01b0\u1eddi xung quanh\u201d, Stephen R. Covey ghi.<\/p>\n<p>\u201cT\u01b0 duy t\u1ed1i \u01b0u\u201d gi\u00fap b\u1ea1n tho\u00e1t kh\u1ecfi s\u1ef1 r\u00e0ng bu\u1ed9c c\u1ee7a chi\u1ebfc \u0111\u1ed3ng h\u1ed3 th\u1eddi gian h\u1ea1n h\u1eb9p th\u01b0\u1eddng ng\u00e0y v\u00e0 kh\u00e1m ph\u00e1 ra chi\u1ebfc la b\u00e0n c\u1ee7a ch\u00ednh m\u00ecnh, \u0111i\u1ec1u s\u1ebd gi\u00fap b\u1ea1n s\u1ed1ng, y\u00eau th\u01b0\u01a1ng, h\u1ecdc t\u1eadp v\u00e0 \u0111\u1ec3 l\u1ea1i m\u1ed9t di s\u1ea3n l\u1edbn v\u00e0 l\u00e2u b\u1ec1n v\u1edbi ni\u1ec1m vui b\u1ea5t t\u1eadn. <\/p>\n<p>NG\u01af\u1edcI N\u1ed4I TI\u1ebeNG N\u00d3I G\u00cc V\u1ec0 CU\u1ed0N S\u00c1CH?<\/p>\n<p>\u201cV\u1edbi s\u1ef1 s\u00e2u s\u1eafc v\u00e0 l\u00f4i cu\u1ed1n, \u2018T\u01b0 duy t\u1ed1i \u01b0u\u2019 chi\u1ebfu \u00e1nh s\u00e1ng ch\u00f3i l\u1ecdi v\u00e0o t\u00ecnh c\u1ea3nh m\u1edd m\u1ecbt c\u1ee7a c\u00e1c k\u1ef9 thu\u1eadt qu\u1ea3n tr\u1ecb th\u1eddi gian\u201d, Scott DeGarmo, T\u1ed5ng bi\u00ean t\u1eadp t\u1ea1p ch\u00ed Success.<\/p>\n<p>\u201cH\u00e3y \u0111\u1ecdc cu\u1ed1n s\u00e1ch n\u00e0y \u0111\u1ec3 nung n\u1ea5u ng\u1ecdn l\u1eeda s\u1ed1ng c\u00f3 \u00fd ngh\u0129a c\u1ee7a b\u1ea1n\u201d, t\u00e1c gi\u1ea3, di\u1ec5n gi\u1ea3 Anthony Robbins.<\/p>\n<p> \u201cN\u1ebfu b\u1ea1n \u01b0a th\u00edch \u20187 Th\u00f3i quen hi\u1ec7u qu\u1ea3\u2019, b\u1ea1n c\u0169ng s\u1ebd th\u00edch quy\u1ec3n \u2018T\u01b0 duy t\u1ed1i \u01b0u\u2019\u201d, Nolan D. Archibald (Ch\u1ee7 t\u1ecbch Black &amp; Decker).<\/p>\n","protected":false},"featured_media":17113,"template":"","meta":{"_acf_changed":false},"product_brand":[],"product_cat":[18,15,46],"product_tag":[],"class_list":{"0":"post-17114","1":"product","2":"type-product","3":"status-publish","4":"has-post-thumbnail","6":"product_cat-kinh-te","7":"product_cat-sach-danh-cho-nguoi-lon","8":"product_cat-ky-nang-song","10":"first","11":"outofstock","12":"taxable","13":"shipping-taxable","14":"purchasable","15":"product-type-simple"},"supplier_id":null,"supplier_sku":"","barcode":null,"atum_controlled":true,"out_stock_date":"2022-02-08 18:27:13","out_stock_threshold":null,"inheritable":false,"inbound_stock":0,"stock_on_hold":0,"sold_today":0,"sales_last_days":0,"reserved_stock":0,"customer_returns":0,"warehouse_damage":0,"lost_in_post":0,"other_logs":0,"out_stock_days":1450,"lost_sales":0,"has_location":false,"update_date":"2026-01-28T23:10:59","atum_locations":[],"atum_stock_status":"outofstock","restock_status":false,"low_stock_amount":"","sales_update_date":"2026-01-28T23:10:59","calc_backorders":null,"acf":{"publisher":{"ID":1457,"post_author":"1","post_date":"2021-02-17 01:12:22","post_date_gmt":"2021-02-16 23:12:22","post_content":"<!-- wp:flatsome\/uxbuilder -->\n<h1 style=\"text-align: center;\"><strong>First News Tr\u00ed Vi\u1ec7t<\/strong><\/h1>\n[row]\n\n[col span=\"10\" span__sm=\"12\"]\n\n<p>\u0110\u01b0\u1ee3c th\u00e0nh l\u1eadp v\u00e0o ng\u00e0y 10\/12\/1994 v\u1edbi t\u00ean g\u1ecdi ban \u0111\u1ea7u l\u00e0 \u201cBan Bi\u00ean D\u1ecbch First News\u201d, tr\u1ea3i qua 25 n\u0103m lu\u00f4n n\u1ed7 l\u1ef1c v\u00e0 s\u00e1ng t\u1ea1o, \u0111\u1ebfn nay First News \u2013 Tr\u00ed Vi\u1ec7t \u0111\u00e3 kh\u1eb3ng \u0111\u1ecbnh \u0111\u01b0\u1ee3c v\u1ecb th\u1ebf c\u0169ng nh\u01b0 uy t\u00edn c\u1ee7a m\u00ecnh trong l\u00f2ng b\u1ea1n \u0111\u1ecdc, kh\u00f4ng nh\u1eefng b\u1edfi s\u1ef1 phong ph\u00fa c\u1ee7a nh\u1eefng d\u00f2ng s\u00e1ch gi\u00e1 tr\u1ecb tr\u00ean th\u1ebf gi\u1edbi m\u00e0 First News \u0111\u00e3 nh\u1ea1y b\u00e9n chuy\u1ec3n ng\u1eef ph\u1ee5c v\u1ee5 ng\u01b0\u1eddi Vi\u1ec7t Nam, m\u00e0 c\u00f2n v\u00ec ch\u1ea5t l\u01b0\u1ee3ng c\u0169ng nh\u01b0 s\u1ef1 ch\u1ec9n chu trong t\u1eebng quy\u1ec3n s\u00e1ch m\u00e0 First News mong mu\u1ed1n mang \u0111\u1ebfn cho b\u1ea1n \u0111\u1ecdc.<\/p>\n\n[\/col]\n[col span=\"2\" span__sm=\"12\"]\n\n[ux_image id=\"1696\" image_size=\"medium\"]\n\n\n[\/col]\n\n[\/row]\n\n<!-- \/wp:flatsome\/uxbuilder -->","post_title":"First News - Tr\u00ed Vi\u1ec7t","post_excerpt":"","post_status":"publish","comment_status":"closed","ping_status":"closed","post_password":"","post_name":"first-news-tri-viet","to_ping":"","pinged":"","post_modified":"2021-02-17 01:46:54","post_modified_gmt":"2021-02-16 23:46:54","post_content_filtered":"","post_parent":0,"guid":"https:\/\/sachviet.eu\/nha-phat-hanh\/first-news-tri-viet\/","menu_order":0,"post_type":"publisher","post_mime_type":"","comment_count":"0","filter":"raw"}},"_links":{"self":[{"href":"https:\/\/sachviet.eu\/en\/wp-json\/wp\/v2\/product\/17114","targetHints":{"allow":["GET"]}}],"collection":[{"href":"https:\/\/sachviet.eu\/en\/wp-json\/wp\/v2\/product"}],"about":[{"href":"https:\/\/sachviet.eu\/en\/wp-json\/wp\/v2\/types\/product"}],"wp:featuredmedia":[{"embeddable":true,"href":"https:\/\/sachviet.eu\/en\/wp-json\/wp\/v2\/media\/17113"}],"wp:attachment":[{"href":"https:\/\/sachviet.eu\/en\/wp-json\/wp\/v2\/media?parent=17114"}],"wp:term":[{"taxonomy":"product_brand","embeddable":true,"href":"https:\/\/sachviet.eu\/en\/wp-json\/wp\/v2\/product_brand?post=17114"},{"taxonomy":"product_cat","embeddable":true,"href":"https:\/\/sachviet.eu\/en\/wp-json\/wp\/v2\/product_cat?post=17114"},{"taxonomy":"product_tag","embeddable":true,"href":"https:\/\/sachviet.eu\/en\/wp-json\/wp\/v2\/product_tag?post=17114"}],"curies":[{"name":"wp","href":"https:\/\/api.w.org\/{rel}","templated":true}]}}