{"id":17105,"date":"2022-02-08T20:25:42","date_gmt":"2022-02-08T18:25:42","guid":{"rendered":"https:\/\/sachviet.eu\/shop\/combo-6-cuon-hit-ha-mui-dat-nuoc\/"},"modified":"2024-10-21T11:12:43","modified_gmt":"2024-10-21T08:12:43","slug":"combo-6-cuon-hit-ha-mui-dat-nuoc","status":"publish","type":"product","link":"https:\/\/sachviet.eu\/en\/shop\/combo-6-cuon-hit-ha-mui-dat-nuoc\/","title":{"rendered":"Combo 6 Cu\u1ed1n: &#8220;H\u00edt H\u00e0 M\u00f9i \u0110\u1ea5t N\u01b0\u1edbc&#8221;"},"content":{"rendered":"<p>Hai t\u00e1c gi\u1ea3 tr\u1ebb ho\u1ea1t \u0111\u1ed9ng n\u0103ng n\u1ed5 trong l\u0129nh v\u1ef1c qu\u1ea3ng b\u00e1 v\u00e0 truy\u1ec1n th\u00f4ng cho gi\u1edbi tr\u1ebb b\u1ea3o v\u1ec7 m\u00f4i tr\u01b0\u1eddng, y\u00eau thi\u00ean nhi\u00ean, s\u1ed1ng s\u1ea1ch v\u00e0 xanh.<\/p>\n<p>Nguy\u1ec5n H\u1eefu Qu\u1ef3nh H\u01b0\u01a1ng, b\u00fat danh l\u00e0 H\u0169, ho\u1ea1t \u0111\u1ed9ng nhi\u1ec1u n\u0103m trong l\u0129nh v\u1ef1c m\u00f4i tr\u01b0\u1eddng v\u00e0 gi\u00e1o d\u1ee5c tr\u1ebb em, c\u00f3 t\u00ecnh y\u00eau thi\u00ean nhi\u00ean v\u00e0 y\u00eau th\u01b0\u01a1ng tr\u1ebb em s\u00e2u s\u1eafc, \u0111\u00e3 in m\u1ed9t s\u1ed1 t\u00e1c ph\u1ea9m d\u00e0nh cho ng\u01b0\u1eddi l\u1edbn v\u00e0 tr\u1ebb nh\u1ecf.<\/p>\n<p>Ho\u00e0ng Tr\u00fac Nhi l\u00e0 h\u1ecda s\u0129 tr\u1ebb v\u1ebd minh h\u1ecda v\u00e0 l\u00e0m art work s\u00f4i n\u1ed5i, c\u00f3 n\u00e9t v\u1ebd s\u1ed1ng \u0111\u1ed9ng, th\u00e2n th\u01b0\u01a1ng, r\u1ea5t g\u1ea7n g\u0169i v\u1edbi \u0111\u1ed3ng qu\u00ea Vi\u1ec7t.<\/p>\n","protected":false},"excerpt":{"rendered":"<p>\u201cT\u00f4i v\u1ed1n l\u00e0 m\u1ed9t \u0111\u1ee9a tr\u1ebb v\u00f9ng n\u00f4ng th\u00f4n t\u1ec9nh B\u00e0 R\u1ecba &#8211; V\u0169ng T\u00e0u, l\u1edbn l\u00ean v\u00e0o nh\u1eefng n\u0103m \u0111\u1ea5t n\u01b0\u1edbc chuy\u1ec3n giao m\u1ea1nh m\u1ebd. 15 tu\u1ed5i, t\u00f4i r\u1eddi ba m\u1eb9 l\u00ean th\u00e0nh ph\u1ed1 V\u0169ng T\u00e0u \u0111i h\u1ecdc v\u00e0 b\u1ecb cu\u1ed1n v\u00e0o nh\u1eefng gu\u1ed3ng quay m\u1edbi m\u1ebb c\u1ee7a \u0111\u00f4 th\u1ecb. R\u1ea5t l\u00e2u sau, khi t\u00ecm l\u1ea5y l\u1ed1i \u0111i, t\u00f4i m\u1edbi b\u1eebng t\u1ec9nh v\u00e0 nh\u1eadn ra r\u1eb1ng m\u00ecnh \u0111\u00e3 qu\u00ean m\u1ea5t s\u1ef1 k\u1ebft n\u1ed1i m\u1ea1nh m\u1ebd v\u1edbi thi\u00ean nhi\u00ean, l\u00e0ng m\u1ea1c v\u00e0 c\u1ea3nh s\u1eafc r\u1ea5t \u0111\u1ed7i Vi\u1ec7t Nam. Th\u1eddi gian d\u1ea1y h\u1ecdc, l\u00e0m c\u00f4ng vi\u1ec7c b\u1ea3o t\u1ed3n, c\u0169ng nh\u01b0 ch\u1ea1y c\u00e1c chi\u1ebfn d\u1ecbch b\u1ea3o v\u1ec7 m\u00f4i tr\u01b0\u1eddng \u0111\u00e3 cho t\u00f4i th\u1ea5m th\u00eda r\u1eb1ng: nh\u1eefng h\u00e0nh \u0111\u1ed9ng l\u00e0m \u1ea3nh h\u01b0\u1edfng nghi\u00eam tr\u1ecdng \u0111\u1ebfn thi\u00ean nhi\u00ean \u0111\u1ec1u b\u1eaft ngu\u1ed3n t\u1eeb vi\u1ec7c s\u1ef1 m\u1ea5t k\u1ebft n\u1ed1i \u1ea5y.\u201d &#8211; t\u00e1c gi\u1ea3 M\u00ecnh L\u00e0 H\u0169<\/p>\n<p>B\u1ed9 s\u00e1ch H\u00edt h\u00e0 m\u00f9i \u0111\u1ea5t n\u01b0\u1edbc g\u1ed3m 6 cu\u1ed1n tranh m\u00e0u nh\u1ecf xinh, h\u01b0\u1edbng \u0111\u1ebfn \u0111\u1ed9c gi\u1ea3 cu\u1ed1i m\u1eabu gi\u00e1o \u0111\u1ea7u ti\u1ec3u h\u1ecdc \u0111\u1ec3 t\u1ea1o d\u1ef1ng v\u00e0 \u0111\u1ecbnh h\u00ecnh nh\u1eadn th\u1ee9c xanh-s\u1ea1ch-hi\u1ec3u s\u00e2u v\u1ec1 thi\u00ean nhi\u00ean xung quanh ta. Nh\u00e2n v\u1eadt ch\u00ednh l\u00e0 em T\u00f4m 6 tu\u1ed5i lu\u00f4n t\u00f2 m\u00f2 v\u1ec1 th\u1ebf gi\u1edbi xung quanh, r\u1ea5t y\u00eau thi\u00ean nhi\u00ean v\u00e0 ham h\u1ecdc h\u1ecdc, \u0111\u1ed3ng th\u1eddi c\u0169ng kh\u00e1 ngang b\u01b0\u1edbng v\u00e0 hi\u1ebfu \u0111\u1ed9ng, nh\u01b0 nhi\u1ec1u tr\u1ebb em n\u01b0\u1edbc ta. C\u00e1c c\u00e2u chuy\u1ec7n di\u1ec5n ra trong b\u1ed1i c\u1ea3nh l\u00e0ng qu\u00ea Vi\u1ec7t Nam t\u1eeb B\u1eafc v\u00e0o Nam v\u1edbi nh\u1eefng c\u1ecf c\u00e2y hoa l\u00e1, t\u00f4m c\u00e1 cua c\u00f2ng thu\u1ea7n Vi\u1ec7t, v\u1edbi c\u1ea3 nh\u1eefng t\u00e1c phong sinh ho\u1ea1t \u0111\u01b0\u01a1ng \u0111\u1ea1i c\u1ee7a ng\u01b0\u1eddi Vi\u1ec7t ta n\u1eefa. T\u1eeb t\u1eebng chi ti\u1ebft s\u00e2u \u0103n t\u00e1o, nu\u00f4i th\u1ea3 c\u00e1 con \u0111\u1ebfn k\u1ef3 sinh n\u1edf, ch\u1ecdn h\u00e0ng g\u00f3i l\u00e1 chu\u1ed1i ngo\u00e0i ch\u1ee3, nh\u1eefng t\u00e0u l\u00e1 chu\u1ed1i r\u1ee3p che gi\u1ea5c ng\u1ee7 tr\u01b0a h\u00e8, nh\u1eefng m\u1ea7m c\u00e2y m\u1ecdc l\u00ean t\u1eeb h\u1ea1t qu\u1ea3 r\u01a1i v\u00e3i\u2026 c\u00e1c \u0111\u1ed9c gi\u1ea3 nh\u1ecf hi\u1ec3u d\u1ea7n v\u1ec1 c\u00e2y c\u1ed1i con v\u1eadt xung quanh m\u00ecnh, l\u1eafng nghe \u201cti\u1ebfng n\u00f3i\u201d c\u1ee7a m\u1ecdi lo\u00e0i sinh v\u1eadt, t\u1eeb \u0111\u00f3 ngh\u0129 ra c\u00e1ch t\u01b0\u01a1ng t\u00e1c v\u1edbi M\u1eb9 thi\u00ean nhi\u00ean sao cho an l\u00e0nh v\u00e0 \u0111\u1ec3 c\u00e1c b\u00ean c\u00f9ng \u0111\u01b0\u1ee3c sinh s\u00f4i.<\/p>\n<p>M\u1ed7i trang s\u00e1ch \u0111\u1ec1u c\u00f3 1 ho\u1ea1t \u0111\u1ed9ng vui ch\u01a1i k\u00e8m theo n\u1ed9i dung c\u00e2u chuy\u1ec7n, m\u1ee5c \u0111\u00edch \u0111\u1ec3 c\u00e1c \u0111\u1ed9c gi\u1ea3 t\u1eadp trung ch\u00fa \u00fd, kh\u00f4ng b\u1ecb ti\u1ebfp thu m\u1ed9t chi\u1ec1u. V\u1eeba \u0111\u1ecdc v\u1eeba r\u00e0 l\u1ea1i ki\u1ebfn th\u1ee9c v\u00e0 l\u00e0m \u201cb\u00e0i t\u1eadp\u201d vui nho nh\u1ecf s\u1ebd gi\u00fap c\u00e1c b\u1ea1n ph\u1ea3n bi\u1ec7n l\u1ea1i, hi\u1ec3u k\u1ef9 h\u01a1n, nh\u1edb l\u00e2u h\u01a1n, \u1ee9ng d\u1ee5ng t\u1ed1t h\u01a1n. Cu\u1ed1i m\u1ed7i cu\u1ed1n c\u00f2n c\u00f3 ph\u1ea7n gi\u1ea3i \u0111\u00e1p ki\u1ebfn th\u1ee9c khoa h\u1ecdc \u0111\u01a1n gi\u1ea3n v\u00e0 h\u01b0\u1edbng d\u1eabn l\u00e0m c\u00e1c ho\u1ea1t \u0111\u1ed9ng b\u1ea3o v\u1ec7 m\u00f4i tr\u01b0\u1eddng ngay t\u1ea1i m\u00f4i tr\u01b0\u1eddng m\u00ecnh s\u1ed1ng.<\/p>\n<p>T\u00e1o \u01a1i t\u00e1o r\u01a1i \u0111\u1ea5t l\u00e0nh \u2013 k\u1ec3 v\u1ec1 n\u1ec1n n\u00f4ng nghi\u1ec7p s\u1ea1ch v\u1edbi c\u00e1c th\u00e0nh vi\u00ean t\u01b0\u01a1ng h\u1ed7 trong t\u1ef1 nhi\u00ean, h\u1ea1n ch\u1ebf can thi\u1ec7p x\u00e2m l\u1ea5n c\u01b0\u1ee1ng b\u1ee9c \u0111\u1ea5t \u0111ai, v\u00e0 c\u00e1ch \u1ee7ng h\u1ed9 n\u00f4ng s\u1ea3n s\u1ea1ch.<\/p>\n<p>C\u00e1 con b\u01a1i \u0111i \u2013 h\u01b0\u1edbng d\u1eabn tr\u1ebb y\u00eau th\u01b0\u01a1ng \u0111\u01b0\u1eddng bi\u1ec3n m\u00eanh m\u00f4ng, tr\u00e2n tr\u1ecdng m\u1ecdi sinh v\u1eadt trong n\u01b0\u1edbc bi\u1ec3n, kh\u00f4ng \u0111\u00e1nh b\u1eaft v\u00e0 khai th\u00e1c qu\u00e1 m\u1ee9c t\u00e0i nguy\u00ean, gi\u1eef cho c\u00e1c sinh v\u1eadt bi\u1ec3n \u0111\u01b0\u1ee3c l\u1edbn l\u00ean kh\u00f4ng b\u1ecb t\u1eadn di\u1ec7t t\u1eeb nh\u1ecf.<\/p>\n<p>T\u00fai nylon kh\u1ed5 s\u1edf \u2013 k\u1ec3 l\u1ea1i v\u00f2ng \u0111\u1eddi c\u1ee7a t\u00fai nylon, ph\u00e2n t\u00edch c\u00e1ch s\u1eed d\u1ee5ng \u0111\u00fang v\u00e0 kh\u00f4ng \u0111\u00fang, kh\u00f4ng \u0111\u1ed5 t\u1ed9i th\u00e1i qu\u00e1 cho t\u00fai nylon m\u00e0 t\u1ea1o d\u1ef1ng th\u00e1i \u0111\u1ed9 ti\u1ebft ki\u1ec7m v\u00e0 s\u1eed d\u1ee5ng t\u00fai nylon \u0111\u00fang m\u1ef1c.<\/p>\n<p>T\u1edb b\u1ecf qu\u00ean gi\u1ea5c ng\u1ee7 trong v\u01b0\u1eddn \u2013 t\u1ea3 v\u1ec1 thi\u00ean nhi\u00ean t\u01b0\u01a1i \u0111\u1eb9p thu\u1ea7n khi\u1ebft, x\u00e2y d\u1ef1ng t\u00ecnh y\u00eau \u0111\u1ea5t \u0111ai c\u00e2y c\u1ecf \u1edf thi\u00ean nhi\u00ean, h\u1ea1n ch\u1ebf s\u1eed d\u1ee5ng qu\u00e1 m\u1ee9c c\u00e1c thi\u1ebft b\u1ecb nh\u00e2n t\u1ea1o nh\u01b0 m\u00e1y l\u1ea1nh.<\/p>\n<p>\u00dam ba la n\u1ea3y m\u1ea7m ra c\u00e2y chu\u1ed1i \u2013 g\u00e2y d\u1ef1ng t\u00ecnh y\u00eau c\u00e2y c\u1ecf hoa l\u00e1 v\u00e0 c\u00e2y \u0103n tr\u00e1i xung quanh, t\u1ea1o d\u1ef1ng nh\u1eadn th\u1ee9c thay th\u1ebf r\u00e1c th\u1ea3i nh\u1ef1a b\u1eb1ng c\u00e1c v\u1eadt li\u1ec7u kh\u00e1c.<\/p>\n<p>Kh\u00f4ng c\u00f3 nhi\u1ec1u c\u1ee7i kh\u00f4 \u0111\u1ebfn th\u1ebf \u0111\u00e2u &#8211; s\u1eed d\u1ee5ng t\u00e0i nguy\u00ean v\u1eeba ph\u1ea3i v\u1eeba m\u1ee9c, kh\u00f4ng l\u1ea1m d\u1ee5ng m\u1ecdi ngu\u1ed3n nhi\u00ean li\u1ec7u, kh\u00f4ng ng\u1eaft c\u00e2y b\u1ebb c\u00e0nh, kh\u00f4ng ph\u00e1 h\u1ee7y thi\u00ean nhi\u00ean xung quanh.<\/p>\n","protected":false},"featured_media":17104,"template":"","meta":{"_acf_changed":false},"product_brand":[],"product_cat":[25,17,26],"product_tag":[],"class_list":{"0":"post-17105","1":"product","2":"type-product","3":"status-publish","4":"has-post-thumbnail","6":"product_cat-nhi-dong-6-tuoi-12-tuoi","7":"product_cat-sach-danh-cho-cac-be","8":"product_cat-thieu-nien-11-tuoi-18-tuoi","10":"first","11":"outofstock","12":"taxable","13":"shipping-taxable","14":"purchasable","15":"product-type-simple"},"supplier_id":null,"supplier_sku":"","barcode":null,"atum_controlled":true,"out_stock_date":"2024-10-21 08:12:43","out_stock_threshold":null,"inheritable":false,"inbound_stock":0,"stock_on_hold":0,"sold_today":0,"sales_last_days":0,"reserved_stock":0,"customer_returns":0,"warehouse_damage":0,"lost_in_post":0,"other_logs":0,"out_stock_days":464,"lost_sales":0,"has_location":false,"update_date":"2026-01-28T23:11:26","atum_locations":[],"atum_stock_status":"outofstock","restock_status":false,"low_stock_amount":"","sales_update_date":"2026-01-28T23:11:26","calc_backorders":null,"acf":{"publisher":{"ID":1424,"post_author":"1","post_date":"2021-02-17 00:02:29","post_date_gmt":"2021-02-16 22:02:29","post_content":"<!-- wp:flatsome\/uxbuilder -->\n<h1 style=\"text-align: center\"><strong>Nh\u00e3 Nam<\/strong><\/h1>\n[row]\n\n[col span=\"6\" span__sm=\"12\"]\n\n[ux_image id=\"1438\" image_size=\"medium\"]\n\n\n[\/col]\n[col span=\"6\" span__sm=\"12\"]\n\n<p><strong>C\u00f4ng ty c\u1ed5 ph\u1ea7n V\u0103n h\u00f3a v\u00e0 Truy\u1ec1n th\u00f4ng Nh\u00e3 Nam<\/strong><\/p>\n<p>Th\u00e1ng 2 n\u0103m 2005, Nh\u00e3 Nam, t\u00ean \u0111\u1ea7y \u0111\u1ee7 l\u00e0 C\u00f4ng ty C\u1ed5 ph\u1ea7n V\u0103n h\u00f3a v\u00e0 Truy\u1ec1n th\u00f4ng Nh\u00e3 Nam \u0111\u00e3 gia nh\u1eadp th\u1ecb tr\u01b0\u1eddng s\u00e1ch. T\u00e1c ph\u1ea9m \"Balzac v\u00e0 c\u00f4 b\u00e9 th\u1ee3 may Trung hoa\" c\u1ee7a \u0110\u1edbi T\u01b0 Ki\u1ec7t l\u00e0 cu\u1ed1n s\u00e1ch \u0111\u1ea7u ti\u00ean \u0111\u01b0\u1ee3c nh\u1eefng ng\u01b0\u1eddi s\u00e1ng l\u1eadp Nh\u00e3 Nam xu\u1ea5t b\u1ea3n c\u1ea3 tr\u01b0\u1edbc khi c\u00f4ng ty ra \u0111\u1eddi. Ngay l\u1eadp t\u1ee9c t\u1eeb cu\u1ed1n s\u00e1ch \u0111\u1ea7u ti\u00ean, \u0111\u1ed9c gi\u1ea3 \u0111\u00e3 d\u00e0nh s\u1ef1 quan t\u00e2m v\u00e0 y\u00eau m\u1ebfn cho m\u1ed9t th\u01b0\u01a1ng hi\u1ec7u s\u00e1ch m\u1edbi m\u1ebb mang trong m\u00ecnh kh\u00e1t v\u1ecdng g\u00f3p ph\u1ea7n t\u1ea1o l\u1eadp di\u1ec7n m\u1ea1o m\u1edbi cho xu\u1ea5t b\u1ea3n v\u0103n h\u1ecdc t\u1ea1i Vi\u1ec7t Nam.<\/p>\n<p>L\u00f2ng say m\u00ea c\u1ee7a \u0111\u1ed9i ng\u0169 l\u00e0 vi\u00ean \u0111\u00e1 \u0111\u1ea7u ti\u00ean. Tr\u1ea3i qua m\u1ea5y n\u0103m ph\u00e1t tri\u1ec3n, Nh\u00e3 Nam \u0111\u00e3 \u0111\u01b0\u1ee3c x\u00e2y d\u1ef1ng d\u1ea7n l\u00ean trong di\u1ec7n m\u1ea1o m\u1ed9t nh\u00e0 xu\u1ea5t b\u1ea3n v\u1eefng ch\u00e3i v\u00e0 chuy\u00ean nghi\u1ec7p. S\u00e1u th\u00e1ng sau khi th\u00e0nh l\u1eadp c\u00f4ng ty, Nh\u1eadt k\u00fd \u0110\u1eb7ng Th\u00f9y Tr\u00e2m ra \u0111\u1eddi, t\u1ea1o n\u00ean m\u1ed9t c\u01a1n s\u1ed1t trong x\u00e3 h\u1ed9i, v\u1edbi g\u1ea7n 500,000 b\u1ea3n s\u00e1ch \u0111\u01b0\u1ee3c ph\u00e1t h\u00e0nh, ph\u00e1 m\u1ecdi k\u1ef7 l\u1ee5c v\u1ec1 xu\u1ea5t b\u1ea3n tr\u01b0\u1edbc \u0111\u00f3, k\u00e9o theo m\u1ed9t lo\u1ea1t nh\u1eefng hi\u1ec7u \u1ee9ng x\u00e3 h\u1ed9i v\u00e0 d\u01b0 lu\u1eadn c\u00f3 \u00fd ngh\u0129a. T\u1eeb \u0111\u00f3 tr\u1edf \u0111i, th\u00f4ng qua Nh\u00e3 Nam, c\u00e1c cu\u1ed1n s\u00e1ch v\u0103n h\u1ecdc n\u01b0\u1edbc ngo\u00e0i c\u00f3 gi\u00e1 tr\u1ecb \u0111\u01b0\u1ee3c li\u00ean t\u1ee5c mua b\u1ea3n quy\u1ec1n v\u00e0 xu\u1ea5t b\u1ea3n t\u1ea1i Vi\u1ec7t Nam, thu h\u00fat nhi\u1ec1u t\u1ea7ng l\u1edbp \u0111\u1ed9c gi\u1ea3. S\u00e1ch c\u1ee7a Nh\u00e3 Nam n\u1ed5i b\u1eadt b\u1edfi n\u1ed9i dung v\u0103n h\u1ecdc tinh t\u1ebf, b\u1edfi v\u1ebb \u0111\u1eb9p c\u1ee7a thi\u1ebft k\u1ebf hi\u1ec7n \u0111\u1ea1i \u1edf h\u00ecnh th\u1ee9c, b\u1edfi s\u1ef1 ch\u0103m ch\u00fat k\u1ef9 l\u01b0\u1ee1ng cho m\u1ed7i cu\u1ed1n s\u00e1ch nh\u01b0 m\u1ed9t con thuy\u1ec1n mang t\u1edbi ni\u1ec1m vui, tri th\u1ee9c, ng\u1ea1c nhi\u00ean, v\u00e0 \u0111\u1ed3ng c\u1ea3m.<\/p>\n\n[\/col]\n\n[\/row]\n<p style=\"text-align: left\">Hi\u1ec3u th\u1eddi \u0111\u1ea1i \u0111ang s\u1ed1ng th\u00f4ng qua s\u00e1ch, song h\u00e0nh v\u1edbi nh\u1eefng bi\u1ebfn chuy\u1ec3n s\u00e2u s\u1eafc trong l\u00f2ng x\u00e3 h\u1ed9i b\u1eb1ng nh\u1eefng ho\u1ea1t \u0111\u1ed9ng xu\u1ea5t b\u1ea3n mi\u1ec7t m\u00e0i v\u00e0 qu\u1ea3 c\u1ea3m, con \u0111\u01b0\u1eddng Nh\u00e3 Nam \u0111\u00e3 ch\u1ecdn \u0111\u1ec3 \u0111i s\u1ebd c\u00f2n d\u00e0i. Nhi\u1ec1u kh\u00f3 kh\u0103n, th\u1eed th\u00e1ch \u0111ang \u1edf ph\u00eda tr\u01b0\u1edbc. B\u01b0\u1edbc qua th\u1eddi k\u1ef3 s\u01a1 khai v\u1edbi nh\u1eefng b\u00e0i h\u1ecdc v\u00e0 nh\u1eefng kinh nghi\u1ec7m \u0111\u1ea7u ti\u00ean, Nh\u00e3 Nam gi\u1edd \u0111\u00e3 s\u1eb5n s\u00e0ng cho m\u1ed9t ch\u1eb7ng \u0111\u01b0\u1eddng ph\u00e1t tri\u1ec3n m\u1edbi. V\u00e0 ch\u00fang t\u00f4i mu\u1ed1n ho\u00e0n thi\u1ec7n m\u00ecnh trong s\u1ef1 c\u1ea7u th\u1ecb v\u00e0 c\u1ea9n tr\u1ecdng. T\u1ea5t c\u1ea3 v\u00ec m\u1ed9t gia s\u1ea3n s\u00e1ch to l\u1edbn, c\u00f3 s\u1ee9c s\u1ed1ng d\u00e0i l\u00e2u, c\u00f3 \u00fd ngh\u0129a v\u1edbi nhi\u1ec1u th\u1ebf h\u1ec7 b\u1ea1n \u0111\u1ecdc.<br \/>B\u1edfi v\u00ec s\u00e1ch l\u00e0 th\u1ebf gi\u1edbi.<\/p>\n<p><strong>\u0110\u00e2y l\u00e0 m\u1ed9t nh\u00e0 ph\u00e1t h\u00e0nh s\u00e1ch m\u00e0 SACHVIET.EU r\u1ea5t y\u00eau th\u00edch v\u00e0 tin t\u01b0\u1edfng. Nh\u00ecn \u0111\u01b0\u1ee3c t\u1ea7m \u1ea3nh h\u01b0\u1edfng c\u1ee7a Nh\u00e3 Nam qua t\u1eebng cu\u1ed1n s\u00e1ch, SACHVIET.EU li\u00ean h\u1ec7 h\u1ee3p t\u00e1c ngay v\u1edbi Nh\u00e3 Nam \u0111\u1ec3 \u0111em to\u00e0n b\u1ed9 nh\u1eefng t\u00e1c ph\u1ea9m m\u1edbi, hay nh\u1ea5t m\u00e0 Nh\u00e3 Nam c\u00f3 sang Ch\u00e2u \u00c2u, \u0111\u01b0a \u0111\u1ebfn cho \u0111\u1ed9c gi\u1ea3 c\u00f3 nhi\u1ec1u s\u1ef1 l\u1ef1a ch\u1ecdn phong ph\u00fa h\u01a1n c\u1ea3 s\u00e1ch cho tr\u1ebb em l\u1eabn ng\u01b0\u1eddi l\u1edbn.\u00a0<\/strong><\/p>\n\n<!-- \/wp:flatsome\/uxbuilder -->","post_title":"Nh\u00e3 Nam","post_excerpt":"","post_status":"publish","comment_status":"closed","ping_status":"closed","post_password":"","post_name":"nha-nam","to_ping":"","pinged":"","post_modified":"2022-12-19 23:15:33","post_modified_gmt":"2022-12-19 21:15:33","post_content_filtered":"","post_parent":0,"guid":"https:\/\/sachviet.eu\/?post_type=publisher&#038;p=1424","menu_order":0,"post_type":"publisher","post_mime_type":"","comment_count":"0","filter":"raw"}},"_links":{"self":[{"href":"https:\/\/sachviet.eu\/en\/wp-json\/wp\/v2\/product\/17105","targetHints":{"allow":["GET"]}}],"collection":[{"href":"https:\/\/sachviet.eu\/en\/wp-json\/wp\/v2\/product"}],"about":[{"href":"https:\/\/sachviet.eu\/en\/wp-json\/wp\/v2\/types\/product"}],"wp:featuredmedia":[{"embeddable":true,"href":"https:\/\/sachviet.eu\/en\/wp-json\/wp\/v2\/media\/17104"}],"wp:attachment":[{"href":"https:\/\/sachviet.eu\/en\/wp-json\/wp\/v2\/media?parent=17105"}],"wp:term":[{"taxonomy":"product_brand","embeddable":true,"href":"https:\/\/sachviet.eu\/en\/wp-json\/wp\/v2\/product_brand?post=17105"},{"taxonomy":"product_cat","embeddable":true,"href":"https:\/\/sachviet.eu\/en\/wp-json\/wp\/v2\/product_cat?post=17105"},{"taxonomy":"product_tag","embeddable":true,"href":"https:\/\/sachviet.eu\/en\/wp-json\/wp\/v2\/product_tag?post=17105"}],"curies":[{"name":"wp","href":"https:\/\/api.w.org\/{rel}","templated":true}]}}