{"id":17103,"date":"2022-02-08T20:25:35","date_gmt":"2022-02-08T18:25:35","guid":{"rendered":"https:\/\/sachviet.eu\/shop\/go-loi-cha-me-trong-giao-tiep-voi-con\/"},"modified":"2023-01-24T23:04:59","modified_gmt":"2023-01-24T21:04:59","slug":"go-loi-cha-me-trong-giao-tiep-voi-con","status":"publish","type":"product","link":"https:\/\/sachviet.eu\/en\/shop\/go-loi-cha-me-trong-giao-tiep-voi-con\/","title":{"rendered":"&#8220;G\u1ee1 L\u1ed7i&#8221; Cha M\u1eb9 Trong Giao Ti\u1ebfp V\u1edbi Con"},"content":{"rendered":"<p>B\u1ea3n n\u0103ng c\u1ee7a tr\u1ebb em l\u00e0 r\u1ea5t c\u1edfi m\u1edf, d\u1ec5 ti\u1ebfp thu, t\u00f2 m\u00f2, h\u00e1o h\u1ee9c kh\u00e1m ph\u00e1 nh\u1eefng \u0111i\u1ec1u m\u1edbi m\u1ebb, r\u1ea5t th\u00e1o v\u00e1t v\u00e0 ki\u00ean tr\u00ec khi theo \u0111u\u1ed5i m\u1ed9t \u0111i\u1ec1u g\u00ec \u0111\u00f3. N\u1ebfu c\u00f3 th\u1ec3 giao ti\u1ebfp v\u1edbi tr\u1ebb sao cho ph\u00f9 h\u1ee3p v\u1edbi l\u1ee9a tu\u1ed5i, ph\u00f9 h\u1ee3p v\u1edbi v\u0103n h\u00f3a v\u00e0 c\u00f3 t\u00ednh t\u00edch c\u1ef1c th\u00ec \u0111i\u1ec1u n\u00e0y s\u1ebd gi\u00fap x\u00e2y d\u1ef1ng l\u00f2ng t\u1ef1 tr\u1ecdng, s\u1ef1 t\u1ef1 tin \u1edf c\u00e1c con.<\/p>\n<p>Th\u1ebf nh\u01b0ng, th\u1ebf gi\u1edbi c\u1ee7a ch\u00fang ta \u0111ang trong m\u1ed9t cu\u1ed9c kh\u1ee7ng ho\u1ea3ng v\u1ec1 giao ti\u1ebfp. Tr\u1ebb em d\u00e0nh m\u1ed9t l\u01b0\u1ee3ng th\u1eddi gian \u0111\u00e1ng kinh ng\u1ea1c cho c\u00e1c thi\u1ebft b\u1ecb \u0111i\u1ec7n t\u1eed v\u00e0 ch\u00fang \u0111ang m\u1ea5t d\u1ea7n c\u00e1c k\u1ef9 n\u0103ng truy\u1ec1n \u0111\u1ea1t nhu c\u1ea7u b\u1eb1ng l\u1eddi.<\/p>\n<p>Giao ti\u1ebfp v\u00e0 tr\u00f2 chuy\u1ec7n v\u1edbi con l\u00e0 m\u1ed9t trong nh\u1eefng k\u1ef9 n\u0103ng quan tr\u1ecdng nh\u1ea5t trong vi\u1ec7c l\u00e0m cha m\u1eb9. Tuy nhi\u00ean, theo m\u1ed9t kh\u1ea3o s\u00e1t \u0111\u01b0\u1ee3c t\u00e1c gi\u1ea3 Linh Phan th\u1ef1c hi\u1ec7n n\u0103m 2017 tr\u00ean 250 tr\u1ebb em \u1edf mi\u1ec1n B\u1eafc Vi\u1ec7t Nam trong \u0111\u1ed9 tu\u1ed5i t\u1eeb l\u1edbp 6 \u0111\u1ebfn l\u1edbp 12, th\u00ec ch\u1ec9 c\u00f3 22% c\u00e1c em th\u1ea5y r\u1eb1ng vi\u1ec7c giao ti\u1ebfp trong gia \u0111\u00ecnh c\u1ee7a m\u00ecnh l\u00e0 t\u00edch c\u1ef1c. Ph\u1ea7n l\u1edbn c\u00e1c em \u0111\u1ec1u c\u1ea3m th\u1ea5y ti\u1ebfc nu\u1ed1i v\u00ec kh\u00f4ng th\u1ec3 n\u00f3i chuy\u1ec7n m\u1ed9t c\u00e1ch c\u1edfi m\u1edf v\u00e0 nh\u1eb9 nh\u00e0ng v\u1edbi cha m\u1eb9 m\u00ecnh. T\u1ea1i sao v\u1eady? B\u1edfi v\u00ec, ho\u1eb7c l\u00e0 cha m\u1eb9 kh\u00f4ng ch\u1ecbu d\u00e0nh th\u1eddi gian \u0111\u1ec3 l\u1eafng nghe v\u00e0 th\u1ea5u hi\u1ec3u con m\u00ecnh; ho\u1eb7c l\u00e0 h\u1ecd th\u01b0\u1eddng ph\u1ea3n \u1ee9ng th\u00e1i qu\u00e1 v\u00e0 hay qu\u00e1t m\u1eafng, d\u1eabn t\u1edbi c\u00e1c xung \u0111\u1ed9t kh\u00f4ng c\u1ea7n thi\u1ebft, \u0111\u1ed3ng th\u1eddi t\u1ea1o h\u1ed1 s\u00e2u kho\u1ea3ng c\u00e1ch gi\u1eefa cha m\u1eb9 v\u00e0 con c\u00e1i. M\u1ea5t k\u1ebft n\u1ed1i. Thi\u1ebfu g\u1eafn b\u00f3. Kh\u00f4ng c\u00f2n tin t\u01b0\u1edfng.<\/p>\n<p>H\u00e3y th\u1ee9c t\u1ec9nh! Ch\u00fang ta l\u00e0m cha m\u1eb9 c\u00f3 \u1ed5n hay kh\u00f4ng l\u00e0 ph\u1ee5 thu\u1ed9c v\u00e0o vi\u1ec7c ch\u00fang ta c\u00f3 hi\u1ec3u \u0111\u01b0\u1ee3c nh\u1eefng g\u00ec \u0111ang x\u1ea3y ra trong t\u00e2m l\u00fd v\u00e0 cu\u1ed9c s\u1ed1ng c\u1ee7a con m\u00ecnh. V\u00e0 s\u1ef1 th\u1ea5u hi\u1ec3u n\u00e0y l\u1ea1i xu\u1ea5t ph\u00e1t tr\u1ef1c ti\u1ebfp t\u1eeb vi\u1ec7c ch\u00fang ta c\u00f3 th\u1ec3 giao ti\u1ebfp v\u1edbi con s\u00e2u s\u1eafc \u0111\u1ebfn m\u1ee9c n\u00e0o \u0111\u1ec3 c\u00f3 th\u1ec3 t\u00ecm \u0111\u01b0\u1ee3c c\u00e1ch tr\u00f2 chuy\u1ec7n v\u1ec1 nh\u1eefng v\u1ea5n \u0111\u1ec1 kh\u00f3 n\u00f3i, \u0111\u1ed3ng th\u1eddi khi\u1ebfn con c\u1ea3m th\u1ea5y tho\u1ea3i m\u00e1i h\u01a1n khi chia s\u1ebb.<\/p>\n<p>\u201cG\u1ee1 l\u1ed7i\u201d cha m\u1eb9 trong giao ti\u1ebfp v\u1edbi con l\u00e0 n\u1ed7 l\u1ef1c c\u1ee7a t\u00e1c gi\u1ea3 Linh Phan \u0111\u1ec3 chia s\u1ebb nh\u1eefng ki\u1ebfn th\u1ee9c v\u00e0 h\u01b0\u1edbng d\u1eabn ph\u01b0\u01a1ng ph\u00e1p th\u1ef1c h\u00e0nh d\u00e0nh cho ph\u1ee5 huynh li\u00ean quan t\u1edbi vi\u1ec7c giao ti\u1ebfp, tr\u00f2 chuy\u1ec7n, \u1ee9ng x\u1eed v\u1edbi con th\u00f4ng qua l\u1eddi n\u00f3i trong \u0111\u1eddi s\u1ed1ng h\u1eb1ng ng\u00e0y v\u00e0 c\u00e1c t\u00ecnh hu\u1ed1ng c\u1ee5 th\u1ec3 \u2013 d\u1ef1a tr\u00ean l\u00fd thuy\u1ebft v\u00e0 phong c\u00e1ch l\u00e0m cha m\u1eb9 nh\u1eb9 nh\u00e0ng, \u00f4n h\u00f2a. Cu\u1ed1n s\u00e1ch cung c\u1ea5p nh\u1eefng th\u00f4ng tin \u0111\u01a1n gi\u1ea3n m\u00e0 c\u1ea7n thi\u1ebft v\u1ec1 c\u00e1c giai \u0111o\u1ea1n ph\u00e1t tri\u1ec3n c\u1ee7a tr\u1ebb, \u0111\u1ec3 t\u1eeb \u0111\u00f3 ph\u1ee5 huynh hi\u1ec3u \u0111\u01b0\u1ee3c c\u00e1ch t\u00e1c \u0111\u1ed9ng v\u00e0 giao ti\u1ebfp v\u1edbi con sao cho hi\u1ec7u qu\u1ea3 nh\u1ea5t. Kh\u00f4ng ch\u1ec9 \u0111\u01a1n gi\u1ea3n l\u00e0 n\u00f3i sao cho con ch\u1ecbu l\u1eafng nghe hay l\u1eafng nghe con nh\u01b0 th\u1ebf n\u00e0o, m\u00e0 c\u00f2n ph\u1ea3i t\u00f4n tr\u1ecdng c\u00e1c nguy\u00ean t\u1eafc v\u1ec1 quy\u1ec1n con ng\u01b0\u1eddi v\u00e0 quy\u1ec1n tr\u1ebb em. Tr\u1ebb \u1edf c\u00e1c nh\u00f3m tu\u1ed5i kh\u00e1c nhau c\u00f3 c\u00e1ch x\u1eed l\u00fd th\u00f4ng tin nh\u01b0 th\u1ebf n\u00e0o? C\u00e1c con nh\u1eadn th\u1ee9c ra sao? H\u1ecdc h\u1ecfi t\u1eeb \u0111\u00e2u? Cha m\u1eb9 c\u1ea7n n\u00f3i g\u00ec, l\u00e0m g\u00ec \u0111\u1ec3 c\u00f3 th\u1ec3 c\u00f9ng con \u0111i m\u1ed9t qu\u00e3ng \u0111\u01b0\u1eddng d\u00e0i, \u0111\u1ea3m b\u1ea3o vi\u1ec7c giao ti\u1ebfp v\u1eeba t\u00edch c\u1ef1c v\u00e0 hi\u1ec7u qu\u1ea3, v\u1eeba trao quy\u1ec1n cho con.<\/p>\n<p>B\u1ea1n c\u00f3 th\u1ec3 \u0111\u00e3 t\u1eebng qu\u00e1t m\u1eafng con, v\u00e0 h\u1ed1i h\u1eadn. B\u1ea1n c\u00f3 th\u1ec3 t\u1eebng kh\u00f4ng tin m\u00ecnh \u0111\u00e3 n\u00f3i v\u1edbi con nh\u01b0 v\u1eady. Kh\u00f4ng sao c\u1ea3! Khi nh\u1eadn bi\u1ebft b\u1ea3n th\u00e2n m\u00ecnh c\u1ea7n s\u1eeda ch\u1eefa c\u0169ng l\u00e0 l\u00fac con \u0111\u01b0\u1eddng l\u00e0m cha m\u1eb9 m\u1ed9t c\u00e1ch nh\u1eb9 nh\u00e0ng, t\u00edch c\u1ef1c v\u00e0 t\u00f4n tr\u1ecdng con \u0111\u01b0\u1ee3c m\u1edf ra. Hy v\u1ecdng \u201cG\u1ee1 l\u1ed7i\u201d cha m\u1eb9 trong giao ti\u1ebfp v\u1edbi con s\u1ebd truy\u1ec1n c\u1ea3m h\u1ee9ng \u0111\u1ec3 b\u1ea1n t\u00ecm ki\u1ebfm v\u00e0 s\u1eed d\u1ee5ng c\u00e1c ph\u01b0\u01a1ng ph\u00e1p ti\u1ebfp c\u1eadn \u2013 c\u00f4ng c\u1ee5 giao ti\u1ebfp v\u1edbi tr\u1ebb m\u1ed9t c\u00e1ch t\u1ed1t nh\u1ea5t.<\/p>\n","protected":false},"excerpt":{"rendered":"<p>B\u1ea3n n\u0103ng c\u1ee7a tr\u1ebb em l\u00e0 r\u1ea5t c\u1edfi m\u1edf, d\u1ec5 ti\u1ebfp thu, t\u00f2 m\u00f2, h\u00e1o h\u1ee9c kh\u00e1m ph\u00e1 nh\u1eefng \u0111i\u1ec1u m\u1edbi m\u1ebb, r\u1ea5t th\u00e1o v\u00e1t v\u00e0 ki\u00ean tr\u00ec khi theo \u0111u\u1ed5i m\u1ed9t \u0111i\u1ec1u g\u00ec \u0111\u00f3. N\u1ebfu c\u00f3 th\u1ec3 giao ti\u1ebfp v\u1edbi tr\u1ebb sao cho ph\u00f9 h\u1ee3p v\u1edbi l\u1ee9a tu\u1ed5i, ph\u00f9 h\u1ee3p v\u1edbi v\u0103n h\u00f3a v\u00e0 c\u00f3 t\u00ednh t\u00edch c\u1ef1c th\u00ec \u0111i\u1ec1u n\u00e0y s\u1ebd gi\u00fap x\u00e2y d\u1ef1ng l\u00f2ng t\u1ef1 tr\u1ecdng, s\u1ef1 t\u1ef1 tin \u1edf c\u00e1c con.<\/p>\n<p>Th\u1ebf nh\u01b0ng, th\u1ebf gi\u1edbi c\u1ee7a ch\u00fang ta \u0111ang trong m\u1ed9t cu\u1ed9c kh\u1ee7ng ho\u1ea3ng v\u1ec1 giao ti\u1ebfp. Tr\u1ebb em d\u00e0nh m\u1ed9t l\u01b0\u1ee3ng th\u1eddi gian \u0111\u00e1ng kinh ng\u1ea1c cho c\u00e1c thi\u1ebft b\u1ecb \u0111i\u1ec7n t\u1eed v\u00e0 ch\u00fang \u0111ang m\u1ea5t d\u1ea7n c\u00e1c k\u1ef9 n\u0103ng truy\u1ec1n \u0111\u1ea1t nhu c\u1ea7u b\u1eb1ng l\u1eddi.<\/p>\n<p>Giao ti\u1ebfp v\u00e0 tr\u00f2 chuy\u1ec7n v\u1edbi con l\u00e0 m\u1ed9t trong nh\u1eefng k\u1ef9 n\u0103ng quan tr\u1ecdng nh\u1ea5t trong vi\u1ec7c l\u00e0m cha m\u1eb9. Tuy nhi\u00ean, theo m\u1ed9t kh\u1ea3o s\u00e1t \u0111\u01b0\u1ee3c t\u00e1c gi\u1ea3 Linh Phan th\u1ef1c hi\u1ec7n n\u0103m 2017 tr\u00ean 250 tr\u1ebb em \u1edf mi\u1ec1n B\u1eafc Vi\u1ec7t Nam trong \u0111\u1ed9 tu\u1ed5i t\u1eeb l\u1edbp 6 \u0111\u1ebfn l\u1edbp 12, th\u00ec ch\u1ec9 c\u00f3 22% c\u00e1c em th\u1ea5y r\u1eb1ng vi\u1ec7c giao ti\u1ebfp trong gia \u0111\u00ecnh c\u1ee7a m\u00ecnh l\u00e0 t\u00edch c\u1ef1c. Ph\u1ea7n l\u1edbn c\u00e1c em \u0111\u1ec1u c\u1ea3m th\u1ea5y ti\u1ebfc nu\u1ed1i v\u00ec kh\u00f4ng th\u1ec3 n\u00f3i chuy\u1ec7n m\u1ed9t c\u00e1ch c\u1edfi m\u1edf v\u00e0 nh\u1eb9 nh\u00e0ng v\u1edbi cha m\u1eb9 m\u00ecnh. T\u1ea1i sao v\u1eady? B\u1edfi v\u00ec, ho\u1eb7c l\u00e0 cha m\u1eb9 kh\u00f4ng ch\u1ecbu d\u00e0nh th\u1eddi gian \u0111\u1ec3 l\u1eafng nghe v\u00e0 th\u1ea5u hi\u1ec3u con m\u00ecnh; ho\u1eb7c l\u00e0 h\u1ecd th\u01b0\u1eddng ph\u1ea3n \u1ee9ng th\u00e1i qu\u00e1 v\u00e0 hay qu\u00e1t m\u1eafng, d\u1eabn t\u1edbi c\u00e1c xung \u0111\u1ed9t kh\u00f4ng c\u1ea7n thi\u1ebft, \u0111\u1ed3ng th\u1eddi t\u1ea1o h\u1ed1 s\u00e2u kho\u1ea3ng c\u00e1ch gi\u1eefa cha m\u1eb9 v\u00e0 con c\u00e1i. M\u1ea5t k\u1ebft n\u1ed1i. Thi\u1ebfu g\u1eafn b\u00f3. Kh\u00f4ng c\u00f2n tin t\u01b0\u1edfng.<\/p>\n<p>H\u00e3y th\u1ee9c t\u1ec9nh! Ch\u00fang ta l\u00e0m cha m\u1eb9 c\u00f3 \u1ed5n hay kh\u00f4ng l\u00e0 ph\u1ee5 thu\u1ed9c v\u00e0o vi\u1ec7c ch\u00fang ta c\u00f3 hi\u1ec3u \u0111\u01b0\u1ee3c nh\u1eefng g\u00ec \u0111ang x\u1ea3y ra trong t\u00e2m l\u00fd v\u00e0 cu\u1ed9c s\u1ed1ng c\u1ee7a con m\u00ecnh. V\u00e0 s\u1ef1 th\u1ea5u hi\u1ec3u n\u00e0y l\u1ea1i xu\u1ea5t ph\u00e1t tr\u1ef1c ti\u1ebfp t\u1eeb vi\u1ec7c ch\u00fang ta c\u00f3 th\u1ec3 giao ti\u1ebfp v\u1edbi con s\u00e2u s\u1eafc \u0111\u1ebfn m\u1ee9c n\u00e0o \u0111\u1ec3 c\u00f3 th\u1ec3 t\u00ecm \u0111\u01b0\u1ee3c c\u00e1ch tr\u00f2 chuy\u1ec7n v\u1ec1 nh\u1eefng v\u1ea5n \u0111\u1ec1 kh\u00f3 n\u00f3i, \u0111\u1ed3ng th\u1eddi khi\u1ebfn con c\u1ea3m th\u1ea5y tho\u1ea3i m\u00e1i h\u01a1n khi chia s\u1ebb.<\/p>\n<p>\u201cG\u1ee1 l\u1ed7i\u201d cha m\u1eb9 trong giao ti\u1ebfp v\u1edbi con l\u00e0 n\u1ed7 l\u1ef1c c\u1ee7a t\u00e1c gi\u1ea3 Linh Phan \u0111\u1ec3 chia s\u1ebb nh\u1eefng ki\u1ebfn th\u1ee9c v\u00e0 h\u01b0\u1edbng d\u1eabn ph\u01b0\u01a1ng ph\u00e1p th\u1ef1c h\u00e0nh d\u00e0nh cho ph\u1ee5 huynh li\u00ean quan t\u1edbi vi\u1ec7c giao ti\u1ebfp, tr\u00f2 chuy\u1ec7n, \u1ee9ng x\u1eed v\u1edbi con th\u00f4ng qua l\u1eddi n\u00f3i trong \u0111\u1eddi s\u1ed1ng h\u1eb1ng ng\u00e0y v\u00e0 c\u00e1c t\u00ecnh hu\u1ed1ng c\u1ee5 th\u1ec3 \u2013 d\u1ef1a tr\u00ean l\u00fd thuy\u1ebft v\u00e0 phong c\u00e1ch l\u00e0m cha m\u1eb9 nh\u1eb9 nh\u00e0ng, \u00f4n h\u00f2a. Cu\u1ed1n s\u00e1ch cung c\u1ea5p nh\u1eefng th\u00f4ng tin \u0111\u01a1n gi\u1ea3n m\u00e0 c\u1ea7n thi\u1ebft v\u1ec1 c\u00e1c giai \u0111o\u1ea1n ph\u00e1t tri\u1ec3n c\u1ee7a tr\u1ebb, \u0111\u1ec3 t\u1eeb \u0111\u00f3 ph\u1ee5 huynh hi\u1ec3u \u0111\u01b0\u1ee3c c\u00e1ch t\u00e1c \u0111\u1ed9ng v\u00e0 giao ti\u1ebfp v\u1edbi con sao cho hi\u1ec7u qu\u1ea3 nh\u1ea5t. Kh\u00f4ng ch\u1ec9 \u0111\u01a1n gi\u1ea3n l\u00e0 n\u00f3i sao cho con ch\u1ecbu l\u1eafng nghe hay l\u1eafng nghe con nh\u01b0 th\u1ebf n\u00e0o, m\u00e0 c\u00f2n ph\u1ea3i t\u00f4n tr\u1ecdng c\u00e1c nguy\u00ean t\u1eafc v\u1ec1 quy\u1ec1n con ng\u01b0\u1eddi v\u00e0 quy\u1ec1n tr\u1ebb em. Tr\u1ebb \u1edf c\u00e1c nh\u00f3m tu\u1ed5i kh\u00e1c nhau c\u00f3 c\u00e1ch x\u1eed l\u00fd th\u00f4ng tin nh\u01b0 th\u1ebf n\u00e0o? C\u00e1c con nh\u1eadn th\u1ee9c ra sao? H\u1ecdc h\u1ecfi t\u1eeb \u0111\u00e2u? Cha m\u1eb9 c\u1ea7n n\u00f3i g\u00ec, l\u00e0m g\u00ec \u0111\u1ec3 c\u00f3 th\u1ec3 c\u00f9ng con \u0111i m\u1ed9t qu\u00e3ng \u0111\u01b0\u1eddng d\u00e0i, \u0111\u1ea3m b\u1ea3o vi\u1ec7c giao ti\u1ebfp v\u1eeba t\u00edch c\u1ef1c v\u00e0 hi\u1ec7u qu\u1ea3, v\u1eeba trao quy\u1ec1n cho con.<\/p>\n<p>B\u1ea1n c\u00f3 th\u1ec3 \u0111\u00e3 t\u1eebng qu\u00e1t m\u1eafng con, v\u00e0 h\u1ed1i h\u1eadn. B\u1ea1n c\u00f3 th\u1ec3 t\u1eebng kh\u00f4ng tin m\u00ecnh \u0111\u00e3 n\u00f3i v\u1edbi con nh\u01b0 v\u1eady. Kh\u00f4ng sao c\u1ea3! Khi nh\u1eadn bi\u1ebft b\u1ea3n th\u00e2n m\u00ecnh c\u1ea7n s\u1eeda ch\u1eefa c\u0169ng l\u00e0 l\u00fac con \u0111\u01b0\u1eddng l\u00e0m cha m\u1eb9 m\u1ed9t c\u00e1ch nh\u1eb9 nh\u00e0ng, t\u00edch c\u1ef1c v\u00e0 t\u00f4n tr\u1ecdng con \u0111\u01b0\u1ee3c m\u1edf ra. Hy v\u1ecdng \u201cG\u1ee1 l\u1ed7i\u201d cha m\u1eb9 trong giao ti\u1ebfp v\u1edbi con s\u1ebd truy\u1ec1n c\u1ea3m h\u1ee9ng \u0111\u1ec3 b\u1ea1n t\u00ecm ki\u1ebfm v\u00e0 s\u1eed d\u1ee5ng c\u00e1c ph\u01b0\u01a1ng ph\u00e1p ti\u1ebfp c\u1eadn \u2013 c\u00f4ng c\u1ee5 giao ti\u1ebfp v\u1edbi tr\u1ebb m\u1ed9t c\u00e1ch t\u1ed1t nh\u1ea5t.<\/p>\n","protected":false},"featured_media":17102,"template":"","meta":{"_acf_changed":false},"product_brand":[],"product_cat":[19],"product_tag":[],"class_list":{"0":"post-17103","1":"product","2":"type-product","3":"status-publish","4":"has-post-thumbnail","6":"product_cat-nuoi-day-con","8":"first","9":"outofstock","10":"taxable","11":"shipping-taxable","12":"purchasable","13":"product-type-simple"},"supplier_id":null,"supplier_sku":"","barcode":null,"atum_controlled":true,"out_stock_date":"2023-01-24 21:04:59","out_stock_threshold":null,"inheritable":false,"inbound_stock":0,"stock_on_hold":0,"sold_today":0,"sales_last_days":0,"reserved_stock":0,"customer_returns":0,"warehouse_damage":0,"lost_in_post":0,"other_logs":0,"out_stock_days":1100,"lost_sales":0,"has_location":false,"update_date":"2026-01-28T23:10:59","atum_locations":[],"atum_stock_status":"outofstock","restock_status":false,"low_stock_amount":"","sales_update_date":"2026-01-28T23:10:59","calc_backorders":null,"acf":{"publisher":{"ID":9871,"post_author":"1","post_date":"2021-06-02 17:52:59","post_date_gmt":"2021-06-02 14:52:59","post_content":"","post_title":"Saigon Books","post_excerpt":"","post_status":"publish","comment_status":"closed","ping_status":"closed","post_password":"","post_name":"saigon-books","to_ping":"","pinged":"","post_modified":"2021-06-02 17:52:59","post_modified_gmt":"2021-06-02 14:52:59","post_content_filtered":"","post_parent":0,"guid":"https:\/\/sachviet.eu\/nha-phat-hanh\/saigon-books\/","menu_order":0,"post_type":"publisher","post_mime_type":"","comment_count":"0","filter":"raw"}},"_links":{"self":[{"href":"https:\/\/sachviet.eu\/en\/wp-json\/wp\/v2\/product\/17103","targetHints":{"allow":["GET"]}}],"collection":[{"href":"https:\/\/sachviet.eu\/en\/wp-json\/wp\/v2\/product"}],"about":[{"href":"https:\/\/sachviet.eu\/en\/wp-json\/wp\/v2\/types\/product"}],"wp:featuredmedia":[{"embeddable":true,"href":"https:\/\/sachviet.eu\/en\/wp-json\/wp\/v2\/media\/17102"}],"wp:attachment":[{"href":"https:\/\/sachviet.eu\/en\/wp-json\/wp\/v2\/media?parent=17103"}],"wp:term":[{"taxonomy":"product_brand","embeddable":true,"href":"https:\/\/sachviet.eu\/en\/wp-json\/wp\/v2\/product_brand?post=17103"},{"taxonomy":"product_cat","embeddable":true,"href":"https:\/\/sachviet.eu\/en\/wp-json\/wp\/v2\/product_cat?post=17103"},{"taxonomy":"product_tag","embeddable":true,"href":"https:\/\/sachviet.eu\/en\/wp-json\/wp\/v2\/product_tag?post=17103"}],"curies":[{"name":"wp","href":"https:\/\/api.w.org\/{rel}","templated":true}]}}