{"id":17097,"date":"2022-02-08T20:24:58","date_gmt":"2022-02-08T18:24:58","guid":{"rendered":"https:\/\/sachviet.eu\/shop\/quy-thoai-lien-thien-tap-1\/"},"modified":"2022-02-08T22:02:47","modified_gmt":"2022-02-08T20:02:47","slug":"quy-thoai-lien-thien-tap-1","status":"publish","type":"product","link":"https:\/\/sachviet.eu\/en\/shop\/quy-thoai-lien-thien-tap-1\/","title":{"rendered":"Qu\u1ef7 Tho\u1ea1i Li\u00ean Thi\u00ean &#8211; T\u1eadp 1"},"content":{"rendered":"<p>Con ng\u01b0\u1eddi kh\u00f4ng th\u1ec3 thay \u0111\u1ed5i t\u01b0\u01a1ng lai, ch\u00fang ta ch\u1ec9 c\u00f3 th\u1ec3 nh\u00ecn s\u1ed1 m\u1ec7nh c\u1ee9 ti\u1ebfp di\u1ec5n nh\u01b0 v\u1eady. Cho d\u00f9 s\u00e2u nh\u1ed9ng c\u00f3 h\u00f3a th\u00e0nh b\u01b0\u01a1m b\u01b0\u1edbm th\u00ec c\u0169ng ch\u1ec9 l\u00e0 qu\u00e1 tr\u00ecnh tr\u00ec ho\u00e3n c\u00e1i ch\u1ebft. \u0110\u1ee9ng tr\u01b0\u1edbc b\u1edd v\u1ef1c sinh t\u1eed, t\u1ea5t c\u1ea3 \u0111\u1ec1u tr\u1edf n\u00ean nh\u1ecf b\u00e9 v\u00e0 qu\u00e1 \u0111\u1ed7i mong manh\u2026\u201d<\/p>\n<p>T\u01b0\u01a1ng truy\u1ec1n r\u1eb1ng ng\u01b0\u1eddi c\u00f3 \u0111\u00f4i m\u1eaft \u00e2m d\u01b0\u01a1ng, c\u00f3 th\u1ec3 tr\u00f4ng th\u1ea5y th\u1ee9 m\u00e0 ng\u01b0\u1eddi tr\u1ea7n kh\u00f4ng nh\u00ecn th\u1ea5y nh\u01b0ng c\u00e1i gi\u00e1 \u0111i k\u00e8m c\u0169ng kh\u00f4ng h\u1ec1 nh\u1ecf. \u0110\u00f3 ch\u00ednh con dao hai l\u01b0\u1ee1i lu\u00f4n k\u1ec1 s\u1eb5n c\u1ed5 th\u00e8m kh\u00e1t d\u00f2ng m\u00e1u ch\u1ea3y n\u01a1i huy\u1ebft m\u1ea1ch.<\/p>\n<p>Con m\u1eaft tr\u00e1i c\u1ee7a An Tung l\u00e9n nh\u00ecn \u00e2m gian, thu h\u00fat ma qu\u1ef7. Vi\u1ec7c phi\u1ec1n ph\u1ee9c h\u01a1n c\u1ea3 l\u00e0 h\u1eafn ch\u1ec9 c\u00f3 th\u1ec3 nh\u00ecn m\u00e0 l\u1ea1i kh\u00f4ng c\u00f3 n\u0103ng l\u1ef1c gi\u1ea3i quy\u1ebft.<br \/>\nTr\u1eddi xanh kh\u00f4ng tuy\u1ec7t \u0111\u01b0\u1eddng s\u1ed1ng c\u1ee7a ai bao gi\u1edd! M\u1ea3nh gh\u00e9p c\u00f2n thi\u1ebfu tr\u01b0\u1edbc sau g\u00ec c\u0169ng s\u1ebd tr\u1edf v\u1ec1 \u0111\u00fang ch\u1ed7 c\u1ee7a n\u00f3. Ng\u01b0\u1eddi h\u1ecd B\u1ea1ch th\u00e2m s\u00e2u kh\u00f3 l\u01b0\u1eddng, \u0111\u1ebfn ma qu\u1ef7 c\u0169ng run s\u1ee3 h\u1eafn v\u00e0i ph\u1ea7n k\u00eau m\u1ed9t ti\u1ebfng \u201cB\u1ea1ch thi\u1ebfu gia\u201d ch\u00ednh l\u00e0 ng\u01b0\u1eddi b\u1ea1n \u0111\u1ed3ng h\u00e0nh tre\u0302n tho\u0302ng thie\u0302n va\u0306n du\u031bo\u031b\u0301i tu\u031bo\u031b\u0300ng \u0111i\u0323a ly\u0301 v\u01b0\u1ee3t qua m\u1ecdi chuy\u1ec7n v\u1ec1 \u00e2m \u1ea3nh d\u01b0\u01a1ng gian, nh\u1eefng c\u00e2u chuy\u1ec7n th\u1ea7n b\u00ed ch\u01b0a l\u1eddi gi\u1ea3i \u0111\u00e1p.<\/p>\n<p>R\u1ed3i c\u00e2u chuy\u1ec7n s\u1ebd k\u1ebft th\u00fac nh\u01b0 th\u1ebf n\u00e0o khi m\u00e0 nh\u1eefng th\u1ee9 v\u1ec1 th\u1ebf gi\u1edbi b\u00ean kia v\u1eabn l\u00e0 m\u1ed9t \u0111i\u1ec1u b\u00ed \u1ea9n ch\u01b0a c\u00f3 l\u1eddi gi\u1ea3i \u0111\u00e1p? Li\u1ec7u r\u1eb1ng h\u1ecd c\u00f3 th\u1ec3 c\u00f3 k\u1ebft c\u1ee5c t\u1ed1t \u0111\u1eb9p, c\u00f9ng nhau n\u1eafm tay v\u01b0\u1ee3t qua nh\u1eefng nguy hi\u1ec3m tr\u00f9ng \u0111i\u1ec7p kh\u00f4ng bi\u1ebft \u0111\u00e2u l\u00e0 \u0111i\u1ec3m k\u1ebft th\u00fac \u1ea5y?<\/p>\n","protected":false},"excerpt":{"rendered":"<p>Con ng\u01b0\u1eddi kh\u00f4ng th\u1ec3 thay \u0111\u1ed5i t\u01b0\u01a1ng lai, ch\u00fang ta ch\u1ec9 c\u00f3 th\u1ec3 nh\u00ecn s\u1ed1 m\u1ec7nh c\u1ee9 ti\u1ebfp di\u1ec5n nh\u01b0 v\u1eady. Cho d\u00f9 s\u00e2u nh\u1ed9ng c\u00f3 h\u00f3a th\u00e0nh b\u01b0\u01a1m b\u01b0\u1edbm th\u00ec c\u0169ng ch\u1ec9 l\u00e0 qu\u00e1 tr\u00ecnh tr\u00ec ho\u00e3n c\u00e1i ch\u1ebft. \u0110\u1ee9ng tr\u01b0\u1edbc b\u1edd v\u1ef1c sinh t\u1eed, t\u1ea5t c\u1ea3 \u0111\u1ec1u tr\u1edf n\u00ean nh\u1ecf b\u00e9 v\u00e0 qu\u00e1 \u0111\u1ed7i mong manh\u2026\u201d<\/p>\n<p>T\u01b0\u01a1ng truy\u1ec1n r\u1eb1ng ng\u01b0\u1eddi c\u00f3 \u0111\u00f4i m\u1eaft \u00e2m d\u01b0\u01a1ng, c\u00f3 th\u1ec3 tr\u00f4ng th\u1ea5y th\u1ee9 m\u00e0 ng\u01b0\u1eddi tr\u1ea7n kh\u00f4ng nh\u00ecn th\u1ea5y nh\u01b0ng c\u00e1i gi\u00e1 \u0111i k\u00e8m c\u0169ng kh\u00f4ng h\u1ec1 nh\u1ecf. \u0110\u00f3 ch\u00ednh con dao hai l\u01b0\u1ee1i lu\u00f4n k\u1ec1 s\u1eb5n c\u1ed5 th\u00e8m kh\u00e1t d\u00f2ng m\u00e1u ch\u1ea3y n\u01a1i huy\u1ebft m\u1ea1ch.<\/p>\n<p>Con m\u1eaft tr\u00e1i c\u1ee7a An Tung l\u00e9n nh\u00ecn \u00e2m gian, thu h\u00fat ma qu\u1ef7. Vi\u1ec7c phi\u1ec1n ph\u1ee9c h\u01a1n c\u1ea3 l\u00e0 h\u1eafn ch\u1ec9 c\u00f3 th\u1ec3 nh\u00ecn m\u00e0 l\u1ea1i kh\u00f4ng c\u00f3 n\u0103ng l\u1ef1c gi\u1ea3i quy\u1ebft.<br \/>\nTr\u1eddi xanh kh\u00f4ng tuy\u1ec7t \u0111\u01b0\u1eddng s\u1ed1ng c\u1ee7a ai bao gi\u1edd! M\u1ea3nh gh\u00e9p c\u00f2n thi\u1ebfu tr\u01b0\u1edbc sau g\u00ec c\u0169ng s\u1ebd tr\u1edf v\u1ec1 \u0111\u00fang ch\u1ed7 c\u1ee7a n\u00f3. Ng\u01b0\u1eddi h\u1ecd B\u1ea1ch th\u00e2m s\u00e2u kh\u00f3 l\u01b0\u1eddng, \u0111\u1ebfn ma qu\u1ef7 c\u0169ng run s\u1ee3 h\u1eafn v\u00e0i ph\u1ea7n k\u00eau m\u1ed9t ti\u1ebfng \u201cB\u1ea1ch thi\u1ebfu gia\u201d ch\u00ednh l\u00e0 ng\u01b0\u1eddi b\u1ea1n \u0111\u1ed3ng h\u00e0nh tre\u0302n tho\u0302ng thie\u0302n va\u0306n du\u031bo\u031b\u0301i tu\u031bo\u031b\u0300ng \u0111i\u0323a ly\u0301 v\u01b0\u1ee3t qua m\u1ecdi chuy\u1ec7n v\u1ec1 \u00e2m \u1ea3nh d\u01b0\u01a1ng gian, nh\u1eefng c\u00e2u chuy\u1ec7n th\u1ea7n b\u00ed ch\u01b0a l\u1eddi gi\u1ea3i \u0111\u00e1p.<\/p>\n<p>R\u1ed3i c\u00e2u chuy\u1ec7n s\u1ebd k\u1ebft th\u00fac nh\u01b0 th\u1ebf n\u00e0o khi m\u00e0 nh\u1eefng th\u1ee9 v\u1ec1 th\u1ebf gi\u1edbi b\u00ean kia v\u1eabn l\u00e0 m\u1ed9t \u0111i\u1ec1u b\u00ed \u1ea9n ch\u01b0a c\u00f3 l\u1eddi gi\u1ea3i \u0111\u00e1p? Li\u1ec7u r\u1eb1ng h\u1ecd c\u00f3 th\u1ec3 c\u00f3 k\u1ebft c\u1ee5c t\u1ed1t \u0111\u1eb9p, c\u00f9ng nhau n\u1eafm tay v\u01b0\u1ee3t qua nh\u1eefng nguy hi\u1ec3m tr\u00f9ng \u0111i\u1ec7p kh\u00f4ng bi\u1ebft \u0111\u00e2u l\u00e0 \u0111i\u1ec3m k\u1ebft th\u00fac \u1ea5y?<\/p>\n","protected":false},"featured_media":17095,"template":"","meta":{"_acf_changed":false},"product_brand":[],"product_cat":[73,15],"product_tag":[],"class_list":{"0":"post-17097","1":"product","2":"type-product","3":"status-publish","4":"has-post-thumbnail","6":"product_cat-dam-my-ngon-tinh","7":"product_cat-sach-danh-cho-nguoi-lon","9":"first","10":"outofstock","11":"taxable","12":"shipping-taxable","13":"purchasable","14":"product-type-simple"},"supplier_id":null,"supplier_sku":"","barcode":null,"atum_controlled":true,"out_stock_date":"2022-02-08 18:02:47","out_stock_threshold":null,"inheritable":false,"inbound_stock":0,"stock_on_hold":0,"sold_today":0,"sales_last_days":0,"reserved_stock":0,"customer_returns":0,"warehouse_damage":0,"lost_in_post":0,"other_logs":0,"out_stock_days":1450,"lost_sales":0,"has_location":false,"update_date":"2026-01-28T23:10:59","atum_locations":[],"atum_stock_status":"outofstock","restock_status":false,"low_stock_amount":"","sales_update_date":"2026-01-28T23:10:59","calc_backorders":null,"acf":{"publisher":{"ID":1785,"post_author":"1","post_date":"2021-02-17 01:54:46","post_date_gmt":"2021-02-16 23:54:46","post_content":"<!-- wp:flatsome\/uxbuilder -->\n<h1 style=\"text-align: center;\"><strong>AZ VIETNAM<\/strong><\/h1>\n[row]\n\n[col span=\"8\" span__sm=\"12\"]\n\n<p>Th\u00e0nh l\u1eadp n\u0103m: 2015<br \/>V\u1ed1n \u0111\u1ea7u t\u01b0: 4,000,000,000 \u0111\u1ed3ng<br \/><strong>L\u0129nh v\u1ef1c:<\/strong><br \/>- Xu\u1ea5t b\u1ea3n v\u00e0 ph\u00e1t h\u00e0nh v\u0103n h\u00f3a ph\u1ea9m<br \/>- Cung c\u1ea5p v\u0103n h\u00f3a ph\u1ea9m, c\u00e1c s\u1ea3n ph\u1ea9m cho in \u1ea5n, trang thi\u1ebft b\u1ecb cho c\u00e1c th\u01b0 vi\u1ec7n v\u00e0 trung t\u00e2m s\u00e1ch tr\u00ean c\u1ea3 n\u01b0\u1edbc.<br \/>- Th\u1eddi trang v\u00e0 c\u00e1c s\u1ea3n ph\u1ea9m li\u00ean quan \u0111\u1ebfn l\u0129nh v\u1ef1c th\u1eddi trang<br \/>- Xu\u1ea5t nh\u1eadp kh\u1ea9u c\u00e1c s\u1ea3n ph\u1ea9m v\u0103n h\u00f3a<\/p>\n<p><strong>Quy m\u00f4:<\/strong> 60 nh\u00e2n vi\u00ean<br \/>Kh\u1edfi ngu\u1ed3n c\u1ee7a AZ Vi\u1ec7t Nam ng\u00e0y nay l\u00e0 C\u00f4ng ty TNHH Trung t\u00e2m S\u00e1ch v\u00e0 Thi\u1ebft b\u1ecb Th\u01b0 vi\u1ec7n, v\u1edbi ho\u1ea1t \u0111\u1ed9ng \u0111\u1ea7u ti\u00ean l\u00e0 cung c\u1ea5p s\u00e1ch, trang thi\u1ebft b\u1ecb, v\u0103n h\u00f3a ph\u1ea9m cho c\u00e1c th\u01b0 vi\u1ec7n v\u00e0 trung t\u00e2m s\u00e1ch tr\u00ean c\u1ea3 n\u01b0\u1edbc. T\u1eeb cu\u1ed1i n\u0103m 2010 \u0111\u1ebfn nay, ch\u00fang t\u00f4i \u0111\u00e3 kh\u00f4ng ng\u1eebng n\u1ed7 l\u1ef1c khai ph\u00e1 v\u00e0 ph\u00e1t tri\u1ec3n c\u00e1c d\u00f2ng s\u1ea3n ph\u1ea9m m\u1edbi v\u1edbi 8 th\u01b0\u01a1ng hi\u1ec7u uy t\u00edn. \u0110\u1ec3 \u0111\u00e1p \u1ee9ng nhu c\u1ea7u ph\u00e1t tri\u1ec3n ng\u00e0y m\u1ed9t l\u1edbn m\u1ea1nh v\u00e0 t\u1eadp h\u1ee3p c\u00e1c th\u01b0\u01a1ng hi\u1ec7u \u0111\u00e3 \u0111\u01b0\u1ee3c ch\u00fang t\u00f4i x\u00e2y d\u1ef1ng, 2015 C\u00f4ng ty TNHH AZ Vi\u1ec7t Nam \u0111\u00e3 ra \u0111\u1eddi v\u1edbi s\u1ee9 m\u1ec7nh mang \u0111\u1ebfn nhi\u1ec1u h\u01a1n n\u1eefa nh\u1eefng gi\u00e1 tr\u1ecb tinh th\u1ea7n, tri th\u1ee9c ti\u00ean ti\u1ebfn cho ng\u01b0\u1eddi ti\u00eau d\u00f9ng b\u1eb1ng vi\u1ec7c cung c\u1ea5p nh\u1eefng s\u1ea3n ph\u1ea9m c\u00f3 ch\u1ea5t l\u01b0\u1ee3ng.<\/p>\n\n[\/col]\n[col span=\"4\" span__sm=\"12\"]\n\n[ux_image id=\"1836\" image_size=\"medium\"]\n\n\n[\/col]\n\n[\/row]\n\n<!-- \/wp:flatsome\/uxbuilder -->","post_title":"AZ Vi\u1ec7t Nam","post_excerpt":"","post_status":"publish","comment_status":"closed","ping_status":"closed","post_password":"","post_name":"az-viet-nam","to_ping":"","pinged":"","post_modified":"2021-02-17 22:07:10","post_modified_gmt":"2021-02-17 20:07:10","post_content_filtered":"","post_parent":0,"guid":"https:\/\/sachviet.eu\/nha-phat-hanh\/az-viet-nam\/","menu_order":0,"post_type":"publisher","post_mime_type":"","comment_count":"0","filter":"raw"}},"_links":{"self":[{"href":"https:\/\/sachviet.eu\/en\/wp-json\/wp\/v2\/product\/17097","targetHints":{"allow":["GET"]}}],"collection":[{"href":"https:\/\/sachviet.eu\/en\/wp-json\/wp\/v2\/product"}],"about":[{"href":"https:\/\/sachviet.eu\/en\/wp-json\/wp\/v2\/types\/product"}],"wp:featuredmedia":[{"embeddable":true,"href":"https:\/\/sachviet.eu\/en\/wp-json\/wp\/v2\/media\/17095"}],"wp:attachment":[{"href":"https:\/\/sachviet.eu\/en\/wp-json\/wp\/v2\/media?parent=17097"}],"wp:term":[{"taxonomy":"product_brand","embeddable":true,"href":"https:\/\/sachviet.eu\/en\/wp-json\/wp\/v2\/product_brand?post=17097"},{"taxonomy":"product_cat","embeddable":true,"href":"https:\/\/sachviet.eu\/en\/wp-json\/wp\/v2\/product_cat?post=17097"},{"taxonomy":"product_tag","embeddable":true,"href":"https:\/\/sachviet.eu\/en\/wp-json\/wp\/v2\/product_tag?post=17097"}],"curies":[{"name":"wp","href":"https:\/\/api.w.org\/{rel}","templated":true}]}}