{"id":17091,"date":"2022-02-08T20:23:48","date_gmt":"2022-02-08T18:23:48","guid":{"rendered":"https:\/\/sachviet.eu\/shop\/oi-tinh-yeu\/"},"modified":"2022-04-04T18:50:00","modified_gmt":"2022-04-04T15:50:00","slug":"oi-tinh-yeu","status":"publish","type":"product","link":"https:\/\/sachviet.eu\/en\/shop\/oi-tinh-yeu\/","title":{"rendered":"\u00d4i, T\u00ecnh Y\u00eau!"},"content":{"rendered":"<p>T\u1eeb x\u01b0a \u0111\u1ebfn nay, bi\u1ebft bao toa nh\u00e2n m\u1eb7c kh\u00e1ch \u0111\u00e3 x\u1ebfp h\u00e0ng gia nh\u1eadp \u0111\u1ed9i ng\u0169 nh\u1eefng k\u1ebb t\u00f4n th\u1edd t\u00ecnh y\u00eau, bi\u1ebft bao t\u00e1c ph\u1ea9m \u0111\u00e3 t\u1ee5ng ca \u00e1i t\u00ecnh b\u1ea5t di\u1ec7t, th\u1ebf nh\u01b0ng cu\u1ed1n \u00d4i, t\u00ecnh y\u00eau! n\u00e0y l\u1ea1i \u00f4m m\u1ed9t th\u00e1i \u0111\u1ed9 ho\u00e0i nghi \u0111\u1ed1i v\u1edbi t\u00ecnh y\u00eau. Kh\u00f4ng c\u00f2n th\u1ea5y m\u1ed9t Jimmy tr\u1eef t\u00ecnh n\u1eefa, m\u00e0 thay v\u00e0o \u0111\u00f3 l\u00e0 nh\u1eefng c\u1eb7p \u0111\u00f4i v\u1edbi bao m\u00e2u thu\u1eabn, \u0111\u1eafng cay c\u00f9ng nh\u1eefng l\u1eddi l\u1ebd khi\u1ebfn l\u00f2ng ta nh\u1ecf m\u00e1u. Hai ng\u01b0\u1eddi \u0111\u1ed1i di\u1ec7n m\u00e0 ch\u1eb3ng nh\u00ecn nhau, c\u00f3 \u0111\u00f4i c\u00f3 c\u1eb7p m\u00e0 ch\u1eb3ng ng\u1ecdt ng\u00e0o, vui v\u1ebb\u2026 t\u1ea5t c\u1ea3 \u0111\u1ec1u khi\u1ebfn ta ph\u1ea3i c\u1ea3nh gi\u00e1c, ph\u1ea3i tr\u1ea7m tr\u1ed3 tr\u01b0\u1edbc mu\u00f4n ng\u00e0n g\u01b0\u01a1ng m\u1eb7t tinh t\u1ebf v\u00e0 ph\u1ee9c t\u1ea1p c\u1ee7a t\u00ecnh y\u00eau.<\/p>\n<p>Jimmy Liao l\u00e0 h\u1ecda s\u0129 ti\u00ean phong trong phong tr\u00e0o s\u00e1ch tranh d\u00e0nh cho ng\u01b0\u1eddi l\u1edbn. \u00d4ng \u0111\u00e3 t\u1eebng l\u1ecdt v\u00e0o danh s\u00e1ch &#8220;55 nh\u00e2n v\u1eadt ch\u1ea5u \u00c1 s\u00e1ng t\u1ea1o nh\u1ea5t&#8221; do t\u1ea1p ch\u00ed Studio Voice b\u00ecnh ch\u1ecdn, \u0111\u01b0\u1ee3c k\u00eanh truy\u1ec1n h\u00ecnh Discovery b\u00ecnh ch\u1ecdn l\u00e0 m\u1ed9t trong s\u00e1u nh\u00e2n v\u1eadt c\u00f3 \u1ea3nh h\u01b0\u1edfng nh\u1ea5t \u0110\u00e0i Loan (2007). Nhi\u1ec1u t\u00e1c ph\u1ea9m c\u1ee7a \u00f4ng \u0111\u00e3 \u0111\u01b0\u1ee3c chuy\u1ec3n th\u1ec3 thanh nh\u1ea1c k\u1ecbch, phim truy\u1ec1n h\u00ecnh v\u00e0 phim \u0111i\u1ec7n \u1ea3nh.<\/p>\n","protected":false},"excerpt":{"rendered":"<p>T\u1eeb x\u01b0a \u0111\u1ebfn nay, bi\u1ebft bao toa nh\u00e2n m\u1eb7c kh\u00e1ch \u0111\u00e3 x\u1ebfp h\u00e0ng gia nh\u1eadp \u0111\u1ed9i ng\u0169 nh\u1eefng k\u1ebb t\u00f4n th\u1edd t\u00ecnh y\u00eau, bi\u1ebft bao t\u00e1c ph\u1ea9m \u0111\u00e3 t\u1ee5ng ca \u00e1i t\u00ecnh b\u1ea5t di\u1ec7t, th\u1ebf nh\u01b0ng cu\u1ed1n \u00d4i, t\u00ecnh y\u00eau! n\u00e0y l\u1ea1i \u00f4m m\u1ed9t th\u00e1i \u0111\u1ed9 ho\u00e0i nghi \u0111\u1ed1i v\u1edbi t\u00ecnh y\u00eau. Kh\u00f4ng c\u00f2n th\u1ea5y m\u1ed9t Jimmy tr\u1eef t\u00ecnh n\u1eefa, m\u00e0 thay v\u00e0o \u0111\u00f3 l\u00e0 nh\u1eefng c\u1eb7p \u0111\u00f4i v\u1edbi bao m\u00e2u thu\u1eabn, \u0111\u1eafng cay c\u00f9ng nh\u1eefng l\u1eddi l\u1ebd khi\u1ebfn l\u00f2ng ta nh\u1ecf m\u00e1u. Hai ng\u01b0\u1eddi \u0111\u1ed1i di\u1ec7n m\u00e0 ch\u1eb3ng nh\u00ecn nhau, c\u00f3 \u0111\u00f4i c\u00f3 c\u1eb7p m\u00e0 ch\u1eb3ng ng\u1ecdt ng\u00e0o, vui v\u1ebb\u2026 t\u1ea5t c\u1ea3 \u0111\u1ec1u khi\u1ebfn ta ph\u1ea3i c\u1ea3nh gi\u00e1c, ph\u1ea3i tr\u1ea7m tr\u1ed3 tr\u01b0\u1edbc mu\u00f4n ng\u00e0n g\u01b0\u01a1ng m\u1eb7t tinh t\u1ebf v\u00e0 ph\u1ee9c t\u1ea1p c\u1ee7a t\u00ecnh y\u00eau.<\/p>\n<p>Jimmy Liao l\u00e0 h\u1ecda s\u0129 ti\u00ean phong trong phong tr\u00e0o s\u00e1ch tranh d\u00e0nh cho ng\u01b0\u1eddi l\u1edbn. \u00d4ng \u0111\u00e3 t\u1eebng l\u1ecdt v\u00e0o danh s\u00e1ch &#8220;55 nh\u00e2n v\u1eadt ch\u1ea5u \u00c1 s\u00e1ng t\u1ea1o nh\u1ea5t&#8221; do t\u1ea1p ch\u00ed Studio Voice b\u00ecnh ch\u1ecdn, \u0111\u01b0\u1ee3c k\u00eanh truy\u1ec1n h\u00ecnh Discovery b\u00ecnh ch\u1ecdn l\u00e0 m\u1ed9t trong s\u00e1u nh\u00e2n v\u1eadt c\u00f3 \u1ea3nh h\u01b0\u1edfng nh\u1ea5t \u0110\u00e0i Loan (2007). Nhi\u1ec1u t\u00e1c ph\u1ea9m c\u1ee7a \u00f4ng \u0111\u00e3 \u0111\u01b0\u1ee3c chuy\u1ec3n th\u1ec3 thanh nh\u1ea1c k\u1ecbch, phim truy\u1ec1n h\u00ecnh v\u00e0 phim \u0111i\u1ec7n \u1ea3nh.<\/p>\n","protected":false},"featured_media":17090,"template":"","meta":{"_acf_changed":false},"product_brand":[],"product_cat":[17,18,26],"product_tag":[],"class_list":{"0":"post-17091","1":"product","2":"type-product","3":"status-publish","4":"has-post-thumbnail","6":"product_cat-sach-danh-cho-cac-be","7":"product_cat-kinh-te","8":"product_cat-thieu-nien-11-tuoi-18-tuoi","10":"first","11":"instock","12":"taxable","13":"shipping-taxable","14":"purchasable","15":"product-type-simple"},"supplier_id":null,"supplier_sku":"","barcode":null,"atum_controlled":true,"out_stock_date":null,"out_stock_threshold":null,"inheritable":false,"inbound_stock":0,"stock_on_hold":0,"sold_today":0,"sales_last_days":0,"reserved_stock":0,"customer_returns":0,"warehouse_damage":0,"lost_in_post":0,"other_logs":0,"out_stock_days":0,"lost_sales":0,"has_location":false,"update_date":"2026-01-28T23:10:59","atum_locations":[],"atum_stock_status":"instock","restock_status":false,"low_stock_amount":"","sales_update_date":"2026-01-28T23:10:59","calc_backorders":null,"acf":{"publisher":{"ID":1454,"post_author":"1","post_date":"2021-02-17 01:11:34","post_date_gmt":"2021-02-16 23:11:34","post_content":"<!-- wp:flatsome\/uxbuilder -->\n<h1 style=\"text-align: center;\"><strong>Kim \u0110\u1ed3ng<\/strong><\/h1>\n[row]\n\n[col span=\"3\" span__sm=\"12\"]\n\n[ux_image id=\"1534\" image_size=\"medium\"]\n\n\n[\/col]\n[col span=\"9\" span__sm=\"12\"]\n\n<p>Nh\u00e0 xu\u1ea5t b\u1ea3n Kim \u0110\u1ed3ng tr\u1ef1c thu\u1ed9c Trung \u01b0\u01a1ng \u0110o\u00e0n TNCS H\u1ed3 Ch\u00ed Minh l\u00e0 Nh\u00e0 xu\u1ea5t b\u1ea3n t\u1ed5ng h\u1ee3p c\u00f3 ch\u1ee9c n\u0103ng xu\u1ea5t b\u1ea3n s\u00e1ch v\u00e0 v\u0103n h\u00f3a ph\u1ea9m ph\u1ee5c v\u1ee5 thi\u1ebfu nhi v\u00e0 c\u00e1c b\u1eadc ph\u1ee5 huynh trong c\u1ea3 n\u01b0\u1edbc, qu\u1ea3ng b\u00e1 v\u00e0 gi\u1edbi thi\u1ec7u v\u0103n h\u00f3a Vi\u1ec7t Nam ra th\u1ebf gi\u1edbi.<br \/>Nh\u00e0 xu\u1ea5t b\u1ea3n c\u00f3 nhi\u1ec7m v\u1ee5 t\u1ed5 ch\u1ee9c b\u1ea3n th\u1ea3o, bi\u00ean so\u1ea1n, bi\u00ean d\u1ecbch, xu\u1ea5t b\u1ea3n v\u00e0 ph\u00e1t h\u00e0nh c\u00e1c xu\u1ea5t b\u1ea3n ph\u1ea9m c\u00f3 n\u1ed9i dung: gi\u00e1o d\u1ee5c truy\u1ec1n th\u1ed1ng d\u00e2n t\u1ed9c, gi\u00e1o d\u1ee5c v\u1ec1 tri th\u1ee9c, ki\u1ebfn th\u1ee9c\u2026 tr\u00ean c\u00e1c l\u0129nh v\u1ef1c v\u0103n h\u1ecdc, ngh\u1ec7 thu\u1eadt, khoa h\u1ecdc k\u1ef9 thu\u1eadt nh\u1eb1m cung c\u1ea5p cho c\u00e1c em thi\u1ebfu nhi c\u0169ng nh\u01b0 c\u00e1c b\u1eadc ph\u1ee5 huynh c\u00e1c ki\u1ebfn th\u1ee9c c\u1ea7n thi\u1ebft trong cu\u1ed9c s\u1ed1ng, nh\u1eefng tinh hoa c\u1ee7a tri th\u1ee9c nh\u00e2n lo\u1ea1i nh\u1eb1m g\u00f3p ph\u1ea7n gi\u00e1o d\u1ee5c v\u00e0 h\u00ecnh th\u00e0nh nh\u00e2n c\u00e1ch th\u1ebf h\u1ec7 tr\u1ebb.<br \/>\u0110\u1ed1i t\u01b0\u1ee3ng ph\u1ee5c v\u1ee5 c\u1ee7a Nh\u00e0 xu\u1ea5t b\u1ea3n l\u00e0 c\u00e1c em t\u1eeb tu\u1ed5i nh\u00e0 tr\u1ebb m\u1eabu gi\u00e1o (1 \u0111\u1ebfn 5 tu\u1ed5i), nhi \u0111\u1ed3ng (6 \u0111\u1ebfn 9 tu\u1ed5i), thi\u1ebfu ni\u00ean (10 \u0111\u1ebfn 15 tu\u1ed5i) \u0111\u1ebfn c\u00e1c em tu\u1ed5i m\u1edbi l\u1edbn (16 \u0111\u1ebfn 18 tu\u1ed5i) v\u00e0 c\u00e1c b\u1eadc ph\u1ee5 huynh.<\/p>\n\n[\/col]\n\n[\/row]\n\n<!-- \/wp:flatsome\/uxbuilder -->","post_title":"Kim \u0110\u1ed3ng","post_excerpt":"","post_status":"publish","comment_status":"closed","ping_status":"closed","post_password":"","post_name":"kim-dong","to_ping":"","pinged":"","post_modified":"2021-02-17 01:31:56","post_modified_gmt":"2021-02-16 23:31:56","post_content_filtered":"","post_parent":0,"guid":"https:\/\/sachviet.eu\/nha-phat-hanh\/kim-dong\/","menu_order":0,"post_type":"publisher","post_mime_type":"","comment_count":"0","filter":"raw"}},"_links":{"self":[{"href":"https:\/\/sachviet.eu\/en\/wp-json\/wp\/v2\/product\/17091","targetHints":{"allow":["GET"]}}],"collection":[{"href":"https:\/\/sachviet.eu\/en\/wp-json\/wp\/v2\/product"}],"about":[{"href":"https:\/\/sachviet.eu\/en\/wp-json\/wp\/v2\/types\/product"}],"wp:featuredmedia":[{"embeddable":true,"href":"https:\/\/sachviet.eu\/en\/wp-json\/wp\/v2\/media\/17090"}],"wp:attachment":[{"href":"https:\/\/sachviet.eu\/en\/wp-json\/wp\/v2\/media?parent=17091"}],"wp:term":[{"taxonomy":"product_brand","embeddable":true,"href":"https:\/\/sachviet.eu\/en\/wp-json\/wp\/v2\/product_brand?post=17091"},{"taxonomy":"product_cat","embeddable":true,"href":"https:\/\/sachviet.eu\/en\/wp-json\/wp\/v2\/product_cat?post=17091"},{"taxonomy":"product_tag","embeddable":true,"href":"https:\/\/sachviet.eu\/en\/wp-json\/wp\/v2\/product_tag?post=17091"}],"curies":[{"name":"wp","href":"https:\/\/api.w.org\/{rel}","templated":true}]}}