{"id":17089,"date":"2022-02-08T20:23:35","date_gmt":"2022-02-08T18:23:35","guid":{"rendered":"https:\/\/sachviet.eu\/shop\/combo-8-cuon-mathstart-trai-nghiem-toan-hoc\/"},"modified":"2023-07-21T11:45:43","modified_gmt":"2023-07-21T08:45:43","slug":"combo-8-cuon-mathstart-trai-nghiem-toan-hoc","status":"publish","type":"product","link":"https:\/\/sachviet.eu\/en\/shop\/combo-8-cuon-mathstart-trai-nghiem-toan-hoc\/","title":{"rendered":"Combo 8 Cu\u1ed1n: Mathstart Tr\u1ea3i Nghi\u1ec7m To\u00e1n H\u1ecdc"},"content":{"rendered":"<p>N\u00f4\u0323i dung chi\u0301nh cu\u0309a t\u01b0\u0300ng cu\u00f4\u0301n<\/p>\n<p>a) Thang m\u00e1y ph\u00e9p thu\u1eadt<\/p>\n<p>C\u1eadu b\u00e9 Ben vui m\u1eebng khi \u0111\u01b0\u1ee3c theo ch\u00e2n m\u1eb9 \u0111\u1ebfn ch\u1ed7 l\u00e0m. M\u1ed7i l\u1ea7n thang m\u00e1y \u0111i xu\u1ed1ng, c\u1eadu ph\u1ea3i th\u1ef1c hi\u1ec7n ph\u00e9p tr\u1eeb \u0111\u1ec3 ch\u1ecdn \u0111\u00fang t\u1ea7ng v\u00e0 khi c\u00e1nh c\u1eeda m\u1edf ra nh\u1eefng khung c\u1ea3nh k\u1ef3 l\u1ea1, di\u1ec7u k\u1ef3 \u0111ang ch\u1edd \u0111\u00f3n c\u1eadu. H\u00e3y c\u00f9ng kh\u00e1m ph\u00e1 b\u00ed \u1ea9n v\u00e0 l\u00e0m quen v\u1edbi ph\u00e9p tr\u1eeb trong Thang m\u00e1y ph\u00e9p thu\u1eadt.<\/p>\n<p>b) L\u1ec5 h\u1ed9i \u1edf V\u01b0\u01a1ng qu\u1ed1c kh\u1ec9<\/p>\n<p>M\u00f9a l\u1ec5 h\u1ed9i \u1edf V\u01b0\u01a1ng qu\u1ed1c kh\u1ec9 th\u1eadt n\u00e1o nhi\u1ec7t v\u1edbi nh\u1eefng m\u00e0n tr\u00ecnh di\u1ec5n \u0111\u1ed9c \u0111\u00e1o. \u0110o\u00e0n xi\u1ebfc xe \u0111\u1ea1p \u0111i theo t\u1eebng c\u1eb7p, \u0111o\u00e0n nh\u00e0o l\u1ed9n t\u1ea1o th\u00e0nh nh\u1eefng nh\u00f3m 3 n\u0103ng \u0111\u1ed9ng v\u00e0 ban nh\u1ea1c b\u01b0\u1edbc \u0111i theo t\u1eebng nh\u00f3m 4 r\u1ed9n r\u00e0ng. C\u00e1c b\u1ea1n nh\u1ecf c\u00f3 th\u1ec3 v\u1eeba \u0111\u1ecdc truy\u1ec7n v\u00f9a th\u1ef1c h\u00e0nh \u0111\u1ebfm theo nh\u00f3m th\u1eadt vui v\u1edbi L\u1ec5 h\u1ed9i \u1edf V\u01b0\u01a1ng qu\u1ed1c kh\u1ec9.<\/p>\n<p>c) Cu\u1ed9c thi tr\u00ean b\u1edd bi\u1ec3n<\/p>\n<p>Ba ng\u01b0\u1eddi b\u1ea1n c\u00f9ng tham gia cu\u1ed9c thi x\u00e2y l\u00e2u \u0111\u00e0i c\u00e1t. Gi\u00e1m kh\u1ea3o c\u1ee7a cu\u1ed9c thi \u2212 c\u1ee9u h\u1ed9 vi\u00ean Larry c\u1ea7n \u0111o th\u1eadt ch\u00ednh x\u00e1c t\u1eebng l\u00e2u \u0111\u00e0i. H\u00e3y c\u00f9ng th\u1ef1c h\u00e0nh \u0111o v\u1edbi anh Larry v\u00e0 t\u00ecm ra ng\u01b0\u1eddi chi\u1ebfn th\u1eafng trong Cu\u1ed9c thi tr\u00ean b\u1edd bi\u1ec3n.<\/p>\n<p>d) K\u1ef3 ngh\u1ec9 tuy\u1ec7t nh\u1ea5t<\/p>\n<p>Lucy th\u1ea5y gia \u0111\u00ecnh m\u00ecnh \u0111ang qu\u00e1 b\u1eadn r\u1ed9n v\u1edbi nh\u1eefng c\u00f4ng vi\u1ec7c ri\u00eang v\u00e0 th\u1ef1c s\u1ef1 c\u1ea7n m\u1ed9t k\u1ef3 ngh\u1ec9. Nh\u01b0ng c\u1ea3 nh\u00e0 s\u1ebd \u0111i \u0111\u00e2u \u0111\u00e2y? B\u1ea1n \u1ea5y \u0111\u00e3 s\u1eed d\u1ee5ng b\u1ea3ng th\u1ed1ng k\u00ea v\u00e0 k\u1ef9 n\u0103ng gi\u1ea3i quy\u1ebft v\u1ea5n \u0111\u1ec1 \u0111\u1ec3 t\u00ecm ra \u0111\u1ecba \u0111i\u1ec3m cho k\u1ef3 ngh\u1ec9 \u0111\u00e1ng nh\u1edb c\u1ee7a c\u00e1c th\u00e0nh vi\u00ean trong gia \u0111\u00ecnh. H\u00e3y c\u00f9ng kh\u00e1m ph\u00e1 \u0111\u1ecba \u0111i\u1ec3m l\u00fd t\u01b0\u1edfng \u0111\u00f3 nh\u00e9 \u2013 n\u01a1i \u0111\u00f3 g\u1ea7n h\u01a1n t\u01b0\u1edfng t\u01b0\u1ee3ng c\u1ee7a b\u1ea1n \u0111\u1ea5y!<\/p>\n<p>e) Chuy\u1ebfn phi\u00eau l\u01b0u c\u1ee7a thuy\u1ec1n tr\u01b0\u1edfng si\u00eau \u0111\u1eb3ng<\/p>\n<p>Thuy\u1ec1n tr\u01b0\u1edfng si\u00eau \u0111\u1eb3ng Sam c\u1ea7n s\u1eed d\u1ee5ng c\u00e1c h\u00ecnh kh\u1ed1i k\u1ef3 \u1ea3o tr\u00ean b\u1ea3ng \u0111i\u1ec1u khi\u1ec3n c\u1ee7a con t\u00e0u v\u0169 tr\u1ee5 Chim \u01b0ng \u0111\u1ec3 quay v\u1ec1 Tr\u00e1i \u0110\u1ea5t. H\u00e3y c\u00f9ng l\u00e0m quen v\u1edbi h\u00ecnh kh\u1ed1i trong Chuy\u1ebfn phi\u00eau l\u01b0u c\u1ee7a thuy\u1ec1n tr\u01b0\u1edfng si\u00eau \u0111\u1eb3ng.<\/p>\n<p>f) M\u1ed9t ng\u00e0y b\u1ea5t ng\u1edd c\u1ee7a Jack<\/p>\n<p>C\u1eadu b\u00e9 Jack c\u00f3 th\u00f3i quen d\u1ef1 \u0111o\u00e1n nh\u1eefng chuy\u1ec7n s\u1ebd x\u1ea3y ra t\u1eeb kinh nghi\u1ec7m c\u1ee7a m\u00ecnh. Li\u1ec7u d\u1ef1 \u0111o\u00e1n v\u1ec1 c\u00e1c m\u00f3n \u0103n, b\u1ea1n c\u00f9ng t\u1eadp, hay ph\u1ea7n th\u01b0\u1edfng c\u1ee7a hu\u1ea5n luy\u1ec7n vi\u00ean c\u1ee7a c\u1eadu c\u00f3 ch\u00ednh x\u00e1c kh\u00f4ng? C\u00f9ng h\u1ecdc v\u1ec1 c\u00e1c t\u1eeb ch\u1ec9 kh\u1ea3 n\u0103ng trong x\u00e1c su\u1ea5t nh\u01b0 ch\u1eafc ch\u1eafn, nhi\u1ec1u kh\u1ea3 n\u0103ng, \u00edt kh\u1ea3 n\u0103ng ho\u1eb7c kh\u00f4ng th\u1ec3 x\u1ea3y ra trong M\u1ed9t ng\u00e0y b\u1ea5t ng\u1edd c\u1ee7a Jack.<\/p>\n<p>g) Chuy\u1ebfn xe \u0111\u1eb7c bi\u1ec7t c\u1ee7a Jill<\/p>\n<p>Chi\u1ebfc xe t\u1ea3i c\u1ee7a c\u00f4 b\u00e9 Jill c\u00f9ng ch\u00fa c\u00fan Puppy l\u0103n b\u00e1nh v\u00e0 ch\u1edf theo m\u1ed9t chuy\u1ebfn h\u00e0ng \u0111\u1eb7c bi\u1ec7t. Tr\u00ean \u0111\u01b0\u1eddng \u0111i, c\u00f4 b\u00e9 c\u1ed9ng c\u00e1c con v\u1eadt tr\u00ean t\u1eebng chi\u1ebfc xe ch\u1ea1y l\u01b0\u1edbt qua \u2013 nh\u01b0ng \u0111\u00f3 kh\u00f4ng ph\u1ea3i nh\u1eefng con v\u1eadt b\u00ecnh th\u01b0\u1eddng v\u00e0 t\u1ea5t c\u1ea3 \u0111\u1ec1u \u0111\u01b0\u1ee3c ch\u1edf \u0111\u1ebfn m\u1ed9t \u0111\u1ecba \u0111i\u1ec3m b\u00ed m\u1eadt. H\u00e3y c\u00f9ng kh\u00e1m ph\u00e1 b\u1ea5t ng\u1edd v\u00e0 l\u00e0m quen v\u1edbi ph\u00e9p c\u1ed9ng trong Chuy\u1ebfn xe \u0111\u1eb7c bi\u1ec7t c\u1ee7a Jill.<\/p>\n<p>h) D\u1eady \u0111i th\u00f4i!<\/p>\n<p>Nh\u1eefng b\u1ea1n nh\u1ecf th\u00edch ng\u1ee7 n\u01b0\u1edbng \u1eaft h\u1eb3n s\u1ebd m\u01a1 \u01b0\u1edbc c\u00f3 m\u1ed9t ch\u00fa ch\u00f3 nh\u01b0 Sammie \u2013 ch\u00fa ch\u00f3 gi\u00fap c\u00f4 b\u00e9 Lily c\u00f3 th\u1ec3 \u0111i h\u1ecdc \u0111\u00fang gi\u1edd m\u1ed7i ng\u00e0y. H\u00e3y c\u00f9ng th\u1ef1c h\u00e0nh ph\u00e9p c\u1ed9ng tr\u00ean nh\u1eefng \u0111o\u1ea1n th\u1eb3ng m\u00e0u s\u1eafc v\u00e0 ch\u1edd xem Lily c\u00f3 \u0111i h\u1ecdc \u0111\u00fang gi\u1edd kh\u00f4ng nh\u00e9!<\/p>\n<p>i) Cu\u1ed9c chi\u1ebfn \u0111\u1ed3 \u0103n (Th\u1ef1c h\u00e0nh chia \u0111\u1ec1u)<\/p>\n<p>Cu\u1ed9c chi\u1ebfn gi\u1eef c\u00f4 ch\u1ecb Beth v\u00e0 c\u1eadu em trai Brian l\u00fac n\u00e0o c\u0169ng xoay quanh vi\u1ec7c chia \u0111\u1ec1u \u0111\u1ed3 \u0103n. L\u00e0m th\u1ebf n\u00e0o \u0111\u1ec3 chia \u0111\u1ec1u pizza, b\u00e1nh cupcake cho hai ch\u1ecb em \u0111\u00e2y? C\u00f9ng kh\u00e1m ph\u00e1 Cu\u1ed9c chi\u1ebfn \u0111\u1ed3 \u0103n \u0111\u1ea7y gay c\u1ea5n v\u00e0 th\u1ef1c h\u00e0nh chia \u0111\u1ec1u c\u00f9ng Beth v\u00e0 Brian nh\u00e9!<\/p>\n<p>j) Bu\u1ed5i th\u1ea3 di\u1ec1u \u0111\u00e1ng nh\u1edb<\/p>\n<p>Ch\u1ecb em song sinh Bob v\u00e0 Hannah th\u1eadt nh\u01b0 n\u01b0\u1edbc v\u1edbi l\u1eeda. C\u1ea3 hai v\u1ea1ch \u0111\u01b0\u1eddng ph\u00e2n chia \u201cl\u00e3nh th\u1ed5\u201d m\u1ecdi l\u00fac m\u1ecdi n\u01a1i, t\u1eeb gh\u1ebf ng\u1ed3i tr\u00ean xe \u00f4 t\u00f4, t\u1ea5m kh\u0103n tr\u1ea3i tr\u00ean b\u00e3i bi\u1ec3n \u0111\u1ebfn mi\u1ebfng b\u00e1nh m\u00ec l\u00e1t c\u0169ng ph\u1ea3i c\u1eaft \u0111\u00f4i ho\u00e0n h\u1ea3o. Nh\u01b0ng \u0111\u1ec3 c\u00f9ng nhau l\u00e0m m\u1ed9t chi\u1ebfc di\u1ec1u theo h\u01b0\u1edbng d\u1eabn c\u1ee7a ch\u1ecb Laura, ch\u1ecb em h\u1ecd c\u1ea7n ph\u1ea3i h\u1ecdc c\u00e1ch h\u1ee3p t\u00e1c v\u1edbi nhau. H\u00e3y c\u00f9ng ch\u1edd \u0111\u00f3n k\u1ebft th\u00fac \u0111\u1ea7y th\u00fa v\u1ecb v\u00e0 l\u00e0m quen v\u1edbi h\u00ecnh \u0111\u1ed1i x\u1ee9ng trong Bu\u1ed5i th\u1ea3 di\u1ec1u \u0111\u00e1ng nh\u1edb.<\/p>\n<p>k) Nh\u1eadt k\u00fd \u0111\u1ea7u \u0111\u1eddi c\u1ee7a M\u00e8o H\u1ea1t Ti\u00eau<\/p>\n<p>S\u1ef1 thay \u0111\u1ed5i ch\u00fa m\u00e8o con H\u1ea1t Ti\u00eau th\u1eadt m\u1edbi l\u1ea1 v\u1edbi Lisa v\u00e0 c\u1eadu em Joey! Lisa c\u1ea9n th\u1eadn ghi ch\u00e9p nh\u1eefng d\u1ea5u m\u1ed1c \u0111\u1ea7u \u0111\u1eddi c\u1ee7a ch\u00fa m\u00e8o trong m\u1ed9t cu\u1ed1n nh\u1eadt k\u00fd. H\u00e3y c\u00f9ng theo d\u00f5i h\u00e0nh tr\u00ecnh m\u1ed9t n\u0103m \u0111\u1ea7y m\u1edbi l\u1ea1 c\u1ee7a ch\u00fa m\u00e8o v\u00e0 h\u1ecdc c\u00e1ch xem l\u1ecbch trong Nh\u1eadt k\u00fd \u0111\u1ea7u \u0111\u1eddi c\u1ee7a M\u00e8o H\u1ea1t Ti\u00eau.<\/p>\n<p>l) Chi\u1ebfc b\u00e1nh vi\u1ec7t qu\u1ea5t v\u00e0 G\u1ea5u m\u1eb9 c\u00f4ng b\u1eb1ng (L\u00e0m quen v\u1edbi s\u1ed1 c\u00f3 hai ch\u1eef s\u1ed1)<\/p>\n<p>B\u1ed1n ch\u00fa g\u1ea5u con th\u00edch nh\u1ea5t m\u00f3n b\u00e1nh n\u01b0\u1edbng vi\u1ec7t qu\u1ea5t Ruy B\u0103ng Xanh c\u1ee7a g\u1ea5u m\u1eb9 V\u0129 \u0110\u1ea1i. \u0110\u1ec3 chu\u1ea9n b\u1ecb cho m\u00f3n n\u00e0y, g\u1ea5u m\u1eb9 \u0111\u00e3 y\u00eau c\u1ea7u c\u00e1c con v\u00e0o r\u1eebng t\u00ecm ki\u1ebfm nguy\u00ean li\u1ec7u. B\u1ed1n ch\u00fa g\u1ea5u \u0111\u00e3 t\u1ea1o g\u1ed9p th\u00e0nh c\u00e1c nh\u00f3m m\u01b0\u1eddi \u0111\u1ec3 \u0111\u1ebfm v\u00e0 t\u1ea1o th\u00e0nh s\u1ed1 c\u00f3 hai ch\u1eef s\u1ed1. C\u00f9ng th\u1ef1c h\u00e0nh t\u1ea1o s\u1ed1 v\u00e0 t\u00ednh to\u00e1n \u0111\u1ec3 xem c\u00e1c b\u1ea1n \u1ea5y c\u00f3 ki\u1ebfm \u0111\u1ee7 nguy\u00ean li\u1ec7u cho m\u00f3n b\u00e1nh c\u1ee7a g\u1ea5u m\u1eb9 V\u0129 \u0110\u1ea1i kh\u00f4ng nh\u00e9!<\/p>\n<p>V\u1ec1 t\u00e1c gi\u1ea3:<\/p>\n<p>T\u00e1c gi\u1ea3 STUART J. MURPHY \u0111\u00e3 \u0111i kh\u1eafp n\u01b0\u1edbc M\u1ef9, n\u00f3i chuy\u1ec7n v\u1edbi h\u00e0ng ngh\u00ecn tr\u1ebb em. Ng\u1ea1c nhi\u00ean h\u01a1n, ch\u1ee7 \u0111\u1ec1 c\u1ee7a nh\u1eefng cu\u1ed9c tr\u00f2 chuy\u1ec7n n\u00e0y ch\u00ednh l\u00e0 TO\u00c1N H\u1eccC! \u00d4ng khi\u1ebfn r\u1ea5t nhi\u1ec1u b\u1ea1n nh\u1ecf b\u1ea5t ng\u1edd nh\u1eadn ra m\u00ecnh v\u1eabn s\u1eed d\u1ee5ng to\u00e1n m\u1ed7i ng\u00e0y \u2014 \u0111\u1ec3 chia s\u1ebb m\u1ed9t chi\u1ebfc b\u00e1nh pizza, d\u00f9ng ti\u1ec1n ti\u00eau v\u1eb7t v\u00e0 th\u1eadm ch\u00ed l\u00e0 t\u1ea1o ra m\u1ed9t chi\u1ebfc di\u1ec1u ho\u00e0n h\u1ea3o. Nh\u1eefng c\u00e2u chuy\u1ec7n to\u00e1n h\u1ecdc h\u00e0i h\u01b0\u1edbc c\u1ee7a \u00f4ng \u0111\u00e3 mang l\u1ea1i ni\u1ec1m vui h\u1ecdc to\u00e1n cho h\u00e0ng tri\u1ec7u \u0111\u1ed9c gi\u1ea3 nh\u1ecf tu\u1ed5i tr\u00ean kh\u1eafp th\u1ebf gi\u1edbi. \u00d4ng c\u0169ng l\u00e0 ng\u01b0\u1eddi s\u00e1ng l\u1eadp ra trang web luy\u1ec7n tr\u00ed n\u00e3o tr\u1ef1c tuy\u1ebfn BrainedU v\u00e0 \u0111i\u1ec1u h\u00e0nh trang gi\u1ea3i \u0111\u1ed1 h\u00e0ng ng\u00e0y PuzzleM<\/p>\n","protected":false},"excerpt":{"rendered":"<p>Tr\u1ebb t\u1eeb 4-6 tu\u1ed5i n\u00ean \u0111\u01b0\u1ee3c l\u00e0m quen v\u1edbi c\u00e1c kh\u00e1i ni\u1ec7m to\u00e1n h\u1ecdc c\u01a1 b\u1ea3n nh\u01b0 ph\u00e9p c\u00f4ng, ph\u00e9p tr\u1eeb, \u0111\u1ebfm theo nh\u00f3m, th\u1ef1c h\u00e0nh \u0111o\u2026 m\u1ed9t c\u00e1ch tr\u1ef1c quan \u0111\u1ec3 chu\u1ea9n b\u1ecb tr\u01b0\u1edbc khi b\u01b0\u1edbc v\u00e0o l\u1edbp 1. \u0110\u1ec3 nh\u1eefng ho\u1ea1t \u0111\u1ed9ng th\u01b0\u1eddng ng\u00e0y tr\u1edf th\u00e0nh m\u1ed9t ti\u1ebft h\u1ecdc to\u00e1n th\u00fa v\u1ecb, b\u1ed9 s\u00e1ch Math Start \u2212 Tr\u1ea3i nghi\u1ec7m to\u00e1n h\u1ecdc \u0111\u00e3 kh\u00e9o l\u00e9o \u0111\u01b0a to\u00e1n h\u1ecdc v\u00e0o c\u00e1c c\u00e2u chuy\u1ec7n g\u1ea7n g\u0169i, vui nh\u1ed9n gi\u00fap tr\u1ebb c\u00f3 b\u01b0\u1edbc l\u00e0m quen v\u1edbi m\u00f4n to\u00e1n \u0111\u1ea7y h\u00e0o h\u1ee9ng.<\/p>\n<p>B\u1ed9 s\u00e1ch \u0111\u01b0\u1ee3c x\u00e2y d\u1ef1ng d\u1ef1a theo s\u1ef1 ph\u00e1t tri\u1ec3n c\u1ee7a l\u1ee9a tu\u1ed5i v\u00e0 khung ch\u01b0\u01a1ng tr\u00ecnh ti\u00eau chu\u1ea9n gi\u1ea3ng d\u1ea1y c\u1ee7a H\u1ed9i \u0111\u1ed3ng Gi\u00e1o vi\u00ean To\u00e1n Qu\u1ed1c gia c\u1ee7a M\u1ef9 (NCTM) \u2212 t\u1ed5 ch\u1ee9c gi\u00e1o d\u1ee5c to\u00e1n h\u1ecdc l\u1edbn nh\u1ea5t th\u1ebf gi\u1edbi.<\/p>\n<p>Ph\u1ea7n G\u00f3c chia s\u1ebb t\u1eeb chuy\u00ean gia cu\u1ed1i m\u1ed7i cu\u1ed1n s\u00e1ch s\u1ebd \u0111\u01b0a ra nh\u1eefng h\u01b0\u1edbng d\u1eabn chi ti\u1ebft gi\u00fap cha m\u1eb9 h\u1ecdc c\u00f9ng con h\u1ecdc t\u1eadp vui v\u1ebb v\u00e0 hi\u1ec7u qu\u1ea3.<\/p>\n","protected":false},"featured_media":17088,"template":"","meta":{"_acf_changed":false},"product_brand":[],"product_cat":[25,17,26],"product_tag":[],"class_list":{"0":"post-17089","1":"product","2":"type-product","3":"status-publish","4":"has-post-thumbnail","6":"product_cat-nhi-dong-6-tuoi-12-tuoi","7":"product_cat-sach-danh-cho-cac-be","8":"product_cat-thieu-nien-11-tuoi-18-tuoi","10":"first","11":"outofstock","12":"taxable","13":"shipping-taxable","14":"purchasable","15":"product-type-simple"},"supplier_id":null,"supplier_sku":"","barcode":null,"atum_controlled":true,"out_stock_date":"2023-07-21 08:45:43","out_stock_threshold":null,"inheritable":false,"inbound_stock":0,"stock_on_hold":0,"sold_today":0,"sales_last_days":0,"reserved_stock":0,"customer_returns":0,"warehouse_damage":0,"lost_in_post":0,"other_logs":0,"out_stock_days":922,"lost_sales":0,"has_location":false,"update_date":"2026-01-28T23:10:59","atum_locations":[],"atum_stock_status":"outofstock","restock_status":false,"low_stock_amount":"","sales_update_date":"2026-01-28T23:10:59","calc_backorders":null,"acf":{"publisher":{"ID":8671,"post_author":"1","post_date":"2021-04-28 14:30:12","post_date_gmt":"2021-04-28 11:30:12","post_content":"","post_title":"Alphabooks","post_excerpt":"","post_status":"publish","comment_status":"closed","ping_status":"closed","post_password":"","post_name":"alphabooks","to_ping":"","pinged":"","post_modified":"2021-04-28 14:30:12","post_modified_gmt":"2021-04-28 11:30:12","post_content_filtered":"","post_parent":0,"guid":"https:\/\/sachviet.eu\/nha-phat-hanh\/alphabooks\/","menu_order":0,"post_type":"publisher","post_mime_type":"","comment_count":"0","filter":"raw"}},"_links":{"self":[{"href":"https:\/\/sachviet.eu\/en\/wp-json\/wp\/v2\/product\/17089","targetHints":{"allow":["GET"]}}],"collection":[{"href":"https:\/\/sachviet.eu\/en\/wp-json\/wp\/v2\/product"}],"about":[{"href":"https:\/\/sachviet.eu\/en\/wp-json\/wp\/v2\/types\/product"}],"wp:featuredmedia":[{"embeddable":true,"href":"https:\/\/sachviet.eu\/en\/wp-json\/wp\/v2\/media\/17088"}],"wp:attachment":[{"href":"https:\/\/sachviet.eu\/en\/wp-json\/wp\/v2\/media?parent=17089"}],"wp:term":[{"taxonomy":"product_brand","embeddable":true,"href":"https:\/\/sachviet.eu\/en\/wp-json\/wp\/v2\/product_brand?post=17089"},{"taxonomy":"product_cat","embeddable":true,"href":"https:\/\/sachviet.eu\/en\/wp-json\/wp\/v2\/product_cat?post=17089"},{"taxonomy":"product_tag","embeddable":true,"href":"https:\/\/sachviet.eu\/en\/wp-json\/wp\/v2\/product_tag?post=17089"}],"curies":[{"name":"wp","href":"https:\/\/api.w.org\/{rel}","templated":true}]}}