{"id":17087,"date":"2022-02-08T20:23:02","date_gmt":"2022-02-08T18:23:02","guid":{"rendered":"https:\/\/sachviet.eu\/shop\/combo-luyen-viet-chu-dep-4-quyen-luyen-viet-chu-dep-tap-1-luyen-viet-chu-dep-tap-2-luyen-viet-chu-dep-chu-thuong-luyen-viet-chu-dep-chu-hoa\/"},"modified":"2022-02-08T21:40:16","modified_gmt":"2022-02-08T19:40:16","slug":"combo-luyen-viet-chu-dep-4-quyen-luyen-viet-chu-dep-tap-1-luyen-viet-chu-dep-tap-2-luyen-viet-chu-dep-chu-thuong-luyen-viet-chu-dep-chu-hoa","status":"publish","type":"product","link":"https:\/\/sachviet.eu\/en\/shop\/combo-luyen-viet-chu-dep-4-quyen-luyen-viet-chu-dep-tap-1-luyen-viet-chu-dep-tap-2-luyen-viet-chu-dep-chu-thuong-luyen-viet-chu-dep-chu-hoa\/","title":{"rendered":"Combo Luy\u1ec7n Vi\u1ebft Ch\u1eef \u0110\u1eb9p (4 quy\u1ec3n) &#8211; (Luy\u1ec7n Vi\u1ebft Ch\u1eef \u0110\u1eb9p T\u1eadp 1 + Luy\u1ec7n Vi\u1ebft Ch\u1eef \u0110\u1eb9p T\u1eadp 2 + Luy\u1ec7n Vi\u1ebft Ch\u1eef \u0110\u1eb9p Ch\u1eef Th\u01b0\u1eddng + Luy\u1ec7n Vi\u1ebft Ch\u1eef \u0110\u1eb9p Ch\u1eef Hoa)"},"content":{"rendered":"<p>B\u1ed9 s\u00e1ch Luy\u1ec7n vi\u1ebft ch\u1eef \u0111\u1eb9p h\u01b0\u1edbng d\u1eabn c\u00e1c em vi\u1ebft ch\u1eef \u0111\u1eb9p.<br \/>\nCha m\u1eb9 v\u00e0 c\u00e1c em h\u00e3y \u0111\u00f3n mua!<\/p>\n","protected":false},"excerpt":{"rendered":"<p>B\u1ed9 s\u00e1ch Luy\u1ec7n vi\u1ebft ch\u1eef \u0111\u1eb9p h\u01b0\u1edbng d\u1eabn c\u00e1c em vi\u1ebft ch\u1eef \u0111\u1eb9p.<br \/>\nCha m\u1eb9 v\u00e0 c\u00e1c em h\u00e3y \u0111\u00f3n mua!<\/p>\n","protected":false},"featured_media":17086,"template":"","meta":{"_acf_changed":false},"product_brand":[],"product_cat":[20],"product_tag":[],"class_list":{"0":"post-17087","1":"product","2":"type-product","3":"status-publish","4":"has-post-thumbnail","6":"product_cat-be-vua-hoc-vua-choi","8":"first","9":"instock","10":"taxable","11":"shipping-taxable","12":"purchasable","13":"product-type-simple"},"supplier_id":null,"supplier_sku":"","barcode":null,"atum_controlled":true,"out_stock_date":null,"out_stock_threshold":null,"inheritable":false,"inbound_stock":0,"stock_on_hold":0,"sold_today":0,"sales_last_days":0,"reserved_stock":0,"customer_returns":0,"warehouse_damage":0,"lost_in_post":0,"other_logs":0,"out_stock_days":0,"lost_sales":0,"has_location":false,"update_date":"2026-01-28T23:10:59","atum_locations":[],"atum_stock_status":"instock","restock_status":false,"low_stock_amount":"","sales_update_date":"2026-01-28T23:10:59","calc_backorders":null,"acf":{"publisher":{"ID":1472,"post_author":"1","post_date":"2021-02-17 01:12:50","post_date_gmt":"2021-02-16 23:12:50","post_content":"","post_title":"Huy Ho\u00e0ng Bookstore","post_excerpt":"","post_status":"publish","comment_status":"closed","ping_status":"closed","post_password":"","post_name":"huy-hoang-bookstore","to_ping":"","pinged":"","post_modified":"2021-02-17 01:12:50","post_modified_gmt":"2021-02-16 23:12:50","post_content_filtered":"","post_parent":0,"guid":"https:\/\/sachviet.eu\/nha-phat-hanh\/huy-hoang-bookstore\/","menu_order":0,"post_type":"publisher","post_mime_type":"","comment_count":"0","filter":"raw"}},"_links":{"self":[{"href":"https:\/\/sachviet.eu\/en\/wp-json\/wp\/v2\/product\/17087","targetHints":{"allow":["GET"]}}],"collection":[{"href":"https:\/\/sachviet.eu\/en\/wp-json\/wp\/v2\/product"}],"about":[{"href":"https:\/\/sachviet.eu\/en\/wp-json\/wp\/v2\/types\/product"}],"wp:featuredmedia":[{"embeddable":true,"href":"https:\/\/sachviet.eu\/en\/wp-json\/wp\/v2\/media\/17086"}],"wp:attachment":[{"href":"https:\/\/sachviet.eu\/en\/wp-json\/wp\/v2\/media?parent=17087"}],"wp:term":[{"taxonomy":"product_brand","embeddable":true,"href":"https:\/\/sachviet.eu\/en\/wp-json\/wp\/v2\/product_brand?post=17087"},{"taxonomy":"product_cat","embeddable":true,"href":"https:\/\/sachviet.eu\/en\/wp-json\/wp\/v2\/product_cat?post=17087"},{"taxonomy":"product_tag","embeddable":true,"href":"https:\/\/sachviet.eu\/en\/wp-json\/wp\/v2\/product_tag?post=17087"}],"curies":[{"name":"wp","href":"https:\/\/api.w.org\/{rel}","templated":true}]}}