{"id":17085,"date":"2022-02-08T20:22:51","date_gmt":"2022-02-08T18:22:51","guid":{"rendered":"https:\/\/sachviet.eu\/shop\/quai-thu\/"},"modified":"2022-02-08T21:40:16","modified_gmt":"2022-02-08T19:40:16","slug":"quai-thu","status":"publish","type":"product","link":"https:\/\/sachviet.eu\/en\/shop\/quai-thu\/","title":{"rendered":"Qu\u00e1i Th\u01b0"},"content":{"rendered":"<p>Cu\u1ed1n b\u00e1ch khoa v\u1ec1 nh\u1eefng th\u1ee9 con ng\u01b0\u1eddi  s\u1ee3 h\u00e3i, t\u1eeb nh\u1ec7n cho \u0111\u1ebfn ma qu\u1ef7, ph\u00f9 th\u1ee7y, ng\u01b0\u1eddi s\u00f3i. c\u1ea7u c\u01a1, x\u00e1c s\u1ed1ng&#8230; N\u00eau r\u00f5 ngu\u1ed3n g\u1ed1c, nguy\u00ean nh\u00e2n l\u1eabn xu\u1ea5t x\u1ee9 v\u00e0 th\u00eam v\u00e0o nh\u1eefng th\u00f4ng tin cho th\u1ea5y th\u1ef1c t\u1ebf ch\u00fang kh\u00f4ng qu\u00e1 \u0111\u00e1ng s\u1ee3, ch\u1ec9 l\u00e0 con ng\u01b0\u1eddi b\u1ecb s\u1ee3 h\u00e3i theo \u0111\u00e1m \u0111\u00f4ng, hay theo m\u1ed9t h\u1ed9i ch\u1ee9ng khoa h\u1ecdc n\u00e0o \u0111\u00f3. V\u1edbi th\u00f4ng tin kh\u00f4ng th\u1ec3 chi ti\u1ebft h\u01a1n n\u1eefa, h\u00ecnh minh h\u1ecda \u0111\u1ee7 d\u1ecda kh\u1ed1i ng\u01b0\u1eddi v\u00e0 gi\u1ecdng \u0111i\u1ec7u h\u00e0i h\u01b0\u1edbc c\u00f9ng nh\u1eefng tr\u00f2 l\u1eeba d\u1ecda d\u1eabm cho ng\u01b0\u1eddi \u0111\u1ecdc \u00e1p d\u1ee5ng trong d\u1ecbp Halloween, Qu\u00e1i th\u01b0 l\u00e0 m\u1ed9t th\u1eed th\u00e1ch th\u00fa v\u1ecb cho nh\u1eefng b\u1ea1n \u0111\u1ecdc th\u00edch th\u1ec3 lo\u1ea1i b\u00ed \u1ea9n, sinh v\u1eadt huy\u1ec1n b\u00ed v\u00e0 kh\u1ed1i th\u1ee9 li\u00ean quan \u0111\u1ebfn ma qu\u00e1i.<\/p>\n","protected":false},"excerpt":{"rendered":"<p>Cu\u1ed1n b\u00e1ch khoa v\u1ec1 nh\u1eefng th\u1ee9 con ng\u01b0\u1eddi  s\u1ee3 h\u00e3i, t\u1eeb nh\u1ec7n cho \u0111\u1ebfn ma qu\u1ef7, ph\u00f9 th\u1ee7y, ng\u01b0\u1eddi s\u00f3i. c\u1ea7u c\u01a1, x\u00e1c s\u1ed1ng&#8230; N\u00eau r\u00f5 ngu\u1ed3n g\u1ed1c, nguy\u00ean nh\u00e2n l\u1eabn xu\u1ea5t x\u1ee9 v\u00e0 th\u00eam v\u00e0o nh\u1eefng th\u00f4ng tin cho th\u1ea5y th\u1ef1c t\u1ebf ch\u00fang kh\u00f4ng qu\u00e1 \u0111\u00e1ng s\u1ee3, ch\u1ec9 l\u00e0 con ng\u01b0\u1eddi b\u1ecb s\u1ee3 h\u00e3i theo \u0111\u00e1m \u0111\u00f4ng, hay theo m\u1ed9t h\u1ed9i ch\u1ee9ng khoa h\u1ecdc n\u00e0o \u0111\u00f3. V\u1edbi th\u00f4ng tin kh\u00f4ng th\u1ec3 chi ti\u1ebft h\u01a1n n\u1eefa, h\u00ecnh minh h\u1ecda \u0111\u1ee7 d\u1ecda kh\u1ed1i ng\u01b0\u1eddi v\u00e0 gi\u1ecdng \u0111i\u1ec7u h\u00e0i h\u01b0\u1edbc c\u00f9ng nh\u1eefng tr\u00f2 l\u1eeba d\u1ecda d\u1eabm cho ng\u01b0\u1eddi \u0111\u1ecdc \u00e1p d\u1ee5ng trong d\u1ecbp Halloween, Qu\u00e1i th\u01b0 l\u00e0 m\u1ed9t th\u1eed th\u00e1ch th\u00fa v\u1ecb cho nh\u1eefng b\u1ea1n \u0111\u1ecdc th\u00edch th\u1ec3 lo\u1ea1i b\u00ed \u1ea9n, sinh v\u1eadt huy\u1ec1n b\u00ed v\u00e0 kh\u1ed1i th\u1ee9 li\u00ean quan \u0111\u1ebfn ma qu\u00e1i.<\/p>\n","protected":false},"featured_media":17084,"template":"","meta":{"_acf_changed":false},"product_brand":[],"product_cat":[25,17,26],"product_tag":[],"class_list":{"0":"post-17085","1":"product","2":"type-product","3":"status-publish","4":"has-post-thumbnail","6":"product_cat-nhi-dong-6-tuoi-12-tuoi","7":"product_cat-sach-danh-cho-cac-be","8":"product_cat-thieu-nien-11-tuoi-18-tuoi","10":"first","11":"instock","12":"taxable","13":"shipping-taxable","14":"purchasable","15":"product-type-simple"},"supplier_id":null,"supplier_sku":"","barcode":null,"atum_controlled":true,"out_stock_date":null,"out_stock_threshold":null,"inheritable":false,"inbound_stock":0,"stock_on_hold":0,"sold_today":0,"sales_last_days":0,"reserved_stock":0,"customer_returns":0,"warehouse_damage":0,"lost_in_post":0,"other_logs":0,"out_stock_days":0,"lost_sales":0,"has_location":false,"update_date":"2026-01-28T23:10:59","atum_locations":[],"atum_stock_status":"instock","restock_status":false,"low_stock_amount":"","sales_update_date":"2026-01-28T23:10:59","calc_backorders":null,"acf":{"publisher":{"ID":1517,"post_author":"1","post_date":"2021-02-17 01:14:41","post_date_gmt":"2021-02-16 23:14:41","post_content":"","post_title":"NXB Tr\u1ebb","post_excerpt":"","post_status":"publish","comment_status":"closed","ping_status":"closed","post_password":"","post_name":"nxb-tre","to_ping":"","pinged":"","post_modified":"2021-02-17 01:14:41","post_modified_gmt":"2021-02-16 23:14:41","post_content_filtered":"","post_parent":0,"guid":"https:\/\/sachviet.eu\/nha-phat-hanh\/nxb-tre\/","menu_order":0,"post_type":"publisher","post_mime_type":"","comment_count":"0","filter":"raw"}},"_links":{"self":[{"href":"https:\/\/sachviet.eu\/en\/wp-json\/wp\/v2\/product\/17085","targetHints":{"allow":["GET"]}}],"collection":[{"href":"https:\/\/sachviet.eu\/en\/wp-json\/wp\/v2\/product"}],"about":[{"href":"https:\/\/sachviet.eu\/en\/wp-json\/wp\/v2\/types\/product"}],"wp:featuredmedia":[{"embeddable":true,"href":"https:\/\/sachviet.eu\/en\/wp-json\/wp\/v2\/media\/17084"}],"wp:attachment":[{"href":"https:\/\/sachviet.eu\/en\/wp-json\/wp\/v2\/media?parent=17085"}],"wp:term":[{"taxonomy":"product_brand","embeddable":true,"href":"https:\/\/sachviet.eu\/en\/wp-json\/wp\/v2\/product_brand?post=17085"},{"taxonomy":"product_cat","embeddable":true,"href":"https:\/\/sachviet.eu\/en\/wp-json\/wp\/v2\/product_cat?post=17085"},{"taxonomy":"product_tag","embeddable":true,"href":"https:\/\/sachviet.eu\/en\/wp-json\/wp\/v2\/product_tag?post=17085"}],"curies":[{"name":"wp","href":"https:\/\/api.w.org\/{rel}","templated":true}]}}