{"id":17043,"date":"2022-02-03T23:15:32","date_gmt":"2022-02-03T21:15:32","guid":{"rendered":"https:\/\/sachviet.eu\/shop\/thanh-guom-diet-quy-kimetsu-no-yaiba-tap-23-ban-sieu-dac-biet-box-set-sach-qua-tang-doc-quyen\/"},"modified":"2022-02-08T22:02:47","modified_gmt":"2022-02-08T20:02:47","slug":"thanh-guom-diet-quy-kimetsu-no-yaiba-tap-23-ban-sieu-dac-biet-box-set-sach-qua-tang-doc-quyen","status":"publish","type":"product","link":"https:\/\/sachviet.eu\/en\/shop\/thanh-guom-diet-quy-kimetsu-no-yaiba-tap-23-ban-sieu-dac-biet-box-set-sach-qua-tang-doc-quyen\/","title":{"rendered":"Thanh G\u01b0\u01a1m Di\u1ec7t Qu\u1ef7 &#8211; Kimetsu No Yaiba &#8211; T\u1eadp 23 &#8211; B\u1ea3n Si\u00eau \u0110\u1eb7c Bi\u1ec7t &#8211; Box Set S\u00e1ch &amp; Qu\u00e0 T\u1eb7ng \u0110\u1ed9c Quy\u1ec1n"},"content":{"rendered":"<p>Thanh G\u01b0\u01a1m Di\u1ec7t Qu\u1ef7 &#8211; Kimetsu No Yaiba &#8211; T\u1eadp 23: V\u01b0\u1ee3t Qua Th\u00e1ng N\u0103m, Sinh M\u1ec7nh T\u1ecfa R\u1ea1ng<\/p>\n<p>B\u1ea3n Si\u00eau \u0110\u1eb7c Bi\u1ec7t &#8211; Box Set S\u00e1ch &amp; Qu\u00e0 T\u1eb7ng \u0110\u1ed9c Quy\u1ec1n<\/p>\n<p>\u1ea4n ph\u1ea9m \u0111\u1ed9c \u0111\u00e1o v\u00e0 \u0111\u00e1ng mong ch\u1edd nh\u1ea5t t\u1eeb NXB Kim \u0110\u1ed3ng ch\u00ednh th\u1ee9c tr\u00ecnh l\u00e0ng!!<\/p>\n<p>Tr\u1eadn chi\u1ebfn gi\u1eefa nh\u00f3m Tanjiro v\u00e0 th\u1ee7y t\u1ed5 c\u1ee7a lo\u00e0i qu\u1ef7 &#8211; Kibutsuji Muzan \u0111ang d\u1ea7n ng\u00e3 ng\u0169\u2026!! B\u1ed1n lo\u1ea1i thu\u1ed1c c\u1ee7a Tamayo \u0111\u00e3 l\u00e0m Muzan suy y\u1ebfu v\u00e0 d\u1ed3n h\u1eafn v\u00e0o \u0111\u01b0\u1eddng c\u00f9ng. S\u1ed1 ph\u1eadn c\u1ee7a Tanjiro v\u00e0 Nezuko, c\u0169ng nh\u01b0 to\u00e0n \u0111\u1ed9i Di\u1ec7t qu\u1ef7 s\u1ebd ra sao!? Tr\u1eadn chi\u1ebfn t\u01b0\u1edfng ch\u1eebng v\u0129nh vi\u1ec5n cu\u1ed1i c\u00f9ng c\u0169ng \u0111i \u0111\u1ebfn h\u1ed3i k\u1ebft!!<\/p>\n<p>Series Thanh g\u01b0\u01a1m Di\u1ec7t qu\u1ef7 &#8211; Si\u00eau bom t\u1ea5n \u0111\u00ecnh \u0111\u00e1m nh\u1ea5t n\u0103m 2020 s\u1eafp kh\u00e9p l\u1ea1i ch\u1eb7ng \u0111\u01b0\u1eddng v\u1edbi t\u1eadp truy\u1ec7n cu\u1ed1i c\u00f9ng! \u1ede t\u1eadp truy\u1ec7n n\u00e0y, NXB Kim \u0110\u1ed3ng s\u1ebd cho ph\u00e1t h\u00e0nh 2 \u1ea5n b\u1ea3n: B\u1ea3n th\u01b0\u1eddng v\u00e0 B\u1ea3n si\u00eau \u0111\u1eb7c bi\u1ec7t (L\u1ea7n \u0111\u1ea7u xu\u1ea5t hi\u1ec7n) v\u00e0o th\u1eddi \u0111i\u1ec3m Gi\u00e1ng sinh 2021!!<\/p>\n<p>\u1ea4n b\u1ea3n Si\u00eau \u0110\u1eb7c bi\u1ec7t l\u00e0 1 Set c\u00f3 r\u1ea5t nhi\u1ec1u v\u1eadt ph\u1ea9m \u0111\u1ed9c quy\u1ec1n, l\u1ea7n \u0111\u1ea7u ti\u00ean \u0111\u01b0\u1ee3c NXB Kim \u0110\u1ed3ng ti\u1ebfn h\u00e0nh th\u1ef1c hi\u1ec7n! Bao g\u1ed3m:<\/p>\n<p>+ 01 \u201cH\u1ed9p ch\u00e2u b\u00e1u Tamate\u201d &#8211; M\u1ea1 nh\u0169 v\u00e0ng ph\u1ee7 UV, thi\u1ebft k\u1ebf c\u1ea7u k\u00ec k\u00e8m n\u1eafp nam ch\u00e2m kh\u1ed5 15.5 x 21.5cm<\/p>\n<p>+ 01 Standee k\u00e8m ch\u00e2n \u0111\u1ee9ng, in tr\u00ean ch\u1ea5t li\u1ec7u Acrylic c\u00f3 b\u00fat t\u00edch c\u1ee7a t\u00e1c gi\u1ea3 Koyoharu Gotouge. Kh\u1ed5 11.3 x 17.6cm<\/p>\n<p>+ 01 cu\u1ed1n Manga Thanh g\u01b0\u01a1m Di\u1ec7t qu\u1ef7 Vol.23 b\u1ea3n Si\u00eau \u0110\u1eb7c bi\u1ec7t, v\u1edbi b\u00eca \u00e1o Metalize tr\u00ean t\u00f4ng n\u1ec1n xanh, ph\u1ea7n ru\u1ed9t tr\u00ean gi\u1ea5y C cao c\u1ea5p v\u00e0 b\u1ed5 sung nh\u1eefng trang m\u00e0u \u0111\u1ed9c quy\u1ec1n tr\u00ean t\u1ea1p ch\u00ed Shonen Jump!!<\/p>\n<p>T\u1ea5t c\u1ea3 s\u1ebd \u0111\u01b0\u1ee3c \u0111\u00f3ng m\u00e0ng co! V\u00e0 ph\u00e1t h\u00e0nh 01 l\u1ea7n duy nh\u1ea5t trong d\u1ecbp n\u00e0y! B\u1ea1n h\u00e3y nhanh tay \u0111\u1eb7t mua \u1ea5n b\u1ea3n \u0111\u1eb9p-m\u00ea-h\u1ed3n n\u00e0y nh\u00e9!!<\/p>\n","protected":false},"excerpt":{"rendered":"<p>Thanh G\u01b0\u01a1m Di\u1ec7t Qu\u1ef7 &#8211; Kimetsu No Yaiba &#8211; T\u1eadp 23: V\u01b0\u1ee3t Qua Th\u00e1ng N\u0103m, Sinh M\u1ec7nh T\u1ecfa R\u1ea1ng<\/p>\n<p>B\u1ea3n Si\u00eau \u0110\u1eb7c Bi\u1ec7t &#8211; Box Set S\u00e1ch &amp; Qu\u00e0 T\u1eb7ng \u0110\u1ed9c Quy\u1ec1n<\/p>\n<p>\u1ea4n ph\u1ea9m \u0111\u1ed9c \u0111\u00e1o v\u00e0 \u0111\u00e1ng mong ch\u1edd nh\u1ea5t t\u1eeb NXB Kim \u0110\u1ed3ng ch\u00ednh th\u1ee9c tr\u00ecnh l\u00e0ng!!<\/p>\n<p>Tr\u1eadn chi\u1ebfn gi\u1eefa nh\u00f3m Tanjiro v\u00e0 th\u1ee7y t\u1ed5 c\u1ee7a lo\u00e0i qu\u1ef7 &#8211; Kibutsuji Muzan \u0111ang d\u1ea7n ng\u00e3 ng\u0169\u2026!! B\u1ed1n lo\u1ea1i thu\u1ed1c c\u1ee7a Tamayo \u0111\u00e3 l\u00e0m Muzan suy y\u1ebfu v\u00e0 d\u1ed3n h\u1eafn v\u00e0o \u0111\u01b0\u1eddng c\u00f9ng. S\u1ed1 ph\u1eadn c\u1ee7a Tanjiro v\u00e0 Nezuko, c\u0169ng nh\u01b0 to\u00e0n \u0111\u1ed9i Di\u1ec7t qu\u1ef7 s\u1ebd ra sao!? Tr\u1eadn chi\u1ebfn t\u01b0\u1edfng ch\u1eebng v\u0129nh vi\u1ec5n cu\u1ed1i c\u00f9ng c\u0169ng \u0111i \u0111\u1ebfn h\u1ed3i k\u1ebft!!<\/p>\n<p>Series Thanh g\u01b0\u01a1m Di\u1ec7t qu\u1ef7 &#8211; Si\u00eau bom t\u1ea5n \u0111\u00ecnh \u0111\u00e1m nh\u1ea5t n\u0103m 2020 s\u1eafp kh\u00e9p l\u1ea1i ch\u1eb7ng \u0111\u01b0\u1eddng v\u1edbi t\u1eadp truy\u1ec7n cu\u1ed1i c\u00f9ng! \u1ede t\u1eadp truy\u1ec7n n\u00e0y, NXB Kim \u0110\u1ed3ng s\u1ebd cho ph\u00e1t h\u00e0nh 2 \u1ea5n b\u1ea3n: B\u1ea3n th\u01b0\u1eddng v\u00e0 B\u1ea3n si\u00eau \u0111\u1eb7c bi\u1ec7t (L\u1ea7n \u0111\u1ea7u xu\u1ea5t hi\u1ec7n) v\u00e0o th\u1eddi \u0111i\u1ec3m Gi\u00e1ng sinh 2021!!<\/p>\n<p>\u1ea4n b\u1ea3n Si\u00eau \u0110\u1eb7c bi\u1ec7t l\u00e0 1 Set c\u00f3 r\u1ea5t nhi\u1ec1u v\u1eadt ph\u1ea9m \u0111\u1ed9c quy\u1ec1n, l\u1ea7n \u0111\u1ea7u ti\u00ean \u0111\u01b0\u1ee3c NXB Kim \u0110\u1ed3ng ti\u1ebfn h\u00e0nh th\u1ef1c hi\u1ec7n! Bao g\u1ed3m:<\/p>\n<p>+ 01 \u201cH\u1ed9p ch\u00e2u b\u00e1u Tamate\u201d &#8211; M\u1ea1 nh\u0169 v\u00e0ng ph\u1ee7 UV, thi\u1ebft k\u1ebf c\u1ea7u k\u00ec k\u00e8m n\u1eafp nam ch\u00e2m kh\u1ed5 15.5 x 21.5cm<\/p>\n<p>+ 01 Standee k\u00e8m ch\u00e2n \u0111\u1ee9ng, in tr\u00ean ch\u1ea5t li\u1ec7u Acrylic c\u00f3 b\u00fat t\u00edch c\u1ee7a t\u00e1c gi\u1ea3 Koyoharu Gotouge. Kh\u1ed5 11.3 x 17.6cm<\/p>\n<p>+ 01 cu\u1ed1n Manga Thanh g\u01b0\u01a1m Di\u1ec7t qu\u1ef7 Vol.23 b\u1ea3n Si\u00eau \u0110\u1eb7c bi\u1ec7t, v\u1edbi b\u00eca \u00e1o Metalize tr\u00ean t\u00f4ng n\u1ec1n xanh, ph\u1ea7n ru\u1ed9t tr\u00ean gi\u1ea5y C cao c\u1ea5p v\u00e0 b\u1ed5 sung nh\u1eefng trang m\u00e0u \u0111\u1ed9c quy\u1ec1n tr\u00ean t\u1ea1p ch\u00ed Shonen Jump!!<\/p>\n<p>T\u1ea5t c\u1ea3 s\u1ebd \u0111\u01b0\u1ee3c \u0111\u00f3ng m\u00e0ng co! V\u00e0 ph\u00e1t h\u00e0nh 01 l\u1ea7n duy nh\u1ea5t trong d\u1ecbp n\u00e0y! B\u1ea1n h\u00e3y nhanh tay \u0111\u1eb7t mua \u1ea5n b\u1ea3n \u0111\u1eb9p-m\u00ea-h\u1ed3n n\u00e0y nh\u00e9!!<\/p>\n","protected":false},"featured_media":17042,"template":"","meta":{"_acf_changed":false},"product_brand":[],"product_cat":[29],"product_tag":[],"class_list":{"0":"post-17043","1":"product","2":"type-product","3":"status-publish","4":"has-post-thumbnail","6":"product_cat-manga-comics","8":"first","9":"outofstock","10":"taxable","11":"shipping-taxable","12":"purchasable","13":"product-type-simple"},"supplier_id":null,"supplier_sku":"","barcode":null,"atum_controlled":true,"out_stock_date":"2022-02-08 18:02:47","out_stock_threshold":null,"inheritable":false,"inbound_stock":0,"stock_on_hold":0,"sold_today":0,"sales_last_days":0,"reserved_stock":0,"customer_returns":0,"warehouse_damage":0,"lost_in_post":0,"other_logs":0,"out_stock_days":1450,"lost_sales":0,"has_location":false,"update_date":"2026-01-28T23:10:58","atum_locations":[],"atum_stock_status":"outofstock","restock_status":false,"low_stock_amount":"","sales_update_date":"2026-01-28T23:10:58","calc_backorders":null,"acf":{"publisher":{"ID":1454,"post_author":"1","post_date":"2021-02-17 01:11:34","post_date_gmt":"2021-02-16 23:11:34","post_content":"<!-- wp:flatsome\/uxbuilder -->\n<h1 style=\"text-align: center;\"><strong>Kim \u0110\u1ed3ng<\/strong><\/h1>\n[row]\n\n[col span=\"3\" span__sm=\"12\"]\n\n[ux_image id=\"1534\" image_size=\"medium\"]\n\n\n[\/col]\n[col span=\"9\" span__sm=\"12\"]\n\n<p>Nh\u00e0 xu\u1ea5t b\u1ea3n Kim \u0110\u1ed3ng tr\u1ef1c thu\u1ed9c Trung \u01b0\u01a1ng \u0110o\u00e0n TNCS H\u1ed3 Ch\u00ed Minh l\u00e0 Nh\u00e0 xu\u1ea5t b\u1ea3n t\u1ed5ng h\u1ee3p c\u00f3 ch\u1ee9c n\u0103ng xu\u1ea5t b\u1ea3n s\u00e1ch v\u00e0 v\u0103n h\u00f3a ph\u1ea9m ph\u1ee5c v\u1ee5 thi\u1ebfu nhi v\u00e0 c\u00e1c b\u1eadc ph\u1ee5 huynh trong c\u1ea3 n\u01b0\u1edbc, qu\u1ea3ng b\u00e1 v\u00e0 gi\u1edbi thi\u1ec7u v\u0103n h\u00f3a Vi\u1ec7t Nam ra th\u1ebf gi\u1edbi.<br \/>Nh\u00e0 xu\u1ea5t b\u1ea3n c\u00f3 nhi\u1ec7m v\u1ee5 t\u1ed5 ch\u1ee9c b\u1ea3n th\u1ea3o, bi\u00ean so\u1ea1n, bi\u00ean d\u1ecbch, xu\u1ea5t b\u1ea3n v\u00e0 ph\u00e1t h\u00e0nh c\u00e1c xu\u1ea5t b\u1ea3n ph\u1ea9m c\u00f3 n\u1ed9i dung: gi\u00e1o d\u1ee5c truy\u1ec1n th\u1ed1ng d\u00e2n t\u1ed9c, gi\u00e1o d\u1ee5c v\u1ec1 tri th\u1ee9c, ki\u1ebfn th\u1ee9c\u2026 tr\u00ean c\u00e1c l\u0129nh v\u1ef1c v\u0103n h\u1ecdc, ngh\u1ec7 thu\u1eadt, khoa h\u1ecdc k\u1ef9 thu\u1eadt nh\u1eb1m cung c\u1ea5p cho c\u00e1c em thi\u1ebfu nhi c\u0169ng nh\u01b0 c\u00e1c b\u1eadc ph\u1ee5 huynh c\u00e1c ki\u1ebfn th\u1ee9c c\u1ea7n thi\u1ebft trong cu\u1ed9c s\u1ed1ng, nh\u1eefng tinh hoa c\u1ee7a tri th\u1ee9c nh\u00e2n lo\u1ea1i nh\u1eb1m g\u00f3p ph\u1ea7n gi\u00e1o d\u1ee5c v\u00e0 h\u00ecnh th\u00e0nh nh\u00e2n c\u00e1ch th\u1ebf h\u1ec7 tr\u1ebb.<br \/>\u0110\u1ed1i t\u01b0\u1ee3ng ph\u1ee5c v\u1ee5 c\u1ee7a Nh\u00e0 xu\u1ea5t b\u1ea3n l\u00e0 c\u00e1c em t\u1eeb tu\u1ed5i nh\u00e0 tr\u1ebb m\u1eabu gi\u00e1o (1 \u0111\u1ebfn 5 tu\u1ed5i), nhi \u0111\u1ed3ng (6 \u0111\u1ebfn 9 tu\u1ed5i), thi\u1ebfu ni\u00ean (10 \u0111\u1ebfn 15 tu\u1ed5i) \u0111\u1ebfn c\u00e1c em tu\u1ed5i m\u1edbi l\u1edbn (16 \u0111\u1ebfn 18 tu\u1ed5i) v\u00e0 c\u00e1c b\u1eadc ph\u1ee5 huynh.<\/p>\n\n[\/col]\n\n[\/row]\n\n<!-- \/wp:flatsome\/uxbuilder -->","post_title":"Kim \u0110\u1ed3ng","post_excerpt":"","post_status":"publish","comment_status":"closed","ping_status":"closed","post_password":"","post_name":"kim-dong","to_ping":"","pinged":"","post_modified":"2021-02-17 01:31:56","post_modified_gmt":"2021-02-16 23:31:56","post_content_filtered":"","post_parent":0,"guid":"https:\/\/sachviet.eu\/nha-phat-hanh\/kim-dong\/","menu_order":0,"post_type":"publisher","post_mime_type":"","comment_count":"0","filter":"raw"}},"_links":{"self":[{"href":"https:\/\/sachviet.eu\/en\/wp-json\/wp\/v2\/product\/17043","targetHints":{"allow":["GET"]}}],"collection":[{"href":"https:\/\/sachviet.eu\/en\/wp-json\/wp\/v2\/product"}],"about":[{"href":"https:\/\/sachviet.eu\/en\/wp-json\/wp\/v2\/types\/product"}],"wp:featuredmedia":[{"embeddable":true,"href":"https:\/\/sachviet.eu\/en\/wp-json\/wp\/v2\/media\/17042"}],"wp:attachment":[{"href":"https:\/\/sachviet.eu\/en\/wp-json\/wp\/v2\/media?parent=17043"}],"wp:term":[{"taxonomy":"product_brand","embeddable":true,"href":"https:\/\/sachviet.eu\/en\/wp-json\/wp\/v2\/product_brand?post=17043"},{"taxonomy":"product_cat","embeddable":true,"href":"https:\/\/sachviet.eu\/en\/wp-json\/wp\/v2\/product_cat?post=17043"},{"taxonomy":"product_tag","embeddable":true,"href":"https:\/\/sachviet.eu\/en\/wp-json\/wp\/v2\/product_tag?post=17043"}],"curies":[{"name":"wp","href":"https:\/\/api.w.org\/{rel}","templated":true}]}}