{"id":17041,"date":"2022-02-03T23:15:25","date_gmt":"2022-02-03T21:15:25","guid":{"rendered":"https:\/\/sachviet.eu\/shop\/chia-re-tai-sao-chung-ta-dang-song-trong-thoi-dai-cua-nhung-buc-tuong\/"},"modified":"2022-03-05T16:50:48","modified_gmt":"2022-03-05T14:50:48","slug":"chia-re-tai-sao-chung-ta-dang-song-trong-thoi-dai-cua-nhung-buc-tuong","status":"publish","type":"product","link":"https:\/\/sachviet.eu\/en\/shop\/chia-re-tai-sao-chung-ta-dang-song-trong-thoi-dai-cua-nhung-buc-tuong\/","title":{"rendered":"Chia R\u1ebd &#8211; T\u1ea1i Sao Ch\u00fang Ta \u0110ang S\u1ed1ng Trong Th\u1eddi \u0110\u1ea1i C\u1ee7a Nh\u1eefng B\u1ee9c T\u01b0\u1eddng"},"content":{"rendered":"<p>Tim Marshall l\u00e0 k\u00fd gi\u1ea3 k\u1ef3 c\u1ef1u, nh\u01b0ng \u00f4ng c\u0169ng n\u1ed5i ti\u1ebfng kh\u00f4ng k\u00e9m trong vai tr\u00f2 t\u00e1c gi\u1ea3. \u00d4ng vi\u1ebft s\u00e1u cu\u1ed1n s\u00e1ch, trong \u0111\u00f3 n\u1ed5i ti\u1ebfng nh\u1ea5t l\u00e0 Nh\u1eefng t\u00f9 nh\u00e2n c\u1ee7a \u0111\u1ecba l\u00fd, \u0111\u00e3 c\u00f3 \u1ea5n b\u1ea3n ti\u1ebfng Vi\u1ec7t, v\u00e0 Chia r\u1ebd: T\u1ea1i sao ch\u00fang ta \u0111ang s\u1ed1ng trong th\u1eddi \u0111\u1ea1i c\u1ee7a nh\u1eefng b\u1ee9c t\u01b0\u1eddng.<\/p>\n<p>N\u1ebfu nh\u01b0 trong t\u00e1c ph\u1ea9m tr\u01b0\u1edbc \u0111\u00f3 c\u1ee7a m\u00ecnh, Nh\u1eefng t\u00f9 nh\u00e2n c\u1ee7a \u0111\u1ecba l\u00fd (2016), Marshall kh\u1eb3ng \u0111\u1ecbnh nh\u00e2n lo\u1ea1i v\u1eabn b\u1ecb giam h\u00e3m trong nh\u00e0 t\u00f9 \u0111\u1ecba l\u00fd m\u1eb7c d\u00f9 \u0111ang r\u00e1o ri\u1ebft v\u1edbi gi\u1ea5c m\u01a1 v\u01b0\u01a1n v\u00e0o kh\u00f4ng gian, th\u00ec \u1edf Chia r\u1ebd (2018), g\u00f3c nh\u00ecn tr\u1edf n\u00ean th\u1eadt g\u1ea7n h\u01a1n: trong nh\u00e0 t\u00f9 \u0111\u1ecba l\u00fd \u0111\u00f3, con ng\u01b0\u1eddi v\u1eabn d\u1ef1ng l\u00ean r\u1ea5t nhi\u1ec1u b\u1ee9c t\u01b0\u1eddng chia r\u1ebd c\u00e1c s\u1eafc t\u1ed9c, qu\u1ed1c gia, t\u00edn ng\u01b0\u1ee1ng t\u00f4n gi\u00e1o, t\u01b0 t\u01b0\u1edfng ch\u00ednh tr\u1ecb, v\u00e2n v\u00e2n.<\/p>\n<p>M\u1edf \u0111\u1ea7u t\u00e1c ph\u1ea9m Marshall cho r\u1eb1ng nh\u1eefng b\u1ee9c t\u01b0\u1eddng v\u1eadt ch\u1ec9 l\u00e0 ph\u1ea7n \u201cc\u00e1i g\u00ec\u201d c\u1ee7a s\u1ef1 chia r\u1ebd, kh\u00f4ng ph\u1ea3i l\u00e0 ph\u1ea7n \u201ct\u1ea1i sao\u201d. T\u1ee9c l\u00e0, nh\u1eefng b\u1ee9c t\u01b0\u1eddng v\u1eadt ch\u1ea5t ch\u1ec9 th\u1ec3 hi\u1ec7n s\u1ef1 chia r\u1ebd gi\u1eefa \u201cc\u00e1i g\u00ec\u201d v\u00e0 \u201cc\u00e1i g\u00ec\u201d, ch\u01b0a cho ta l\u1eddi gi\u1ea3i th\u00edch \u201ct\u1ea1i sao\u201d l\u1ea1i c\u00f3 s\u1ef1 chia r\u1ebd \u0111\u00f3. L\u1eddi gi\u1ea3i th\u00edch ch\u00ednh l\u00e0 s\u1ef1 chia r\u1ebd trong t\u00e2m tr\u00ed con ng\u01b0\u1eddi. \u00d4ng vi\u1ebft:<\/p>\n<p>\u201cTuy nhi\u00ean, nh\u1eefng s\u1ef1 chia r\u1ebd v\u1eadt ch\u1ea5t n\u00e0y \u0111\u01b0\u1ee3c ph\u1ea3n \u00e1nh qua s\u1ef1 chia r\u1ebd trong t\u00e2m tr\u00ed \u2013 nh\u1eefng \u00fd t\u01b0\u1edfng l\u1edbn \u0111\u00e3 d\u1eabn d\u1eaft n\u1ec1n v\u0103n minh c\u1ee7a ch\u00fang ta v\u00e0 trao cho ch\u00fang ta b\u1ea3n s\u1eafc v\u00e0 m\u1ed9t c\u1ea3m nh\u1eadn thu\u1ed9c v\u1ec1 n\u01a1i n\u00e0o \u0111\u00f3 \u2013 ch\u1eb3ng h\u1ea1n nh\u01b0 cu\u1ed9c \u0111\u1ea1i ly gi\u00e1o c\u1ee7a Kit\u00f4 gi\u00e1o, s\u1ef1 chia r\u1ebd c\u1ee7a \u0111\u1ea1o H\u1ed3i th\u00e0nh Sunni v\u00e0 Shia\u201d<\/p>\n<p>Ch\u00ednh v\u00ec \u00fd ni\u1ec7m chia r\u1ebd \u0111\u00f3 v\u1eabn b\u00e1m tr\u1ee5 dai d\u1eb3ng trong t\u00e2m tr\u00ed nh\u01b0 m\u1ed9t ph\u1ea7n b\u1ea3n ch\u1ea5t con ng\u01b0\u1eddi, nh\u1eefng b\u1ee9c t\u01b0\u1eddng c\u1ee9 ng\u00e0y c\u00e0ng nhi\u1ec1u th\u00eam, c\u00f9ng v\u1edbi s\u1ef1 ph\u00e1t tri\u1ec3n c\u1ee7a c\u00e1c h\u00ecnh th\u00e1i x\u00e3 h\u1ed9i. Ch\u00fang ta \u0111\u00e3 \u0111\u01b0\u1ee3c nghe v\u1ec1 nh\u1eefng b\u1ee9c t\u01b0\u1eddng c\u1ee7a th\u00e0nh Troy, Jericho, Babylon x\u01b0a kia, ng\u0103n chia nh\u1eefng cu\u1ed9c ph\u00e2n tranh l\u1ee3i \u00edch \u0111\u1eabm m\u00e1u trong l\u1ecbch s\u1eed. Nh\u1eefng b\u1ee9c t\u01b0\u1eddng m\u1edbi l\u1ea1i m\u1ecdc l\u00ean, chia r\u1ebd c\u00e1c s\u1eafc t\u1ed9c, ch\u1ee7 thuy\u1ebft ch\u00ednh tr\u1ecb, hay nh\u1eefng ranh gi\u1edbi m\u01a1 h\u1ed3 h\u01a1n v\u1ec1 t\u00edn ng\u01b0\u1ee1ng t\u00f4n gi\u00e1o. S\u1ef1 chia r\u1ebd c\u00f2n theo ch\u00fang ta v\u00e0o th\u1eddi \u0111\u1ea1i m\u1edbi, khi c\u00e1c n\u1ec1n t\u1ea3ng c\u00f4ng ngh\u1ec7 th\u00f4ng tin xu\u1ea5t hi\u1ec7n, \u0111\u01b0\u1ee3c k\u1ef3 v\u1ecdng k\u1ebft n\u1ed1i con ng\u01b0\u1eddi, song l\u1ea1i l\u00e0m ph\u00e1t sinh th\u00eam nhi\u1ec1u \u201cb\u1ed9 l\u1ea1c m\u1edbi\u201d tr\u00ean c\u1ed9ng \u0111\u1ed3ng m\u1ea1ng, h\u1ecd t\u1ef1 ti\u1ec7n ph\u00e1t ng\u00f4n, bu\u00f4ng l\u1eddi c\u00f4ng k\u00edch, v\u00e0 g\u00e2y chia r\u1ebd.<\/p>\n<p>Nh\u1eefng v\u00ed d\u1ee5 nh\u01b0 th\u1ebf th\u1eadt nhi\u1ec1u v\u00f4 k\u1ec3. Trong Chia r\u1ebd, t\u00e1c gi\u1ea3 kh\u00f4ng t\u1ec9 m\u1ec9 li\u1ec7t k\u00ea v\u00e0 ph\u00e2n t\u00edch m\u1ecdi v\u00f9ng mi\u1ec1n, v\u00e0 m\u1ecdi s\u1ef1 chia r\u1ebd, m\u00e0 \u201ct\u1eadp trung v\u00e0o nh\u1eefng khu v\u1ef1c minh h\u1ecda t\u1ed1t nh\u1ea5t cho th\u00e1ch th\u1ee9c v\u1edbi b\u1ea3n s\u1eafc trong m\u1ed9t th\u1ebf gi\u1edbi \u0111\u00e3 to\u00e0n c\u1ea7u h\u00f3a\u201d. Trung Qu\u1ed1c h\u1eb3n l\u00e0 m\u1ed9t v\u00ed d\u1ee5 \u0111\u1eb7c s\u1eafc, m\u1ed9t qu\u1ed1c gia kh\u1ed5ng l\u1ed3 t\u01b0\u1edfng ch\u1eebng th\u1ed1ng nh\u1ea5t d\u01b0\u1edbi m\u1ed9t ch\u00ednh th\u1ec3 v\u00e0 h\u1ec7 t\u01b0 t\u01b0\u1edfng, nh\u01b0ng ti\u1ec1m \u1ea9n nhi\u1ec1u b\u1ea5t \u1ed5n ti\u1ec1m t\u00e0ng li\u00ean quan \u0111\u1ebfn s\u1ef1 chia r\u1ebd trong n\u1ed9i b\u1ed9. Hoa K\u1ef3 l\u00e0 v\u00ed d\u1ee5 th\u1ee9 nh\u00ec, v\u1edbi s\u1ef1 ki\u1ec7n Donald Trump \u0111\u1eafc c\u1eed t\u1ed5ng th\u1ed1ng v\u00e0 \u1ea5p \u1ee7 k\u1ebf ho\u1ea1ch x\u00e2y m\u1ed9t b\u1ee9c t\u01b0\u1eddng kh\u1ed5ng l\u1ed3 \u0111\u1ec3 ng\u0103n d\u00f2ng ng\u01b0\u1eddi nh\u1eadp c\u01b0 t\u1eeb Mexico tr\u00e0n v\u00e0o. V\u01b0\u01a1ng qu\u1ed1c Anh \u201c\u0111\u00e3 \u0111\u1ee9ng v\u1eefng tr\u01b0\u1edbc nh\u1eefng t\u00ecnh c\u1ea3m d\u00e2n t\u1ed9c ch\u1ee7 ngh\u0129a v\u00e0 s\u1ef1 chia r\u1ebd giai c\u1ea5p v\u00e0 t\u00f4n gi\u00e1o trong qu\u00e1 kh\u1ee9\u201d nh\u01b0ng nay m\u1ed9t l\u1ea7n n\u1eefa l\u1ea1i b\u1ecb th\u1eed th\u00e1ch. ch\u00e2u \u00c2u l\u00e0 m\u1ed9t v\u00ed d\u1ee5 minh h\u1ecda kh\u00e1 r\u00f5 cho m\u1ed9t xu h\u01b0\u1edbng r\u1ea1n n\u1ee9t \u0111ang d\u1ea7n th\u00e0nh h\u00ecnh trong m\u1ed9t kh\u1ed1i li\u00ean minh. Trung \u0110\u00f4ng v\u1eabn s\u00f4i s\u1ee5c nh\u1eefng tranh ch\u1ea5p xoay quanh v\u1ea5n \u0111\u1ec1 s\u1eafc t\u1ed9c v\u00e0 t\u00f4n gi\u00e1o. Ch\u00e2u Phi, c\u00f3 h\u01a1n 3.000 nh\u00f3m s\u1eafc t\u1ed9c, v\u1edbi s\u1ef1 \u0111a d\u1ea1ng v\u1ec1 ng\u00f4n ng\u1eef v\u00e0 v\u0103n h\u00f3a, v\u00e0 \u201cB\u1ea3n s\u1eafc s\u1eafc t\u1ed9c v\u1eabn \u00e1p \u0111\u1ea3o \u1edf h\u1ea7u h\u1ebft c\u00e1c qu\u1ed1c gia\u201d.<\/p>\n<p>Chia r\u1ebd l\u00e0 m\u1ed9t t\u00e1c ph\u1ea9m kh\u00e1ch quan vi\u1ebft v\u1ec1 \u0111\u1ecba ch\u00ednh tr\u1ecb. Xuy\u00ean su\u1ed1t t\u00e1c ph\u1ea9m, Tim Marshall \u0111\u00e3 chuy\u1ec3n t\u1ea3i m\u1ed9t th\u00f4ng \u0111i\u1ec7p mang t\u00ednh c\u1ea3nh b\u00e1o: Ch\u00fang ta \u0111\u00e3 v\u00e0 \u0111ang s\u1ed1ng trong m\u1ed9t th\u1ebf gi\u1edbi b\u1ecb chia r\u1ebd, th\u1ebf gi\u1edbi c\u1ee7a nh\u1eefng b\u1ee9c t\u01b0\u1eddng h\u1eefu h\u00ecnh l\u1eabn v\u00f4 h\u00ecnh, d\u1eaby \u0111\u1ea7y s\u1ef1 ph\u00e2n tranh, v\u00e0 hi\u1ec7n tr\u1ea1ng \u0111\u00f3 ch\u01b0a c\u00f3 nhi\u1ec1u d\u1ea5u hi\u1ec7u \u0111\u01b0\u1ee3c c\u1ea3i thi\u1ec7n. Nh\u01b0ng d\u1eabu v\u1eady, t\u00e1c gi\u1ea3 v\u1eabn \u0111\u1ec3 l\u1ea1i m\u1ed9t tia hy v\u1ecdng \u1edf l\u1eddi k\u1ebft c\u1ee7a cu\u1ed1i s\u00e1ch:<br \/>\n\u201cV\u00ec th\u1ebf m\u1eb7c d\u00f9 hi\u1ec7n gi\u1edd ch\u1ee7 ngh\u0129a d\u00e2n t\u1ed9c v\u00e0 ch\u00ednh tr\u1ecb b\u1ea3n s\u1eafc l\u1ea1i m\u1ed9t l\u1ea7n n\u1eefa n\u1ed5i l\u00ean, c\u00f3 tri\u1ec3n v\u1ecdng l\u00e0 kh\u00fac quanh l\u1ecbch s\u1eed s\u1ebd l\u1ea1i xoay h\u01b0\u1edbng v\u1ec1 ph\u00eda \u0111o\u00e0n k\u1ebft v\u00e0 th\u1ed1ng nh\u1ea5t.\u201d<\/p>\n","protected":false},"excerpt":{"rendered":"<p>Tim Marshall l\u00e0 k\u00fd gi\u1ea3 k\u1ef3 c\u1ef1u, nh\u01b0ng \u00f4ng c\u0169ng n\u1ed5i ti\u1ebfng kh\u00f4ng k\u00e9m trong vai tr\u00f2 t\u00e1c gi\u1ea3. \u00d4ng vi\u1ebft s\u00e1u cu\u1ed1n s\u00e1ch, trong \u0111\u00f3 n\u1ed5i ti\u1ebfng nh\u1ea5t l\u00e0 Nh\u1eefng t\u00f9 nh\u00e2n c\u1ee7a \u0111\u1ecba l\u00fd, \u0111\u00e3 c\u00f3 \u1ea5n b\u1ea3n ti\u1ebfng Vi\u1ec7t, v\u00e0 Chia r\u1ebd: T\u1ea1i sao ch\u00fang ta \u0111ang s\u1ed1ng trong th\u1eddi \u0111\u1ea1i c\u1ee7a nh\u1eefng b\u1ee9c t\u01b0\u1eddng.<\/p>\n<p>N\u1ebfu nh\u01b0 trong t\u00e1c ph\u1ea9m tr\u01b0\u1edbc \u0111\u00f3 c\u1ee7a m\u00ecnh, Nh\u1eefng t\u00f9 nh\u00e2n c\u1ee7a \u0111\u1ecba l\u00fd (2016), Marshall kh\u1eb3ng \u0111\u1ecbnh nh\u00e2n lo\u1ea1i v\u1eabn b\u1ecb giam h\u00e3m trong nh\u00e0 t\u00f9 \u0111\u1ecba l\u00fd m\u1eb7c d\u00f9 \u0111ang r\u00e1o ri\u1ebft v\u1edbi gi\u1ea5c m\u01a1 v\u01b0\u01a1n v\u00e0o kh\u00f4ng gian, th\u00ec \u1edf Chia r\u1ebd (2018), g\u00f3c nh\u00ecn tr\u1edf n\u00ean th\u1eadt g\u1ea7n h\u01a1n: trong nh\u00e0 t\u00f9 \u0111\u1ecba l\u00fd \u0111\u00f3, con ng\u01b0\u1eddi v\u1eabn d\u1ef1ng l\u00ean r\u1ea5t nhi\u1ec1u b\u1ee9c t\u01b0\u1eddng chia r\u1ebd c\u00e1c s\u1eafc t\u1ed9c, qu\u1ed1c gia, t\u00edn ng\u01b0\u1ee1ng t\u00f4n gi\u00e1o, t\u01b0 t\u01b0\u1edfng ch\u00ednh tr\u1ecb, v\u00e2n v\u00e2n.<\/p>\n<p>M\u1edf \u0111\u1ea7u t\u00e1c ph\u1ea9m Marshall cho r\u1eb1ng nh\u1eefng b\u1ee9c t\u01b0\u1eddng v\u1eadt ch\u1ec9 l\u00e0 ph\u1ea7n \u201cc\u00e1i g\u00ec\u201d c\u1ee7a s\u1ef1 chia r\u1ebd, kh\u00f4ng ph\u1ea3i l\u00e0 ph\u1ea7n \u201ct\u1ea1i sao\u201d. T\u1ee9c l\u00e0, nh\u1eefng b\u1ee9c t\u01b0\u1eddng v\u1eadt ch\u1ea5t ch\u1ec9 th\u1ec3 hi\u1ec7n s\u1ef1 chia r\u1ebd gi\u1eefa \u201cc\u00e1i g\u00ec\u201d v\u00e0 \u201cc\u00e1i g\u00ec\u201d, ch\u01b0a cho ta l\u1eddi gi\u1ea3i th\u00edch \u201ct\u1ea1i sao\u201d l\u1ea1i c\u00f3 s\u1ef1 chia r\u1ebd \u0111\u00f3. L\u1eddi gi\u1ea3i th\u00edch ch\u00ednh l\u00e0 s\u1ef1 chia r\u1ebd trong t\u00e2m tr\u00ed con ng\u01b0\u1eddi. \u00d4ng vi\u1ebft:<\/p>\n<p>\u201cTuy nhi\u00ean, nh\u1eefng s\u1ef1 chia r\u1ebd v\u1eadt ch\u1ea5t n\u00e0y \u0111\u01b0\u1ee3c ph\u1ea3n \u00e1nh qua s\u1ef1 chia r\u1ebd trong t\u00e2m tr\u00ed \u2013 nh\u1eefng \u00fd t\u01b0\u1edfng l\u1edbn \u0111\u00e3 d\u1eabn d\u1eaft n\u1ec1n v\u0103n minh c\u1ee7a ch\u00fang ta v\u00e0 trao cho ch\u00fang ta b\u1ea3n s\u1eafc v\u00e0 m\u1ed9t c\u1ea3m nh\u1eadn thu\u1ed9c v\u1ec1 n\u01a1i n\u00e0o \u0111\u00f3 \u2013 ch\u1eb3ng h\u1ea1n nh\u01b0 cu\u1ed9c \u0111\u1ea1i ly gi\u00e1o c\u1ee7a Kit\u00f4 gi\u00e1o, s\u1ef1 chia r\u1ebd c\u1ee7a \u0111\u1ea1o H\u1ed3i th\u00e0nh Sunni v\u00e0 Shia\u201d<\/p>\n<p>Ch\u00ednh v\u00ec \u00fd ni\u1ec7m chia r\u1ebd \u0111\u00f3 v\u1eabn b\u00e1m tr\u1ee5 dai d\u1eb3ng trong t\u00e2m tr\u00ed nh\u01b0 m\u1ed9t ph\u1ea7n b\u1ea3n ch\u1ea5t con ng\u01b0\u1eddi, nh\u1eefng b\u1ee9c t\u01b0\u1eddng c\u1ee9 ng\u00e0y c\u00e0ng nhi\u1ec1u th\u00eam, c\u00f9ng v\u1edbi s\u1ef1 ph\u00e1t tri\u1ec3n c\u1ee7a c\u00e1c h\u00ecnh th\u00e1i x\u00e3 h\u1ed9i. Ch\u00fang ta \u0111\u00e3 \u0111\u01b0\u1ee3c nghe v\u1ec1 nh\u1eefng b\u1ee9c t\u01b0\u1eddng c\u1ee7a th\u00e0nh Troy, Jericho, Babylon x\u01b0a kia, ng\u0103n chia nh\u1eefng cu\u1ed9c ph\u00e2n tranh l\u1ee3i \u00edch \u0111\u1eabm m\u00e1u trong l\u1ecbch s\u1eed. Nh\u1eefng b\u1ee9c t\u01b0\u1eddng m\u1edbi l\u1ea1i m\u1ecdc l\u00ean, chia r\u1ebd c\u00e1c s\u1eafc t\u1ed9c, ch\u1ee7 thuy\u1ebft ch\u00ednh tr\u1ecb, hay nh\u1eefng ranh gi\u1edbi m\u01a1 h\u1ed3 h\u01a1n v\u1ec1 t\u00edn ng\u01b0\u1ee1ng t\u00f4n gi\u00e1o. S\u1ef1 chia r\u1ebd c\u00f2n theo ch\u00fang ta v\u00e0o th\u1eddi \u0111\u1ea1i m\u1edbi, khi c\u00e1c n\u1ec1n t\u1ea3ng c\u00f4ng ngh\u1ec7 th\u00f4ng tin xu\u1ea5t hi\u1ec7n, \u0111\u01b0\u1ee3c k\u1ef3 v\u1ecdng k\u1ebft n\u1ed1i con ng\u01b0\u1eddi, song l\u1ea1i l\u00e0m ph\u00e1t sinh th\u00eam nhi\u1ec1u \u201cb\u1ed9 l\u1ea1c m\u1edbi\u201d tr\u00ean c\u1ed9ng \u0111\u1ed3ng m\u1ea1ng, h\u1ecd t\u1ef1 ti\u1ec7n ph\u00e1t ng\u00f4n, bu\u00f4ng l\u1eddi c\u00f4ng k\u00edch, v\u00e0 g\u00e2y chia r\u1ebd.<\/p>\n<p>Nh\u1eefng v\u00ed d\u1ee5 nh\u01b0 th\u1ebf th\u1eadt nhi\u1ec1u v\u00f4 k\u1ec3. Trong Chia r\u1ebd, t\u00e1c gi\u1ea3 kh\u00f4ng t\u1ec9 m\u1ec9 li\u1ec7t k\u00ea v\u00e0 ph\u00e2n t\u00edch m\u1ecdi v\u00f9ng mi\u1ec1n, v\u00e0 m\u1ecdi s\u1ef1 chia r\u1ebd, m\u00e0 \u201ct\u1eadp trung v\u00e0o nh\u1eefng khu v\u1ef1c minh h\u1ecda t\u1ed1t nh\u1ea5t cho th\u00e1ch th\u1ee9c v\u1edbi b\u1ea3n s\u1eafc trong m\u1ed9t th\u1ebf gi\u1edbi \u0111\u00e3 to\u00e0n c\u1ea7u h\u00f3a\u201d. Trung Qu\u1ed1c h\u1eb3n l\u00e0 m\u1ed9t v\u00ed d\u1ee5 \u0111\u1eb7c s\u1eafc, m\u1ed9t qu\u1ed1c gia kh\u1ed5ng l\u1ed3 t\u01b0\u1edfng ch\u1eebng th\u1ed1ng nh\u1ea5t d\u01b0\u1edbi m\u1ed9t ch\u00ednh th\u1ec3 v\u00e0 h\u1ec7 t\u01b0 t\u01b0\u1edfng, nh\u01b0ng ti\u1ec1m \u1ea9n nhi\u1ec1u b\u1ea5t \u1ed5n ti\u1ec1m t\u00e0ng li\u00ean quan \u0111\u1ebfn s\u1ef1 chia r\u1ebd trong n\u1ed9i b\u1ed9. Hoa K\u1ef3 l\u00e0 v\u00ed d\u1ee5 th\u1ee9 nh\u00ec, v\u1edbi s\u1ef1 ki\u1ec7n Donald Trump \u0111\u1eafc c\u1eed t\u1ed5ng th\u1ed1ng v\u00e0 \u1ea5p \u1ee7 k\u1ebf ho\u1ea1ch x\u00e2y m\u1ed9t b\u1ee9c t\u01b0\u1eddng kh\u1ed5ng l\u1ed3 \u0111\u1ec3 ng\u0103n d\u00f2ng ng\u01b0\u1eddi nh\u1eadp c\u01b0 t\u1eeb Mexico tr\u00e0n v\u00e0o. V\u01b0\u01a1ng qu\u1ed1c Anh \u201c\u0111\u00e3 \u0111\u1ee9ng v\u1eefng tr\u01b0\u1edbc nh\u1eefng t\u00ecnh c\u1ea3m d\u00e2n t\u1ed9c ch\u1ee7 ngh\u0129a v\u00e0 s\u1ef1 chia r\u1ebd giai c\u1ea5p v\u00e0 t\u00f4n gi\u00e1o trong qu\u00e1 kh\u1ee9\u201d nh\u01b0ng nay m\u1ed9t l\u1ea7n n\u1eefa l\u1ea1i b\u1ecb th\u1eed th\u00e1ch. ch\u00e2u \u00c2u l\u00e0 m\u1ed9t v\u00ed d\u1ee5 minh h\u1ecda kh\u00e1 r\u00f5 cho m\u1ed9t xu h\u01b0\u1edbng r\u1ea1n n\u1ee9t \u0111ang d\u1ea7n th\u00e0nh h\u00ecnh trong m\u1ed9t kh\u1ed1i li\u00ean minh. Trung \u0110\u00f4ng v\u1eabn s\u00f4i s\u1ee5c nh\u1eefng tranh ch\u1ea5p xoay quanh v\u1ea5n \u0111\u1ec1 s\u1eafc t\u1ed9c v\u00e0 t\u00f4n gi\u00e1o. Ch\u00e2u Phi, c\u00f3 h\u01a1n 3.000 nh\u00f3m s\u1eafc t\u1ed9c, v\u1edbi s\u1ef1 \u0111a d\u1ea1ng v\u1ec1 ng\u00f4n ng\u1eef v\u00e0 v\u0103n h\u00f3a, v\u00e0 \u201cB\u1ea3n s\u1eafc s\u1eafc t\u1ed9c v\u1eabn \u00e1p \u0111\u1ea3o \u1edf h\u1ea7u h\u1ebft c\u00e1c qu\u1ed1c gia\u201d.<\/p>\n<p>Chia r\u1ebd l\u00e0 m\u1ed9t t\u00e1c ph\u1ea9m kh\u00e1ch quan vi\u1ebft v\u1ec1 \u0111\u1ecba ch\u00ednh tr\u1ecb. Xuy\u00ean su\u1ed1t t\u00e1c ph\u1ea9m, Tim Marshall \u0111\u00e3 chuy\u1ec3n t\u1ea3i m\u1ed9t th\u00f4ng \u0111i\u1ec7p mang t\u00ednh c\u1ea3nh b\u00e1o: Ch\u00fang ta \u0111\u00e3 v\u00e0 \u0111ang s\u1ed1ng trong m\u1ed9t th\u1ebf gi\u1edbi b\u1ecb chia r\u1ebd, th\u1ebf gi\u1edbi c\u1ee7a nh\u1eefng b\u1ee9c t\u01b0\u1eddng h\u1eefu h\u00ecnh l\u1eabn v\u00f4 h\u00ecnh, d\u1eaby \u0111\u1ea7y s\u1ef1 ph\u00e2n tranh, v\u00e0 hi\u1ec7n tr\u1ea1ng \u0111\u00f3 ch\u01b0a c\u00f3 nhi\u1ec1u d\u1ea5u hi\u1ec7u \u0111\u01b0\u1ee3c c\u1ea3i thi\u1ec7n. Nh\u01b0ng d\u1eabu v\u1eady, t\u00e1c gi\u1ea3 v\u1eabn \u0111\u1ec3 l\u1ea1i m\u1ed9t tia hy v\u1ecdng \u1edf l\u1eddi k\u1ebft c\u1ee7a cu\u1ed1i s\u00e1ch:<br \/>\n\u201cV\u00ec th\u1ebf m\u1eb7c d\u00f9 hi\u1ec7n gi\u1edd ch\u1ee7 ngh\u0129a d\u00e2n t\u1ed9c v\u00e0 ch\u00ednh tr\u1ecb b\u1ea3n s\u1eafc l\u1ea1i m\u1ed9t l\u1ea7n n\u1eefa n\u1ed5i l\u00ean, c\u00f3 tri\u1ec3n v\u1ecdng l\u00e0 kh\u00fac quanh l\u1ecbch s\u1eed s\u1ebd l\u1ea1i xoay h\u01b0\u1edbng v\u1ec1 ph\u00eda \u0111o\u00e0n k\u1ebft v\u00e0 th\u1ed1ng nh\u1ea5t.\u201d<\/p>\n","protected":false},"featured_media":17040,"template":"","meta":{"_acf_changed":false},"product_brand":[],"product_cat":[15,46],"product_tag":[],"class_list":{"0":"post-17041","1":"product","2":"type-product","3":"status-publish","4":"has-post-thumbnail","6":"product_cat-sach-danh-cho-nguoi-lon","7":"product_cat-ky-nang-song","9":"first","10":"outofstock","11":"taxable","12":"shipping-taxable","13":"purchasable","14":"product-type-simple"},"supplier_id":null,"supplier_sku":"","barcode":null,"atum_controlled":true,"out_stock_date":"2022-03-05 12:50:48","out_stock_threshold":null,"inheritable":false,"inbound_stock":0,"stock_on_hold":0,"sold_today":0,"sales_last_days":0,"reserved_stock":0,"customer_returns":0,"warehouse_damage":0,"lost_in_post":0,"other_logs":0,"out_stock_days":1425,"lost_sales":0,"has_location":false,"update_date":"2026-01-28T23:10:58","atum_locations":[],"atum_stock_status":"outofstock","restock_status":false,"low_stock_amount":"","sales_update_date":"2026-01-28T23:10:58","calc_backorders":null,"acf":{"publisher":{"ID":1424,"post_author":"1","post_date":"2021-02-17 00:02:29","post_date_gmt":"2021-02-16 22:02:29","post_content":"<!-- wp:flatsome\/uxbuilder -->\n<h1 style=\"text-align: center\"><strong>Nh\u00e3 Nam<\/strong><\/h1>\n[row]\n\n[col span=\"6\" span__sm=\"12\"]\n\n[ux_image id=\"1438\" image_size=\"medium\"]\n\n\n[\/col]\n[col span=\"6\" span__sm=\"12\"]\n\n<p><strong>C\u00f4ng ty c\u1ed5 ph\u1ea7n V\u0103n h\u00f3a v\u00e0 Truy\u1ec1n th\u00f4ng Nh\u00e3 Nam<\/strong><\/p>\n<p>Th\u00e1ng 2 n\u0103m 2005, Nh\u00e3 Nam, t\u00ean \u0111\u1ea7y \u0111\u1ee7 l\u00e0 C\u00f4ng ty C\u1ed5 ph\u1ea7n V\u0103n h\u00f3a v\u00e0 Truy\u1ec1n th\u00f4ng Nh\u00e3 Nam \u0111\u00e3 gia nh\u1eadp th\u1ecb tr\u01b0\u1eddng s\u00e1ch. T\u00e1c ph\u1ea9m \"Balzac v\u00e0 c\u00f4 b\u00e9 th\u1ee3 may Trung hoa\" c\u1ee7a \u0110\u1edbi T\u01b0 Ki\u1ec7t l\u00e0 cu\u1ed1n s\u00e1ch \u0111\u1ea7u ti\u00ean \u0111\u01b0\u1ee3c nh\u1eefng ng\u01b0\u1eddi s\u00e1ng l\u1eadp Nh\u00e3 Nam xu\u1ea5t b\u1ea3n c\u1ea3 tr\u01b0\u1edbc khi c\u00f4ng ty ra \u0111\u1eddi. Ngay l\u1eadp t\u1ee9c t\u1eeb cu\u1ed1n s\u00e1ch \u0111\u1ea7u ti\u00ean, \u0111\u1ed9c gi\u1ea3 \u0111\u00e3 d\u00e0nh s\u1ef1 quan t\u00e2m v\u00e0 y\u00eau m\u1ebfn cho m\u1ed9t th\u01b0\u01a1ng hi\u1ec7u s\u00e1ch m\u1edbi m\u1ebb mang trong m\u00ecnh kh\u00e1t v\u1ecdng g\u00f3p ph\u1ea7n t\u1ea1o l\u1eadp di\u1ec7n m\u1ea1o m\u1edbi cho xu\u1ea5t b\u1ea3n v\u0103n h\u1ecdc t\u1ea1i Vi\u1ec7t Nam.<\/p>\n<p>L\u00f2ng say m\u00ea c\u1ee7a \u0111\u1ed9i ng\u0169 l\u00e0 vi\u00ean \u0111\u00e1 \u0111\u1ea7u ti\u00ean. Tr\u1ea3i qua m\u1ea5y n\u0103m ph\u00e1t tri\u1ec3n, Nh\u00e3 Nam \u0111\u00e3 \u0111\u01b0\u1ee3c x\u00e2y d\u1ef1ng d\u1ea7n l\u00ean trong di\u1ec7n m\u1ea1o m\u1ed9t nh\u00e0 xu\u1ea5t b\u1ea3n v\u1eefng ch\u00e3i v\u00e0 chuy\u00ean nghi\u1ec7p. S\u00e1u th\u00e1ng sau khi th\u00e0nh l\u1eadp c\u00f4ng ty, Nh\u1eadt k\u00fd \u0110\u1eb7ng Th\u00f9y Tr\u00e2m ra \u0111\u1eddi, t\u1ea1o n\u00ean m\u1ed9t c\u01a1n s\u1ed1t trong x\u00e3 h\u1ed9i, v\u1edbi g\u1ea7n 500,000 b\u1ea3n s\u00e1ch \u0111\u01b0\u1ee3c ph\u00e1t h\u00e0nh, ph\u00e1 m\u1ecdi k\u1ef7 l\u1ee5c v\u1ec1 xu\u1ea5t b\u1ea3n tr\u01b0\u1edbc \u0111\u00f3, k\u00e9o theo m\u1ed9t lo\u1ea1t nh\u1eefng hi\u1ec7u \u1ee9ng x\u00e3 h\u1ed9i v\u00e0 d\u01b0 lu\u1eadn c\u00f3 \u00fd ngh\u0129a. T\u1eeb \u0111\u00f3 tr\u1edf \u0111i, th\u00f4ng qua Nh\u00e3 Nam, c\u00e1c cu\u1ed1n s\u00e1ch v\u0103n h\u1ecdc n\u01b0\u1edbc ngo\u00e0i c\u00f3 gi\u00e1 tr\u1ecb \u0111\u01b0\u1ee3c li\u00ean t\u1ee5c mua b\u1ea3n quy\u1ec1n v\u00e0 xu\u1ea5t b\u1ea3n t\u1ea1i Vi\u1ec7t Nam, thu h\u00fat nhi\u1ec1u t\u1ea7ng l\u1edbp \u0111\u1ed9c gi\u1ea3. S\u00e1ch c\u1ee7a Nh\u00e3 Nam n\u1ed5i b\u1eadt b\u1edfi n\u1ed9i dung v\u0103n h\u1ecdc tinh t\u1ebf, b\u1edfi v\u1ebb \u0111\u1eb9p c\u1ee7a thi\u1ebft k\u1ebf hi\u1ec7n \u0111\u1ea1i \u1edf h\u00ecnh th\u1ee9c, b\u1edfi s\u1ef1 ch\u0103m ch\u00fat k\u1ef9 l\u01b0\u1ee1ng cho m\u1ed7i cu\u1ed1n s\u00e1ch nh\u01b0 m\u1ed9t con thuy\u1ec1n mang t\u1edbi ni\u1ec1m vui, tri th\u1ee9c, ng\u1ea1c nhi\u00ean, v\u00e0 \u0111\u1ed3ng c\u1ea3m.<\/p>\n\n[\/col]\n\n[\/row]\n<p style=\"text-align: left\">Hi\u1ec3u th\u1eddi \u0111\u1ea1i \u0111ang s\u1ed1ng th\u00f4ng qua s\u00e1ch, song h\u00e0nh v\u1edbi nh\u1eefng bi\u1ebfn chuy\u1ec3n s\u00e2u s\u1eafc trong l\u00f2ng x\u00e3 h\u1ed9i b\u1eb1ng nh\u1eefng ho\u1ea1t \u0111\u1ed9ng xu\u1ea5t b\u1ea3n mi\u1ec7t m\u00e0i v\u00e0 qu\u1ea3 c\u1ea3m, con \u0111\u01b0\u1eddng Nh\u00e3 Nam \u0111\u00e3 ch\u1ecdn \u0111\u1ec3 \u0111i s\u1ebd c\u00f2n d\u00e0i. Nhi\u1ec1u kh\u00f3 kh\u0103n, th\u1eed th\u00e1ch \u0111ang \u1edf ph\u00eda tr\u01b0\u1edbc. B\u01b0\u1edbc qua th\u1eddi k\u1ef3 s\u01a1 khai v\u1edbi nh\u1eefng b\u00e0i h\u1ecdc v\u00e0 nh\u1eefng kinh nghi\u1ec7m \u0111\u1ea7u ti\u00ean, Nh\u00e3 Nam gi\u1edd \u0111\u00e3 s\u1eb5n s\u00e0ng cho m\u1ed9t ch\u1eb7ng \u0111\u01b0\u1eddng ph\u00e1t tri\u1ec3n m\u1edbi. V\u00e0 ch\u00fang t\u00f4i mu\u1ed1n ho\u00e0n thi\u1ec7n m\u00ecnh trong s\u1ef1 c\u1ea7u th\u1ecb v\u00e0 c\u1ea9n tr\u1ecdng. T\u1ea5t c\u1ea3 v\u00ec m\u1ed9t gia s\u1ea3n s\u00e1ch to l\u1edbn, c\u00f3 s\u1ee9c s\u1ed1ng d\u00e0i l\u00e2u, c\u00f3 \u00fd ngh\u0129a v\u1edbi nhi\u1ec1u th\u1ebf h\u1ec7 b\u1ea1n \u0111\u1ecdc.<br \/>B\u1edfi v\u00ec s\u00e1ch l\u00e0 th\u1ebf gi\u1edbi.<\/p>\n<p><strong>\u0110\u00e2y l\u00e0 m\u1ed9t nh\u00e0 ph\u00e1t h\u00e0nh s\u00e1ch m\u00e0 SACHVIET.EU r\u1ea5t y\u00eau th\u00edch v\u00e0 tin t\u01b0\u1edfng. Nh\u00ecn \u0111\u01b0\u1ee3c t\u1ea7m \u1ea3nh h\u01b0\u1edfng c\u1ee7a Nh\u00e3 Nam qua t\u1eebng cu\u1ed1n s\u00e1ch, SACHVIET.EU li\u00ean h\u1ec7 h\u1ee3p t\u00e1c ngay v\u1edbi Nh\u00e3 Nam \u0111\u1ec3 \u0111em to\u00e0n b\u1ed9 nh\u1eefng t\u00e1c ph\u1ea9m m\u1edbi, hay nh\u1ea5t m\u00e0 Nh\u00e3 Nam c\u00f3 sang Ch\u00e2u \u00c2u, \u0111\u01b0a \u0111\u1ebfn cho \u0111\u1ed9c gi\u1ea3 c\u00f3 nhi\u1ec1u s\u1ef1 l\u1ef1a ch\u1ecdn phong ph\u00fa h\u01a1n c\u1ea3 s\u00e1ch cho tr\u1ebb em l\u1eabn ng\u01b0\u1eddi l\u1edbn.\u00a0<\/strong><\/p>\n\n<!-- \/wp:flatsome\/uxbuilder -->","post_title":"Nh\u00e3 Nam","post_excerpt":"","post_status":"publish","comment_status":"closed","ping_status":"closed","post_password":"","post_name":"nha-nam","to_ping":"","pinged":"","post_modified":"2022-12-19 23:15:33","post_modified_gmt":"2022-12-19 21:15:33","post_content_filtered":"","post_parent":0,"guid":"https:\/\/sachviet.eu\/?post_type=publisher&#038;p=1424","menu_order":0,"post_type":"publisher","post_mime_type":"","comment_count":"0","filter":"raw"}},"_links":{"self":[{"href":"https:\/\/sachviet.eu\/en\/wp-json\/wp\/v2\/product\/17041","targetHints":{"allow":["GET"]}}],"collection":[{"href":"https:\/\/sachviet.eu\/en\/wp-json\/wp\/v2\/product"}],"about":[{"href":"https:\/\/sachviet.eu\/en\/wp-json\/wp\/v2\/types\/product"}],"wp:featuredmedia":[{"embeddable":true,"href":"https:\/\/sachviet.eu\/en\/wp-json\/wp\/v2\/media\/17040"}],"wp:attachment":[{"href":"https:\/\/sachviet.eu\/en\/wp-json\/wp\/v2\/media?parent=17041"}],"wp:term":[{"taxonomy":"product_brand","embeddable":true,"href":"https:\/\/sachviet.eu\/en\/wp-json\/wp\/v2\/product_brand?post=17041"},{"taxonomy":"product_cat","embeddable":true,"href":"https:\/\/sachviet.eu\/en\/wp-json\/wp\/v2\/product_cat?post=17041"},{"taxonomy":"product_tag","embeddable":true,"href":"https:\/\/sachviet.eu\/en\/wp-json\/wp\/v2\/product_tag?post=17041"}],"curies":[{"name":"wp","href":"https:\/\/api.w.org\/{rel}","templated":true}]}}