{"id":17039,"date":"2022-02-03T23:15:19","date_gmt":"2022-02-03T21:15:19","guid":{"rendered":"https:\/\/sachviet.eu\/shop\/lua-chon-toi-uu-thu-3-bia-cung\/"},"modified":"2022-02-08T22:27:13","modified_gmt":"2022-02-08T20:27:13","slug":"lua-chon-toi-uu-thu-3-bia-cung","status":"publish","type":"product","link":"https:\/\/sachviet.eu\/en\/shop\/lua-chon-toi-uu-thu-3-bia-cung\/","title":{"rendered":"L\u1ef1a Ch\u1ecdn T\u1ed1i \u01afu Th\u1ee9 3 (B\u00eca C\u1ee9ng)"},"content":{"rendered":"<p>C\u00f3 l\u1ebd b\u1ea1n \u0111ang trong m\u1ed9t cu\u1ed9c h\u00f4n nh\u00e2n t\u1eebng c\u00f3 kh\u1edfi \u0111\u1ea7u tuy\u1ec7t v\u1eddi, nh\u01b0ng \u1edf th\u1eddi \u0111i\u1ec3m hi\u1ec7n t\u1ea1i, c\u00e1c b\u1ea1n g\u1ea7n nh\u01b0 ch\u1eb3ng th\u1ec3 ch\u1ecbu \u0111\u1ef1ng nhau \u0111\u01b0\u1ee3c n\u1eefa. C\u00f3 th\u1ec3 b\u1ea1n \u0111\u00e3 d\u1ea7n ph\u00e1 h\u1ecfng m\u1ed1i quan h\u1ec7 v\u1edbi b\u1ed1 m\u1eb9, anh ch\u1ecb em ho\u1eb7c con c\u00e1i. C\u0169ng c\u00f3 l\u00fac, b\u1ea1n c\u1ea3m th\u1ea5y qu\u00e1 t\u1ea3i v\u00e0 m\u1ea5t c\u00e2n b\u1eb1ng trong c\u00f4ng vi\u1ec7c. <\/p>\n<p>Ch\u00fang ta lo l\u1eafng v\u1ec1 t\u1ed9i \u00e1c v\u00e0 \u1ea3nh h\u01b0\u1edfng c\u1ee7a n\u00f3 \u0111\u1ed1i v\u1edbi x\u00e3 h\u1ed9i. Ch\u00fang ta nh\u00ecn c\u00e1c ch\u00ednh tr\u1ecb gia h\u1ee9a h\u1eb9n gi\u1ea3i quy\u1ebft v\u1ea5n \u0111\u1ec1 n\u00e0y nh\u01b0ng r\u1ed3i h\u1ecd ch\u1eb3ng l\u00e0m \u0111\u01b0\u1ee3c g\u00ec. Ch\u00fang ta xem th\u1eddi s\u1ef1 v\u00e0o bu\u1ed5i t\u1ed1i v\u00e0 m\u1ea5t d\u1ea7n hy v\u1ecdng r\u1eb1ng m\u1ed9t ng\u00e0y n\u00e0o \u0111\u00f3 nh\u1eefng xung \u0111\u1ed9t kh\u00f4ng ng\u1eebng gi\u1eefa con ng\u01b0\u1eddi v\u00e0 gi\u1eefa c\u00e1c qu\u1ed1c gia s\u1ebd \u0111\u01b0\u1ee3c gi\u1ea3i quy\u1ebft. Ch\u00ednh v\u00ec th\u1ebf, ch\u00fang ta \u0111\u00e1nh m\u1ea5t hy v\u1ecdng, t\u1eeb b\u1ecf ho\u1eb7c ch\u1ea5p nh\u1eadn th\u1ecfa hi\u1ec7p \u2013 d\u00f9 \u0111\u00f3 ch\u1eb3ng ph\u1ea3i l\u00e0 l\u1ef1a ch\u1ecdn t\u1ed1t nh\u1ea5t.<\/p>\n<p>Ch\u1ee7 \u0111\u1ec1 ch\u00ednh c\u1ee7a L\u1ef1a ch\u1ecdn t\u1ed1i \u01b0u th\u1ee9 3 l\u00e0 \u0111\u1ec3 gi\u1ea3i quy\u1ebft nh\u1eefng v\u1ea5n \u0111\u1ec1 kh\u00f3 kh\u0103n nh\u1ea5t, ch\u00fang ta ho\u00e0n to\u00e0n c\u00f3 th\u1ec3 c\u00f3 m\u1ed9t l\u1ef1a ch\u1ecdn t\u1ed1i \u01b0u ho\u00e0n h\u1ea3o kh\u00e1c v\u1edbi l\u1ef1a ch\u1ecdn ban \u0111\u1ea7u \u2013 theo \u00fd anh ho\u1eb7c ch\u1ec9 theo \u00fd t\u00f4i.<\/p>\n<p>N\u00f3i c\u00e1ch kh\u00e1c, Stephen Richards Covey \u2013 t\u00e1c gi\u1ea3 cu\u1ed1n s\u00e1ch \u0111\u00e3 n\u00f3i r\u1eb1ng: H\u1ea7u h\u1ebft c\u00e1c cu\u1ed9c xung \u0111\u1ed9t \u0111\u1ec1u c\u00f3 s\u1ef1 tham gia c\u1ee7a \u00edt nh\u1ea5t hai ph\u00eda. Ph\u01b0\u01a1ng th\u1ee9c th\u1ee9 nh\u1ea5t ch\u00ednh l\u00e0 c\u00e1ch c\u1ee7a t\u00f4i. Ph\u01b0\u01a1ng th\u1ee9c th\u1ee9 hai l\u00e0 c\u00e1ch c\u1ee7a anh. B\u1eb1ng c\u00e1ch h\u1ee3p l\u1ef1c, ch\u00fang ta c\u00f3 th\u1ec3 t\u1ea1o ra L\u1ef1a ch\u1ecdn t\u1ed1i \u01b0u th\u1ee9 3 \u2013 c\u00e1ch c\u1ee7a ch\u00fang ta. \u0110\u00e2y l\u00e0 c\u1ea5p \u0111\u1ed9 cao h\u01a1n v\u00e0 t\u1ed1t h\u01a1n nh\u1eb1m gi\u1ea3i quy\u1ebft c\u00e1c m\u00e2u thu\u1eabn.<\/p>\n<p>Xuy\u00ean su\u1ed1t quy\u1ec3n s\u00e1ch l\u1ea7n l\u01b0\u1ee3t l\u00e0 nh\u1eefng c\u00e2u chuy\u1ec7n, nh\u1eefng b\u00e0i h\u1ecdc \u0111\u01b0a ra c\u00e1c l\u1ef1a ch\u1ecdn th\u1ee9 3 t\u1ed1i \u01b0u nh\u1ea5t trong m\u1ecdi ho\u00e0n c\u1ea3nh nh\u01b0 n\u01a1i c\u00f4ng s\u1edf, trong gia \u0111\u00ecnh, \u1edf tr\u01b0\u1eddng h\u1ecdc, lu\u1eadt ph\u00e1p, trong x\u00e3 h\u1ed9i v\u00e0 h\u01a1n th\u1ebf n\u1eefa l\u00e0 trong th\u1ebf gi\u1edbi \u0111\u1ec3 b\u1ea1n c\u00f3 th\u1ec3 \u00e1p d\u1ee5ng th\u1ef1c ti\u1ec5n nguy\u00ean t\u1eafc n\u00e0y.<\/p>\n<p>\u0110\u1ecdc L\u1ef1a ch\u1ecdn t\u1ed1i \u01b0u th\u1ee9 3 b\u1ea1n s\u1ebd g\u1eb7p r\u1ea5t nhi\u1ec1u ng\u01b0\u1eddi v\u1edbi nhi\u1ec1u c\u00e2u chuy\u1ec7n. H\u1ecd \u0111\u00e3 \u00e1p d\u1ee5ng th\u00e0nh c\u00f4ng nguy\u00ean t\u1eafc n\u00e0y v\u00e0 h\u1ecd kh\u00f4ng ch\u1ec9 l\u00e0 nh\u1eefng ng\u01b0\u1eddi gi\u1ea3i quy\u1ebft v\u1ea5n \u0111\u1ec1 m\u00e0 c\u00f2n l\u00e0 nh\u1eefng ng\u01b0\u1eddi ki\u1ebfn t\u1ea1o m\u1ed9t t\u01b0\u01a1ng lai m\u1edbi m\u00e0 t\u1ea5t th\u1ea3y ch\u00fang ta \u0111\u1ec1u m\u01a1 \u01b0\u1edbc. <\/p>\n<p>V\u00ec l\u1ebd \u0111\u00f3 n\u1ebfu b\u1ea1n hi\u1ec3u v\u00e0 \u00e1p d\u1ee5ng nguy\u00ean t\u1eafc \u0111\u01b0\u1ee3c \u0111\u1ec1 c\u1eadp trong cu\u1ed1n s\u00e1ch n\u00e0y, b\u1ea1n kh\u00f4ng ch\u1ec9 v\u01b0\u1ee3t qua \u0111\u01b0\u1ee3c v\u1ea5n \u0111\u1ec1 c\u1ee7a b\u1ea3n th\u00e2n m\u00e0 c\u00f2n t\u1ea1o ra m\u1ed9t t\u01b0\u01a1ng lai tuy\u1ec7t v\u1eddi h\u01a1n cho ch\u00ednh m\u00ecnh \u2013 m\u1ed9t t\u01b0\u01a1ng lai m\u00e0 b\u1ea1n ch\u01b0a bao gi\u1edd ngh\u0129 r\u1eb1ng c\u00f3 th\u1ec3 x\u1ea3y \u0111\u1ebfn. T\u1ea5t c\u1ea3 nh\u1eefng \u0111i\u1ec1u \u0111\u01b0\u1ee3c tr\u00ecnh b\u00e0y v\u1eeba mang t\u00ednh ch\u1ea5t c\u00e1 nh\u00e2n v\u1eeba mang t\u00ednh to\u00e0n c\u1ea7u. Nguy\u00ean t\u1eafc n\u00e0y \u00e1p d\u1ee5ng hi\u1ec7u qu\u1ea3 \u0111\u1ed1i v\u1edbi t\u1ea5t c\u1ea3 m\u1ecdi ng\u01b0\u1eddi: t\u1eeb b\u00e0 m\u1eb9 \u0111\u01a1n th\u00e2n \u0111ang c\u1ed1 g\u1eafng nu\u00f4i d\u1ea1y \u0111\u1ee9a con hi\u1ebfu \u0111\u1ed9ng \u0111ang \u1edf tu\u1ed5i v\u1ecb th\u00e0nh ni\u00ean, cho \u0111\u1ebfn ng\u01b0\u1eddi \u0111\u1ee9ng \u0111\u1ea7u m\u1ed9t b\u1ed9 m\u00e1y ch\u00ednh quy\u1ec1n \u0111ang c\u1ed1 g\u1eafng ng\u0103n ch\u1eb7n m\u1ed9t cu\u1ed9c chi\u1ebfn.<\/p>\n<p>H\u00e3y \u0111\u1ec3 L\u1ef1a ch\u1ecdn t\u1ed1i \u01b0u th\u1ee9 3 gi\u00fap b\u1ea1n gi\u1ea3i quy\u1ebft nh\u1eefng v\u1ea5n \u0111\u1ec1, m\u00e2u thu\u1eabn m\u00e0 b\u1ea1n g\u1eb7p ph\u1ea3i trong cu\u1ed9c s\u1ed1ng.<\/p>\n","protected":false},"excerpt":{"rendered":"<p>C\u00f3 l\u1ebd b\u1ea1n \u0111ang trong m\u1ed9t cu\u1ed9c h\u00f4n nh\u00e2n t\u1eebng c\u00f3 kh\u1edfi \u0111\u1ea7u tuy\u1ec7t v\u1eddi, nh\u01b0ng \u1edf th\u1eddi \u0111i\u1ec3m hi\u1ec7n t\u1ea1i, c\u00e1c b\u1ea1n g\u1ea7n nh\u01b0 ch\u1eb3ng th\u1ec3 ch\u1ecbu \u0111\u1ef1ng nhau \u0111\u01b0\u1ee3c n\u1eefa. C\u00f3 th\u1ec3 b\u1ea1n \u0111\u00e3 d\u1ea7n ph\u00e1 h\u1ecfng m\u1ed1i quan h\u1ec7 v\u1edbi b\u1ed1 m\u1eb9, anh ch\u1ecb em ho\u1eb7c con c\u00e1i. C\u0169ng c\u00f3 l\u00fac, b\u1ea1n c\u1ea3m th\u1ea5y qu\u00e1 t\u1ea3i v\u00e0 m\u1ea5t c\u00e2n b\u1eb1ng trong c\u00f4ng vi\u1ec7c. <\/p>\n<p>Ch\u00fang ta lo l\u1eafng v\u1ec1 t\u1ed9i \u00e1c v\u00e0 \u1ea3nh h\u01b0\u1edfng c\u1ee7a n\u00f3 \u0111\u1ed1i v\u1edbi x\u00e3 h\u1ed9i. Ch\u00fang ta nh\u00ecn c\u00e1c ch\u00ednh tr\u1ecb gia h\u1ee9a h\u1eb9n gi\u1ea3i quy\u1ebft v\u1ea5n \u0111\u1ec1 n\u00e0y nh\u01b0ng r\u1ed3i h\u1ecd ch\u1eb3ng l\u00e0m \u0111\u01b0\u1ee3c g\u00ec. Ch\u00fang ta xem th\u1eddi s\u1ef1 v\u00e0o bu\u1ed5i t\u1ed1i v\u00e0 m\u1ea5t d\u1ea7n hy v\u1ecdng r\u1eb1ng m\u1ed9t ng\u00e0y n\u00e0o \u0111\u00f3 nh\u1eefng xung \u0111\u1ed9t kh\u00f4ng ng\u1eebng gi\u1eefa con ng\u01b0\u1eddi v\u00e0 gi\u1eefa c\u00e1c qu\u1ed1c gia s\u1ebd \u0111\u01b0\u1ee3c gi\u1ea3i quy\u1ebft. Ch\u00ednh v\u00ec th\u1ebf, ch\u00fang ta \u0111\u00e1nh m\u1ea5t hy v\u1ecdng, t\u1eeb b\u1ecf ho\u1eb7c ch\u1ea5p nh\u1eadn th\u1ecfa hi\u1ec7p \u2013 d\u00f9 \u0111\u00f3 ch\u1eb3ng ph\u1ea3i l\u00e0 l\u1ef1a ch\u1ecdn t\u1ed1t nh\u1ea5t.<\/p>\n<p>Ch\u1ee7 \u0111\u1ec1 ch\u00ednh c\u1ee7a L\u1ef1a ch\u1ecdn t\u1ed1i \u01b0u th\u1ee9 3 l\u00e0 \u0111\u1ec3 gi\u1ea3i quy\u1ebft nh\u1eefng v\u1ea5n \u0111\u1ec1 kh\u00f3 kh\u0103n nh\u1ea5t, ch\u00fang ta ho\u00e0n to\u00e0n c\u00f3 th\u1ec3 c\u00f3 m\u1ed9t l\u1ef1a ch\u1ecdn t\u1ed1i \u01b0u ho\u00e0n h\u1ea3o kh\u00e1c v\u1edbi l\u1ef1a ch\u1ecdn ban \u0111\u1ea7u \u2013 theo \u00fd anh ho\u1eb7c ch\u1ec9 theo \u00fd t\u00f4i.<\/p>\n<p>N\u00f3i c\u00e1ch kh\u00e1c, Stephen Richards Covey \u2013 t\u00e1c gi\u1ea3 cu\u1ed1n s\u00e1ch \u0111\u00e3 n\u00f3i r\u1eb1ng: H\u1ea7u h\u1ebft c\u00e1c cu\u1ed9c xung \u0111\u1ed9t \u0111\u1ec1u c\u00f3 s\u1ef1 tham gia c\u1ee7a \u00edt nh\u1ea5t hai ph\u00eda. Ph\u01b0\u01a1ng th\u1ee9c th\u1ee9 nh\u1ea5t ch\u00ednh l\u00e0 c\u00e1ch c\u1ee7a t\u00f4i. Ph\u01b0\u01a1ng th\u1ee9c th\u1ee9 hai l\u00e0 c\u00e1ch c\u1ee7a anh. B\u1eb1ng c\u00e1ch h\u1ee3p l\u1ef1c, ch\u00fang ta c\u00f3 th\u1ec3 t\u1ea1o ra L\u1ef1a ch\u1ecdn t\u1ed1i \u01b0u th\u1ee9 3 \u2013 c\u00e1ch c\u1ee7a ch\u00fang ta. \u0110\u00e2y l\u00e0 c\u1ea5p \u0111\u1ed9 cao h\u01a1n v\u00e0 t\u1ed1t h\u01a1n nh\u1eb1m gi\u1ea3i quy\u1ebft c\u00e1c m\u00e2u thu\u1eabn.<\/p>\n<p>Xuy\u00ean su\u1ed1t quy\u1ec3n s\u00e1ch l\u1ea7n l\u01b0\u1ee3t l\u00e0 nh\u1eefng c\u00e2u chuy\u1ec7n, nh\u1eefng b\u00e0i h\u1ecdc \u0111\u01b0a ra c\u00e1c l\u1ef1a ch\u1ecdn th\u1ee9 3 t\u1ed1i \u01b0u nh\u1ea5t trong m\u1ecdi ho\u00e0n c\u1ea3nh nh\u01b0 n\u01a1i c\u00f4ng s\u1edf, trong gia \u0111\u00ecnh, \u1edf tr\u01b0\u1eddng h\u1ecdc, lu\u1eadt ph\u00e1p, trong x\u00e3 h\u1ed9i v\u00e0 h\u01a1n th\u1ebf n\u1eefa l\u00e0 trong th\u1ebf gi\u1edbi \u0111\u1ec3 b\u1ea1n c\u00f3 th\u1ec3 \u00e1p d\u1ee5ng th\u1ef1c ti\u1ec5n nguy\u00ean t\u1eafc n\u00e0y.<\/p>\n<p>\u0110\u1ecdc L\u1ef1a ch\u1ecdn t\u1ed1i \u01b0u th\u1ee9 3 b\u1ea1n s\u1ebd g\u1eb7p r\u1ea5t nhi\u1ec1u ng\u01b0\u1eddi v\u1edbi nhi\u1ec1u c\u00e2u chuy\u1ec7n. H\u1ecd \u0111\u00e3 \u00e1p d\u1ee5ng th\u00e0nh c\u00f4ng nguy\u00ean t\u1eafc n\u00e0y v\u00e0 h\u1ecd kh\u00f4ng ch\u1ec9 l\u00e0 nh\u1eefng ng\u01b0\u1eddi gi\u1ea3i quy\u1ebft v\u1ea5n \u0111\u1ec1 m\u00e0 c\u00f2n l\u00e0 nh\u1eefng ng\u01b0\u1eddi ki\u1ebfn t\u1ea1o m\u1ed9t t\u01b0\u01a1ng lai m\u1edbi m\u00e0 t\u1ea5t th\u1ea3y ch\u00fang ta \u0111\u1ec1u m\u01a1 \u01b0\u1edbc. <\/p>\n<p>V\u00ec l\u1ebd \u0111\u00f3 n\u1ebfu b\u1ea1n hi\u1ec3u v\u00e0 \u00e1p d\u1ee5ng nguy\u00ean t\u1eafc \u0111\u01b0\u1ee3c \u0111\u1ec1 c\u1eadp trong cu\u1ed1n s\u00e1ch n\u00e0y, b\u1ea1n kh\u00f4ng ch\u1ec9 v\u01b0\u1ee3t qua \u0111\u01b0\u1ee3c v\u1ea5n \u0111\u1ec1 c\u1ee7a b\u1ea3n th\u00e2n m\u00e0 c\u00f2n t\u1ea1o ra m\u1ed9t t\u01b0\u01a1ng lai tuy\u1ec7t v\u1eddi h\u01a1n cho ch\u00ednh m\u00ecnh \u2013 m\u1ed9t t\u01b0\u01a1ng lai m\u00e0 b\u1ea1n ch\u01b0a bao gi\u1edd ngh\u0129 r\u1eb1ng c\u00f3 th\u1ec3 x\u1ea3y \u0111\u1ebfn. T\u1ea5t c\u1ea3 nh\u1eefng \u0111i\u1ec1u \u0111\u01b0\u1ee3c tr\u00ecnh b\u00e0y v\u1eeba mang t\u00ednh ch\u1ea5t c\u00e1 nh\u00e2n v\u1eeba mang t\u00ednh to\u00e0n c\u1ea7u. Nguy\u00ean t\u1eafc n\u00e0y \u00e1p d\u1ee5ng hi\u1ec7u qu\u1ea3 \u0111\u1ed1i v\u1edbi t\u1ea5t c\u1ea3 m\u1ecdi ng\u01b0\u1eddi: t\u1eeb b\u00e0 m\u1eb9 \u0111\u01a1n th\u00e2n \u0111ang c\u1ed1 g\u1eafng nu\u00f4i d\u1ea1y \u0111\u1ee9a con hi\u1ebfu \u0111\u1ed9ng \u0111ang \u1edf tu\u1ed5i v\u1ecb th\u00e0nh ni\u00ean, cho \u0111\u1ebfn ng\u01b0\u1eddi \u0111\u1ee9ng \u0111\u1ea7u m\u1ed9t b\u1ed9 m\u00e1y ch\u00ednh quy\u1ec1n \u0111ang c\u1ed1 g\u1eafng ng\u0103n ch\u1eb7n m\u1ed9t cu\u1ed9c chi\u1ebfn.<\/p>\n<p>H\u00e3y \u0111\u1ec3 L\u1ef1a ch\u1ecdn t\u1ed1i \u01b0u th\u1ee9 3 gi\u00fap b\u1ea1n gi\u1ea3i quy\u1ebft nh\u1eefng v\u1ea5n \u0111\u1ec1, m\u00e2u thu\u1eabn m\u00e0 b\u1ea1n g\u1eb7p ph\u1ea3i trong cu\u1ed9c s\u1ed1ng.<\/p>\n","protected":false},"featured_media":17038,"template":"","meta":{"_acf_changed":false},"product_brand":[],"product_cat":[15,46],"product_tag":[],"class_list":{"0":"post-17039","1":"product","2":"type-product","3":"status-publish","4":"has-post-thumbnail","6":"product_cat-sach-danh-cho-nguoi-lon","7":"product_cat-ky-nang-song","9":"first","10":"outofstock","11":"taxable","12":"shipping-taxable","13":"purchasable","14":"product-type-simple"},"supplier_id":null,"supplier_sku":"","barcode":null,"atum_controlled":true,"out_stock_date":"2022-02-08 18:27:13","out_stock_threshold":null,"inheritable":false,"inbound_stock":0,"stock_on_hold":0,"sold_today":0,"sales_last_days":0,"reserved_stock":0,"customer_returns":0,"warehouse_damage":0,"lost_in_post":0,"other_logs":0,"out_stock_days":1450,"lost_sales":0,"has_location":false,"update_date":"2026-01-28T23:10:58","atum_locations":[],"atum_stock_status":"outofstock","restock_status":false,"low_stock_amount":"","sales_update_date":"2026-01-28T23:10:58","calc_backorders":null,"acf":{"publisher":{"ID":6196,"post_author":"1","post_date":"2021-03-15 01:26:01","post_date_gmt":"2021-03-14 23:26:01","post_content":"","post_title":"FIRST NEWS","post_excerpt":"","post_status":"publish","comment_status":"closed","ping_status":"closed","post_password":"","post_name":"first-news","to_ping":"","pinged":"","post_modified":"2021-03-15 01:26:01","post_modified_gmt":"2021-03-14 23:26:01","post_content_filtered":"","post_parent":0,"guid":"https:\/\/sachviet.eu\/blog\/nha-phat-hanh\/first-news\/","menu_order":0,"post_type":"publisher","post_mime_type":"","comment_count":"0","filter":"raw"}},"_links":{"self":[{"href":"https:\/\/sachviet.eu\/en\/wp-json\/wp\/v2\/product\/17039","targetHints":{"allow":["GET"]}}],"collection":[{"href":"https:\/\/sachviet.eu\/en\/wp-json\/wp\/v2\/product"}],"about":[{"href":"https:\/\/sachviet.eu\/en\/wp-json\/wp\/v2\/types\/product"}],"wp:featuredmedia":[{"embeddable":true,"href":"https:\/\/sachviet.eu\/en\/wp-json\/wp\/v2\/media\/17038"}],"wp:attachment":[{"href":"https:\/\/sachviet.eu\/en\/wp-json\/wp\/v2\/media?parent=17039"}],"wp:term":[{"taxonomy":"product_brand","embeddable":true,"href":"https:\/\/sachviet.eu\/en\/wp-json\/wp\/v2\/product_brand?post=17039"},{"taxonomy":"product_cat","embeddable":true,"href":"https:\/\/sachviet.eu\/en\/wp-json\/wp\/v2\/product_cat?post=17039"},{"taxonomy":"product_tag","embeddable":true,"href":"https:\/\/sachviet.eu\/en\/wp-json\/wp\/v2\/product_tag?post=17039"}],"curies":[{"name":"wp","href":"https:\/\/api.w.org\/{rel}","templated":true}]}}