{"id":17037,"date":"2022-02-03T23:15:14","date_gmt":"2022-02-03T21:15:14","guid":{"rendered":"https:\/\/sachviet.eu\/shop\/7-thoi-quen-tao-gia-dinh-hanh-phuc\/"},"modified":"2022-02-08T22:27:13","modified_gmt":"2022-02-08T20:27:13","slug":"7-thoi-quen-tao-gia-dinh-hanh-phuc","status":"publish","type":"product","link":"https:\/\/sachviet.eu\/en\/shop\/7-thoi-quen-tao-gia-dinh-hanh-phuc\/","title":{"rendered":"7 Th\u00f3i Quen T\u1ea1o Gia \u0110\u00ecnh H\u1ea1nh Ph\u00fac"},"content":{"rendered":"<p>Gia \u0111\u00ecnh l\u00e0 t\u1ebf b\u00e0o c\u1ee7a x\u00e3 h\u1ed9i, m\u1ed9t gia \u0111\u00ecnh y\u00ean vui, h\u1ea1nh ph\u00fac l\u00e0 n\u1ec1n t\u1ea3ng ph\u00e1t tri\u1ec3n c\u1ee7a m\u1ed9t x\u00e3 h\u1ed9i ti\u1ebfn b\u1ed9. V\u00e0 c\u00f3 l\u1ebd \u0111\u1ed1i v\u1edbi h\u1ea7u h\u1ebft m\u1ecdi ng\u01b0\u1eddi, th\u00e0nh c\u00f4ng l\u1edbn nh\u1ea5t trong su\u1ed1t cu\u1ed9c \u0111\u1eddi h\u1ecd kh\u00f4ng ph\u1ea3i l\u00e0 ti\u1ec1n t\u00e0i, tri th\u1ee9c hay \u0111\u1ecba v\u1ecb x\u00e3 h\u1ed9i m\u00e0 \u0111\u00f3 ch\u00ednh l\u00e0 m\u1ed9t gia \u0111\u00ecnh h\u1ea1nh ph\u00fac. T\u00e1c gi\u1ea3 \u0111\u00e3 quan s\u00e1t k\u1ef9 l\u01b0\u1ee1ng v\u00e0 c\u1ea9n th\u1eadn ghi ch\u00e9p nh\u1eefng \u0111i\u1ec1u di\u1ec5n ra trong cu\u1ed9c s\u1ed1ng gia \u0111\u00ecnh m\u00ecnh v\u00e0 c\u00e1c gia \u0111\u00ecnh kh\u00e1c, kh\u00e1i qu\u00e1t ch\u00fang th\u00e0nh c\u00e1c quy lu\u1eadt \u0111\u1ec3 chia s\u1ebb nh\u1eefng l\u1eddi khuy\u00ean thi\u1ebft th\u1ef1c v\u1edbi \u0111\u1ed9c gi\u1ea3 qua cu\u1ed1n s\u00e1ch 7 th\u00f3i quen t\u1ea1o gia \u0111\u00ecnh h\u1ea1nh ph\u00fac.<\/p>\n<p>&#8220;7 Th\u00f3i Quen T\u1ea1o Gia \u0110\u00ecnh H\u1ea1nh Ph\u00fac&#8221; mang \u0111\u1ebfn cho b\u1ea1n nh\u1eefng b\u00e0i h\u1ecdc qu\u00fd gi\u00e1 \u0111\u1ec3 t\u1ea1o d\u1ef1ng v\u00e0 duy tr\u00ec m\u1ed9t v\u0103n h\u00f3a gia \u0111\u00ecnh v\u1eefng ch\u1eafc trong x\u00e3 h\u1ed9i nhi\u1ec1u bi\u1ebfn \u0111\u1ed9ng ng\u00e0y nay<\/p>\n<p>Vi\u1ec7c \u1ee9ng d\u1ee5ng &#8220;7 th\u00f3i quen&#8221; v\u00e0o gia \u0111\u00ecnh b\u1ea1n l\u00e0 ho\u00e0n to\u00e0n t\u1ef1 nhi\u00ean. V\u00ec tr\u00ean th\u1ef1c t\u1ebf, c\u00e1c th\u00f3i quen th\u01b0\u1eddng \u0111\u01b0\u1ee3c x\u00e2y d\u1ef1ng t\u1eeb trong ch\u00ednh gia \u0111\u00ecnh. B\u1ea1n s\u1ebd c\u1ea3m nh\u1eadn r\u00f5 \u0111i\u1ec1u n\u00e0y khi \u0111\u1ecdc nh\u1eefng c\u00e2u chuy\u1ec7n k\u1ef3 di\u1ec7u c\u1ee7a nh\u1eefng gia \u0111\u00ecnh r\u1ea5t kh\u00e1c nhau chia s\u1ebb v\u1ec1 c\u00e1ch h\u1ecd \u00e1p d\u1ee5ng &#8220;7 th\u00f3i quen&#8221; v\u00e0 k\u1ebft qu\u1ea3 h\u1ecd \u0111\u00e3 nh\u1eadn \u0111\u01b0\u1ee3c<\/p>\n","protected":false},"excerpt":{"rendered":"<p>Gia \u0111\u00ecnh l\u00e0 t\u1ebf b\u00e0o c\u1ee7a x\u00e3 h\u1ed9i, m\u1ed9t gia \u0111\u00ecnh y\u00ean vui, h\u1ea1nh ph\u00fac l\u00e0 n\u1ec1n t\u1ea3ng ph\u00e1t tri\u1ec3n c\u1ee7a m\u1ed9t x\u00e3 h\u1ed9i ti\u1ebfn b\u1ed9. V\u00e0 c\u00f3 l\u1ebd \u0111\u1ed1i v\u1edbi h\u1ea7u h\u1ebft m\u1ecdi ng\u01b0\u1eddi, th\u00e0nh c\u00f4ng l\u1edbn nh\u1ea5t trong su\u1ed1t cu\u1ed9c \u0111\u1eddi h\u1ecd kh\u00f4ng ph\u1ea3i l\u00e0 ti\u1ec1n t\u00e0i, tri th\u1ee9c hay \u0111\u1ecba v\u1ecb x\u00e3 h\u1ed9i m\u00e0 \u0111\u00f3 ch\u00ednh l\u00e0 m\u1ed9t gia \u0111\u00ecnh h\u1ea1nh ph\u00fac. T\u00e1c gi\u1ea3 \u0111\u00e3 quan s\u00e1t k\u1ef9 l\u01b0\u1ee1ng v\u00e0 c\u1ea9n th\u1eadn ghi ch\u00e9p nh\u1eefng \u0111i\u1ec1u di\u1ec5n ra trong cu\u1ed9c s\u1ed1ng gia \u0111\u00ecnh m\u00ecnh v\u00e0 c\u00e1c gia \u0111\u00ecnh kh\u00e1c, kh\u00e1i qu\u00e1t ch\u00fang th\u00e0nh c\u00e1c quy lu\u1eadt \u0111\u1ec3 chia s\u1ebb nh\u1eefng l\u1eddi khuy\u00ean thi\u1ebft th\u1ef1c v\u1edbi \u0111\u1ed9c gi\u1ea3 qua cu\u1ed1n s\u00e1ch 7 th\u00f3i quen t\u1ea1o gia \u0111\u00ecnh h\u1ea1nh ph\u00fac.<\/p>\n<p>&#8220;7 Th\u00f3i Quen T\u1ea1o Gia \u0110\u00ecnh H\u1ea1nh Ph\u00fac&#8221; mang \u0111\u1ebfn cho b\u1ea1n nh\u1eefng b\u00e0i h\u1ecdc qu\u00fd gi\u00e1 \u0111\u1ec3 t\u1ea1o d\u1ef1ng v\u00e0 duy tr\u00ec m\u1ed9t v\u0103n h\u00f3a gia \u0111\u00ecnh v\u1eefng ch\u1eafc trong x\u00e3 h\u1ed9i nhi\u1ec1u bi\u1ebfn \u0111\u1ed9ng ng\u00e0y nay<\/p>\n<p>Vi\u1ec7c \u1ee9ng d\u1ee5ng &#8220;7 th\u00f3i quen&#8221; v\u00e0o gia \u0111\u00ecnh b\u1ea1n l\u00e0 ho\u00e0n to\u00e0n t\u1ef1 nhi\u00ean. V\u00ec tr\u00ean th\u1ef1c t\u1ebf, c\u00e1c th\u00f3i quen th\u01b0\u1eddng \u0111\u01b0\u1ee3c x\u00e2y d\u1ef1ng t\u1eeb trong ch\u00ednh gia \u0111\u00ecnh. B\u1ea1n s\u1ebd c\u1ea3m nh\u1eadn r\u00f5 \u0111i\u1ec1u n\u00e0y khi \u0111\u1ecdc nh\u1eefng c\u00e2u chuy\u1ec7n k\u1ef3 di\u1ec7u c\u1ee7a nh\u1eefng gia \u0111\u00ecnh r\u1ea5t kh\u00e1c nhau chia s\u1ebb v\u1ec1 c\u00e1ch h\u1ecd \u00e1p d\u1ee5ng &#8220;7 th\u00f3i quen&#8221; v\u00e0 k\u1ebft qu\u1ea3 h\u1ecd \u0111\u00e3 nh\u1eadn \u0111\u01b0\u1ee3c<\/p>\n","protected":false},"featured_media":17036,"template":"","meta":{"_acf_changed":false},"product_brand":[],"product_cat":[15,46],"product_tag":[],"class_list":{"0":"post-17037","1":"product","2":"type-product","3":"status-publish","4":"has-post-thumbnail","6":"product_cat-sach-danh-cho-nguoi-lon","7":"product_cat-ky-nang-song","9":"first","10":"outofstock","11":"taxable","12":"shipping-taxable","13":"purchasable","14":"product-type-simple"},"supplier_id":null,"supplier_sku":"","barcode":null,"atum_controlled":true,"out_stock_date":"2022-02-08 18:27:13","out_stock_threshold":null,"inheritable":false,"inbound_stock":0,"stock_on_hold":0,"sold_today":0,"sales_last_days":0,"reserved_stock":0,"customer_returns":0,"warehouse_damage":0,"lost_in_post":0,"other_logs":0,"out_stock_days":1450,"lost_sales":0,"has_location":false,"update_date":"2026-01-28T23:10:58","atum_locations":[],"atum_stock_status":"outofstock","restock_status":false,"low_stock_amount":"","sales_update_date":"2026-01-28T23:10:58","calc_backorders":null,"acf":{"publisher":{"ID":6196,"post_author":"1","post_date":"2021-03-15 01:26:01","post_date_gmt":"2021-03-14 23:26:01","post_content":"","post_title":"FIRST NEWS","post_excerpt":"","post_status":"publish","comment_status":"closed","ping_status":"closed","post_password":"","post_name":"first-news","to_ping":"","pinged":"","post_modified":"2021-03-15 01:26:01","post_modified_gmt":"2021-03-14 23:26:01","post_content_filtered":"","post_parent":0,"guid":"https:\/\/sachviet.eu\/blog\/nha-phat-hanh\/first-news\/","menu_order":0,"post_type":"publisher","post_mime_type":"","comment_count":"0","filter":"raw"}},"_links":{"self":[{"href":"https:\/\/sachviet.eu\/en\/wp-json\/wp\/v2\/product\/17037","targetHints":{"allow":["GET"]}}],"collection":[{"href":"https:\/\/sachviet.eu\/en\/wp-json\/wp\/v2\/product"}],"about":[{"href":"https:\/\/sachviet.eu\/en\/wp-json\/wp\/v2\/types\/product"}],"wp:featuredmedia":[{"embeddable":true,"href":"https:\/\/sachviet.eu\/en\/wp-json\/wp\/v2\/media\/17036"}],"wp:attachment":[{"href":"https:\/\/sachviet.eu\/en\/wp-json\/wp\/v2\/media?parent=17037"}],"wp:term":[{"taxonomy":"product_brand","embeddable":true,"href":"https:\/\/sachviet.eu\/en\/wp-json\/wp\/v2\/product_brand?post=17037"},{"taxonomy":"product_cat","embeddable":true,"href":"https:\/\/sachviet.eu\/en\/wp-json\/wp\/v2\/product_cat?post=17037"},{"taxonomy":"product_tag","embeddable":true,"href":"https:\/\/sachviet.eu\/en\/wp-json\/wp\/v2\/product_tag?post=17037"}],"curies":[{"name":"wp","href":"https:\/\/api.w.org\/{rel}","templated":true}]}}