{"id":17030,"date":"2022-02-03T23:14:57","date_gmt":"2022-02-03T21:14:57","guid":{"rendered":"https:\/\/sachviet.eu\/shop\/keanu-reeves-ma-tran-cuoc-doi-bi-an-dang-sau-nguoi-dan-ong-tu-te-nhat-hanh-tinh\/"},"modified":"2022-02-04T00:09:03","modified_gmt":"2022-02-03T22:09:03","slug":"keanu-reeves-ma-tran-cuoc-doi-bi-an-dang-sau-nguoi-dan-ong-tu-te-nhat-hanh-tinh","status":"publish","type":"product","link":"https:\/\/sachviet.eu\/en\/shop\/keanu-reeves-ma-tran-cuoc-doi-bi-an-dang-sau-nguoi-dan-ong-tu-te-nhat-hanh-tinh\/","title":{"rendered":"Keanu Reeves &#8211; Ma Tr\u1eadn Cu\u1ed9c \u0110\u1eddi (B\u00ed \u1ea8n \u0110\u1eb1ng Sau Ng\u01b0\u1eddi \u0110\u00e0n \u00d4ng T\u1eed T\u1ebf Nh\u1ea5t H\u00e0nh Tinh)"},"content":{"rendered":"<p>V\u1ec1 t\u00e1c gi\u1ea3:<\/p>\n<p>Marc Shapiro sinh n\u0103m 1949. \u00d4ng l\u00e0 nh\u00e0 b\u00e1o t\u1ef1 do m\u1ea3ng gi\u1ea3i tr\u00ed trong h\u01a1n 25 n\u0103m, bao qu\u00e1t c\u00e1c m\u1ea3ng phim, truy\u1ec1n h\u00ecnh v\u00e0 \u00e2m nh\u1ea1c cho nhi\u1ec1u t\u1edd b\u00e1o v\u00e0 t\u1ea1p ch\u00ed \u1edf M\u1ef9 n\u00f3i ri\u00eang c\u0169ng nh\u01b0 \u1edf c\u00e1c n\u01b0\u1edbc n\u00f3i chung. \u00d4ng \u0111\u00e3 t\u1eebng vi\u1ebft h\u01a1n 60 quy\u1ec3n t\u1ef1 truy\u1ec7n phi ti\u1ec3u thuy\u1ebft v\u1ec1 ng\u01b0\u1eddi n\u1ed5i ti\u1ebfng, h\u01a1n 20 t\u1eadp truy\u1ec7n tranh, nhi\u1ec1u truy\u1ec7n ng\u1eafn, th\u01a1 v\u00e0 m\u1ed9t s\u1ed1 k\u1ecbch b\u1ea3n ng\u1eafn.<br \/>\nQuy\u1ec3n \u201cKeanu Reeves\u2019 Excellent Adventure: An Unauthorized Biography\u201d c\u1ee7a t\u00e1c gi\u1ea3 Marc Shapiro ph\u00e1t h\u00e0nh v\u00e0o ng\u00e0y 1\/9\/2020 t\u1ea1i M\u1ef9 v\u00e0 phi\u00ean b\u1ea3n ti\u1ebfng Vi\u1ec7t s\u1ebd \u0111\u01b0\u1ee3c ph\u00e1t h\u00e0nh v\u00e0o th\u00e1ng 12\/2021 \u1edf Vi\u1ec7t Nam.<\/p>\n","protected":false},"excerpt":{"rendered":"<p>Keanu th\u01b0\u1eddng \u0111\u01b0\u1ee3c m\u1ecdi ng\u01b0\u1eddi nh\u00ecn nh\u1eadn nh\u01b0 m\u1ed9t ng\u01b0\u1eddi h\u00f9ng, c\u1ea3 tr\u00ean m\u00e0n \u1ea3nh l\u1eabn ngo\u00e0i \u0111\u1eddi th\u1ef1c. \u1ede anh, ch\u00fang ta c\u00f3 th\u1ec3 nh\u00ecn th\u1ea5y s\u1ef1 t\u1eadn t\u1ee5y, t\u1eed t\u1ebf, cao th\u01b0\u1ee3ng v\u00e0 g\u1ea7n g\u0169i. Tuy nhi\u00ean, Keanu t\u1eebng chia s\u1ebb: \u201cH\u1ea7u h\u1ebft m\u1ecdi ng\u01b0\u1eddi \u0111\u1ec1u bi\u1ebft t\u00f4i. Nh\u01b0ng h\u1ecd kh\u00f4ng bi\u1ebft c\u00e2u chuy\u1ec7n c\u1ee7a t\u00f4i\u201d.<\/p>\n<p>N\u1ebfu kh\u00f4ng x\u00e9t \u0111\u1ebfn c\u00e1c nh\u00e2n v\u1eadt trong phim th\u00ec Keanu c\u00f2n l\u1ea1i g\u00ec? \u0110i\u1ec1u g\u00ec \u0111\u00e3 l\u00e0m n\u00ean m\u1ed9t Keanu Reeves t\u00e0i n\u0103ng v\u00e0 t\u1eed t\u1ebf \u0111\u1ebfn v\u1eady? \u0110i\u1ec1u g\u00ec t\u1ea1o n\u00ean h\u00ecnh \u1ea3nh ng\u01b0\u1eddi h\u00f9ng gi\u1eefa \u0111\u1eddi th\u01b0\u1eddng hi\u1ebfm th\u1ea5y \u0111\u1ebfn th\u1ebf? Li\u1ec7u c\u00f3 ai quan t\u00e2m \u0111\u1ee7 nhi\u1ec1u \u0111\u1ec3 \u0111i s\u00e2u t\u00ecm hi\u1ec3u v\u1ec1 nh\u1eefng g\u00f3c khu\u1ea5t trong cu\u1ed9c \u0111\u1eddi Keanu? Li\u1ec7u b\u1ea3n th\u00e2n anh c\u00f3 \u0111\u1ee7 d\u0169ng kh\u00ed \u0111\u1ec3 \u0111\u1ed1i m\u1eb7t v\u1edbi qu\u00e1 kh\u1ee9 c\u1ee7a ch\u00ednh m\u00ecnh?<\/p>\n<p>Khi nh\u00ecn v\u00e0o cu\u1ed9c \u0111\u1eddi c\u1ee7a Keanu, ta s\u1ebd th\u1ea5y \u0111\u00f3 l\u00e0 m\u1ed9t ma tr\u1eadn v\u1edbi nhi\u1ec1u th\u0103ng tr\u1ea7m. Cu\u1ed9c \u0111\u1eddi anh x\u1ee9ng \u0111\u00e1ng \u0111\u01b0\u1ee3c xem nh\u01b0 m\u1ed9t c\u00f4ng tr\u00ecnh \u0111\u1ec3 kh\u1ea3o c\u1ee9u, v\u00e0 nh\u1eefng s\u1ef1 ki\u1ec7n x\u1ea3y ra trong \u0111\u00f3 c\u00f3 th\u1ec3 n\u00f3i l\u00ean nhi\u1ec1u \u0111i\u1ec1u v\u1ec1 con ng\u01b0\u1eddi c\u1ee7a anh.<\/p>\n<p>T\u00e1c gi\u1ea3 Marc Shapiro chia s\u1ebb: \u201cNgay sau khi quy\u1ebft \u0111\u1ecbnh th\u1ef1c hi\u1ec7n quy\u1ec3n s\u00e1ch n\u00e0y, t\u00f4i b\u1eaft \u0111\u1ea7u nghi\u00ean c\u1ee9u m\u1ed9t kh\u1ed1i l\u01b0\u1ee3ng t\u01b0 li\u1ec7u kh\u1ed5ng l\u1ed3 v\u1edbi tinh th\u1ea7n b\u00e1o ch\u00ed thu\u1ea7n t\u00fay. Khi nh\u1eefng c\u00e2u chuy\u1ec7n v\u1ec1 Keanu ng\u00e0y c\u00e0ng nhi\u1ec1u th\u00eam, khi th\u00e0nh t\u1ef1u v\u00e0 n\u1ed7i \u0111au c\u1ee7a anh d\u1ea7n hi\u1ec7n l\u00ean qua nh\u1eefng con ch\u1eef, t\u00f4i th\u1ea5y th\u1eadt kh\u00f3 \u0111\u1ec3 c\u1ea3m x\u00fac c\u1ee7a m\u00ecnh kh\u00f4ng b\u1ecb t\u00e1c \u0111\u1ed9ng b\u1edfi ng\u01b0\u1eddi ngh\u1ec7 s\u0129 n\u00e0y\u201d.<\/p>\n<p>V\u1edbi nh\u1eefng b\u0103n kho\u0103n v\u00e0 c\u1ea3m x\u00fac nh\u01b0 v\u1eady, Marc Shapiro \u0111\u00e3 vi\u1ebft n\u00ean \u201cMa tr\u1eadn cu\u1ed9c \u0111\u1eddi Keanu Reeves\u201d (t\u1ef1a g\u1ed1c \u201cKeanu Reeves\u2019s Excellent Adventure: An Unauthorized Biography\u201d) \u0111\u01b0\u1ee3c ph\u00e1t h\u00e0nh t\u1ea1i M\u1ef9 v\u00e0o th\u00e1ng 9 n\u0103m 2020. \u0110\u1eb7c bi\u1ec7t, cu\u1ed1n s\u00e1ch n\u00e0y s\u1ebd \u0111\u01b0\u1ee3c ch\u00ednh th\u1ee9c ph\u00e1t h\u00e0nh t\u1ea1i Vi\u1ec7t Nam c\u00f9ng th\u1eddi \u0111i\u1ec3m phim The Matrix: Resurrection \u0111\u01b0\u1ee3c c\u00f4ng chi\u1ebfu t\u1ea1i c\u00e1c r\u1ea1p tr\u00ean to\u00e0n qu\u1ed1c.<\/p>\n<p>Keanu Reeves \u2013 Ng\u01b0\u1eddi \u0111\u00e0n \u00f4ng t\u1ef1 r\u0169 b\u1ecf h\u00e0o quang c\u1ee7a ch\u00ednh m\u00ecnh<\/p>\n<p>Keanu Reeves l\u00e0 ng\u01b0\u1eddi s\u1eb5n s\u00e0ng t\u1eeb ch\u1ed1i th\u1eb3ng nh\u1eefng h\u1ee3p \u0111\u1ed3ng tr\u1ecb gi\u00e1 h\u00e0ng tri\u1ec7u \u0111\u00f4-la v\u1edbi c\u00e1c \u00f4ng l\u1edbn trong ng\u00e0nh c\u00f4ng nghi\u1ec7p \u0111i\u1ec7n \u1ea3nh nh\u01b0ng l\u1ea1i s\u1eb5n l\u00f2ng tham gia nh\u1eefng b\u1ed9 phim nh\u1ecf v\u00e0 \u0111\u1ed9c l\u1eadp v\u1edbi kinh ph\u00ed t\u01b0\u1ee3ng tr\u01b0ng. Khi xu\u1ea5t hi\u1ec7n, anh s\u1ebd l\u00e0 t\u00e2m \u0111i\u1ec3m c\u1ee7a kh\u00e1n ph\u00f2ng. Nh\u01b0ng anh c\u0169ng l\u00e0 ng\u01b0\u1eddi s\u1ebd t\u1ef1 t\u1eaft \u00e1nh h\u00e0o quang c\u1ee7a ch\u00ednh m\u00ecnh \u0111\u1ec3 s\u1ed1ng gi\u1eefa \u0111\u1eddi th\u01b0\u1eddng, m\u1ed9c m\u1ea1c v\u00e0 b\u00ecnh d\u1ecb.<\/p>\n<p>V\u1edbi \u201cMa tr\u1eadn cu\u1ed9c \u0111\u1eddi Keanu Reeves\u201d, t\u00e1c gi\u1ea3 Marc Shapiro \u0111\u00e3 d\u00e0y c\u00f4ng kh\u1eafc ho\u1ea1 n\u00ean m\u1ed9t b\u1ee9c ch\u00e2n dung th\u00f4 r\u00e1p v\u00e0 \u0111\u1ea7y g\u00f3c c\u1ea1nh m\u00e0 \u1edf \u0111\u00f3, nh\u1eefng s\u1ef1 ki\u1ec7n r\u1eddi r\u1ea1c trong cu\u1ed9c \u0111\u1eddi Keanu \u0111\u01b0\u1ee3c \u0111\u1eb7t c\u1ea1nh nhau, t\u1ea1o n\u00ean m\u1ed9t b\u1ee9c tranh to\u00e0n c\u1ea3nh. T\u00e1c gi\u1ea3 \u0111\u1eb7t t\u1eebng m\u1ea3nh gh\u00e9p l\u00ean c\u00f9ng m\u1ed9t m\u1eb7t ph\u1eb3ng \u0111\u1ec3 xem x\u00e9t v\u00e0 t\u1eeb \u0111\u00f3 h\u00e9 l\u1ed9 nhi\u1ec1u kh\u00eda c\u1ea1nh, nhi\u1ec1u s\u1ef1 th\u1eadt \u1ea9n gi\u1ea5u \u0111\u1eb1ng sau cu\u1ed9c \u0111\u1eddi c\u1ee7a ng\u01b0\u1eddi anh h\u00f9ng tr\u00ean m\u00e0n \u1ea3nh, mang \u0111\u1ebfn m\u1ed9t g\u00f3c nh\u00ecn s\u00e2u s\u1eafc v\u00e0 to\u00e0n di\u1ec7n v\u1ec1 Keanu.<\/p>\n<p>Trong cu\u1ed1n s\u00e1ch n\u00e0y, t\u00e1c gi\u1ea3 kh\u00f4ng t\u00f4 v\u1ebd Keanu Reeves b\u1eb1ng m\u1ef9 t\u1eeb, m\u00e0 soi cu\u1ed9c \u0111\u1eddi anh b\u1eb1ng nh\u1eefng l\u0103ng k\u00ednh r\u1ea5t \u0111\u1eddi th\u01b0\u1eddng. T\u00e1c gi\u1ea3 \u0111\u1ec3 c\u00e1c s\u1ef1 ki\u1ec7n t\u1ef1 n\u00f3i l\u00ean c\u00e2u chuy\u1ec7n c\u1ee7a ch\u00fang v\u00e0 \u00edt khi \u0111\u01b0a ra \u00fd ki\u1ebfn ch\u1ee7 quan c\u1ee7a m\u00ecnh. Nh\u01b0ng d\u00f9 \u0111\u01b0\u1ee3c soi chi\u1ebfu b\u1eb1ng l\u0103ng k\u00ednh n\u00e0o \u0111i ch\u0103ng n\u1eefa th\u00ec cu\u1ed9c \u0111\u1eddi Keanu v\u1eabn c\u00f3 r\u1ea5t nhi\u1ec1u kh\u00eda c\u1ea1nh, ch\u1ee9 kh\u00f4ng n\u1eb1m tr\u00ean m\u1ed9t m\u1eb7t ph\u1eb3ng \u0111\u01a1n \u0111i\u1ec7u.<\/p>\n<p>Khi \u0111\u1ecdc s\u00e1ch, \u0111\u1ed9c gi\u1ea3 s\u1ebd c\u00f3 c\u1ea3m gi\u00e1c nh\u01b0 th\u1ec3 cu\u1ed9c \u0111\u1eddi Keanu l\u00e0 nh\u1eefng th\u1ef1c t\u1ea1i gi\u1ea3 l\u1eadp \u0111\u1eb7t ch\u1ed3ng ch\u00e9o l\u00ean nhau, \u0111an xen v\u00e0o nhau. M\u1ed7i khi tho\u00e1t kh\u1ecfi ma tr\u1eadn n\u00e0y l\u1ea1i r\u01a1i v\u00e0o m\u1ed9t ma tr\u1eadn kh\u00e1c: \u0111\u1edbn \u0111au v\u00e0 kh\u1ed1c li\u1ec7t, m\u1ea1o hi\u1ec3m v\u00e0 ng\u00e2y ng\u00f4, b\u00ecnh th\u01b0\u1eddng v\u00e0 di\u1ec5m l\u1ec7, \u0111a t\u00ecnh v\u00e0 c\u00f4 \u0111\u01a1n, mong manh v\u00e0 t\u1ef1 t\u1ea1i, b\u00ecnh y\u00ean v\u00e0 s\u00f3ng gi\u00f3.<\/p>\n<p>V\u1edbi b\u1ea3n l\u0129nh c\u1ee7a m\u1ed9t ng\u01b0\u1eddi c\u1ea7m b\u00fat l\u00e2u n\u0103m, t\u00e1c gi\u1ea3 Marc Shapiro \u0111\u00e3 cho ta th\u1ea5y \u0111\u01b0\u1ee3c nhi\u1ec1u kh\u00eda c\u1ea1nh c\u1ee7a Keanu Reeves. \u00d4ng \u0111\u1ee7 t\u1ef1 tin \u0111\u1ec3 gi\u1ea3i \u0111\u1ed1 ma tr\u1eadn, v\u00e0 \u00f4ng c\u0169ng \u0111\u1ee7 tr\u1ea3i \u0111\u1eddi \u0111\u1ec3 cho ch\u00fang ta th\u1ea5y m\u1ed9t Keanu Reeves c\u1ee7a \u0111\u1eddi th\u01b0\u1eddng v\u1edbi m\u1ed9t cu\u1ed9c \u0111\u1eddi b\u00ecnh th\u01b0\u1eddng.<\/p>\n","protected":false},"featured_media":17029,"template":"","meta":{"_acf_changed":false},"product_brand":[],"product_cat":[15,46],"product_tag":[],"class_list":{"0":"post-17030","1":"product","2":"type-product","3":"status-publish","4":"has-post-thumbnail","6":"product_cat-sach-danh-cho-nguoi-lon","7":"product_cat-ky-nang-song","9":"first","10":"instock","11":"taxable","12":"shipping-taxable","13":"purchasable","14":"product-type-simple"},"supplier_id":null,"supplier_sku":"","barcode":null,"atum_controlled":true,"out_stock_date":null,"out_stock_threshold":null,"inheritable":false,"inbound_stock":0,"stock_on_hold":0,"sold_today":0,"sales_last_days":0,"reserved_stock":0,"customer_returns":0,"warehouse_damage":0,"lost_in_post":0,"other_logs":0,"out_stock_days":0,"lost_sales":0,"has_location":false,"update_date":"2026-01-28T23:10:58","atum_locations":[],"atum_stock_status":"instock","restock_status":false,"low_stock_amount":"","sales_update_date":"2026-01-28T23:10:58","calc_backorders":null,"acf":{"publisher":{"ID":6196,"post_author":"1","post_date":"2021-03-15 01:26:01","post_date_gmt":"2021-03-14 23:26:01","post_content":"","post_title":"FIRST NEWS","post_excerpt":"","post_status":"publish","comment_status":"closed","ping_status":"closed","post_password":"","post_name":"first-news","to_ping":"","pinged":"","post_modified":"2021-03-15 01:26:01","post_modified_gmt":"2021-03-14 23:26:01","post_content_filtered":"","post_parent":0,"guid":"https:\/\/sachviet.eu\/blog\/nha-phat-hanh\/first-news\/","menu_order":0,"post_type":"publisher","post_mime_type":"","comment_count":"0","filter":"raw"}},"_links":{"self":[{"href":"https:\/\/sachviet.eu\/en\/wp-json\/wp\/v2\/product\/17030","targetHints":{"allow":["GET"]}}],"collection":[{"href":"https:\/\/sachviet.eu\/en\/wp-json\/wp\/v2\/product"}],"about":[{"href":"https:\/\/sachviet.eu\/en\/wp-json\/wp\/v2\/types\/product"}],"wp:featuredmedia":[{"embeddable":true,"href":"https:\/\/sachviet.eu\/en\/wp-json\/wp\/v2\/media\/17029"}],"wp:attachment":[{"href":"https:\/\/sachviet.eu\/en\/wp-json\/wp\/v2\/media?parent=17030"}],"wp:term":[{"taxonomy":"product_brand","embeddable":true,"href":"https:\/\/sachviet.eu\/en\/wp-json\/wp\/v2\/product_brand?post=17030"},{"taxonomy":"product_cat","embeddable":true,"href":"https:\/\/sachviet.eu\/en\/wp-json\/wp\/v2\/product_cat?post=17030"},{"taxonomy":"product_tag","embeddable":true,"href":"https:\/\/sachviet.eu\/en\/wp-json\/wp\/v2\/product_tag?post=17030"}],"curies":[{"name":"wp","href":"https:\/\/api.w.org\/{rel}","templated":true}]}}