{"id":17024,"date":"2022-02-03T23:14:40","date_gmt":"2022-02-03T21:14:40","guid":{"rendered":"https:\/\/sachviet.eu\/shop\/thanh-kinh-cua-nhung-tin-do-ca-phe\/"},"modified":"2023-07-04T21:27:57","modified_gmt":"2023-07-04T18:27:57","slug":"thanh-kinh-cua-nhung-tin-do-ca-phe","status":"publish","type":"product","link":"https:\/\/sachviet.eu\/en\/shop\/thanh-kinh-cua-nhung-tin-do-ca-phe\/","title":{"rendered":"Th\u00e1nh Kinh C\u1ee7a Nh\u1eefng T\u00edn \u0110\u1ed3 C\u00e0 Ph\u00ea"},"content":{"rendered":"<p>Nhi\u1ec1u n\u0103m qua, c\u00e0 ph\u00ea lu\u00f4n b\u1ecb g\u00e1n cho &#8220;t\u1ed9i danh&#8221; g\u00e2y h\u1ea1i cho s\u1ee9c kh\u1ecfe, nh\u01b0ng nhi\u1ec1u nghi\u00ean c\u1ee9u m\u1edbi \u0111\u00e2y \u0111\u00e3 kh\u00e1m ph\u00e1 ra nh\u1eefng l\u1ee3i \u00edch v\u01b0\u1ee3t xa tr\u00ed t\u01b0\u1edfng t\u01b0\u1ee3ng c\u1ee7a ch\u00fang ta.Trong Th\u00e1nh Kinh c\u1ee7a nh\u1eefng t\u00edn \u0111\u1ed3 c\u00e0 ph\u00ea, Dr.Bob Anot ti\u1ebft l\u1ed9 c\u00e1ch t\u1eadn d\u1ee5ng t\u1ed1i \u01b0u, s\u1ee9c m\u1ea1nh c\u1ee7a th\u1ee9c u\u1ed1ng n\u00e0y th\u00f4ng qua nh\u1eefng h\u01b0\u1edbng d\u1eabn v\u1ec1 c\u00e1ch l\u1ef1a ch\u1ecdn c\u00e0 ph\u00ea, k\u1ef9 thu\u1eadt pha ch\u1ebf v\u00e0 k\u1ebft h\u1ee3p c\u00e0 ph\u00ea v\u1edbi c\u00e1c lo\u1ea1i th\u1ef1c ph\u1ea9m kh\u00e1c c\u00f9ng h\u00e0ng lo\u1ea1t c\u00f4ng th\u1ee9c h\u1ea5p d\u1eabn \u0111\u1ec3 cho ra \u0111\u1eddi nh\u1eefng ly c\u00e0 ph\u00ea h\u1ea3o h\u1ea1ng. Nh\u1eefng k\u1ebft qu\u1ea3 th\u1ef1c nghi\u1ec7m \u0111\u01b0\u1ee3c \u0111\u00fac k\u1ebft l\u1ea1i trong cu\u1ed1n s\u00e1ch kh\u00f4ng th\u1ec3 t\u00ecm th\u1ea5y b\u1ea5t k\u1ef3 n\u01a1i n\u00e0o kh\u00e1c.<\/p>\n<p>Cu\u1ed1n s\u00e1ch tr\u00ean tay b\u1ea1n ch\u00ednh l\u00e0 ch\u00eca kh\u00f3a m\u1edf ra quy\u1ec1n n\u0103ng mang t\u00ednh \u0111\u1ed9t ph\u00e1 c\u1ee7a c\u00e0 ph\u00ea trong vi\u1ec7c t\u0103ng c\u01b0\u1eddng s\u1ee9c kh\u1ecfe, n\u00e2ng cao th\u00e0nh t\u00edch th\u1ec3 thao v\u00e0 c\u1ea3i thi\u1ec7n \u0111\u1eddi s\u1ed1ng tin th\u1ea7n c\u1ee7a t\u1ea5t c\u1ea3 ch\u00fang ta.<\/p>\n","protected":false},"excerpt":{"rendered":"<p>Nhi\u1ec1u n\u0103m qua, c\u00e0 ph\u00ea lu\u00f4n b\u1ecb g\u00e1n cho &#8220;t\u1ed9i danh&#8221; g\u00e2y h\u1ea1i cho s\u1ee9c kh\u1ecfe, nh\u01b0ng nhi\u1ec1u nghi\u00ean c\u1ee9u m\u1edbi \u0111\u00e2y \u0111\u00e3 kh\u00e1m ph\u00e1 ra nh\u1eefng l\u1ee3i \u00edch v\u01b0\u1ee3t xa tr\u00ed t\u01b0\u1edfng t\u01b0\u1ee3ng c\u1ee7a ch\u00fang ta.Trong Th\u00e1nh Kinh c\u1ee7a nh\u1eefng t\u00edn \u0111\u1ed3 c\u00e0 ph\u00ea, Dr.Bob Anot ti\u1ebft l\u1ed9 c\u00e1ch t\u1eadn d\u1ee5ng t\u1ed1i \u01b0u, s\u1ee9c m\u1ea1nh c\u1ee7a th\u1ee9c u\u1ed1ng n\u00e0y th\u00f4ng qua nh\u1eefng h\u01b0\u1edbng d\u1eabn v\u1ec1 c\u00e1ch l\u1ef1a ch\u1ecdn c\u00e0 ph\u00ea, k\u1ef9 thu\u1eadt pha ch\u1ebf v\u00e0 k\u1ebft h\u1ee3p c\u00e0 ph\u00ea v\u1edbi c\u00e1c lo\u1ea1i th\u1ef1c ph\u1ea9m kh\u00e1c c\u00f9ng h\u00e0ng lo\u1ea1t c\u00f4ng th\u1ee9c h\u1ea5p d\u1eabn \u0111\u1ec3 cho ra \u0111\u1eddi nh\u1eefng ly c\u00e0 ph\u00ea h\u1ea3o h\u1ea1ng. Nh\u1eefng k\u1ebft qu\u1ea3 th\u1ef1c nghi\u1ec7m \u0111\u01b0\u1ee3c \u0111\u00fac k\u1ebft l\u1ea1i trong cu\u1ed1n s\u00e1ch kh\u00f4ng th\u1ec3 t\u00ecm th\u1ea5y b\u1ea5t k\u1ef3 n\u01a1i n\u00e0o kh\u00e1c.<\/p>\n<p>Cu\u1ed1n s\u00e1ch tr\u00ean tay b\u1ea1n ch\u00ednh l\u00e0 ch\u00eca kh\u00f3a m\u1edf ra quy\u1ec1n n\u0103ng mang t\u00ednh \u0111\u1ed9t ph\u00e1 c\u1ee7a c\u00e0 ph\u00ea trong vi\u1ec7c t\u0103ng c\u01b0\u1eddng s\u1ee9c kh\u1ecfe, n\u00e2ng cao th\u00e0nh t\u00edch th\u1ec3 thao v\u00e0 c\u1ea3i thi\u1ec7n \u0111\u1eddi s\u1ed1ng tin th\u1ea7n c\u1ee7a t\u1ea5t c\u1ea3 ch\u00fang ta.<\/p>\n","protected":false},"featured_media":17023,"template":"","meta":{"_acf_changed":false},"product_brand":[],"product_cat":[15,46],"product_tag":[],"class_list":{"0":"post-17024","1":"product","2":"type-product","3":"status-publish","4":"has-post-thumbnail","6":"product_cat-sach-danh-cho-nguoi-lon","7":"product_cat-ky-nang-song","9":"first","10":"outofstock","11":"taxable","12":"shipping-taxable","13":"purchasable","14":"product-type-simple"},"supplier_id":null,"supplier_sku":"","barcode":null,"atum_controlled":true,"out_stock_date":"2023-07-04 18:27:57","out_stock_threshold":null,"inheritable":false,"inbound_stock":0,"stock_on_hold":0,"sold_today":0,"sales_last_days":0,"reserved_stock":0,"customer_returns":0,"warehouse_damage":0,"lost_in_post":0,"other_logs":0,"out_stock_days":939,"lost_sales":0,"has_location":false,"update_date":"2026-01-28T23:10:58","atum_locations":[],"atum_stock_status":"outofstock","restock_status":false,"low_stock_amount":"","sales_update_date":"2026-01-28T23:10:58","calc_backorders":null,"acf":{"publisher":{"ID":1472,"post_author":"1","post_date":"2021-02-17 01:12:50","post_date_gmt":"2021-02-16 23:12:50","post_content":"","post_title":"Huy Ho\u00e0ng Bookstore","post_excerpt":"","post_status":"publish","comment_status":"closed","ping_status":"closed","post_password":"","post_name":"huy-hoang-bookstore","to_ping":"","pinged":"","post_modified":"2021-02-17 01:12:50","post_modified_gmt":"2021-02-16 23:12:50","post_content_filtered":"","post_parent":0,"guid":"https:\/\/sachviet.eu\/nha-phat-hanh\/huy-hoang-bookstore\/","menu_order":0,"post_type":"publisher","post_mime_type":"","comment_count":"0","filter":"raw"}},"_links":{"self":[{"href":"https:\/\/sachviet.eu\/en\/wp-json\/wp\/v2\/product\/17024","targetHints":{"allow":["GET"]}}],"collection":[{"href":"https:\/\/sachviet.eu\/en\/wp-json\/wp\/v2\/product"}],"about":[{"href":"https:\/\/sachviet.eu\/en\/wp-json\/wp\/v2\/types\/product"}],"wp:featuredmedia":[{"embeddable":true,"href":"https:\/\/sachviet.eu\/en\/wp-json\/wp\/v2\/media\/17023"}],"wp:attachment":[{"href":"https:\/\/sachviet.eu\/en\/wp-json\/wp\/v2\/media?parent=17024"}],"wp:term":[{"taxonomy":"product_brand","embeddable":true,"href":"https:\/\/sachviet.eu\/en\/wp-json\/wp\/v2\/product_brand?post=17024"},{"taxonomy":"product_cat","embeddable":true,"href":"https:\/\/sachviet.eu\/en\/wp-json\/wp\/v2\/product_cat?post=17024"},{"taxonomy":"product_tag","embeddable":true,"href":"https:\/\/sachviet.eu\/en\/wp-json\/wp\/v2\/product_tag?post=17024"}],"curies":[{"name":"wp","href":"https:\/\/api.w.org\/{rel}","templated":true}]}}