{"id":17022,"date":"2022-02-03T23:14:34","date_gmt":"2022-02-03T21:14:34","guid":{"rendered":"https:\/\/sachviet.eu\/shop\/thon-manh-cung-slimbody\/"},"modified":"2022-04-15T09:42:45","modified_gmt":"2022-04-15T06:42:45","slug":"thon-manh-cung-slimbody","status":"publish","type":"product","link":"https:\/\/sachviet.eu\/en\/shop\/thon-manh-cung-slimbody\/","title":{"rendered":"Thon M\u1ea3nh C\u00f9ng SlimBody"},"content":{"rendered":"<p>V\u1ec1 t\u00e1c gi\u1ea3:<\/p>\n<p>T\u00e1c gi\u1ea3 c\u1ee7a cu\u1ed1n s\u00e1ch l\u00e0 L\u00ea Huy\u1ec1n Trang (sinh n\u0103m 1995), hi\u1ec7n t\u1ea1i \u0111ang l\u00e0 m\u1ed9t doanh nh\u00e2n tr\u1ebb r\u1ea5t th\u00e0nh c\u00f4ng trong l\u0129nh v\u1ef1c kinh doanh ph\u1ee5 ki\u1ec7n t\u1eadp Gym v\u00e0 c\u00e1c kh\u00f3a hu\u1ea5n luy\u1ec7n Gym online c\u0169ng nh\u01b0 tr\u1ef1c ti\u1ebfp t\u1ea1i ph\u00f2ng t\u1eadp. Nh\u01b0ng \u0111i\u1ec1u th\u1ef1c s\u1ef1 khi\u1ebfn cho t\u00ean tu\u1ed5i Trang \u0111\u01b0\u1ee3c bi\u1ebft \u0111\u1ebfn r\u1ed9ng kh\u1eafp l\u00e0 vi\u1ec7c c\u00f4 l\u00e0 Founder c\u1ee7a m\u1ed9t c\u1ed9ng \u0111\u1ed3ng FACEBOOK v\u1edbi h\u01a1n 150.000 th\u00e0nh vi\u00ean mang t\u00ean: \u201cThon m\u1ea3nh c\u00f9ng Changluvfitness\u201d. \u0110\u00e2y l\u00e0 n\u01a1i Trang chia s\u1ebb t\u1edbi \u0111\u00f4ng \u0111\u1ea3o ch\u1ecb em ph\u1ee5 n\u1eef nh\u1eefng ki\u1ebfn th\u1ee9c b\u1ed5 \u00edch v\u1ec1 t\u1eadp luy\u1ec7n v\u00e0 dinh d\u01b0\u1ee1ng, nh\u1eb1m gi\u00fap h\u1ecd x\u00e2y d\u1ef1ng n\u00ean h\u00ecnh th\u1ec3 \u201cslimbody thon m\u1ea3nh\u201d \u0111\u00e1ng m\u01a1 \u01b0\u1edbc.<\/p>\n<p>Huy\u1ec1n Trang v\u1ed1n l\u00e0 m\u1ed9t t\u00ean tu\u1ed5i r\u1ea5t n\u1ed5i b\u1eadt trong c\u1ed9ng \u0111\u1ed3ng Gymer Vi\u1ec7t Nam v\u1edbi c\u00e2u chuy\u1ec7n v\u1ec1 h\u00e0nh tr\u00ecnh mi\u1ec7t m\u00e0i gi\u1ea3m \u0111\u1ebfn 12kg trong v\u00f2ng 5 n\u0103m v\u00e0 vi\u1ec7c c\u00f4 \u0111\u00e3 th\u00e0nh c\u00f4ng x\u00e2y d\u1ef1ng n\u00ean v\u00f3c d\u00e1ng \u201cslim thon m\u1ea3nh\u201d \u2013 m\u1ed9t kh\u00e1i ni\u1ec7m h\u00ecnh th\u1ec3 v\u1eabn c\u00f2n r\u1ea5t m\u1edbi m\u1ebb t\u1ea1i Vi\u1ec7t Nam.<\/p>\n<p>\u00cdt ai bi\u1ebft c\u00f4 g\u00e1i xinh \u0111\u1eb9p, kh\u1ecfe kho\u1eafn, r\u1ea1ng r\u1ee1 v\u00e0 t\u1ef1 tin l\u00e0 Trang c\u1ee7a ng\u00e0y h\u00f4m nay \u0111\u00e3 t\u1eebng l\u00e0 m\u1ed9t c\u00f4 n\u00e0ng n\u1eb7ng \u0111\u1ebfn g\u1ea7n 60kg, d\u00f9 ch\u1ec9 s\u1edf h\u1eefu chi\u1ec1u cao 1m52. Tu\u1ed5i d\u1eady th\u00ec c\u1ee7a Trang tr\u00e0n ng\u1eadp nh\u1eefng l\u1eddi ch\u00e2m ch\u1ecdc v\u00e0 vi\u1ec7c b\u1ecb b\u1eaft n\u1ea1t b\u1edfi c\u00f4 s\u1edf h\u1eefu ngo\u1ea1i h\u00ecnh qu\u00e1 n\u1eb7ng n\u1ec1, mang t\u1edbi cho c\u00f4 n\u1ed7i bu\u1ed3n t\u1ee7i v\u00e0 c\u1ea3m gi\u00e1c t\u1ef1 ti kh\u1ee7ng khi\u1ebfp. \u0110i\u1ec1u \u0111\u00e1ng bu\u1ed3n l\u00e0 trong su\u1ed1t th\u1eddi ni\u00ean thi\u1ebfu \u0111\u00f3, bao nhi\u00eau l\u1ea7n Trang n\u1ed7 l\u1ef1c \u0111\u1ec3 gi\u1ea3m c\u00e2n b\u1eb1ng \u0111\u1ee7 m\u1ecdi bi\u1ec7n ph\u00e1p l\u00e0 b\u1ea5y nhi\u00eau l\u1ea7n c\u00f4 th\u1ea5t b\u1ea1i &#8211; k\u1ebft qu\u1ea3 chung cu\u1ed9c bao gi\u1edd c\u0169ng l\u00e0 vi\u1ec7c b\u1ecb t\u0103ng c\u00e2n tr\u1edf l\u1ea1i k\u00e9o theo v\u00f4 s\u1ed1 v\u1ea5n \u0111\u1ec1 v\u1ec1 s\u1ee9c kh\u1ecfe v\u00e0 tinh th\u1ea7n. V\u00f2ng l\u1eb7p \u0111\u00f3 c\u1ee9 ti\u1ebfp di\u1ec5n m\u00e3i cho t\u1edbi khi Trang kh\u00e1m ph\u00e1 ra s\u1ef1 k\u1ef3 di\u1ec7u c\u1ee7a ph\u01b0\u01a1ng ph\u00e1p t\u1eadp SLIMBODY \u2013 ph\u01b0\u01a1ng ph\u00e1p kh\u00f4ng ch\u1ec9 gi\u00fap Trang nhanh ch\u00f3ng gi\u1ea3m \u0111\u1ebfn 12kg m\u00e0 c\u00f2n gi\u00fap c\u00f4 x\u00e2y d\u1ef1ng n\u00ean m\u1ed9t v\u00f3c d\u00e1ng thon m\u1ea3nh \u0111\u1ea7y n\u1eef t\u00ednh.<\/p>\n<p>V\u1ec1 cu\u1ed1n s\u00e1ch:<\/p>\n<p>Sau 5 n\u0103m kh\u00f4ng ch\u1ec9 t\u1eadp luy\u1ec7n m\u00e0 c\u00f2n truy\u1ec1n b\u00e1 v\u00e0 gi\u1ea3ng d\u1ea1y v\u1ec1 ph\u01b0\u01a1ng ph\u00e1p SLIMBODY cho v\u00f4 s\u1ed1 h\u1ecdc vi\u00ean, Huy\u1ec1n Trang quy\u1ebft \u0111\u1ecbnh s\u1ebd mang to\u00e0n b\u1ed9 ki\u1ebfn th\u1ee9c v\u00e0 kinh nghi\u1ec7m m\u00e0 c\u00f4 c\u00f3 \u0111\u01b0\u1ee3c \u0111\u00fac k\u1ebft trong m\u1ed9t cu\u1ed1n s\u00e1ch. \u0110\u00f3 ch\u00ednh l\u00e0 l\u00fd do m\u00e0 THON M\u1ea2NH C\u00d9NG SLIMBODY ra \u0111\u1eddi, cu\u1ed1n s\u00e1ch \u0111\u01b0\u1ee3c v\u00ed nh\u01b0 m\u1ed9t cu\u1ed1n gi\u00e1o tr\u00ecnh ho\u00e0n thi\u1ec7n d\u00e0nh cho ng\u01b0\u1eddi-m\u1edbi-t\u1eadp-gym v\u00e0 \u0111ang c\u00f3 kh\u00e1t khao x\u00e2y d\u1ef1ng h\u00ecnh th\u1ec3 \u201cslim thon m\u1ea3nh\u201d kh\u00f4ng v\u00e2m \u0111\u00f4.<\/p>\n<p>B\u1ea1n s\u1ebd kh\u00f4ng th\u1ec3 t\u00ecm th\u1ea5y \u1edf b\u1ea5t c\u1ee9 \u0111\u00e2u kh\u00e1c ngu\u1ed3n ki\u1ebfn th\u1ee9c \u0111\u1ea7y \u0111\u1ee7 v\u00e0 chi ti\u1ebft \u0111\u1ebfn nh\u01b0 th\u1ebf v\u1ec1 SLIMBODY. B\u1ea1n c\u0169ng s\u1ebd \u0111\u01b0\u1ee3c cung c\u1ea5p m\u1ed9t h\u1ec7 th\u1ed1ng b\u00e0i t\u1eadp chuy\u00ean nghi\u1ec7p \u0111i k\u00e8m m\u1ed9t th\u1ef1c \u0111\u01a1n \u0111\u01a1n gi\u1ea3n m\u00e0 hi\u1ec7u qu\u1ea3 \u0111\u1ec3 t\u1ef1 t\u1eadp t\u1ea1i nh\u00e0 \u2013 m\u1ed9t trong nh\u1eefng \u01b0u \u0111i\u1ec3m c\u1ee7a SLIMBODY n\u1eb1m \u1edf s\u1ef1 linh ho\u1ea1t trong c\u00e1ch t\u1eadp, \u0111i\u1ec1u khi\u1ebfn ph\u01b0\u01a1ng ph\u00e1p n\u00e0y tr\u1edf n\u00ean r\u1ea5t ph\u00f9 h\u1ee3p v\u1edbi ph\u1ee5 n\u1eef c\u00f4ng s\u1edf v\u00e0 c\u00e1c m\u1eb9 b\u1ec9m s\u1eefa b\u1eadn r\u1ed9n. B\u1ea1n c\u0169ng s\u1ebd \u0111\u01b0\u1ee3c truy\u1ec1n c\u1ea3m h\u1ee9ng b\u1edfi c\u00e2u chuy\u1ec7n c\u1ee7a Huy\u1ec1n Trang v\u00e0 c\u1ee7a r\u1ea5t nhi\u1ec1u ng\u01b0\u1eddi ph\u1ee5 n\u1eef kh\u00e1c \u1edf \u0111\u1ee7 m\u1ecdi l\u1ee9a tu\u1ed5i, ng\u00e0nh ngh\u1ec1 v\u00e0 ho\u00e0n c\u1ea3nh \u0111\u00e3 tr\u1ea3i nghi\u1ec7m v\u00e0 th\u00e0nh c\u00f4ng v\u1edbi SLIMBODY\u2026 T\u1ea5t c\u1ea3 nh\u1eefng \u0111i\u1ec1u tr\u00ean \u0111\u00e2y g\u00f3i g\u1ecdn trong m\u1ed9t cu\u1ed1n s\u00e1ch d\u00e0y h\u01a1n 300 trang \u0111ang ch\u1edd \u0111\u1ee3i \u0111\u01b0\u1ee3c b\u1ea1n rinh v\u1ec1 nh\u00e0 v\u00e0 kh\u00e1m ph\u00e1.<\/p>\n<p>Tr\u00ean h\u1ebft, \u0111i\u1ec1u quan tr\u1ecdng b\u1eadc nh\u1ea5t m\u00e0 t\u00e1c gi\u1ea3 Huy\u1ec1n Trang v\u00e0 STYLORY mong mu\u1ed1n mang t\u1edbi cho \u0111\u1ed9c gi\u1ea3 kh\u00f4ng ch\u1ec9 l\u00e0 ki\u1ebfn th\u1ee9c v\u00e0 ph\u01b0\u01a1ng th\u1ee9c \u0111\u1ec3 \u0111\u1ea1t t\u1edbi m\u1ed9t h\u00ecnh th\u1ec3 kh\u1ecfe \u0111\u1eb9p; m\u00e0 c\u00f2n l\u00e0 l\u1eddi c\u1ed5 v\u0169 v\u00e0 \u0111\u1ed9ng vi\u00ean b\u1ea1n kh\u00f4ng ng\u1eebng quan t\u00e2m, ch\u0103m s\u00f3c v\u00e0 tr\u00e2n tr\u1ecdng gi\u00e1 tr\u1ecb c\u1ee7a b\u1ea3n th\u00e2n m\u00ecnh. Vi\u1ec7c x\u00e2y d\u1ef1ng ngo\u1ea1i h\u00ecnh theo m\u1ed9t chi\u1ec1u h\u01b0\u1edbng t\u00edch c\u1ef1c ch\u1eafc ch\u1eafn s\u1ebd mang t\u1edbi r\u1ea5t nhi\u1ec1u ni\u1ec1m vui v\u00e0 s\u1ef1 \u0111\u1ed5i thay cho cu\u1ed9c \u0111\u1eddi b\u1ea1n, h\u00e3y c\u00f9ng tr\u1ea3i nghi\u1ec7m nh\u00e9!<\/p>\n","protected":false},"excerpt":{"rendered":"<p>\u201cThon m\u1ea3nh c\u00f9ng Slimbody\u201d c\u00f3 th\u1ec3 xem l\u00e0 cu\u1ed1n s\u00e1ch ch\u1ee9a \u0111\u1ef1ng t\u1ea5t c\u1ea3 nh\u1eefng g\u00ec c\u1ea7n thi\u1ebft d\u00e0nh cho ng\u01b0\u1eddi-m\u1edbi-t\u1eadp-Gym v\u00e0 c\u00f3 m\u1ee5c ti\u00eau h\u01b0\u1edbng t\u1edbi v\u00f3c d\u00e1ng Slimbody thon m\u1ea3nh, kh\u00f4ng v\u00e2m \u0111\u00f4. Ph\u01b0\u01a1ng ph\u00e1p t\u1eadp Slimbody \u0111\u01b0\u1ee3c mi\u00eau t\u1ea3 trong cu\u1ed1n s\u00e1ch \u0111\u00e3 th\u00e0nh c\u00f4ng gi\u00fap cho h\u00e0ng tri\u1ec7u ph\u1ee5 n\u1eef Vi\u1ec7t ho\u00e0n to\u00e0n l\u1ed9t x\u00e1c.<\/p>\n","protected":false},"featured_media":17020,"template":"","meta":{"_acf_changed":false},"product_brand":[],"product_cat":[18],"product_tag":[],"class_list":{"0":"post-17022","1":"product","2":"type-product","3":"status-publish","4":"has-post-thumbnail","6":"product_cat-kinh-te","8":"first","9":"outofstock","10":"taxable","11":"shipping-taxable","12":"purchasable","13":"product-type-simple"},"supplier_id":null,"supplier_sku":"","barcode":null,"atum_controlled":true,"out_stock_date":"2022-04-15 03:42:45","out_stock_threshold":null,"inheritable":false,"inbound_stock":0,"stock_on_hold":0,"sold_today":0,"sales_last_days":0,"reserved_stock":0,"customer_returns":0,"warehouse_damage":0,"lost_in_post":0,"other_logs":0,"out_stock_days":1384,"lost_sales":0,"has_location":false,"update_date":"2026-01-28T23:10:58","atum_locations":[],"atum_stock_status":"outofstock","restock_status":false,"low_stock_amount":"","sales_update_date":"2026-01-28T23:10:58","calc_backorders":null,"acf":{"publisher":{"ID":5075,"post_author":"1","post_date":"2021-03-09 01:56:10","post_date_gmt":"2021-03-08 23:56:10","post_content":"","post_title":"Stylory","post_excerpt":"","post_status":"publish","comment_status":"closed","ping_status":"closed","post_password":"","post_name":"stylory","to_ping":"","pinged":"","post_modified":"2021-03-09 01:56:10","post_modified_gmt":"2021-03-08 23:56:10","post_content_filtered":"","post_parent":0,"guid":"https:\/\/sachviet.eu\/blog\/nha-phat-hanh\/stylory\/","menu_order":0,"post_type":"publisher","post_mime_type":"","comment_count":"0","filter":"raw"}},"_links":{"self":[{"href":"https:\/\/sachviet.eu\/en\/wp-json\/wp\/v2\/product\/17022","targetHints":{"allow":["GET"]}}],"collection":[{"href":"https:\/\/sachviet.eu\/en\/wp-json\/wp\/v2\/product"}],"about":[{"href":"https:\/\/sachviet.eu\/en\/wp-json\/wp\/v2\/types\/product"}],"wp:featuredmedia":[{"embeddable":true,"href":"https:\/\/sachviet.eu\/en\/wp-json\/wp\/v2\/media\/17020"}],"wp:attachment":[{"href":"https:\/\/sachviet.eu\/en\/wp-json\/wp\/v2\/media?parent=17022"}],"wp:term":[{"taxonomy":"product_brand","embeddable":true,"href":"https:\/\/sachviet.eu\/en\/wp-json\/wp\/v2\/product_brand?post=17022"},{"taxonomy":"product_cat","embeddable":true,"href":"https:\/\/sachviet.eu\/en\/wp-json\/wp\/v2\/product_cat?post=17022"},{"taxonomy":"product_tag","embeddable":true,"href":"https:\/\/sachviet.eu\/en\/wp-json\/wp\/v2\/product_tag?post=17022"}],"curies":[{"name":"wp","href":"https:\/\/api.w.org\/{rel}","templated":true}]}}