{"id":17015,"date":"2022-02-03T23:14:14","date_gmt":"2022-02-03T21:14:14","guid":{"rendered":"https:\/\/sachviet.eu\/shop\/mot-thoang-ta-ruc-ro-o-nhan-gian\/"},"modified":"2022-12-19T18:31:39","modified_gmt":"2022-12-19T16:31:39","slug":"mot-thoang-ta-ruc-ro-o-nhan-gian","status":"publish","type":"product","link":"https:\/\/sachviet.eu\/en\/shop\/mot-thoang-ta-ruc-ro-o-nhan-gian\/","title":{"rendered":"M\u1ed9t Tho\u00e1ng Ta R\u1ef1c R\u1ee1 \u1ede Nh\u00e2n Gian"},"content":{"rendered":"<p>T\u00c1C GI\u1ea2:<br \/>\nOcean Vuong sinh n\u0103m 1988 \u1edf S\u00e0i G\u00f2n v\u1edbi t\u00ean V\u01b0\u01a1ng Qu\u1ed1c Vinh.<\/p>\n<p>Ocean Vuong &#8211; \u0111\u00e3 s\u00e1ng t\u00e1c th\u01a1 v\u00e0 \u1ea5p \u1ee7 mong mu\u1ed1n \u0111\u01b0\u1ee3c l\u00e0m nh\u00e0 th\u01a1 t\u1eeb nh\u1eefng n\u0103m c\u1ea5p 3 &#8211; d\u1ea7n d\u1ea7n nh\u1eadp v\u00e0o gi\u1edbi th\u01a1 ca \u1edf New York, r\u1ed3i ti\u1ebfp \u0111\u00f3 \u0111\u01b0\u1ee3c nh\u1eadn v\u00e0o tr\u01b0\u1eddng Brooklyn College thu\u1ed9c \u0110\u1ea1i h\u1ecdc th\u00e0nh ph\u1ed1 New York. Anh \u0111\u00e3 xu\u1ea5t b\u1ea3n hai t\u1eadp th\u01a1 m\u1ecfng (chapbook) No (2013) v\u00e0 Burnings (2010) c\u0169ng nh\u01b0 tham gia nhi\u1ec1u cu\u1ed9c bi\u1ec3u di\u1ec5n th\u01a1 (open mic) tr\u01b0\u1edbc khi t\u1eadp th\u01a1 \u0111\u1ea7u tay, Night Time with Exit Wounds, gi\u00e0nh \u0111\u01b0\u1ee3c gi\u1ea3i th\u01b0\u1edfng trong m\u1ed9t cu\u1ed9c thi v\u00e0 \u0111\u01b0\u1ee3c ch\u00ednh th\u1ee9c xu\u1ea5t b\u1ea3n, bi\u1ebfn anh trong ch\u1edbp m\u1eaft th\u00e0nh m\u1ed9t ng\u00f4i sao. Ti\u1ec3u thuy\u1ebft \u0111\u1ea7u tay M\u1ed9t tho\u00e1ng ta r\u1ef1c r\u1ee1 \u1edf nh\u00e2n gian \u0111\u01b0\u1ee3c c\u1ea3 \u0111\u1ed1ng b\u00e1o l\u1edbn k\u1ec3 t\u00ean trong danh s\u00e1ch c\u00e1c cu\u1ed1n s\u00e1ch \u0111\u00e1ng mong ch\u1edd nh\u1ea5t n\u0103m 2019, khi ra \u0111\u1eddi l\u1eadp t\u1ee9c nh\u1ea3y v\u00e0o danh s\u00e1ch Bestseller c\u1ee7a New York Times c\u00f9ng \u0111\u01b0\u1ee3c b\u1ea7u ch\u1ecdn l\u00e0 Cu\u1ed1n s\u00e1ch c\u1ee7a n\u0103m c\u1ee7a v\u00f4 s\u1ed1 b\u00e1o, t\u1ea1p ch\u00ed, trang v\u0103n h\u1ecdc m\u1ea1ng, v\u00e0 c\u00e0n qu\u00e9t c\u1ea3 \u0111\u1ed1ng gi\u1ea3i th\u01b0\u1edfng (chi ti\u1ebft xem \u1edf \u0111\u00e2y: ). Anh s\u1eafp cho ra m\u1eaft t\u1eadp th\u01a1 m\u1edbi v\u1edbi t\u1ef1a \u0111\u1ec1 Time is a Mother, nhi\u1ec1u b\u00e0i trong \u0111\u00f3 n\u00f3i v\u1ec1 n\u1ed7i \u0111au m\u1ea5t m\u00e1t khi m\u1eb9 anh qua \u0111\u1eddi n\u0103m 2020.<\/p>\n<p>Hi\u1ec7n nay, Ocean Vuong tham gia gi\u1ea3ng d\u1ea1y chuy\u00ean ng\u00e0nh s\u00e1ng t\u00e1c \u1edf tr\u00ecnh \u0111\u1ed9 Th\u1ea1c s\u0129 ngh\u1ec7 thu\u1eadt (MFA) \u1edf tr\u01b0\u1eddng \u0110\u1ea1i h\u1ecdc Massachusetts Amherst.<\/p>\n<p>T\u00c1C GI\u1ea2 N\u00d3I V\u1ec0 S\u00c1CH:<\/p>\n<p>Th\u01b0 vi\u1ebft cho Nh\u00e3 Nam nh\u00e2n b\u1ea3n d\u1ecbch s\u1eafp ra: \u201cT\u00f4i th\u1eadt t\u1ef1 h\u00e0o v\u00e0 ph\u1ea5n kh\u00edch khi cu\u1ed1n s\u00e1ch s\u1ebd \u0111\u01b0\u1ee3c s\u1ed1ng b\u1eb1ng ti\u1ebfng Vi\u1ec7t, th\u1ee9 ng\u00f4n ng\u1eef g\u1ea7n g\u0169i nh\u1ea5t trong t\u00f4i v\u1edbi \u00fd ni\u1ec7m v\u1ec1 &#8220;nh\u00e0&#8221;, th\u1ee9 ng\u00f4n ng\u1eef lu\u00f4n l\u00e0m s\u1ed1ng d\u1eady trong t\u00f4i m\u1ea1nh m\u1ebd nh\u1ea5t t\u00ecnh c\u1ea3m g\u1eafn b\u00f3 m\u00e1u th\u1ecbt, n\u1ed7i x\u00fac \u0111\u1ed9ng v\u00e0 ni\u1ec1m vui.\u201d<\/p>\n<p>\u201cT\u00f4i kh\u00f4ng mu\u1ed1n g\u1ecdi cu\u1ed1n s\u00e1ch n\u00e0y (M\u1ed9t tho\u00e1ng ta r\u1ef1c r\u1ee1 \u1edf nh\u00e2n gian) l\u00e0 m\u1ed9t c\u00e2u chuy\u1ec7n bi k\u1ecbch. T\u00f4i ngh\u0129 nh\u1eefng c\u00e2u chuy\u1ec7n hay nh\u1ea5t \u0111\u1ec1u c\u00f3 bu\u1ed3n v\u00e0 vui s\u00e1nh vai nhau &#8211; b\u1edfi cu\u1ed9c s\u1ed1ng ch\u00ednh l\u00e0 nh\u01b0 th\u1ebf.\u201d Anh nh\u1eadn x\u00e9t th\u00f3i quen \u1edf M\u1ef9 th\u01b0\u1eddng cho r\u1eb1ng \u201cm\u1ed9t th\u1ee9 g\u00ec \u0111\u00f3 ch\u1ec9 c\u00f3 gi\u00e1 tr\u1ecb khi ta \u0111\u00e3 thu\u1ea7n ph\u1ee5c, chinh ph\u1ee5c ho\u1eb7c h\u00e0ng ph\u1ee5c \u0111\u01b0\u1ee3c n\u00f3. Nh\u01b0ng trong cu\u1ed1n s\u00e1ch n\u00e0y t\u00f4i mu\u1ed1n \u0111i theo m\u1ed9t c\u00e1ch ti\u1ebfp c\u1eadn kh\u00e1c. Kh\u00f4ng c\u00f3 n\u1ea1n nh\u00e2n, kh\u00f4ng c\u00f3 k\u1ebb th\u1ee7 \u00e1c.\u201d<\/p>\n<p>GI\u1ea2I TH\u01af\u1edeNG:<\/p>\n<p>LONGLIST for the National Book Award<\/p>\n<p>WINNER of the American Book Award<\/p>\n<p>WINNER of the Mark Twain American Voice in Literature Award<\/p>\n<p>WINNER of the New England Book Award<\/p>\n<p>WINNER of the Massachusetts Book Award<\/p>\n<p>WINNER of the Connecticut Book Award<\/p>\n<p>WINNER of the Brooklyn Public Library Literary Prize<\/p>\n<p>WINNER of the Publishing Triangle\u2019s Ferro-Grumley Award for LGBTQ Fiction<\/p>\n<p>WINNER of the Digital Book World: Best Book<\/p>\n<p>Honor Title for the 2020 Asian Pacific American Award for Literature &amp; 2020 Stonewall Book Awards\u2019 Barbara Gittings Literature Award<br \/>\nFinalist\/Shortlist for the 2020 PEN\/Faulkner Award, Lambda Literary Award, Kirkus Review Book Prize, Center For Fiction\u2019s 2019 First Novel Prize, Goodreads Choice Award for Best Fiction, Goodreads Choice Award for Best Debut Novel, Dylan Thomas Prize, Lambda Literary Award, VCU Cabell First Novelist Award, Dublin Literary Award, Premio Terzani Prize, &amp; Kulturhuset Stadsteatern International Literature Prize<\/p>\n<p>Longlist for the Andrew Carnegie Medal for Excellence &amp; PEN\/Hemingway Award for Debut Novel.<\/p>\n","protected":false},"excerpt":{"rendered":"<p>\u201cVuong th\u1ef1c s\u1ef1 c\u00f3 thi\u00ean t\u00e0i quan s\u00e1t.\u201d The New York Times<\/p>\n<p>\u201cV\u1edbi m\u1ed9t xu\u1ea5t th\u00e2n b\u00ean r\u00eca h\u1ebft s\u1ee9c xa l\u1ea1, Vuong \u0111\u00e3 vi\u1ebft n\u00ean m\u1ed9t t\u00e1c ph\u1ea9m tr\u1eef t\u00ecnh v\u1ec1 qu\u00e1 tr\u00ecnh t\u1ef1 kh\u00e1m ph\u00e1 ch\u00ednh m\u00ecnh, v\u1eeba th\u00e0nh th\u1eadt \u0111\u1ebfn cho\u00e1ng v\u00e1ng, v\u1eeba ph\u1ed5 qu\u00e1t trong t\u1eebng c\u00e2u ch\u1eef.\u201d The Washington Post<\/p>\n<p>\u201cB\u1eb1ng s\u1ef1 ch\u00ednh x\u00e1c c\u1ee7a m\u1ed9t nh\u00e0 th\u01a1, Ocean Vuong xem x\u00e9t li\u1ec7u bi\u1ebfn kinh nghi\u1ec7m c\u1ee7a ch\u00fang ta th\u00e0nh t\u1eeb ng\u1eef c\u00f3 th\u1ec3 ch\u1eefa l\u00e0nh nh\u1eefng v\u1ebft th\u01b0\u01a1ng tr\u1ea3i h\u00e0ng th\u1ebf h\u1ec7 hay kh\u00f4ng, v\u00e0 li\u1ec7u ti\u1ebfng n\u00f3i c\u1ee7a ta c\u00f3 th\u1ec3 n\u00e0o th\u1ef1c s\u1ef1 \u0111\u01b0\u1ee3c nghe b\u1edfi nh\u1eefng ng\u01b0\u1eddi ta y\u00eau th\u01b0\u01a1ng nh\u1ea5t.\u201d Celeste Ng<\/p>\n<p>M\u1ed9t tho\u00e1ng ta r\u1ef1c r\u1ee1 \u1edf nh\u00e2n gian vi\u1ebft d\u01b0\u1edbi d\u1ea1ng m\u1ed9t l\u00e1 th\u01b0 c\u1ee7a nh\u00e2n v\u1eadt ch\u00ednh, Ch\u00f3 Con, g\u1eedi cho ng\u01b0\u1eddi m\u1eb9 kh\u00f4ng bi\u1ebft ch\u1eef c\u1ee7a m\u00ecnh. D\u01b0\u1edbi d\u1ea1ng nh\u1eefng m\u1ea9u chuy\u1ec7n nh\u1ecf, xen k\u1ebd v\u1edbi nh\u1eefng \u0111o\u1ea1n tr\u1eef t\u00ecnh ngo\u1ea1i \u0111\u1ec1, tri\u1ebft l\u00fd, v\u00e0 nh\u1eefng b\u00e0i th\u01a1, cu\u1ed1n s\u00e1ch k\u1ec3 c\u00e2u chuy\u1ec7n \u0111\u1eddi kh\u00f4ng ch\u1ec9 c\u1ee7a Ch\u00f3 Con (t\u00ean g\u1ecdi y\u00eau do b\u00e0 ngo\u1ea1i \u0111\u1eb7t cho, nh\u01b0ng c\u0169ng l\u00e0 c\u00e1ch t\u1ea5t c\u1ea3 m\u1ecdi ng\u01b0\u1eddi trong s\u00e1ch g\u1ecdi c\u1eadu) t\u1eeb thu\u1edf nh\u1ecf \u0111\u1ebfn l\u00fac ch\u1edbm tr\u01b0\u1edfng th\u00e0nh, m\u00e0 c\u1ea3 ba th\u1ebf h\u1ec7 t\u1eeb b\u00e0, \u0111\u1ebfn m\u1eb9, \u0111\u1ebfn c\u1eadu, m\u1ed9t cu\u1ed9c di c\u01b0 d\u00e0i t\u1eeb l\u00e0ng qu\u00ea Vi\u1ec7t Nam sang \u0111\u1ea5t M\u1ef9, c\u0169ng nh\u01b0 c\u00e2u chuy\u1ec7n c\u1ee7a nh\u1eefng thanh ni\u00ean M\u1ef9 th\u1ebf h\u1ec7 c\u1eadu m\u00e0 \u0111\u1eb7c tr\u01b0ng l\u00e0 ng\u01b0\u1eddi b\u1ea1n trai Trevor.<\/p>\n<p>Cu\u1ed1n s\u00e1ch th\u01b0\u1eddng \u0111\u01b0\u1ee3c \u0111\u1ecdc nh\u01b0 m\u1ed9t Bildungsroman (ti\u1ec3u thuy\u1ebft tr\u01b0\u1edfng th\u00e0nh), nh\u01b0ng c\u0169ng c\u00f3 nhi\u1ec1u ng\u01b0\u1eddi coi \u0111\u00e2y l\u00e0 m\u1ed9t K\u00fcnstlerroman (ti\u1ec3u thuy\u1ebft k\u1ec3 v\u1ec1 qu\u00e1 tr\u00ecnh m\u1ed9t ng\u01b0\u1eddi ngh\u1ec7 s\u0129 tr\u1edf th\u00e0nh ngh\u1ec7 s\u0129).<\/p>\n","protected":false},"featured_media":17014,"template":"","meta":{"_acf_changed":false},"product_brand":[],"product_cat":[15,45],"product_tag":[81],"class_list":{"0":"post-17015","1":"product","2":"type-product","3":"status-publish","4":"has-post-thumbnail","6":"product_cat-sach-danh-cho-nguoi-lon","7":"product_cat-tieu-thuyet","8":"product_tag-sach-gia-uu-dai","10":"first","11":"outofstock","12":"sale","13":"taxable","14":"shipping-taxable","15":"purchasable","16":"product-type-simple"},"supplier_id":null,"supplier_sku":"","barcode":null,"atum_controlled":true,"out_stock_date":"2022-10-25 08:43:18","out_stock_threshold":null,"inheritable":false,"inbound_stock":0,"stock_on_hold":0,"sold_today":0,"sales_last_days":0,"reserved_stock":0,"customer_returns":0,"warehouse_damage":0,"lost_in_post":0,"other_logs":0,"out_stock_days":1191,"lost_sales":0,"has_location":false,"update_date":"2026-01-28T23:10:58","atum_locations":[],"atum_stock_status":"outofstock","restock_status":false,"low_stock_amount":"","sales_update_date":"2026-01-28T23:10:58","calc_backorders":null,"acf":{"publisher":{"ID":1424,"post_author":"1","post_date":"2021-02-17 00:02:29","post_date_gmt":"2021-02-16 22:02:29","post_content":"<!-- wp:flatsome\/uxbuilder -->\n<h1 style=\"text-align: center\"><strong>Nh\u00e3 Nam<\/strong><\/h1>\n[row]\n\n[col span=\"6\" span__sm=\"12\"]\n\n[ux_image id=\"1438\" image_size=\"medium\"]\n\n\n[\/col]\n[col span=\"6\" span__sm=\"12\"]\n\n<p><strong>C\u00f4ng ty c\u1ed5 ph\u1ea7n V\u0103n h\u00f3a v\u00e0 Truy\u1ec1n th\u00f4ng Nh\u00e3 Nam<\/strong><\/p>\n<p>Th\u00e1ng 2 n\u0103m 2005, Nh\u00e3 Nam, t\u00ean \u0111\u1ea7y \u0111\u1ee7 l\u00e0 C\u00f4ng ty C\u1ed5 ph\u1ea7n V\u0103n h\u00f3a v\u00e0 Truy\u1ec1n th\u00f4ng Nh\u00e3 Nam \u0111\u00e3 gia nh\u1eadp th\u1ecb tr\u01b0\u1eddng s\u00e1ch. T\u00e1c ph\u1ea9m \"Balzac v\u00e0 c\u00f4 b\u00e9 th\u1ee3 may Trung hoa\" c\u1ee7a \u0110\u1edbi T\u01b0 Ki\u1ec7t l\u00e0 cu\u1ed1n s\u00e1ch \u0111\u1ea7u ti\u00ean \u0111\u01b0\u1ee3c nh\u1eefng ng\u01b0\u1eddi s\u00e1ng l\u1eadp Nh\u00e3 Nam xu\u1ea5t b\u1ea3n c\u1ea3 tr\u01b0\u1edbc khi c\u00f4ng ty ra \u0111\u1eddi. Ngay l\u1eadp t\u1ee9c t\u1eeb cu\u1ed1n s\u00e1ch \u0111\u1ea7u ti\u00ean, \u0111\u1ed9c gi\u1ea3 \u0111\u00e3 d\u00e0nh s\u1ef1 quan t\u00e2m v\u00e0 y\u00eau m\u1ebfn cho m\u1ed9t th\u01b0\u01a1ng hi\u1ec7u s\u00e1ch m\u1edbi m\u1ebb mang trong m\u00ecnh kh\u00e1t v\u1ecdng g\u00f3p ph\u1ea7n t\u1ea1o l\u1eadp di\u1ec7n m\u1ea1o m\u1edbi cho xu\u1ea5t b\u1ea3n v\u0103n h\u1ecdc t\u1ea1i Vi\u1ec7t Nam.<\/p>\n<p>L\u00f2ng say m\u00ea c\u1ee7a \u0111\u1ed9i ng\u0169 l\u00e0 vi\u00ean \u0111\u00e1 \u0111\u1ea7u ti\u00ean. Tr\u1ea3i qua m\u1ea5y n\u0103m ph\u00e1t tri\u1ec3n, Nh\u00e3 Nam \u0111\u00e3 \u0111\u01b0\u1ee3c x\u00e2y d\u1ef1ng d\u1ea7n l\u00ean trong di\u1ec7n m\u1ea1o m\u1ed9t nh\u00e0 xu\u1ea5t b\u1ea3n v\u1eefng ch\u00e3i v\u00e0 chuy\u00ean nghi\u1ec7p. S\u00e1u th\u00e1ng sau khi th\u00e0nh l\u1eadp c\u00f4ng ty, Nh\u1eadt k\u00fd \u0110\u1eb7ng Th\u00f9y Tr\u00e2m ra \u0111\u1eddi, t\u1ea1o n\u00ean m\u1ed9t c\u01a1n s\u1ed1t trong x\u00e3 h\u1ed9i, v\u1edbi g\u1ea7n 500,000 b\u1ea3n s\u00e1ch \u0111\u01b0\u1ee3c ph\u00e1t h\u00e0nh, ph\u00e1 m\u1ecdi k\u1ef7 l\u1ee5c v\u1ec1 xu\u1ea5t b\u1ea3n tr\u01b0\u1edbc \u0111\u00f3, k\u00e9o theo m\u1ed9t lo\u1ea1t nh\u1eefng hi\u1ec7u \u1ee9ng x\u00e3 h\u1ed9i v\u00e0 d\u01b0 lu\u1eadn c\u00f3 \u00fd ngh\u0129a. T\u1eeb \u0111\u00f3 tr\u1edf \u0111i, th\u00f4ng qua Nh\u00e3 Nam, c\u00e1c cu\u1ed1n s\u00e1ch v\u0103n h\u1ecdc n\u01b0\u1edbc ngo\u00e0i c\u00f3 gi\u00e1 tr\u1ecb \u0111\u01b0\u1ee3c li\u00ean t\u1ee5c mua b\u1ea3n quy\u1ec1n v\u00e0 xu\u1ea5t b\u1ea3n t\u1ea1i Vi\u1ec7t Nam, thu h\u00fat nhi\u1ec1u t\u1ea7ng l\u1edbp \u0111\u1ed9c gi\u1ea3. S\u00e1ch c\u1ee7a Nh\u00e3 Nam n\u1ed5i b\u1eadt b\u1edfi n\u1ed9i dung v\u0103n h\u1ecdc tinh t\u1ebf, b\u1edfi v\u1ebb \u0111\u1eb9p c\u1ee7a thi\u1ebft k\u1ebf hi\u1ec7n \u0111\u1ea1i \u1edf h\u00ecnh th\u1ee9c, b\u1edfi s\u1ef1 ch\u0103m ch\u00fat k\u1ef9 l\u01b0\u1ee1ng cho m\u1ed7i cu\u1ed1n s\u00e1ch nh\u01b0 m\u1ed9t con thuy\u1ec1n mang t\u1edbi ni\u1ec1m vui, tri th\u1ee9c, ng\u1ea1c nhi\u00ean, v\u00e0 \u0111\u1ed3ng c\u1ea3m.<\/p>\n\n[\/col]\n\n[\/row]\n<p style=\"text-align: left\">Hi\u1ec3u th\u1eddi \u0111\u1ea1i \u0111ang s\u1ed1ng th\u00f4ng qua s\u00e1ch, song h\u00e0nh v\u1edbi nh\u1eefng bi\u1ebfn chuy\u1ec3n s\u00e2u s\u1eafc trong l\u00f2ng x\u00e3 h\u1ed9i b\u1eb1ng nh\u1eefng ho\u1ea1t \u0111\u1ed9ng xu\u1ea5t b\u1ea3n mi\u1ec7t m\u00e0i v\u00e0 qu\u1ea3 c\u1ea3m, con \u0111\u01b0\u1eddng Nh\u00e3 Nam \u0111\u00e3 ch\u1ecdn \u0111\u1ec3 \u0111i s\u1ebd c\u00f2n d\u00e0i. Nhi\u1ec1u kh\u00f3 kh\u0103n, th\u1eed th\u00e1ch \u0111ang \u1edf ph\u00eda tr\u01b0\u1edbc. B\u01b0\u1edbc qua th\u1eddi k\u1ef3 s\u01a1 khai v\u1edbi nh\u1eefng b\u00e0i h\u1ecdc v\u00e0 nh\u1eefng kinh nghi\u1ec7m \u0111\u1ea7u ti\u00ean, Nh\u00e3 Nam gi\u1edd \u0111\u00e3 s\u1eb5n s\u00e0ng cho m\u1ed9t ch\u1eb7ng \u0111\u01b0\u1eddng ph\u00e1t tri\u1ec3n m\u1edbi. V\u00e0 ch\u00fang t\u00f4i mu\u1ed1n ho\u00e0n thi\u1ec7n m\u00ecnh trong s\u1ef1 c\u1ea7u th\u1ecb v\u00e0 c\u1ea9n tr\u1ecdng. T\u1ea5t c\u1ea3 v\u00ec m\u1ed9t gia s\u1ea3n s\u00e1ch to l\u1edbn, c\u00f3 s\u1ee9c s\u1ed1ng d\u00e0i l\u00e2u, c\u00f3 \u00fd ngh\u0129a v\u1edbi nhi\u1ec1u th\u1ebf h\u1ec7 b\u1ea1n \u0111\u1ecdc.<br \/>B\u1edfi v\u00ec s\u00e1ch l\u00e0 th\u1ebf gi\u1edbi.<\/p>\n<p><strong>\u0110\u00e2y l\u00e0 m\u1ed9t nh\u00e0 ph\u00e1t h\u00e0nh s\u00e1ch m\u00e0 SACHVIET.EU r\u1ea5t y\u00eau th\u00edch v\u00e0 tin t\u01b0\u1edfng. Nh\u00ecn \u0111\u01b0\u1ee3c t\u1ea7m \u1ea3nh h\u01b0\u1edfng c\u1ee7a Nh\u00e3 Nam qua t\u1eebng cu\u1ed1n s\u00e1ch, SACHVIET.EU li\u00ean h\u1ec7 h\u1ee3p t\u00e1c ngay v\u1edbi Nh\u00e3 Nam \u0111\u1ec3 \u0111em to\u00e0n b\u1ed9 nh\u1eefng t\u00e1c ph\u1ea9m m\u1edbi, hay nh\u1ea5t m\u00e0 Nh\u00e3 Nam c\u00f3 sang Ch\u00e2u \u00c2u, \u0111\u01b0a \u0111\u1ebfn cho \u0111\u1ed9c gi\u1ea3 c\u00f3 nhi\u1ec1u s\u1ef1 l\u1ef1a ch\u1ecdn phong ph\u00fa h\u01a1n c\u1ea3 s\u00e1ch cho tr\u1ebb em l\u1eabn ng\u01b0\u1eddi l\u1edbn.\u00a0<\/strong><\/p>\n\n<!-- \/wp:flatsome\/uxbuilder -->","post_title":"Nh\u00e3 Nam","post_excerpt":"","post_status":"publish","comment_status":"closed","ping_status":"closed","post_password":"","post_name":"nha-nam","to_ping":"","pinged":"","post_modified":"2022-12-19 23:15:33","post_modified_gmt":"2022-12-19 21:15:33","post_content_filtered":"","post_parent":0,"guid":"https:\/\/sachviet.eu\/?post_type=publisher&#038;p=1424","menu_order":0,"post_type":"publisher","post_mime_type":"","comment_count":"0","filter":"raw"}},"_links":{"self":[{"href":"https:\/\/sachviet.eu\/en\/wp-json\/wp\/v2\/product\/17015","targetHints":{"allow":["GET"]}}],"collection":[{"href":"https:\/\/sachviet.eu\/en\/wp-json\/wp\/v2\/product"}],"about":[{"href":"https:\/\/sachviet.eu\/en\/wp-json\/wp\/v2\/types\/product"}],"wp:featuredmedia":[{"embeddable":true,"href":"https:\/\/sachviet.eu\/en\/wp-json\/wp\/v2\/media\/17014"}],"wp:attachment":[{"href":"https:\/\/sachviet.eu\/en\/wp-json\/wp\/v2\/media?parent=17015"}],"wp:term":[{"taxonomy":"product_brand","embeddable":true,"href":"https:\/\/sachviet.eu\/en\/wp-json\/wp\/v2\/product_brand?post=17015"},{"taxonomy":"product_cat","embeddable":true,"href":"https:\/\/sachviet.eu\/en\/wp-json\/wp\/v2\/product_cat?post=17015"},{"taxonomy":"product_tag","embeddable":true,"href":"https:\/\/sachviet.eu\/en\/wp-json\/wp\/v2\/product_tag?post=17015"}],"curies":[{"name":"wp","href":"https:\/\/api.w.org\/{rel}","templated":true}]}}