{"id":17013,"date":"2022-02-03T23:14:09","date_gmt":"2022-02-03T21:14:09","guid":{"rendered":"https:\/\/sachviet.eu\/shop\/sua-nong\/"},"modified":"2022-12-19T18:31:47","modified_gmt":"2022-12-19T16:31:47","slug":"sua-nong","status":"publish","type":"product","link":"https:\/\/sachviet.eu\/en\/shop\/sua-nong\/","title":{"rendered":"S\u1eefa N\u00f3ng"},"content":{"rendered":"<p>\u201cR\u1ef1c r\u1ee1 \u0110i\u1ec1u l\u00e0m n\u00ean cu\u1ed1n s\u00e1ch n\u00e0y l\u00e0 tr\u00ed t\u01b0\u1edfng t\u01b0\u1ee3ng tuy\u1ec7t v\u1eddi c\u1ee7a Levy, ch\u1ea5t th\u01a1 trong ng\u00f4n ng\u1eef v\u00e0 nh\u1eefng c\u00e2u v\u0103n h\u00e0m s\u00fac, c\u1ea3 c\u00e1ch b\u00e0 t\u00ecm th\u1ea5y c\u00e1i phi th\u01b0\u1eddng gi\u1eefa nh\u1eefng \u0111i\u1ec1u th\u01b0\u1eddng nh\u1eadt, di chuy\u1ec3n kh\u00e9o l\u00e9o gi\u1eefa n\u1ed7i \u0111au, hi\u1ec3m nguy v\u00e0 s\u1ef1 h\u00e0i h\u01b0\u1edbc, \u0111\u1ed3ng th\u1eddi \u0111em \u0111\u1ebfn m\u1ed9t nh\u00e2n v\u1eadt th\u00fa v\u1ecb v\u00e0 \u0111\u1ea7y b\u1ea5t ng\u1edd nh\u01b0 Sofia. Th\u1eadt l\u00e0 m\u1ed9t ni\u1ec1m vui khi \u0111\u01b0\u1ee3c \u1edf b\u00ean trong t\u00e2m tr\u00ed \u0111\u1ea7y t\u00f2 m\u00f2 v\u00e0 s\u00e2u s\u1eafc c\u1ee7a Sofia.\u201d &#8211; The New York Times<\/p>\n<p>\u201cNg\u00f4n ng\u1eef tinh t\u1ebf. Phong c\u00e1ch vi\u1ebft l\u1ea1 l\u00f9ng ban \u0111\u1ea7u c\u00f3 v\u1ebb r\u1eddi r\u1ea1c nh\u01b0ng d\u1ea7n ch\u1eafp l\u1ea1i th\u00e0nh m\u1ed9t t\u1ea5m l\u01b0\u1edbi kh\u1ed5ng l\u1ed3: m\u1ed9t kh\u1ea3o s\u00e1t v\u1ec1 s\u1ef1 m\u1eafc n\u1ee3 v\u00e0 tr\u00e1ch nhi\u1ec7m c\u00e1 nh\u00e2n, v\u1ec1 s\u1ef1 \u0111\u1ed9c l\u1eadp v\u00e0 nh\u1eefng m\u1ed1i quan h\u1ec7 gia \u0111\u00ecnh.\u201d &#8211; Washington Post<\/p>\n<p>GI\u1edaI THI\u1ec6U S\u00c1CH:<br \/>\nL\u1edbn l\u00ean thi\u1ebfu v\u1eafng t\u00ecnh th\u01b0\u01a1ng c\u1ee7a b\u1ed1, c\u00f2n m\u1eb9 m\u1eafc m\u1ed9t ch\u1ee9ng b\u1ec7nh l\u1ea1 kh\u00f4ng th\u1ec3 \u0111i l\u1ea1i b\u00ecnh th\u01b0\u1eddng d\u00f9 \u0111\u00e3 c\u1ed1 c\u00f4ng ch\u1ea1y ch\u1eefa, Sofia Papastergiadis tr\u1edf th\u00e0nh \u0111\u00f4i ch\u00e2n c\u1ee7a m\u1eb9 m\u00ecnh. C\u00f4 g\u00e1c l\u1ea1i lu\u1eadn v\u0103n ti\u1ebfn s\u0129, s\u1ef1 nghi\u1ec7p v\u00e0 cu\u1ed9c s\u1ed1ng ri\u00eang \u0111\u1ec3 ch\u0103m s\u00f3c cho b\u00e0.<\/p>\n<p>M\u00f9a h\u00e8 n\u0103m 2015, hai m\u1eb9 con Sofia th\u1ebf ch\u1ea5p nh\u00e0, gom g\u00f3p ti\u1ec1n qua T\u00e2y Ban Nha \u0111\u1ec3 t\u00ecm \u0111\u1ebfn B\u00e1c s\u0129 G\u00f3mez, nh\u01b0 m\u1ed9t n\u1ed7 l\u1ef1c cu\u1ed1i c\u00f9ng, v\u1edbi hy v\u1ecdng ch\u1eefa \u0111\u01b0\u1ee3c c\u0103n b\u1ec7nh b\u00ed hi\u1ec3m. \u1ede v\u00f9ng hoang m\u1ea1c ven bi\u1ec3n \u0111\u1ea7y n\u1eafng, g\u1eb7p g\u1ee1 nh\u1eefng con ng\u01b0\u1eddi ph\u00f3ng kho\u00e1ng, l\u1ea1 k\u1ef3, t\u1ea5t c\u1ea3 \u0111\u00e3 th\u1ed5i b\u00f9ng l\u00ean trong c\u00f4 ng\u1ecdn l\u1eeda v\u1ed1n b\u1ea5y l\u00e2u ch\u1ec9 nhen nh\u00fam trong l\u00f2ng, soi r\u1ecdi m\u1ed9t cu\u1ed9c \u0111\u1eddi m\u00e0 c\u00f4 ch\u01b0a t\u1eebng s\u1ed1ng.<\/p>\n<p>Deborah Levy, b\u1eb1ng nh\u1eefng c\u00e2u v\u0103n tinh t\u1ebf, g\u1ee3i c\u1ea3m \u0111\u00e3 \u0111\u01b0a ng\u01b0\u1eddi \u0111\u1ecdc v\u00e0o m\u1ed9t c\u00e2u chuy\u1ec7n l\u1ea1 k\u1ef3 v\u1ec1 m\u1eb9 v\u00e0 con g\u00e1i, v\u1ec1 nh\u1eefng n\u1ed7i ni\u1ec1m v\u00e0 mong m\u1ecfi trong \u0111\u1eddi. S\u1eefa n\u00f3ng \u0111\u00e3 l\u1ecdt v\u00e0o v\u00f2ng chung kh\u1ea3o gi\u1ea3i Booker n\u0103m 2016.<\/p>\n<p>T\u00c1C GI\u1ea2:<\/p>\n<p>Deborah Levy (1959) l\u00e0 m\u1ed9t nh\u00e0 v\u0103n, nh\u00e0 th\u01a1 v\u00e0 nh\u00e0 so\u1ea1n k\u1ecbch ng\u01b0\u1eddi Anh. B\u00e0 sinh ra \u1edf Johannesburg, Nam Phi, r\u1ed3i c\u00f9ng gia \u0111\u00ecnh di c\u01b0 \u0111\u1ebfn London v\u00e0o n\u0103m 1968. T\u1ed1t nghi\u1ec7p Dartington College of Arts n\u0103m 1981, b\u00e0 v\u1ed1n t\u1eadp trung v\u00e0o vi\u1ebft k\u1ecbch b\u1ea3n \u1edf giai \u0111o\u1ea1n \u0111\u1ea7u s\u1ef1 nghi\u1ec7p, tr\u01b0\u1edbc khi ho\u00e0n to\u00e0n chuy\u1ec3n sang vi\u1ebft v\u0103n. C\u00e1c t\u00e1c ph\u1ea9m k\u1ecbch c\u1ee7a b\u00e0 t\u1eebng \u0111\u01b0\u1ee3c Royal Shakespeare Company d\u00e0n d\u1ef1ng. C\u00e1c t\u00e1c ph\u1ea9m v\u0103n xu\u00f4i c\u1ee7a b\u00e0 g\u1ed3m 2 cu\u1ed1n t\u1ef1 truy\u1ec7n, 3 t\u1eadp truy\u1ec7n ng\u1eafn v\u00e0 8 ti\u1ec3u thuy\u1ebft. Trong \u0111\u00f3, Swimming Home (2011) v\u00e0 S\u1eefa n\u00f3ng (2016) \u0111\u1ec1u l\u1ecdt v\u00e0o v\u00f2ng chung kh\u1ea3o c\u1ee7a gi\u1ea3i Booker.<\/p>\n","protected":false},"excerpt":{"rendered":"<p>\u201cR\u1ef1c r\u1ee1 \u0110i\u1ec1u l\u00e0m n\u00ean cu\u1ed1n s\u00e1ch n\u00e0y l\u00e0 tr\u00ed t\u01b0\u1edfng t\u01b0\u1ee3ng tuy\u1ec7t v\u1eddi c\u1ee7a Levy, ch\u1ea5t th\u01a1 trong ng\u00f4n ng\u1eef v\u00e0 nh\u1eefng c\u00e2u v\u0103n h\u00e0m s\u00fac, c\u1ea3 c\u00e1ch b\u00e0 t\u00ecm th\u1ea5y c\u00e1i phi th\u01b0\u1eddng gi\u1eefa nh\u1eefng \u0111i\u1ec1u th\u01b0\u1eddng nh\u1eadt, di chuy\u1ec3n kh\u00e9o l\u00e9o gi\u1eefa n\u1ed7i \u0111au, hi\u1ec3m nguy v\u00e0 s\u1ef1 h\u00e0i h\u01b0\u1edbc, \u0111\u1ed3ng th\u1eddi \u0111em \u0111\u1ebfn m\u1ed9t nh\u00e2n v\u1eadt th\u00fa v\u1ecb v\u00e0 \u0111\u1ea7y b\u1ea5t ng\u1edd nh\u01b0 Sofia. Th\u1eadt l\u00e0 m\u1ed9t ni\u1ec1m vui khi \u0111\u01b0\u1ee3c \u1edf b\u00ean trong t\u00e2m tr\u00ed \u0111\u1ea7y t\u00f2 m\u00f2 v\u00e0 s\u00e2u s\u1eafc c\u1ee7a Sofia.\u201d &#8211; The New York Times<\/p>\n<p>\u201cNg\u00f4n ng\u1eef tinh t\u1ebf. Phong c\u00e1ch vi\u1ebft l\u1ea1 l\u00f9ng ban \u0111\u1ea7u c\u00f3 v\u1ebb r\u1eddi r\u1ea1c nh\u01b0ng d\u1ea7n ch\u1eafp l\u1ea1i th\u00e0nh m\u1ed9t t\u1ea5m l\u01b0\u1edbi kh\u1ed5ng l\u1ed3: m\u1ed9t kh\u1ea3o s\u00e1t v\u1ec1 s\u1ef1 m\u1eafc n\u1ee3 v\u00e0 tr\u00e1ch nhi\u1ec7m c\u00e1 nh\u00e2n, v\u1ec1 s\u1ef1 \u0111\u1ed9c l\u1eadp v\u00e0 nh\u1eefng m\u1ed1i quan h\u1ec7 gia \u0111\u00ecnh.\u201d &#8211; Washington Post<\/p>\n<p>GI\u1edaI THI\u1ec6U S\u00c1CH:<br \/>\nL\u1edbn l\u00ean thi\u1ebfu v\u1eafng t\u00ecnh th\u01b0\u01a1ng c\u1ee7a b\u1ed1, c\u00f2n m\u1eb9 m\u1eafc m\u1ed9t ch\u1ee9ng b\u1ec7nh l\u1ea1 kh\u00f4ng th\u1ec3 \u0111i l\u1ea1i b\u00ecnh th\u01b0\u1eddng d\u00f9 \u0111\u00e3 c\u1ed1 c\u00f4ng ch\u1ea1y ch\u1eefa, Sofia Papastergiadis tr\u1edf th\u00e0nh \u0111\u00f4i ch\u00e2n c\u1ee7a m\u1eb9 m\u00ecnh. C\u00f4 g\u00e1c l\u1ea1i lu\u1eadn v\u0103n ti\u1ebfn s\u0129, s\u1ef1 nghi\u1ec7p v\u00e0 cu\u1ed9c s\u1ed1ng ri\u00eang \u0111\u1ec3 ch\u0103m s\u00f3c cho b\u00e0.<\/p>\n<p>M\u00f9a h\u00e8 n\u0103m 2015, hai m\u1eb9 con Sofia th\u1ebf ch\u1ea5p nh\u00e0, gom g\u00f3p ti\u1ec1n qua T\u00e2y Ban Nha \u0111\u1ec3 t\u00ecm \u0111\u1ebfn B\u00e1c s\u0129 G\u00f3mez, nh\u01b0 m\u1ed9t n\u1ed7 l\u1ef1c cu\u1ed1i c\u00f9ng, v\u1edbi hy v\u1ecdng ch\u1eefa \u0111\u01b0\u1ee3c c\u0103n b\u1ec7nh b\u00ed hi\u1ec3m. \u1ede v\u00f9ng hoang m\u1ea1c ven bi\u1ec3n \u0111\u1ea7y n\u1eafng, g\u1eb7p g\u1ee1 nh\u1eefng con ng\u01b0\u1eddi ph\u00f3ng kho\u00e1ng, l\u1ea1 k\u1ef3, t\u1ea5t c\u1ea3 \u0111\u00e3 th\u1ed5i b\u00f9ng l\u00ean trong c\u00f4 ng\u1ecdn l\u1eeda v\u1ed1n b\u1ea5y l\u00e2u ch\u1ec9 nhen nh\u00fam trong l\u00f2ng, soi r\u1ecdi m\u1ed9t cu\u1ed9c \u0111\u1eddi m\u00e0 c\u00f4 ch\u01b0a t\u1eebng s\u1ed1ng.<\/p>\n<p>Deborah Levy, b\u1eb1ng nh\u1eefng c\u00e2u v\u0103n tinh t\u1ebf, g\u1ee3i c\u1ea3m \u0111\u00e3 \u0111\u01b0a ng\u01b0\u1eddi \u0111\u1ecdc v\u00e0o m\u1ed9t c\u00e2u chuy\u1ec7n l\u1ea1 k\u1ef3 v\u1ec1 m\u1eb9 v\u00e0 con g\u00e1i, v\u1ec1 nh\u1eefng n\u1ed7i ni\u1ec1m v\u00e0 mong m\u1ecfi trong \u0111\u1eddi. S\u1eefa n\u00f3ng \u0111\u00e3 l\u1ecdt v\u00e0o v\u00f2ng chung kh\u1ea3o gi\u1ea3i Booker n\u0103m 2016.<\/p>\n","protected":false},"featured_media":17012,"template":"","meta":{"_acf_changed":false},"product_brand":[],"product_cat":[15,45],"product_tag":[81],"class_list":{"0":"post-17013","1":"product","2":"type-product","3":"status-publish","4":"has-post-thumbnail","6":"product_cat-sach-danh-cho-nguoi-lon","7":"product_cat-tieu-thuyet","8":"product_tag-sach-gia-uu-dai","10":"first","11":"outofstock","12":"sale","13":"taxable","14":"shipping-taxable","15":"purchasable","16":"product-type-simple"},"supplier_id":null,"supplier_sku":"","barcode":null,"atum_controlled":true,"out_stock_date":"2022-10-14 18:27:54","out_stock_threshold":null,"inheritable":false,"inbound_stock":0,"stock_on_hold":0,"sold_today":0,"sales_last_days":0,"reserved_stock":0,"customer_returns":0,"warehouse_damage":0,"lost_in_post":0,"other_logs":0,"out_stock_days":1202,"lost_sales":0,"has_location":false,"update_date":"2026-01-28T23:10:58","atum_locations":[],"atum_stock_status":"outofstock","restock_status":false,"low_stock_amount":"","sales_update_date":"2026-01-28T23:10:58","calc_backorders":null,"acf":{"publisher":{"ID":1424,"post_author":"1","post_date":"2021-02-17 00:02:29","post_date_gmt":"2021-02-16 22:02:29","post_content":"<!-- wp:flatsome\/uxbuilder -->\n<h1 style=\"text-align: center\"><strong>Nh\u00e3 Nam<\/strong><\/h1>\n[row]\n\n[col span=\"6\" span__sm=\"12\"]\n\n[ux_image id=\"1438\" image_size=\"medium\"]\n\n\n[\/col]\n[col span=\"6\" span__sm=\"12\"]\n\n<p><strong>C\u00f4ng ty c\u1ed5 ph\u1ea7n V\u0103n h\u00f3a v\u00e0 Truy\u1ec1n th\u00f4ng Nh\u00e3 Nam<\/strong><\/p>\n<p>Th\u00e1ng 2 n\u0103m 2005, Nh\u00e3 Nam, t\u00ean \u0111\u1ea7y \u0111\u1ee7 l\u00e0 C\u00f4ng ty C\u1ed5 ph\u1ea7n V\u0103n h\u00f3a v\u00e0 Truy\u1ec1n th\u00f4ng Nh\u00e3 Nam \u0111\u00e3 gia nh\u1eadp th\u1ecb tr\u01b0\u1eddng s\u00e1ch. T\u00e1c ph\u1ea9m \"Balzac v\u00e0 c\u00f4 b\u00e9 th\u1ee3 may Trung hoa\" c\u1ee7a \u0110\u1edbi T\u01b0 Ki\u1ec7t l\u00e0 cu\u1ed1n s\u00e1ch \u0111\u1ea7u ti\u00ean \u0111\u01b0\u1ee3c nh\u1eefng ng\u01b0\u1eddi s\u00e1ng l\u1eadp Nh\u00e3 Nam xu\u1ea5t b\u1ea3n c\u1ea3 tr\u01b0\u1edbc khi c\u00f4ng ty ra \u0111\u1eddi. Ngay l\u1eadp t\u1ee9c t\u1eeb cu\u1ed1n s\u00e1ch \u0111\u1ea7u ti\u00ean, \u0111\u1ed9c gi\u1ea3 \u0111\u00e3 d\u00e0nh s\u1ef1 quan t\u00e2m v\u00e0 y\u00eau m\u1ebfn cho m\u1ed9t th\u01b0\u01a1ng hi\u1ec7u s\u00e1ch m\u1edbi m\u1ebb mang trong m\u00ecnh kh\u00e1t v\u1ecdng g\u00f3p ph\u1ea7n t\u1ea1o l\u1eadp di\u1ec7n m\u1ea1o m\u1edbi cho xu\u1ea5t b\u1ea3n v\u0103n h\u1ecdc t\u1ea1i Vi\u1ec7t Nam.<\/p>\n<p>L\u00f2ng say m\u00ea c\u1ee7a \u0111\u1ed9i ng\u0169 l\u00e0 vi\u00ean \u0111\u00e1 \u0111\u1ea7u ti\u00ean. Tr\u1ea3i qua m\u1ea5y n\u0103m ph\u00e1t tri\u1ec3n, Nh\u00e3 Nam \u0111\u00e3 \u0111\u01b0\u1ee3c x\u00e2y d\u1ef1ng d\u1ea7n l\u00ean trong di\u1ec7n m\u1ea1o m\u1ed9t nh\u00e0 xu\u1ea5t b\u1ea3n v\u1eefng ch\u00e3i v\u00e0 chuy\u00ean nghi\u1ec7p. S\u00e1u th\u00e1ng sau khi th\u00e0nh l\u1eadp c\u00f4ng ty, Nh\u1eadt k\u00fd \u0110\u1eb7ng Th\u00f9y Tr\u00e2m ra \u0111\u1eddi, t\u1ea1o n\u00ean m\u1ed9t c\u01a1n s\u1ed1t trong x\u00e3 h\u1ed9i, v\u1edbi g\u1ea7n 500,000 b\u1ea3n s\u00e1ch \u0111\u01b0\u1ee3c ph\u00e1t h\u00e0nh, ph\u00e1 m\u1ecdi k\u1ef7 l\u1ee5c v\u1ec1 xu\u1ea5t b\u1ea3n tr\u01b0\u1edbc \u0111\u00f3, k\u00e9o theo m\u1ed9t lo\u1ea1t nh\u1eefng hi\u1ec7u \u1ee9ng x\u00e3 h\u1ed9i v\u00e0 d\u01b0 lu\u1eadn c\u00f3 \u00fd ngh\u0129a. T\u1eeb \u0111\u00f3 tr\u1edf \u0111i, th\u00f4ng qua Nh\u00e3 Nam, c\u00e1c cu\u1ed1n s\u00e1ch v\u0103n h\u1ecdc n\u01b0\u1edbc ngo\u00e0i c\u00f3 gi\u00e1 tr\u1ecb \u0111\u01b0\u1ee3c li\u00ean t\u1ee5c mua b\u1ea3n quy\u1ec1n v\u00e0 xu\u1ea5t b\u1ea3n t\u1ea1i Vi\u1ec7t Nam, thu h\u00fat nhi\u1ec1u t\u1ea7ng l\u1edbp \u0111\u1ed9c gi\u1ea3. S\u00e1ch c\u1ee7a Nh\u00e3 Nam n\u1ed5i b\u1eadt b\u1edfi n\u1ed9i dung v\u0103n h\u1ecdc tinh t\u1ebf, b\u1edfi v\u1ebb \u0111\u1eb9p c\u1ee7a thi\u1ebft k\u1ebf hi\u1ec7n \u0111\u1ea1i \u1edf h\u00ecnh th\u1ee9c, b\u1edfi s\u1ef1 ch\u0103m ch\u00fat k\u1ef9 l\u01b0\u1ee1ng cho m\u1ed7i cu\u1ed1n s\u00e1ch nh\u01b0 m\u1ed9t con thuy\u1ec1n mang t\u1edbi ni\u1ec1m vui, tri th\u1ee9c, ng\u1ea1c nhi\u00ean, v\u00e0 \u0111\u1ed3ng c\u1ea3m.<\/p>\n\n[\/col]\n\n[\/row]\n<p style=\"text-align: left\">Hi\u1ec3u th\u1eddi \u0111\u1ea1i \u0111ang s\u1ed1ng th\u00f4ng qua s\u00e1ch, song h\u00e0nh v\u1edbi nh\u1eefng bi\u1ebfn chuy\u1ec3n s\u00e2u s\u1eafc trong l\u00f2ng x\u00e3 h\u1ed9i b\u1eb1ng nh\u1eefng ho\u1ea1t \u0111\u1ed9ng xu\u1ea5t b\u1ea3n mi\u1ec7t m\u00e0i v\u00e0 qu\u1ea3 c\u1ea3m, con \u0111\u01b0\u1eddng Nh\u00e3 Nam \u0111\u00e3 ch\u1ecdn \u0111\u1ec3 \u0111i s\u1ebd c\u00f2n d\u00e0i. Nhi\u1ec1u kh\u00f3 kh\u0103n, th\u1eed th\u00e1ch \u0111ang \u1edf ph\u00eda tr\u01b0\u1edbc. B\u01b0\u1edbc qua th\u1eddi k\u1ef3 s\u01a1 khai v\u1edbi nh\u1eefng b\u00e0i h\u1ecdc v\u00e0 nh\u1eefng kinh nghi\u1ec7m \u0111\u1ea7u ti\u00ean, Nh\u00e3 Nam gi\u1edd \u0111\u00e3 s\u1eb5n s\u00e0ng cho m\u1ed9t ch\u1eb7ng \u0111\u01b0\u1eddng ph\u00e1t tri\u1ec3n m\u1edbi. V\u00e0 ch\u00fang t\u00f4i mu\u1ed1n ho\u00e0n thi\u1ec7n m\u00ecnh trong s\u1ef1 c\u1ea7u th\u1ecb v\u00e0 c\u1ea9n tr\u1ecdng. T\u1ea5t c\u1ea3 v\u00ec m\u1ed9t gia s\u1ea3n s\u00e1ch to l\u1edbn, c\u00f3 s\u1ee9c s\u1ed1ng d\u00e0i l\u00e2u, c\u00f3 \u00fd ngh\u0129a v\u1edbi nhi\u1ec1u th\u1ebf h\u1ec7 b\u1ea1n \u0111\u1ecdc.<br \/>B\u1edfi v\u00ec s\u00e1ch l\u00e0 th\u1ebf gi\u1edbi.<\/p>\n<p><strong>\u0110\u00e2y l\u00e0 m\u1ed9t nh\u00e0 ph\u00e1t h\u00e0nh s\u00e1ch m\u00e0 SACHVIET.EU r\u1ea5t y\u00eau th\u00edch v\u00e0 tin t\u01b0\u1edfng. Nh\u00ecn \u0111\u01b0\u1ee3c t\u1ea7m \u1ea3nh h\u01b0\u1edfng c\u1ee7a Nh\u00e3 Nam qua t\u1eebng cu\u1ed1n s\u00e1ch, SACHVIET.EU li\u00ean h\u1ec7 h\u1ee3p t\u00e1c ngay v\u1edbi Nh\u00e3 Nam \u0111\u1ec3 \u0111em to\u00e0n b\u1ed9 nh\u1eefng t\u00e1c ph\u1ea9m m\u1edbi, hay nh\u1ea5t m\u00e0 Nh\u00e3 Nam c\u00f3 sang Ch\u00e2u \u00c2u, \u0111\u01b0a \u0111\u1ebfn cho \u0111\u1ed9c gi\u1ea3 c\u00f3 nhi\u1ec1u s\u1ef1 l\u1ef1a ch\u1ecdn phong ph\u00fa h\u01a1n c\u1ea3 s\u00e1ch cho tr\u1ebb em l\u1eabn ng\u01b0\u1eddi l\u1edbn.\u00a0<\/strong><\/p>\n\n<!-- \/wp:flatsome\/uxbuilder -->","post_title":"Nh\u00e3 Nam","post_excerpt":"","post_status":"publish","comment_status":"closed","ping_status":"closed","post_password":"","post_name":"nha-nam","to_ping":"","pinged":"","post_modified":"2022-12-19 23:15:33","post_modified_gmt":"2022-12-19 21:15:33","post_content_filtered":"","post_parent":0,"guid":"https:\/\/sachviet.eu\/?post_type=publisher&#038;p=1424","menu_order":0,"post_type":"publisher","post_mime_type":"","comment_count":"0","filter":"raw"}},"_links":{"self":[{"href":"https:\/\/sachviet.eu\/en\/wp-json\/wp\/v2\/product\/17013","targetHints":{"allow":["GET"]}}],"collection":[{"href":"https:\/\/sachviet.eu\/en\/wp-json\/wp\/v2\/product"}],"about":[{"href":"https:\/\/sachviet.eu\/en\/wp-json\/wp\/v2\/types\/product"}],"wp:featuredmedia":[{"embeddable":true,"href":"https:\/\/sachviet.eu\/en\/wp-json\/wp\/v2\/media\/17012"}],"wp:attachment":[{"href":"https:\/\/sachviet.eu\/en\/wp-json\/wp\/v2\/media?parent=17013"}],"wp:term":[{"taxonomy":"product_brand","embeddable":true,"href":"https:\/\/sachviet.eu\/en\/wp-json\/wp\/v2\/product_brand?post=17013"},{"taxonomy":"product_cat","embeddable":true,"href":"https:\/\/sachviet.eu\/en\/wp-json\/wp\/v2\/product_cat?post=17013"},{"taxonomy":"product_tag","embeddable":true,"href":"https:\/\/sachviet.eu\/en\/wp-json\/wp\/v2\/product_tag?post=17013"}],"curies":[{"name":"wp","href":"https:\/\/api.w.org\/{rel}","templated":true}]}}