{"id":17003,"date":"2022-02-03T23:13:43","date_gmt":"2022-02-03T21:13:43","guid":{"rendered":"https:\/\/sachviet.eu\/shop\/cac-tang-dia-nguc-theo-phat-giao\/"},"modified":"2024-08-12T10:11:18","modified_gmt":"2024-08-12T07:11:18","slug":"cac-tang-dia-nguc-theo-phat-giao","status":"publish","type":"product","link":"https:\/\/sachviet.eu\/en\/shop\/cac-tang-dia-nguc-theo-phat-giao\/","title":{"rendered":"C\u00e1c T\u1ea7ng \u0110\u1ecba Ng\u1ee5c Theo Ph\u1eadt Gi\u00e1o"},"content":{"rendered":"<p>C\u00e1c t\u1ea7ng \u0111\u1ecba ng\u1ee5c theo Ph\u1eadt gi\u00e1o l\u00e0 \u201cchuy\u1ebfn du h\u00e0nh\u201d \u0111\u1eb7c bi\u1ec7t c\u1ee7a hai t\u00e1c gi\u1ea3 ng\u01b0\u1eddi Ph\u00e1p L\u00e9on Riotor v\u00e0 L\u00e9ofanti qua m\u1ed9t s\u1ed1 ng\u00f4i ch\u00f9a An Nam, \u201cph\u1ecfng v\u1ea5n\u201d v\u00e0 \u0111\u00e0m \u0111\u1ea1o v\u1edbi c\u00e1c s\u01b0 tr\u1ee5 tr\u00ec t\u1ea1i \u0111\u00e2y v\u1ec1 \u201c\u0111\u1ecba ng\u1ee5c\u201d theo Ph\u1eadt gi\u00e1o, t\u1eeb \u0111\u00f3 ph\u1ea7n n\u00e0o ph\u1ea3n \u00e1nh \u0111\u1eddi s\u1ed1ng v\u0103n h\u00f3a, tri\u1ebft h\u1ecdc v\u00e0 t\u00e2m linh c\u1ee7a ng\u01b0\u1eddi d\u00e2n b\u1ea3n x\u1ee9 th\u1eddi k\u1ef3 \u0111\u1ea7u th\u1ebf k\u1ef7 20, \u0111\u1eb7c bi\u1ec7t l\u00e0 nh\u1eefng g\u00ec h\u1ecd h\u00ecnh dung v\u00e0 tin t\u01b0\u1edfng v\u00e0o m\u1ed9t th\u1ebf gi\u1edbi sau c\u00e1i ch\u1ebft. M\u01b0\u1eddi hai ph\u1ee5 b\u1ea3n \u0111\u01b0\u1ee3c c\u00e1c ngh\u1ec7 nh\u00e2n ng\u01b0\u1eddi Nh\u1eadt, Pha v\u00e0 Ly, v\u1ebd b\u1eb1ng b\u00fat s\u1eady theo c\u00e1c b\u1ea3n kh\u1eafc n\u1ed5i \u1edf ch\u00f9a B\u00e1o \u00c2n, th\u1ec3 hi\u1ec7n h\u00ecnh \u1ea3nh Th\u1eadp \u0110i\u1ec7n Di\u00eam V\u01b0\u01a1ng, kh\u00f4ng ch\u1ec9 \u0111\u1ed9c \u0111\u00e1o \u1edf g\u00f3c \u0111\u1ed9 m\u1ef9 thu\u1eadt m\u00e0 nh\u01b0 E. Ledrain nh\u1eadn \u0111\u1ecbnh, c\u00f2n ch\u1ee9ng t\u1ecf m\u1ef9 thu\u1eadt \u0111\u00e3 \u201clen l\u1ecfi t\u1edbi \u0111\u00e2u trong t\u01b0 duy c\u1ee7a c\u00e1c nh\u00e2n v\u1eadt t\u00f4n gi\u00e1o quy\u1ec1n l\u1ef1c v\u00e0 t\u1ea7ng l\u1edbp th\u01b0\u1eddng d\u00e2n\u201d.<\/p>\n<p>T\u00c1C GI\u1ea2:<br \/>\nL\u00e9on Riotor, t\u00ean \u0111\u1ea7y \u0111\u1ee7 l\u00e0 L\u00e9on Eug\u00e8ne Emmanuel Riotor, sinh n\u0103m 1865 t\u1ea1i Lyon v\u00e0 m\u1ea5t n\u0103m 1946 t\u1ea1i Paris, l\u00e0 ch\u00ednh tr\u1ecb gia v\u00e0 nh\u00e0 v\u0103n ng\u01b0\u1eddi Ph\u00e1p. T\u1eebng l\u00e0 ph\u00f3 ch\u1ee7 t\u1ecbch H\u1ed9i \u0111\u1ed3ng Th\u1ecb ch\u00ednh Paris v\u00e0 H\u1ed9i \u0111\u1ed3ng T\u1ec9nh Seine, \u00f4ng tham gia s\u00e1ng t\u00e1c nhi\u1ec1u th\u1ec3 lo\u1ea1i, khi th\u00ec vi\u1ebft th\u01a1, l\u00fac vi\u1ebft ti\u1ec3u thuy\u1ebft, ch\u00e2m bi\u1ebfm c\u00f3, du k\u00fd c\u00f3, t\u00e2m l\u00fd h\u1ecdc c\u00f3 v\u00e0 c\u1ea3 ph\u00ea b\u00ecnh ngh\u1ec7 thu\u1eadt c\u0169ng c\u00f3. C\u00f3 th\u1ec3 k\u1ec3 \u0111\u1ebfn m\u1ed9t s\u1ed1 t\u00e1c ph\u1ea9m ti\u00eau bi\u1ec3u c\u1ee7a \u00f4ng nh\u01b0: Le P\u00eacheur d&#8217;anguilles (1894), Po\u00e8mes et R\u00e9cits de guerre (1918), Les Raisons de Pascalin (1894), Les Taches d&#8217;encre (1929), L&#8217;Ami inconnu (1895); La Nouvelle Autriche (1927), Auguste Rodin; Les Arts et les Lettres'(1901, 1903, et 1906), etc.<br \/>\nGaston L\u00e9ofanti, t\u00ean \u0111\u1ea7y \u0111\u1ee7 l\u00e0 Gaston Adolphe Joseph L\u00e9ofanti, sinh n\u0103m 1863 t\u1ea1i Rennes v\u00e0 m\u1ea5t n\u0103m 1909 t\u1ea1i Paris. \u00d4ng t\u1eebng l\u00e0 ph\u00f3ng vi\u00ean t\u1edd L\u2019Avenir du Tonkin, bi\u00ean t\u1eadp vi\u00ean v\u00e0 th\u01b0\u01a1ng gia.<\/p>\n<p>TR\u00cdCH L\u1edcI T\u1ef0A:<br \/>\nThay cho l\u1eddi t\u1ef1a<br \/>\nKh\u1ea3o v\u1ec1 \u201c\u0110\u1ecba ng\u1ee5c\u201d trong l\u1ecbch s\u1eed v\u0103n h\u00f3a Ph\u1eadt gi\u00e1o \u1edf Vi\u1ec7t Nam<br \/>\nTS. Tr\u1ea7n Tr\u1ecdng D\u01b0\u01a1ng<br \/>\nVi\u1ec7n Nghi\u00ean c\u1ee9u H\u00e1n N\u00f4m<br \/>\nC\u00e1c b\u1ea1n \u0111ang c\u1ea7m tr\u00ean tay cu\u1ed1n s\u00e1ch C\u00e1c t\u1ea7ng \u0111\u1ecba ng\u1ee5c theo Ph\u1eadt gi\u00e1o c\u1ee7a L\u00e9on Riotor v\u00e0 L\u00e9ofanti. Cu\u1ed1n s\u00e1ch n\u00e0y l\u00e0 m\u1ed9t t\u01b0 li\u1ec7u qu\u00fd \u0111\u01b0\u1ee3c ghi ch\u00e9p theo l\u1ed1i kh\u1ea3o t\u1ea3 t\u1eeb g\u00f3c nh\u00ecn c\u1ee7a ng\u01b0\u1eddi ph\u01b0\u01a1ng T\u00e2y h\u01a1n 130 n\u0103m tr\u01b0\u1edbc. Hai t\u00e1c gi\u1ea3 \u0111\u00e3 th\u1ef1c hi\u1ec7n ph\u1ecfng v\u1ea5n ch\u1ee7 th\u1ec3 v\u0103n h\u00f3a trong chuy\u1ebfn \u0111i \u0111\u1ebfn B\u1eafc K\u1ef3, v\u1edbi nh\u1eefng l\u1eddi v\u0103n th\u00e2m tr\u1ea7m v\u00e0 tri\u1ebft l\u00fd. Thay v\u00ec ca ng\u1ee3i t\u1ea7m quan tr\u1ecdng c\u1ee7a cu\u1ed1n s\u00e1ch n\u00e0y, t\u00f4i s\u1ebd \u0111\u1eb7t m\u00ecnh ra kh\u1ecfi to\u00e0n b\u1ed9 n\u1ed9i dung cu\u1ed1n s\u00e1ch, v\u00e0 th\u1ef1c hi\u1ec7n m\u1ed9t kh\u1ea3o c\u1ee9u v\u1ec1 \u0111\u1ecba ng\u1ee5c trong l\u1ecbch s\u1eed v\u0103n h\u00f3a Vi\u1ec7t Nam, \u0111\u1ec3 cung c\u1ea5p th\u00eam m\u1ed9t g\u00f3c nh\u00ecn kh\u00e1c &#8211; g\u00f3c nh\u00ecn c\u1ee7a ng\u01b0\u1eddi hi\u1ec7n \u0111\u1ea1i, v\u1ec1 m\u1ed9t v\u1ea5n \u0111\u1ec1 th\u00e2n quen m\u00e0 h\u1ebft s\u1ee9c xa l\u1ea1 n\u00e0y. Nhi\u1ec1u ng\u01b0\u1eddi s\u1ebd th\u1ea5y r\u1eb1ng, t\u1eeb g\u00f3c \u0111\u1ed9 l\u1ecbch s\u1eed, \u0111\u00e3 c\u00f3 qu\u00e1 nhi\u1ec1u tr\u1ea7m t\u00edch ph\u1ee7 l\u00ean nh\u1eadn th\u1ee9c c\u1ee7a ch\u00fang ta. V\u00e0 v\u1ebb \u0111\u1eb9p c\u1ee7a qu\u00e1 kh\u1ee9, nh\u1ea5t l\u00e0 v\u1ebb \u0111\u1eb9p c\u1ee7a t\u01b0 t\u01b0\u1edfng, th\u1ec3 hi\u1ec7n qua c\u00e1c d\u1ea5u v\u1ebft v\u1eadt ch\u1ea5t, c\u00e1c l\u1edbp ni\u00ean \u0111\u1ea1i xa x\u0103m, c\u00e1c lo\u1ea1i h\u00ecnh v\u0103n b\u1ea3n v\u00e0 ngh\u1ec7 thu\u1eadt kh\u00e1c nhau kh\u00f4ng h\u1ec1 thu\u1ea7n nh\u1ea5t v\u00e0 t\u0129nh t\u1ea1i, m\u00e0 lu\u00f4n bi\u1ebfn \u1ea3o theo d\u00f2ng th\u1eddi gian.<\/p>\n","protected":false},"excerpt":{"rendered":"<p>C\u00e1c t\u1ea7ng \u0111\u1ecba ng\u1ee5c theo Ph\u1eadt gi\u00e1o l\u00e0 \u201cchuy\u1ebfn du h\u00e0nh\u201d \u0111\u1eb7c bi\u1ec7t c\u1ee7a hai t\u00e1c gi\u1ea3 ng\u01b0\u1eddi Ph\u00e1p L\u00e9on Riotor v\u00e0 L\u00e9ofanti qua m\u1ed9t s\u1ed1 ng\u00f4i ch\u00f9a An Nam, \u201cph\u1ecfng v\u1ea5n\u201d v\u00e0 \u0111\u00e0m \u0111\u1ea1o v\u1edbi c\u00e1c s\u01b0 tr\u1ee5 tr\u00ec t\u1ea1i \u0111\u00e2y v\u1ec1 \u201c\u0111\u1ecba ng\u1ee5c\u201d theo Ph\u1eadt gi\u00e1o, t\u1eeb \u0111\u00f3 ph\u1ea7n n\u00e0o ph\u1ea3n \u00e1nh \u0111\u1eddi s\u1ed1ng v\u0103n h\u00f3a, tri\u1ebft h\u1ecdc v\u00e0 t\u00e2m linh c\u1ee7a ng\u01b0\u1eddi d\u00e2n b\u1ea3n x\u1ee9 th\u1eddi k\u1ef3 \u0111\u1ea7u th\u1ebf k\u1ef7 20, \u0111\u1eb7c bi\u1ec7t l\u00e0 nh\u1eefng g\u00ec h\u1ecd h\u00ecnh dung v\u00e0 tin t\u01b0\u1edfng v\u00e0o m\u1ed9t th\u1ebf gi\u1edbi sau c\u00e1i ch\u1ebft. M\u01b0\u1eddi hai ph\u1ee5 b\u1ea3n \u0111\u01b0\u1ee3c c\u00e1c ngh\u1ec7 nh\u00e2n ng\u01b0\u1eddi Nh\u1eadt, Pha v\u00e0 Ly, v\u1ebd b\u1eb1ng b\u00fat s\u1eady theo c\u00e1c b\u1ea3n kh\u1eafc n\u1ed5i \u1edf ch\u00f9a B\u00e1o \u00c2n, th\u1ec3 hi\u1ec7n h\u00ecnh \u1ea3nh Th\u1eadp \u0110i\u1ec7n Di\u00eam V\u01b0\u01a1ng, kh\u00f4ng ch\u1ec9 \u0111\u1ed9c \u0111\u00e1o \u1edf g\u00f3c \u0111\u1ed9 m\u1ef9 thu\u1eadt m\u00e0 nh\u01b0 E. Ledrain nh\u1eadn \u0111\u1ecbnh, c\u00f2n ch\u1ee9ng t\u1ecf m\u1ef9 thu\u1eadt \u0111\u00e3 \u201clen l\u1ecfi t\u1edbi \u0111\u00e2u trong t\u01b0 duy c\u1ee7a c\u00e1c nh\u00e2n v\u1eadt t\u00f4n gi\u00e1o quy\u1ec1n l\u1ef1c v\u00e0 t\u1ea7ng l\u1edbp th\u01b0\u1eddng d\u00e2n\u201d.<\/p>\n<p>T\u00c1C GI\u1ea2:<br \/>\nL\u00e9on Riotor, t\u00ean \u0111\u1ea7y \u0111\u1ee7 l\u00e0 L\u00e9on Eug\u00e8ne Emmanuel Riotor, sinh n\u0103m 1865 t\u1ea1i Lyon v\u00e0 m\u1ea5t n\u0103m 1946 t\u1ea1i Paris, l\u00e0 ch\u00ednh tr\u1ecb gia v\u00e0 nh\u00e0 v\u0103n ng\u01b0\u1eddi Ph\u00e1p. T\u1eebng l\u00e0 ph\u00f3 ch\u1ee7 t\u1ecbch H\u1ed9i \u0111\u1ed3ng Th\u1ecb ch\u00ednh Paris v\u00e0 H\u1ed9i \u0111\u1ed3ng T\u1ec9nh Seine, \u00f4ng tham gia s\u00e1ng t\u00e1c nhi\u1ec1u th\u1ec3 lo\u1ea1i, khi th\u00ec vi\u1ebft th\u01a1, l\u00fac vi\u1ebft ti\u1ec3u thuy\u1ebft, ch\u00e2m bi\u1ebfm c\u00f3, du k\u00fd c\u00f3, t\u00e2m l\u00fd h\u1ecdc c\u00f3 v\u00e0 c\u1ea3 ph\u00ea b\u00ecnh ngh\u1ec7 thu\u1eadt c\u0169ng c\u00f3. C\u00f3 th\u1ec3 k\u1ec3 \u0111\u1ebfn m\u1ed9t s\u1ed1 t\u00e1c ph\u1ea9m ti\u00eau bi\u1ec3u c\u1ee7a \u00f4ng nh\u01b0: Le P\u00eacheur d&#8217;anguilles (1894), Po\u00e8mes et R\u00e9cits de guerre (1918), Les Raisons de Pascalin (1894), Les Taches d&#8217;encre (1929), L&#8217;Ami inconnu (1895); La Nouvelle Autriche (1927), Auguste Rodin; Les Arts et les Lettres'(1901, 1903, et 1906), etc.<br \/>\nGaston L\u00e9ofanti, t\u00ean \u0111\u1ea7y \u0111\u1ee7 l\u00e0 Gaston Adolphe Joseph L\u00e9ofanti, sinh n\u0103m 1863 t\u1ea1i Rennes v\u00e0 m\u1ea5t n\u0103m 1909 t\u1ea1i Paris. \u00d4ng t\u1eebng l\u00e0 ph\u00f3ng vi\u00ean t\u1edd L\u2019Avenir du Tonkin, bi\u00ean t\u1eadp vi\u00ean v\u00e0 th\u01b0\u01a1ng gia.<\/p>\n","protected":false},"featured_media":17002,"template":"","meta":{"_acf_changed":false},"product_brand":[],"product_cat":[15,76],"product_tag":[],"class_list":{"0":"post-17003","1":"product","2":"type-product","3":"status-publish","4":"has-post-thumbnail","6":"product_cat-sach-danh-cho-nguoi-lon","7":"product_cat-ton-giao-tam-linh","9":"first","10":"outofstock","11":"taxable","12":"shipping-taxable","13":"purchasable","14":"product-type-simple"},"supplier_id":null,"supplier_sku":"","barcode":null,"atum_controlled":true,"out_stock_date":"2024-08-12 07:11:18","out_stock_threshold":null,"inheritable":false,"inbound_stock":0,"stock_on_hold":0,"sold_today":0,"sales_last_days":0,"reserved_stock":0,"customer_returns":0,"warehouse_damage":0,"lost_in_post":0,"other_logs":0,"out_stock_days":534,"lost_sales":0,"has_location":false,"update_date":"2026-01-28T23:11:20","atum_locations":[],"atum_stock_status":"outofstock","restock_status":false,"low_stock_amount":"","sales_update_date":"2026-01-28T23:11:20","calc_backorders":null,"acf":{"publisher":{"ID":1424,"post_author":"1","post_date":"2021-02-17 00:02:29","post_date_gmt":"2021-02-16 22:02:29","post_content":"<!-- wp:flatsome\/uxbuilder -->\n<h1 style=\"text-align: center\"><strong>Nh\u00e3 Nam<\/strong><\/h1>\n[row]\n\n[col span=\"6\" span__sm=\"12\"]\n\n[ux_image id=\"1438\" image_size=\"medium\"]\n\n\n[\/col]\n[col span=\"6\" span__sm=\"12\"]\n\n<p><strong>C\u00f4ng ty c\u1ed5 ph\u1ea7n V\u0103n h\u00f3a v\u00e0 Truy\u1ec1n th\u00f4ng Nh\u00e3 Nam<\/strong><\/p>\n<p>Th\u00e1ng 2 n\u0103m 2005, Nh\u00e3 Nam, t\u00ean \u0111\u1ea7y \u0111\u1ee7 l\u00e0 C\u00f4ng ty C\u1ed5 ph\u1ea7n V\u0103n h\u00f3a v\u00e0 Truy\u1ec1n th\u00f4ng Nh\u00e3 Nam \u0111\u00e3 gia nh\u1eadp th\u1ecb tr\u01b0\u1eddng s\u00e1ch. T\u00e1c ph\u1ea9m \"Balzac v\u00e0 c\u00f4 b\u00e9 th\u1ee3 may Trung hoa\" c\u1ee7a \u0110\u1edbi T\u01b0 Ki\u1ec7t l\u00e0 cu\u1ed1n s\u00e1ch \u0111\u1ea7u ti\u00ean \u0111\u01b0\u1ee3c nh\u1eefng ng\u01b0\u1eddi s\u00e1ng l\u1eadp Nh\u00e3 Nam xu\u1ea5t b\u1ea3n c\u1ea3 tr\u01b0\u1edbc khi c\u00f4ng ty ra \u0111\u1eddi. Ngay l\u1eadp t\u1ee9c t\u1eeb cu\u1ed1n s\u00e1ch \u0111\u1ea7u ti\u00ean, \u0111\u1ed9c gi\u1ea3 \u0111\u00e3 d\u00e0nh s\u1ef1 quan t\u00e2m v\u00e0 y\u00eau m\u1ebfn cho m\u1ed9t th\u01b0\u01a1ng hi\u1ec7u s\u00e1ch m\u1edbi m\u1ebb mang trong m\u00ecnh kh\u00e1t v\u1ecdng g\u00f3p ph\u1ea7n t\u1ea1o l\u1eadp di\u1ec7n m\u1ea1o m\u1edbi cho xu\u1ea5t b\u1ea3n v\u0103n h\u1ecdc t\u1ea1i Vi\u1ec7t Nam.<\/p>\n<p>L\u00f2ng say m\u00ea c\u1ee7a \u0111\u1ed9i ng\u0169 l\u00e0 vi\u00ean \u0111\u00e1 \u0111\u1ea7u ti\u00ean. Tr\u1ea3i qua m\u1ea5y n\u0103m ph\u00e1t tri\u1ec3n, Nh\u00e3 Nam \u0111\u00e3 \u0111\u01b0\u1ee3c x\u00e2y d\u1ef1ng d\u1ea7n l\u00ean trong di\u1ec7n m\u1ea1o m\u1ed9t nh\u00e0 xu\u1ea5t b\u1ea3n v\u1eefng ch\u00e3i v\u00e0 chuy\u00ean nghi\u1ec7p. S\u00e1u th\u00e1ng sau khi th\u00e0nh l\u1eadp c\u00f4ng ty, Nh\u1eadt k\u00fd \u0110\u1eb7ng Th\u00f9y Tr\u00e2m ra \u0111\u1eddi, t\u1ea1o n\u00ean m\u1ed9t c\u01a1n s\u1ed1t trong x\u00e3 h\u1ed9i, v\u1edbi g\u1ea7n 500,000 b\u1ea3n s\u00e1ch \u0111\u01b0\u1ee3c ph\u00e1t h\u00e0nh, ph\u00e1 m\u1ecdi k\u1ef7 l\u1ee5c v\u1ec1 xu\u1ea5t b\u1ea3n tr\u01b0\u1edbc \u0111\u00f3, k\u00e9o theo m\u1ed9t lo\u1ea1t nh\u1eefng hi\u1ec7u \u1ee9ng x\u00e3 h\u1ed9i v\u00e0 d\u01b0 lu\u1eadn c\u00f3 \u00fd ngh\u0129a. T\u1eeb \u0111\u00f3 tr\u1edf \u0111i, th\u00f4ng qua Nh\u00e3 Nam, c\u00e1c cu\u1ed1n s\u00e1ch v\u0103n h\u1ecdc n\u01b0\u1edbc ngo\u00e0i c\u00f3 gi\u00e1 tr\u1ecb \u0111\u01b0\u1ee3c li\u00ean t\u1ee5c mua b\u1ea3n quy\u1ec1n v\u00e0 xu\u1ea5t b\u1ea3n t\u1ea1i Vi\u1ec7t Nam, thu h\u00fat nhi\u1ec1u t\u1ea7ng l\u1edbp \u0111\u1ed9c gi\u1ea3. S\u00e1ch c\u1ee7a Nh\u00e3 Nam n\u1ed5i b\u1eadt b\u1edfi n\u1ed9i dung v\u0103n h\u1ecdc tinh t\u1ebf, b\u1edfi v\u1ebb \u0111\u1eb9p c\u1ee7a thi\u1ebft k\u1ebf hi\u1ec7n \u0111\u1ea1i \u1edf h\u00ecnh th\u1ee9c, b\u1edfi s\u1ef1 ch\u0103m ch\u00fat k\u1ef9 l\u01b0\u1ee1ng cho m\u1ed7i cu\u1ed1n s\u00e1ch nh\u01b0 m\u1ed9t con thuy\u1ec1n mang t\u1edbi ni\u1ec1m vui, tri th\u1ee9c, ng\u1ea1c nhi\u00ean, v\u00e0 \u0111\u1ed3ng c\u1ea3m.<\/p>\n\n[\/col]\n\n[\/row]\n<p style=\"text-align: left\">Hi\u1ec3u th\u1eddi \u0111\u1ea1i \u0111ang s\u1ed1ng th\u00f4ng qua s\u00e1ch, song h\u00e0nh v\u1edbi nh\u1eefng bi\u1ebfn chuy\u1ec3n s\u00e2u s\u1eafc trong l\u00f2ng x\u00e3 h\u1ed9i b\u1eb1ng nh\u1eefng ho\u1ea1t \u0111\u1ed9ng xu\u1ea5t b\u1ea3n mi\u1ec7t m\u00e0i v\u00e0 qu\u1ea3 c\u1ea3m, con \u0111\u01b0\u1eddng Nh\u00e3 Nam \u0111\u00e3 ch\u1ecdn \u0111\u1ec3 \u0111i s\u1ebd c\u00f2n d\u00e0i. Nhi\u1ec1u kh\u00f3 kh\u0103n, th\u1eed th\u00e1ch \u0111ang \u1edf ph\u00eda tr\u01b0\u1edbc. B\u01b0\u1edbc qua th\u1eddi k\u1ef3 s\u01a1 khai v\u1edbi nh\u1eefng b\u00e0i h\u1ecdc v\u00e0 nh\u1eefng kinh nghi\u1ec7m \u0111\u1ea7u ti\u00ean, Nh\u00e3 Nam gi\u1edd \u0111\u00e3 s\u1eb5n s\u00e0ng cho m\u1ed9t ch\u1eb7ng \u0111\u01b0\u1eddng ph\u00e1t tri\u1ec3n m\u1edbi. V\u00e0 ch\u00fang t\u00f4i mu\u1ed1n ho\u00e0n thi\u1ec7n m\u00ecnh trong s\u1ef1 c\u1ea7u th\u1ecb v\u00e0 c\u1ea9n tr\u1ecdng. T\u1ea5t c\u1ea3 v\u00ec m\u1ed9t gia s\u1ea3n s\u00e1ch to l\u1edbn, c\u00f3 s\u1ee9c s\u1ed1ng d\u00e0i l\u00e2u, c\u00f3 \u00fd ngh\u0129a v\u1edbi nhi\u1ec1u th\u1ebf h\u1ec7 b\u1ea1n \u0111\u1ecdc.<br \/>B\u1edfi v\u00ec s\u00e1ch l\u00e0 th\u1ebf gi\u1edbi.<\/p>\n<p><strong>\u0110\u00e2y l\u00e0 m\u1ed9t nh\u00e0 ph\u00e1t h\u00e0nh s\u00e1ch m\u00e0 SACHVIET.EU r\u1ea5t y\u00eau th\u00edch v\u00e0 tin t\u01b0\u1edfng. Nh\u00ecn \u0111\u01b0\u1ee3c t\u1ea7m \u1ea3nh h\u01b0\u1edfng c\u1ee7a Nh\u00e3 Nam qua t\u1eebng cu\u1ed1n s\u00e1ch, SACHVIET.EU li\u00ean h\u1ec7 h\u1ee3p t\u00e1c ngay v\u1edbi Nh\u00e3 Nam \u0111\u1ec3 \u0111em to\u00e0n b\u1ed9 nh\u1eefng t\u00e1c ph\u1ea9m m\u1edbi, hay nh\u1ea5t m\u00e0 Nh\u00e3 Nam c\u00f3 sang Ch\u00e2u \u00c2u, \u0111\u01b0a \u0111\u1ebfn cho \u0111\u1ed9c gi\u1ea3 c\u00f3 nhi\u1ec1u s\u1ef1 l\u1ef1a ch\u1ecdn phong ph\u00fa h\u01a1n c\u1ea3 s\u00e1ch cho tr\u1ebb em l\u1eabn ng\u01b0\u1eddi l\u1edbn.\u00a0<\/strong><\/p>\n\n<!-- \/wp:flatsome\/uxbuilder -->","post_title":"Nh\u00e3 Nam","post_excerpt":"","post_status":"publish","comment_status":"closed","ping_status":"closed","post_password":"","post_name":"nha-nam","to_ping":"","pinged":"","post_modified":"2022-12-19 23:15:33","post_modified_gmt":"2022-12-19 21:15:33","post_content_filtered":"","post_parent":0,"guid":"https:\/\/sachviet.eu\/?post_type=publisher&#038;p=1424","menu_order":0,"post_type":"publisher","post_mime_type":"","comment_count":"0","filter":"raw"}},"_links":{"self":[{"href":"https:\/\/sachviet.eu\/en\/wp-json\/wp\/v2\/product\/17003","targetHints":{"allow":["GET"]}}],"collection":[{"href":"https:\/\/sachviet.eu\/en\/wp-json\/wp\/v2\/product"}],"about":[{"href":"https:\/\/sachviet.eu\/en\/wp-json\/wp\/v2\/types\/product"}],"wp:featuredmedia":[{"embeddable":true,"href":"https:\/\/sachviet.eu\/en\/wp-json\/wp\/v2\/media\/17002"}],"wp:attachment":[{"href":"https:\/\/sachviet.eu\/en\/wp-json\/wp\/v2\/media?parent=17003"}],"wp:term":[{"taxonomy":"product_brand","embeddable":true,"href":"https:\/\/sachviet.eu\/en\/wp-json\/wp\/v2\/product_brand?post=17003"},{"taxonomy":"product_cat","embeddable":true,"href":"https:\/\/sachviet.eu\/en\/wp-json\/wp\/v2\/product_cat?post=17003"},{"taxonomy":"product_tag","embeddable":true,"href":"https:\/\/sachviet.eu\/en\/wp-json\/wp\/v2\/product_tag?post=17003"}],"curies":[{"name":"wp","href":"https:\/\/api.w.org\/{rel}","templated":true}]}}