{"id":16993,"date":"2022-02-03T23:13:15","date_gmt":"2022-02-03T21:13:15","guid":{"rendered":"https:\/\/sachviet.eu\/shop\/chan-troi-goc-be\/"},"modified":"2023-04-19T14:16:45","modified_gmt":"2023-04-19T11:16:45","slug":"chan-troi-goc-be","status":"publish","type":"product","link":"https:\/\/sachviet.eu\/en\/shop\/chan-troi-goc-be\/","title":{"rendered":"Ch\u00e2n Tr\u1eddi G\u00f3c B\u1ec3"},"content":{"rendered":"<p>B\u1ed1n n\u0103m tr\u01b0\u1edbc, qu\u00e1 kh\u1ee9 h\u1ea1nh ph\u00fac c\u1ee7a Di\u00eau B\u0103ng V\u0169 \u0111\u00e3 k\u1ebft th\u00fac v\u00e0o n\u0103m c\u00f4 hai m\u01b0\u01a1i m\u1ed1t tu\u1ed5i, k\u1ebft th\u00fac v\u00e0o ng\u00e0y c\u00f4 t\u1ef1 tay \u0111\u1ea9y Tr\u1ea7n L\u0103ng \u2013 ng\u01b0\u1eddi con trai c\u00f4 y\u00eau th\u01b0\u01a1ng nh\u1ea5t v\u1ec1 b\u00ean ng\u01b0\u1eddi con g\u00e1i kh\u00e1c. L\u00e0 ng\u1ed1c ngh\u1ebfch, hay d\u1ea1i d\u1ed9t? C\u00f4 kh\u00f4ng h\u1ed1i h\u1eadn. Khi ch\u1ee9ng ki\u1ebfn anh gi\u00e3y gi\u1ee5a gi\u1eefa t\u00ecnh y\u00eau v\u00e0 t\u00ecnh th\u00e2n m\u00e0 g\u1ee5c ng\u00e3, c\u00f4 \u0111\u00e3 l\u1ef1a ch\u1ecdn bu\u00f4ng tay.<\/p>\n<p>B\u1ed1n n\u0103m sau, b\u00e0 m\u1eb9 \u0111\u01a1n th\u00e2n v\u00ec \u0111\u1ee9a con g\u00e1i nh\u1ecf m\u00e0 nh\u1eabn nh\u1ecbn trong m\u1ed9t c\u00f4ng vi\u1ec7c nhi\u1ec1u c\u00e1m d\u1ed7: ngh\u1ec1 th\u01b0 k\u00fd. B\u1ed1n n\u0103m \u0111i l\u00e0m m\u01b0\u1eddi s\u00e1u l\u1ea7n \u0111\u1ed5i vi\u1ec7c, nh\u1eefng t\u01b0\u1edfng c\u00f4ng vi\u1ec7c m\u1edbi c\u00f3 th\u1ec3 cho c\u00f4 s\u1ef1 b\u00ecnh y\u00ean, nh\u01b0ng tr\u00e1i tim Di\u00eau B\u0103ng V\u0169 l\u1ea1i n\u1ed5i l\u00ean nhi\u1ec1u s\u00f3ng gi\u00f3 b\u1edfi \u00f4ng ch\u1ee7 m\u1edbi L\u00e2m Qu\u00e2n D\u1eadt th\u1eadt gi\u1ed1ng v\u1edbi Tr\u1ea7n L\u0103ng.<\/p>\n<p>C\u00f4 kh\u00f4ng c\u00e1ch n\u00e0o th\u00f4i t\u00ecm ki\u1ebfm b\u00f3ng h\u00ecnh c\u1ee7aTr\u1ea7n L\u0103ng tr\u00ean con ng\u01b0\u1eddi L\u00e2m Qu\u00e2n D\u1eadt, d\u1eabu t\u00ednh c\u00e1ch anh ta lu\u00f4n n\u1eb1m ngo\u00e0i t\u1ea7m hi\u1ec3u bi\u1ebft c\u1ee7a c\u00f4, l\u00fac l\u1ea1nh l\u00f9ng l\u00fac d\u1ecbu d\u00e0ng, l\u00fac t\u00e0n nh\u1eabn l\u00fac th\u01b0\u01a1ng ti\u1ebfc, v\u00e0 \u00e1nh m\u1eaft th\u00e2m s\u00e2u th\u1ec9nh tho\u1ea3ng v\u1eabn nh\u00ecn c\u00f4 mang nhi\u1ec1u \u1ea9n \u00fd.<\/p>\n<p>C\u00f3 r\u1ea5t nhi\u1ec1u ng\u00e3 r\u1ebd tr\u00ean m\u1ed9t con \u0111\u01b0\u1eddng, c\u00f3 r\u1ea5t nhi\u1ec1u l\u1ef1a ch\u1ecdn trong c\u1ea3 cu\u1ed9c \u0111\u1eddi, v\u00e0 \u0111\u00e2u s\u1ebd l\u00e0 con \u0111\u01b0\u1eddng m\u00e0 Di\u00eau B\u0103ng V\u0169 l\u1ef1a ch\u1ecdn?<\/p>\n","protected":false},"excerpt":{"rendered":"<p>B\u1ed1n n\u0103m tr\u01b0\u1edbc, qu\u00e1 kh\u1ee9 h\u1ea1nh ph\u00fac c\u1ee7a Di\u00eau B\u0103ng V\u0169 \u0111\u00e3 k\u1ebft th\u00fac v\u00e0o n\u0103m c\u00f4 hai m\u01b0\u01a1i m\u1ed1t tu\u1ed5i, k\u1ebft th\u00fac v\u00e0o ng\u00e0y c\u00f4 t\u1ef1 tay \u0111\u1ea9y Tr\u1ea7n L\u0103ng \u2013 ng\u01b0\u1eddi con trai c\u00f4 y\u00eau th\u01b0\u01a1ng nh\u1ea5t v\u1ec1 b\u00ean ng\u01b0\u1eddi con g\u00e1i kh\u00e1c. L\u00e0 ng\u1ed1c ngh\u1ebfch, hay d\u1ea1i d\u1ed9t? C\u00f4 kh\u00f4ng h\u1ed1i h\u1eadn. Khi ch\u1ee9ng ki\u1ebfn anh gi\u00e3y gi\u1ee5a gi\u1eefa t\u00ecnh y\u00eau v\u00e0 t\u00ecnh th\u00e2n m\u00e0 g\u1ee5c ng\u00e3, c\u00f4 \u0111\u00e3 l\u1ef1a ch\u1ecdn bu\u00f4ng tay.<\/p>\n<p>B\u1ed1n n\u0103m sau, b\u00e0 m\u1eb9 \u0111\u01a1n th\u00e2n v\u00ec \u0111\u1ee9a con g\u00e1i nh\u1ecf m\u00e0 nh\u1eabn nh\u1ecbn trong m\u1ed9t c\u00f4ng vi\u1ec7c nhi\u1ec1u c\u00e1m d\u1ed7: ngh\u1ec1 th\u01b0 k\u00fd. B\u1ed1n n\u0103m \u0111i l\u00e0m m\u01b0\u1eddi s\u00e1u l\u1ea7n \u0111\u1ed5i vi\u1ec7c, nh\u1eefng t\u01b0\u1edfng c\u00f4ng vi\u1ec7c m\u1edbi c\u00f3 th\u1ec3 cho c\u00f4 s\u1ef1 b\u00ecnh y\u00ean, nh\u01b0ng tr\u00e1i tim Di\u00eau B\u0103ng V\u0169 l\u1ea1i n\u1ed5i l\u00ean nhi\u1ec1u s\u00f3ng gi\u00f3 b\u1edfi \u00f4ng ch\u1ee7 m\u1edbi L\u00e2m Qu\u00e2n D\u1eadt th\u1eadt gi\u1ed1ng v\u1edbi Tr\u1ea7n L\u0103ng.<\/p>\n<p>C\u00f4 kh\u00f4ng c\u00e1ch n\u00e0o th\u00f4i t\u00ecm ki\u1ebfm b\u00f3ng h\u00ecnh c\u1ee7aTr\u1ea7n L\u0103ng tr\u00ean con ng\u01b0\u1eddi L\u00e2m Qu\u00e2n D\u1eadt, d\u1eabu t\u00ednh c\u00e1ch anh ta lu\u00f4n n\u1eb1m ngo\u00e0i t\u1ea7m hi\u1ec3u bi\u1ebft c\u1ee7a c\u00f4, l\u00fac l\u1ea1nh l\u00f9ng l\u00fac d\u1ecbu d\u00e0ng, l\u00fac t\u00e0n nh\u1eabn l\u00fac th\u01b0\u01a1ng ti\u1ebfc, v\u00e0 \u00e1nh m\u1eaft th\u00e2m s\u00e2u th\u1ec9nh tho\u1ea3ng v\u1eabn nh\u00ecn c\u00f4 mang nhi\u1ec1u \u1ea9n \u00fd.<\/p>\n<p>C\u00f3 r\u1ea5t nhi\u1ec1u ng\u00e3 r\u1ebd tr\u00ean m\u1ed9t con \u0111\u01b0\u1eddng, c\u00f3 r\u1ea5t nhi\u1ec1u l\u1ef1a ch\u1ecdn trong c\u1ea3 cu\u1ed9c \u0111\u1eddi, v\u00e0 \u0111\u00e2u s\u1ebd l\u00e0 con \u0111\u01b0\u1eddng m\u00e0 Di\u00eau B\u0103ng V\u0169 l\u1ef1a ch\u1ecdn?<\/p>\n","protected":false},"featured_media":16992,"template":"","meta":{"_acf_changed":false},"product_brand":[],"product_cat":[73,15,45],"product_tag":[81],"class_list":{"0":"post-16993","1":"product","2":"type-product","3":"status-publish","4":"has-post-thumbnail","6":"product_cat-dam-my-ngon-tinh","7":"product_cat-sach-danh-cho-nguoi-lon","8":"product_cat-tieu-thuyet","9":"product_tag-sach-gia-uu-dai","11":"first","12":"outofstock","13":"sale","14":"taxable","15":"shipping-taxable","16":"purchasable","17":"product-type-simple"},"supplier_id":null,"supplier_sku":"","barcode":null,"atum_controlled":true,"out_stock_date":"2023-04-19 11:16:45","out_stock_threshold":null,"inheritable":false,"inbound_stock":0,"stock_on_hold":0,"sold_today":0,"sales_last_days":0,"reserved_stock":0,"customer_returns":0,"warehouse_damage":0,"lost_in_post":0,"other_logs":0,"out_stock_days":1015,"lost_sales":0,"has_location":false,"update_date":"2026-01-28T23:10:58","atum_locations":[],"atum_stock_status":"outofstock","restock_status":false,"low_stock_amount":"","sales_update_date":"2026-01-28T23:10:58","calc_backorders":null,"acf":{"publisher":{"ID":1470,"post_author":"2","post_date":"2021-02-17 01:12:47","post_date_gmt":"2021-02-16 23:12:47","post_content":"<!-- wp:flatsome\/uxbuilder -->\n<h1 style=\"text-align: center\"><strong>\u0110inh T\u1ecb<\/strong><\/h1>\n[row]\n\n[col span=\"4\" span__sm=\"12\"]\n\n[ux_image id=\"1831\" image_size=\"medium\"]\n\n\n[\/col]\n[col span=\"8\" span__sm=\"12\"]\n\n<p><strong>\u0110inh T\u1ecb Books - Ti\u00ean phong s\u00e1ng t\u1ea1o<\/strong><\/p>\n<p>Th\u00e0nh l\u1eadp n\u0103m 2006, t\u1edbi nay \u0110inh T\u1ecb Books \u0111\u01b0\u1ee3c \u0111\u00e1nh gi\u1ea3 l\u00e0 \u0111\u01a1n v\u1ecb xu\u1ea5t b\u1ea3n uy t\u00edn c\u00f3 t\u1ed1c \u0111\u1ed9 ph\u00e1t tri\u1ec3n nhanh nh\u1ea5t g\u1eafn v\u1edbi th\u00e0nh c\u00f4ng c\u1ee7a hai t\u1ee7 s\u00e1ch l\u1edbn: T\u1ee7 s\u00e1ch Thi\u1ebfu nhi - T\u1ee7 s\u00e1ch V\u0103n h\u1ecdc. Trong \u0111\u00f3 ph\u1ea3i k\u1ec3 t\u1edbi b\u01b0\u1edbc chuy\u1ec3n m\u00ecnh \u0111\u1ea7y \u1ea5n t\u01b0\u1ee3ng, tr\u1edf th\u00e0nh \u0111\u01a1n v\u1ecb ti\u00ean phong s\u00e1ng t\u1ea1o d\u00f2ng S\u00c1CH T\u01af\u01a0NG T\u00c1C thi\u1ebfu nhi. V\u1edbi h\u01a1n 300 t\u1ef1a s\u00e1ch t\u01b0\u01a1ng t\u00e1c \u0111ang l\u01b0u h\u00e0nh, \u0110inh T\u1ecb Books \u0111\u00e3 mang \u0111\u1ebfn nh\u1eefng gi\u00e1 tr\u1ecb tr\u1ea3i nghi\u1ec7m tuy\u1ec7t v\u1eddi, \u0111\u01b0a vi\u1ec7c h\u1ecdc v\u00e0 ch\u01a1i c\u00f9ng s\u00e1ch tr\u1edf n\u00ean hi\u1ec7u qu\u1ea3 h\u01a1n, gi\u00fap tr\u1ebb th\u00f4ng minh, t\u0103ng tr\u01b0\u1edfng c\u00e1c ch\u1ec9 s\u1ed1 IQ, EQ.<\/p>\n<p><strong>Th\u1ebf m\u1ea1nh c\u1ee7a \u0110inh T\u1ecb Books<\/strong><\/p>\n<p>V\u1edbi kinh nghi\u1ec7m nhi\u1ec1u n\u0103m trong ng\u00e0nh xu\u1ea5t b\u1ea3n, \u0110inh T\u1ecb Books tin r\u1eb1ng c\u00e1c b\u1eadc cha m\u1eb9 lu\u00f4n d\u00e0nh nh\u1eefng \u0111i\u1ec1u t\u1ed1t \u0111\u1eb9p nh\u1ea5t cho c\u00e1c con c\u1ee7a m\u00ecnh. \u0110\u1ecdc s\u00e1ch c\u00f9ng con lu\u00f4n l\u00e0 l\u1ef1a ch\u1ecdn h\u00e0ng \u0111\u1ea7u gi\u00fap g\u1eafn k\u1ebft t\u00ecnh y\u00eau th\u01b0\u01a1ng \u0111\u1ed3ng th\u1eddi gi\u00fap con nu\u00f4i d\u01b0\u1ee1ng ni\u1ec1m \u0111am m\u00ea v\u1edbi s\u00e1ch.<\/p>\n\n[\/col]\n\n[\/row]\n<p><strong>T\u00ecnh y\u00eau l\u1edbn d\u00e0nh cho nh\u1eefng cu\u1ed1n s\u00e1ch.<\/strong><\/p>\n<p>Xu\u1ea5t ph\u00e1t t\u1eeb t\u00ecnh y\u00eau v\u1edbi nh\u1eefng cu\u1ed1n s\u00e1ch, l\u00f2ng t\u1eadn t\u00e2m mu\u1ed1n g\u00ecn gi\u1eef nh\u1eefng gi\u00e1 tr\u1ecb v\u0103n h\u00f3a truy\u1ec1n th\u1ed1ng c\u1ee7a Vi\u1ec7t Nam, mong mu\u1ed1n \u0111\u01b0a nh\u1eefng gi\u00e1 tr\u1ecb \u0111\u1eadm ch\u1ea5t Vi\u1ec7t Nam \u0111\u1ebfn v\u1edbi tr\u1ebb em Vi\u1ec7t, c\u00e1c th\u00e0nh vi\u00ean s\u00e1ng t\u1ea1o c\u1ee7a \u0110inh T\u1ecb Books \u0111\u00e3 kh\u00f4ng ng\u1eebng n\u1ed7 l\u1ef1c, t\u00ecm t\u00f2i v\u00e0 h\u1ecdc h\u1ecfi, \u0111\u1ec3 \u0111\u01b0a nh\u1eefng cu\u1ed1n s\u00e1ch \u201c100% made in Vietnam\u201d \u0111\u1ebfn v\u1edbi tr\u1ebb em Vi\u1ec7t. C\u00e1c ki\u1ebfn th\u1ee9c b\u1ed5 \u00edch \u0111\u01b0\u1ee3c truy\u1ec1n t\u1ea3i th\u00f4ng qua nh\u1eefng t\u01b0\u01a1ng t\u00e1c th\u00fa v\u1ecb gi\u00fap tr\u1ebb nh\u1edb l\u00e2u h\u01a1n, h\u1ecdc t\u1ed1t h\u01a1n.<\/p>\n<p>Nh\u1eadn ra \u0111\u01b0\u1ee3c s\u1ee9 m\u1ec7nh v\u00e0 t\u1ea7m nh\u00ecn c\u1ee7a \u0110inh T\u1ecb, <strong>SACHVIET.EU<\/strong> \u0111\u00e3 li\u00ean l\u1ea1c v\u1edbi \u0110inh T\u1ecb \u0111\u1ec3 \u0111\u01b0\u1ee3c h\u1ed7 tr\u1ee3 \u0111\u01b0a nh\u1eefng cu\u1ed1n s\u00e1ch mang gi\u00e1 tr\u1ecb \u0111\u1eadm ch\u1ea5t Vi\u1ec7t Nam \u0111\u1ebfn v\u1edbi tr\u1ebb em Vi\u1ec7t v\u00e0 c\u1ed9ng \u0111\u1ed3ng Vi\u1ec7t s\u1ed1ng t\u1ea1i Ch\u00e2u \u00c2u. SACHVIET.EU \u0111\u1eb7t l\u00f2ng tin \u1edf \u0110inh T\u1ecb s\u1ebd lu\u00f4n \u0111em \u0111\u1ebfn nh\u1eefng gi\u00e1 tr\u1ecb cao qua t\u1eebng trang s\u00e1ch v\u00e0 hy v\u1ecdng \u0111\u1ed9c gi\u1ea3 s\u1ebd lu\u00f4n h\u00e0i l\u00f2ng v\u1edbi ch\u1ea5t l\u01b0\u1ee3ng m\u00e0 \u0110inh T\u1ecb theo \u0111u\u1ed5i bao n\u0103m qua.<\/p>\n\n<!-- \/wp:flatsome\/uxbuilder -->","post_title":"\u0110inh T\u1ecb","post_excerpt":"","post_status":"publish","comment_status":"closed","ping_status":"closed","post_password":"","post_name":"dinh-ti","to_ping":"","pinged":"","post_modified":"2022-12-19 23:15:43","post_modified_gmt":"2022-12-19 21:15:43","post_content_filtered":"","post_parent":0,"guid":"https:\/\/sachviet.eu\/nha-phat-hanh\/dinh-ti\/","menu_order":0,"post_type":"publisher","post_mime_type":"","comment_count":"0","filter":"raw"}},"_links":{"self":[{"href":"https:\/\/sachviet.eu\/en\/wp-json\/wp\/v2\/product\/16993","targetHints":{"allow":["GET"]}}],"collection":[{"href":"https:\/\/sachviet.eu\/en\/wp-json\/wp\/v2\/product"}],"about":[{"href":"https:\/\/sachviet.eu\/en\/wp-json\/wp\/v2\/types\/product"}],"wp:featuredmedia":[{"embeddable":true,"href":"https:\/\/sachviet.eu\/en\/wp-json\/wp\/v2\/media\/16992"}],"wp:attachment":[{"href":"https:\/\/sachviet.eu\/en\/wp-json\/wp\/v2\/media?parent=16993"}],"wp:term":[{"taxonomy":"product_brand","embeddable":true,"href":"https:\/\/sachviet.eu\/en\/wp-json\/wp\/v2\/product_brand?post=16993"},{"taxonomy":"product_cat","embeddable":true,"href":"https:\/\/sachviet.eu\/en\/wp-json\/wp\/v2\/product_cat?post=16993"},{"taxonomy":"product_tag","embeddable":true,"href":"https:\/\/sachviet.eu\/en\/wp-json\/wp\/v2\/product_tag?post=16993"}],"curies":[{"name":"wp","href":"https:\/\/api.w.org\/{rel}","templated":true}]}}