{"id":16988,"date":"2022-02-03T23:13:01","date_gmt":"2022-02-03T21:13:01","guid":{"rendered":"https:\/\/sachviet.eu\/shop\/trieu-phu-khu-o-chuot\/"},"modified":"2024-08-14T21:40:00","modified_gmt":"2024-08-14T18:40:00","slug":"trieu-phu-khu-o-chuot","status":"publish","type":"product","link":"https:\/\/sachviet.eu\/en\/shop\/trieu-phu-khu-o-chuot\/","title":{"rendered":"Tri\u1ec7u ph\u00fa khu \u1ed5 chu\u1ed9t"},"content":{"rendered":"<p>Cu\u1ed1n s\u00e1ch \u201crung \u0111\u1ed9ng v\u00e0 h\u1ed7n lo\u1ea1n nh\u01b0 ch\u00ednh n\u01b0\u1edbc \u1ea4n \u0110\u1ed9 v\u1eady\u201d.<\/p>\n<p>S\u1ee9c h\u1ea5p d\u1eabn c\u1ee7a thi\u00ean  n\u00e0y \u1edf ch\u1ed7, n\u00f3 kh\u01a1i d\u1eady tr\u1eafc \u1ea9n trong m\u1ed7i con ng\u01b0\u1eddi, n\u00f3 \u0111\u01b0a \u0111\u1ed9c gi\u1ea3 qua ng\u00f5 ng\u00e1ch c\u1ee7a nh\u1eefng khu \u1ed5 chu\u1ed9t t\u1ed3i t\u00e0n, n\u00f3 k\u1ec3 l\u1ea1i c\u1ea3nh s\u1ed1ng kh\u1ed1n c\u00f9ng khi ng\u01b0\u1eddi ta \u0111\u00e1nh m\u1ea5t quy\u1ec1n \u0111\u01b0\u1ee3c t\u1ed3n t\u1ea1i nh\u01b0 m\u1ed9t con ng\u01b0\u1eddi, s\u1ed1ng trong s\u1ef1 ch\u1edd \u0111\u1ee3i m\u1ed9t chi\u1ebfc xe jeep c\u00f3 th\u1ec3 \u0111\u1ebfn \u0111\u01b0a m\u00ecnh \u0111i v\u00ec h\u00e0ng ng\u00e0n t\u1ed9i l\u1ed7i v\u00f4 c\u1edb.<\/p>\n<p>Trong b\u00f3ng t\u1ed1i c\u1ee7a x\u00e3 h\u1ed9i \u1ea4n \u0110\u1ed9 h\u1ed7n t\u1ea1p, b\u00f9ng nh\u00f9ng nh\u1eefng ngh\u00e8o \u0111\u00f3i, b\u1ec7nh t\u1eadt, nh\u00e0 th\u1ed5, gi\u1ebft thu\u00ea, mafia \u1ea5y, l\u1ea1i c\u00f3 ng\u01b0\u1eddi chi\u1ebfn th\u1eafng m\u1ed9t tr\u0103m tri\u1ec7u rupi trong m\u1ed9t ch\u01b0\u01a1ng tr\u00ecnh truy\u1ec1n h\u00ecnh n\u1ed5i ti\u1ebfng \u201cAi l\u00e0 tri\u1ec7u ph\u00fa\u201d: m\u1ed9t anh b\u1ed3i b\u00e0n. Ram Mohammad Thomas, c\u00e1i t\u00ean mang trong m\u00ecnh nhi\u1ec1u t\u00f4n gi\u00e1o, ph\u1ee9c t\u1ea1p nh\u01b0 ch\u00ednh nh\u1eefng bi\u1ebfn c\u1ed1 trong cu\u1ed9c \u0111\u1eddi m\u00ecnh, \u0111\u00e3 b\u1ecb b\u1eaft ngay sau khi gi\u00e0nh \u0111\u01b0\u1ee3c gi\u1ea3i th\u01b0\u1edfng l\u1edbn. Ng\u01b0\u1eddi ta kh\u00f4ng tin k\u1ebb xu\u1ea5t th\u00e2n ngh\u00e8o h\u00e8n c\u00f3 th\u1ec3 l\u00e0m \u0111\u01b0\u1ee3c \u0111i\u1ec1u k\u1ef3 di\u1ec7u \u0111\u1ebfn th\u1ebf. Th\u1ef1c ch\u1ea5t, ng\u01b0\u1eddi ta kh\u00f4ng mu\u1ed1n chi tr\u1ea3 cho anh m\u1ed9t kho\u1ea3n ti\u1ec1n kh\u1ed5ng l\u1ed3 nh\u01b0 v\u1eady, ng\u01b0\u1eddi ta, bao g\u1ed3m c\u1ea3 c\u1ea3nh s\u00e1t &#8211; ng\u01b0\u1eddi ch\u1ea5p ph\u00e1p, ng\u01b0\u1eddi thi h\u00e0nh c\u00f4ng l\u00fd, \u0111\u00e3 tra t\u1ea5n k\u1ebb chi\u1ebfn th\u1eafng c\u00f9ng kh\u1ed5, ch\u1ec9 \u0111\u1ec3 anh n\u00f3i r\u1eb1ng: \u201cT\u00f4i \u0111\u00e3 gian l\u1eadn\u201d. C\u00e2u chuy\u1ec7n s\u1ebd k\u1ebft th\u00fac n\u1ebfu kh\u00f4ng c\u00f3 s\u1ef1 xu\u1ea5t hi\u1ec7n c\u1ee7a m\u1ed9t n\u1eef lu\u1eadt s\u01b0 tr\u1ebb, t\u1ea1m th\u1eddi gi\u1ea3i c\u1ee9u v\u00e0 t\u00ecnh nguy\u1ec7n l\u00e0m ng\u01b0\u1eddi l\u00e0m ch\u1ee9ng cho c\u00e2u chuy\u1ec7n th\u1eadt c\u1ee7a c\u1eadu.<\/p>\n<p>Tri\u1ec7u ph\u00fa khu \u1ed5 chu\u1ed9t t\u1eeb \u0111\u1ea7u \u0111\u1ebfn cu\u1ed1i trung th\u00e0nh v\u1edbi m\u1ea1ch t\u1ef1 s\u1ef1 ng\u00f4i th\u1ee9 nh\u1ea5t, v\u1edbi c\u00e1ch s\u1eafp x\u1ebfp \u0111\u1ea3o chi\u1ec1u th\u1eddi gian \u0111\u1ec3 ph\u00f9 h\u1ee3p v\u1edbi m\u1ea1ch k\u1ebft n\u1ed1i l\u00e0 12 c\u00e2u h\u1ecfi c\u1ee7a tr\u00f2 ch\u01a1i. C\u00e2u chuy\u1ec7n kh\u00f4ng c\u00f3 t\u00ednh tr\u00f2 ch\u01a1i, n\u00f3 ch\u1ec9 m\u01b0\u1ee3n h\u00ecnh th\u1ee9c tr\u00f2 ch\u01a1i \u0111\u1ec3 di\u1ec5n t\u1ea3 nh\u1eefng \u0111i\u1ec1u r\u1ea5t \u0111\u1eddi, c\u0169ng nh\u01b0 n\u00f3 vay m\u01b0\u1ee3n m\u1ed9t c\u00e2u chuy\u1ec7n c\u00f3 th\u1ef1c v\u1ec1 ng\u01b0\u1eddi chi\u1ebfn th\u1eafng m\u1ed9t tri\u1ec7u rupi trong l\u1ecbch s\u1eed \u1ea4n \u0110\u1ed9 \u0111\u1ec3 n\u00f3i v\u1ec1 m\u1ed9t c\u00e2u chuy\u1ec7n c\u00f2n th\u1ef1c h\u01a1n c\u1ea3 s\u1ef1 th\u1ef1c. M\u1ed7i tr\u1ea3i nghi\u1ec7m trong cu\u1ed9c s\u1ed1ng c\u1ee7a Thomas l\u00e0 l\u1eddi gi\u1ea3i cho m\u1ed9t c\u00e2u h\u1ecfi trong cu\u1ed9c ch\u01a1i.<\/p>\n<p>Trong chu\u1ed7i h\u1ed3i t\u01b0\u1edfng \u1ea5y, ng\u01b0\u1eddi \u0111\u1ecdc b\u1eaft g\u1eb7p nh\u1eefng h\u00ecnh \u1ea3nh tr\u1ebb th\u01a1 thi\u00ean th\u1ea7n xu\u1ea5t th\u00e2n t\u1eeb b\u00f9n l\u1ea7y c\u1ee7a x\u00e3 h\u1ed9i: C\u1eadu b\u00e9 Ian &#8211; con trai b\u1ea5t h\u1ea1nh c\u1ee7a m\u1ee5c s\u01b0 Timothy, c\u00f4 b\u00e9 Gudya b\u1ecb ch\u00ednh cha m\u00ecnh l\u1ee3i d\u1ee5ng, Salim v\u1edbi \u01b0\u1edbc m\u01a1 tr\u1edf th\u00e0nh m\u1ed9t di\u1ec5n vi\u00ean n\u1ed5i ti\u1ebfng, \u0111\u00e3 ph\u1ea3i \u0111\u1ed1i m\u1eb7t v\u1edbi c\u00fa s\u1ed1c l\u1edbn nh\u1ea5t \u0111\u1eddi m\u00ecnh khi b\u1ecb th\u1ea7n t\u01b0\u1ee3ng \u0111\u1ed3ng t\u00ednh luy\u1ebfn \u00e1i gi\u1edf tr\u00f2 trong r\u1ea1p chi\u1ebfu Nh\u1eefng s\u1ed1 ph\u1eadn \u1ea5y b\u1ecb v\u00f9i \u0111i trong l\u1edbp b\u1ee5i c\u1ee7a l\u1ea7m than, trong v\u00e1ng d\u1ea7u nh\u01a1 b\u1ea9n c\u1ee7a x\u00e3 h\u1ed9i, m\u00e0 \u1edf \u0111\u00f3: k\u1ebb c\u00f3 ti\u1ec1n l\u00e0 ng\u01b0\u1eddi l\u00e0m ch\u1ee7 v\u1eadn m\u1ec7nh. T\u1ea5t c\u1ea3 d\u1ef1ng n\u00ean m\u1ed9t g\u00f3c nh\u00ecn x\u00e3 h\u1ed9i v\u1eeba bi \u0111\u00e1t, v\u1eeba h\u00e0i h\u01b0\u1edbc, v\u1eeba hi\u1ec3n nhi\u00ean, v\u1eeba c\u0103m ph\u1eabn v\u00e0 chua ch\u00e1t \u0111\u1ebfn c\u00f9ng c\u1ef1c.<\/p>\n<p>M\u1ed7i ch\u01b0\u01a1ng truy\u1ec7n l\u00e0 m\u1ed9t cu\u1ed9c phi\u00eau l\u01b0u, b\u1eb1ng c\u00e1ch k\u1ec3 nh\u1ea9n nha, chi ti\u1ebft, \u00edt b\u00e0y t\u1ecf x\u00fac c\u1ea3m tr\u1ef1c ti\u1ebfp, Thomas ch\u1eadm r\u00e3i tua l\u1ea1i cu\u1ed1n b\u0103ng c\u1ee7a cu\u1ed9c \u0111\u1eddi m\u00ecnh \u0111\u1ec3 r\u1ed3i vi\u1ebft l\u00ean b\u00e0i ca c\u1ee7a n\u1ed7i th\u1ed1ng kh\u1ed5 v\u00e0 l\u00f2ng nh\u00e2n \u00e1i. C\u00e1i g\u1ecdi l\u00e0 \u0111\u1ed3ng xu may m\u1eafn th\u1ef1c ra c\u1ea3 2 m\u1eb7t \u0111\u1ec1u ng\u1eeda, c\u00e1i g\u1ecdi l\u00e0 ch\u1edbp l\u1ea5y may m\u1eafn th\u1ef1c ra \u0111\u1ec1u do con ng\u01b0\u1eddi ch\u1ee7 \u0111\u00edch t\u1ea1o n\u00ean, c\u00e1i g\u1ecdi l\u00e0 l\u00f2ng nh\u00e2n \u00e1i th\u1ef1c s\u1ef1 \u1ea9n s\u00e2u trong nh\u1eefng c\u1eed ch\u1ec9 cao \u0111\u1eb9p nh\u1ea5t gi\u1eefa ng\u01b0\u1eddi v\u1edbi ng\u01b0\u1eddi, cho d\u00f9, h\u1ecd l\u00e0 nh\u1eefng ng\u01b0\u1eddi t\u1ed3n t\u1ea1i b\u1ea5t h\u1ee3p ph\u00e1p trong cu\u1ed9c \u0111\u1eddi m\u00ecnh. H\u00ecnh \u1ea3nh Thomas \u0111\u1ea5u tranh \u0111\u1ebfn ph\u00fat cu\u1ed1i cho m\u1ea1ng s\u1ed1ng c\u1ee7a Shankar \u0111ang b\u1ecb b\u1ec7nh d\u1ea1i h\u00e0nh h\u1ea1, nh\u1eefng c\u00e2u n\u00f3i tr\u00f4i ch\u1ea3y nh\u1ea5t trong cu\u1ed9c \u0111\u1eddi c\u1ee7a m\u1ed9t ho\u00e0ng t\u1eed b\u1ecb b\u1ecf qu\u00ean l\u00e0 v\u1ec1 ch\u00ednh ng\u01b0\u1eddi m\u1eb9 &#8211; b\u00e0 ho\u00e0ng \u0111\u00e3 c\u1ed1 t\u00ecnh qu\u00ean \u0111i s\u1ef1 t\u1ed3n t\u1ea1i c\u1ee7a c\u1eadu; Thomas, ng\u01b0\u1eddi kh\u00f4ng ng\u1edbt b\u1ecb \u00e1m \u1ea3nh ph\u1ea3i ki\u1ebfm b\u1eb1ng m\u1ecdi gi\u00e1 s\u1ed1 ti\u1ec1n 400.000 rupi l\u1ea1i d\u1ec5 d\u00e0ng cho m\u1ed9t ng\u01b0\u1eddi kh\u00f4ng quen to\u00e0n b\u1ed9 s\u1ed1 ti\u1ec1n \u1ea5y \u0111\u1ec3 \u00f4ng ta mua thu\u1ed1c cho con trai b\u1ecb b\u1ec7nh d\u1ea1i; Thomas, con ng\u01b0\u1eddi s\u1eb5n s\u00e0ng \u0111\u00e1nh \u0111\u1ed5i c\u1ea3 m\u1ea1ng s\u1ed1ng c\u1ee7a m\u00ecnh \u0111\u1ec3 tr\u1ea3 th\u00f9 cho ng\u01b0\u1eddi y\u00eau b\u1ecb Prem Kumar d\u00e0y v\u00f2, c\u0169ng v\u00f4 t\u01b0 nh\u01b0 khi anh t\u1eebng nhi\u1ec1u l\u1ea7n qu\u00ean m\u00ecnh v\u00ec nh\u1eefng ng\u01b0\u1eddi c\u00f9ng c\u1ea3nh ng\u1ed9 kh\u00e1c.<\/p>\n<p>M\u1ed9t anh b\u1ed3i b\u00e0n \u1edf d\u01b0\u1edbi \u0111\u00e1y x\u00e3 h\u1ed9i, kh\u00f4ng gia \u0111\u00ecnh, kh\u00f4ng m\u01a1 \u01b0\u1edbc, li\u1ec7u c\u00f3 th\u1ec3 tr\u1edf th\u00e0nh tri\u1ec7u ph\u00fa? Cu\u1ed9c \u0111\u1eddi c\u00f3 t\u1ed3n t\u1ea1i may m\u1eafn? \u0110i\u1ec1u g\u00ec s\u1ebd chi\u1ebfn th\u1eafng sau c\u00f9ng: quy\u1ec1n l\u1ef1c hay l\u00f2ng nh\u00e2n \u00e1i? Tri\u1ec7u ph\u00fa khu \u1ed5 chu\u1ed9t s\u1ebd gi\u1ea3i \u0111\u00e1p t\u1ea5t c\u1ea3 c\u00e2u h\u1ecfi \u0111\u00f3 c\u1ee7a b\u1ea1n c\u0169ng nh\u01b0 n\u00f3 t\u1eebng l\u00e0m v\u1edbi h\u00e0ng tri\u1ec7u \u0111\u1ed9c gi\u1ea3 tr\u00ean th\u1ebf gi\u1edbi, l\u1ea5y \u0111i n\u01b0\u1edbc m\u1eaft c\u1ee7a h\u1ecd v\u00e0 mang l\u1ea1i cho h\u1ecd ni\u1ec1m tin v\u00e0o cu\u1ed9c \u0111\u1eddi. V\u00ec Vikas Swarup \u0111\u00e2u ch\u1ec9 vi\u1ebft b\u1eb1ng ng\u00f4n ng\u1eef \u1ea4n \u0110\u1ed9, \u00f4ng \u0111\u00e3 vi\u1ebft chuy\u1ec7n \u0111\u1eddi Thomas b\u1eb1ng th\u1ee9 ti\u1ebfng c\u1ee7a chung c\u1ee7a lo\u00e0i ng\u01b0\u1eddi.<\/p>\n","protected":false},"excerpt":{"rendered":"<p>Cu\u1ed1n s\u00e1ch \u201crung \u0111\u1ed9ng v\u00e0 h\u1ed7n lo\u1ea1n nh\u01b0 ch\u00ednh n\u01b0\u1edbc \u1ea4n \u0110\u1ed9 v\u1eady\u201d.<\/p>\n<p>S\u1ee9c h\u1ea5p d\u1eabn c\u1ee7a thi\u00ean  n\u00e0y \u1edf ch\u1ed7, n\u00f3 kh\u01a1i d\u1eady tr\u1eafc \u1ea9n trong m\u1ed7i con ng\u01b0\u1eddi, n\u00f3 \u0111\u01b0a \u0111\u1ed9c gi\u1ea3 qua ng\u00f5 ng\u00e1ch c\u1ee7a nh\u1eefng khu \u1ed5 chu\u1ed9t t\u1ed3i t\u00e0n, n\u00f3 k\u1ec3 l\u1ea1i c\u1ea3nh s\u1ed1ng kh\u1ed1n c\u00f9ng khi ng\u01b0\u1eddi ta \u0111\u00e1nh m\u1ea5t quy\u1ec1n \u0111\u01b0\u1ee3c t\u1ed3n t\u1ea1i nh\u01b0 m\u1ed9t con ng\u01b0\u1eddi, s\u1ed1ng trong s\u1ef1 ch\u1edd \u0111\u1ee3i m\u1ed9t chi\u1ebfc xe jeep c\u00f3 th\u1ec3 \u0111\u1ebfn \u0111\u01b0a m\u00ecnh \u0111i v\u00ec h\u00e0ng ng\u00e0n t\u1ed9i l\u1ed7i v\u00f4 c\u1edb.<\/p>\n<p>Trong b\u00f3ng t\u1ed1i c\u1ee7a x\u00e3 h\u1ed9i \u1ea4n \u0110\u1ed9 h\u1ed7n t\u1ea1p, b\u00f9ng nh\u00f9ng nh\u1eefng ngh\u00e8o \u0111\u00f3i, b\u1ec7nh t\u1eadt, nh\u00e0 th\u1ed5, gi\u1ebft thu\u00ea, mafia \u1ea5y, l\u1ea1i c\u00f3 ng\u01b0\u1eddi chi\u1ebfn th\u1eafng m\u1ed9t tr\u0103m tri\u1ec7u rupi trong m\u1ed9t ch\u01b0\u01a1ng tr\u00ecnh truy\u1ec1n h\u00ecnh n\u1ed5i ti\u1ebfng \u201cAi l\u00e0 tri\u1ec7u ph\u00fa\u201d: m\u1ed9t anh b\u1ed3i b\u00e0n. Ram Mohammad Thomas, c\u00e1i t\u00ean mang trong m\u00ecnh nhi\u1ec1u t\u00f4n gi\u00e1o, ph\u1ee9c t\u1ea1p nh\u01b0 ch\u00ednh nh\u1eefng bi\u1ebfn c\u1ed1 trong cu\u1ed9c \u0111\u1eddi m\u00ecnh, \u0111\u00e3 b\u1ecb b\u1eaft ngay sau khi gi\u00e0nh \u0111\u01b0\u1ee3c gi\u1ea3i th\u01b0\u1edfng l\u1edbn. Ng\u01b0\u1eddi ta kh\u00f4ng tin k\u1ebb xu\u1ea5t th\u00e2n ngh\u00e8o h\u00e8n c\u00f3 th\u1ec3 l\u00e0m \u0111\u01b0\u1ee3c \u0111i\u1ec1u k\u1ef3 di\u1ec7u \u0111\u1ebfn th\u1ebf. Th\u1ef1c ch\u1ea5t, ng\u01b0\u1eddi ta kh\u00f4ng mu\u1ed1n chi tr\u1ea3 cho anh m\u1ed9t kho\u1ea3n ti\u1ec1n kh\u1ed5ng l\u1ed3 nh\u01b0 v\u1eady, ng\u01b0\u1eddi ta, bao g\u1ed3m c\u1ea3 c\u1ea3nh s\u00e1t &#8211; ng\u01b0\u1eddi ch\u1ea5p ph\u00e1p, ng\u01b0\u1eddi thi h\u00e0nh c\u00f4ng l\u00fd, \u0111\u00e3 tra t\u1ea5n k\u1ebb chi\u1ebfn th\u1eafng c\u00f9ng kh\u1ed5, ch\u1ec9 \u0111\u1ec3 anh n\u00f3i r\u1eb1ng: \u201cT\u00f4i \u0111\u00e3 gian l\u1eadn\u201d. C\u00e2u chuy\u1ec7n s\u1ebd k\u1ebft th\u00fac n\u1ebfu kh\u00f4ng c\u00f3 s\u1ef1 xu\u1ea5t hi\u1ec7n c\u1ee7a m\u1ed9t n\u1eef lu\u1eadt s\u01b0 tr\u1ebb, t\u1ea1m th\u1eddi gi\u1ea3i c\u1ee9u v\u00e0 t\u00ecnh nguy\u1ec7n l\u00e0m ng\u01b0\u1eddi l\u00e0m ch\u1ee9ng cho c\u00e2u chuy\u1ec7n th\u1eadt c\u1ee7a c\u1eadu.<\/p>\n<p>Tri\u1ec7u ph\u00fa khu \u1ed5 chu\u1ed9t t\u1eeb \u0111\u1ea7u \u0111\u1ebfn cu\u1ed1i trung th\u00e0nh v\u1edbi m\u1ea1ch t\u1ef1 s\u1ef1 ng\u00f4i th\u1ee9 nh\u1ea5t, v\u1edbi c\u00e1ch s\u1eafp x\u1ebfp \u0111\u1ea3o chi\u1ec1u th\u1eddi gian \u0111\u1ec3 ph\u00f9 h\u1ee3p v\u1edbi m\u1ea1ch k\u1ebft n\u1ed1i l\u00e0 12 c\u00e2u h\u1ecfi c\u1ee7a tr\u00f2 ch\u01a1i. C\u00e2u chuy\u1ec7n kh\u00f4ng c\u00f3 t\u00ednh tr\u00f2 ch\u01a1i, n\u00f3 ch\u1ec9 m\u01b0\u1ee3n h\u00ecnh th\u1ee9c tr\u00f2 ch\u01a1i \u0111\u1ec3 di\u1ec5n t\u1ea3 nh\u1eefng \u0111i\u1ec1u r\u1ea5t \u0111\u1eddi, c\u0169ng nh\u01b0 n\u00f3 vay m\u01b0\u1ee3n m\u1ed9t c\u00e2u chuy\u1ec7n c\u00f3 th\u1ef1c v\u1ec1 ng\u01b0\u1eddi chi\u1ebfn th\u1eafng m\u1ed9t tri\u1ec7u rupi trong l\u1ecbch s\u1eed \u1ea4n \u0110\u1ed9 \u0111\u1ec3 n\u00f3i v\u1ec1 m\u1ed9t c\u00e2u chuy\u1ec7n c\u00f2n th\u1ef1c h\u01a1n c\u1ea3 s\u1ef1 th\u1ef1c. M\u1ed7i tr\u1ea3i nghi\u1ec7m trong cu\u1ed9c s\u1ed1ng c\u1ee7a Thomas l\u00e0 l\u1eddi gi\u1ea3i cho m\u1ed9t c\u00e2u h\u1ecfi trong cu\u1ed9c ch\u01a1i.<\/p>\n<p>Trong chu\u1ed7i h\u1ed3i t\u01b0\u1edfng \u1ea5y, ng\u01b0\u1eddi \u0111\u1ecdc b\u1eaft g\u1eb7p nh\u1eefng h\u00ecnh \u1ea3nh tr\u1ebb th\u01a1 thi\u00ean th\u1ea7n xu\u1ea5t th\u00e2n t\u1eeb b\u00f9n l\u1ea7y c\u1ee7a x\u00e3 h\u1ed9i: C\u1eadu b\u00e9 Ian &#8211; con trai b\u1ea5t h\u1ea1nh c\u1ee7a m\u1ee5c s\u01b0 Timothy, c\u00f4 b\u00e9 Gudya b\u1ecb ch\u00ednh cha m\u00ecnh l\u1ee3i d\u1ee5ng, Salim v\u1edbi \u01b0\u1edbc m\u01a1 tr\u1edf th\u00e0nh m\u1ed9t di\u1ec5n vi\u00ean n\u1ed5i ti\u1ebfng, \u0111\u00e3 ph\u1ea3i \u0111\u1ed1i m\u1eb7t v\u1edbi c\u00fa s\u1ed1c l\u1edbn nh\u1ea5t \u0111\u1eddi m\u00ecnh khi b\u1ecb th\u1ea7n t\u01b0\u1ee3ng \u0111\u1ed3ng t\u00ednh luy\u1ebfn \u00e1i gi\u1edf tr\u00f2 trong r\u1ea1p chi\u1ebfu Nh\u1eefng s\u1ed1 ph\u1eadn \u1ea5y b\u1ecb v\u00f9i \u0111i trong l\u1edbp b\u1ee5i c\u1ee7a l\u1ea7m than, trong v\u00e1ng d\u1ea7u nh\u01a1 b\u1ea9n c\u1ee7a x\u00e3 h\u1ed9i, m\u00e0 \u1edf \u0111\u00f3: k\u1ebb c\u00f3 ti\u1ec1n l\u00e0 ng\u01b0\u1eddi l\u00e0m ch\u1ee7 v\u1eadn m\u1ec7nh. T\u1ea5t c\u1ea3 d\u1ef1ng n\u00ean m\u1ed9t g\u00f3c nh\u00ecn x\u00e3 h\u1ed9i v\u1eeba bi \u0111\u00e1t, v\u1eeba h\u00e0i h\u01b0\u1edbc, v\u1eeba hi\u1ec3n nhi\u00ean, v\u1eeba c\u0103m ph\u1eabn v\u00e0 chua ch\u00e1t \u0111\u1ebfn c\u00f9ng c\u1ef1c.<\/p>\n<p>M\u1ed7i ch\u01b0\u01a1ng truy\u1ec7n l\u00e0 m\u1ed9t cu\u1ed9c phi\u00eau l\u01b0u, b\u1eb1ng c\u00e1ch k\u1ec3 nh\u1ea9n nha, chi ti\u1ebft, \u00edt b\u00e0y t\u1ecf x\u00fac c\u1ea3m tr\u1ef1c ti\u1ebfp, Thomas ch\u1eadm r\u00e3i tua l\u1ea1i cu\u1ed1n b\u0103ng c\u1ee7a cu\u1ed9c \u0111\u1eddi m\u00ecnh \u0111\u1ec3 r\u1ed3i vi\u1ebft l\u00ean b\u00e0i ca c\u1ee7a n\u1ed7i th\u1ed1ng kh\u1ed5 v\u00e0 l\u00f2ng nh\u00e2n \u00e1i. C\u00e1i g\u1ecdi l\u00e0 \u0111\u1ed3ng xu may m\u1eafn th\u1ef1c ra c\u1ea3 2 m\u1eb7t \u0111\u1ec1u ng\u1eeda, c\u00e1i g\u1ecdi l\u00e0 ch\u1edbp l\u1ea5y may m\u1eafn th\u1ef1c ra \u0111\u1ec1u do con ng\u01b0\u1eddi ch\u1ee7 \u0111\u00edch t\u1ea1o n\u00ean, c\u00e1i g\u1ecdi l\u00e0 l\u00f2ng nh\u00e2n \u00e1i th\u1ef1c s\u1ef1 \u1ea9n s\u00e2u trong nh\u1eefng c\u1eed ch\u1ec9 cao \u0111\u1eb9p nh\u1ea5t gi\u1eefa ng\u01b0\u1eddi v\u1edbi ng\u01b0\u1eddi, cho d\u00f9, h\u1ecd l\u00e0 nh\u1eefng ng\u01b0\u1eddi t\u1ed3n t\u1ea1i b\u1ea5t h\u1ee3p ph\u00e1p trong cu\u1ed9c \u0111\u1eddi m\u00ecnh. H\u00ecnh \u1ea3nh Thomas \u0111\u1ea5u tranh \u0111\u1ebfn ph\u00fat cu\u1ed1i cho m\u1ea1ng s\u1ed1ng c\u1ee7a Shankar \u0111ang b\u1ecb b\u1ec7nh d\u1ea1i h\u00e0nh h\u1ea1, nh\u1eefng c\u00e2u n\u00f3i tr\u00f4i ch\u1ea3y nh\u1ea5t trong cu\u1ed9c \u0111\u1eddi c\u1ee7a m\u1ed9t ho\u00e0ng t\u1eed b\u1ecb b\u1ecf qu\u00ean l\u00e0 v\u1ec1 ch\u00ednh ng\u01b0\u1eddi m\u1eb9 &#8211; b\u00e0 ho\u00e0ng \u0111\u00e3 c\u1ed1 t\u00ecnh qu\u00ean \u0111i s\u1ef1 t\u1ed3n t\u1ea1i c\u1ee7a c\u1eadu; Thomas, ng\u01b0\u1eddi kh\u00f4ng ng\u1edbt b\u1ecb \u00e1m \u1ea3nh ph\u1ea3i ki\u1ebfm b\u1eb1ng m\u1ecdi gi\u00e1 s\u1ed1 ti\u1ec1n 400.000 rupi l\u1ea1i d\u1ec5 d\u00e0ng cho m\u1ed9t ng\u01b0\u1eddi kh\u00f4ng quen to\u00e0n b\u1ed9 s\u1ed1 ti\u1ec1n \u1ea5y \u0111\u1ec3 \u00f4ng ta mua thu\u1ed1c cho con trai b\u1ecb b\u1ec7nh d\u1ea1i; Thomas, con ng\u01b0\u1eddi s\u1eb5n s\u00e0ng \u0111\u00e1nh \u0111\u1ed5i c\u1ea3 m\u1ea1ng s\u1ed1ng c\u1ee7a m\u00ecnh \u0111\u1ec3 tr\u1ea3 th\u00f9 cho ng\u01b0\u1eddi y\u00eau b\u1ecb Prem Kumar d\u00e0y v\u00f2, c\u0169ng v\u00f4 t\u01b0 nh\u01b0 khi anh t\u1eebng nhi\u1ec1u l\u1ea7n qu\u00ean m\u00ecnh v\u00ec nh\u1eefng ng\u01b0\u1eddi c\u00f9ng c\u1ea3nh ng\u1ed9 kh\u00e1c.<\/p>\n<p>M\u1ed9t anh b\u1ed3i b\u00e0n \u1edf d\u01b0\u1edbi \u0111\u00e1y x\u00e3 h\u1ed9i, kh\u00f4ng gia \u0111\u00ecnh, kh\u00f4ng m\u01a1 \u01b0\u1edbc, li\u1ec7u c\u00f3 th\u1ec3 tr\u1edf th\u00e0nh tri\u1ec7u ph\u00fa? Cu\u1ed9c \u0111\u1eddi c\u00f3 t\u1ed3n t\u1ea1i may m\u1eafn? \u0110i\u1ec1u g\u00ec s\u1ebd chi\u1ebfn th\u1eafng sau c\u00f9ng: quy\u1ec1n l\u1ef1c hay l\u00f2ng nh\u00e2n \u00e1i? Tri\u1ec7u ph\u00fa khu \u1ed5 chu\u1ed9t s\u1ebd gi\u1ea3i \u0111\u00e1p t\u1ea5t c\u1ea3 c\u00e2u h\u1ecfi \u0111\u00f3 c\u1ee7a b\u1ea1n c\u0169ng nh\u01b0 n\u00f3 t\u1eebng l\u00e0m v\u1edbi h\u00e0ng tri\u1ec7u \u0111\u1ed9c gi\u1ea3 tr\u00ean th\u1ebf gi\u1edbi, l\u1ea5y \u0111i n\u01b0\u1edbc m\u1eaft c\u1ee7a h\u1ecd v\u00e0 mang l\u1ea1i cho h\u1ecd ni\u1ec1m tin v\u00e0o cu\u1ed9c \u0111\u1eddi. V\u00ec Vikas Swarup \u0111\u00e2u ch\u1ec9 vi\u1ebft b\u1eb1ng ng\u00f4n ng\u1eef \u1ea4n \u0110\u1ed9, \u00f4ng \u0111\u00e3 vi\u1ebft chuy\u1ec7n \u0111\u1eddi Thomas b\u1eb1ng th\u1ee9 ti\u1ebfng c\u1ee7a chung c\u1ee7a lo\u00e0i ng\u01b0\u1eddi.<\/p>\n","protected":false},"featured_media":16987,"template":"","meta":{"_acf_changed":false},"product_brand":[],"product_cat":[15,45],"product_tag":[],"class_list":{"0":"post-16988","1":"product","2":"type-product","3":"status-publish","4":"has-post-thumbnail","6":"product_cat-sach-danh-cho-nguoi-lon","7":"product_cat-tieu-thuyet","9":"first","10":"outofstock","11":"taxable","12":"shipping-taxable","13":"purchasable","14":"product-type-simple"},"supplier_id":null,"supplier_sku":"","barcode":null,"atum_controlled":true,"out_stock_date":"2024-08-14 18:40:00","out_stock_threshold":null,"inheritable":false,"inbound_stock":0,"stock_on_hold":0,"sold_today":0,"sales_last_days":0,"reserved_stock":0,"customer_returns":0,"warehouse_damage":0,"lost_in_post":0,"other_logs":0,"out_stock_days":532,"lost_sales":0,"has_location":false,"update_date":"2026-01-28T23:11:21","atum_locations":[],"atum_stock_status":"outofstock","restock_status":false,"low_stock_amount":"","sales_update_date":"2026-01-28T23:11:21","calc_backorders":null,"acf":{"publisher":{"ID":1424,"post_author":"1","post_date":"2021-02-17 00:02:29","post_date_gmt":"2021-02-16 22:02:29","post_content":"<!-- wp:flatsome\/uxbuilder -->\n<h1 style=\"text-align: center\"><strong>Nh\u00e3 Nam<\/strong><\/h1>\n[row]\n\n[col span=\"6\" span__sm=\"12\"]\n\n[ux_image id=\"1438\" image_size=\"medium\"]\n\n\n[\/col]\n[col span=\"6\" span__sm=\"12\"]\n\n<p><strong>C\u00f4ng ty c\u1ed5 ph\u1ea7n V\u0103n h\u00f3a v\u00e0 Truy\u1ec1n th\u00f4ng Nh\u00e3 Nam<\/strong><\/p>\n<p>Th\u00e1ng 2 n\u0103m 2005, Nh\u00e3 Nam, t\u00ean \u0111\u1ea7y \u0111\u1ee7 l\u00e0 C\u00f4ng ty C\u1ed5 ph\u1ea7n V\u0103n h\u00f3a v\u00e0 Truy\u1ec1n th\u00f4ng Nh\u00e3 Nam \u0111\u00e3 gia nh\u1eadp th\u1ecb tr\u01b0\u1eddng s\u00e1ch. T\u00e1c ph\u1ea9m \"Balzac v\u00e0 c\u00f4 b\u00e9 th\u1ee3 may Trung hoa\" c\u1ee7a \u0110\u1edbi T\u01b0 Ki\u1ec7t l\u00e0 cu\u1ed1n s\u00e1ch \u0111\u1ea7u ti\u00ean \u0111\u01b0\u1ee3c nh\u1eefng ng\u01b0\u1eddi s\u00e1ng l\u1eadp Nh\u00e3 Nam xu\u1ea5t b\u1ea3n c\u1ea3 tr\u01b0\u1edbc khi c\u00f4ng ty ra \u0111\u1eddi. Ngay l\u1eadp t\u1ee9c t\u1eeb cu\u1ed1n s\u00e1ch \u0111\u1ea7u ti\u00ean, \u0111\u1ed9c gi\u1ea3 \u0111\u00e3 d\u00e0nh s\u1ef1 quan t\u00e2m v\u00e0 y\u00eau m\u1ebfn cho m\u1ed9t th\u01b0\u01a1ng hi\u1ec7u s\u00e1ch m\u1edbi m\u1ebb mang trong m\u00ecnh kh\u00e1t v\u1ecdng g\u00f3p ph\u1ea7n t\u1ea1o l\u1eadp di\u1ec7n m\u1ea1o m\u1edbi cho xu\u1ea5t b\u1ea3n v\u0103n h\u1ecdc t\u1ea1i Vi\u1ec7t Nam.<\/p>\n<p>L\u00f2ng say m\u00ea c\u1ee7a \u0111\u1ed9i ng\u0169 l\u00e0 vi\u00ean \u0111\u00e1 \u0111\u1ea7u ti\u00ean. Tr\u1ea3i qua m\u1ea5y n\u0103m ph\u00e1t tri\u1ec3n, Nh\u00e3 Nam \u0111\u00e3 \u0111\u01b0\u1ee3c x\u00e2y d\u1ef1ng d\u1ea7n l\u00ean trong di\u1ec7n m\u1ea1o m\u1ed9t nh\u00e0 xu\u1ea5t b\u1ea3n v\u1eefng ch\u00e3i v\u00e0 chuy\u00ean nghi\u1ec7p. S\u00e1u th\u00e1ng sau khi th\u00e0nh l\u1eadp c\u00f4ng ty, Nh\u1eadt k\u00fd \u0110\u1eb7ng Th\u00f9y Tr\u00e2m ra \u0111\u1eddi, t\u1ea1o n\u00ean m\u1ed9t c\u01a1n s\u1ed1t trong x\u00e3 h\u1ed9i, v\u1edbi g\u1ea7n 500,000 b\u1ea3n s\u00e1ch \u0111\u01b0\u1ee3c ph\u00e1t h\u00e0nh, ph\u00e1 m\u1ecdi k\u1ef7 l\u1ee5c v\u1ec1 xu\u1ea5t b\u1ea3n tr\u01b0\u1edbc \u0111\u00f3, k\u00e9o theo m\u1ed9t lo\u1ea1t nh\u1eefng hi\u1ec7u \u1ee9ng x\u00e3 h\u1ed9i v\u00e0 d\u01b0 lu\u1eadn c\u00f3 \u00fd ngh\u0129a. T\u1eeb \u0111\u00f3 tr\u1edf \u0111i, th\u00f4ng qua Nh\u00e3 Nam, c\u00e1c cu\u1ed1n s\u00e1ch v\u0103n h\u1ecdc n\u01b0\u1edbc ngo\u00e0i c\u00f3 gi\u00e1 tr\u1ecb \u0111\u01b0\u1ee3c li\u00ean t\u1ee5c mua b\u1ea3n quy\u1ec1n v\u00e0 xu\u1ea5t b\u1ea3n t\u1ea1i Vi\u1ec7t Nam, thu h\u00fat nhi\u1ec1u t\u1ea7ng l\u1edbp \u0111\u1ed9c gi\u1ea3. S\u00e1ch c\u1ee7a Nh\u00e3 Nam n\u1ed5i b\u1eadt b\u1edfi n\u1ed9i dung v\u0103n h\u1ecdc tinh t\u1ebf, b\u1edfi v\u1ebb \u0111\u1eb9p c\u1ee7a thi\u1ebft k\u1ebf hi\u1ec7n \u0111\u1ea1i \u1edf h\u00ecnh th\u1ee9c, b\u1edfi s\u1ef1 ch\u0103m ch\u00fat k\u1ef9 l\u01b0\u1ee1ng cho m\u1ed7i cu\u1ed1n s\u00e1ch nh\u01b0 m\u1ed9t con thuy\u1ec1n mang t\u1edbi ni\u1ec1m vui, tri th\u1ee9c, ng\u1ea1c nhi\u00ean, v\u00e0 \u0111\u1ed3ng c\u1ea3m.<\/p>\n\n[\/col]\n\n[\/row]\n<p style=\"text-align: left\">Hi\u1ec3u th\u1eddi \u0111\u1ea1i \u0111ang s\u1ed1ng th\u00f4ng qua s\u00e1ch, song h\u00e0nh v\u1edbi nh\u1eefng bi\u1ebfn chuy\u1ec3n s\u00e2u s\u1eafc trong l\u00f2ng x\u00e3 h\u1ed9i b\u1eb1ng nh\u1eefng ho\u1ea1t \u0111\u1ed9ng xu\u1ea5t b\u1ea3n mi\u1ec7t m\u00e0i v\u00e0 qu\u1ea3 c\u1ea3m, con \u0111\u01b0\u1eddng Nh\u00e3 Nam \u0111\u00e3 ch\u1ecdn \u0111\u1ec3 \u0111i s\u1ebd c\u00f2n d\u00e0i. Nhi\u1ec1u kh\u00f3 kh\u0103n, th\u1eed th\u00e1ch \u0111ang \u1edf ph\u00eda tr\u01b0\u1edbc. B\u01b0\u1edbc qua th\u1eddi k\u1ef3 s\u01a1 khai v\u1edbi nh\u1eefng b\u00e0i h\u1ecdc v\u00e0 nh\u1eefng kinh nghi\u1ec7m \u0111\u1ea7u ti\u00ean, Nh\u00e3 Nam gi\u1edd \u0111\u00e3 s\u1eb5n s\u00e0ng cho m\u1ed9t ch\u1eb7ng \u0111\u01b0\u1eddng ph\u00e1t tri\u1ec3n m\u1edbi. V\u00e0 ch\u00fang t\u00f4i mu\u1ed1n ho\u00e0n thi\u1ec7n m\u00ecnh trong s\u1ef1 c\u1ea7u th\u1ecb v\u00e0 c\u1ea9n tr\u1ecdng. T\u1ea5t c\u1ea3 v\u00ec m\u1ed9t gia s\u1ea3n s\u00e1ch to l\u1edbn, c\u00f3 s\u1ee9c s\u1ed1ng d\u00e0i l\u00e2u, c\u00f3 \u00fd ngh\u0129a v\u1edbi nhi\u1ec1u th\u1ebf h\u1ec7 b\u1ea1n \u0111\u1ecdc.<br \/>B\u1edfi v\u00ec s\u00e1ch l\u00e0 th\u1ebf gi\u1edbi.<\/p>\n<p><strong>\u0110\u00e2y l\u00e0 m\u1ed9t nh\u00e0 ph\u00e1t h\u00e0nh s\u00e1ch m\u00e0 SACHVIET.EU r\u1ea5t y\u00eau th\u00edch v\u00e0 tin t\u01b0\u1edfng. Nh\u00ecn \u0111\u01b0\u1ee3c t\u1ea7m \u1ea3nh h\u01b0\u1edfng c\u1ee7a Nh\u00e3 Nam qua t\u1eebng cu\u1ed1n s\u00e1ch, SACHVIET.EU li\u00ean h\u1ec7 h\u1ee3p t\u00e1c ngay v\u1edbi Nh\u00e3 Nam \u0111\u1ec3 \u0111em to\u00e0n b\u1ed9 nh\u1eefng t\u00e1c ph\u1ea9m m\u1edbi, hay nh\u1ea5t m\u00e0 Nh\u00e3 Nam c\u00f3 sang Ch\u00e2u \u00c2u, \u0111\u01b0a \u0111\u1ebfn cho \u0111\u1ed9c gi\u1ea3 c\u00f3 nhi\u1ec1u s\u1ef1 l\u1ef1a ch\u1ecdn phong ph\u00fa h\u01a1n c\u1ea3 s\u00e1ch cho tr\u1ebb em l\u1eabn ng\u01b0\u1eddi l\u1edbn.\u00a0<\/strong><\/p>\n\n<!-- \/wp:flatsome\/uxbuilder -->","post_title":"Nh\u00e3 Nam","post_excerpt":"","post_status":"publish","comment_status":"closed","ping_status":"closed","post_password":"","post_name":"nha-nam","to_ping":"","pinged":"","post_modified":"2022-12-19 23:15:33","post_modified_gmt":"2022-12-19 21:15:33","post_content_filtered":"","post_parent":0,"guid":"https:\/\/sachviet.eu\/?post_type=publisher&#038;p=1424","menu_order":0,"post_type":"publisher","post_mime_type":"","comment_count":"0","filter":"raw"}},"_links":{"self":[{"href":"https:\/\/sachviet.eu\/en\/wp-json\/wp\/v2\/product\/16988","targetHints":{"allow":["GET"]}}],"collection":[{"href":"https:\/\/sachviet.eu\/en\/wp-json\/wp\/v2\/product"}],"about":[{"href":"https:\/\/sachviet.eu\/en\/wp-json\/wp\/v2\/types\/product"}],"wp:featuredmedia":[{"embeddable":true,"href":"https:\/\/sachviet.eu\/en\/wp-json\/wp\/v2\/media\/16987"}],"wp:attachment":[{"href":"https:\/\/sachviet.eu\/en\/wp-json\/wp\/v2\/media?parent=16988"}],"wp:term":[{"taxonomy":"product_brand","embeddable":true,"href":"https:\/\/sachviet.eu\/en\/wp-json\/wp\/v2\/product_brand?post=16988"},{"taxonomy":"product_cat","embeddable":true,"href":"https:\/\/sachviet.eu\/en\/wp-json\/wp\/v2\/product_cat?post=16988"},{"taxonomy":"product_tag","embeddable":true,"href":"https:\/\/sachviet.eu\/en\/wp-json\/wp\/v2\/product_tag?post=16988"}],"curies":[{"name":"wp","href":"https:\/\/api.w.org\/{rel}","templated":true}]}}