{"id":16914,"date":"2022-01-27T21:52:13","date_gmt":"2022-01-27T19:52:13","guid":{"rendered":"https:\/\/sachviet.eu\/shop\/ngay-nao-em-be-con-con\/"},"modified":"2024-08-13T05:17:17","modified_gmt":"2024-08-13T02:17:17","slug":"ngay-nao-em-be-con-con","status":"publish","type":"product","link":"https:\/\/sachviet.eu\/en\/shop\/ngay-nao-em-be-con-con\/","title":{"rendered":"Ng\u00e0y n\u00e0o em b\u00e9 c\u1ecfn con"},"content":{"rendered":"<p>Cu\u1ed1n s\u00e1ch \u201cNg\u00e0y n\u00e0o em b\u00e9 c\u1ecfn con\u201d t\u1eadp h\u1ee3p 15 b\u00e0i \u0111\u1ed3ng dao, 10 b\u00e0i h\u00e1t ru v\u00e0 ca dao tu\u1ed5i th\u01a1 quen thu\u1ed9c nh\u1ea5t v\u1edbi tr\u1ebb con Vi\u1ec7t Nam, t\u1ea1o n\u00ean m\u1ed9t kho t\u00e0ng ng\u00f4n ng\u1eef &#8211; v\u0103n h\u00f3a d\u00e2n gian Vi\u1ec7t Nam gi\u00e0u \u0111\u1eb9p cho tu\u1ed5i th\u01a1. Cu\u1ed1n s\u00e1ch c\u0169ng gi\u00fap k\u1ebft n\u1ed1i nh\u1eefng t\u00e2m h\u1ed3n b\u00e9 th\u01a1 v\u1edbi m\u1ea1ch ch\u1ea3y v\u0103n h\u00f3a d\u00e2n gian \u0111ang ng\u00e0y c\u00e0ng xa r\u1eddi tr\u1ebb b\u1edfi \u0111\u1eddi s\u1ed1ng \u0111\u00f4 th\u1ecb t\u1ea5p n\u1eadp<\/p>\n<p>&#8211; C\u00f4ng ty ph\u00e1t h\u00e0nh: C\u00f4ng ty C\u1ed5 ph\u1ea7n th\u01b0\u01a1ng m\u1ea1i v\u00e0 Xu\u1ea5t nh\u1eadp kh\u1ea9u Ng\u1ecdc \u00c1nh &#8211; Vi\u1ec7t Nam<\/p>\n<p>&#8211; Nh\u00e0 ph\u00e1t h\u00e0nh: Crabit Kidbooks<\/p>\n<p>&#8211; Nh\u00e0 xu\u1ea5t b\u1ea3n: NXB H\u00e0 N\u1ed9i<\/p>\n<p>&#8211; T\u00e1c gi\u1ea3: Crabit Kidbooks s\u01b0u t\u1ea7m<\/p>\n<p>&#8211; H\u1ecda s\u0129: H\u00e0 Ho\u00e0ng Th\u00e1i Anh<\/p>\n<p>&#8211; Lo\u1ea1i b\u00eca: B\u00eca c\u1ee9ng <\/p>\n<p>&#8211; K\u00edch th\u01b0\u1edbc: 17 x 20 cm<\/p>\n<p>&#8211; S\u1ed1 trang: 64 trang<\/p>\n<p>&#8211; \u0110\u1ed9 tu\u1ed5i: 6 th\u00e1ng tu\u1ed5i +<\/p>\n<p>&#8211; Ng\u00e0y xu\u1ea5t b\u1ea3n: 25\/11\/2021<\/p>\n","protected":false},"excerpt":{"rendered":"<p>Cu\u1ed1n s\u00e1ch \u201cNg\u00e0y n\u00e0o em b\u00e9 c\u1ecfn con\u201d t\u1eadp h\u1ee3p 15 b\u00e0i \u0111\u1ed3ng dao, 10 b\u00e0i h\u00e1t ru v\u00e0 ca dao tu\u1ed5i th\u01a1 quen thu\u1ed9c nh\u1ea5t v\u1edbi tr\u1ebb con Vi\u1ec7t Nam, t\u1ea1o n\u00ean m\u1ed9t kho t\u00e0ng ng\u00f4n ng\u1eef &#8211; v\u0103n h\u00f3a d\u00e2n gian Vi\u1ec7t Nam gi\u00e0u \u0111\u1eb9p cho tu\u1ed5i th\u01a1. Cu\u1ed1n s\u00e1ch c\u0169ng gi\u00fap k\u1ebft n\u1ed1i nh\u1eefng t\u00e2m h\u1ed3n b\u00e9 th\u01a1 v\u1edbi m\u1ea1ch ch\u1ea3y v\u0103n h\u00f3a d\u00e2n gian \u0111ang ng\u00e0y c\u00e0ng xa r\u1eddi tr\u1ebb b\u1edfi \u0111\u1eddi s\u1ed1ng \u0111\u00f4 th\u1ecb t\u1ea5p n\u1eadp.<\/p>\n<p>V\u00ec \u0111\u01b0\u1ee3c bi\u00ean so\u1ea1n nh\u1eb1m cho tr\u1ebb ti\u1ebfp x\u00fac v\u1edbi v\u0103n h\u00f3a d\u00e2n gian ngay t\u1eeb nh\u1eefng n\u0103m th\u00e1ng \u0111\u1ea7u \u0111\u1eddi n\u00ean s\u00e1ch c\u00f3 kh\u1ed5 v\u1eeba v\u1eb7n b\u00e0n tay b\u00e9 xinh c\u1ee7a tr\u1ebb v\u00e0 r\u1ea5t nhi\u1ec1u tranh minh h\u1ecda. H\u00ecnh v\u1ebd trong s\u00e1ch ch\u1ec9n chu, s\u1ed1ng \u0111\u1ed9ng, th\u1ed5i l\u00e0n gi\u00f3 m\u1edbi v\u00e0o nh\u1eefng giai \u0111i\u1ec7u truy\u1ec1n th\u1ed1ng xa x\u01b0a. Ch\u1ec9 trong m\u1ed9t cu\u1ed1n s\u00e1ch, tr\u1ebb con s\u1ebd \u0111\u01b0\u1ee3c th\u01b0\u1edfng th\u1ee9c c\u00f9ng l\u00fac v\u1ebb \u0111\u1eb9p l\u00e2u \u0111\u1eddi c\u1ee7a nh\u1eefng b\u00e0i \u0111\u1ed3ng dao, ca dao, h\u00e1t ru v\u00e0 s\u1ee9c h\u1ea5p d\u1eabn c\u1ee7a nh\u1eefng tranh minh h\u1ecda tr\u1ebb trung, g\u1ea7n g\u0169i v\u1edbi \u0111\u1ed9c gi\u1ea3 nh\u1ecf th\u1eddi nay. C\u00f2n \u0111\u1ed1i v\u1edbi b\u1ed1 m\u1eb9, cu\u1ed1n s\u00e1ch s\u1ebd \u0111\u1ed3ng h\u00e0nh nh\u1eefng khi b\u1ed1 m\u1eb9 \u00e0 \u01a1i ru b\u00e9 ng\u1ee7 ngoan, \u0111\u1ecdc s\u00e1ch hay ch\u01a1i c\u00f9ng con c\u00e1c tr\u00f2 d\u00e2n gian, g\u00f3p ph\u1ea7n t\u1ea1o ra th\u1eadt nhi\u1ec1u kho\u1ea3nh kh\u1eafc b\u00ean nhau \u0111\u1ea7y th\u00e2n t\u00ecnh v\u00e0 \u00fd ngh\u0129a gi\u1eefa b\u1ed1 m\u1eb9 v\u00e0 con c\u00e1i. <\/p>\n<p>\u201cNg\u00e0y n\u00e0o em b\u00e9 c\u1ecfn con\u201d g\u1ed3m 64 trang, \u0111\u01b0\u1ee3c chia th\u00e0nh 3 ph\u1ea7n: <\/p>\n<p>Nu na nu n\u1ed1ng &#8211; C\u00e1c b\u00e0i \u0111\u1ed3ng dao cho tr\u1ebb con ch\u01a1i (15 b\u00e0i)<\/p>\n<p>B\u1ed3ng b\u1ed3ng con ng\u1ee7 cho ngoan &#8211; C\u00e1c b\u00e0i h\u00e1t ru thu\u1edf \u1ea5u th\u01a1 (6 b\u00e0i)<\/p>\n<p>Nh\u1eefng ng\u00e0y \u01b0\u1edbc ao &#8211; C\u00e1c b\u00e0i ca dao tu\u1ed5i th\u01a1 (4 b\u00e0i)<\/p>\n","protected":false},"featured_media":16911,"template":"","meta":{"_acf_changed":false},"product_brand":[],"product_cat":[24,25,17,71],"product_tag":[81],"class_list":{"0":"post-16914","1":"product","2":"type-product","3":"status-publish","4":"has-post-thumbnail","6":"product_cat-nha-tre-mau-giao-0-tuoi-6-tuoi","7":"product_cat-nhi-dong-6-tuoi-12-tuoi","8":"product_cat-sach-danh-cho-cac-be","9":"product_cat-sach-tre-em-thuan-viet","10":"product_tag-sach-gia-uu-dai","12":"first","13":"outofstock","14":"sale","15":"featured","16":"taxable","17":"shipping-taxable","18":"purchasable","19":"product-type-simple"},"supplier_id":null,"supplier_sku":"","barcode":null,"atum_controlled":true,"out_stock_date":"2024-08-13 02:17:17","out_stock_threshold":null,"inheritable":false,"inbound_stock":0,"stock_on_hold":0,"sold_today":0,"sales_last_days":0,"reserved_stock":0,"customer_returns":0,"warehouse_damage":0,"lost_in_post":0,"other_logs":0,"out_stock_days":533,"lost_sales":0,"has_location":false,"update_date":"2026-01-28T23:11:21","atum_locations":[],"atum_stock_status":"outofstock","restock_status":false,"low_stock_amount":"","sales_update_date":"2026-01-28T23:11:21","calc_backorders":null,"acf":{"publisher":{"ID":1458,"post_author":"1","post_date":"2021-02-17 01:12:22","post_date_gmt":"2021-02-16 23:12:22","post_content":"<!-- wp:flatsome\/uxbuilder -->\n<h1 style=\"text-align: center\"><strong>Crabit Kidbooks<\/strong><\/h1>\n[row]\n\n[col span=\"8\" span__sm=\"12\"]\n\n<p>Crabit Kidbooks l\u00e0 nh\u00e0 ph\u00e1t h\u00e0nh s\u00e1ch thi\u1ebfu nhi thu\u1ed9c C\u00f4ng ty CPTM &amp; XNK Ng\u1ecdc \u00c1nh \u2013 \u0111\u01a1n v\u1ecb h\u01a1n 20 n\u0103m kinh nghi\u1ec7m trong ng\u00e0nh in \u1ea5n v\u00e0 l\u00e0 \u0111\u1ed1i t\u00e1c uy t\u00edn cung c\u1ea5p h\u1ecdc li\u1ec7u, s\u00e1ch v\u1edf h\u1ecdc sinh cho h\u01a1n 5000 kh\u00e1ch h\u00e0ng kh\u1eafp 28 t\u1ec9nh th\u00e0nh ph\u00eda B\u1eafc Vi\u1ec7t Nam H\u1ec7 th\u1ed1ng s\u1ea3n ph\u1ea9m Crabit Kidbooks<\/p>\n<p>Theo s\u1ef1 t\u00ecm hi\u1ec3u c\u1ee7a <strong>SACHVIET.EU<\/strong><strong>\u00a0<\/strong>tuy Crabit Kidbooks l\u00e0 m\u1ed9t nh\u00e0 ph\u00e1t h\u00e0nh tr\u1ebb t\u1ea1i Vi\u1ec7t Nam nh\u01b0ng l\u1ea1i mang \u0111\u1ebfn s\u1ef1 ch\u1ec9n chu qua t\u1eebng trang s\u00e1ch, t\u1eeb ch\u1ea5t li\u1ec7u gi\u1ea5y cao c\u1ea5p, b\u00eca c\u1ee9ng gi\u1eef g\u00ecn s\u00e1ch \u0111\u01b0\u1ee3c b\u1ec1n l\u00e2u \u0111\u1ebfn l\u1eddi v\u0103n c\u00e2u ch\u1eef \u0111\u01b0\u1ee3c ch\u1ecdn l\u1ecdc ch\u1ec9nh s\u1eeda sao cho ti\u1ebfp c\u1eadn th\u00e2n thi\u1ec7n nh\u1ea5t v\u1edbi tr\u1ebb em. <strong>SACHVIET.EU<\/strong> th\u1ef1c s\u1ef1 \u1ea5n t\u01b0\u1ee3ng b\u1edfi t\u1ea7m nh\u00ecn v\u00e0 s\u1ef1 c\u1ed1 g\u1eafng ho\u00e0n thi\u1ec7n nh\u1eefng t\u00e1c ph\u1ea9m c\u00f3 gi\u00e1 tr\u1ecb tuy\u1ec7t v\u1eddi m\u00e0 Crabit Kidbooks mang l\u1ea1i. \u0110\u00e2y c\u0169ng l\u00e0 nh\u00e0 ph\u00e1t h\u00e0nh duy nh\u1ea5t t\u1edbi th\u1eddi \u0111i\u1ec3m n\u00e0y m\u00e0 <strong>SACHVIET.EU<\/strong> quy\u1ebft t\u00e2m h\u1ee3p t\u00e1c mang h\u1ebft t\u1ea5t c\u1ea3 c\u00e1c \u0111\u1ea7u s\u00e1ch m\u00e0 Crabit Kidbooks c\u00f3 \u0111\u1ec3 \u0111em \u0111\u1ebfn Ch\u00e2u \u00c2u ph\u1ee5c v\u1ee5 m\u1ecdi ng\u01b0\u1eddi. \u0110\u00e2y th\u1ef1c s\u1ef1 l\u00e0 m\u1ed9t s\u1ef1 li\u1ec1u l\u0129nh c\u1ee7a <strong>SACHVIET.EU<\/strong>, tuy nhi\u00ean ch\u00fang m\u00ecnh tin t\u01b0\u1edfng v\u00e0 t\u1ef1 tin r\u1eb1ng t\u1eebng cu\u1ed1n s\u00e1ch m\u00e0 ch\u00fang m\u00ecnh gi\u1edbi thi\u1ec7u x\u1ee9ng \u0111\u00e1ng v\u1edbi nh\u1eefng g\u00ec ch\u00fang m\u00ecnh theo \u0111u\u1ed5i.<\/p>\n\n[\/col]\n[col span=\"4\" span__sm=\"12\"]\n\n[ux_image id=\"1701\" image_size=\"medium\"]\n\n\n[\/col]\n\n[\/row]\n\n<!-- \/wp:flatsome\/uxbuilder -->","post_title":"Crabit Kidbooks","post_excerpt":"","post_status":"publish","comment_status":"closed","ping_status":"closed","post_password":"","post_name":"crabit-kidbooks","to_ping":"","pinged":"","post_modified":"2022-12-19 23:12:10","post_modified_gmt":"2022-12-19 21:12:10","post_content_filtered":"","post_parent":0,"guid":"https:\/\/sachviet.eu\/nha-phat-hanh\/crabitkidbooks\/","menu_order":0,"post_type":"publisher","post_mime_type":"","comment_count":"0","filter":"raw"}},"_links":{"self":[{"href":"https:\/\/sachviet.eu\/en\/wp-json\/wp\/v2\/product\/16914","targetHints":{"allow":["GET"]}}],"collection":[{"href":"https:\/\/sachviet.eu\/en\/wp-json\/wp\/v2\/product"}],"about":[{"href":"https:\/\/sachviet.eu\/en\/wp-json\/wp\/v2\/types\/product"}],"wp:featuredmedia":[{"embeddable":true,"href":"https:\/\/sachviet.eu\/en\/wp-json\/wp\/v2\/media\/16911"}],"wp:attachment":[{"href":"https:\/\/sachviet.eu\/en\/wp-json\/wp\/v2\/media?parent=16914"}],"wp:term":[{"taxonomy":"product_brand","embeddable":true,"href":"https:\/\/sachviet.eu\/en\/wp-json\/wp\/v2\/product_brand?post=16914"},{"taxonomy":"product_cat","embeddable":true,"href":"https:\/\/sachviet.eu\/en\/wp-json\/wp\/v2\/product_cat?post=16914"},{"taxonomy":"product_tag","embeddable":true,"href":"https:\/\/sachviet.eu\/en\/wp-json\/wp\/v2\/product_tag?post=16914"}],"curies":[{"name":"wp","href":"https:\/\/api.w.org\/{rel}","templated":true}]}}