{"id":16908,"date":"2022-01-27T21:51:51","date_gmt":"2022-01-27T19:51:51","guid":{"rendered":"https:\/\/sachviet.eu\/shop\/combo-4-cuon-tho-peter-mot-cau-tho-nghich-ngom-kinh-khung-nha-vo-dich-peter-hut-chet-o-hoi-cho-va-cuoc-giai-cuu-ngay-giang-sinh\/"},"modified":"2024-10-07T13:20:28","modified_gmt":"2024-10-07T10:20:28","slug":"combo-4-cuon-tho-peter-mot-cau-tho-nghich-ngom-kinh-khung-nha-vo-dich-peter-hut-chet-o-hoi-cho-va-cuoc-giai-cuu-ngay-giang-sinh","status":"publish","type":"product","link":"https:\/\/sachviet.eu\/en\/shop\/combo-4-cuon-tho-peter-mot-cau-tho-nghich-ngom-kinh-khung-nha-vo-dich-peter-hut-chet-o-hoi-cho-va-cuoc-giai-cuu-ngay-giang-sinh\/","title":{"rendered":"Combo 4 cu\u1ed1n Th\u1ecf Peter: M\u1ed9t C\u1eadu Th\u1ecf Ngh\u1ecbch Ng\u1ee3m Kinh Kh\u1ee7ng, Nh\u00e0 V\u00f4 \u0110\u1ecbch Peter, H\u00fat Ch\u1ebft \u1ede H\u1ed9i Ch\u1ee3 v\u00e0 Cu\u1ed9c Gi\u1ea3i C\u1ee9u Ng\u00e0y Gi\u00e1ng Sinh"},"content":{"rendered":"<p>L\u00e0m tr\u1ebb con b\u00e2y gi\u1edd s\u01b0\u1edbng th\u1eadt, nh\u1eefng \u1ea5n b\u1ea3n th\u1ebf n\u00e0y th\u00ec ai c\u0169ng mu\u1ed1n \u0111\u1ec3 trong nh\u00e0 ch\u1ee9 c\u1ea7n l\u00e0 ch\u00fang n\u1eefa.<br \/>\nBeatrix Potter \u0111\u01b0\u1ee3c li\u1ec7t v\u00e0o h\u00e0ng t\u00e1c gia c\u1ed5 \u0111i\u1ec3n &#8211; kinh \u0111i\u1ec3n. N\u1eef v\u0103n s\u0129 sinh n\u0103m 1866 b\u1eaft \u0111\u1ea7u vi\u1ebft v\u1ec1 ch\u00fa th\u1ecf Peter ngh\u1ecbch ng\u1ee3m khi vi\u1ebft nh\u1eefng l\u00e1 th\u01b0 cho c\u1eadu con trai ng\u01b0\u1eddi gia s\u01b0 c\u1ee7a m\u00ecnh. Sau n\u00e0y b\u00e0 quy\u1ebft \u0111\u1ecbnh in th\u00e0nh s\u00e1ch v\u00e0o n\u0103m 1902 l\u00e0 n\u00f3 \u0111\u00e3 \u201cs\u1ed1ng m\u00e3i\u201d.<br \/>\n\u0110\u1eddi ng\u01b0\u1eddi ch\u1ec9 c\u1ea7n t\u1ea1o n\u00ean m\u1ed9t nh\u00e2n v\u1eadt th\u00f4i l\u00e0 \u0111\u1ee7. \u0110\u1ec3 gi\u1edd kh\u1eafp th\u1ebf gi\u1edbi ai ai c\u0169ng bi\u1ebft truy\u1ec7n \u201cTh\u1ecf Peter\u201d.<br \/>\nKim \u0110\u1ed3ng ra m\u1eb7t b\u1ed9 04 t\u1eadp kh\u1ed5 l\u1edbn in m\u00e0u.<br \/>\n*****<br \/>\nTH\u1ece PETER CHUY\u1ec6N B\u00c2Y GI\u1edc M\u1edaI K\u1ec2<br \/>\nTuy\u1ec3n t\u1eadp nh\u1eefng truy\u1ec7n hay nh\u1ea5t c\u1ee7a:<br \/>\nN\u1eef v\u0103n s\u1ef9 Beatrix Potter<br \/>\n1. M\u1ed9t c\u1eadu th\u1ecf ngh\u1ecbch ng\u1ee3m kinh kh\u1ee7ng<br \/>\n2. H\u00fat ch\u1ebft \u1edf h\u1ed9i ch\u1ee3<br \/>\n3. Cu\u1ed9c gi\u1ea3i c\u1ee9u ng\u00e0y Gi\u00e1ng sinh<br \/>\n4. Nh\u00e0 v\u00f4 \u0111\u1ecbch Peter<\/p>\n<p>*****<br \/>\nB\u1ed9 s\u00e1ch n\u00e0y ch\u1ee9a nh\u1eefng c\u00e2u chuy\u1ec7n l\u00f4i cu\u1ed1n b\u1eadc nh\u1ea5t c\u1ee7a Beatrix Potter \u2013 n\u1eef t\u00e1c gi\u1ea3 truy\u1ec7n thi\u1ebfu nhi huy\u1ec1n tho\u1ea1i trong v\u0103n ho\u00e1 Anh \u2013 M\u0129 n\u00f3i ri\u00eang v\u00e0 th\u1ebf gi\u1edbi n\u00f3i chung. V\u1edbi c\u1ed1t truy\u1ec7n h\u1ea5p d\u1eabn, l\u1ed1i h\u00e0nh v\u0103n trong s\u00e1ng, uy\u1ec3n chuy\u1ec3n v\u00e0 nh\u1eefng b\u1ee9c tranh minh ho\u1ea1 sinh \u0111\u1ed9ng, ch\u00e2n th\u1ef1c, c\u00e1c t\u00e1c ph\u1ea9m c\u1ee7a b\u00e0 \u0111\u00e3 \u0111\u1eb7t nh\u1eefng vi\u00ean g\u1ea1ch \u0111\u1ea7u ti\u00ean cho ng\u00e0nh s\u00e1ch thi\u1ebfu nhi. Cho \u0111\u1ebfn nay, di s\u1ea3n b\u00e0 \u0111\u1ec3 l\u1ea1i v\u1eabn \u0111\u01b0\u1ee3c coi l\u00e0 nh\u1eefng \u201cb\u1ea3o b\u1ed1i\u201d kh\u00f4ng th\u1ec3 thay th\u1ebf trong kho t\u00e0ng v\u0103n h\u1ecdc thi\u1ebfu nhi th\u1ebf gi\u1edbi, v\u00e0 t\u1eebng \u0111\u01b0\u1ee3c nh\u00e0 v\u0103n L\u00fd Lan v\u00ed nh\u01b0 \u201cs\u1eefa m\u1eb9\u201d cho t\u00e2m h\u1ed3n tr\u1ebb em.<br \/>\n112 n\u0103m k\u1ec3 t\u1eeb l\u1ea7n \u0111\u1ea7u ra m\u1eaft, nh\u1eefng c\u00e2u chuy\u1ec7n v\u1ec1 Th\u1ecf Peter \u0111\u1ebfn nay v\u1eabn c\u00f3 s\u1ee9c h\u00fat m\u1ea1nh m\u1ebd v\u1edbi tr\u1ebb em tr\u00ean kh\u1eafp th\u1ebf gi\u1edbi<\/p>\n","protected":false},"excerpt":{"rendered":"<p>L\u00e0m tr\u1ebb con b\u00e2y gi\u1edd s\u01b0\u1edbng th\u1eadt, nh\u1eefng \u1ea5n b\u1ea3n th\u1ebf n\u00e0y th\u00ec ai c\u0169ng mu\u1ed1n \u0111\u1ec3 trong nh\u00e0 ch\u1ee9 c\u1ea7n l\u00e0 ch\u00fang n\u1eefa.<br \/>\nBeatrix Potter \u0111\u01b0\u1ee3c li\u1ec7t v\u00e0o h\u00e0ng t\u00e1c gia c\u1ed5 \u0111i\u1ec3n &#8211; kinh \u0111i\u1ec3n. N\u1eef v\u0103n s\u0129 sinh n\u0103m 1866 b\u1eaft \u0111\u1ea7u vi\u1ebft v\u1ec1 ch\u00fa th\u1ecf Peter ngh\u1ecbch ng\u1ee3m khi vi\u1ebft nh\u1eefng l\u00e1 th\u01b0 cho c\u1eadu con trai ng\u01b0\u1eddi gia s\u01b0 c\u1ee7a m\u00ecnh. Sau n\u00e0y b\u00e0 quy\u1ebft \u0111\u1ecbnh in th\u00e0nh s\u00e1ch v\u00e0o n\u0103m 1902 l\u00e0 n\u00f3 \u0111\u00e3 \u201cs\u1ed1ng m\u00e3i\u201d.<br \/>\n\u0110\u1eddi ng\u01b0\u1eddi ch\u1ec9 c\u1ea7n t\u1ea1o n\u00ean m\u1ed9t nh\u00e2n v\u1eadt th\u00f4i l\u00e0 \u0111\u1ee7. \u0110\u1ec3 gi\u1edd kh\u1eafp th\u1ebf gi\u1edbi ai ai c\u0169ng bi\u1ebft truy\u1ec7n \u201cTh\u1ecf Peter\u201d.<br \/>\nKim \u0110\u1ed3ng ra m\u1eb7t b\u1ed9 04 t\u1eadp kh\u1ed5 l\u1edbn in m\u00e0u.<br \/>\n*****<br \/>\nTH\u1ece PETER CHUY\u1ec6N B\u00c2Y GI\u1edc M\u1edaI K\u1ec2<br \/>\nTuy\u1ec3n t\u1eadp nh\u1eefng truy\u1ec7n hay nh\u1ea5t c\u1ee7a:<br \/>\nN\u1eef v\u0103n s\u1ef9 Beatrix Potter<br \/>\n1. M\u1ed9t c\u1eadu th\u1ecf ngh\u1ecbch ng\u1ee3m kinh kh\u1ee7ng<br \/>\n2. H\u00fat ch\u1ebft \u1edf h\u1ed9i ch\u1ee3<br \/>\n3. Cu\u1ed9c gi\u1ea3i c\u1ee9u ng\u00e0y Gi\u00e1ng sinh<br \/>\n4. Nh\u00e0 v\u00f4 \u0111\u1ecbch Peter<\/p>\n<p>*****<br \/>\nB\u1ed9 s\u00e1ch n\u00e0y ch\u1ee9a nh\u1eefng c\u00e2u chuy\u1ec7n l\u00f4i cu\u1ed1n b\u1eadc nh\u1ea5t c\u1ee7a Beatrix Potter \u2013 n\u1eef t\u00e1c gi\u1ea3 truy\u1ec7n thi\u1ebfu nhi huy\u1ec1n tho\u1ea1i trong v\u0103n ho\u00e1 Anh \u2013 M\u0129 n\u00f3i ri\u00eang v\u00e0 th\u1ebf gi\u1edbi n\u00f3i chung. V\u1edbi c\u1ed1t truy\u1ec7n h\u1ea5p d\u1eabn, l\u1ed1i h\u00e0nh v\u0103n trong s\u00e1ng, uy\u1ec3n chuy\u1ec3n v\u00e0 nh\u1eefng b\u1ee9c tranh minh ho\u1ea1 sinh \u0111\u1ed9ng, ch\u00e2n th\u1ef1c, c\u00e1c t\u00e1c ph\u1ea9m c\u1ee7a b\u00e0 \u0111\u00e3 \u0111\u1eb7t nh\u1eefng vi\u00ean g\u1ea1ch \u0111\u1ea7u ti\u00ean cho ng\u00e0nh s\u00e1ch thi\u1ebfu nhi. Cho \u0111\u1ebfn nay, di s\u1ea3n b\u00e0 \u0111\u1ec3 l\u1ea1i v\u1eabn \u0111\u01b0\u1ee3c coi l\u00e0 nh\u1eefng \u201cb\u1ea3o b\u1ed1i\u201d kh\u00f4ng th\u1ec3 thay th\u1ebf trong kho t\u00e0ng v\u0103n h\u1ecdc thi\u1ebfu nhi th\u1ebf gi\u1edbi, v\u00e0 t\u1eebng \u0111\u01b0\u1ee3c nh\u00e0 v\u0103n L\u00fd Lan v\u00ed nh\u01b0 \u201cs\u1eefa m\u1eb9\u201d cho t\u00e2m h\u1ed3n tr\u1ebb em.<br \/>\n112 n\u0103m k\u1ec3 t\u1eeb l\u1ea7n \u0111\u1ea7u ra m\u1eaft, nh\u1eefng c\u00e2u chuy\u1ec7n v\u1ec1 Th\u1ecf Peter \u0111\u1ebfn nay v\u1eabn c\u00f3 s\u1ee9c h\u00fat m\u1ea1nh m\u1ebd v\u1edbi tr\u1ebb em tr\u00ean kh\u1eafp th\u1ebf gi\u1edbi<\/p>\n","protected":false},"featured_media":16903,"template":"","meta":{"_acf_changed":false},"product_brand":[],"product_cat":[25,17,26,77],"product_tag":[81],"class_list":{"0":"post-16908","1":"product","2":"type-product","3":"status-publish","4":"has-post-thumbnail","6":"product_cat-nhi-dong-6-tuoi-12-tuoi","7":"product_cat-sach-danh-cho-cac-be","8":"product_cat-thieu-nien-11-tuoi-18-tuoi","9":"product_cat-van-hoc-kinh-dien","10":"product_tag-sach-gia-uu-dai","12":"first","13":"instock","14":"sale","15":"taxable","16":"shipping-taxable","17":"purchasable","18":"product-type-simple"},"supplier_id":null,"supplier_sku":"","barcode":null,"atum_controlled":true,"out_stock_date":null,"out_stock_threshold":null,"inheritable":false,"inbound_stock":0,"stock_on_hold":0,"sold_today":0,"sales_last_days":0,"reserved_stock":0,"customer_returns":0,"warehouse_damage":0,"lost_in_post":0,"other_logs":0,"out_stock_days":0,"lost_sales":0,"has_location":false,"update_date":"2026-01-28T23:11:26","atum_locations":[],"atum_stock_status":"instock","restock_status":false,"low_stock_amount":"","sales_update_date":"2026-01-28T23:11:26","calc_backorders":null,"acf":{"publisher":{"ID":1454,"post_author":"1","post_date":"2021-02-17 01:11:34","post_date_gmt":"2021-02-16 23:11:34","post_content":"<!-- wp:flatsome\/uxbuilder -->\n<h1 style=\"text-align: center;\"><strong>Kim \u0110\u1ed3ng<\/strong><\/h1>\n[row]\n\n[col span=\"3\" span__sm=\"12\"]\n\n[ux_image id=\"1534\" image_size=\"medium\"]\n\n\n[\/col]\n[col span=\"9\" span__sm=\"12\"]\n\n<p>Nh\u00e0 xu\u1ea5t b\u1ea3n Kim \u0110\u1ed3ng tr\u1ef1c thu\u1ed9c Trung \u01b0\u01a1ng \u0110o\u00e0n TNCS H\u1ed3 Ch\u00ed Minh l\u00e0 Nh\u00e0 xu\u1ea5t b\u1ea3n t\u1ed5ng h\u1ee3p c\u00f3 ch\u1ee9c n\u0103ng xu\u1ea5t b\u1ea3n s\u00e1ch v\u00e0 v\u0103n h\u00f3a ph\u1ea9m ph\u1ee5c v\u1ee5 thi\u1ebfu nhi v\u00e0 c\u00e1c b\u1eadc ph\u1ee5 huynh trong c\u1ea3 n\u01b0\u1edbc, qu\u1ea3ng b\u00e1 v\u00e0 gi\u1edbi thi\u1ec7u v\u0103n h\u00f3a Vi\u1ec7t Nam ra th\u1ebf gi\u1edbi.<br \/>Nh\u00e0 xu\u1ea5t b\u1ea3n c\u00f3 nhi\u1ec7m v\u1ee5 t\u1ed5 ch\u1ee9c b\u1ea3n th\u1ea3o, bi\u00ean so\u1ea1n, bi\u00ean d\u1ecbch, xu\u1ea5t b\u1ea3n v\u00e0 ph\u00e1t h\u00e0nh c\u00e1c xu\u1ea5t b\u1ea3n ph\u1ea9m c\u00f3 n\u1ed9i dung: gi\u00e1o d\u1ee5c truy\u1ec1n th\u1ed1ng d\u00e2n t\u1ed9c, gi\u00e1o d\u1ee5c v\u1ec1 tri th\u1ee9c, ki\u1ebfn th\u1ee9c\u2026 tr\u00ean c\u00e1c l\u0129nh v\u1ef1c v\u0103n h\u1ecdc, ngh\u1ec7 thu\u1eadt, khoa h\u1ecdc k\u1ef9 thu\u1eadt nh\u1eb1m cung c\u1ea5p cho c\u00e1c em thi\u1ebfu nhi c\u0169ng nh\u01b0 c\u00e1c b\u1eadc ph\u1ee5 huynh c\u00e1c ki\u1ebfn th\u1ee9c c\u1ea7n thi\u1ebft trong cu\u1ed9c s\u1ed1ng, nh\u1eefng tinh hoa c\u1ee7a tri th\u1ee9c nh\u00e2n lo\u1ea1i nh\u1eb1m g\u00f3p ph\u1ea7n gi\u00e1o d\u1ee5c v\u00e0 h\u00ecnh th\u00e0nh nh\u00e2n c\u00e1ch th\u1ebf h\u1ec7 tr\u1ebb.<br \/>\u0110\u1ed1i t\u01b0\u1ee3ng ph\u1ee5c v\u1ee5 c\u1ee7a Nh\u00e0 xu\u1ea5t b\u1ea3n l\u00e0 c\u00e1c em t\u1eeb tu\u1ed5i nh\u00e0 tr\u1ebb m\u1eabu gi\u00e1o (1 \u0111\u1ebfn 5 tu\u1ed5i), nhi \u0111\u1ed3ng (6 \u0111\u1ebfn 9 tu\u1ed5i), thi\u1ebfu ni\u00ean (10 \u0111\u1ebfn 15 tu\u1ed5i) \u0111\u1ebfn c\u00e1c em tu\u1ed5i m\u1edbi l\u1edbn (16 \u0111\u1ebfn 18 tu\u1ed5i) v\u00e0 c\u00e1c b\u1eadc ph\u1ee5 huynh.<\/p>\n\n[\/col]\n\n[\/row]\n\n<!-- \/wp:flatsome\/uxbuilder -->","post_title":"Kim \u0110\u1ed3ng","post_excerpt":"","post_status":"publish","comment_status":"closed","ping_status":"closed","post_password":"","post_name":"kim-dong","to_ping":"","pinged":"","post_modified":"2021-02-17 01:31:56","post_modified_gmt":"2021-02-16 23:31:56","post_content_filtered":"","post_parent":0,"guid":"https:\/\/sachviet.eu\/nha-phat-hanh\/kim-dong\/","menu_order":0,"post_type":"publisher","post_mime_type":"","comment_count":"0","filter":"raw"}},"_links":{"self":[{"href":"https:\/\/sachviet.eu\/en\/wp-json\/wp\/v2\/product\/16908","targetHints":{"allow":["GET"]}}],"collection":[{"href":"https:\/\/sachviet.eu\/en\/wp-json\/wp\/v2\/product"}],"about":[{"href":"https:\/\/sachviet.eu\/en\/wp-json\/wp\/v2\/types\/product"}],"wp:featuredmedia":[{"embeddable":true,"href":"https:\/\/sachviet.eu\/en\/wp-json\/wp\/v2\/media\/16903"}],"wp:attachment":[{"href":"https:\/\/sachviet.eu\/en\/wp-json\/wp\/v2\/media?parent=16908"}],"wp:term":[{"taxonomy":"product_brand","embeddable":true,"href":"https:\/\/sachviet.eu\/en\/wp-json\/wp\/v2\/product_brand?post=16908"},{"taxonomy":"product_cat","embeddable":true,"href":"https:\/\/sachviet.eu\/en\/wp-json\/wp\/v2\/product_cat?post=16908"},{"taxonomy":"product_tag","embeddable":true,"href":"https:\/\/sachviet.eu\/en\/wp-json\/wp\/v2\/product_tag?post=16908"}],"curies":[{"name":"wp","href":"https:\/\/api.w.org\/{rel}","templated":true}]}}