{"id":16896,"date":"2022-01-27T21:51:17","date_gmt":"2022-01-27T19:51:17","guid":{"rendered":"https:\/\/sachviet.eu\/shop\/me-co-phai-cua-la-me-cua-con-song-ngu-tai-ban\/"},"modified":"2023-05-17T11:17:56","modified_gmt":"2023-05-17T08:17:56","slug":"me-co-phai-cua-la-me-cua-con-song-ngu-tai-ban","status":"publish","type":"product","link":"https:\/\/sachviet.eu\/en\/shop\/me-co-phai-cua-la-me-cua-con-song-ngu-tai-ban\/","title":{"rendered":"M\u1eb9 C\u00f3 Ph\u1ea3i C\u1ee7a L\u00e0 M\u1eb9 C\u1ee7a Con? (Song Ng\u1eef) (T\u00e1i B\u1ea3n)"},"content":{"rendered":"<p>M\u1eb9 c\u00f3 ph\u1ea3i l\u00e0 m\u1eb9 c\u1ee7a con? (Are you my mother?) l\u00e0 m\u1ed9t trong nh\u1eefng cu\u1ed1n truy\u1ec7n thi\u1ebfu nhi hay nh\u1ea5t c\u1ee7a t\u00e1c gi\u1ea3 P.D. Eastman, truy\u1ec7n \u0111\u01b0\u1ee3c d\u1ecbch gi\u1ea3 Ng\u00e2n Huy\u1ec1n chuy\u1ec3n ng\u1eef.<\/p>\n<p>\u1ede m\u1ed9t ng\u1ecdn c\u00e2y n\u1ecd, chim m\u1eb9 \u0111ang \u1ea5p m\u1ed9t qu\u1ea3 tr\u1ee9ng, lo cho chim con s\u1eafp ra \u0111\u1eddi, chim m\u1eb9 v\u1ed9i v\u00e0ng bay \u0111i ki\u1ebfm \u0111\u1ed3 \u0103n. Trong l\u00fac chim m\u1eb9 \u0111i v\u1eafng, qu\u1ea3 tr\u1ee9ng nh\u00fac nh\u00edch, \u0111\u1ed9ng \u0111\u1eady v\u00e0 m\u1ed9t ch\u00fa chim non ra \u0111\u1eddi.<\/p>\n<p>&#8211; \u201cM\u1eb9 \u01a1i, m\u1eb9 \u1edf \u0111\u00e2u?\u201d, chim non g\u1ecdi.<\/p>\n<p>R\u1ed3i ch\u00fa nh\u00ecn xung quanh, b\u00ean tr\u00ean, b\u00ean d\u01b0\u1edbi t\u00ecm m\u1eb9, nh\u01b0ng ch\u00fa kh\u00f4ng th\u1ea5y m\u1eb9 \u0111\u00e2u. Chim non quy\u1ebft \u0111\u1ecbnh \u0111i t\u00ecm m\u1eb9 c\u1ee7a m\u00ecnh. Nh\u01b0ng th\u1eadt kh\u00f3 v\u00ec ch\u00fa ch\u01b0a bi\u1ebft m\u1eb9 c\u1ee7a m\u00ecnh tr\u00f4ng nh\u01b0 th\u1ebf n\u00e0o, v\u1eady l\u00e0 chim non g\u1eb7p ai c\u0169ng ngoan ngo\u00e3n h\u1ecfi.<\/p>\n<p>&#8211; \u201cAnh c\u00f3 ph\u1ea3i l\u00e0 m\u1eb9 c\u1ee7a em kh\u00f4ng?\u201d Chim non h\u1ecfi m\u1ed9t ch\u00fa m\u00e8o, nh\u01b0ng m\u00e8o ch\u1ec9 nh\u00ecn tr\u1eebng tr\u1eebng.<\/p>\n<p>&#8211; \u201cC\u00f4 c\u00f3 ph\u1ea3i l\u00e0 m\u1eb9 c\u1ee7a ch\u00e1u kh\u00f4ng \u1ea1?\u201d ch\u00fa h\u1ecfi c\u00f4 g\u00e0 m\u00e1i. C\u00f4 g\u00e0 m\u00e1i b\u1ea3o: \u201cKh\u00f4ng\u201d.<\/p>\n<p>&#8211; \u201cC\u00f4 c\u00f3 ph\u1ea3i l\u00e0 m\u1eb9 c\u1ee7a ch\u00e1u kh\u00f4ng \u1ea1?\u201d, chim non ti\u1ebfn t\u1edbi h\u1ecfi m\u1ed9t c\u00f4 b\u00f2. C\u00f4 b\u00f2 \u0111\u00e1p: \u201cL\u00e0m sao ta c\u00f3 th\u1ec3 l\u00e0 m\u1eb9 ch\u00e1u \u0111\u01b0\u1ee3c ch\u1ee9, ta l\u00e0 b\u00f2 m\u00e0.\u201d<\/p>\n<p>M\u00e8o con, c\u00f4 g\u00e0 m\u00e1i, c\u00f4 b\u00f2\u2026\u0111\u1ec1u kh\u00f4ng ph\u1ea3i l\u00e0 m\u1eb9 c\u1ee7a chim non. Ch\u00fa ph\u1ea3i c\u00f3 m\u1ed9t ng\u01b0\u1eddi m\u1eb9 ch\u1ee9 nh\u1ec9? \u201cM\u00ecnh ch\u1eafc ch\u1eafn c\u00f3 m\u1ed9t ng\u01b0\u1eddi m\u1eb9, m\u00ecnh s\u1ebd t\u00ecm th\u1ea5y m\u1eb9\u201d chim non t\u1ef1 nh\u1ee7 v\u00e0 quy\u1ebft t\u00e2m h\u01a1n n\u1eefa.<\/p>\n<p>H\u00e0nh tr\u00ecnh \u0111i t\u00ecm m\u1eb9 c\u1ee7a ch\u00fa chim nh\u1ecf nh\u01b0 th\u1ebf n\u00e0o? Chim non b\u00e9 b\u1ecfng g\u1eb7p nh\u1eefng ai? V\u00e0 bao l\u00e2u sau ch\u00fa m\u1edbi t\u00ecm th\u1ea5y m\u1eb9 c\u1ee7a m\u00ecnh? S\u00e1ch in song ng\u1eef v\u1edbi h\u00ecnh \u1ea3nh r\u00f5 n\u00e9t, m\u00e0u s\u1eafc sinh \u0111\u1ed9ng.<\/p>\n","protected":false},"excerpt":{"rendered":"<p>M\u1eb9 c\u00f3 ph\u1ea3i l\u00e0 m\u1eb9 c\u1ee7a con? (Are you my mother?) l\u00e0 m\u1ed9t trong nh\u1eefng cu\u1ed1n truy\u1ec7n thi\u1ebfu nhi hay nh\u1ea5t c\u1ee7a t\u00e1c gi\u1ea3 P.D. Eastman, truy\u1ec7n \u0111\u01b0\u1ee3c d\u1ecbch gi\u1ea3 Ng\u00e2n Huy\u1ec1n chuy\u1ec3n ng\u1eef.<\/p>\n<p>\u1ede m\u1ed9t ng\u1ecdn c\u00e2y n\u1ecd, chim m\u1eb9 \u0111ang \u1ea5p m\u1ed9t qu\u1ea3 tr\u1ee9ng, lo cho chim con s\u1eafp ra \u0111\u1eddi, chim m\u1eb9 v\u1ed9i v\u00e0ng bay \u0111i ki\u1ebfm \u0111\u1ed3 \u0103n. Trong l\u00fac chim m\u1eb9 \u0111i v\u1eafng, qu\u1ea3 tr\u1ee9ng nh\u00fac nh\u00edch, \u0111\u1ed9ng \u0111\u1eady v\u00e0 m\u1ed9t ch\u00fa chim non ra \u0111\u1eddi.<\/p>\n<p>&#8211; \u201cM\u1eb9 \u01a1i, m\u1eb9 \u1edf \u0111\u00e2u?\u201d, chim non g\u1ecdi.<\/p>\n<p>R\u1ed3i ch\u00fa nh\u00ecn xung quanh, b\u00ean tr\u00ean, b\u00ean d\u01b0\u1edbi t\u00ecm m\u1eb9, nh\u01b0ng ch\u00fa kh\u00f4ng th\u1ea5y m\u1eb9 \u0111\u00e2u. Chim non quy\u1ebft \u0111\u1ecbnh \u0111i t\u00ecm m\u1eb9 c\u1ee7a m\u00ecnh. Nh\u01b0ng th\u1eadt kh\u00f3 v\u00ec ch\u00fa ch\u01b0a bi\u1ebft m\u1eb9 c\u1ee7a m\u00ecnh tr\u00f4ng nh\u01b0 th\u1ebf n\u00e0o, v\u1eady l\u00e0 chim non g\u1eb7p ai c\u0169ng ngoan ngo\u00e3n h\u1ecfi.<\/p>\n<p>&#8211; \u201cAnh c\u00f3 ph\u1ea3i l\u00e0 m\u1eb9 c\u1ee7a em kh\u00f4ng?\u201d Chim non h\u1ecfi m\u1ed9t ch\u00fa m\u00e8o, nh\u01b0ng m\u00e8o ch\u1ec9 nh\u00ecn tr\u1eebng tr\u1eebng.<\/p>\n<p>&#8211; \u201cC\u00f4 c\u00f3 ph\u1ea3i l\u00e0 m\u1eb9 c\u1ee7a ch\u00e1u kh\u00f4ng \u1ea1?\u201d ch\u00fa h\u1ecfi c\u00f4 g\u00e0 m\u00e1i. C\u00f4 g\u00e0 m\u00e1i b\u1ea3o: \u201cKh\u00f4ng\u201d.<\/p>\n<p>&#8211; \u201cC\u00f4 c\u00f3 ph\u1ea3i l\u00e0 m\u1eb9 c\u1ee7a ch\u00e1u kh\u00f4ng \u1ea1?\u201d, chim non ti\u1ebfn t\u1edbi h\u1ecfi m\u1ed9t c\u00f4 b\u00f2. C\u00f4 b\u00f2 \u0111\u00e1p: \u201cL\u00e0m sao ta c\u00f3 th\u1ec3 l\u00e0 m\u1eb9 ch\u00e1u \u0111\u01b0\u1ee3c ch\u1ee9, ta l\u00e0 b\u00f2 m\u00e0.\u201d<\/p>\n<p>M\u00e8o con, c\u00f4 g\u00e0 m\u00e1i, c\u00f4 b\u00f2\u2026\u0111\u1ec1u kh\u00f4ng ph\u1ea3i l\u00e0 m\u1eb9 c\u1ee7a chim non. Ch\u00fa ph\u1ea3i c\u00f3 m\u1ed9t ng\u01b0\u1eddi m\u1eb9 ch\u1ee9 nh\u1ec9? \u201cM\u00ecnh ch\u1eafc ch\u1eafn c\u00f3 m\u1ed9t ng\u01b0\u1eddi m\u1eb9, m\u00ecnh s\u1ebd t\u00ecm th\u1ea5y m\u1eb9\u201d chim non t\u1ef1 nh\u1ee7 v\u00e0 quy\u1ebft t\u00e2m h\u01a1n n\u1eefa.<\/p>\n<p>H\u00e0nh tr\u00ecnh \u0111i t\u00ecm m\u1eb9 c\u1ee7a ch\u00fa chim nh\u1ecf nh\u01b0 th\u1ebf n\u00e0o? Chim non b\u00e9 b\u1ecfng g\u1eb7p nh\u1eefng ai? V\u00e0 bao l\u00e2u sau ch\u00fa m\u1edbi t\u00ecm th\u1ea5y m\u1eb9 c\u1ee7a m\u00ecnh? S\u00e1ch in song ng\u1eef v\u1edbi h\u00ecnh \u1ea3nh r\u00f5 n\u00e9t, m\u00e0u s\u1eafc sinh \u0111\u1ed9ng.<\/p>\n","protected":false},"featured_media":16895,"template":"","meta":{"_acf_changed":false},"product_brand":[],"product_cat":[25,17,39,26],"product_tag":[],"class_list":{"0":"post-16896","1":"product","2":"type-product","3":"status-publish","4":"has-post-thumbnail","6":"product_cat-nhi-dong-6-tuoi-12-tuoi","7":"product_cat-sach-danh-cho-cac-be","8":"product_cat-sach-song-ngu-anh-viet","9":"product_cat-thieu-nien-11-tuoi-18-tuoi","11":"first","12":"outofstock","13":"taxable","14":"shipping-taxable","15":"purchasable","16":"product-type-simple"},"supplier_id":null,"supplier_sku":"","barcode":null,"atum_controlled":true,"out_stock_date":"2023-05-17 08:17:56","out_stock_threshold":null,"inheritable":false,"inbound_stock":0,"stock_on_hold":0,"sold_today":0,"sales_last_days":0,"reserved_stock":0,"customer_returns":0,"warehouse_damage":0,"lost_in_post":0,"other_logs":0,"out_stock_days":987,"lost_sales":0,"has_location":false,"update_date":"2026-01-28T23:10:58","atum_locations":[],"atum_stock_status":"outofstock","restock_status":false,"low_stock_amount":"","sales_update_date":"2026-01-28T23:10:58","calc_backorders":null,"acf":{"publisher":{"ID":1453,"post_author":"1","post_date":"2021-02-17 01:11:32","post_date_gmt":"2021-02-16 23:11:32","post_content":"<!-- wp:flatsome\/uxbuilder -->\n<h1 style=\"text-align: center;\"><strong>Qu\u1ea3ng V\u0103n<\/strong><\/h1>\n[row]\n\n[col span=\"6\" span__sm=\"12\"]\n\n[ux_image id=\"1552\" image_size=\"medium\"]\n\n\n[\/col]\n[col span=\"6\" span__sm=\"12\"]\n\n<p><strong>Quangvanbooks<\/strong><br \/>Qu\u1ea3ng V\u0103n l\u00e0 t\u1ed5 h\u1ee3p xu\u1ea5t b\u1ea3n, gi\u00e1o d\u1ee5c v\u00e0 nh\u01b0\u1ee3ng quy\u1ec1n h\u00e0ng \u0111\u1ea7u trong ng\u00e0nh c\u00f4ng nghi\u1ec7p s\u00e1ng t\u1ea1o v\u1edbi c\u00e1c th\u01b0\u01a1ng hi\u1ec7u nh\u00e1nh:<\/p>\n<p>Quangvanbooks - Th\u01b0\u01a1ng hi\u1ec7u s\u00e1ch v\u0103n h\u00f3a gi\u00e1o d\u1ee5c v\u00e0 v\u0103n h\u00f3a gi\u1ea3i tr\u00ed<br \/>Ehomebooks - Th\u01b0\u01a1ng hi\u1ec7u s\u00e1ch gi\u00e1o d\u1ee5c gia \u0111\u00ecnh<br \/>Sakurabooks - Th\u01b0\u01a1ng hi\u1ec7u s\u00e1ch Nh\u1eadt B\u1ea3n<br \/>IPERbooks - Th\u01b0\u01a1ng hi\u1ec7u s\u00e1ch gi\u00e1o d\u1ee5c nh\u00e0 tr\u01b0\u1eddng<br \/>IPER - Vi\u1ec7n nghi\u00ean c\u1ee9u xu\u1ea5t b\u1ea3n v\u00e0 gi\u00e1o d\u1ee5c IPER<\/p>\n<p><strong>T\u1ea7m nh\u00ecn<\/strong><br \/>Tr\u1edf th\u00e0nh th\u01b0\u01a1ng hi\u1ec7u s\u00e1ch v\u0103n h\u00f3a gi\u00e1o d\u1ee5c v\u00e0 v\u0103n h\u00f3a gi\u1ea3i tr\u00ed t\u1ed1t nh\u1ea5t v\u00e0 \u0111a d\u1ea1ng nh\u1ea5t Vi\u1ec7t Nam.<\/p>\n<p><br \/><strong>S\u1ee9 m\u1ec7nh<\/strong><br \/>Mang \u0111\u1ebfn nh\u1eefng cu\u1ed1n s\u00e1ch v\u0103n h\u00f3a gi\u00e1o d\u1ee5c v\u00e0 v\u0103n h\u00f3a gi\u1ea3i tr\u00ed \u0111\u1ebfn v\u1edbi \u0111\u1ed9c gi\u1ea3 Vi\u1ec7t Nam v\u00e0 th\u1ebf gi\u1edbi nh\u1eb1m gi\u00fap \u0111\u1ed9c gi\u1ea3 ph\u00e1t tri\u1ec3n b\u1ea3n th\u00e2n, gi\u00e1o d\u1ee5c, gi\u1ea3i tr\u00ed v\u00e0 khai s\u00e1ng nh\u1eb1m x\u00e2y d\u1ef1ng x\u00e3 h\u1ed9i th\u1ecbnh v\u01b0\u1ee3ng, h\u1ea1nh ph\u00fac.<\/p>\n<p><strong>Gi\u00e1 tr\u1ecb c\u1ed1t l\u00f5i<\/strong><\/p>\n<p>S\u00e1ng t\u1ea1o - Linh ho\u1ea1t - H\u1ee3p t\u00e1c - Ch\u00ednh tr\u1ef1c - Nhi\u1ec7t huy\u1ebft - C\u00e2n b\u1eb1ng - H\u1ea1nh ph\u00fac<\/p>\n\n[\/col]\n\n[\/row]\n\n<!-- \/wp:flatsome\/uxbuilder -->","post_title":"Qu\u1ea3ng V\u0103n","post_excerpt":"","post_status":"publish","comment_status":"closed","ping_status":"closed","post_password":"","post_name":"quang-van","to_ping":"","pinged":"","post_modified":"2021-02-17 01:26:44","post_modified_gmt":"2021-02-16 23:26:44","post_content_filtered":"","post_parent":0,"guid":"https:\/\/sachviet.eu\/nha-phat-hanh\/quang-van\/","menu_order":0,"post_type":"publisher","post_mime_type":"","comment_count":"0","filter":"raw"}},"_links":{"self":[{"href":"https:\/\/sachviet.eu\/en\/wp-json\/wp\/v2\/product\/16896","targetHints":{"allow":["GET"]}}],"collection":[{"href":"https:\/\/sachviet.eu\/en\/wp-json\/wp\/v2\/product"}],"about":[{"href":"https:\/\/sachviet.eu\/en\/wp-json\/wp\/v2\/types\/product"}],"wp:featuredmedia":[{"embeddable":true,"href":"https:\/\/sachviet.eu\/en\/wp-json\/wp\/v2\/media\/16895"}],"wp:attachment":[{"href":"https:\/\/sachviet.eu\/en\/wp-json\/wp\/v2\/media?parent=16896"}],"wp:term":[{"taxonomy":"product_brand","embeddable":true,"href":"https:\/\/sachviet.eu\/en\/wp-json\/wp\/v2\/product_brand?post=16896"},{"taxonomy":"product_cat","embeddable":true,"href":"https:\/\/sachviet.eu\/en\/wp-json\/wp\/v2\/product_cat?post=16896"},{"taxonomy":"product_tag","embeddable":true,"href":"https:\/\/sachviet.eu\/en\/wp-json\/wp\/v2\/product_tag?post=16896"}],"curies":[{"name":"wp","href":"https:\/\/api.w.org\/{rel}","templated":true}]}}