{"id":16889,"date":"2022-01-27T21:50:53","date_gmt":"2022-01-27T19:50:53","guid":{"rendered":"https:\/\/sachviet.eu\/shop\/song-sot-nhung-cau-chuyen-thoat-hiem-va-sinh-ton-ky-thu\/"},"modified":"2022-01-27T22:23:19","modified_gmt":"2022-01-27T20:23:19","slug":"song-sot-nhung-cau-chuyen-thoat-hiem-va-sinh-ton-ky-thu","status":"publish","type":"product","link":"https:\/\/sachviet.eu\/en\/shop\/song-sot-nhung-cau-chuyen-thoat-hiem-va-sinh-ton-ky-thu\/","title":{"rendered":"S\u1ed1ng S\u00f3t: Nh\u1eefng C\u00e2u Chuy\u1ec7n Tho\u00e1t Hi\u1ec3m V\u00e0 Sinh T\u1ed3n K\u1ef3 Th\u00fa"},"content":{"rendered":"<p>Nh\u1eefng c\u00e2u chuy\u1ec7n tho\u00e1t hi\u1ec3m v\u00e0 sinh t\u1ed3n k\u1ef3 th\u00fa<\/p>\n<p>M\u1ed9t c\u1eadu ph\u1ee5c v\u1ee5 t\u00e0u l\u00eanh \u0111\u00eanh 133 ng\u00e0y tr\u00ean \u0110\u1ea1i T\u00e2y D\u01b0\u01a1ng, h\u00fat m\u00e1u c\u00e1 m\u1eadp u\u1ed1ng thay n\u01b0\u1edbc<\/p>\n<p>M\u1ed9t n\u1eef sinh r\u01a1i t\u1eeb m\u00e1y bay, b\u0103ng qua r\u1eebng r\u1eadm Amazon t\u00ecm \u0111\u01b0\u1eddng s\u1ed1ng<\/p>\n<p>M\u1ed9t ng\u01b0\u1eddi phi c\u00f4ng lao c\u1ea3 chi\u1ebfc tr\u1ef1c th\u0103ng xu\u1ed1ng mi\u1ec7ng n\u00fai l\u1eeda<\/p>\n<p>\u2026<\/p>\n<p>R\u1ea5t nhi\u1ec1u nh\u1eefng c\u00e2u chuy\u1ec7n sinh t\u1ed3n trong thi\u00ean nhi\u00ean kh\u1eafc nghi\u1ec7t \u0111\u01b0\u1ee3c thu\u1eadt l\u1ea1i b\u1edfi c\u00e2y b\u00fat \u0111a t\u00e0i David Long v\u00e0 \u0111\u01b0\u1ee3c minh ho\u1ea1 sinh \u0111\u1ed9ng b\u1edfi ho\u1ea1 s\u0129 Kerry Hyundman trong \u201cS\u1ed0NG S\u00d3T\u201d. C\u00f3 nh\u1eefng ng\u01b0\u1eddi ngay t\u1eeb \u0111\u1ea7u \u0111\u00e3 hi\u1ec3u r\u00f5 m\u00ecnh \u0111ang d\u1ea5n th\u00e2n v\u00e0o hi\u1ec3m nguy, nhi\u1ec1u ng\u01b0\u1eddi kh\u00e1c th\u00ec ch\u1ec9 do s\u1ed1 ph\u1eadn xui x\u1ebbo. M\u1ed9t v\u00e0i ng\u01b0\u1eddi tho\u00e1t ch\u1ebft nguy\u00ean v\u1eb9n, nhi\u1ec1u ng\u01b0\u1eddi kh\u00e1c b\u1ecb th\u01b0\u01a1ng n\u1eb7ng. Nh\u01b0ng nh\u1eefng \u201ccu\u1ed9c phi\u00eau l\u01b0u\u201d c\u1ee7a h\u1ecd \u0111\u1ec1u k\u1ef3 th\u00fa, \u0111\u00e1ng kinh ng\u1ea1c, tr\u00e0n \u0111\u1ea7y c\u1ea3m h\u1ee9ng \u2013 v\u00e0 ho\u00e0n to\u00e0n c\u00f3 th\u1eadt.<\/p>\n<p>S\u1ed0NG S\u00d3T \u0111\u00e3 \u0111o\u1ea1t gi\u1ea3i S\u00e1ch Phi h\u01b0 c\u1ea5u hay nh\u1ea5t t\u1ea1i Gi\u1ea3i th\u01b0\u1edfng Blue Peter Book 2017.<\/p>\n<p>&#8220;Mang \u0111\u1ebfn s\u1ef1 ph\u1ea5n kh\u00edch v\u00e0 nguy hi\u1ec3m t\u1ed9t c\u00f9ng, nh\u1eefng c\u00e2u chuy\u1ec7n h\u1ea5p d\u1eabn c\u1ee7a David Long c\u0169ng cung c\u1ea5p c\u00e1i nh\u00ecn s\u00e2u s\u1eafc v\u1ec1 c\u00e1ch v\u1eadn d\u1ee5ng k\u1ef9 n\u0103ng, ki\u1ebfn th\u1ee9c v\u00e0 s\u1ef1 ngoan c\u01b0\u1eddng, \u0111\u1ec3 con ng\u01b0\u1eddi chi\u1ebfn \u0111\u1ea5u v\u00e0 chi\u1ebfn th\u1eafng t\u1eed th\u1ea7n.&#8221; &#8211; T\u1ea1p ch\u00ed Publishers Weekly<\/p>\n<p>\u201cC\u1ea3 ng\u01b0\u1eddi l\u1edbn v\u00e0 tr\u1ebb em \u0111\u1ec1u s\u1ebd say m\u00ea nh\u1eefng c\u00e2u chuy\u1ec7n ngo\u1ea1n m\u1ee5c c\u00f3 th\u1ef1c n\u00e0y\u201d  \u2013 T\u1ea1p ch\u00ed Daily Telegraph<\/p>\n","protected":false},"excerpt":{"rendered":"<p>Nh\u1eefng c\u00e2u chuy\u1ec7n tho\u00e1t hi\u1ec3m v\u00e0 sinh t\u1ed3n k\u1ef3 th\u00fa<\/p>\n<p>M\u1ed9t c\u1eadu ph\u1ee5c v\u1ee5 t\u00e0u l\u00eanh \u0111\u00eanh 133 ng\u00e0y tr\u00ean \u0110\u1ea1i T\u00e2y D\u01b0\u01a1ng, h\u00fat m\u00e1u c\u00e1 m\u1eadp u\u1ed1ng thay n\u01b0\u1edbc<\/p>\n<p>M\u1ed9t n\u1eef sinh r\u01a1i t\u1eeb m\u00e1y bay, b\u0103ng qua r\u1eebng r\u1eadm Amazon t\u00ecm \u0111\u01b0\u1eddng s\u1ed1ng<\/p>\n<p>M\u1ed9t ng\u01b0\u1eddi phi c\u00f4ng lao c\u1ea3 chi\u1ebfc tr\u1ef1c th\u0103ng xu\u1ed1ng mi\u1ec7ng n\u00fai l\u1eeda<\/p>\n<p>\u2026<\/p>\n<p>R\u1ea5t nhi\u1ec1u nh\u1eefng c\u00e2u chuy\u1ec7n sinh t\u1ed3n trong thi\u00ean nhi\u00ean kh\u1eafc nghi\u1ec7t \u0111\u01b0\u1ee3c thu\u1eadt l\u1ea1i b\u1edfi c\u00e2y b\u00fat \u0111a t\u00e0i David Long v\u00e0 \u0111\u01b0\u1ee3c minh ho\u1ea1 sinh \u0111\u1ed9ng b\u1edfi ho\u1ea1 s\u0129 Kerry Hyundman trong \u201cS\u1ed0NG S\u00d3T\u201d. C\u00f3 nh\u1eefng ng\u01b0\u1eddi ngay t\u1eeb \u0111\u1ea7u \u0111\u00e3 hi\u1ec3u r\u00f5 m\u00ecnh \u0111ang d\u1ea5n th\u00e2n v\u00e0o hi\u1ec3m nguy, nhi\u1ec1u ng\u01b0\u1eddi kh\u00e1c th\u00ec ch\u1ec9 do s\u1ed1 ph\u1eadn xui x\u1ebbo. M\u1ed9t v\u00e0i ng\u01b0\u1eddi tho\u00e1t ch\u1ebft nguy\u00ean v\u1eb9n, nhi\u1ec1u ng\u01b0\u1eddi kh\u00e1c b\u1ecb th\u01b0\u01a1ng n\u1eb7ng. Nh\u01b0ng nh\u1eefng \u201ccu\u1ed9c phi\u00eau l\u01b0u\u201d c\u1ee7a h\u1ecd \u0111\u1ec1u k\u1ef3 th\u00fa, \u0111\u00e1ng kinh ng\u1ea1c, tr\u00e0n \u0111\u1ea7y c\u1ea3m h\u1ee9ng \u2013 v\u00e0 ho\u00e0n to\u00e0n c\u00f3 th\u1eadt.<\/p>\n<p>S\u1ed0NG S\u00d3T \u0111\u00e3 \u0111o\u1ea1t gi\u1ea3i S\u00e1ch Phi h\u01b0 c\u1ea5u hay nh\u1ea5t t\u1ea1i Gi\u1ea3i th\u01b0\u1edfng Blue Peter Book 2017.<\/p>\n<p>&#8220;Mang \u0111\u1ebfn s\u1ef1 ph\u1ea5n kh\u00edch v\u00e0 nguy hi\u1ec3m t\u1ed9t c\u00f9ng, nh\u1eefng c\u00e2u chuy\u1ec7n h\u1ea5p d\u1eabn c\u1ee7a David Long c\u0169ng cung c\u1ea5p c\u00e1i nh\u00ecn s\u00e2u s\u1eafc v\u1ec1 c\u00e1ch v\u1eadn d\u1ee5ng k\u1ef9 n\u0103ng, ki\u1ebfn th\u1ee9c v\u00e0 s\u1ef1 ngoan c\u01b0\u1eddng, \u0111\u1ec3 con ng\u01b0\u1eddi chi\u1ebfn \u0111\u1ea5u v\u00e0 chi\u1ebfn th\u1eafng t\u1eed th\u1ea7n.&#8221; &#8211; T\u1ea1p ch\u00ed Publishers Weekly<\/p>\n<p>\u201cC\u1ea3 ng\u01b0\u1eddi l\u1edbn v\u00e0 tr\u1ebb em \u0111\u1ec1u s\u1ebd say m\u00ea nh\u1eefng c\u00e2u chuy\u1ec7n ngo\u1ea1n m\u1ee5c c\u00f3 th\u1ef1c n\u00e0y\u201d  \u2013 T\u1ea1p ch\u00ed Daily Telegraph<\/p>\n","protected":false},"featured_media":16888,"template":"","meta":{"_acf_changed":false},"product_brand":[],"product_cat":[25,17,26],"product_tag":[],"class_list":{"0":"post-16889","1":"product","2":"type-product","3":"status-publish","4":"has-post-thumbnail","6":"product_cat-nhi-dong-6-tuoi-12-tuoi","7":"product_cat-sach-danh-cho-cac-be","8":"product_cat-thieu-nien-11-tuoi-18-tuoi","10":"first","11":"instock","12":"taxable","13":"shipping-taxable","14":"purchasable","15":"product-type-simple"},"supplier_id":null,"supplier_sku":"","barcode":null,"atum_controlled":true,"out_stock_date":null,"out_stock_threshold":null,"inheritable":false,"inbound_stock":0,"stock_on_hold":0,"sold_today":0,"sales_last_days":0,"reserved_stock":0,"customer_returns":0,"warehouse_damage":0,"lost_in_post":0,"other_logs":0,"out_stock_days":0,"lost_sales":0,"has_location":false,"update_date":"2026-01-28T23:10:58","atum_locations":[],"atum_stock_status":"instock","restock_status":false,"low_stock_amount":"","sales_update_date":"2026-01-28T23:10:58","calc_backorders":null,"acf":{"publisher":{"ID":16887,"post_author":"1","post_date":"2022-01-27 21:50:49","post_date_gmt":"2022-01-27 19:50:49","post_content":"","post_title":"Read Books","post_excerpt":"","post_status":"publish","comment_status":"closed","ping_status":"closed","post_password":"","post_name":"read-books","to_ping":"","pinged":"","post_modified":"2022-01-27 21:50:49","post_modified_gmt":"2022-01-27 19:50:49","post_content_filtered":"","post_parent":0,"guid":"https:\/\/sachviet.eu\/nha-phat-hanh\/read-books\/","menu_order":0,"post_type":"publisher","post_mime_type":"","comment_count":"0","filter":"raw"}},"_links":{"self":[{"href":"https:\/\/sachviet.eu\/en\/wp-json\/wp\/v2\/product\/16889","targetHints":{"allow":["GET"]}}],"collection":[{"href":"https:\/\/sachviet.eu\/en\/wp-json\/wp\/v2\/product"}],"about":[{"href":"https:\/\/sachviet.eu\/en\/wp-json\/wp\/v2\/types\/product"}],"wp:featuredmedia":[{"embeddable":true,"href":"https:\/\/sachviet.eu\/en\/wp-json\/wp\/v2\/media\/16888"}],"wp:attachment":[{"href":"https:\/\/sachviet.eu\/en\/wp-json\/wp\/v2\/media?parent=16889"}],"wp:term":[{"taxonomy":"product_brand","embeddable":true,"href":"https:\/\/sachviet.eu\/en\/wp-json\/wp\/v2\/product_brand?post=16889"},{"taxonomy":"product_cat","embeddable":true,"href":"https:\/\/sachviet.eu\/en\/wp-json\/wp\/v2\/product_cat?post=16889"},{"taxonomy":"product_tag","embeddable":true,"href":"https:\/\/sachviet.eu\/en\/wp-json\/wp\/v2\/product_tag?post=16889"}],"curies":[{"name":"wp","href":"https:\/\/api.w.org\/{rel}","templated":true}]}}