{"id":16868,"date":"2022-01-27T21:49:54","date_gmt":"2022-01-27T19:49:54","guid":{"rendered":"https:\/\/sachviet.eu\/shop\/thoi-quen-thu-8-tu-hieu-qua-den-vi-dai-bia-cung\/"},"modified":"2022-02-08T22:27:13","modified_gmt":"2022-02-08T20:27:13","slug":"thoi-quen-thu-8-tu-hieu-qua-den-vi-dai-bia-cung","status":"publish","type":"product","link":"https:\/\/sachviet.eu\/en\/shop\/thoi-quen-thu-8-tu-hieu-qua-den-vi-dai-bia-cung\/","title":{"rendered":"Th\u00f3i Quen Th\u1ee9 8 &#8211; T\u1eeb Hi\u1ec7u Qu\u1ea3 \u0110\u1ebfn V\u0129 \u0110\u1ea1i (B\u00eca C\u1ee9ng)"},"content":{"rendered":"<p>Th\u1ebf gi\u1edbi \u0111\u00e3 bi\u1ebfn \u0111\u1ed5i s\u00e2u s\u1eafc k\u1ec3 t\u1eeb khi cu\u1ed1n 7 Th\u00f3i quen \u0111\u1ec3 Th\u00e0nh \u0111\u1ea1t (The 7 Habits of Highly Effective People) \u0111\u01b0\u1ee3c xu\u1ea5t b\u1ea3n l\u1ea7n \u0111\u1ea7u ti\u00ean n\u0103m 1989. Tuy nhi\u00ean, y\u00eau c\u1ea7u c\u1ee7a k\u1ef7 nguy\u00ean m\u1edbi, K\u1ef7 Nguy\u00ean Lao \u0111\u1ed9ng Tri th\u1ee9c, \u0111\u00f2i h\u1ecfi ch\u00fang ta ph\u1ea3i v\u01b0\u1ee3t qua s\u1ef1 Hi\u1ec7u qu\u1ea3 \u0111\u1ec3 v\u01b0\u01a1n \u0111\u1ebfn s\u1ef1 V\u0129 \u0111\u1ea1i. \u0110\u00f3 c\u0169ng ch\u00ednh l\u00e0 s\u1ef1 th\u00e0nh c\u00f4ng m\u1ef9 m\u00e3n c\u1ee7a t\u1ed5 ch\u1ee9c d\u1ef1a tr\u00ean s\u1ef1 \u0111\u00f3ng g\u00f3p th\u1ecfa \u0111\u00e1ng c\u1ee7a t\u1eebng c\u00e1 nh\u00e2n. V\u00e0, Th\u00f3i quen Th\u1ee9 8 \u0111\u00e3 ra \u0111\u1eddi\u2026<br \/>\nT\u00ecm ra ti\u1ebfng n\u00f3i c\u1ee7a b\u1ea3n th\u00e2n v\u00e0 truy\u1ec1n c\u1ea3m h\u1ee9ng cho ng\u01b0\u1eddi kh\u00e1c \u0111\u1ec3 h\u1ecd t\u00ecm ra ti\u1ebfng n\u00f3i c\u1ee7a h\u1ecd ch\u00ednh l\u00e0 t\u01b0 t\u01b0\u1edfng ch\u1ee7 \u0111\u1ea1o c\u1ee7a Th\u00f3i quen th\u1ee9 8. N\u00f3 bao g\u1ed3m m\u1ed9t h\u1ec7 th\u1ed1ng c\u00e1c \u00fd t\u01b0\u1edfng c\u00f3 s\u1ee9c t\u00e1c \u0111\u1ed9ng m\u1ea1nh m\u1ebd nh\u1eb1m t\u1ea1o \u0111\u1ed9ng l\u1ef1c v\u00e0 g\u1eb7t h\u00e1i th\u00e0nh c\u00f4ng cho nh\u00e2n vi\u00ean, nh\u00e0 qu\u1ea3n l\u00fd v\u00e0 t\u1ed5 ch\u1ee9c. Th\u00f3i quen th\u1ee9 8 trang b\u1ecb cho b\u1ea1n m\u1ed9t n\u1ebfp ngh\u0129 v\u00e0 c\u00e1c k\u1ef9 n\u0103ng c\u1ea7n thi\u1ebft \u0111\u1ec3 kh\u00f4ng ng\u1eebng kh\u01a1i d\u1eady nh\u1eefng ti\u1ec1m n\u0103ng v\u00f4 t\u1eadn \u0111ang ng\u1ee7 y\u00ean trong \u0111\u1ed9i ng\u0169 nh\u00e2n vi\u00ean c\u1ee7a b\u1ea1n. \u0110\u1ec3 l\u00e0m \u0111\u01b0\u1ee3c \u0111i\u1ec1u n\u00e0y, b\u1ea1n ph\u1ea3i bi\u1ebft c\u00e1ch l\u1eafng nghe ng\u01b0\u1eddi kh\u00e1c, b\u1ea1n ph\u1ea3i l\u00f4i cu\u1ed1n h\u1ecd c\u00f9ng tham gia v\u00e0 kh\u00f4ng ng\u1eebng kh\u1eb3ng \u0111\u1ecbnh s\u1ee9c m\u1ea1nh c\u1ee7a h\u1ecd b\u1eb1ng l\u1eddi n\u00f3i v\u00e0 h\u00e0nh \u0111\u1ed9ng c\u1ee7a ch\u00ednh m\u00ecnh.<br \/>\nNg\u00e0y nay, tr\u1edf th\u00e0nh m\u1ed9t t\u1ed5 ch\u1ee9c th\u00e0nh c\u00f4ng hay m\u1ed9t ng\u01b0\u1eddi th\u00e0nh \u0111\u1ea1t kh\u00f4ng c\u00f2n l\u00e0 m\u1ed9t l\u1ef1a ch\u1ecdn \u0111\u01a1n thu\u1ea7n m\u00e0 l\u00e0 m\u1ed9t m\u1ee5c ti\u00eau b\u1eaft bu\u1ed9c \u0111\u1ed1i v\u1edbi t\u1ea5t c\u1ea3 m\u1ecdi ng\u01b0\u1eddi. Nh\u01b0ng \u0111\u1ec3 t\u1ed3n t\u1ea1i, ph\u00e1t tri\u1ec3n, \u0111\u1ed5i m\u1edbi, v\u01b0\u1ee3t tr\u1ed9i v\u00e0 d\u1eabn \u0111\u1ea7u, ch\u00fang ta kh\u00f4ng th\u1ec3 l\u00e0m vi\u1ec7c m\u1ed9t m\u00ecnh. Ch\u00fang ta c\u1ea7n s\u1ef1 c\u1ed9ng h\u01b0\u1edfng v\u00e0 \u0111\u00f3ng g\u00f3p c\u1ee7a r\u1ea5t nhi\u1ec1u ng\u01b0\u1eddi, ch\u00fang ta c\u1ea7n c\u00f3 n\u1ebfp ngh\u0129 m\u1edbi, k\u1ef9 n\u0103ng m\u1edbi, c\u00f4ng c\u1ee5 m\u1edbi\u2026 N\u00f3i theo Stephan Covey, ch\u00fang ta c\u1ea7n m\u1ed9t th\u00f3i quen m\u1edbi: Th\u00f3i quen Th\u1ee9 8. T\u00e1c gi\u1ea3 Stephen Covey chia s\u1ebb sau khi vi\u1ebft cu\u1ed1n s\u00e1ch m\u1edbi THE 8th HABIT &#8211; Th\u00f3i quen th\u1ee9 8: \u201c\u0110\u00e2y kh\u00f4ng ph\u1ea3i l\u00e0 m\u1ed9t th\u00f3i quen b\u1ecb ch\u00fang t\u00f4i b\u1ecf qu\u00ean khi vi\u1ebft cu\u1ed1n 7 Th\u00f3i quen. Th\u00f3i quen Th\u1ee9 8 n\u00f3i v\u1ec1 vi\u1ec7c nh\u1eadn bi\u1ebft v\u00e0 khai th\u00e1c s\u1ee9c m\u1ea1nh \u1edf kh\u00eda c\u1ea1nh th\u1ee9 ba c\u1ee7a 7 Th\u00f3i quen \u0111\u1ec3 \u0111\u00e1p \u1ee9ng \u0111\u00f2i h\u1ecfi c\u1ee7a th\u1eddi \u0111\u1ea1i lao \u0111\u1ed9ng tri th\u1ee9\u201d<br \/>\nTr\u00ean h\u00e0nh tr\u00ecnh cu\u1ed9c s\u1ed1ng c\u1ee7a m\u1ed7i ng\u01b0\u1eddi, ch\u00fang ta c\u00f3 th\u1ec3 ch\u1ecdn m\u1ed9t trong hai con \u0111\u01b0\u1eddng: M\u1ed9t con \u0111\u01b0\u1eddng d\u1ec5 d\u00e0ng nh\u01b0ng d\u1eabn \u0111\u1ebfn k\u1ebft c\u1ee5c t\u1ea7m th\u01b0\u1eddng; v\u00e0 m\u1ed9t con \u0111\u01b0\u1eddng kh\u00e1c g\u1eadp gh\u1ec1nh, kh\u00fac khu\u1ef7u nh\u01b0ng \u0111\u01b0a t\u1edbi \u0111\u1ec9nh vinh quang. Th\u00f3i quen th\u1ee9 8 ch\u1ec9 l\u1ed1i cho ch\u00fang ta c\u00f9ng \u0111i \u0111\u1ebfn vinh quang qua b\u00ed quy\u1ebft c\u1ee7a n\u00f3, \u0111\u00f3 l\u00e0: T\u00ecm ra \u201cTi\u1ebfng N\u00f3i\u201d c\u1ee7a b\u1ea3n th\u00e2n v\u00e0 truy\u1ec1n c\u1ea3m h\u1ee9ng gi\u00fap ng\u01b0\u1eddi kh\u00e1c t\u00ecm ra \u201cTi\u1ebfng N\u00f3i\u201d c\u1ee7a h\u1ecd. \u0110\u00f3 l\u00e0 ti\u1ebfng n\u00f3i c\u1ee7a tinh th\u1ea7n nh\u00e2n v\u0103n \u2013 ch\u1ee9a \u0111\u1ea7y ni\u1ec1m tin, tr\u00ed tu\u1ec7 v\u00e0 nh\u1eefng ti\u1ec1m n\u0103ng v\u00f4 t\u1eadn \u0111\u1ec3 ph\u1ee5ng s\u1ef1 cho m\u1ee5c \u0111\u00edch cao c\u1ea3: V\u01b0\u01a1n \u0111\u1ebfn s\u1ef1 V\u0129 \u0111\u1ea1i.<br \/>\nPhi\u00ean b\u1ea3n Th\u00f3i Quen Th\u1ee9 8 t\u00e1i b\u1ea3n l\u1ea7n n\u00e0y \u0111\u01b0\u1ee3c \u0111\u1ed5i kh\u1ed5 l\u1edbn, thi\u1ebft k\u1ebf m\u1edbi, gi\u00e1 m\u1edbi so v\u1edbi phi\u00ean b\u1ea3n tr\u01b0\u1edbc.<br \/>\nNh\u1eadn x\u00e9t v\u1ec1 cu\u1ed1n s\u00e1ch<br \/>\n\u201cT\u00e1c ph\u1ea9m c\u1ee7a Covey \u0111\u00e3 t\u00e1c \u0111\u1ed9ng \u0111\u1ebfn h\u00e0ng ch\u1ee5c tri\u1ec7u ng\u01b0\u1eddi tr\u00ean kh\u1eafp th\u1ebf gi\u1edbi. Trong quy\u1ec3n s\u00e1ch n\u00e0y, \u00f4ng \u0111\u00e3 th\u1ef1c hi\u1ec7n m\u1ed9t b\u01b0\u1edbc nh\u1ea3y v\u0129 \u0111\u1ea1i trong t\u01b0 duy \u0111\u1ec3 gi\u1edbi thi\u1ec7u v\u1edbi ch\u00fang ta nh\u1eefng \u00fd t\u01b0\u1edfng v\u00e0 \u1ee9ng d\u1ee5ng c\u00f3 \u1ea3nh h\u01b0\u1edfng s\u00e2u s\u1eafc \u0111\u1ebfn cu\u1ed9c s\u1ed1ng ch\u00fang ta. Th\u00f3i Quen Th\u1ee9 8 l\u00e0 m\u1ed9t quy\u1ec3n s\u00e1ch tuy\u1ec7t v\u1eddi, m\u1ed9t th\u00e0nh t\u1ef1u l\u1edbn v\u1ec1 tinh th\u1ea7n, v\u00e0 theo t\u00f4i, l\u00e0 cu\u1ed1n s\u00e1ch hay nh\u1ea5t m\u00e0 Covey \u0111\u00e3 t\u1eebng vi\u1ebft.\u201d &#8211; WARREN BENNIS, Gi\u00e1o s\u01b0 ng\u00e0nh Qu\u1ea3n tr\u1ecb h\u1ecdc, t\u00e1c gi\u1ea3 quy\u1ec3n Becoming a Leader.<br \/>\n\u201cT\u00f4i th\u01b0\u1eddng s\u1eed d\u1ee5ng 7 Th\u00f3i Quen l\u00e0m nguy\u00ean t\u1eafc soi \u0111\u01b0\u1eddng trong ho\u1ea1t \u0111\u1ed9ng \u0111i\u1ec1u h\u00e0nh doanh nghi\u1ec7p c\u1ee7a m\u00ecnh. R\u1ed3i t\u00f4i \u0111\u1ecdc ti\u1ebfp quy\u1ec3n Th\u00f3i Quen Th\u1ee9 8 v\u00e0 ho\u00e0n to\u00e0n b\u1ecb chinh ph\u1ee5c, th\u1ea5y m\u00ecnh \u0111\u01b0\u1ee3c truy\u1ec1n th\u00eam s\u1ee9c m\u1ea1nh\u2026 M\u1ed9t ki\u1ec7t t\u00e1c c\u1ee7a Stephen Covey! &#8221; &#8211; HORST SCHULZE C\u1ef1u Ch\u1ee7 t\u1ecbch ki\u00eam Gi\u00e1m \u0111\u1ed1c \u0111i\u1ec1u h\u00e0nh Chu\u1ed7i Kh\u00e1ch s\u1ea1n Ritz-Carlton<br \/>\n\u201cStephen Covey t\u1eeb l\u00e2u \u0111\u00e3 l\u00e0 m\u1ed9t ng\u01b0\u1eddi d\u1eabn d\u1eaft v\u1eefng v\u00e0ng cho nh\u1eefng ai mu\u1ed1n ho\u00e0n thi\u1ec7n b\u1ea3n th\u00e2n. Th\u00f3i Quen Th\u1ee9 8: T\u1eeb Hi\u1ec7u qu\u1ea3 \u0111\u1ebfn V\u0129 \u0111\u1ea1i h\u01b0\u1edbng d\u1eabn ch\u00fang ta c\u00e1ch v\u01b0\u01a1n \u0111\u1ebfn \u0111\u1ec9nh cao c\u1ee7a th\u00e0nh c\u00f4ng v\u00e0 s\u1ef1 ho\u00e0n thi\u1ec7n.\u201d &#8211; STEVE FORBES, Ch\u1ee7 t\u1ecbch, CEO, T\u1ed5ng bi\u00ean t\u1eadp T\u1ea1p ch\u00ed Forbes.<\/p>\n","protected":false},"excerpt":{"rendered":"<p>Th\u1ebf gi\u1edbi \u0111\u00e3 bi\u1ebfn \u0111\u1ed5i s\u00e2u s\u1eafc k\u1ec3 t\u1eeb khi cu\u1ed1n 7 Th\u00f3i quen \u0111\u1ec3 Th\u00e0nh \u0111\u1ea1t (The 7 Habits of Highly Effective People) \u0111\u01b0\u1ee3c xu\u1ea5t b\u1ea3n l\u1ea7n \u0111\u1ea7u ti\u00ean n\u0103m 1989. Tuy nhi\u00ean, y\u00eau c\u1ea7u c\u1ee7a k\u1ef7 nguy\u00ean m\u1edbi, K\u1ef7 Nguy\u00ean Lao \u0111\u1ed9ng Tri th\u1ee9c, \u0111\u00f2i h\u1ecfi ch\u00fang ta ph\u1ea3i v\u01b0\u1ee3t qua s\u1ef1 Hi\u1ec7u qu\u1ea3 \u0111\u1ec3 v\u01b0\u01a1n \u0111\u1ebfn s\u1ef1 V\u0129 \u0111\u1ea1i. \u0110\u00f3 c\u0169ng ch\u00ednh l\u00e0 s\u1ef1 th\u00e0nh c\u00f4ng m\u1ef9 m\u00e3n c\u1ee7a t\u1ed5 ch\u1ee9c d\u1ef1a tr\u00ean s\u1ef1 \u0111\u00f3ng g\u00f3p th\u1ecfa \u0111\u00e1ng c\u1ee7a t\u1eebng c\u00e1 nh\u00e2n. V\u00e0, Th\u00f3i quen Th\u1ee9 8 \u0111\u00e3 ra \u0111\u1eddi\u2026<br \/>\nT\u00ecm ra ti\u1ebfng n\u00f3i c\u1ee7a b\u1ea3n th\u00e2n v\u00e0 truy\u1ec1n c\u1ea3m h\u1ee9ng cho ng\u01b0\u1eddi kh\u00e1c \u0111\u1ec3 h\u1ecd t\u00ecm ra ti\u1ebfng n\u00f3i c\u1ee7a h\u1ecd ch\u00ednh l\u00e0 t\u01b0 t\u01b0\u1edfng ch\u1ee7 \u0111\u1ea1o c\u1ee7a Th\u00f3i quen th\u1ee9 8. N\u00f3 bao g\u1ed3m m\u1ed9t h\u1ec7 th\u1ed1ng c\u00e1c \u00fd t\u01b0\u1edfng c\u00f3 s\u1ee9c t\u00e1c \u0111\u1ed9ng m\u1ea1nh m\u1ebd nh\u1eb1m t\u1ea1o \u0111\u1ed9ng l\u1ef1c v\u00e0 g\u1eb7t h\u00e1i th\u00e0nh c\u00f4ng cho nh\u00e2n vi\u00ean, nh\u00e0 qu\u1ea3n l\u00fd v\u00e0 t\u1ed5 ch\u1ee9c. Th\u00f3i quen th\u1ee9 8 trang b\u1ecb cho b\u1ea1n m\u1ed9t n\u1ebfp ngh\u0129 v\u00e0 c\u00e1c k\u1ef9 n\u0103ng c\u1ea7n thi\u1ebft \u0111\u1ec3 kh\u00f4ng ng\u1eebng kh\u01a1i d\u1eady nh\u1eefng ti\u1ec1m n\u0103ng v\u00f4 t\u1eadn \u0111ang ng\u1ee7 y\u00ean trong \u0111\u1ed9i ng\u0169 nh\u00e2n vi\u00ean c\u1ee7a b\u1ea1n. \u0110\u1ec3 l\u00e0m \u0111\u01b0\u1ee3c \u0111i\u1ec1u n\u00e0y, b\u1ea1n ph\u1ea3i bi\u1ebft c\u00e1ch l\u1eafng nghe ng\u01b0\u1eddi kh\u00e1c, b\u1ea1n ph\u1ea3i l\u00f4i cu\u1ed1n h\u1ecd c\u00f9ng tham gia v\u00e0 kh\u00f4ng ng\u1eebng kh\u1eb3ng \u0111\u1ecbnh s\u1ee9c m\u1ea1nh c\u1ee7a h\u1ecd b\u1eb1ng l\u1eddi n\u00f3i v\u00e0 h\u00e0nh \u0111\u1ed9ng c\u1ee7a ch\u00ednh m\u00ecnh.<br \/>\nNg\u00e0y nay, tr\u1edf th\u00e0nh m\u1ed9t t\u1ed5 ch\u1ee9c th\u00e0nh c\u00f4ng hay m\u1ed9t ng\u01b0\u1eddi th\u00e0nh \u0111\u1ea1t kh\u00f4ng c\u00f2n l\u00e0 m\u1ed9t l\u1ef1a ch\u1ecdn \u0111\u01a1n thu\u1ea7n m\u00e0 l\u00e0 m\u1ed9t m\u1ee5c ti\u00eau b\u1eaft bu\u1ed9c \u0111\u1ed1i v\u1edbi t\u1ea5t c\u1ea3 m\u1ecdi ng\u01b0\u1eddi. Nh\u01b0ng \u0111\u1ec3 t\u1ed3n t\u1ea1i, ph\u00e1t tri\u1ec3n, \u0111\u1ed5i m\u1edbi, v\u01b0\u1ee3t tr\u1ed9i v\u00e0 d\u1eabn \u0111\u1ea7u, ch\u00fang ta kh\u00f4ng th\u1ec3 l\u00e0m vi\u1ec7c m\u1ed9t m\u00ecnh. Ch\u00fang ta c\u1ea7n s\u1ef1 c\u1ed9ng h\u01b0\u1edfng v\u00e0 \u0111\u00f3ng g\u00f3p c\u1ee7a r\u1ea5t nhi\u1ec1u ng\u01b0\u1eddi, ch\u00fang ta c\u1ea7n c\u00f3 n\u1ebfp ngh\u0129 m\u1edbi, k\u1ef9 n\u0103ng m\u1edbi, c\u00f4ng c\u1ee5 m\u1edbi\u2026 N\u00f3i theo Stephan Covey, ch\u00fang ta c\u1ea7n m\u1ed9t th\u00f3i quen m\u1edbi: Th\u00f3i quen Th\u1ee9 8. T\u00e1c gi\u1ea3 Stephen Covey chia s\u1ebb sau khi vi\u1ebft cu\u1ed1n s\u00e1ch m\u1edbi THE 8th HABIT &#8211; Th\u00f3i quen th\u1ee9 8: \u201c\u0110\u00e2y kh\u00f4ng ph\u1ea3i l\u00e0 m\u1ed9t th\u00f3i quen b\u1ecb ch\u00fang t\u00f4i b\u1ecf qu\u00ean khi vi\u1ebft cu\u1ed1n 7 Th\u00f3i quen. Th\u00f3i quen Th\u1ee9 8 n\u00f3i v\u1ec1 vi\u1ec7c nh\u1eadn bi\u1ebft v\u00e0 khai th\u00e1c s\u1ee9c m\u1ea1nh \u1edf kh\u00eda c\u1ea1nh th\u1ee9 ba c\u1ee7a 7 Th\u00f3i quen \u0111\u1ec3 \u0111\u00e1p \u1ee9ng \u0111\u00f2i h\u1ecfi c\u1ee7a th\u1eddi \u0111\u1ea1i lao \u0111\u1ed9ng tri th\u1ee9\u201d<br \/>\nTr\u00ean h\u00e0nh tr\u00ecnh cu\u1ed9c s\u1ed1ng c\u1ee7a m\u1ed7i ng\u01b0\u1eddi, ch\u00fang ta c\u00f3 th\u1ec3 ch\u1ecdn m\u1ed9t trong hai con \u0111\u01b0\u1eddng: M\u1ed9t con \u0111\u01b0\u1eddng d\u1ec5 d\u00e0ng nh\u01b0ng d\u1eabn \u0111\u1ebfn k\u1ebft c\u1ee5c t\u1ea7m th\u01b0\u1eddng; v\u00e0 m\u1ed9t con \u0111\u01b0\u1eddng kh\u00e1c g\u1eadp gh\u1ec1nh, kh\u00fac khu\u1ef7u nh\u01b0ng \u0111\u01b0a t\u1edbi \u0111\u1ec9nh vinh quang. Th\u00f3i quen th\u1ee9 8 ch\u1ec9 l\u1ed1i cho ch\u00fang ta c\u00f9ng \u0111i \u0111\u1ebfn vinh quang qua b\u00ed quy\u1ebft c\u1ee7a n\u00f3, \u0111\u00f3 l\u00e0: T\u00ecm ra \u201cTi\u1ebfng N\u00f3i\u201d c\u1ee7a b\u1ea3n th\u00e2n v\u00e0 truy\u1ec1n c\u1ea3m h\u1ee9ng gi\u00fap ng\u01b0\u1eddi kh\u00e1c t\u00ecm ra \u201cTi\u1ebfng N\u00f3i\u201d c\u1ee7a h\u1ecd. \u0110\u00f3 l\u00e0 ti\u1ebfng n\u00f3i c\u1ee7a tinh th\u1ea7n nh\u00e2n v\u0103n \u2013 ch\u1ee9a \u0111\u1ea7y ni\u1ec1m tin, tr\u00ed tu\u1ec7 v\u00e0 nh\u1eefng ti\u1ec1m n\u0103ng v\u00f4 t\u1eadn \u0111\u1ec3 ph\u1ee5ng s\u1ef1 cho m\u1ee5c \u0111\u00edch cao c\u1ea3: V\u01b0\u01a1n \u0111\u1ebfn s\u1ef1 V\u0129 \u0111\u1ea1i.<br \/>\nPhi\u00ean b\u1ea3n Th\u00f3i Quen Th\u1ee9 8 t\u00e1i b\u1ea3n l\u1ea7n n\u00e0y \u0111\u01b0\u1ee3c \u0111\u1ed5i kh\u1ed5 l\u1edbn, thi\u1ebft k\u1ebf m\u1edbi, gi\u00e1 m\u1edbi so v\u1edbi phi\u00ean b\u1ea3n tr\u01b0\u1edbc.<br \/>\nNh\u1eadn x\u00e9t v\u1ec1 cu\u1ed1n s\u00e1ch<br \/>\n\u201cT\u00e1c ph\u1ea9m c\u1ee7a Covey \u0111\u00e3 t\u00e1c \u0111\u1ed9ng \u0111\u1ebfn h\u00e0ng ch\u1ee5c tri\u1ec7u ng\u01b0\u1eddi tr\u00ean kh\u1eafp th\u1ebf gi\u1edbi. Trong quy\u1ec3n s\u00e1ch n\u00e0y, \u00f4ng \u0111\u00e3 th\u1ef1c hi\u1ec7n m\u1ed9t b\u01b0\u1edbc nh\u1ea3y v\u0129 \u0111\u1ea1i trong t\u01b0 duy \u0111\u1ec3 gi\u1edbi thi\u1ec7u v\u1edbi ch\u00fang ta nh\u1eefng \u00fd t\u01b0\u1edfng v\u00e0 \u1ee9ng d\u1ee5ng c\u00f3 \u1ea3nh h\u01b0\u1edfng s\u00e2u s\u1eafc \u0111\u1ebfn cu\u1ed9c s\u1ed1ng ch\u00fang ta. Th\u00f3i Quen Th\u1ee9 8 l\u00e0 m\u1ed9t quy\u1ec3n s\u00e1ch tuy\u1ec7t v\u1eddi, m\u1ed9t th\u00e0nh t\u1ef1u l\u1edbn v\u1ec1 tinh th\u1ea7n, v\u00e0 theo t\u00f4i, l\u00e0 cu\u1ed1n s\u00e1ch hay nh\u1ea5t m\u00e0 Covey \u0111\u00e3 t\u1eebng vi\u1ebft.\u201d &#8211; WARREN BENNIS, Gi\u00e1o s\u01b0 ng\u00e0nh Qu\u1ea3n tr\u1ecb h\u1ecdc, t\u00e1c gi\u1ea3 quy\u1ec3n Becoming a Leader.<br \/>\n\u201cT\u00f4i th\u01b0\u1eddng s\u1eed d\u1ee5ng 7 Th\u00f3i Quen l\u00e0m nguy\u00ean t\u1eafc soi \u0111\u01b0\u1eddng trong ho\u1ea1t \u0111\u1ed9ng \u0111i\u1ec1u h\u00e0nh doanh nghi\u1ec7p c\u1ee7a m\u00ecnh. R\u1ed3i t\u00f4i \u0111\u1ecdc ti\u1ebfp quy\u1ec3n Th\u00f3i Quen Th\u1ee9 8 v\u00e0 ho\u00e0n to\u00e0n b\u1ecb chinh ph\u1ee5c, th\u1ea5y m\u00ecnh \u0111\u01b0\u1ee3c truy\u1ec1n th\u00eam s\u1ee9c m\u1ea1nh\u2026 M\u1ed9t ki\u1ec7t t\u00e1c c\u1ee7a Stephen Covey! &#8221; &#8211; HORST SCHULZE C\u1ef1u Ch\u1ee7 t\u1ecbch ki\u00eam Gi\u00e1m \u0111\u1ed1c \u0111i\u1ec1u h\u00e0nh Chu\u1ed7i Kh\u00e1ch s\u1ea1n Ritz-Carlton<br \/>\n\u201cStephen Covey t\u1eeb l\u00e2u \u0111\u00e3 l\u00e0 m\u1ed9t ng\u01b0\u1eddi d\u1eabn d\u1eaft v\u1eefng v\u00e0ng cho nh\u1eefng ai mu\u1ed1n ho\u00e0n thi\u1ec7n b\u1ea3n th\u00e2n. Th\u00f3i Quen Th\u1ee9 8: T\u1eeb Hi\u1ec7u qu\u1ea3 \u0111\u1ebfn V\u0129 \u0111\u1ea1i h\u01b0\u1edbng d\u1eabn ch\u00fang ta c\u00e1ch v\u01b0\u01a1n \u0111\u1ebfn \u0111\u1ec9nh cao c\u1ee7a th\u00e0nh c\u00f4ng v\u00e0 s\u1ef1 ho\u00e0n thi\u1ec7n.\u201d &#8211; STEVE FORBES, Ch\u1ee7 t\u1ecbch, CEO, T\u1ed5ng bi\u00ean t\u1eadp T\u1ea1p ch\u00ed Forbes.<\/p>\n","protected":false},"featured_media":16867,"template":"","meta":{"_acf_changed":false},"product_brand":[],"product_cat":[18,15,46],"product_tag":[],"class_list":{"0":"post-16868","1":"product","2":"type-product","3":"status-publish","4":"has-post-thumbnail","6":"product_cat-kinh-te","7":"product_cat-sach-danh-cho-nguoi-lon","8":"product_cat-ky-nang-song","10":"first","11":"outofstock","12":"taxable","13":"shipping-taxable","14":"purchasable","15":"product-type-simple"},"supplier_id":null,"supplier_sku":"","barcode":null,"atum_controlled":true,"out_stock_date":"2022-02-08 18:27:13","out_stock_threshold":null,"inheritable":false,"inbound_stock":0,"stock_on_hold":0,"sold_today":0,"sales_last_days":0,"reserved_stock":0,"customer_returns":0,"warehouse_damage":0,"lost_in_post":0,"other_logs":0,"out_stock_days":1450,"lost_sales":0,"has_location":false,"update_date":"2026-01-28T23:10:58","atum_locations":[],"atum_stock_status":"outofstock","restock_status":false,"low_stock_amount":"","sales_update_date":"2026-01-28T23:10:58","calc_backorders":null,"acf":{"publisher":{"ID":6196,"post_author":"1","post_date":"2021-03-15 01:26:01","post_date_gmt":"2021-03-14 23:26:01","post_content":"","post_title":"FIRST NEWS","post_excerpt":"","post_status":"publish","comment_status":"closed","ping_status":"closed","post_password":"","post_name":"first-news","to_ping":"","pinged":"","post_modified":"2021-03-15 01:26:01","post_modified_gmt":"2021-03-14 23:26:01","post_content_filtered":"","post_parent":0,"guid":"https:\/\/sachviet.eu\/blog\/nha-phat-hanh\/first-news\/","menu_order":0,"post_type":"publisher","post_mime_type":"","comment_count":"0","filter":"raw"}},"_links":{"self":[{"href":"https:\/\/sachviet.eu\/en\/wp-json\/wp\/v2\/product\/16868","targetHints":{"allow":["GET"]}}],"collection":[{"href":"https:\/\/sachviet.eu\/en\/wp-json\/wp\/v2\/product"}],"about":[{"href":"https:\/\/sachviet.eu\/en\/wp-json\/wp\/v2\/types\/product"}],"wp:featuredmedia":[{"embeddable":true,"href":"https:\/\/sachviet.eu\/en\/wp-json\/wp\/v2\/media\/16867"}],"wp:attachment":[{"href":"https:\/\/sachviet.eu\/en\/wp-json\/wp\/v2\/media?parent=16868"}],"wp:term":[{"taxonomy":"product_brand","embeddable":true,"href":"https:\/\/sachviet.eu\/en\/wp-json\/wp\/v2\/product_brand?post=16868"},{"taxonomy":"product_cat","embeddable":true,"href":"https:\/\/sachviet.eu\/en\/wp-json\/wp\/v2\/product_cat?post=16868"},{"taxonomy":"product_tag","embeddable":true,"href":"https:\/\/sachviet.eu\/en\/wp-json\/wp\/v2\/product_tag?post=16868"}],"curies":[{"name":"wp","href":"https:\/\/api.w.org\/{rel}","templated":true}]}}