{"id":16866,"date":"2022-01-27T21:49:48","date_gmt":"2022-01-27T19:49:48","guid":{"rendered":"https:\/\/sachviet.eu\/shop\/tu-truyen-osho\/"},"modified":"2022-04-21T23:53:05","modified_gmt":"2022-04-21T20:53:05","slug":"tu-truyen-osho","status":"publish","type":"product","link":"https:\/\/sachviet.eu\/en\/shop\/tu-truyen-osho\/","title":{"rendered":"T\u1ef1 truy\u1ec7n Osho"},"content":{"rendered":"<p>H\u1ecfi: \u00d4ng l\u00e0 ai?<\/p>\n<p>\u0110\u00e1p: L\u00e0 b\u1ea5t c\u1ee9 ai m\u00e0 b\u1ea1n ngh\u0129, b\u1edfi v\u00ec n\u00f3 t\u00f9y thu\u1ed9c v\u00e0o b\u1ea1n. N\u1ebfu b\u1ea1n nh\u00ecn t\u00f4i v\u1edbi c\u00e1i t\u00e2m ho\u00e0n to\u00e0n tr\u1ed1ng r\u1ed7ng, t\u00f4i s\u1ebd kh\u00e1c. N\u1ebfu b\u1ea1n nh\u00ecn t\u00f4i v\u1edbi nh\u1eefng \u00fd t\u01b0\u1edfng, th\u00ec nh\u1eefng \u00fd t\u01b0\u1edfng \u0111\u00f3 s\u1ebd t\u00f4 m\u00e0u t\u00f4i; n\u1ebfu b\u1ea1n \u0111\u1ebfn v\u1edbi t\u00f4i, mang theo m\u1ed9t \u0111\u1ecbnh ki\u1ebfn, th\u00ec t\u00f4i s\u1ebd kh\u00e1c. T\u00f4i ch\u1ec9 l\u00e0 m\u1ed9t t\u1ea5m g\u01b0\u01a1ng soi. Ch\u00ednh khu\u00f4n m\u1eb7t c\u1ee7a b\u1ea1n s\u1ebd \u0111\u01b0\u1ee3c ph\u1ea3n chi\u1ebfu. C\u00f3 m\u1ed9t ng\u1ea1n ng\u1eef, r\u1eb1ng n\u1ebfu m\u1ed9t con kh\u1ec9 nh\u00ecn v\u00e0o trong g\u01b0\u01a1ng, n\u00f3 s\u1ebd kh\u00f4ng th\u1ea5y m\u1ed9t v\u1ecb t\u00f4ng \u0111\u1ed3 \u0111ang nh\u00ecn n\u00f3 xuy\u00ean qua t\u1ea5m g\u01b0\u01a1ng &#8211; n\u00f3 ch\u1ec9 th\u1ea5y m\u1ed9t con kh\u1ec9. <\/p>\n<p>Do v\u1eady, m\u1ecdi s\u1ef1 t\u00f9y thu\u1ed9c v\u00e0o c\u00e1i c\u00e1ch m\u00e0 b\u1ea1n nh\u00ecn t\u00f4i. T\u00f4i \u0111\u00e3 bi\u1ebfn m\u1ea5t ho\u00e0n to\u00e0n, n\u00ean t\u00f4i kh\u00f4ng th\u1ec3 \u00e1p \u0111\u1eb7t m\u00ecnh l\u00ean b\u1ea1n. T\u00f4i kh\u00f4ng c\u00f3 g\u00ec \u0111\u1ec3 \u00e1p \u0111\u1eb7t. Ch\u1ec9 c\u00f3 m\u1ed9t \u201cc\u00e1i kh\u00f4ng\u201d (h\u01b0 v\u00f4), m\u1ed9t t\u1ea5m g\u01b0\u01a1ng soi. B\u00e2y gi\u1edd b\u1ea1n c\u00f3 t\u1ef1 do ho\u00e0n to\u00e0n.<\/p>\n<p>N\u1ebfu b\u1ea1n th\u1ef1c s\u1ef1 mu\u1ed1n bi\u1ebft t\u00f4i l\u00e0 ai, b\u1ea1n ph\u1ea3i tuy\u1ec7t \u0111\u1ed1i tr\u1ed1ng r\u1ed7ng nh\u01b0 t\u00f4i. R\u1ed3i th\u00ec hai t\u1ea5m g\u01b0\u01a1ng s\u1ebd ph\u1ea3n chi\u1ebfu l\u1eabn nhau, v\u00e0 ch\u1ec9 c\u00f3 s\u1ef1 tr\u1ed1ng r\u1ed7ng s\u1ebd \u0111\u01b0\u1ee3c ph\u1ea3n chi\u1ebfu. S\u1ef1 tr\u1ed1ng r\u1ed7ng v\u00f4 h\u1ea1n s\u1ebd \u0111\u01b0\u1ee3c ph\u1ea3n chi\u1ebfu: hai t\u1ea5m g\u01b0\u01a1ng \u0111\u1ed1i m\u1eb7t v\u1edbi nhau. N\u1ebfu b\u1ea1n c\u00f3 m\u1ed9t \u00fd t\u01b0\u1edfng n\u00e0o \u0111\u00f3, th\u00ec b\u1ea1n s\u1ebd th\u1ea5y \u00fd t\u01b0\u1edfng c\u1ee7a ri\u00eang b\u1ea1n trong t\u00f4i.<br \/>\n&#8211; Osho<\/p>\n<p>&#8212;<br \/>\n\u0110\u1ecdc Osho, \u0111\u1ed1i v\u1edbi t\u00f4i, v\u1ec1 m\u1ed9t ph\u01b0\u01a1ng di\u1ec7n n\u00e0o \u0111\u00f3, c\u0169ng g\u1ea7n gi\u1ed1ng nh\u01b0 \u0111\u1ecdc Nietzsche &#8211; m\u1eb7c d\u00f9 Osho l\u00e0 m\u1ed9t \u0110\u1ea1o s\u01b0 ch\u1ee9ng ng\u1ed9, c\u00f2n Nieztsche th\u00ec \u201cch\u1ec9 l\u00e0\u201d m\u1ed9t tri\u1ebft gia m\u00e0 \u0111\u00e3 \u0111i v\u00e0o c\u01a1n \u0111i\u00ean lo\u1ea1n su\u1ed1t 10 n\u0103m cu\u1ed1i c\u1ee7a \u0111\u1eddi m\u00ecnh. Nh\u01b0ng h\u1ecd gi\u1ed1ng nhau \u1edf ch\u1ed7: c\u1ea3 hai \u0111\u1ec1u k\u00edch th\u00edch t\u00e2m tr\u00ed c\u1ee7a ta, b\u1eaft ta ph\u1ea3i \u0111\u1eb7t l\u1ea1i nhi\u1ec1u v\u1ea5n \u0111\u1ec1 t\u01b0\u1edfng ch\u1eebng nh\u01b0 \u201cnh\u1ea5t th\u00e0nh b\u1ea5t bi\u1ebfn\u201d. C\u1ea3 hai \u0111\u1ec1u c\u00f3 s\u1ef1 \u201cn\u1ed5i lo\u1ea1n\u201d c\u1ee7a m\u1ed9t con ng\u01b0\u1eddi s\u00e1ng t\u1ea1o, kh\u00f4ng ch\u1ea5p nh\u1eadn b\u1ea5t c\u1ee9 s\u1ef1 n\u00f4 l\u1ec7 tinh th\u1ea7n n\u00e0o, b\u1ea5t lu\u1eadn n\u00f3 \u0111\u1ebfn t\u1eeb \u0111\u00e2u. M\u00e0 th\u1ef1c v\u1eady, \u0111\u00e3 \u201cn\u00f4 l\u1ec7\u201d r\u1ed3i th\u00ec c\u00f2n \u201cs\u00e1ng t\u1ea1o\u201d l\u00e0m sao \u0111\u01b0\u1ee3c n\u1eefa? <\/p>\n<p>\u0110\u1ecdc Osho c\u0169ng kh\u00f4ng th\u1ec3 kh\u00f4ng li\u00ean t\u01b0\u1edfng \u0111\u1ebfn Ph\u1eadt Gautama, Krishnamurti, L\u00e3o T\u1eed\u2026 Cho d\u1eabu tr\u00ean b\u00ecnh di\u1ec7n \u201ch\u00ecnh t\u01b0\u1edbng\u201d, h\u1ecd r\u1ea5t kh\u00e1c nhau, nh\u01b0ng h\u00ecnh nh\u01b0 h\u1ecd r\u1ea5t g\u1ea7n nhau \u1edf su\u1ed1i ngu\u1ed3n s\u00e2u th\u1eb3m nh\u1ea5t.<br \/>\n&#8211; \u0110\u1ed7 T\u01b0 Ngh\u0129a<br \/>\n&#8212;<br \/>\n\u0110\u1ed1i v\u1edbi \u0111\u1eddi ng\u01b0\u1eddi, Osho cho r\u1eb1ng gi\u00e1 tr\u1ecb cao c\u1ea3 nh\u1ea5t c\u1ee7a cu\u1ed9c \u0111\u1eddi l\u00e0 l\u00f2ng y\u00eau th\u01b0\u01a1ng, s\u1ef1 vui c\u01b0\u1eddi v\u00e0 thi\u1ec1n \u0111\u1ecbnh. Ni\u1ec1m \u00e2n th\u01b0\u1edfng v\u00f4 gi\u00e1 nh\u1ea5t c\u1ee7a cu\u1ed9c \u0111\u1eddi l\u00e0 tr\u1ea3i nghi\u1ec7m \u0111\u01b0\u1ee3c s\u1ef1 gi\u00e1c ng\u1ed9 t\u00e2m linh (spiritual enlightenment). S\u1ef1 gi\u00e1c ng\u1ed9 \u0111\u00f3 \u0111\u01b0\u1ee3c \u00f4ng mi\u00eau t\u1ea3 l\u00e0 n\u1eb1m y\u00ean trong \u201ctr\u1ea1ng th\u00e1i b\u00ecnh th\u01b0\u1eddng c\u1ee7a s\u1ef1 hi\u1ec7n h\u1eefu c\u1ee7a t\u1ea5t c\u1ea3 m\u1ecdi v\u1eadt \u0111ang d\u1ef1ng x\u00e2y v\u0169 tr\u1ee5\u201d. Con ng\u01b0\u1eddi ch\u00fang ta l\u1ebd ra ai c\u0169ng c\u00f3 th\u1ec3 tr\u1ea3i nghi\u1ec7m \u0111\u01b0\u1ee3c tr\u1ea1ng th\u00e1i gi\u00e1c ng\u1ed9 \u0111\u00f3, nh\u01b0ng s\u1ef1 th\u1ef1c l\u00e0 con ng\u01b0\u1eddi b\u1ecb \u0111\u00e1nh l\u1ea1c h\u01b0\u1edbng do ho\u1ea1t \u0111\u1ed9ng t\u01b0 duy c\u0169ng nh\u01b0 do mong \u01b0\u1edbc v\u00e0 d\u1ee5c v\u1ecdng sinh ra b\u1edfi s\u1ef1 r\u00e0ng bu\u1ed9c c\u1ee7a x\u00e3 h\u1ed9i. V\u00ec th\u1ebf, thay v\u00ec h\u01b0\u1edfng \u0111\u01b0\u1ee3c ni\u1ec1m vui cao c\u1ea3 c\u1ee7a s\u1ef1 h\u1eefu hi\u1ec7n, con ng\u01b0\u1eddi r\u01a1i v\u00e0o m\u1ed9t t\u00ecnh tr\u1ea1ng c\u1ee7a s\u1ee3 h\u00e3i v\u00e0 \u1ee9c ch\u1ebf. \u00d4ng quan ni\u1ec7m r\u1eb1ng, mu\u1ed1n tr\u1edf l\u1ea1i tr\u1ea1ng th\u00e1i h\u1ed3n nhi\u00ean v\u00e0 an l\u1ea1c, con ng\u01b0\u1eddi ph\u1ea3i t\u1ef1 m\u00ecnh gi\u1ea3i tho\u00e1t kh\u1ecfi s\u1ee3 h\u00e3i v\u00e0 \u1ee9c ch\u1ebf.<\/p>\n<p>V\u1edbi nh\u1eadn th\u1ee9c n\u00e0y, Osho ho\u00e0n to\u00e0n n\u1eb1m tr\u1ecdn v\u1eb9n trong truy\u1ec1n th\u1ed1ng c\u1ee7a tri\u1ebft h\u1ecdc \u1ea4n \u0110\u1ed9, nh\u1ea5t l\u00e0 trong \u0110\u1ea1i th\u1eeba Ph\u1eadt gi\u00e1o. N\u1ebfu nh\u1edb \u0111\u1ebfn t\u01b0 t\u01b0\u1edfng c\u1ee7a M\u00e3 Minh trong \u0110\u1ea1i th\u1eeba kh\u1edfi t\u00edn lu\u1eadn, hay Thi\u1ec1n ng\u1eef \u201cT\u00e2m b\u00ecnh th\u01b0\u1eddng l\u00e0 \u0111\u1ea1o\u201d c\u1ee7a Nam Tuy\u1ec1n, hay c\u00e1c ph\u00e9p h\u00e0nh tr\u00ec c\u1ee7a Ph\u1eadt gi\u00e1o T\u00e2y T\u1ea1ng, hay t\u01b0 t\u01b0\u1edfng c\u1ee7a c\u00e1c v\u1ecb \u0110\u1ea1o s\u01b0 c\u1ee7a th\u1eddi hi\u1ec7n \u0111\u1ea1i nh\u01b0 Aurobindo ho\u1eb7c Krishnamurti, ta d\u1ec5 d\u00e0ng th\u1ea5y s\u1ef1 tr\u00f9ng h\u1ee3p tuy\u1ec7t \u0111\u1ed1i v\u1ec1 nh\u1eadn th\u1ee9c lu\u1eadn gi\u1eefa \u00f4ng v\u00e0 c\u00e1c truy\u1ec1n th\u1ed1ng \u0111\u00f3. Ch\u1ec9 c\u00f3 \u0111i\u1ec1u kh\u00e1c bi\u1ec7t l\u00e0, Osho n\u00f3i v\u1ec1 c\u00e1c nh\u1eadn th\u1ee9c n\u00e0y m\u1ed9t c\u00e1ch h\u00f9ng bi\u1ec7n v\u00e0 m\u1edbi m\u1ebb, v\u00e0 nh\u1ea5t l\u00e0 v\u1edbi t\u00ednh c\u00e1ch c\u1ee7a m\u1ed9t gi\u00e1o s\u01b0 tri\u1ebft h\u1ecdc, trong c\u00e1c lu\u1eadn gi\u1ea3i, \u00f4ng ph\u1ed1i h\u1ee3p m\u1ed9t c\u00e1ch t\u00e0i t\u00ecnh nh\u1eefng truy\u1ec1n th\u1ed1ng c\u1ee7a Ph\u1eadt gi\u00e1o, K\u1ef3-na gi\u00e1o (Jainism), \u1ea4n \u0111\u1ed9 gi\u00e1o, L\u00e3o gi\u00e1o, C\u01a1-\u0111\u1ed1c gi\u00e1o, Sufism (m\u1ed9t truy\u1ec1n th\u1ed1ng c\u1ee7a H\u1ed3i gi\u00e1o), v\u00e0 tri\u1ebft h\u1ecdc c\u1ed5 c\u1ee7a Hy L\u1ea1p. Th\u1ebf nh\u01b0ng, c\u0169ng nh\u01b0 m\u1ecdi nh\u00e0 \u0111\u1ea1o h\u1ecdc kh\u00e1c, \u00f4ng kh\u00f4ng qu\u00ean ch\u1ec9 r\u00f5, kh\u00f4ng m\u1ed9t n\u1ec1n tri\u1ebft h\u1ecdc n\u00e0o c\u00f3 th\u1ec3 di\u1ec5n b\u00e0y \u0111\u01b0\u1ee3c ch\u00e2n l\u00fd, c\u00f3 th\u1ec3 thay th\u1ebf \u0111\u01b0\u1ee3c s\u1ef1 ch\u1ee9ng th\u1ef1c c\u00e1 nh\u00e2n.<br \/>\n&#8211; tr\u00edch t\u1eeb b\u00e0i gi\u1edbi thi\u1ec7u \u201cOsho, \u00f4ng l\u00e0 ai?\u201d c\u1ee7a Nguy\u1ec5n T\u01b0\u1eddng B\u00e1ch<\/p>\n","protected":false},"excerpt":{"rendered":"<p>H\u1ecfi: \u00d4ng l\u00e0 ai?<\/p>\n<p>\u0110\u00e1p: L\u00e0 b\u1ea5t c\u1ee9 ai m\u00e0 b\u1ea1n ngh\u0129, b\u1edfi v\u00ec n\u00f3 t\u00f9y thu\u1ed9c v\u00e0o b\u1ea1n. N\u1ebfu b\u1ea1n nh\u00ecn t\u00f4i v\u1edbi c\u00e1i t\u00e2m ho\u00e0n to\u00e0n tr\u1ed1ng r\u1ed7ng, t\u00f4i s\u1ebd kh\u00e1c. N\u1ebfu b\u1ea1n nh\u00ecn t\u00f4i v\u1edbi nh\u1eefng \u00fd t\u01b0\u1edfng, th\u00ec nh\u1eefng \u00fd t\u01b0\u1edfng \u0111\u00f3 s\u1ebd t\u00f4 m\u00e0u t\u00f4i; n\u1ebfu b\u1ea1n \u0111\u1ebfn v\u1edbi t\u00f4i, mang theo m\u1ed9t \u0111\u1ecbnh ki\u1ebfn, th\u00ec t\u00f4i s\u1ebd kh\u00e1c. T\u00f4i ch\u1ec9 l\u00e0 m\u1ed9t t\u1ea5m g\u01b0\u01a1ng soi. Ch\u00ednh khu\u00f4n m\u1eb7t c\u1ee7a b\u1ea1n s\u1ebd \u0111\u01b0\u1ee3c ph\u1ea3n chi\u1ebfu. C\u00f3 m\u1ed9t ng\u1ea1n ng\u1eef, r\u1eb1ng n\u1ebfu m\u1ed9t con kh\u1ec9 nh\u00ecn v\u00e0o trong g\u01b0\u01a1ng, n\u00f3 s\u1ebd kh\u00f4ng th\u1ea5y m\u1ed9t v\u1ecb t\u00f4ng \u0111\u1ed3 \u0111ang nh\u00ecn n\u00f3 xuy\u00ean qua t\u1ea5m g\u01b0\u01a1ng &#8211; n\u00f3 ch\u1ec9 th\u1ea5y m\u1ed9t con kh\u1ec9. <\/p>\n<p>Do v\u1eady, m\u1ecdi s\u1ef1 t\u00f9y thu\u1ed9c v\u00e0o c\u00e1i c\u00e1ch m\u00e0 b\u1ea1n nh\u00ecn t\u00f4i. T\u00f4i \u0111\u00e3 bi\u1ebfn m\u1ea5t ho\u00e0n to\u00e0n, n\u00ean t\u00f4i kh\u00f4ng th\u1ec3 \u00e1p \u0111\u1eb7t m\u00ecnh l\u00ean b\u1ea1n. T\u00f4i kh\u00f4ng c\u00f3 g\u00ec \u0111\u1ec3 \u00e1p \u0111\u1eb7t. Ch\u1ec9 c\u00f3 m\u1ed9t \u201cc\u00e1i kh\u00f4ng\u201d (h\u01b0 v\u00f4), m\u1ed9t t\u1ea5m g\u01b0\u01a1ng soi. B\u00e2y gi\u1edd b\u1ea1n c\u00f3 t\u1ef1 do ho\u00e0n to\u00e0n.<\/p>\n<p>N\u1ebfu b\u1ea1n th\u1ef1c s\u1ef1 mu\u1ed1n bi\u1ebft t\u00f4i l\u00e0 ai, b\u1ea1n ph\u1ea3i tuy\u1ec7t \u0111\u1ed1i tr\u1ed1ng r\u1ed7ng nh\u01b0 t\u00f4i. R\u1ed3i th\u00ec hai t\u1ea5m g\u01b0\u01a1ng s\u1ebd ph\u1ea3n chi\u1ebfu l\u1eabn nhau, v\u00e0 ch\u1ec9 c\u00f3 s\u1ef1 tr\u1ed1ng r\u1ed7ng s\u1ebd \u0111\u01b0\u1ee3c ph\u1ea3n chi\u1ebfu. S\u1ef1 tr\u1ed1ng r\u1ed7ng v\u00f4 h\u1ea1n s\u1ebd \u0111\u01b0\u1ee3c ph\u1ea3n chi\u1ebfu: hai t\u1ea5m g\u01b0\u01a1ng \u0111\u1ed1i m\u1eb7t v\u1edbi nhau. N\u1ebfu b\u1ea1n c\u00f3 m\u1ed9t \u00fd t\u01b0\u1edfng n\u00e0o \u0111\u00f3, th\u00ec b\u1ea1n s\u1ebd th\u1ea5y \u00fd t\u01b0\u1edfng c\u1ee7a ri\u00eang b\u1ea1n trong t\u00f4i.<br \/>\n&#8211; Osho<\/p>\n<p>&#8212;<br \/>\n\u0110\u1ecdc Osho, \u0111\u1ed1i v\u1edbi t\u00f4i, v\u1ec1 m\u1ed9t ph\u01b0\u01a1ng di\u1ec7n n\u00e0o \u0111\u00f3, c\u0169ng g\u1ea7n gi\u1ed1ng nh\u01b0 \u0111\u1ecdc Nietzsche &#8211; m\u1eb7c d\u00f9 Osho l\u00e0 m\u1ed9t \u0110\u1ea1o s\u01b0 ch\u1ee9ng ng\u1ed9, c\u00f2n Nieztsche th\u00ec \u201cch\u1ec9 l\u00e0\u201d m\u1ed9t tri\u1ebft gia m\u00e0 \u0111\u00e3 \u0111i v\u00e0o c\u01a1n \u0111i\u00ean lo\u1ea1n su\u1ed1t 10 n\u0103m cu\u1ed1i c\u1ee7a \u0111\u1eddi m\u00ecnh. Nh\u01b0ng h\u1ecd gi\u1ed1ng nhau \u1edf ch\u1ed7: c\u1ea3 hai \u0111\u1ec1u k\u00edch th\u00edch t\u00e2m tr\u00ed c\u1ee7a ta, b\u1eaft ta ph\u1ea3i \u0111\u1eb7t l\u1ea1i nhi\u1ec1u v\u1ea5n \u0111\u1ec1 t\u01b0\u1edfng ch\u1eebng nh\u01b0 \u201cnh\u1ea5t th\u00e0nh b\u1ea5t bi\u1ebfn\u201d. C\u1ea3 hai \u0111\u1ec1u c\u00f3 s\u1ef1 \u201cn\u1ed5i lo\u1ea1n\u201d c\u1ee7a m\u1ed9t con ng\u01b0\u1eddi s\u00e1ng t\u1ea1o, kh\u00f4ng ch\u1ea5p nh\u1eadn b\u1ea5t c\u1ee9 s\u1ef1 n\u00f4 l\u1ec7 tinh th\u1ea7n n\u00e0o, b\u1ea5t lu\u1eadn n\u00f3 \u0111\u1ebfn t\u1eeb \u0111\u00e2u. M\u00e0 th\u1ef1c v\u1eady, \u0111\u00e3 \u201cn\u00f4 l\u1ec7\u201d r\u1ed3i th\u00ec c\u00f2n \u201cs\u00e1ng t\u1ea1o\u201d l\u00e0m sao \u0111\u01b0\u1ee3c n\u1eefa? <\/p>\n<p>\u0110\u1ecdc Osho c\u0169ng kh\u00f4ng th\u1ec3 kh\u00f4ng li\u00ean t\u01b0\u1edfng \u0111\u1ebfn Ph\u1eadt Gautama, Krishnamurti, L\u00e3o T\u1eed\u2026 Cho d\u1eabu tr\u00ean b\u00ecnh di\u1ec7n \u201ch\u00ecnh t\u01b0\u1edbng\u201d, h\u1ecd r\u1ea5t kh\u00e1c nhau, nh\u01b0ng h\u00ecnh nh\u01b0 h\u1ecd r\u1ea5t g\u1ea7n nhau \u1edf su\u1ed1i ngu\u1ed3n s\u00e2u th\u1eb3m nh\u1ea5t.<br \/>\n&#8211; \u0110\u1ed7 T\u01b0 Ngh\u0129a<br \/>\n&#8212;<br \/>\n\u0110\u1ed1i v\u1edbi \u0111\u1eddi ng\u01b0\u1eddi, Osho cho r\u1eb1ng gi\u00e1 tr\u1ecb cao c\u1ea3 nh\u1ea5t c\u1ee7a cu\u1ed9c \u0111\u1eddi l\u00e0 l\u00f2ng y\u00eau th\u01b0\u01a1ng, s\u1ef1 vui c\u01b0\u1eddi v\u00e0 thi\u1ec1n \u0111\u1ecbnh. Ni\u1ec1m \u00e2n th\u01b0\u1edfng v\u00f4 gi\u00e1 nh\u1ea5t c\u1ee7a cu\u1ed9c \u0111\u1eddi l\u00e0 tr\u1ea3i nghi\u1ec7m \u0111\u01b0\u1ee3c s\u1ef1 gi\u00e1c ng\u1ed9 t\u00e2m linh (spiritual enlightenment). S\u1ef1 gi\u00e1c ng\u1ed9 \u0111\u00f3 \u0111\u01b0\u1ee3c \u00f4ng mi\u00eau t\u1ea3 l\u00e0 n\u1eb1m y\u00ean trong \u201ctr\u1ea1ng th\u00e1i b\u00ecnh th\u01b0\u1eddng c\u1ee7a s\u1ef1 hi\u1ec7n h\u1eefu c\u1ee7a t\u1ea5t c\u1ea3 m\u1ecdi v\u1eadt \u0111ang d\u1ef1ng x\u00e2y v\u0169 tr\u1ee5\u201d. Con ng\u01b0\u1eddi ch\u00fang ta l\u1ebd ra ai c\u0169ng c\u00f3 th\u1ec3 tr\u1ea3i nghi\u1ec7m \u0111\u01b0\u1ee3c tr\u1ea1ng th\u00e1i gi\u00e1c ng\u1ed9 \u0111\u00f3, nh\u01b0ng s\u1ef1 th\u1ef1c l\u00e0 con ng\u01b0\u1eddi b\u1ecb \u0111\u00e1nh l\u1ea1c h\u01b0\u1edbng do ho\u1ea1t \u0111\u1ed9ng t\u01b0 duy c\u0169ng nh\u01b0 do mong \u01b0\u1edbc v\u00e0 d\u1ee5c v\u1ecdng sinh ra b\u1edfi s\u1ef1 r\u00e0ng bu\u1ed9c c\u1ee7a x\u00e3 h\u1ed9i. V\u00ec th\u1ebf, thay v\u00ec h\u01b0\u1edfng \u0111\u01b0\u1ee3c ni\u1ec1m vui cao c\u1ea3 c\u1ee7a s\u1ef1 h\u1eefu hi\u1ec7n, con ng\u01b0\u1eddi r\u01a1i v\u00e0o m\u1ed9t t\u00ecnh tr\u1ea1ng c\u1ee7a s\u1ee3 h\u00e3i v\u00e0 \u1ee9c ch\u1ebf. \u00d4ng quan ni\u1ec7m r\u1eb1ng, mu\u1ed1n tr\u1edf l\u1ea1i tr\u1ea1ng th\u00e1i h\u1ed3n nhi\u00ean v\u00e0 an l\u1ea1c, con ng\u01b0\u1eddi ph\u1ea3i t\u1ef1 m\u00ecnh gi\u1ea3i tho\u00e1t kh\u1ecfi s\u1ee3 h\u00e3i v\u00e0 \u1ee9c ch\u1ebf.<\/p>\n<p>V\u1edbi nh\u1eadn th\u1ee9c n\u00e0y, Osho ho\u00e0n to\u00e0n n\u1eb1m tr\u1ecdn v\u1eb9n trong truy\u1ec1n th\u1ed1ng c\u1ee7a tri\u1ebft h\u1ecdc \u1ea4n \u0110\u1ed9, nh\u1ea5t l\u00e0 trong \u0110\u1ea1i th\u1eeba Ph\u1eadt gi\u00e1o. N\u1ebfu nh\u1edb \u0111\u1ebfn t\u01b0 t\u01b0\u1edfng c\u1ee7a M\u00e3 Minh trong \u0110\u1ea1i th\u1eeba kh\u1edfi t\u00edn lu\u1eadn, hay Thi\u1ec1n ng\u1eef \u201cT\u00e2m b\u00ecnh th\u01b0\u1eddng l\u00e0 \u0111\u1ea1o\u201d c\u1ee7a Nam Tuy\u1ec1n, hay c\u00e1c ph\u00e9p h\u00e0nh tr\u00ec c\u1ee7a Ph\u1eadt gi\u00e1o T\u00e2y T\u1ea1ng, hay t\u01b0 t\u01b0\u1edfng c\u1ee7a c\u00e1c v\u1ecb \u0110\u1ea1o s\u01b0 c\u1ee7a th\u1eddi hi\u1ec7n \u0111\u1ea1i nh\u01b0 Aurobindo ho\u1eb7c Krishnamurti, ta d\u1ec5 d\u00e0ng th\u1ea5y s\u1ef1 tr\u00f9ng h\u1ee3p tuy\u1ec7t \u0111\u1ed1i v\u1ec1 nh\u1eadn th\u1ee9c lu\u1eadn gi\u1eefa \u00f4ng v\u00e0 c\u00e1c truy\u1ec1n th\u1ed1ng \u0111\u00f3. Ch\u1ec9 c\u00f3 \u0111i\u1ec1u kh\u00e1c bi\u1ec7t l\u00e0, Osho n\u00f3i v\u1ec1 c\u00e1c nh\u1eadn th\u1ee9c n\u00e0y m\u1ed9t c\u00e1ch h\u00f9ng bi\u1ec7n v\u00e0 m\u1edbi m\u1ebb, v\u00e0 nh\u1ea5t l\u00e0 v\u1edbi t\u00ednh c\u00e1ch c\u1ee7a m\u1ed9t gi\u00e1o s\u01b0 tri\u1ebft h\u1ecdc, trong c\u00e1c lu\u1eadn gi\u1ea3i, \u00f4ng ph\u1ed1i h\u1ee3p m\u1ed9t c\u00e1ch t\u00e0i t\u00ecnh nh\u1eefng truy\u1ec1n th\u1ed1ng c\u1ee7a Ph\u1eadt gi\u00e1o, K\u1ef3-na gi\u00e1o (Jainism), \u1ea4n \u0111\u1ed9 gi\u00e1o, L\u00e3o gi\u00e1o, C\u01a1-\u0111\u1ed1c gi\u00e1o, Sufism (m\u1ed9t truy\u1ec1n th\u1ed1ng c\u1ee7a H\u1ed3i gi\u00e1o), v\u00e0 tri\u1ebft h\u1ecdc c\u1ed5 c\u1ee7a Hy L\u1ea1p. Th\u1ebf nh\u01b0ng, c\u0169ng nh\u01b0 m\u1ecdi nh\u00e0 \u0111\u1ea1o h\u1ecdc kh\u00e1c, \u00f4ng kh\u00f4ng qu\u00ean ch\u1ec9 r\u00f5, kh\u00f4ng m\u1ed9t n\u1ec1n tri\u1ebft h\u1ecdc n\u00e0o c\u00f3 th\u1ec3 di\u1ec5n b\u00e0y \u0111\u01b0\u1ee3c ch\u00e2n l\u00fd, c\u00f3 th\u1ec3 thay th\u1ebf \u0111\u01b0\u1ee3c s\u1ef1 ch\u1ee9ng th\u1ef1c c\u00e1 nh\u00e2n.<br \/>\n&#8211; tr\u00edch t\u1eeb b\u00e0i gi\u1edbi thi\u1ec7u \u201cOsho, \u00f4ng l\u00e0 ai?\u201d c\u1ee7a Nguy\u1ec5n T\u01b0\u1eddng B\u00e1ch<\/p>\n","protected":false},"featured_media":16865,"template":"","meta":{"_acf_changed":false},"product_brand":[],"product_cat":[15,47],"product_tag":[],"class_list":{"0":"post-16866","1":"product","2":"type-product","3":"status-publish","4":"has-post-thumbnail","6":"product_cat-sach-danh-cho-nguoi-lon","7":"product_cat-truyen-ngan-tan-van","9":"first","10":"instock","11":"taxable","12":"shipping-taxable","13":"purchasable","14":"product-type-simple"},"supplier_id":null,"supplier_sku":"","barcode":null,"atum_controlled":true,"out_stock_date":null,"out_stock_threshold":null,"inheritable":false,"inbound_stock":0,"stock_on_hold":0,"sold_today":0,"sales_last_days":0,"reserved_stock":0,"customer_returns":0,"warehouse_damage":0,"lost_in_post":0,"other_logs":0,"out_stock_days":0,"lost_sales":0,"has_location":false,"update_date":"2026-01-28T23:10:58","atum_locations":[],"atum_stock_status":"instock","restock_status":false,"low_stock_amount":"","sales_update_date":"2026-01-28T23:10:58","calc_backorders":null,"acf":{"publisher":{"ID":16864,"post_author":"1","post_date":"2022-01-27 21:49:41","post_date_gmt":"2022-01-27 19:49:41","post_content":"","post_title":"Khai T\u00e2m","post_excerpt":"","post_status":"publish","comment_status":"closed","ping_status":"closed","post_password":"","post_name":"khai-tam","to_ping":"","pinged":"","post_modified":"2022-01-27 21:49:41","post_modified_gmt":"2022-01-27 19:49:41","post_content_filtered":"","post_parent":0,"guid":"https:\/\/sachviet.eu\/nha-phat-hanh\/khai-tam\/","menu_order":0,"post_type":"publisher","post_mime_type":"","comment_count":"0","filter":"raw"}},"_links":{"self":[{"href":"https:\/\/sachviet.eu\/en\/wp-json\/wp\/v2\/product\/16866","targetHints":{"allow":["GET"]}}],"collection":[{"href":"https:\/\/sachviet.eu\/en\/wp-json\/wp\/v2\/product"}],"about":[{"href":"https:\/\/sachviet.eu\/en\/wp-json\/wp\/v2\/types\/product"}],"wp:featuredmedia":[{"embeddable":true,"href":"https:\/\/sachviet.eu\/en\/wp-json\/wp\/v2\/media\/16865"}],"wp:attachment":[{"href":"https:\/\/sachviet.eu\/en\/wp-json\/wp\/v2\/media?parent=16866"}],"wp:term":[{"taxonomy":"product_brand","embeddable":true,"href":"https:\/\/sachviet.eu\/en\/wp-json\/wp\/v2\/product_brand?post=16866"},{"taxonomy":"product_cat","embeddable":true,"href":"https:\/\/sachviet.eu\/en\/wp-json\/wp\/v2\/product_cat?post=16866"},{"taxonomy":"product_tag","embeddable":true,"href":"https:\/\/sachviet.eu\/en\/wp-json\/wp\/v2\/product_tag?post=16866"}],"curies":[{"name":"wp","href":"https:\/\/api.w.org\/{rel}","templated":true}]}}