{"id":16863,"date":"2022-01-27T21:49:39","date_gmt":"2022-01-27T19:49:39","guid":{"rendered":"https:\/\/sachviet.eu\/shop\/mien-dau-dai-chuyen-bon-mua-4-quyen\/"},"modified":"2024-08-25T22:41:47","modified_gmt":"2024-08-25T19:41:47","slug":"mien-dau-dai-chuyen-bon-mua-4-quyen","status":"publish","type":"product","link":"https:\/\/sachviet.eu\/en\/shop\/mien-dau-dai-chuyen-bon-mua-4-quyen\/","title":{"rendered":"Mi\u1ec1n D\u00e2u D\u1ea1i &#8211; Chuy\u1ec7n B\u1ed1n M\u00f9a &#8211; 4 quy\u1ec3n"},"content":{"rendered":"<p>TH\u00d4NG TIN B\u1ed8 S\u00c1CH<br \/>\n&#8211; C\u00f4ng ty ph\u00e1t h\u00e0nh: C\u00f4ng ty C\u1ed5 ph\u1ea7n th\u01b0\u01a1ng m\u1ea1i v\u00e0 Xu\u1ea5t nh\u1eadp kh\u1ea9u Ng\u1ecdc \u00c1nh &#8211; Vi\u1ec7t Nam<br \/>\n&#8211; Nh\u00e0 ph\u00e1t h\u00e0nh: Crabit Kidbooks<br \/>\n&#8211; Nh\u00e0 xu\u1ea5t b\u1ea3n: NXB H\u00e0 N\u1ed9i<br \/>\n&#8211; T\u00e1c gi\u1ea3: Jill Barklem<br \/>\n&#8211; Minh h\u1ecda: Jill Barklem<br \/>\n&#8211; D\u1ecbch gi\u1ea3: Lam<br \/>\n&#8211; Lo\u1ea1i b\u00eca: B\u00eca c\u1ee9ng c\u00f3 b\u00eca \u00e1o, c\u00f3 h\u1ed9p \u0111\u1ef1ng<br \/>\n&#8211; K\u00edch th\u01b0\u1edbc: 17 x 21 cm<br \/>\n&#8211; S\u1ed1 trang: 40 trang<br \/>\n&#8211; \u0110\u1ed9 tu\u1ed5i: 6 tu\u1ed5i +<br \/>\n&#8211; Ng\u00e0y xu\u1ea5t b\u1ea3n: 3\/11\/2021<\/p>\n","protected":false},"excerpt":{"rendered":"<p>GI\u1edaI THI\u1ec6U N\u1ed8I DUNG B\u1ed8 S\u00c1CH<\/p>\n<p>\u201cMi\u1ec1n D\u00e2u D\u1ea1i\u201d l\u00e0 t\u00e1c ph\u1ea9m v\u0103n h\u1ecdc thi\u1ebfu nhi kinh \u0111i\u1ec3n c\u1ee7a n\u1eef t\u00e1c gi\u1ea3 ki\u00eam h\u1ecda s\u0129 ng\u01b0\u1eddi Anh Jill Barklem. K\u1ec3 t\u1eeb l\u1ea7n \u0111\u1ea7u nh\u1eefng c\u00e2u chuy\u1ec7n b\u1ed1n m\u00f9a ra m\u1eaft n\u0103m 1980, h\u00e0ng tri\u1ec7u tr\u1ebb em \u0111\u00e3 m\u00ea \u0111\u1eafm th\u1ebf gi\u1edbi t\u01b0\u1edfng t\u01b0\u1ee3ng thu nh\u1ecf \u0111\u1ea7y di\u1ec7u k\u1ef3 c\u1ee7a nh\u1eefng ch\u00fa chu\u1ed9t \u0111\u00f4n h\u1eadu trong Mi\u1ec1n D\u00e2u D\u1ea1i. T\u1eebng c\u00e2u chuy\u1ec7n di\u1ec5n ra trong khung c\u1ea3nh ng\u00e0y xu\u00e2n, h\u1ea1, thu, \u0111\u00f4ng g\u1ee3i cho tr\u1ebb nh\u1eefng rung c\u1ea3m \u0111\u1ea7u \u0111\u1eddi v\u1ec1 m\u1ed7i kh\u00fac giao m\u00f9a tinh t\u1ebf c\u1ee7a v\u00f9ng th\u00f4n qu\u00ea n\u01b0\u1edbc Anh. Nh\u1eefng tr\u1ea3i nghi\u1ec7m s\u00e2u s\u1eafc n\u00e0y s\u1ebd tr\u1edf th\u00e0nh ti\u1ec1n \u0111\u1ec1 cho s\u1ef1 nh\u1eadn th\u1ee9c, suy t\u01b0 c\u1ee7a tr\u1ebb v\u1ec1 cu\u1ed9c s\u1ed1ng, v\u1ec1 nh\u1eefng bi\u1ebfn \u0111\u1ed5i c\u1ee7a v\u1ea1n v\u1eadt xung quanh tr\u1ebb.<\/p>\n<p>T\u1ea5t c\u1ea3 nh\u1eefng gi\u00e1 tr\u1ecb t\u1ed1t \u0111\u1eb9p tr\u00ean c\u1ee7a b\u1ed9 s\u00e1ch \u0111\u01b0\u1ee3c truy\u1ec1n t\u1ea3i m\u1ed9t c\u00e1ch nh\u1eb9 nh\u00e0ng, m\u01b0\u1ee3t m\u00e0 trong v\u0103n phong di\u1ec5m l\u1ec7 \u0111\u1ea7y nh\u1eefng ng\u00f4n t\u1eeb mi\u00eau t\u1ea3 tinh t\u1ebf, c\u00f9ng v\u1edbi nh\u1eefng t\u00e1c ph\u1ea9m h\u1ed9i h\u1ecda tr\u00e1c tuy\u1ec7t do m\u1ed9t tay Jill Barklem s\u00e1ng t\u1ea1o n\u00ean. M\u1ed7i b\u1ee9c v\u1ebd minh h\u1ecda trong s\u00e1ch \u0111\u01b0\u1ee3c gi\u1edbi chuy\u00ean m\u00f4n \u0111\u00e1nh gi\u00e1 t\u01b0\u01a1ng \u0111\u01b0\u01a1ng v\u1edbi m\u1ed9t t\u00e1c ph\u1ea9m ngh\u1ec7 thu\u1eadt \u0111\u1ed9c l\u1eadp, b\u1edfi l\u1ebd Jill Barklem \u0111\u00e3 d\u00e0y c\u00f4ng nghi\u00ean c\u1ee9u, quan s\u00e1t t\u1ec9 m\u1ec9 v\u00e0 t\u00e1i hi\u1ec7n ch\u1ec9nh chu b\u1eb1ng n\u00e9t v\u1ebd \u0111\u1eb7c tr\u01b0ng c\u1ee7a b\u00e0 trong nhi\u1ec1u n\u0103m r\u00f2ng r\u00e3. Trung b\u00ecnh m\u1ed7i cu\u1ed1n s\u00e1ch \u0111\u01b0\u1ee3c v\u1ebd trong hai n\u0103m, t\u1eebng b\u1ee9c tranh \u0111\u1eb7c t\u1ea3 chi ti\u1ebft m\u1ea5t hai \u0111\u1ebfn ba th\u00e1ng \u0111\u1ec3 ho\u00e0n thi\u1ec7n. T\u1edd Sunday Times nh\u1eadn \u0111\u1ecbnh: \u201c\u0110\u00e2y l\u00e0 cu\u1ed1n s\u00e1ch thi\u1ebfu nhi d\u00e0y c\u00f4ng nghi\u00ean c\u1ee9u k\u1ef9 c\u00e0ng nh\u1ea5t t\u1eeb tr\u01b0\u1edbc t\u1edbi nay\u201d.<\/p>\n<p>Trong \u1ea5n b\u1ea3n k\u1ef7 ni\u1ec7m 40 n\u0103m ng\u00e0y ra m\u1eaft b\u1ed9 s\u00e1ch \u0111\u1eb7c bi\u1ec7t n\u00e0y, c\u00e1c \u0111\u1ed9c gi\u1ea3 nh\u1ecf s\u1ebd t\u00ecm th\u1ea5y nh\u1eefng gi\u00e2y ph\u00fat l\u1eafng \u0111\u1ecdng trong th\u1ebf gi\u1edbi t\u01b0\u1edfng t\u01b0\u1ee3ng thu nh\u1ecf \u0111\u1ea7y th\u01a1 m\u1ed9ng n\u01a1i Mi\u1ec1n D\u00e2u D\u1ea1i. H\u00e3y c\u00f9ng Crabit Kidbooks b\u01b0\u1edbc v\u00e0o th\u1ebf gi\u1edbi c\u1ee7a nh\u1eefng ch\u00fa chu\u1ed9t thu\u1ea7n h\u1eadu, nh\u1eefng c\u1ea3nh s\u1eafc thi\u00ean nhi\u00ean say \u0111\u1eafm v\u00e0 nh\u1eefng c\u00e2u chuy\u1ec7n s\u01b0\u1edfi \u1ea5m t\u00e2m h\u1ed3n.<\/p>\n<p>Tr\u1ecdn b\u1ed9 \u201cMi\u1ec1n D\u00e2u D\u1ea1i \u2013 Chuy\u1ec7n b\u1ed1n m\u00f9a\u201d g\u1ed3m 4 cu\u1ed1n: Chuy\u1ec7n khi xu\u00e2n sang; Chuy\u1ec7n khi h\u1ea1 t\u1edbi; Chuy\u1ec7n khi thu \u0111\u1ebfn; Chuy\u1ec7n khi \u0111\u00f4ng v\u1ec1.<\/p>\n","protected":false},"featured_media":16858,"template":"","meta":{"_acf_changed":false},"product_brand":[],"product_cat":[25,17,26],"product_tag":[81],"class_list":{"0":"post-16863","1":"product","2":"type-product","3":"status-publish","4":"has-post-thumbnail","6":"product_cat-nhi-dong-6-tuoi-12-tuoi","7":"product_cat-sach-danh-cho-cac-be","8":"product_cat-thieu-nien-11-tuoi-18-tuoi","9":"product_tag-sach-gia-uu-dai","11":"first","12":"outofstock","13":"sale","14":"taxable","15":"shipping-taxable","16":"purchasable","17":"product-type-simple"},"supplier_id":null,"supplier_sku":"","barcode":null,"atum_controlled":true,"out_stock_date":"2024-08-25 19:41:47","out_stock_threshold":null,"inheritable":false,"inbound_stock":0,"stock_on_hold":0,"sold_today":0,"sales_last_days":0,"reserved_stock":0,"customer_returns":0,"warehouse_damage":0,"lost_in_post":0,"other_logs":0,"out_stock_days":521,"lost_sales":2976,"has_location":false,"update_date":"2026-01-28T23:11:25","atum_locations":[],"atum_stock_status":"outofstock","restock_status":false,"low_stock_amount":"","sales_update_date":"2026-01-28T23:11:25","calc_backorders":null,"acf":{"publisher":{"ID":1458,"post_author":"1","post_date":"2021-02-17 01:12:22","post_date_gmt":"2021-02-16 23:12:22","post_content":"<!-- wp:flatsome\/uxbuilder -->\n<h1 style=\"text-align: center\"><strong>Crabit Kidbooks<\/strong><\/h1>\n[row]\n\n[col span=\"8\" span__sm=\"12\"]\n\n<p>Crabit Kidbooks l\u00e0 nh\u00e0 ph\u00e1t h\u00e0nh s\u00e1ch thi\u1ebfu nhi thu\u1ed9c C\u00f4ng ty CPTM &amp; XNK Ng\u1ecdc \u00c1nh \u2013 \u0111\u01a1n v\u1ecb h\u01a1n 20 n\u0103m kinh nghi\u1ec7m trong ng\u00e0nh in \u1ea5n v\u00e0 l\u00e0 \u0111\u1ed1i t\u00e1c uy t\u00edn cung c\u1ea5p h\u1ecdc li\u1ec7u, s\u00e1ch v\u1edf h\u1ecdc sinh cho h\u01a1n 5000 kh\u00e1ch h\u00e0ng kh\u1eafp 28 t\u1ec9nh th\u00e0nh ph\u00eda B\u1eafc Vi\u1ec7t Nam H\u1ec7 th\u1ed1ng s\u1ea3n ph\u1ea9m Crabit Kidbooks<\/p>\n<p>Theo s\u1ef1 t\u00ecm hi\u1ec3u c\u1ee7a <strong>SACHVIET.EU<\/strong><strong>\u00a0<\/strong>tuy Crabit Kidbooks l\u00e0 m\u1ed9t nh\u00e0 ph\u00e1t h\u00e0nh tr\u1ebb t\u1ea1i Vi\u1ec7t Nam nh\u01b0ng l\u1ea1i mang \u0111\u1ebfn s\u1ef1 ch\u1ec9n chu qua t\u1eebng trang s\u00e1ch, t\u1eeb ch\u1ea5t li\u1ec7u gi\u1ea5y cao c\u1ea5p, b\u00eca c\u1ee9ng gi\u1eef g\u00ecn s\u00e1ch \u0111\u01b0\u1ee3c b\u1ec1n l\u00e2u \u0111\u1ebfn l\u1eddi v\u0103n c\u00e2u ch\u1eef \u0111\u01b0\u1ee3c ch\u1ecdn l\u1ecdc ch\u1ec9nh s\u1eeda sao cho ti\u1ebfp c\u1eadn th\u00e2n thi\u1ec7n nh\u1ea5t v\u1edbi tr\u1ebb em. <strong>SACHVIET.EU<\/strong> th\u1ef1c s\u1ef1 \u1ea5n t\u01b0\u1ee3ng b\u1edfi t\u1ea7m nh\u00ecn v\u00e0 s\u1ef1 c\u1ed1 g\u1eafng ho\u00e0n thi\u1ec7n nh\u1eefng t\u00e1c ph\u1ea9m c\u00f3 gi\u00e1 tr\u1ecb tuy\u1ec7t v\u1eddi m\u00e0 Crabit Kidbooks mang l\u1ea1i. \u0110\u00e2y c\u0169ng l\u00e0 nh\u00e0 ph\u00e1t h\u00e0nh duy nh\u1ea5t t\u1edbi th\u1eddi \u0111i\u1ec3m n\u00e0y m\u00e0 <strong>SACHVIET.EU<\/strong> quy\u1ebft t\u00e2m h\u1ee3p t\u00e1c mang h\u1ebft t\u1ea5t c\u1ea3 c\u00e1c \u0111\u1ea7u s\u00e1ch m\u00e0 Crabit Kidbooks c\u00f3 \u0111\u1ec3 \u0111em \u0111\u1ebfn Ch\u00e2u \u00c2u ph\u1ee5c v\u1ee5 m\u1ecdi ng\u01b0\u1eddi. \u0110\u00e2y th\u1ef1c s\u1ef1 l\u00e0 m\u1ed9t s\u1ef1 li\u1ec1u l\u0129nh c\u1ee7a <strong>SACHVIET.EU<\/strong>, tuy nhi\u00ean ch\u00fang m\u00ecnh tin t\u01b0\u1edfng v\u00e0 t\u1ef1 tin r\u1eb1ng t\u1eebng cu\u1ed1n s\u00e1ch m\u00e0 ch\u00fang m\u00ecnh gi\u1edbi thi\u1ec7u x\u1ee9ng \u0111\u00e1ng v\u1edbi nh\u1eefng g\u00ec ch\u00fang m\u00ecnh theo \u0111u\u1ed5i.<\/p>\n\n[\/col]\n[col span=\"4\" span__sm=\"12\"]\n\n[ux_image id=\"1701\" image_size=\"medium\"]\n\n\n[\/col]\n\n[\/row]\n\n<!-- \/wp:flatsome\/uxbuilder -->","post_title":"Crabit Kidbooks","post_excerpt":"","post_status":"publish","comment_status":"closed","ping_status":"closed","post_password":"","post_name":"crabit-kidbooks","to_ping":"","pinged":"","post_modified":"2022-12-19 23:12:10","post_modified_gmt":"2022-12-19 21:12:10","post_content_filtered":"","post_parent":0,"guid":"https:\/\/sachviet.eu\/nha-phat-hanh\/crabitkidbooks\/","menu_order":0,"post_type":"publisher","post_mime_type":"","comment_count":"0","filter":"raw"}},"_links":{"self":[{"href":"https:\/\/sachviet.eu\/en\/wp-json\/wp\/v2\/product\/16863","targetHints":{"allow":["GET"]}}],"collection":[{"href":"https:\/\/sachviet.eu\/en\/wp-json\/wp\/v2\/product"}],"about":[{"href":"https:\/\/sachviet.eu\/en\/wp-json\/wp\/v2\/types\/product"}],"wp:featuredmedia":[{"embeddable":true,"href":"https:\/\/sachviet.eu\/en\/wp-json\/wp\/v2\/media\/16858"}],"wp:attachment":[{"href":"https:\/\/sachviet.eu\/en\/wp-json\/wp\/v2\/media?parent=16863"}],"wp:term":[{"taxonomy":"product_brand","embeddable":true,"href":"https:\/\/sachviet.eu\/en\/wp-json\/wp\/v2\/product_brand?post=16863"},{"taxonomy":"product_cat","embeddable":true,"href":"https:\/\/sachviet.eu\/en\/wp-json\/wp\/v2\/product_cat?post=16863"},{"taxonomy":"product_tag","embeddable":true,"href":"https:\/\/sachviet.eu\/en\/wp-json\/wp\/v2\/product_tag?post=16863"}],"curies":[{"name":"wp","href":"https:\/\/api.w.org\/{rel}","templated":true}]}}