{"id":16855,"date":"2022-01-27T21:49:15","date_gmt":"2022-01-27T19:49:15","guid":{"rendered":"https:\/\/sachviet.eu\/shop\/quy-thoai-lien-thien-tap-2\/"},"modified":"2022-03-12T13:07:03","modified_gmt":"2022-03-12T11:07:03","slug":"quy-thoai-lien-thien-tap-2","status":"publish","type":"product","link":"https:\/\/sachviet.eu\/en\/shop\/quy-thoai-lien-thien-tap-2\/","title":{"rendered":"Qu\u1ef7 Tho\u1ea1i Li\u00ean Thi\u00ean (T\u1eadp 2)"},"content":{"rendered":"<p>\u201cL\u1eddi nguy\u1ec1n n\u00f3 v\u1eabn lu\u00f4n \u0111eo b\u00e1m t\u00f4i, nh\u1eefng c\u00e1i ch\u1ebft qu\u00e1i \u0111\u1ea3n v\u1eabn li\u00ean t\u1ee5c x\u1ea3y ra. Ban \u0111\u1ea7u ch\u1ec9 l\u00e0 nh\u1eefng d\u1ea5u hi\u1ec7u nh\u1ecf kh\u00f4ng khi\u1ebfn t\u00f4i ch\u00fa \u00fd t\u1edbi, nh\u01b0ng b\u00e2y gi\u1edd h\u1ed3i t\u01b0\u1edfng l\u1ea1i, m\u1ea5y c\u01a1 h\u1ed9i c\u00f3 th\u1ec3 d\u1ec5 d\u00e0ng tho\u00e1t kh\u1ecfi v\u1eadn r\u1ee7i \u0111\u1ec1u b\u1ecb t\u00f4i b\u1ecf l\u1ee1, gi\u1edd \u0111\u00e2y cu\u1ed1i c\u00f9ng c\u0169ng t\u1edbi l\u01b0\u1ee3t t\u00f4i tr\u1edf th\u00e0nh t\u1ebf ph\u1ea9m ti\u1ebfp theo\u2026\u201d<\/p>\n<p>Sinh ra mang ki\u1ebfp con ng\u01b0\u1eddi, gi\u00e1ng th\u1ebf tr\u1ea7n t\u1ee5c, th\u1ebf gian v\u00f4 th\u01b0\u1eddng, ch\u1edbp m\u1eaft tr\u00f4i qua, t\u1ea5t c\u1ea3 \u0111\u1ec1u kh\u00f4ng c\u00f2n n\u1eb1m trong t\u1ea7m ki\u1ec3m so\u00e1t c\u1ee7a con ng\u01b0\u1eddi n\u1eefa. Cho n\u00ean tr\u00ean \u0111\u1eddi c\u00f3 b\u00e1t kh\u1ed5: Sinh kh\u1ed5, l\u00e3o kh\u1ed5, b\u1ec7nh kh\u1ed5, t\u1eed kh\u1ed5, \u00e1i bi\u1ec7t ly kh\u1ed5, o\u00e1n t\u0103ng h\u1ed9i kh\u1ed5, c\u1ea7u b\u1ea5t \u0111\u1eafc kh\u1ed5, ng\u0169 \u00e2m s\u00ed th\u1ecbnh kh\u1ed5.<\/p>\n<p>\u2026 C\u00e1i \u0111\u01b0\u1ee3c g\u1ecdi l\u00e0 \u201cC\u1ee5c\u201d \u0111\u00e3 \u0111\u01b0\u1ee3c kh\u1edfi \u0111\u1ed9ng.<\/p>\n<p>Con ng\u01b0\u1eddi ta \u0111\u1ec1u b\u1ecb tr\u00f3i bu\u1ed9c, kh\u00f4ng th\u1ec3 tho\u00e1t kh\u1ecfi v\u1eadn m\u1ec7nh, b\u1edfi v\u00ec m\u1ed9t khi sinh ra, c\u00e1i ch\u1ebft l\u00e0 k\u1ebft c\u1ee5c duy nh\u1ea5t \u0111\u00e3 \u0111\u1ecbnh tr\u01b0\u1edbc, bu\u00f4ng c\u0169ng ch\u1ebft, kh\u00f4ng bu\u00f4ng \u0111\u01b0\u1ee3c c\u0169ng ch\u1ebft.<\/p>\n<p>V\u1eady r\u1ed1t cu\u1ed9c B\u1ea1ch D\u1ef1c l\u00e0 ai? L\u00e0 th\u1ea7n hay qu\u1ef7?<\/p>\n<p>An Tung c\u00f3 vai tr\u00f2 g\u00ec trong \u201cL\u1eddi nguy\u1ec1n B\u00e1t kh\u1ed5 \u00e1c qu\u1ef7 ch\u00fa\u201d?<\/p>\n<p>T\u1ea5t c\u1ea3 s\u1ebd ch\u1ec9 g\u00f3i g\u1ecdn trong m\u1ed9t K\u1ebft C\u1ee5c duy nh\u1ea5t!<\/p>\n","protected":false},"excerpt":{"rendered":"<p>\u201cL\u1eddi nguy\u1ec1n n\u00f3 v\u1eabn lu\u00f4n \u0111eo b\u00e1m t\u00f4i, nh\u1eefng c\u00e1i ch\u1ebft qu\u00e1i \u0111\u1ea3n v\u1eabn li\u00ean t\u1ee5c x\u1ea3y ra. Ban \u0111\u1ea7u ch\u1ec9 l\u00e0 nh\u1eefng d\u1ea5u hi\u1ec7u nh\u1ecf kh\u00f4ng khi\u1ebfn t\u00f4i ch\u00fa \u00fd t\u1edbi, nh\u01b0ng b\u00e2y gi\u1edd h\u1ed3i t\u01b0\u1edfng l\u1ea1i, m\u1ea5y c\u01a1 h\u1ed9i c\u00f3 th\u1ec3 d\u1ec5 d\u00e0ng tho\u00e1t kh\u1ecfi v\u1eadn r\u1ee7i \u0111\u1ec1u b\u1ecb t\u00f4i b\u1ecf l\u1ee1, gi\u1edd \u0111\u00e2y cu\u1ed1i c\u00f9ng c\u0169ng t\u1edbi l\u01b0\u1ee3t t\u00f4i tr\u1edf th\u00e0nh t\u1ebf ph\u1ea9m ti\u1ebfp theo\u2026\u201d<\/p>\n<p>Sinh ra mang ki\u1ebfp con ng\u01b0\u1eddi, gi\u00e1ng th\u1ebf tr\u1ea7n t\u1ee5c, th\u1ebf gian v\u00f4 th\u01b0\u1eddng, ch\u1edbp m\u1eaft tr\u00f4i qua, t\u1ea5t c\u1ea3 \u0111\u1ec1u kh\u00f4ng c\u00f2n n\u1eb1m trong t\u1ea7m ki\u1ec3m so\u00e1t c\u1ee7a con ng\u01b0\u1eddi n\u1eefa. Cho n\u00ean tr\u00ean \u0111\u1eddi c\u00f3 b\u00e1t kh\u1ed5: Sinh kh\u1ed5, l\u00e3o kh\u1ed5, b\u1ec7nh kh\u1ed5, t\u1eed kh\u1ed5, \u00e1i bi\u1ec7t ly kh\u1ed5, o\u00e1n t\u0103ng h\u1ed9i kh\u1ed5, c\u1ea7u b\u1ea5t \u0111\u1eafc kh\u1ed5, ng\u0169 \u00e2m s\u00ed th\u1ecbnh kh\u1ed5.<\/p>\n<p>\u2026 C\u00e1i \u0111\u01b0\u1ee3c g\u1ecdi l\u00e0 \u201cC\u1ee5c\u201d \u0111\u00e3 \u0111\u01b0\u1ee3c kh\u1edfi \u0111\u1ed9ng.<\/p>\n<p>Con ng\u01b0\u1eddi ta \u0111\u1ec1u b\u1ecb tr\u00f3i bu\u1ed9c, kh\u00f4ng th\u1ec3 tho\u00e1t kh\u1ecfi v\u1eadn m\u1ec7nh, b\u1edfi v\u00ec m\u1ed9t khi sinh ra, c\u00e1i ch\u1ebft l\u00e0 k\u1ebft c\u1ee5c duy nh\u1ea5t \u0111\u00e3 \u0111\u1ecbnh tr\u01b0\u1edbc, bu\u00f4ng c\u0169ng ch\u1ebft, kh\u00f4ng bu\u00f4ng \u0111\u01b0\u1ee3c c\u0169ng ch\u1ebft.<\/p>\n<p>V\u1eady r\u1ed1t cu\u1ed9c B\u1ea1ch D\u1ef1c l\u00e0 ai? L\u00e0 th\u1ea7n hay qu\u1ef7?<\/p>\n<p>An Tung c\u00f3 vai tr\u00f2 g\u00ec trong \u201cL\u1eddi nguy\u1ec1n B\u00e1t kh\u1ed5 \u00e1c qu\u1ef7 ch\u00fa\u201d?<\/p>\n<p>T\u1ea5t c\u1ea3 s\u1ebd ch\u1ec9 g\u00f3i g\u1ecdn trong m\u1ed9t K\u1ebft C\u1ee5c duy nh\u1ea5t!<\/p>\n","protected":false},"featured_media":16853,"template":"","meta":{"_acf_changed":false},"product_brand":[],"product_cat":[73,15],"product_tag":[],"class_list":{"0":"post-16855","1":"product","2":"type-product","3":"status-publish","4":"has-post-thumbnail","6":"product_cat-dam-my-ngon-tinh","7":"product_cat-sach-danh-cho-nguoi-lon","9":"first","10":"outofstock","11":"taxable","12":"shipping-taxable","13":"purchasable","14":"product-type-simple"},"supplier_id":null,"supplier_sku":"","barcode":null,"atum_controlled":true,"out_stock_date":"2022-03-12 09:07:03","out_stock_threshold":null,"inheritable":false,"inbound_stock":0,"stock_on_hold":0,"sold_today":0,"sales_last_days":0,"reserved_stock":0,"customer_returns":0,"warehouse_damage":0,"lost_in_post":0,"other_logs":0,"out_stock_days":1418,"lost_sales":0,"has_location":false,"update_date":"2026-01-28T23:10:57","atum_locations":[],"atum_stock_status":"outofstock","restock_status":false,"low_stock_amount":"","sales_update_date":"2026-01-28T23:10:57","calc_backorders":null,"acf":{"publisher":{"ID":12625,"post_author":"1","post_date":"2021-06-11 14:39:17","post_date_gmt":"2021-06-11 11:39:17","post_content":"","post_title":"Daisy Books","post_excerpt":"","post_status":"publish","comment_status":"closed","ping_status":"closed","post_password":"","post_name":"daisy-books","to_ping":"","pinged":"","post_modified":"2021-06-11 14:39:17","post_modified_gmt":"2021-06-11 11:39:17","post_content_filtered":"","post_parent":0,"guid":"https:\/\/sachviet.eu\/nha-phat-hanh\/daisy-books\/","menu_order":0,"post_type":"publisher","post_mime_type":"","comment_count":"0","filter":"raw"}},"_links":{"self":[{"href":"https:\/\/sachviet.eu\/en\/wp-json\/wp\/v2\/product\/16855","targetHints":{"allow":["GET"]}}],"collection":[{"href":"https:\/\/sachviet.eu\/en\/wp-json\/wp\/v2\/product"}],"about":[{"href":"https:\/\/sachviet.eu\/en\/wp-json\/wp\/v2\/types\/product"}],"wp:featuredmedia":[{"embeddable":true,"href":"https:\/\/sachviet.eu\/en\/wp-json\/wp\/v2\/media\/16853"}],"wp:attachment":[{"href":"https:\/\/sachviet.eu\/en\/wp-json\/wp\/v2\/media?parent=16855"}],"wp:term":[{"taxonomy":"product_brand","embeddable":true,"href":"https:\/\/sachviet.eu\/en\/wp-json\/wp\/v2\/product_brand?post=16855"},{"taxonomy":"product_cat","embeddable":true,"href":"https:\/\/sachviet.eu\/en\/wp-json\/wp\/v2\/product_cat?post=16855"},{"taxonomy":"product_tag","embeddable":true,"href":"https:\/\/sachviet.eu\/en\/wp-json\/wp\/v2\/product_tag?post=16855"}],"curies":[{"name":"wp","href":"https:\/\/api.w.org\/{rel}","templated":true}]}}