{"id":16845,"date":"2022-01-27T21:48:47","date_gmt":"2022-01-27T19:48:47","guid":{"rendered":"https:\/\/sachviet.eu\/shop\/ke-chuyen-tren-mat-nuoc\/"},"modified":"2022-12-19T18:32:30","modified_gmt":"2022-12-19T16:32:30","slug":"ke-chuyen-tren-mat-nuoc","status":"publish","type":"product","link":"https:\/\/sachviet.eu\/en\/shop\/ke-chuyen-tren-mat-nuoc\/","title":{"rendered":"K\u1ec3 chuy\u1ec7n tr\u00ean m\u1eb7t n\u01b0\u1edbc"},"content":{"rendered":"<p>R\u1ed1i n\u01b0\u1edbc \u0111i c\u00f9ng h\u00e0nh tr\u00ecnh c\u1ee7a ng\u01b0\u1eddi d\u00e2n Vi\u1ec7t g\u1ea7n 1000 n\u0103m qua v\u00e0 ghi d\u1ea5u bao th\u0103ng tr\u1ea7m thay \u0111\u1ed5i l\u1ecbch s\u1eed trong nh\u1eefng c\u00e2u chuy\u1ec7n v\u00e0 v\u1edf di\u1ec5n c\u1ee7a m\u00ecnh.<\/p>\n<p>B\u1ea1n c\u00f3 bi\u1ebft R\u1ed1i n\u01b0\u1edbc \u0111\u00e3 c\u00f3 g\u1ea7n 1000 n\u0103m tu\u1ed5i?<\/p>\n<p>B\u1ea1n c\u00f3 bi\u1ebft R\u1ed1i n\u01b0\u1edbc l\u00e0 linh h\u1ed3n c\u1ee7a \u0111\u1ed3ng ru\u1ed9ng Vi\u1ec7t Nam?<\/p>\n<p>B\u1ea1n c\u00f3 bi\u1ebft s\u00e2n kh\u1ea5u R\u1ed1i n\u01b0\u1edbc l\u1edbn nh\u1ea5t Vi\u1ec7t Nam \u1edf \u0111\u00e2u?<\/p>\n<p>T\u1ea5t c\u1ea3 c\u00e2u tr\u1ea3 l\u1eddi s\u1ebd c\u00f3 t\u1ea1i \u0111\u00e2y! S\u00e1ch K\u1ec3 chuy\u1ec7n tr\u00ean m\u1eb7t n\u01b0\u1edbc &#8211; M\u1ed9t b\u1ea3n t\u1ed5ng thu\u1eadt v\u1ec1 r\u1ed1i n\u01b0\u1edbc b\u1eb1ng tranh minh h\u1ecda, ph\u00f9 h\u1ee3p cho t\u1ea5t c\u1ea3 nh\u1eefng ai y\u00eau qu\u00fd v\u00e0 mu\u1ed1n t\u00ecm hi\u1ec3u v\u1ec1 m\u1ed9t trong nh\u1eefng h\u00ecnh th\u1ee9c ngh\u1ec7 thu\u1eadt d\u00e2n gian l\u00e2u \u0111\u1eddi nh\u1ea5t c\u1ee7a Vi\u1ec7t Nam.<\/p>\n<p>S\u01b0u t\u1eadp 184 t\u1ea1o h\u00ecnh nh\u00e2n v\u1eadt r\u1ed1i n\u01b0\u1edbc v\u00e0 b\u1ed5 sung nh\u1eefng ki\u1ebfn th\u1ee9c v\u1ec1 m\u1ed9t lo\u1ea1i h\u00ecnh ngh\u1ec7 thu\u1eadt d\u00e2n gian qu\u00fd gi\u00e1 c\u1ee7a n\u01b0\u1edbc m\u00ecnh. T\u1ea1i sao kh\u00f4ng nh\u1ec9?<\/p>\n<p>\u201cK\u1ec3 chuy\u1ec7n tr\u00ean m\u1eb7t n\u01b0\u1edbc\u201d l\u00e0 s\u1ea3n ph\u1ea9m \u0111\u01b0\u1ee3c \u0111\u00fac r\u00fat sau 4 n\u0103m l\u00e0m vi\u1ec7c ch\u0103m ch\u1ec9 c\u1ee7a t\u00e1c gi\u1ea3\/h\u1ecda s\u1ef9 L\u01b0\u01a1ng Linh v\u00e0 \u0111\u1ed9i ng\u0169 Sunbox. \u0110\u00e2y c\u0169ng l\u00e0 cu\u1ed1n s\u00e1ch th\u1ee9 2 thu\u1ed9c d\u1ef1 \u00e1n T\u1ee7 S\u00e1ch Si\u00eau Nh\u00e2n, v\u1edbi mong mu\u1ed1n d\u00f9ng ch\u00ednh s\u1ee9c m\u1ea1nh lan to\u1ea3 c\u1ee7a s\u00e1ch \u0111\u1ec3 g\u00e2y qu\u1ef9 th\u1ef1c hi\u1ec7n c\u00e1c ch\u01b0\u01a1ng tr\u00ecnh c\u1ed9ng \u0111\u1ed3ng.<\/p>\n","protected":false},"excerpt":{"rendered":"<p>R\u1ed1i n\u01b0\u1edbc \u0111i c\u00f9ng h\u00e0nh tr\u00ecnh c\u1ee7a ng\u01b0\u1eddi d\u00e2n Vi\u1ec7t g\u1ea7n 1000 n\u0103m qua v\u00e0 ghi d\u1ea5u bao th\u0103ng tr\u1ea7m thay \u0111\u1ed5i l\u1ecbch s\u1eed trong nh\u1eefng c\u00e2u chuy\u1ec7n v\u00e0 v\u1edf di\u1ec5n c\u1ee7a m\u00ecnh.<\/p>\n<p>B\u1ea1n c\u00f3 bi\u1ebft R\u1ed1i n\u01b0\u1edbc \u0111\u00e3 c\u00f3 g\u1ea7n 1000 n\u0103m tu\u1ed5i?<\/p>\n<p>B\u1ea1n c\u00f3 bi\u1ebft R\u1ed1i n\u01b0\u1edbc l\u00e0 linh h\u1ed3n c\u1ee7a \u0111\u1ed3ng ru\u1ed9ng Vi\u1ec7t Nam?<\/p>\n<p>B\u1ea1n c\u00f3 bi\u1ebft s\u00e2n kh\u1ea5u R\u1ed1i n\u01b0\u1edbc l\u1edbn nh\u1ea5t Vi\u1ec7t Nam \u1edf \u0111\u00e2u?<\/p>\n<p>T\u1ea5t c\u1ea3 c\u00e2u tr\u1ea3 l\u1eddi s\u1ebd c\u00f3 t\u1ea1i \u0111\u00e2y! S\u00e1ch K\u1ec3 chuy\u1ec7n tr\u00ean m\u1eb7t n\u01b0\u1edbc &#8211; M\u1ed9t b\u1ea3n t\u1ed5ng thu\u1eadt v\u1ec1 r\u1ed1i n\u01b0\u1edbc b\u1eb1ng tranh minh h\u1ecda, ph\u00f9 h\u1ee3p cho t\u1ea5t c\u1ea3 nh\u1eefng ai y\u00eau qu\u00fd v\u00e0 mu\u1ed1n t\u00ecm hi\u1ec3u v\u1ec1 m\u1ed9t trong nh\u1eefng h\u00ecnh th\u1ee9c ngh\u1ec7 thu\u1eadt d\u00e2n gian l\u00e2u \u0111\u1eddi nh\u1ea5t c\u1ee7a Vi\u1ec7t Nam.<\/p>\n<p>S\u01b0u t\u1eadp 184 t\u1ea1o h\u00ecnh nh\u00e2n v\u1eadt r\u1ed1i n\u01b0\u1edbc v\u00e0 b\u1ed5 sung nh\u1eefng ki\u1ebfn th\u1ee9c v\u1ec1 m\u1ed9t lo\u1ea1i h\u00ecnh ngh\u1ec7 thu\u1eadt d\u00e2n gian qu\u00fd gi\u00e1 c\u1ee7a n\u01b0\u1edbc m\u00ecnh. T\u1ea1i sao kh\u00f4ng nh\u1ec9?<\/p>\n<p>\u201cK\u1ec3 chuy\u1ec7n tr\u00ean m\u1eb7t n\u01b0\u1edbc\u201d l\u00e0 s\u1ea3n ph\u1ea9m \u0111\u01b0\u1ee3c \u0111\u00fac r\u00fat sau 4 n\u0103m l\u00e0m vi\u1ec7c ch\u0103m ch\u1ec9 c\u1ee7a t\u00e1c gi\u1ea3\/h\u1ecda s\u1ef9 L\u01b0\u01a1ng Linh v\u00e0 \u0111\u1ed9i ng\u0169 Sunbox. \u0110\u00e2y c\u0169ng l\u00e0 cu\u1ed1n s\u00e1ch th\u1ee9 2 thu\u1ed9c d\u1ef1 \u00e1n T\u1ee7 S\u00e1ch Si\u00eau Nh\u00e2n, v\u1edbi mong mu\u1ed1n d\u00f9ng ch\u00ednh s\u1ee9c m\u1ea1nh lan to\u1ea3 c\u1ee7a s\u00e1ch \u0111\u1ec3 g\u00e2y qu\u1ef9 th\u1ef1c hi\u1ec7n c\u00e1c ch\u01b0\u01a1ng tr\u00ecnh c\u1ed9ng \u0111\u1ed3ng.<\/p>\n","protected":false},"featured_media":16841,"template":"","meta":{"_acf_changed":false},"product_brand":[],"product_cat":[25,17,71,26],"product_tag":[81],"class_list":{"0":"post-16845","1":"product","2":"type-product","3":"status-publish","4":"has-post-thumbnail","6":"product_cat-nhi-dong-6-tuoi-12-tuoi","7":"product_cat-sach-danh-cho-cac-be","8":"product_cat-sach-tre-em-thuan-viet","9":"product_cat-thieu-nien-11-tuoi-18-tuoi","10":"product_tag-sach-gia-uu-dai","12":"first","13":"outofstock","14":"sale","15":"taxable","16":"shipping-taxable","17":"purchasable","18":"product-type-simple"},"supplier_id":null,"supplier_sku":"","barcode":null,"atum_controlled":true,"out_stock_date":"2022-05-10 11:34:15","out_stock_threshold":null,"inheritable":false,"inbound_stock":0,"stock_on_hold":0,"sold_today":0,"sales_last_days":0,"reserved_stock":0,"customer_returns":0,"warehouse_damage":0,"lost_in_post":0,"other_logs":0,"out_stock_days":1359,"lost_sales":0,"has_location":false,"update_date":"2026-01-28T23:10:57","atum_locations":[],"atum_stock_status":"outofstock","restock_status":false,"low_stock_amount":"","sales_update_date":"2026-01-28T23:10:57","calc_backorders":null,"acf":{"publisher":{"ID":1455,"post_author":"1","post_date":"2021-02-17 01:11:34","post_date_gmt":"2021-02-16 23:11:34","post_content":"<!-- wp:flatsome\/uxbuilder -->\n<h1 style=\"text-align: center;\"><strong>SUNBOX<\/strong><\/h1>\n[row]\n\n[col span=\"11\" span__sm=\"12\"]\n\n<p><strong>Sunbox<\/strong> l\u00e0 nh\u00f3m ho\u1ea1t \u0111\u1ed9ng c\u1ed9ng \u0111\u1ed3ng th\u00e0nh l\u1eadp t\u1eeb n\u0103m 2015 v\u00e0 tr\u1edf th\u00e0nh doanh nghi\u1ec7p x\u00e3 h\u1ed9i t\u1eeb n\u0103m 2019. Qua 4 n\u0103m ho\u1ea1t \u0111\u1ed9ng, Sunbox th\u1ef1c hi\u1ec7n nh\u1eefng d\u1ef1 \u00e1n h\u01b0\u1edbng \u0111\u1ebfn nh\u1eefng ng\u01b0\u1eddi y\u1ebfu th\u1ebf trong x\u00e3 h\u1ed9i, \u0111\u1eb7c bi\u1ec7t l\u00e0 tr\u1ebb em. Ngay t\u1eeb khi b\u1eaft \u0111\u1ea7u h\u00e0nh tr\u00ecnh n\u00e0y, Sunbox \u0111\u00e3 lu\u00f4n tin r\u1eb1ng \u201cVi\u1ec7c c\u1ed9ng \u0111\u1ed3ng c\u1ea7n c\u1ea3 c\u1ed9ng \u0111\u1ed3ng chung tay th\u1ef1c hi\u1ec7n\u201d<\/p>\n\n[\/col]\n[col span=\"1\" span__sm=\"12\"]\n\n[ux_image id=\"1655\" image_size=\"medium\"]\n\n\n[\/col]\n\n[\/row]\n\n<!-- \/wp:flatsome\/uxbuilder -->","post_title":"Sunbox","post_excerpt":"","post_status":"publish","comment_status":"closed","ping_status":"closed","post_password":"","post_name":"sunbox","to_ping":"","pinged":"","post_modified":"2021-02-17 01:37:23","post_modified_gmt":"2021-02-16 23:37:23","post_content_filtered":"","post_parent":0,"guid":"https:\/\/sachviet.eu\/nha-phat-hanh\/sunbox\/","menu_order":0,"post_type":"publisher","post_mime_type":"","comment_count":"0","filter":"raw"}},"_links":{"self":[{"href":"https:\/\/sachviet.eu\/en\/wp-json\/wp\/v2\/product\/16845","targetHints":{"allow":["GET"]}}],"collection":[{"href":"https:\/\/sachviet.eu\/en\/wp-json\/wp\/v2\/product"}],"about":[{"href":"https:\/\/sachviet.eu\/en\/wp-json\/wp\/v2\/types\/product"}],"wp:featuredmedia":[{"embeddable":true,"href":"https:\/\/sachviet.eu\/en\/wp-json\/wp\/v2\/media\/16841"}],"wp:attachment":[{"href":"https:\/\/sachviet.eu\/en\/wp-json\/wp\/v2\/media?parent=16845"}],"wp:term":[{"taxonomy":"product_brand","embeddable":true,"href":"https:\/\/sachviet.eu\/en\/wp-json\/wp\/v2\/product_brand?post=16845"},{"taxonomy":"product_cat","embeddable":true,"href":"https:\/\/sachviet.eu\/en\/wp-json\/wp\/v2\/product_cat?post=16845"},{"taxonomy":"product_tag","embeddable":true,"href":"https:\/\/sachviet.eu\/en\/wp-json\/wp\/v2\/product_tag?post=16845"}],"curies":[{"name":"wp","href":"https:\/\/api.w.org\/{rel}","templated":true}]}}