{"id":16840,"date":"2022-01-27T21:48:33","date_gmt":"2022-01-27T19:48:33","guid":{"rendered":"https:\/\/sachviet.eu\/shop\/nham-nhi-tet-nham-dan-2022-an-ban-pho-thong-bia-mem-tang-kem-hop-postcard\/"},"modified":"2022-12-19T18:32:42","modified_gmt":"2022-12-19T16:32:42","slug":"nham-nhi-tet-nham-dan-2022-an-ban-pho-thong-bia-mem-tang-kem-hop-postcard","status":"publish","type":"product","link":"https:\/\/sachviet.eu\/en\/shop\/nham-nhi-tet-nham-dan-2022-an-ban-pho-thong-bia-mem-tang-kem-hop-postcard\/","title":{"rendered":"Nh\u00e2m Nhi T\u1ebft Nh\u00e2m D\u1ea7n &#8211; 2022 &#8211; \u1ea4n B\u1ea3n Ph\u1ed5 Th\u00f4ng (B\u00eca M\u1ec1m) [T\u1eb7ng K\u00e8m H\u1ed9p + Postcard]"},"content":{"rendered":"<p>NH\u00c2M NHI T\u1ebeT NH\u00c2M D\u1ea6N l\u00e0 m\u00f3n qu\u00e0 c\u1ee7a Nh\u00e0 xu\u1ea5t b\u1ea3n Kim \u0110\u1ed3ng g\u1eedi \u0111\u1ebfn b\u1ea1n \u0111\u1ecdc c\u1ea3 n\u01b0\u1edbc v\u1edbi l\u1eddi ch\u00fac xu\u00e2n H\u1ea1nh ph\u00fac &#8211; An l\u00e0nh.<br \/>\nNH\u00c2M NHI T\u1ebeT NH\u00c2M D\u1ea6N l\u00e0 tuy\u1ec3n t\u1eadp v\u0103n &#8211; th\u01a1 &#8211; h\u1ecda c\u1ee7a nhi\u1ec1u t\u00e1c gi\u1ea3 n\u1ed5i ti\u1ebfng t\u00e2m huy\u1ebft d\u00e0nh nh\u1eefng trang vi\u1ebft \u0111\u1eb7c s\u1eafc nh\u1ea5t ch\u00e0o n\u0103m m\u1edbi \u2013 Nh\u00e2m D\u1ea7n.<\/p>\n<p>B\u00eca s\u00e1ch l\u00e0 b\u1ee9c tranh \u201cEm b\u00e9 v\u00e0 H\u1ed5\u201d c\u1ee7a h\u1ecda s\u0129 Th\u00e0nh Ch\u01b0\u01a1ng. V\u1edbi ch\u1ea5t li\u1ec7u m\u00e0u n\u01b0\u1edbc v\u00e0 c\u1eaft d\u00e1n h\u1ecda s\u0129 Th\u00e0nh Ch\u01b0\u01a1ng \u0111\u00e3 t\u1ea1o n\u00ean kh\u00f4ng kh\u00ed ng\u1ed9 ngh\u0129nh tr\u1ebb th\u01a1, s\u1ef1 kh\u1edfi \u0111\u1ea7u t\u01b0\u01a1i non c\u1ee7a m\u00f9a Xu\u00e2n v\u00e0 s\u1ef1 s\u00e2u l\u1eafng t\u1eeb c\u00e1ch \u0111i\u1ec7u d\u00e2n gian.<\/p>\n<p>M\u1ed9 ch\u00fang ta c\u00f9ng m\u1edf s\u00e1ch ra!<\/p>\n<p>\u0110\u00e2y, b\u1ea1n h\u00e3y c\u00f9ng N\u0103m M\u1edbi T\u00ed X\u00edu k\u00e9o chi\u1ebfc xe ch\u1edf \u0111\u1ea7y t\u00ecnh y\u00eau th\u01b0\u01a1ng v\u00e0 l\u00f2ng th\u01a1m th\u1ea3o \u0111\u1ebfn trao cho c\u00e1c em nh\u1ecf v\u00e0 c\u1ee5 gi\u00e0 c\u00f4 \u0111\u01a1n gi\u1eefa \u0111\u00eam giao th\u1eeba. Trong x\u00f3m tr\u1ecd ngh\u00e8o gi\u1eefa m\u00f9a Covid \u1edf h\u1ebbm nh\u1ecf S\u00e0i G\u00f2n, m\u00e1 con nh\u00e0 b\u00e9 R\u00f4 v\u1eabn vui \u0111\u00f3n M\u00f9a xu\u00e2n b\u00ean hi\u00ean nh\u00e0. T\u1ea1i khu v\u01b0\u1eddn n\u1ecd, c\u00f3 C\u00e2y b\u00e0ng b\u00e9 b\u1ecfng \u0111\u01b0\u1ee3m \u00e1nh tr\u0103ng xu\u00e2n tr\u1ed7i m\u1ea7m xanh. T\u1eeb b\u00ean kia b\u1edd Th\u00e1i B\u00ecnh D\u01b0\u01a1ng, C\u1eadu nh\u00f3c Andy \u201c\u1edf b\u1ec3n\u201d v\u1ec1 n\u01b0\u1edbc Vi\u1ec7t \u0103n T\u1ebft c\u00f9ng \u00f4ng b\u00e0 ngo\u1ea1 C\u00f2n nhi\u1ec1u \u0111i\u1ec1u th\u00fa v\u1ecb n\u1eefa, l\u1ea1 m\u00e0 quen, quen m\u00e0 l\u1ea1<\/p>\n<p>N\u0103m Nh\u00e2m D\u1ea7n \u2013 n\u0103m H\u1ed5, d\u0129 nhi\u00ean kh\u00f4ng th\u1ec3 v\u1eafng nh\u1eefng c\u00e2u chuy\u1ec7n v\u1ec1 con gi\u00e1p \u201cch\u00faa s\u01a1n l\u00e2m\u201d. Danh nh\u00e2n, ng\u01b0\u1eddi n\u1ed5i ti\u1ebfng tu\u1ed5i H\u1ed5, giai tho\u1ea1i, tr\u00f2 m\u00fa \u201cli\u00ean quan\u201d \u0111\u1ebfn \u00d4ng Ba M\u01b0\u01a1i? H\u00e3y \u0111\u1ecdc Chuy\u1ec7n v\u1ec1 \u00f4ng Phan Huy Ch\u00fa, Hoa T\u1ebft v\u1edbi nh\u00e0 th\u01a1, L\u00e0m v\u0103n \u0111u\u1ed5i h\u1ed5, H\u00ecnh t\u01b0\u1ee3ng H\u1ed4 trong truy\u1ec1n thuy\u1ebft v\u00e0 th\u1ea7n tho\u1ea1i, N\u0103m D\u1ea7n xem m\u00faa h\u1ed5<\/p>\n<p>Qua mi\u1ec1n T\u00e2y B\u1eafc, b\u1ea1n th\u0103m b\u1ea3n Th\u00e1i, theo ch\u00e2n b\u1ea7y tr\u1ebb \u0111i h\u00e1i l\u00e1 dong gi\u00fap \u1ea3i \u1ebfm g\u00f3i b\u00e1nh ch\u01b0ng v\u00e0 ch\u01a1i tung c\u00f2n; xu\u1ed1ng \u0111\u1ed3ng b\u1eb1ng B\u1eafc B\u1ed9 \u0102n no n\u1eb1m kh\u00e8o n\u00f3i chuy\u1ec7n h\u1ec1 ch\u00e8o ng\u00e0y xu\u00e2n; \u201cng\u1ed3i l\u00ean c\u1ed7 m\u00e1y th\u1eddi gian\u201d tr\u1edf l\u1ea1i \u0111\u1ea7u th\u1ebf k\u1ec9 20 d\u1ea1o b\u01b0\u1edbc Ng\u00e0y T\u1ebft \u1edf H\u00e0 Th\u00e0nh; v\u00f4 mi\u1ec7t v\u01b0\u1eddn s\u00f4ng n\u01b0\u1edbc ph\u01b0\u01a1ng Nam th\u01b0\u1edfng th\u1ee9c B\u00f4ng v\u1ea1n th\u1ecd v\u00e0 khay m\u1ee9t d\u1eeba ng\u1ecdt b\u00f9i b\u00e9o ng\u1eady; t\u1edbi tri\u1ec3n l\u00e3m Paris chi\u00eam ng\u01b0\u1ee1ng<\/p>\n<p>Nh\u1eefng b\u1ee9c tranh th\u1eafm t\u00ecnh xu\u00e2n c\u1ee7a h\u1ecda s\u0129 Mai Trung Th\u1ee9 v\u00e0 c\u00f9ng l\u1eafng nghe giai \u0111i\u1ec7u Nh\u1eefng c\u00e1nh \u00e9n l\u1ea5p l\u00e1nh c\u1ee7a m\u1ecdi tu\u1ed5i th\u01a1<\/p>\n<p>B\u1ea1n s\u1ebd \u0111\u1ecdc l\u1ea1i s\u00e1ng t\u00e1c c\u1ee7a Blake William, Ellen Robena Field, V\u00f5 Qu\u1ea3ng, Nguy\u1ec5n Th\u00e0nh Long. Th\u01b0\u1edfng th\u1ee9c trang vi\u1ebft m\u1edbi c\u1ee7a c\u00e1c t\u00e1c gi\u1ea3 th\u00e0nh danh: V\u00f5 Th\u1ecb Xu\u00e2n H\u00e0, Tr\u1ea7n Thanh C\u1ea3nh, L\u00ea Ph\u01b0\u01a1ng Li\u00ean, L\u00fd \u0110\u1ee3i\u2026Tr\u1edf v\u1ec1 th\u1ebf gi\u1edbi tr\u1ebb th\u01a1 c\u00f9ng nh\u1eefng c\u00e2y b\u00fat t\u00e0i n\u0103ng: L\u1eef Mai, Phan \u0110\u1ee9c L\u1ed9c, L\u00ea Th\u00e1i D\u0169ng, EPIC, Hu\u1ef3nh Mai Li\u00ean, T\u00f2ng V\u0103n H\u00e2n, L\u00ea Th\u00fay H\u00e0\u2026 G\u1eb7p c\u00e1c v\u1ecb kh\u00e1ch m\u1eddi \u0111\u1eb7c bi\u1ec7t: so\u1ea1n gi\u1ea3 Mai V\u0103n L\u1ea1ng, ngh\u1ec7 nh\u00e2n \u1ea9m th\u1ef1c \u0110o\u00e0n Thu Th\u1ee7y, nh\u00e0 b\u00e1o Ph\u1ea1m H\u1ed3ng Tuy\u1ebfn v\u00e0 \u201ch\u1ea1t v\u1eebng\u201d v\u0103n h\u1ecdc nh\u00ed ch\u00edn tu\u1ed5i Nguy\u1ec5n Tr\u1ea7n Thi\u1ec7n A<\/p>\n<p>B\u1eb1ng ng\u00f4n ng\u1eef ngh\u1ec7 thu\u1eadt m\u00e0u s\u1eafc, \u0111\u01b0\u1eddng n\u00e9t v\u00e0 h\u00ecnh kh\u1ed1i, c\u00e1c h\u1ecda s\u0129 Chu Linh Ho\u00e0ng, L\u00ea Minh Trang, V\u0169 Xu\u00e2n Ho\u00e0n, Nguy\u1ec5n Quang To\u00e0n, Xu\u00e2n Lan, Ho\u00e0ng Giang, Qu\u1ef3nh Chu, B\u1ea3o Anh, T\u1ea1 Lan H\u1ea1nh, L\u00ea Huy\u1ec1n Trang, F.Buffy, Khang L\u00ea, Ph\u1ea1m Ng\u1ecdc \u0110i\u1ec7p, Th\u00f9y Dung, T\u00fa Ng\u00f4, C\u1ea9m Anh, L\u00ea Rin, T\u1ea5t S\u1ef9\u2026 \u0111\u00e3 gi\u00fap cho m\u1ed7i b\u00e0i th\u01a1, truy\u1ec7n ng\u1eafn, t\u1ea3n v\u0103 trong NH\u00c2M NHI T\u00caT NH\u00c2M D\u1ea6N c\u00f3 th\u00eam \u201ch\u01a1i th\u1edf m\u00f9a xu\u00e2n\u201d v\u1edbi t\u00e2m h\u1ed3n s\u00e1ng trong v\u00e0 thu\u1ea7n h\u1eadu. C\u00f9ng nh\u1eefng minh h\u1ecda \u0111\u01b0\u1ee3m ch\u1ea5t d\u00e2n gian m\u00e0 hi\u1ec7n \u0111\u1ea1i, m\u1ed7i trang s\u00e1ch T\u1ebft l\u00e0 m\u1ed9t c\u00e1nh nh\u1ecf c\u1eeda \u1ea9n ch\u1ee9a nh\u1eefng \u0111i\u1ec1u \u01b0\u1edbc v\u00e0 b\u00ed m\u1eadt nho nh\u1ecf c\u1ee7a m\u00f9a xu\u00e2n<\/p>\n","protected":false},"excerpt":{"rendered":"<p>NH\u00c2M NHI T\u1ebeT NH\u00c2M D\u1ea6N l\u00e0 m\u00f3n qu\u00e0 c\u1ee7a Nh\u00e0 xu\u1ea5t b\u1ea3n Kim \u0110\u1ed3ng g\u1eedi \u0111\u1ebfn b\u1ea1n \u0111\u1ecdc c\u1ea3 n\u01b0\u1edbc v\u1edbi l\u1eddi ch\u00fac xu\u00e2n H\u1ea1nh ph\u00fac &#8211; An l\u00e0nh.<br \/>\nNH\u00c2M NHI T\u1ebeT NH\u00c2M D\u1ea6N l\u00e0 tuy\u1ec3n t\u1eadp v\u0103n &#8211; th\u01a1 &#8211; h\u1ecda c\u1ee7a nhi\u1ec1u t\u00e1c gi\u1ea3 n\u1ed5i ti\u1ebfng t\u00e2m huy\u1ebft d\u00e0nh nh\u1eefng trang vi\u1ebft \u0111\u1eb7c s\u1eafc nh\u1ea5t ch\u00e0o n\u0103m m\u1edbi \u2013 Nh\u00e2m D\u1ea7n.<\/p>\n<p>B\u00eca s\u00e1ch l\u00e0 b\u1ee9c tranh \u201cEm b\u00e9 v\u00e0 H\u1ed5\u201d c\u1ee7a h\u1ecda s\u0129 Th\u00e0nh Ch\u01b0\u01a1ng. V\u1edbi ch\u1ea5t li\u1ec7u m\u00e0u n\u01b0\u1edbc v\u00e0 c\u1eaft d\u00e1n h\u1ecda s\u0129 Th\u00e0nh Ch\u01b0\u01a1ng \u0111\u00e3 t\u1ea1o n\u00ean kh\u00f4ng kh\u00ed ng\u1ed9 ngh\u0129nh tr\u1ebb th\u01a1, s\u1ef1 kh\u1edfi \u0111\u1ea7u t\u01b0\u01a1i non c\u1ee7a m\u00f9a Xu\u00e2n v\u00e0 s\u1ef1 s\u00e2u l\u1eafng t\u1eeb c\u00e1ch \u0111i\u1ec7u d\u00e2n gian.<\/p>\n<p>M\u1ed9 ch\u00fang ta c\u00f9ng m\u1edf s\u00e1ch ra!<\/p>\n<p>\u0110\u00e2y, b\u1ea1n h\u00e3y c\u00f9ng N\u0103m M\u1edbi T\u00ed X\u00edu k\u00e9o chi\u1ebfc xe ch\u1edf \u0111\u1ea7y t\u00ecnh y\u00eau th\u01b0\u01a1ng v\u00e0 l\u00f2ng th\u01a1m th\u1ea3o \u0111\u1ebfn trao cho c\u00e1c em nh\u1ecf v\u00e0 c\u1ee5 gi\u00e0 c\u00f4 \u0111\u01a1n gi\u1eefa \u0111\u00eam giao th\u1eeba. Trong x\u00f3m tr\u1ecd ngh\u00e8o gi\u1eefa m\u00f9a Covid \u1edf h\u1ebbm nh\u1ecf S\u00e0i G\u00f2n, m\u00e1 con nh\u00e0 b\u00e9 R\u00f4 v\u1eabn vui \u0111\u00f3n M\u00f9a xu\u00e2n b\u00ean hi\u00ean nh\u00e0. T\u1ea1i khu v\u01b0\u1eddn n\u1ecd, c\u00f3 C\u00e2y b\u00e0ng b\u00e9 b\u1ecfng \u0111\u01b0\u1ee3m \u00e1nh tr\u0103ng xu\u00e2n tr\u1ed7i m\u1ea7m xanh. T\u1eeb b\u00ean kia b\u1edd Th\u00e1i B\u00ecnh D\u01b0\u01a1ng, C\u1eadu nh\u00f3c Andy \u201c\u1edf b\u1ec3n\u201d v\u1ec1 n\u01b0\u1edbc Vi\u1ec7t \u0103n T\u1ebft c\u00f9ng \u00f4ng b\u00e0 ngo\u1ea1 C\u00f2n nhi\u1ec1u \u0111i\u1ec1u th\u00fa v\u1ecb n\u1eefa, l\u1ea1 m\u00e0 quen, quen m\u00e0 l\u1ea1<\/p>\n<p>N\u0103m Nh\u00e2m D\u1ea7n \u2013 n\u0103m H\u1ed5, d\u0129 nhi\u00ean kh\u00f4ng th\u1ec3 v\u1eafng nh\u1eefng c\u00e2u chuy\u1ec7n v\u1ec1 con gi\u00e1p \u201cch\u00faa s\u01a1n l\u00e2m\u201d. Danh nh\u00e2n, ng\u01b0\u1eddi n\u1ed5i ti\u1ebfng tu\u1ed5i H\u1ed5, giai tho\u1ea1i, tr\u00f2 m\u00fa \u201cli\u00ean quan\u201d \u0111\u1ebfn \u00d4ng Ba M\u01b0\u01a1i? H\u00e3y \u0111\u1ecdc Chuy\u1ec7n v\u1ec1 \u00f4ng Phan Huy Ch\u00fa, Hoa T\u1ebft v\u1edbi nh\u00e0 th\u01a1, L\u00e0m v\u0103n \u0111u\u1ed5i h\u1ed5, H\u00ecnh t\u01b0\u1ee3ng H\u1ed4 trong truy\u1ec1n thuy\u1ebft v\u00e0 th\u1ea7n tho\u1ea1i, N\u0103m D\u1ea7n xem m\u00faa h\u1ed5<\/p>\n<p>Qua mi\u1ec1n T\u00e2y B\u1eafc, b\u1ea1n th\u0103m b\u1ea3n Th\u00e1i, theo ch\u00e2n b\u1ea7y tr\u1ebb \u0111i h\u00e1i l\u00e1 dong gi\u00fap \u1ea3i \u1ebfm g\u00f3i b\u00e1nh ch\u01b0ng v\u00e0 ch\u01a1i tung c\u00f2n; xu\u1ed1ng \u0111\u1ed3ng b\u1eb1ng B\u1eafc B\u1ed9 \u0102n no n\u1eb1m kh\u00e8o n\u00f3i chuy\u1ec7n h\u1ec1 ch\u00e8o ng\u00e0y xu\u00e2n; \u201cng\u1ed3i l\u00ean c\u1ed7 m\u00e1y th\u1eddi gian\u201d tr\u1edf l\u1ea1i \u0111\u1ea7u th\u1ebf k\u1ec9 20 d\u1ea1o b\u01b0\u1edbc Ng\u00e0y T\u1ebft \u1edf H\u00e0 Th\u00e0nh; v\u00f4 mi\u1ec7t v\u01b0\u1eddn s\u00f4ng n\u01b0\u1edbc ph\u01b0\u01a1ng Nam th\u01b0\u1edfng th\u1ee9c B\u00f4ng v\u1ea1n th\u1ecd v\u00e0 khay m\u1ee9t d\u1eeba ng\u1ecdt b\u00f9i b\u00e9o ng\u1eady; t\u1edbi tri\u1ec3n l\u00e3m Paris chi\u00eam ng\u01b0\u1ee1ng<\/p>\n<p>Nh\u1eefng b\u1ee9c tranh th\u1eafm t\u00ecnh xu\u00e2n c\u1ee7a h\u1ecda s\u0129 Mai Trung Th\u1ee9 v\u00e0 c\u00f9ng l\u1eafng nghe giai \u0111i\u1ec7u Nh\u1eefng c\u00e1nh \u00e9n l\u1ea5p l\u00e1nh c\u1ee7a m\u1ecdi tu\u1ed5i th\u01a1<\/p>\n<p>B\u1ea1n s\u1ebd \u0111\u1ecdc l\u1ea1i s\u00e1ng t\u00e1c c\u1ee7a Blake William, Ellen Robena Field, V\u00f5 Qu\u1ea3ng, Nguy\u1ec5n Th\u00e0nh Long. Th\u01b0\u1edfng th\u1ee9c trang vi\u1ebft m\u1edbi c\u1ee7a c\u00e1c t\u00e1c gi\u1ea3 th\u00e0nh danh: V\u00f5 Th\u1ecb Xu\u00e2n H\u00e0, Tr\u1ea7n Thanh C\u1ea3nh, L\u00ea Ph\u01b0\u01a1ng Li\u00ean, L\u00fd \u0110\u1ee3i\u2026Tr\u1edf v\u1ec1 th\u1ebf gi\u1edbi tr\u1ebb th\u01a1 c\u00f9ng nh\u1eefng c\u00e2y b\u00fat t\u00e0i n\u0103ng: L\u1eef Mai, Phan \u0110\u1ee9c L\u1ed9c, L\u00ea Th\u00e1i D\u0169ng, EPIC, Hu\u1ef3nh Mai Li\u00ean, T\u00f2ng V\u0103n H\u00e2n, L\u00ea Th\u00fay H\u00e0\u2026 G\u1eb7p c\u00e1c v\u1ecb kh\u00e1ch m\u1eddi \u0111\u1eb7c bi\u1ec7t: so\u1ea1n gi\u1ea3 Mai V\u0103n L\u1ea1ng, ngh\u1ec7 nh\u00e2n \u1ea9m th\u1ef1c \u0110o\u00e0n Thu Th\u1ee7y, nh\u00e0 b\u00e1o Ph\u1ea1m H\u1ed3ng Tuy\u1ebfn v\u00e0 \u201ch\u1ea1t v\u1eebng\u201d v\u0103n h\u1ecdc nh\u00ed ch\u00edn tu\u1ed5i Nguy\u1ec5n Tr\u1ea7n Thi\u1ec7n A<\/p>\n<p>B\u1eb1ng ng\u00f4n ng\u1eef ngh\u1ec7 thu\u1eadt m\u00e0u s\u1eafc, \u0111\u01b0\u1eddng n\u00e9t v\u00e0 h\u00ecnh kh\u1ed1i, c\u00e1c h\u1ecda s\u0129 Chu Linh Ho\u00e0ng, L\u00ea Minh Trang, V\u0169 Xu\u00e2n Ho\u00e0n, Nguy\u1ec5n Quang To\u00e0n, Xu\u00e2n Lan, Ho\u00e0ng Giang, Qu\u1ef3nh Chu, B\u1ea3o Anh, T\u1ea1 Lan H\u1ea1nh, L\u00ea Huy\u1ec1n Trang, F.Buffy, Khang L\u00ea, Ph\u1ea1m Ng\u1ecdc \u0110i\u1ec7p, Th\u00f9y Dung, T\u00fa Ng\u00f4, C\u1ea9m Anh, L\u00ea Rin, T\u1ea5t S\u1ef9\u2026 \u0111\u00e3 gi\u00fap cho m\u1ed7i b\u00e0i th\u01a1, truy\u1ec7n ng\u1eafn, t\u1ea3n v\u0103 trong NH\u00c2M NHI T\u00caT NH\u00c2M D\u1ea6N c\u00f3 th\u00eam \u201ch\u01a1i th\u1edf m\u00f9a xu\u00e2n\u201d v\u1edbi t\u00e2m h\u1ed3n s\u00e1ng trong v\u00e0 thu\u1ea7n h\u1eadu. C\u00f9ng nh\u1eefng minh h\u1ecda \u0111\u01b0\u1ee3m ch\u1ea5t d\u00e2n gian m\u00e0 hi\u1ec7n \u0111\u1ea1i, m\u1ed7i trang s\u00e1ch T\u1ebft l\u00e0 m\u1ed9t c\u00e1nh nh\u1ecf c\u1eeda \u1ea9n ch\u1ee9a nh\u1eefng \u0111i\u1ec1u \u01b0\u1edbc v\u00e0 b\u00ed m\u1eadt nho nh\u1ecf c\u1ee7a m\u00f9a xu\u00e2n<\/p>\n","protected":false},"featured_media":16837,"template":"","meta":{"_acf_changed":false},"product_brand":[],"product_cat":[25,17,71,26],"product_tag":[81],"class_list":{"0":"post-16840","1":"product","2":"type-product","3":"status-publish","4":"has-post-thumbnail","6":"product_cat-nhi-dong-6-tuoi-12-tuoi","7":"product_cat-sach-danh-cho-cac-be","8":"product_cat-sach-tre-em-thuan-viet","9":"product_cat-thieu-nien-11-tuoi-18-tuoi","10":"product_tag-sach-gia-uu-dai","12":"first","13":"outofstock","14":"sale","15":"featured","16":"taxable","17":"shipping-taxable","18":"purchasable","19":"product-type-simple"},"supplier_id":null,"supplier_sku":"","barcode":null,"atum_controlled":true,"out_stock_date":"2022-11-25 12:13:22","out_stock_threshold":null,"inheritable":false,"inbound_stock":0,"stock_on_hold":0,"sold_today":0,"sales_last_days":0,"reserved_stock":0,"customer_returns":0,"warehouse_damage":0,"lost_in_post":0,"other_logs":0,"out_stock_days":1160,"lost_sales":0,"has_location":false,"update_date":"2026-01-28T23:10:57","atum_locations":[],"atum_stock_status":"outofstock","restock_status":false,"low_stock_amount":"","sales_update_date":"2026-01-28T23:10:57","calc_backorders":null,"acf":{"publisher":{"ID":1454,"post_author":"1","post_date":"2021-02-17 01:11:34","post_date_gmt":"2021-02-16 23:11:34","post_content":"<!-- wp:flatsome\/uxbuilder -->\n<h1 style=\"text-align: center;\"><strong>Kim \u0110\u1ed3ng<\/strong><\/h1>\n[row]\n\n[col span=\"3\" span__sm=\"12\"]\n\n[ux_image id=\"1534\" image_size=\"medium\"]\n\n\n[\/col]\n[col span=\"9\" span__sm=\"12\"]\n\n<p>Nh\u00e0 xu\u1ea5t b\u1ea3n Kim \u0110\u1ed3ng tr\u1ef1c thu\u1ed9c Trung \u01b0\u01a1ng \u0110o\u00e0n TNCS H\u1ed3 Ch\u00ed Minh l\u00e0 Nh\u00e0 xu\u1ea5t b\u1ea3n t\u1ed5ng h\u1ee3p c\u00f3 ch\u1ee9c n\u0103ng xu\u1ea5t b\u1ea3n s\u00e1ch v\u00e0 v\u0103n h\u00f3a ph\u1ea9m ph\u1ee5c v\u1ee5 thi\u1ebfu nhi v\u00e0 c\u00e1c b\u1eadc ph\u1ee5 huynh trong c\u1ea3 n\u01b0\u1edbc, qu\u1ea3ng b\u00e1 v\u00e0 gi\u1edbi thi\u1ec7u v\u0103n h\u00f3a Vi\u1ec7t Nam ra th\u1ebf gi\u1edbi.<br \/>Nh\u00e0 xu\u1ea5t b\u1ea3n c\u00f3 nhi\u1ec7m v\u1ee5 t\u1ed5 ch\u1ee9c b\u1ea3n th\u1ea3o, bi\u00ean so\u1ea1n, bi\u00ean d\u1ecbch, xu\u1ea5t b\u1ea3n v\u00e0 ph\u00e1t h\u00e0nh c\u00e1c xu\u1ea5t b\u1ea3n ph\u1ea9m c\u00f3 n\u1ed9i dung: gi\u00e1o d\u1ee5c truy\u1ec1n th\u1ed1ng d\u00e2n t\u1ed9c, gi\u00e1o d\u1ee5c v\u1ec1 tri th\u1ee9c, ki\u1ebfn th\u1ee9c\u2026 tr\u00ean c\u00e1c l\u0129nh v\u1ef1c v\u0103n h\u1ecdc, ngh\u1ec7 thu\u1eadt, khoa h\u1ecdc k\u1ef9 thu\u1eadt nh\u1eb1m cung c\u1ea5p cho c\u00e1c em thi\u1ebfu nhi c\u0169ng nh\u01b0 c\u00e1c b\u1eadc ph\u1ee5 huynh c\u00e1c ki\u1ebfn th\u1ee9c c\u1ea7n thi\u1ebft trong cu\u1ed9c s\u1ed1ng, nh\u1eefng tinh hoa c\u1ee7a tri th\u1ee9c nh\u00e2n lo\u1ea1i nh\u1eb1m g\u00f3p ph\u1ea7n gi\u00e1o d\u1ee5c v\u00e0 h\u00ecnh th\u00e0nh nh\u00e2n c\u00e1ch th\u1ebf h\u1ec7 tr\u1ebb.<br \/>\u0110\u1ed1i t\u01b0\u1ee3ng ph\u1ee5c v\u1ee5 c\u1ee7a Nh\u00e0 xu\u1ea5t b\u1ea3n l\u00e0 c\u00e1c em t\u1eeb tu\u1ed5i nh\u00e0 tr\u1ebb m\u1eabu gi\u00e1o (1 \u0111\u1ebfn 5 tu\u1ed5i), nhi \u0111\u1ed3ng (6 \u0111\u1ebfn 9 tu\u1ed5i), thi\u1ebfu ni\u00ean (10 \u0111\u1ebfn 15 tu\u1ed5i) \u0111\u1ebfn c\u00e1c em tu\u1ed5i m\u1edbi l\u1edbn (16 \u0111\u1ebfn 18 tu\u1ed5i) v\u00e0 c\u00e1c b\u1eadc ph\u1ee5 huynh.<\/p>\n\n[\/col]\n\n[\/row]\n\n<!-- \/wp:flatsome\/uxbuilder -->","post_title":"Kim \u0110\u1ed3ng","post_excerpt":"","post_status":"publish","comment_status":"closed","ping_status":"closed","post_password":"","post_name":"kim-dong","to_ping":"","pinged":"","post_modified":"2021-02-17 01:31:56","post_modified_gmt":"2021-02-16 23:31:56","post_content_filtered":"","post_parent":0,"guid":"https:\/\/sachviet.eu\/nha-phat-hanh\/kim-dong\/","menu_order":0,"post_type":"publisher","post_mime_type":"","comment_count":"0","filter":"raw"}},"_links":{"self":[{"href":"https:\/\/sachviet.eu\/en\/wp-json\/wp\/v2\/product\/16840","targetHints":{"allow":["GET"]}}],"collection":[{"href":"https:\/\/sachviet.eu\/en\/wp-json\/wp\/v2\/product"}],"about":[{"href":"https:\/\/sachviet.eu\/en\/wp-json\/wp\/v2\/types\/product"}],"wp:featuredmedia":[{"embeddable":true,"href":"https:\/\/sachviet.eu\/en\/wp-json\/wp\/v2\/media\/16837"}],"wp:attachment":[{"href":"https:\/\/sachviet.eu\/en\/wp-json\/wp\/v2\/media?parent=16840"}],"wp:term":[{"taxonomy":"product_brand","embeddable":true,"href":"https:\/\/sachviet.eu\/en\/wp-json\/wp\/v2\/product_brand?post=16840"},{"taxonomy":"product_cat","embeddable":true,"href":"https:\/\/sachviet.eu\/en\/wp-json\/wp\/v2\/product_cat?post=16840"},{"taxonomy":"product_tag","embeddable":true,"href":"https:\/\/sachviet.eu\/en\/wp-json\/wp\/v2\/product_tag?post=16840"}],"curies":[{"name":"wp","href":"https:\/\/api.w.org\/{rel}","templated":true}]}}