{"id":16832,"date":"2022-01-27T21:48:09","date_gmt":"2022-01-27T19:48:09","guid":{"rendered":"https:\/\/sachviet.eu\/shop\/combo-5-tap-molly-milly-lilly-cau-chuyen-truong-thanh\/"},"modified":"2022-02-09T07:32:14","modified_gmt":"2022-02-09T05:32:14","slug":"combo-5-tap-molly-milly-lilly-cau-chuyen-truong-thanh","status":"publish","type":"product","link":"https:\/\/sachviet.eu\/en\/shop\/combo-5-tap-molly-milly-lilly-cau-chuyen-truong-thanh\/","title":{"rendered":"Combo 5 T\u1eadp: Molly, Milly, Lilly &#8211; C\u00e2u Chuy\u1ec7n Tr\u01b0\u1edfng Th\u00e0nh"},"content":{"rendered":"<p>Molly v\u00e0 Milly l\u00e0 hai nh\u00e2n v\u1eadt n\u1ed5i ti\u1ebfng \u0111\u01b0\u1ee3c &#8220;khai sinh&#8221; t\u1eeb lo\u1ea1t truy\u1ec7n c\u1ee7a ho\u1ea1 s\u0129 Gill Pittar ng\u01b0\u1eddi New Zealand. C\u00e2u chuy\u1ec7n v\u1ec1 hai c\u00f4 b\u00e9 c\u00f3 c\u00e1i t\u00ean g\u1ea7n gi\u1ed1ng nhau nh\u01b0ng kh\u00e1c m\u00e0u da, m\u00e0u t\u00f3c l\u00e0 nh\u1eefng b\u00e0i h\u1ecdc ng\u1ed9 ngh\u0129nh v\u1ec1 k\u1ef9 n\u0103ng s\u1ed1ng v\u00e0 k\u1ef9 n\u0103ng x\u00e3 h\u1ed9i. C\u00e2u chuy\u1ec7n \u0111\u00e3 \u0111\u01b0\u1ee3c d\u1ecbch ra r\u1ea5t nhi\u1ec1u ng\u00f4n ng\u1eef v\u00e0 chuy\u1ec3n th\u1ec3 th\u00e0nh phim ho\u1ea1t h\u00ecnh.<\/p>\n<p>Trong b\u1ed9 truy\u1ec7n m\u1edbi n\u00e0y. hai c\u00f4 b\u00e9 k\u1ebft b\u1ea1n v\u1edbi b\u00e9 g\u00e1i Lilly, v\u00e0 ti\u1ebfp t\u1ee5c nh\u1eefng c\u00e2u chuy\u1ec7n d\u1ec5 th\u01b0\u01a1ng, nh\u1eefng b\u00e0i h\u1ecdc tr\u01b0\u1edfng th\u00e0nh sinh \u0111\u1ed9ng \u0111\u1ea7y khoan dung v\u00e0 y\u00eau th\u01b0\u01a1ng trong m\u1ed9t th\u1ebf gi\u1edbi kh\u00f4ng c\u00f3 b\u1ea5t c\u1ee9 kho\u1ea3ng c\u00e1ch n\u00e0o.<\/p>\n","protected":false},"excerpt":{"rendered":"<p>Molly v\u00e0 Milly l\u00e0 hai nh\u00e2n v\u1eadt n\u1ed5i ti\u1ebfng \u0111\u01b0\u1ee3c &#8220;khai sinh&#8221; t\u1eeb lo\u1ea1t truy\u1ec7n c\u1ee7a ho\u1ea1 s\u0129 Gill Pittar ng\u01b0\u1eddi New Zealand. C\u00e2u chuy\u1ec7n v\u1ec1 hai c\u00f4 b\u00e9 c\u00f3 c\u00e1i t\u00ean g\u1ea7n gi\u1ed1ng nhau nh\u01b0ng kh\u00e1c m\u00e0u da, m\u00e0u t\u00f3c l\u00e0 nh\u1eefng b\u00e0i h\u1ecdc ng\u1ed9 ngh\u0129nh v\u1ec1 k\u1ef9 n\u0103ng s\u1ed1ng v\u00e0 k\u1ef9 n\u0103ng x\u00e3 h\u1ed9i. C\u00e2u chuy\u1ec7n \u0111\u00e3 \u0111\u01b0\u1ee3c d\u1ecbch ra r\u1ea5t nhi\u1ec1u ng\u00f4n ng\u1eef v\u00e0 chuy\u1ec3n th\u1ec3 th\u00e0nh phim ho\u1ea1t h\u00ecnh.<\/p>\n<p>Trong b\u1ed9 truy\u1ec7n m\u1edbi n\u00e0y. hai c\u00f4 b\u00e9 k\u1ebft b\u1ea1n v\u1edbi b\u00e9 g\u00e1i Lilly, v\u00e0 ti\u1ebfp t\u1ee5c nh\u1eefng c\u00e2u chuy\u1ec7n d\u1ec5 th\u01b0\u01a1ng, nh\u1eefng b\u00e0i h\u1ecdc tr\u01b0\u1edfng th\u00e0nh sinh \u0111\u1ed9ng \u0111\u1ea7y khoan dung v\u00e0 y\u00eau th\u01b0\u01a1ng trong m\u1ed9t th\u1ebf gi\u1edbi kh\u00f4ng c\u00f3 b\u1ea5t c\u1ee9 kho\u1ea3ng c\u00e1ch n\u00e0o.<\/p>\n","protected":false},"featured_media":16831,"template":"","meta":{"_acf_changed":false},"product_brand":[],"product_cat":[25,17,26],"product_tag":[],"class_list":{"0":"post-16832","1":"product","2":"type-product","3":"status-publish","4":"has-post-thumbnail","6":"product_cat-nhi-dong-6-tuoi-12-tuoi","7":"product_cat-sach-danh-cho-cac-be","8":"product_cat-thieu-nien-11-tuoi-18-tuoi","10":"first","11":"outofstock","12":"taxable","13":"shipping-taxable","14":"purchasable","15":"product-type-simple"},"supplier_id":null,"supplier_sku":"","barcode":null,"atum_controlled":true,"out_stock_date":"2022-02-09 03:32:15","out_stock_threshold":null,"inheritable":false,"inbound_stock":0,"stock_on_hold":0,"sold_today":0,"sales_last_days":0,"reserved_stock":0,"customer_returns":0,"warehouse_damage":0,"lost_in_post":0,"other_logs":0,"out_stock_days":1449,"lost_sales":0,"has_location":false,"update_date":"2026-01-28T23:10:57","atum_locations":[],"atum_stock_status":"outofstock","restock_status":false,"low_stock_amount":"","sales_update_date":"2026-01-28T23:10:57","calc_backorders":null,"acf":{"publisher":{"ID":1472,"post_author":"1","post_date":"2021-02-17 01:12:50","post_date_gmt":"2021-02-16 23:12:50","post_content":"","post_title":"Huy Ho\u00e0ng Bookstore","post_excerpt":"","post_status":"publish","comment_status":"closed","ping_status":"closed","post_password":"","post_name":"huy-hoang-bookstore","to_ping":"","pinged":"","post_modified":"2021-02-17 01:12:50","post_modified_gmt":"2021-02-16 23:12:50","post_content_filtered":"","post_parent":0,"guid":"https:\/\/sachviet.eu\/nha-phat-hanh\/huy-hoang-bookstore\/","menu_order":0,"post_type":"publisher","post_mime_type":"","comment_count":"0","filter":"raw"}},"_links":{"self":[{"href":"https:\/\/sachviet.eu\/en\/wp-json\/wp\/v2\/product\/16832","targetHints":{"allow":["GET"]}}],"collection":[{"href":"https:\/\/sachviet.eu\/en\/wp-json\/wp\/v2\/product"}],"about":[{"href":"https:\/\/sachviet.eu\/en\/wp-json\/wp\/v2\/types\/product"}],"wp:featuredmedia":[{"embeddable":true,"href":"https:\/\/sachviet.eu\/en\/wp-json\/wp\/v2\/media\/16831"}],"wp:attachment":[{"href":"https:\/\/sachviet.eu\/en\/wp-json\/wp\/v2\/media?parent=16832"}],"wp:term":[{"taxonomy":"product_brand","embeddable":true,"href":"https:\/\/sachviet.eu\/en\/wp-json\/wp\/v2\/product_brand?post=16832"},{"taxonomy":"product_cat","embeddable":true,"href":"https:\/\/sachviet.eu\/en\/wp-json\/wp\/v2\/product_cat?post=16832"},{"taxonomy":"product_tag","embeddable":true,"href":"https:\/\/sachviet.eu\/en\/wp-json\/wp\/v2\/product_tag?post=16832"}],"curies":[{"name":"wp","href":"https:\/\/api.w.org\/{rel}","templated":true}]}}